{"id":3768,"date":"2013-11-27T14:19:01","date_gmt":"2013-11-27T12:19:01","guid":{"rendered":"https:\/\/konferenztechnik.de\/?page_id=3768"},"modified":"2023-09-27T11:58:03","modified_gmt":"2023-09-27T09:58:03","slug":"%d0%b2%d0%b0%d0%bd%d0%b0%d0%b4%d1%96%d0%b9-i3","status":"publish","type":"page","link":"https:\/\/konferenztechnik.de\/uk\/%d0%b4%d0%b8%d1%81%d1%82%d1%80%d0%b8%d0%b1%d1%83%d1%86%d1%96%d1%8f-%d0%ba%d0%be%d0%bd%d1%84%d0%b5%d1%80%d0%b5%d0%bd%d1%86-%d1%82%d0%b0-%d0%b0%d1%83%d0%b4%d1%96%d0%be-%d0%bc%d0%b5%d0%b4%d1%96%d0%b0\/%d0%b2%d0%b0%d0%bd%d0%b0%d0%b4%d1%96%d0%b9-i3\/","title":{"rendered":"\u0412\u0430\u043d\u0430\u0434\u0456\u0439 i3"},"content":{"rendered":"<p>[column size=\"2-3\u2033 last=\"0\u2033]<\/p>\n<h1>\u0406\u043d\u0442\u0435\u0440\u0430\u043a\u0442\u0438\u0432\u043d\u0435 \u043d\u0430\u0432\u0447\u0430\u043d\u043d\u044f, \u0440\u043e\u0431\u043e\u0442\u0430, \u043f\u0440\u0435\u0437\u0435\u043d\u0442\u0430\u0446\u0456\u0457<\/h1>\n<p>Vanerum \u0441\u043f\u0435\u0446\u0456\u0430\u043b\u0456\u0437\u0443\u0454\u0442\u044c\u0441\u044f \u043d\u0430 \u043d\u0430\u0432\u0447\u0430\u043b\u044c\u043d\u0438\u0445 \u043c\u0435\u0431\u043b\u044f\u0445 \u0437 \u0411\u0435\u043b\u044c\u0433\u0456\u0457. PCS \u0440\u043e\u0437\u043f\u043e\u0432\u0441\u044e\u0434\u0436\u0443\u0454 \u0456\u043d\u0442\u0435\u0440\u0430\u043a\u0442\u0438\u0432\u043d\u0456 \u043a\u043e\u043c\u0443\u043d\u0456\u043a\u0430\u0446\u0456\u0439\u043d\u0456 \u0440\u0456\u0448\u0435\u043d\u043d\u044f, \u0432\u043a\u043b\u044e\u0447\u0430\u044e\u0447\u0438 \u0432\u0456\u0434\u043f\u043e\u0432\u0456\u0434\u043d\u0456 \u043f\u043b\u0435\u0454\u0440\u0438 \u0442\u0430 \u043f\u0435\u0440\u0438\u0444\u0435\u0440\u0456\u0439\u043d\u0456 \u043f\u0440\u0438\u0441\u0442\u0440\u043e\u0457.<br \/>\n\u041c\u0438 \u043f\u0440\u043e\u043f\u043e\u043d\u0443\u0454\u043c\u043e \u0432\u0430\u043c \u043f\u0435\u0440\u0448\u043e\u043a\u043b\u0430\u0441\u043d\u0456 \u0456\u043d\u0442\u0435\u0440\u0430\u043a\u0442\u0438\u0432\u043d\u0456 \u043f\u0440\u0435\u0437\u0435\u043d\u0442\u0430\u0446\u0456\u0439\u043d\u0456 \u0441\u0438\u0441\u0442\u0435\u043c\u0438 \u0437\u0430 \u043d\u0435\u043f\u0435\u0440\u0435\u0432\u0435\u0440\u0448\u0435\u043d\u0438\u043c\u0438 \u0446\u0456\u043d\u0430\u043c\u0438, \u0437 \u043d\u0430\u0439\u0432\u0438\u0449\u0438\u043c \u0440\u0456\u0432\u043d\u0435\u043c \u044f\u043a\u043e\u0441\u0442\u0456 \u0432\u0438\u0433\u043e\u0442\u043e\u0432\u043b\u0435\u043d\u043d\u044f, \u043f\u0440\u0438\u0434\u0430\u0442\u043d\u0456 \u0434\u043b\u044f \u0449\u043e\u0434\u0435\u043d\u043d\u043e\u0433\u043e \u0432\u0438\u043a\u043e\u0440\u0438\u0441\u0442\u0430\u043d\u043d\u044f \u0442\u0430 \u0433\u0430\u0440\u043c\u043e\u043d\u0456\u0439\u043d\u043e\u0433\u043e \u0437\u0430\u0441\u0442\u043e\u0441\u0443\u0432\u0430\u043d\u043d\u044f. \u0420\u043e\u0434\u0437\u0438\u043d\u043a\u0430 \u043d\u0435 \u043b\u0438\u0448\u0435 \u0434\u043b\u044f \u0448\u043a\u0456\u043b \u0442\u0430 \u0443\u043d\u0456\u0432\u0435\u0440\u0441\u0438\u0442\u0435\u0442\u0456\u0432.<\/p>\n<p>[\/column]<\/p>\n<p>[column size=\"1-3\u2033 last=\"1\u2033]<\/p>\n<div style=\"padding-top:60px;\">\n<img decoding=\"async\" class=\"alignright size-full wp-image-3771\" alt=\"\u041b\u043e\u0433\u043e\u0442\u0438\u043f Vanerum i3\" src=\"https:\/\/konferenztechnik.de\/wp-content\/uploads\/2013\/11\/vanerum_i3_logo.jpg\" width=\"185\" height=\"208\" title=\"\"><\/div>\n<p>[\/column]<\/p>\n<h4>\u0406\u043d\u0442\u0435\u0440\u0430\u043a\u0442\u0438\u0432\u043d\u0430 \u0434\u043e\u0448\u043a\u0430 \u0437 \u043f\u0440\u043e\u0435\u043a\u0442\u043e\u0440\u043e\u043c i3BOARD \u0432\u0456\u0434 Vanerum<\/h4>\n<p>[column size=\"2-3\u2033 last=\"0\u2033]<br \/>\n[tabs style=\"1\u2033]<br \/>\n[tab title=\"Pictures\"]<img fetchpriority=\"high\" decoding=\"async\" class=\"alignnone size-full wp-image-3791\" alt=\"Vanerum i3 BOARD\" src=\"https:\/\/konferenztechnik.de\/wp-content\/uploads\/2013\/11\/i3-von-vanerum-02small.jpg\" width=\"484\" height=\"389\" title=\"\" srcset=\"https:\/\/konferenztechnik.de\/wp-content\/uploads\/2013\/11\/i3-von-vanerum-02small.jpg 484w, https:\/\/konferenztechnik.de\/wp-content\/uploads\/2013\/11\/i3-von-vanerum-02small-300x241.jpg 300w\" sizes=\"(max-width: 484px) 100vw, 484px\" \/><br \/>\n[\/tab]<br \/>\n[tab title=\"\u041e\u0441\u043e\u0431\u043b\u0438\u0432\u043e\u0441\u0442\u0456\"]<\/p>\n<ul>\n<li>\u0411\u0430\u0433\u0430\u0442\u043e\u043a\u043e\u0440\u0438\u0441\u0442\u0443\u0432\u0430\u0446\u044c\u043a\u0430 \u0432\u0437\u0430\u0454\u043c\u043e\u0434\u0456\u044f \u0437 \u0434\u0435\u0441\u044f\u0442\u044c\u043c\u0430 \u043e\u0434\u043d\u043e\u0447\u0430\u0441\u043d\u0438\u043c\u0438 \u0434\u043e\u0442\u0438\u043a\u0430\u043c\u0438<\/li>\n<li>\u0412\u0432\u0435\u0434\u0435\u043d\u043d\u044f \u0437\u0430 \u0434\u043e\u043f\u043e\u043c\u043e\u0433\u043e\u044e \u0440\u0443\u0447\u043e\u043a \u0456 \u0434\u043e\u0442\u0438\u043a\u0456\u0432 \u043f\u0430\u043b\u044c\u0446\u0456\u0432<\/li>\n<li>\u0422\u043e\u0447\u043d\u0430 \u0442\u0430 \u043f\u0435\u0440\u0435\u0432\u0456\u0440\u0435\u043d\u0430 \u0441\u0435\u043d\u0441\u043e\u0440\u043d\u0430 \u0442\u0435\u0445\u043d\u043e\u043b\u043e\u0433\u0456\u044f V-Sense<\/li>\n<li>\u0443\u043b\u044c\u0442\u0440\u0430\u0442\u043e\u043d\u043a\u0430 \u0430\u043b\u044e\u043c\u0456\u043d\u0456\u0454\u0432\u0430 \u0440\u0430\u043c\u0430 24 \u043c\u043c<\/li>\n<li>\u041c\u0456\u0446\u043d\u0430 \u0435\u043c\u0430\u043b\u044c\u043e\u0432\u0430\u043d\u0430 \u0441\u0442\u0430\u043b\u0435\u0432\u0430 \u043f\u043e\u0432\u0435\u0440\u0445\u043d\u044f \u0437 \u0434\u043e\u0432\u0456\u0447\u043d\u043e\u044e \u0433\u0430\u0440\u0430\u043d\u0442\u0456\u0454\u044e<\/li>\n<li>\u041c\u043e\u0436\u043d\u0430 \u0432\u0438\u043a\u043e\u0440\u0438\u0441\u0442\u043e\u0432\u0443\u0432\u0430\u0442\u0438 \u0456\u0437 \u0441\u0443\u0445\u043e\u0441\u0442\u0438\u0440\u0430\u044e\u0447\u0438\u043c\u0438 \u043c\u0430\u0440\u043a\u0435\u0440\u0430\u043c\u0438 \u0434\u043b\u044f \u0434\u043e\u0448\u043e\u043a<\/li>\n<li>\u0412\u0438\u0441\u043e\u043a\u0430 \u0448\u0432\u0438\u0434\u043a\u0456\u0441\u0442\u044c \u0440\u0435\u0430\u0433\u0443\u0432\u0430\u043d\u043d\u044f<\/li>\n<li>\u0421\u0442\u0430\u043d\u0434\u0430\u0440\u0442\u043d\u0435 \u043d\u0430\u0441\u0442\u0456\u043d\u043d\u0435 \u043a\u0440\u0456\u043f\u043b\u0435\u043d\u043d\u044f \u0432 \u043a\u043e\u043c\u043f\u043b\u0435\u043a\u0442\u0456<\/li>\n<li>\u041d\u0435 \u0437\u0430\u043b\u0435\u0436\u0438\u0442\u044c \u0432\u0456\u0434 \u043e\u043f\u0435\u0440\u0430\u0446\u0456\u0439\u043d\u043e\u0457 \u0441\u0438\u0441\u0442\u0435\u043c\u0438, \u0456\u0434\u0435\u0430\u043b\u044c\u043d\u043e \u043f\u0456\u0434\u0445\u043e\u0434\u0438\u0442\u044c \u0434\u043b\u044f \u0432\u0438\u043a\u043e\u0440\u0438\u0441\u0442\u0430\u043d\u043d\u044f \u0437 \u0431\u0443\u0434\u044c-\u044f\u043a\u0438\u043c \u043d\u0430\u0432\u0447\u0430\u043b\u044c\u043d\u0438\u043c \u043f\u0440\u043e\u0433\u0440\u0430\u043c\u043d\u0438\u043c \u0437\u0430\u0431\u0435\u0437\u043f\u0435\u0447\u0435\u043d\u043d\u044f\u043c<\/li>\n<li>\u041f\u0438\u043b\u043e\u0437\u0430\u0445\u0438\u0449\u0435\u043d\u0430 \u0441\u0435\u043d\u0441\u043e\u0440\u043d\u0430 \u0442\u0435\u0445\u043d\u043e\u043b\u043e\u0433\u0456\u044f V-Sense<\/li>\n<li>\u0410\u0432\u0442\u043e\u043c\u0430\u0442\u0438\u0447\u043d\u0435 \u0432\u0438\u044f\u0432\u043b\u0435\u043d\u043d\u044f \u0434\u0436\u0435\u0440\u0435\u043b\u0430<\/li>\n<li>\u0422\u0440\u0438\u0432\u0430\u043b\u0438\u0439 \u0442\u0435\u0440\u043c\u0456\u043d \u0441\u043b\u0443\u0436\u0431\u0438 \u043b\u0430\u043c\u043f\u0438 \u043f\u0440\u043e\u0435\u043a\u0442\u043e\u0440\u0430<\/li>\n<\/ul>\n<p>[\/tab]<br \/>\n[tab title=\"\u0422\u0435\u0445\u043d\u0456\u0447\u043d\u0456 \u043e\u0441\u043e\u0431\u043b\u0438\u0432\u043e\u0441\u0442\u0456\"]<\/p>\n<ul>\n<li>\u0421\u043f\u0456\u0432\u0432\u0456\u0434\u043d\u043e\u0448\u0435\u043d\u043d\u044f \u0441\u0442\u043e\u0440\u0456\u043d: 4:3<\/li>\n<li>\u0420\u043e\u0437\u0434\u0456\u043b\u044c\u043d\u0430 \u0437\u0434\u0430\u0442\u043d\u0456\u0441\u0442\u044c: 32,767 \u00d7 32,767<\/li>\n<li>\u0420\u043e\u0437\u043c\u0456\u0440\u0438 i3BOARD (77\u2033): \u0412\/\u0428\/\u0414 122,2 x 161,3 x 3,5 \u0441\u043c<\/li>\n<li>\u0420\u043e\u0437\u043c\u0456\u0440\u0438 \u0430\u043a\u0442\u0438\u0432\u043d\u043e\u0457 \u0437\u043e\u043d\u0438: 117,2 x 156,3 \u0441\u043c<\/li>\n<li>\u041f\u043e\u0432\u0435\u0440\u0445\u043d\u044f \u0434\u043b\u044f \u043f\u0438\u0441\u044c\u043c\u0430: \u0431\u0456\u043b\u0430, \u0435\u043c\u0430\u043b\u044c\u043e\u0432\u0430\u043d\u0430 \u0441\u0442\u0430\u043b\u044c, \u043d\u0435\u0432\u0456\u0434\u0431\u043b\u0438\u0441\u043a\u0443\u044e\u0447\u0430<\/li>\n<li>\u0421\u0435\u043d\u0441\u043e\u0440\u043d\u0430 \u0442\u0435\u0445\u043d\u043e\u043b\u043e\u0433\u0456\u044f: V-Sense Multi<\/li>\n<li>\u0406\u043d\u0442\u0435\u0440\u0444\u0435\u0439\u0441 USB 2.0 \u0430\u0431\u043e \u0432\u0438\u0449\u0435<\/li>\n<li>\u0415\u043d\u0435\u0440\u0433\u043e\u0441\u043f\u043e\u0436\u0438\u0432\u0430\u043d\u043d\u044f \u2264 400 \u043c\u0410<\/li>\n<li>\u041f\u0440\u043e\u0435\u043a\u0442\u043e\u0440 2 800 \u043b\u044e\u043c\u0435\u043d<\/li>\n<li>WXGA 1,280 x 800<\/li>\n<li>\u0406\u043d\u0442\u0435\u0440\u0430\u043a\u0442\u0438\u0432\u043d\u0438\u0439 \u0434\u0456\u0430\u043f\u0430\u0437\u043e\u043d: \u0434\u0456\u0430\u0433\u043e\u043d\u0430\u043b\u044c \u0432\u0456\u0434 75\u2033 \u0434\u043e 115\u2033<\/li>\n<li>\u0410\u0432\u0442\u043e\u043c\u0430\u0442\u0438\u0447\u043d\u0435 \u0432\u0438\u044f\u0432\u043b\u0435\u043d\u043d\u044f \u0434\u0436\u0435\u0440\u0435\u043b\u0430<\/li>\n<li>\u0422\u0435\u0440\u043c\u0456\u043d \u0441\u043b\u0443\u0436\u0431\u0438 \u043b\u0430\u043c\u043f\u0438 \u043f\u0440\u043e\u0435\u043a\u0442\u043e\u0440\u0430: 5 000 \u0433\u043e\u0434\u0438\u043d (\u0432 \u0435\u043a\u043e\u0440\u0435\u0436\u0438\u043c\u0456)<\/li>\n<\/ul>\n<p>[\/tab]<br \/>\n[\/tabs]<br \/>\n[\/column]<\/p>\n<p>[column size=\"1-3\u2033 last=\"1\u2033]<br \/>\n[spacer size=\"40\u2033]<\/p>\n<p>\u0423 \u043f\u043e\u0440\u0456\u0432\u043d\u044f\u043d\u043d\u0456 \u0437 \u0442\u0440\u0430\u0434\u0438\u0446\u0456\u0439\u043d\u0438\u043c\u0438 \u0434\u043e\u0448\u043a\u0430\u043c\u0438, i3BOARD \u043c\u043e\u0436\u0435 \u043f\u043e\u0445\u0432\u0430\u043b\u0438\u0442\u0438\u0441\u044f \u0434\u0435\u044f\u043a\u0438\u043c\u0438 \u0443\u043d\u0456\u043a\u0430\u043b\u044c\u043d\u0438\u043c\u0438 \u0444\u0443\u043d\u043a\u0446\u0456\u044f\u043c\u0438. \u041d\u0430 \u0434\u043e\u0434\u0430\u0442\u043e\u043a \u0434\u043e \u0441\u0435\u043d\u0441\u043e\u0440\u043d\u043e\u0433\u043e \u0432\u0432\u0435\u0434\u0435\u043d\u043d\u044f \u0440\u0443\u0447\u043a\u043e\u044e \u0456 \u043f\u0430\u043b\u044c\u0446\u0435\u043c, \u0442\u043e\u0447\u043d\u0430 \u0456 \u043f\u0435\u0440\u0435\u0432\u0456\u0440\u0435\u043d\u0430 \u0442\u0435\u0445\u043d\u043e\u043b\u043e\u0433\u0456\u044f \u0441\u0435\u043d\u0441\u043e\u0440\u043d\u043e\u0433\u043e \u0432\u0432\u0435\u0434\u0435\u043d\u043d\u044f V-Sense \u0434\u043e\u0437\u0432\u043e\u043b\u044f\u0454 \u0432\u0437\u0430\u0454\u043c\u043e\u0434\u0456\u044f\u0442\u0438 \u0434\u0435\u043a\u0456\u043b\u044c\u043a\u043e\u043c \u043a\u043e\u0440\u0438\u0441\u0442\u0443\u0432\u0430\u0447\u0430\u043c.<\/p>\n<p>\u0423\u043b\u044c\u0442\u0440\u0430\u0442\u043e\u043d\u043a\u0438\u0439 \u0430\u043b\u044e\u043c\u0456\u043d\u0456\u0454\u0432\u0438\u0439 \u043a\u043e\u0440\u043f\u0443\u0441 \u043d\u0430\u0434\u0430\u0454 i3BOARD \u0432\u0438\u0442\u043e\u043d\u0447\u0435\u043d\u0438\u0439 \u0437\u043e\u0432\u043d\u0456\u0448\u043d\u0456\u0439 \u0432\u0438\u0433\u043b\u044f\u0434, \u043f\u043e\u043b\u0435\u0433\u0448\u0443\u0454 \u043e\u0431\u0441\u043b\u0443\u0433\u043e\u0432\u0443\u0432\u0430\u043d\u043d\u044f \u0456 \u0437\u043d\u0438\u0436\u0443\u0454 \u0437\u0430\u0433\u0430\u043b\u044c\u043d\u0443 \u0432\u0430\u0440\u0442\u0456\u0441\u0442\u044c \u0432\u043e\u043b\u043e\u0434\u0456\u043d\u043d\u044f.<\/p>\n<p>[\/column]<\/p>\n<p>[spacer size=\"20\u2033]<\/p>\n<h4>\u0406\u043d\u0442\u0435\u0440\u0430\u043a\u0442\u0438\u0432\u043d\u0438\u0439 \u0434\u0438\u0441\u043f\u043b\u0435\u0439 \u0437 i3TOUCH<\/h4>\n<p>[column size=\"2-3\u2033 last=\"0\u2033]<br \/>\n[tabs style=\"1\u2033]<br \/>\n[tab title=\"Pictures\"]<img decoding=\"async\" src=\"https:\/\/konferenztechnik.de\/wp-content\/uploads\/2013\/11\/11123515-standard.jpg\" alt=\"\u0414\u043e\u0448\u043a\u0430 Vanerum i3\" width=\"665\" height=\"441\" class=\"alignleft size-full wp-image-4344\" title=\"\" srcset=\"https:\/\/konferenztechnik.de\/wp-content\/uploads\/2013\/11\/11123515-standard.jpg 665w, https:\/\/konferenztechnik.de\/wp-content\/uploads\/2013\/11\/11123515-standard-300x199.jpg 300w\" sizes=\"(max-width: 665px) 100vw, 665px\" \/><br \/>\n[\/tab]<br \/>\n[tab title=\"\u041e\u0441\u043e\u0431\u043b\u0438\u0432\u043e\u0441\u0442\u0456\"]<\/p>\n<ul>\n<li>\u0414\u0432\u043e\u0454 \u043b\u044e\u0434\u0435\u0439 \u043c\u043e\u0436\u0443\u0442\u044c \u043e\u0434\u043d\u043e\u0447\u0430\u0441\u043d\u043e \u043f\u0438\u0441\u0430\u0442\u0438, \u043c\u0430\u043b\u044e\u0432\u0430\u0442\u0438 \u0430\u0431\u043e \u0432\u0437\u0430\u0454\u043c\u043e\u0434\u0456\u044f\u0442\u0438 \u0437 \u043a\u043e\u043d\u0442\u0435\u043d\u0442\u043e\u043c \u0437\u0430 \u0434\u043e\u043f\u043e\u043c\u043e\u0433\u043e\u044e \u043f\u0430\u043b\u044c\u0446\u0456\u0432 \u0430\u0431\u043e \u043f\u0435\u0440\u0430<\/li>\n<li>\u0427\u0443\u0434\u043e\u0432\u0435 \u0437\u043e\u0431\u0440\u0430\u0436\u0435\u043d\u043d\u044f \u0442\u0430 \u0442\u043e\u0447\u043d\u0438\u0439 \u0434\u043e\u0442\u0438\u043a \u0437\u0430\u0432\u0434\u044f\u043a\u0438 \u0431\u0435\u0437\u0442\u0456\u043d\u044c\u043e\u0432\u0456\u0439 \u043f\u043e\u0432\u0435\u0440\u0445\u043d\u0456<\/li>\n<li>\u0414\u0430\u0442\u0447\u0438\u043a \u043f\u0440\u0438\u0441\u0443\u0442\u043d\u043e\u0441\u0442\u0456 \u0435\u043a\u043e\u043d\u043e\u043c\u0438\u0442\u044c \u0435\u043d\u0435\u0440\u0433\u0456\u044e \u0442\u0430 \u043f\u043e\u0434\u043e\u0432\u0436\u0443\u0454 \u0442\u0435\u0440\u043c\u0456\u043d \u0441\u043b\u0443\u0436\u0431\u0438 \u0434\u0438\u0441\u043f\u043b\u0435\u044f<\/li>\n<li>\u0406\u043d\u0442\u0435\u0440\u0430\u043a\u0442\u0438\u0432\u043d\u0438\u0439 \u0434\u0438\u0441\u043f\u043b\u0435\u0439 Overlay \u043f\u043e\u0454\u0434\u043d\u0443\u0454 \u0432 \u0441\u043e\u0431\u0456 \u0444\u0443\u043d\u043a\u0446\u0456\u0457 \u0441\u0435\u043d\u0441\u043e\u0440\u043d\u043e\u0433\u043e \u0435\u043a\u0440\u0430\u043d\u0443 \u0437 \u043f\u0435\u0440\u0435\u0432\u0430\u0433\u0430\u043c\u0438 \u043f\u043b\u043e\u0441\u043a\u0438\u0445 \u0435\u043a\u0440\u0430\u043d\u0456\u0432<\/li>\n<li>\u0414\u043e\u0434\u0430\u0442\u043a\u043e\u0432\u0430 \u043c\u043e\u0431\u0456\u043b\u044c\u043d\u0430 \u043f\u0456\u0434\u043b\u043e\u0433\u043e\u0432\u0430 \u043f\u0456\u0434\u0441\u0442\u0430\u0432\u043a\u0430 SMART<\/li>\n<\/ul>\n<p>[\/tab]<br \/>\n[tab title=\"\u0422\u0435\u0445\u043d\u0456\u0447\u043d\u0456 \u043e\u0441\u043e\u0431\u043b\u0438\u0432\u043e\u0441\u0442\u0456\"]<\/p>\n<ul>\n<li>\u0420\u041a-\u0434\u0438\u0441\u043f\u043b\u0435\u0439 \u0432\u0438\u0441\u043e\u043a\u043e\u0457 \u0447\u0456\u0442\u043a\u043e\u0441\u0442\u0456<\/li>\n<li>Dual Touch<\/li>\n<li>\u0414\u043e\u0441\u0442\u0443\u043f\u043d\u0456 \u0440\u043e\u0437\u043c\u0456\u0440\u0438: 133 x 82 x 9,3 \u0441\u043c \u0442\u0430 168,5 x 103,8 x 25 \u0441\u043c<\/li>\n<li>\u0421\u043f\u0456\u0432\u0432\u0456\u0434\u043d\u043e\u0448\u0435\u043d\u043d\u044f \u0441\u0442\u043e\u0440\u0456\u043d: 16:9<\/li>\n<\/ul>\n<p>[\/tab]<br \/>\n[\/tabs]<br \/>\n[\/column]<\/p>\n<p>[column size=\"1-3\u2033 last=\"1\u2033]<br \/>\n[spacer size=\"40\u2033]<\/p>\n<p>\u041f\u043e\u0454\u0434\u043d\u0443\u0439\u0442\u0435 \u0441\u0435\u043d\u0441\u043e\u0440\u043d\u0456 \u0444\u0443\u043d\u043a\u0446\u0456\u0457 \u0456\u043d\u0442\u0435\u0440\u0430\u043a\u0442\u0438\u0432\u043d\u043e\u0457 \u0434\u043e\u0448\u043a\u0438 \u0437 \u0447\u0456\u0442\u043a\u0438\u043c \u0437\u043e\u0431\u0440\u0430\u0436\u0435\u043d\u043d\u044f\u043c \u043d\u0430 \u043f\u043b\u043e\u0441\u043a\u043e\u043c\u0443 \u0435\u043a\u0440\u0430\u043d\u0456.<\/p>\n<p>\u0406\u043d\u0442\u0435\u0440\u0430\u043a\u0442\u0438\u0432\u043d\u0438\u0439 \u0434\u0438\u0441\u043f\u043b\u0435\u0439 8070i \u043f\u0440\u043e\u043f\u043e\u043d\u0443\u0454 \u043f\u043e\u0432\u043d\u0456\u0441\u0442\u044e \u0456\u043d\u0442\u0435\u0433\u0440\u043e\u0432\u0430\u043d\u0435 \u0440\u0456\u0448\u0435\u043d\u043d\u044f.<\/p>\n<p>[\/column]<\/p>\n<p>[spacer size=\"20\u2033]<\/p>\n<h4>\u0412\u0438\u0441\u043e\u043a\u043e\u043a\u043b\u0430\u0441\u043d\u0438\u0439 \u043f\u0443\u0431\u043b\u0456\u0447\u043d\u0438\u0439 \u0434\u0438\u0441\u043f\u043b\u0435\u0439 \u0437 i3TOUCH<\/h4>\n<p>[column size=\"2-3\u2033 last=\"0\u2033]<br \/>\n[tabs style=\"1\u2033]<br \/>\n[tab title=\"Pictures\"]<img loading=\"lazy\" decoding=\"async\" class=\"alignnone size-full wp-image-3801\" alt=\"i3-from-vanerum-04small\" src=\"https:\/\/konferenztechnik.de\/wp-content\/uploads\/2013\/11\/i3-von-vanerum-04small.jpg\" width=\"608\" height=\"382\" title=\"\" srcset=\"https:\/\/konferenztechnik.de\/wp-content\/uploads\/2013\/11\/i3-von-vanerum-04small.jpg 608w, https:\/\/konferenztechnik.de\/wp-content\/uploads\/2013\/11\/i3-von-vanerum-04small-300x188.jpg 300w\" sizes=\"(max-width: 608px) 100vw, 608px\" \/><br \/>\n[\/tab]<br \/>\n[tab title=\"\u041e\u0441\u043e\u0431\u043b\u0438\u0432\u043e\u0441\u0442\u0456\"]<\/p>\n<ul>\n<li>\u0411\u0435\u0437\u043a\u043e\u043c\u043f\u0440\u043e\u043c\u0456\u0441\u043d\u0430 \u043d\u0430\u0434\u0456\u0439\u043d\u0456\u0441\u0442\u044c<\/li>\n<li>\u041d\u0430\u0439\u0441\u0443\u0447\u0430\u0441\u043d\u0456\u0448\u0456 \u0456\u043d\u0442\u0435\u0440\u0444\u0435\u0439\u0441\u0438 DisplayPort \u0456 LAN<\/li>\n<li>\u041c\u0456\u043d\u0456\u043c\u0430\u043b\u044c\u043d\u0435 \u0435\u043d\u0435\u0440\u0433\u043e\u0441\u043f\u043e\u0436\u0438\u0432\u0430\u043d\u043d\u044f \u0437\u0430\u0432\u0434\u044f\u043a\u0438 \u0432\u0431\u0443\u0434\u043e\u0432\u0430\u043d\u0438\u043c \u0434\u0430\u0442\u0447\u0438\u043a\u0430\u043c \u043e\u0441\u0432\u0456\u0442\u043b\u0435\u043d\u043e\u0441\u0442\u0456<\/li>\n<li>\u0406\u0434\u0435\u0430\u043b\u044c\u043d\u0435 \u0440\u0456\u0448\u0435\u043d\u043d\u044f \u0434\u043b\u044f \u0446\u0438\u0444\u0440\u043e\u0432\u0438\u0445 \u0432\u0438\u0432\u0456\u0441\u043e\u043a \u0443 \u0440\u043e\u0437\u0434\u0440\u0456\u0431\u043d\u0456\u0439 \u0442\u043e\u0440\u0433\u0456\u0432\u043b\u0456, \u043a\u043e\u043d\u0444\u0435\u0440\u0435\u043d\u0446-\u0437\u0430\u043b\u0430\u0445, \u0432\u0456\u0434\u0435\u043e\u043a\u043e\u043d\u0444\u0435\u0440\u0435\u043d\u0446\u0456\u044f\u0445, \u0442\u0440\u0430\u043d\u0441\u043f\u043e\u0440\u0442\u0456 \u0442\u0430 \u0434\u043e\u0440\u043e\u0436\u043d\u044c\u043e\u043c\u0443 \u0440\u0443\u0441\u0456, \u0434\u0438\u0441\u043f\u0435\u0442\u0447\u0435\u0440\u0441\u044c\u043a\u0438\u0445 \u0442\u0430 \u0446\u0435\u043d\u0442\u0440\u0430\u0445 \u0443\u043f\u0440\u0430\u0432\u043b\u0456\u043d\u043d\u044f<\/li>\n<li>\u041f\u0456\u0434\u0442\u0440\u0438\u043c\u043a\u0430 DICOM \u0434\u043b\u044f \u043c\u0435\u0434\u0438\u0447\u043d\u0438\u0445 \u0437\u0430\u0441\u0442\u043e\u0441\u0443\u0432\u0430\u043d\u044c<\/li>\n<\/ul>\n<p>[\/tab]<br \/>\n[tab title=\"\u0422\u0435\u0445\u043d\u0456\u0447\u043d\u0456 \u043e\u0441\u043e\u0431\u043b\u0438\u0432\u043e\u0441\u0442\u0456\"]<\/p>\n<ul>\n<li>\u0420\u043e\u0437\u043c\u0456\u0440: \u0432\u0456\u0434 40 \u0434\u043e 82 \u0434\u044e\u0439\u043c\u0456\u0432<\/li>\n<li>\u041a\u043e\u043d\u0442\u0440\u0430\u0441\u0442\u043d\u0456\u0441\u0442\u044c: 2000:1, 3000:1, 3500:1<\/li>\n<li>\u0421\u043f\u043e\u0436\u0438\u0432\u0430\u043d\u0430 \u043f\u043e\u0442\u0443\u0436\u043d\u0456\u0441\u0442\u044c [\u0412\u0442]: \u0432\u0456\u0434 145 \u0434\u043e 680<\/li>\n<li>\u0421\u043f\u0456\u0432\u0432\u0456\u0434\u043d\u043e\u0448\u0435\u043d\u043d\u044f \u0441\u0442\u043e\u0440\u0456\u043d: 16:9<\/li>\n<li>\u0422\u0435\u0445\u043d\u043e\u043b\u043e\u0433\u0456\u044f \u043f\u0430\u043d\u0435\u043b\u0435\u0439: S-PVA<\/li>\n<li>\u042f\u0441\u043a\u0440\u0430\u0432\u0456\u0441\u0442\u044c [\u043a\u0434\/\u043c\u00b2]: 700<\/li>\n<li>\u0420\u043e\u0437\u0434\u0456\u043b\u044c\u043d\u0430 \u0437\u0434\u0430\u0442\u043d\u0456\u0441\u0442\u044c: 1,920 x 1,080<\/li>\n<li>\u041f\u0440\u043e\u0433\u0440\u0430\u043c\u043e\u0432\u0430\u043d\u0438\u0439 \u0434\u0430\u0442\u0447\u0438\u043a \u043e\u0441\u0432\u0456\u0442\u043b\u0435\u043d\u043e\u0441\u0442\u0456 \u0434\u043b\u044f \u043e\u043f\u0442\u0438\u043c\u0456\u0437\u0430\u0446\u0456\u0457 \u044f\u0441\u043a\u0440\u0430\u0432\u043e\u0441\u0442\u0456<\/li>\n<li>\u041f\u0440\u0456\u043e\u0440\u0438\u0442\u0435\u0442 \u0432\u0445\u043e\u0434\u0443, \u0432\u0438\u0437\u043d\u0430\u0447\u0435\u043d\u0438\u0439 \u043a\u043e\u0440\u0438\u0441\u0442\u0443\u0432\u0430\u0447\u0435\u043c<\/li>\n<li>\u041f\u0456\u0434\u0442\u0440\u0438\u043c\u043a\u0430 DICOM<\/li>\n<li>\u0423\u0434\u043e\u0441\u043a\u043e\u043d\u0430\u043b\u0435\u043d\u0435 \u043a\u0435\u0440\u0443\u0432\u0430\u043d\u043d\u044f \u0432\u0435\u043d\u0442\u0438\u043b\u044f\u0442\u043e\u0440\u043e\u043c<\/li>\n<li>\u0410\u043f\u0430\u0440\u0430\u0442\u043d\u0435 \u043a\u0430\u043b\u0456\u0431\u0440\u0443\u0432\u0430\u043d\u043d\u044f \u043a\u043e\u043b\u044c\u043e\u0440\u0443<\/li>\n<li>\u0406\u043d\u0442\u0435\u0440\u0444\u0435\u0439\u0441 RS232<\/li>\n<li>\u041c\u0430\u0442\u0440\u0438\u0447\u043d\u0430 \u043f\u0430\u043c'\u044f\u0442\u044c<\/li>\n<li>\u0428\u0432\u0438\u0434\u043a\u0430 \u0437\u043c\u0456\u043d\u0430 \u0432\u0445\u043e\u0434\u0443<\/li>\n<li>TileMatrix (10 x 10)<\/li>\n<li>\u0420\u0456\u0437\u043d\u043e\u043c\u0430\u043d\u0456\u0442\u043d\u0456 \u0432\u0430\u0440\u0456\u0430\u043d\u0442\u0438 \"\u043a\u0430\u0440\u0442\u0438\u043d\u043a\u0430 \u0432 \u043a\u0430\u0440\u0442\u0438\u043d\u0446\u0456<\/li>\n<li>\u041f\u043b\u0430\u043d\u0443\u0432\u0430\u043b\u044c\u043d\u0438\u043a<\/li>\n<\/ul>\n<p>[\/tab]<br \/>\n[\/tabs]<br \/>\n[\/column]<\/p>\n<p>[column size=\"1-3\u2033 last=\"1\u2033]<br \/>\n[spacer size=\"40\u2033]<\/p>\n<p>\u0421\u0435\u043d\u0441\u043e\u0440\u043d\u0438\u0439 \u0435\u043a\u0440\u0430\u043d i3TOUCH LCD \u0437\u0430\u0431\u0435\u0437\u043f\u0435\u0447\u0443\u0454 \u043a\u0440\u0438\u0448\u0442\u0430\u043b\u0435\u0432\u043e \u0447\u0438\u0441\u0442\u0435 \u0437\u043e\u0431\u0440\u0430\u0436\u0435\u043d\u043d\u044f \u0437 \u0432\u0438\u0441\u043e\u043a\u043e\u044e \u0440\u043e\u0437\u0434\u0456\u043b\u044c\u043d\u043e\u044e \u0437\u0434\u0430\u0442\u043d\u0456\u0441\u0442\u044e. \u0422\u0435\u0445\u043d\u043e\u043b\u043e\u0433\u0456\u0454\u044e \u043e\u043f\u0442\u0438\u0447\u043d\u043e\u0433\u043e \u0434\u043e\u0442\u0438\u043a\u0443 \u043c\u043e\u0436\u043d\u0430 \u043a\u0435\u0440\u0443\u0432\u0430\u0442\u0438 \u0437\u0430 \u0434\u043e\u043f\u043e\u043c\u043e\u0433\u043e\u044e \u043f\u0430\u043b\u044c\u0446\u044f \u0430\u0431\u043e \u0441\u0442\u0438\u043b\u0443\u0441\u0430, \u0456 \u0435\u043a\u0440\u0430\u043d \u0440\u0435\u0430\u0433\u0443\u0454 \u043c\u0438\u0442\u0442\u0454\u0432\u043e.<\/p>\n<p>\u0414\u0438\u0441\u043f\u043b\u0435\u0457 i3TOUCH \u043f\u0456\u0434\u0442\u0440\u0438\u043c\u0443\u044e\u0442\u044c \u0442\u0435\u0445\u043d\u043e\u043b\u043e\u0433\u0456\u044e \u043e\u043f\u0442\u0438\u0447\u043d\u043e\u0433\u043e \u0441\u0435\u043d\u0441\u043e\u0440\u0443, \u0449\u043e \u0433\u0430\u0440\u0430\u043d\u0442\u0443\u0454 \u043e\u0441\u043e\u0431\u043b\u0438\u0432\u043e \u0448\u0432\u0438\u0434\u043a\u0443 \u0456 \u0442\u043e\u0447\u043d\u0443 \u0440\u043e\u0431\u043e\u0442\u0443 \u0437 \u0456\u043d\u0442\u0435\u0440\u0430\u043a\u0442\u0438\u0432\u043d\u0438\u043c \u0435\u043a\u0440\u0430\u043d\u043e\u043c. \u0426\u0435 \u0440\u043e\u0431\u0438\u0442\u044c \u0457\u0445 \u0456\u0434\u0435\u0430\u043b\u044c\u043d\u0438\u043c \u0440\u0456\u0448\u0435\u043d\u043d\u044f\u043c \u0434\u043b\u044f \u0432\u0438\u043a\u043e\u0440\u0438\u0441\u0442\u0430\u043d\u043d\u044f \u0432 \u0448\u043a\u043e\u043b\u0430\u0445 \u0456 \u043a\u043b\u0430\u0441\u0430\u0445!<\/p>\n<p>[\/column]<\/p>\n<p>[spacer size=\"20\u2033]<\/p>","protected":false},"excerpt":{"rendered":"<p>[column size=&#8220;2-3&#8243; last=&#8220;0&#8243;] Interaktives Lernen, Arbeiten, Pr\u00e4sentieren Vanerum ist ein Spezialist f\u00fcr Schulungsm\u00f6bel aus Belgien. PCS vertreibt die interaktiven Kommunikationsl\u00f6sungen inklusive passenden Zuspielern und Peripherie. Wir bieten Ihnen interaktive Pr\u00e4sentationssysteme der Spitzenklasse zu unschlagbar g\u00fcnstigen Preisen, mit h\u00f6chstem Ma\u00df an Fertigungsqualit\u00e4t, Alltagstauglichkeit und harmonischer Anwendung. Ein H\u00f6hepunkt nicht nur f\u00fcr Schulen und Universit\u00e4ten. [\/column] [column [&hellip;]<\/p>","protected":false},"author":1,"featured_media":45482,"parent":3614,"menu_order":106,"comment_status":"closed","ping_status":"open","template":"","meta":{"_acf_changed":false,"footnotes":""},"class_list":["post-3768","page","type-page","status-publish","has-post-thumbnail","hentry"],"acf":[],"_links":{"self":[{"href":"https:\/\/konferenztechnik.de\/uk\/wp-json\/wp\/v2\/pages\/3768","targetHints":{"allow":["GET"]}}],"collection":[{"href":"https:\/\/konferenztechnik.de\/uk\/wp-json\/wp\/v2\/pages"}],"about":[{"href":"https:\/\/konferenztechnik.de\/uk\/wp-json\/wp\/v2\/types\/page"}],"author":[{"embeddable":true,"href":"https:\/\/konferenztechnik.de\/uk\/wp-json\/wp\/v2\/users\/1"}],"replies":[{"embeddable":true,"href":"https:\/\/konferenztechnik.de\/uk\/wp-json\/wp\/v2\/comments?post=3768"}],"version-history":[{"count":0,"href":"https:\/\/konferenztechnik.de\/uk\/wp-json\/wp\/v2\/pages\/3768\/revisions"}],"up":[{"embeddable":true,"href":"https:\/\/konferenztechnik.de\/uk\/wp-json\/wp\/v2\/pages\/3614"}],"wp:featuredmedia":[{"embeddable":true,"href":"https:\/\/konferenztechnik.de\/uk\/wp-json\/wp\/v2\/media\/45482"}],"wp:attachment":[{"href":"https:\/\/konferenztechnik.de\/uk\/wp-json\/wp\/v2\/media?parent=3768"}],"curies":[{"name":"wp","href":"https:\/\/api.w.org\/{rel}","templated":true}]}}