{"id":3858,"date":"2013-11-28T16:34:43","date_gmt":"2013-11-28T14:34:43","guid":{"rendered":"https:\/\/konferenztechnik.de\/?page_id=3858"},"modified":"2023-07-05T14:25:44","modified_gmt":"2023-07-05T12:25:44","slug":"%d0%ba%d1%80%d1%96%d0%bf%d0%bb%d0%b5%d0%bd%d0%bd%d1%8f-%d0%b4%d0%bb%d1%8f-%d0%b4%d0%b8%d1%81%d0%bf%d0%bb%d0%b5%d1%97%d0%b2-%d1%96-%d0%bf%d1%80%d0%be%d0%b5%d0%ba%d1%82%d0%be%d1%80%d1%96%d0%b2","status":"publish","type":"page","link":"https:\/\/konferenztechnik.de\/uk\/%d0%b4%d0%b8%d1%81%d1%82%d1%80%d0%b8%d0%b1%d1%83%d1%86%d1%96%d1%8f-%d0%ba%d0%be%d0%bd%d1%84%d0%b5%d1%80%d0%b5%d0%bd%d1%86-%d1%82%d0%b0-%d0%b0%d1%83%d0%b4%d1%96%d0%be-%d0%bc%d0%b5%d0%b4%d1%96%d0%b0\/%d0%ba%d1%80%d1%96%d0%bf%d0%bb%d0%b5%d0%bd%d0%bd%d1%8f-%d0%b4%d0%bb%d1%8f-%d0%b4%d0%b8%d1%81%d0%bf%d0%bb%d0%b5%d1%97%d0%b2-%d1%96-%d0%bf%d1%80%d0%be%d0%b5%d0%ba%d1%82%d0%be%d1%80%d1%96%d0%b2\/","title":{"rendered":"\u041a\u0440\u0456\u043f\u043b\u0435\u043d\u043d\u044f \u0434\u043b\u044f \u0434\u0438\u0441\u043f\u043b\u0435\u0457\u0432 \u0456 \u043f\u0440\u043e\u0435\u043a\u0442\u043e\u0440\u0456\u0432"},"content":{"rendered":"<h1>\u041a\u0440\u0456\u043f\u043b\u0435\u043d\u043d\u044f \u0434\u043b\u044f \u0434\u0438\u0441\u043f\u043b\u0435\u0457\u0432 \u0456 \u043f\u0440\u043e\u0435\u043a\u0442\u043e\u0440\u0456\u0432<\/h1>\n<p>\u041f\u0456\u0441\u043b\u044f \u043f\u0440\u0438\u0434\u0431\u0430\u043d\u043d\u044f \u043f\u0440\u043e\u0435\u043a\u0442\u043e\u0440\u0430 \u0430\u0431\u043e \u0434\u0438\u0441\u043f\u043b\u0435\u044f \u0432\u0438, \u0439\u043c\u043e\u0432\u0456\u0440\u043d\u043e, \u0437\u0430\u0434\u0430\u0441\u0442\u0435 \u0441\u043e\u0431\u0456 \u043e\u0434\u043d\u0435 \u0437 \u043d\u0430\u0441\u0442\u0443\u043f\u043d\u0438\u0445 \u043f\u0438\u0442\u0430\u043d\u044c<\/p>\n<ul>\n<li>\u042f\u043a \u0456 \u0434\u0435 \u0432\u0441\u0442\u0430\u043d\u043e\u0432\u0438\u0442\u0438 \u043f\u0440\u0438\u0441\u0442\u0440\u0456\u0439?<\/li>\n<li>\u0414\u0435 \u0437\u0431\u0435\u0440\u0456\u0433\u0430\u0442\u0438 \u0439\u043e\u0433\u043e, \u043a\u043e\u043b\u0438 \u0432\u0456\u043d \u043d\u0435 \u043f\u043e\u0442\u0440\u0456\u0431\u0435\u043d?<\/li>\n<li>\u042f\u043a \u044f \u043c\u043e\u0436\u0443 \u0437\u0430\u0445\u0438\u0441\u0442\u0438\u0442\u0438 \u0441\u0432\u0456\u0439 \u043f\u0440\u0438\u0441\u0442\u0440\u0456\u0439 \u0432\u0456\u0434 \u043a\u0440\u0430\u0434\u0456\u0436\u043a\u0438 \u0430\u0431\u043e \u043f\u043e\u0448\u043a\u043e\u0434\u0436\u0435\u043d\u043d\u044f?<\/li>\n<\/ul>\n<p>\u041c\u0438 \u043f\u0440\u043e\u043f\u043e\u043d\u0443\u0454\u043c\u043e \u0432\u0430\u043c \u0433\u043d\u0443\u0447\u043a\u0456 \u0442\u0430 \u043f\u0440\u043e\u0444\u0435\u0441\u0456\u0439\u043d\u0456 \u0440\u0456\u0448\u0435\u043d\u043d\u044f \u0434\u043b\u044f \u0456\u043d\u0441\u0442\u0430\u043b\u044f\u0446\u0456\u0457 \u0432\u0430\u0448\u0438\u0445 \u0432\u0456\u0434\u0435\u043e\u0441\u0438\u0441\u0442\u0435\u043c: <a href=\"\/uk\/%d0%b4%d0%b8%d1%81%d1%82%d1%80%d0%b8%d0%b1%d1%83%d1%86%d1%96%d1%8f-%d0%ba%d0%be%d0%bd%d1%84%d0%b5%d1%80%d0%b5%d0%bd%d1%86-%d1%82%d0%b0-%d0%b0%d1%83%d0%b4%d1%96%d0%be-%d0%bc%d0%b5%d0%b4%d1%96%d0%b0\/%d0%b2%d1%96%d0%b4%d0%b5%d0%be%d1%82%d0%b5%d1%85%d0%bd%d0%be%d0%bb%d0%be%d0%b3%d1%96%d1%97\/%d0%ba%d1%80%d1%96%d0%bf%d0%bb%d0%b5%d0%bd%d0%bd%d1%8f-%d0%b4%d0%bb%d1%8f-%d0%b4%d0%b8%d1%81%d0%bf%d0%bb%d0%b5%d1%97%d0%b2-%d1%96-%d0%bf%d1%80%d0%be%d0%b5%d0%ba%d1%82%d0%be%d1%80%d1%96%d0%b2-2\/%d1%81%d1%82%d0%b5%d0%bb%d1%8c%d0%be%d0%b2%d1%96-%d0%ba%d1%80%d1%96%d0%bf%d0%bb%d0%b5%d0%bd%d0%bd%d1%8f\/\">\u0421\u0442\u0435\u043b\u044c\u043e\u0432\u0456 \u043a\u0440\u043e\u043d\u0448\u0442\u0435\u0439\u043d\u0438<\/a>, <a href=\"\/uk\/%d0%b4%d0%b8%d1%81%d1%82%d1%80%d0%b8%d0%b1%d1%83%d1%86%d1%96%d1%8f-%d0%ba%d0%be%d0%bd%d1%84%d0%b5%d1%80%d0%b5%d0%bd%d1%86-%d1%82%d0%b0-%d0%b0%d1%83%d0%b4%d1%96%d0%be-%d0%bc%d0%b5%d0%b4%d1%96%d0%b0\/%d0%b2%d1%96%d0%b4%d0%b5%d0%be%d1%82%d0%b5%d1%85%d0%bd%d0%be%d0%bb%d0%be%d0%b3%d1%96%d1%97\/%d0%ba%d1%80%d1%96%d0%bf%d0%bb%d0%b5%d0%bd%d0%bd%d1%8f-%d0%b4%d0%bb%d1%8f-%d0%b4%d0%b8%d1%81%d0%bf%d0%bb%d0%b5%d1%97%d0%b2-%d1%96-%d0%bf%d1%80%d0%be%d0%b5%d0%ba%d1%82%d0%be%d1%80%d1%96%d0%b2-2\/%d0%bd%d0%b0%d1%81%d1%82%d1%96%d0%bd%d0%bd%d1%96-%d0%ba%d1%80%d0%be%d0%bd%d1%88%d1%82%d0%b5%d0%b9%d0%bd%d0%b8\/\">\u041d\u0430\u0441\u0442\u0456\u043d\u043d\u0456 \u043a\u0440\u043e\u043d\u0448\u0442\u0435\u0439\u043d\u0438<\/a> \u0430\u0431\u043e <a href=\"\/uk\/%d0%b4%d0%b8%d1%81%d1%82%d1%80%d0%b8%d0%b1%d1%83%d1%86%d1%96%d1%8f-%d0%ba%d0%be%d0%bd%d1%84%d0%b5%d1%80%d0%b5%d0%bd%d1%86-%d1%82%d0%b0-%d0%b0%d1%83%d0%b4%d1%96%d0%be-%d0%bc%d0%b5%d0%b4%d1%96%d0%b0\/%d0%b2%d1%96%d0%b4%d0%b5%d0%be%d1%82%d0%b5%d1%85%d0%bd%d0%be%d0%bb%d0%be%d0%b3%d1%96%d1%97\/%d0%ba%d1%80%d1%96%d0%bf%d0%bb%d0%b5%d0%bd%d0%bd%d1%8f-%d0%b4%d0%bb%d1%8f-%d0%b4%d0%b8%d1%81%d0%bf%d0%bb%d0%b5%d1%97%d0%b2-%d1%96-%d0%bf%d1%80%d0%be%d0%b5%d0%ba%d1%82%d0%be%d1%80%d1%96%d0%b2-2\/%d0%ba%d1%80%d0%be%d0%ba%d0%b2%d1%8f%d0%bd%d1%96-%d0%ba%d1%80%d0%be%d0%bd%d1%88%d1%82%d0%b5%d0%b9%d0%bd%d0%b8\/\">\u041a\u0440\u043e\u043d\u0448\u0442\u0435\u0439\u043d\u0438 \u0444\u0435\u0440\u043c<\/a>, <a href=\"\/uk\/%d0%b4%d0%b8%d1%81%d1%82%d1%80%d0%b8%d0%b1%d1%83%d1%86%d1%96%d1%8f-%d0%ba%d0%be%d0%bd%d1%84%d0%b5%d1%80%d0%b5%d0%bd%d1%86-%d1%82%d0%b0-%d0%b0%d1%83%d0%b4%d1%96%d0%be-%d0%bc%d0%b5%d0%b4%d1%96%d0%b0\/%d0%b2%d1%96%d0%b4%d0%b5%d0%be%d1%82%d0%b5%d1%85%d0%bd%d0%be%d0%bb%d0%be%d0%b3%d1%96%d1%97\/%d0%ba%d1%80%d1%96%d0%bf%d0%bb%d0%b5%d0%bd%d0%bd%d1%8f-%d0%b4%d0%bb%d1%8f-%d0%b4%d0%b8%d1%81%d0%bf%d0%bb%d0%b5%d1%97%d0%b2-%d1%96-%d0%bf%d1%80%d0%be%d0%b5%d0%ba%d1%82%d0%be%d1%80%d1%96%d0%b2-2\/%d0%bf%d1%96%d0%b4%d0%bb%d0%be%d0%b3%d0%be%d0%b2%d0%b0-%d0%bf%d1%96%d0%b4%d1%81%d1%82%d0%b0%d0%b2%d0%ba%d0%b0\/\">\u041f\u0456\u0434\u043b\u043e\u0433\u043e\u0432\u0430 \u043f\u0456\u0434\u0441\u0442\u0430\u0432\u043a\u0430<\/a>, <a href=\"\/uk\/%d0%b4%d0%b8%d1%81%d1%82%d1%80%d0%b8%d0%b1%d1%83%d1%86%d1%96%d1%8f-%d0%ba%d0%be%d0%bd%d1%84%d0%b5%d1%80%d0%b5%d0%bd%d1%86-%d1%82%d0%b0-%d0%b0%d1%83%d0%b4%d1%96%d0%be-%d0%bc%d0%b5%d0%b4%d1%96%d0%b0\/%d0%b2%d1%96%d0%b4%d0%b5%d0%be%d1%82%d0%b5%d1%85%d0%bd%d0%be%d0%bb%d0%be%d0%b3%d1%96%d1%97\/%d0%bb%d1%96%d1%84%d1%82%d0%be%d0%b2%d1%96-%d1%81%d0%b8%d1%81%d1%82%d0%b5%d0%bc%d0%b8\/\">\u041f\u0456\u0434\u0439\u043e\u043c\u043d\u0438\u043a\u0438<\/a>, <a href=\"\/uk\/%d0%b4%d0%b8%d1%81%d1%82%d1%80%d0%b8%d0%b1%d1%83%d1%86%d1%96%d1%8f-%d0%ba%d0%be%d0%bd%d1%84%d0%b5%d1%80%d0%b5%d0%bd%d1%86-%d1%82%d0%b0-%d0%b0%d1%83%d0%b4%d1%96%d0%be-%d0%bc%d0%b5%d0%b4%d1%96%d0%b0\/%d0%b2%d1%96%d0%b4%d0%b5%d0%be%d1%82%d0%b5%d1%85%d0%bd%d0%be%d0%bb%d0%be%d0%b3%d1%96%d1%97\/%d0%b6%d0%b8%d1%82%d0%bb%d0%be\/\">\u0420\u0456\u0448\u0435\u043d\u043d\u044f \u0434\u043b\u044f \u0446\u0438\u0444\u0440\u043e\u0432\u0438\u0445 \u0432\u0438\u0432\u0456\u0441\u043e\u043a<\/a>\u0441\u0442\u043e\u043b\u0438 \u0437 \u0441\u0435\u043d\u0441\u043e\u0440\u043d\u0438\u043c \u0435\u043a\u0440\u0430\u043d\u043e\u043c \u0430\u0431\u043e \u0432 \u043a\u043e\u043c\u043f\u043b\u0435\u043a\u0442\u0456 <a href=\"\/uk\/%d0%b4%d0%b8%d1%81%d1%82%d1%80%d0%b8%d0%b1%d1%83%d1%86%d1%96%d1%8f-%d0%ba%d0%be%d0%bd%d1%84%d0%b5%d1%80%d0%b5%d0%bd%d1%86-%d1%82%d0%b0-%d0%b0%d1%83%d0%b4%d1%96%d0%be-%d0%bc%d0%b5%d0%b4%d1%96%d0%b0\/%d0%b2%d1%96%d0%b4%d0%b5%d0%be%d1%82%d0%b5%d1%85%d0%bd%d0%be%d0%bb%d0%be%d0%b3%d1%96%d1%97\/%d0%ba%d1%80%d1%96%d0%bf%d0%bb%d0%b5%d0%bd%d0%bd%d1%8f-%d0%b4%d0%bb%d1%8f-%d0%b4%d0%b8%d1%81%d0%bf%d0%bb%d0%b5%d1%97%d0%b2-%d1%96-%d0%bf%d1%80%d0%be%d0%b5%d0%ba%d1%82%d0%be%d1%80%d1%96%d0%b2-2\/%d0%ba%d0%be%d0%bd%d1%84%d0%b5%d1%80%d0%b5%d0%bd%d1%86-%d0%bc%d0%b5%d0%b1%d0%bb%d1%96\/\">\u041a\u043e\u043d\u0444\u0435\u0440\u0435\u043d\u0446-\u043c\u0435\u0431\u043b\u0456<\/a> \u0434\u043b\u044f \u0441\u0438\u0441\u0442\u0435\u043c \u0432\u0456\u0434\u0435\u043e\u043a\u043e\u043d\u0444\u0435\u0440\u0435\u043d\u0446\u0456\u0439.<\/p>\n<p>\u041c\u0438 \u0437\u043d\u0430\u0439\u0434\u0435\u043c\u043e \u043f\u0440\u0430\u0432\u0438\u043b\u044c\u043d\u0443 \u0441\u0438\u0441\u0442\u0435\u043c\u0443 \u0434\u043b\u044f \u0432\u0430\u0448\u043e\u0433\u043e \u043f\u0440\u0438\u043b\u0430\u0434\u0443. \u041d\u0435\u0437\u0430\u043b\u0435\u0436\u043d\u043e \u0432\u0456\u0434 \u0432\u0438\u0440\u043e\u0431\u043d\u0438\u043a\u0430, \u043c\u0430\u0439\u0436\u0435 \u0434\u043b\u044f \u0432\u0441\u0456\u0445 \u0440\u043e\u0437\u043c\u0456\u0440\u0456\u0432 \u0456 \u043c\u0430\u0439\u0436\u0435 \u0431\u0443\u0434\u044c-\u044f\u043a\u043e\u0457 \u0432\u0430\u0433\u0438. \u041c\u0438 \u043f\u0440\u043e\u043f\u043e\u043d\u0443\u0454\u043c\u043e \u043a\u0440\u043e\u043d\u0448\u0442\u0435\u0439\u043d\u0438 \u044f\u043a \u0434\u043b\u044f \u0441\u0442\u0430\u0446\u0456\u043e\u043d\u0430\u0440\u043d\u0438\u0445 \u0443\u0441\u0442\u0430\u043d\u043e\u0432\u043e\u043a, \u0442\u0430\u043a \u0456 \u0434\u043b\u044f \u043e\u0440\u0435\u043d\u0434\u0438.<\/p>\n<p>\u0417\u0432\u0438\u0447\u0430\u0439\u043d\u043e, \u0432\u0438 \u0442\u0430\u043a\u043e\u0436 \u043c\u043e\u0436\u0435\u0442\u0435 \u0437\u0430\u043c\u043e\u0432\u0438\u0442\u0438 \u0434\u043e\u0441\u0442\u0430\u0432\u043a\u0443 \u0442\u0430 \u0432\u0441\u0442\u0430\u043d\u043e\u0432\u043b\u0435\u043d\u043d\u044f \u043d\u0430\u0448\u0438\u0445 \u0441\u0438\u0441\u0442\u0435\u043c \u043d\u0430\u0448\u0438\u043c\u0438 \u0441\u0435\u0440\u0432\u0456\u0441\u043d\u0438\u043c\u0438 \u0441\u043b\u0443\u0436\u0431\u0430\u043c\u0438. \u041d\u0430\u0448\u0456 <a href=\"\/uk\/%d0%b2%d1%81%d1%82%d0%b0%d0%bd%d0%be%d0%b2%d0%bb%d0%b5%d0%bd%d0%bd%d1%8f-%d1%82%d0%b0-%d1%96%d0%bd%d1%82%d0%b5%d0%b3%d1%80%d0%b0%d1%86%d1%96%d1%8f-%d0%ba%d0%be%d0%bd%d1%84%d0%b5%d1%80%d0%b5%d0%bd-2\/\">\u041c\u043e\u043d\u0442\u0430\u0436\u043d\u0438\u0439 \u0432\u0456\u0434\u0434\u0456\u043b<\/a> \u0437\u0430\u0439\u043c\u0430\u0454\u0442\u044c\u0441\u044f \u043f\u043b\u0430\u043d\u0443\u0432\u0430\u043d\u043d\u044f\u043c, \u0432\u0441\u0442\u0430\u043d\u043e\u0432\u043b\u0435\u043d\u043d\u044f\u043c \u0442\u0430 \u043f\u0456\u0434\u0442\u0440\u0438\u043c\u043a\u043e\u044e \u043f\u043e\u0432\u043d\u043e\u0446\u0456\u043d\u043d\u0438\u0445 \u043a\u043e\u043d\u0444\u0435\u0440\u0435\u043d\u0446-\u0437\u0430\u043b\u0456\u0432.<\/p>\n<p>\u041f\u0440\u043e\u0441\u0442\u043e \u0437\u0432'\u044f\u0436\u0456\u0442\u044c\u0441\u044f \u0437 \u043d\u0430\u043c\u0438, \u043c\u0438 \u0437 \u0440\u0430\u0434\u0456\u0441\u0442\u044e \u043f\u0440\u043e\u043a\u043e\u043d\u0441\u0443\u043b\u044c\u0442\u0443\u0454\u043c\u043e \u0432\u0430\u0441.<\/p>\n<p><a href=\"\/uk\/%d0%b4%d0%b8%d1%81%d1%82%d1%80%d0%b8%d0%b1%d1%83%d1%86%d1%96%d1%8f-%d0%ba%d0%be%d0%bd%d1%84%d0%b5%d1%80%d0%b5%d0%bd%d1%86-%d1%82%d0%b0-%d0%b0%d1%83%d0%b4%d1%96%d0%be-%d0%bc%d0%b5%d0%b4%d1%96%d0%b0\/%d0%b2%d1%96%d0%b4%d0%b5%d0%be%d1%82%d0%b5%d1%85%d0%bd%d0%be%d0%bb%d0%be%d0%b3%d1%96%d1%97\/%d0%ba%d1%80%d1%96%d0%bf%d0%bb%d0%b5%d0%bd%d0%bd%d1%8f-%d0%b4%d0%bb%d1%8f-%d0%b4%d0%b8%d1%81%d0%bf%d0%bb%d0%b5%d1%97%d0%b2-%d1%96-%d0%bf%d1%80%d0%be%d0%b5%d0%ba%d1%82%d0%be%d1%80%d1%96%d0%b2-2\/\"><img fetchpriority=\"high\" decoding=\"async\" src=\"https:\/\/konferenztechnik.de\/wp-content\/uploads\/2013\/08\/videotechnik03.jpg\" alt=\"\u041a\u0440\u0456\u043f\u043b\u0435\u043d\u043d\u044f \u0434\u043b\u044f \u0434\u0438\u0441\u043f\u043b\u0435\u0457\u0432 \u0456 \u043f\u0440\u043e\u0435\u043a\u0442\u043e\u0440\u0456\u0432\" width=\"288\" height=\"198\" class=\"alignnone size-full wp-image-1209\" title=\"\"><\/a><a href=\"\/uk\/%d0%b4%d0%b8%d1%81%d1%82%d1%80%d0%b8%d0%b1%d1%83%d1%86%d1%96%d1%8f-%d0%ba%d0%be%d0%bd%d1%84%d0%b5%d1%80%d0%b5%d0%bd%d1%86-%d1%82%d0%b0-%d0%b0%d1%83%d0%b4%d1%96%d0%be-%d0%bc%d0%b5%d0%b4%d1%96%d0%b0\/%d0%b2%d1%96%d0%b4%d0%b5%d0%be%d1%82%d0%b5%d1%85%d0%bd%d0%be%d0%bb%d0%be%d0%b3%d1%96%d1%97\/%d0%ba%d1%80%d1%96%d0%bf%d0%bb%d0%b5%d0%bd%d0%bd%d1%8f-%d0%b4%d0%bb%d1%8f-%d0%b4%d0%b8%d1%81%d0%bf%d0%bb%d0%b5%d1%97%d0%b2-%d1%96-%d0%bf%d1%80%d0%be%d0%b5%d0%ba%d1%82%d0%be%d1%80%d1%96%d0%b2-2\/\"><br \/>\n\u0414\u0443\u0436\u043a\u0438<\/a><\/p>\n<p><a href=\"\/uk\/%d0%b4%d0%b8%d1%81%d1%82%d1%80%d0%b8%d0%b1%d1%83%d1%86%d1%96%d1%8f-%d0%ba%d0%be%d0%bd%d1%84%d0%b5%d1%80%d0%b5%d0%bd%d1%86-%d1%82%d0%b0-%d0%b0%d1%83%d0%b4%d1%96%d0%be-%d0%bc%d0%b5%d0%b4%d1%96%d0%b0\/%d0%b2%d1%96%d0%b4%d0%b5%d0%be%d1%82%d0%b5%d1%85%d0%bd%d0%be%d0%bb%d0%be%d0%b3%d1%96%d1%97\/%d0%bb%d1%96%d1%84%d1%82%d0%be%d0%b2%d1%96-%d1%81%d0%b8%d1%81%d1%82%d0%b5%d0%bc%d0%b8\/\"><img decoding=\"async\" src=\"https:\/\/konferenztechnik.de\/wp-content\/uploads\/2013\/08\/videotechnik04.jpg\" alt=\"\u041f\u0456\u0434\u0439\u043e\u043c\u043d\u0438\u043a\u0438 \u0434\u043b\u044f \u0431\u0430\u0443\u0435\u0440\u0456\u0432 \u0456 \u043f\u0440\u043e\u0435\u043a\u0442\u043e\u0440\u0456\u0432\" width=\"288\" height=\"198\" class=\"alignleft size-full wp-image-1210\" title=\"\"><\/a><a href=\"\/uk\/%d0%b4%d0%b8%d1%81%d1%82%d1%80%d0%b8%d0%b1%d1%83%d1%86%d1%96%d1%8f-%d0%ba%d0%be%d0%bd%d1%84%d0%b5%d1%80%d0%b5%d0%bd%d1%86-%d1%82%d0%b0-%d0%b0%d1%83%d0%b4%d1%96%d0%be-%d0%bc%d0%b5%d0%b4%d1%96%d0%b0\/%d0%b2%d1%96%d0%b4%d0%b5%d0%be%d1%82%d0%b5%d1%85%d0%bd%d0%be%d0%bb%d0%be%d0%b3%d1%96%d1%97\/%d0%bb%d1%96%d1%84%d1%82%d0%be%d0%b2%d1%96-%d1%81%d0%b8%d1%81%d1%82%d0%b5%d0%bc%d0%b8\/\"><br \/>\n\u041f\u0456\u0434\u0439\u043e\u043c\u043d\u0456 \u0441\u0438\u0441\u0442\u0435\u043c\u0438<\/a><\/p>\n<p><a href=\"\/uk\/%d0%b4%d0%b8%d1%81%d1%82%d1%80%d0%b8%d0%b1%d1%83%d1%86%d1%96%d1%8f-%d0%ba%d0%be%d0%bd%d1%84%d0%b5%d1%80%d0%b5%d0%bd%d1%86-%d1%82%d0%b0-%d0%b0%d1%83%d0%b4%d1%96%d0%be-%d0%bc%d0%b5%d0%b4%d1%96%d0%b0\/%d0%b2%d1%96%d0%b4%d0%b5%d0%be%d1%82%d0%b5%d1%85%d0%bd%d0%be%d0%bb%d0%be%d0%b3%d1%96%d1%97\/%d0%ba%d0%be%d1%80%d0%bf%d1%83%d1%81-2\/\"><img decoding=\"async\" src=\"https:\/\/konferenztechnik.de\/wp-content\/uploads\/2013\/08\/videotechnik05.jpg\" alt=\"\u041a\u043e\u0440\u043f\u0443\u0441\u0438 \u0434\u043b\u044f \u043f\u0440\u043e\u0435\u043a\u0442\u043e\u0440\u0456\u0432\" width=\"288\" height=\"198\" class=\"alignnone size-full wp-image-1211\" title=\"\"><\/a><a href=\"\/uk\/%d0%b4%d0%b8%d1%81%d1%82%d1%80%d0%b8%d0%b1%d1%83%d1%86%d1%96%d1%8f-%d0%ba%d0%be%d0%bd%d1%84%d0%b5%d1%80%d0%b5%d0%bd%d1%86-%d1%82%d0%b0-%d0%b0%d1%83%d0%b4%d1%96%d0%be-%d0%bc%d0%b5%d0%b4%d1%96%d0%b0\/%d0%b2%d1%96%d0%b4%d0%b5%d0%be%d1%82%d0%b5%d1%85%d0%bd%d0%be%d0%bb%d0%be%d0%b3%d1%96%d1%97\/%d0%ba%d0%be%d1%80%d0%bf%d1%83%d1%81-2\/\"><br \/>\n\u041a\u043e\u0440\u043f\u0443\u0441\u0438<\/a><\/p>\n<div class=\"boxcontainer\">\n<div class=\"box1-2\">\n<h1>\u041a\u043e\u043d\u0442\u0430\u043a\u0442\u043d\u0430 \u043e\u0441\u043e\u0431\u0430<\/h1>\n<\/div>\n<div class=\"box1-2-order\">\n<h1>\u0406\u043d\u0448\u0456 \u043f\u043e\u0441\u0438\u043b\u0430\u043d\u043d\u044f<\/h1>\n<\/div>\n<div class=\"box1-4\">\n<div class=\"box-head\">\u0414\u0438\u0441\u0442\u0440\u0438\u0431\u0443\u0446\u0456\u044f \u0442\u0430 \u043f\u0440\u043e\u0434\u0430\u0436<\/div>\n<\/div>\n<div class=\"box2-4-2\" style=\"order:1;\">\n<div class=\"weiterlinks\">\n<ul>\n<a title=\"\u0420\u043e\u0437\u043f\u043e\u0434\u0456\u043b \u0437\u0430 \u0442\u043e\u0432\u0430\u0440\u043d\u0438\u043c\u0438 \u0433\u0440\u0443\u043f\u0430\u043c\u0438\" href=\"\/uk\/%d0%b3%d1%80%d1%83%d0%bf%d0%b8-%d1%82%d0%be%d0%b2%d0%b0%d1%80%d1%96%d0%b2\/\">\u0420\u043e\u0437\u043f\u043e\u0434\u0456\u043b \u0437\u0430 \u0442\u043e\u0432\u0430\u0440\u043d\u0438\u043c\u0438 \u0433\u0440\u0443\u043f\u0430\u043c\u0438<\/a><br \/>\n<a title=\"\u0420\u043e\u0437\u043f\u043e\u0434\u0456\u043b \u0437\u0430 \u0432\u0438\u0440\u043e\u0431\u043d\u0438\u043a\u0430\u043c\u0438\" href=\"\/uk\/%d0%b2%d0%b8%d1%80%d0%be%d0%b1%d0%bd%d0%b8%d0%ba\/\">\u0420\u043e\u0437\u043f\u043e\u0434\u0456\u043b \u0437\u0430 \u0432\u0438\u0440\u043e\u0431\u043d\u0438\u043a\u0430\u043c\u0438<\/a><br \/>\n<a title=\"\u0406\u043d\u0434\u0438\u0432\u0456\u0434\u0443\u0430\u043b\u044c\u043d\u0456 \u043f\u0440\u043e\u0434\u0443\u043a\u0442\u0438, \u0442\u0435\u0445\u043d\u0456\u0447\u043d\u0435 \u043e\u0431\u0441\u043b\u0443\u0433\u043e\u0432\u0443\u0432\u0430\u043d\u043d\u044f \u0442\u0430 \u0440\u0435\u043c\u043e\u043d\u0442\" href=\"\/uk\/%d0%bf%d0%be%d1%81%d0%bb%d1%83%d0%b3%d0%b8-2\/%d1%82%d0%b5%d1%85%d0%bd%d1%96%d1%87%d0%bd%d0%b5-%d0%be%d0%b1%d1%81%d0%bb%d1%83%d0%b3%d0%be%d0%b2%d1%83%d0%b2%d0%b0%d0%bd%d0%bd%d1%8f-%d1%82%d0%b0-%d1%80%d0%b5%d0%bc%d0%be%d0%bd%d1%82\/\">\u0406\u043d\u0434\u0438\u0432\u0456\u0434\u0443\u0430\u043b\u044c\u043d\u0456 \u043f\u0440\u043e\u0434\u0443\u043a\u0442\u0438, \u0442\u0435\u0445\u043d\u0456\u0447\u043d\u0435 \u043e\u0431\u0441\u043b\u0443\u0433\u043e\u0432\u0443\u0432\u0430\u043d\u043d\u044f \u0442\u0430 \u0440\u0435\u043c\u043e\u043d\u0442<\/a><br \/>\n<a title=\"10 \u0432\u0430\u0433\u043e\u043c\u0438\u0445 \u043f\u0440\u0438\u0447\u0438\u043d \u0434\u043b\u044f PCS\" href=\"\/uk\/%d0%bf%d1%80%d0%be-%d0%bd%d0%b0%d1%81-2\/10-%d0%b2%d0%b0%d0%b3%d0%be%d0%bc%d0%b8%d1%85-%d0%bf%d1%80%d0%b8%d1%87%d0%b8%d0%bd-%d0%b4%d0%bb%d1%8f-%d1%88%d1%82\/\">10 \u0432\u0430\u0433\u043e\u043c\u0438\u0445 \u043f\u0440\u0438\u0447\u0438\u043d \u0434\u043b\u044f PCS<\/a><br \/>\n<a title=\"\u041f\u043e\u0441\u0438\u043b\u0430\u043d\u043d\u044f\" href=\"\/uk\/%d0%bf%d1%80%d0%be-%d0%bd%d0%b0%d1%81-2\/%d0%b2%d1%81%d1%82%d0%b0%d0%bd%d0%be%d0%b2%d0%bb%d0%b5%d0%bd%d0%bd%d1%8f-%d1%81%d0%bf%d0%b8%d1%81%d0%ba%d1%83-%d0%bb%d1%96%d1%82%d0%b5%d1%80%d0%b0%d1%82%d1%83%d1%80%d0%b8\/\">\u041f\u043e\u0441\u0438\u043b\u0430\u043d\u043d\u044f \u0412\u0441\u0442\u0430\u043d\u043e\u0432\u043b\u0435\u043d\u043d\u044f \u0442\u0430 \u0456\u043d\u0442\u0435\u0433\u0440\u0430\u0446\u0456\u044f<\/a><br \/>\n<a title=\"PCS: \u0432\u0441\u0456 \u043f\u043e\u0441\u043b\u0443\u0433\u0438 \u044f\u043a \u043d\u0430 \u0434\u043e\u043b\u043e\u043d\u0456\" href=\"\/uk\/%d0%bf%d0%be%d1%81%d0%bb%d1%83%d0%b3%d0%b8-2\/\">PCS: \u0432\u0441\u0456 \u043f\u043e\u0441\u043b\u0443\u0433\u0438 \u044f\u043a \u043d\u0430 \u0434\u043e\u043b\u043e\u043d\u0456<\/a><\/ul>\n<\/div>\n<\/div>\n<\/div>","protected":false},"excerpt":{"rendered":"<p>Display- und Projektorhalterungen Nach der Anschaffung eines Projektors oder Displays stellen Sie sich bestimmt eine der folgenden Fragen Wie und wo montiere ich das Ger\u00e4t? Wo verstaue ich es, wenn es nicht ben\u00f6tigt wird? Wie kann ich mein Ger\u00e4t vor Diebstahl oder Besch\u00e4digungen sch\u00fctzen? Wir bieten Ihnen flexible und professionelle L\u00f6sungen f\u00fcr die Montage Ihrer [&hellip;]<\/p>","protected":false},"author":1,"featured_media":45482,"parent":3614,"menu_order":104,"comment_status":"closed","ping_status":"open","template":"","meta":{"_acf_changed":false,"footnotes":""},"class_list":["post-3858","page","type-page","status-publish","has-post-thumbnail","hentry"],"acf":[],"_links":{"self":[{"href":"https:\/\/konferenztechnik.de\/uk\/wp-json\/wp\/v2\/pages\/3858","targetHints":{"allow":["GET"]}}],"collection":[{"href":"https:\/\/konferenztechnik.de\/uk\/wp-json\/wp\/v2\/pages"}],"about":[{"href":"https:\/\/konferenztechnik.de\/uk\/wp-json\/wp\/v2\/types\/page"}],"author":[{"embeddable":true,"href":"https:\/\/konferenztechnik.de\/uk\/wp-json\/wp\/v2\/users\/1"}],"replies":[{"embeddable":true,"href":"https:\/\/konferenztechnik.de\/uk\/wp-json\/wp\/v2\/comments?post=3858"}],"version-history":[{"count":0,"href":"https:\/\/konferenztechnik.de\/uk\/wp-json\/wp\/v2\/pages\/3858\/revisions"}],"up":[{"embeddable":true,"href":"https:\/\/konferenztechnik.de\/uk\/wp-json\/wp\/v2\/pages\/3614"}],"wp:featuredmedia":[{"embeddable":true,"href":"https:\/\/konferenztechnik.de\/uk\/wp-json\/wp\/v2\/media\/45482"}],"wp:attachment":[{"href":"https:\/\/konferenztechnik.de\/uk\/wp-json\/wp\/v2\/media?parent=3858"}],"curies":[{"name":"wp","href":"https:\/\/api.w.org\/{rel}","templated":true}]}}