{"id":48971,"date":"2025-12-29T11:33:59","date_gmt":"2025-12-29T10:33:59","guid":{"rendered":"https:\/\/konferenztechnik.de\/?page_id=48971"},"modified":"2026-01-02T15:00:06","modified_gmt":"2026-01-02T14:00:06","slug":"%d0%b1%d0%b5%d0%b7%d0%ba%d0%be%d1%88%d1%82%d0%be%d0%b2%d0%bd%d1%96-%d0%ba%d0%be%d0%bd%d1%81%d1%83%d0%bb%d1%8c%d1%82%d0%b0%d1%86%d1%96%d1%97-%d0%b7%d0%b0%d1%85%d0%be%d0%b4%d0%b8-%d0%ba%d0%be%d0%bd","status":"publish","type":"page","link":"https:\/\/konferenztechnik.de\/uk\/%d0%b1%d0%b5%d0%b7%d0%ba%d0%be%d1%88%d1%82%d0%be%d0%b2%d0%bd%d1%96-%d0%ba%d0%be%d0%bd%d1%81%d1%83%d0%bb%d1%8c%d1%82%d0%b0%d1%86%d1%96%d1%97-%d0%b7%d0%b0%d1%85%d0%be%d0%b4%d0%b8-%d0%ba%d0%be%d0%bd\/","title":{"rendered":"\u0411\u0435\u0437\u043a\u043e\u0448\u0442\u043e\u0432\u043d\u0456 \u043a\u043e\u043d\u0441\u0443\u043b\u044c\u0442\u0430\u0446\u0456\u0457 \u041f\u043e\u0434\u0456\u0457, \u043a\u043e\u043d\u0444\u0435\u0440\u0435\u043d\u0446-\u0437\u0430\u043b\u0438, \u0442\u0435\u0445\u043d\u0456\u0447\u043d\u0435 \u043e\u0431\u043b\u0430\u0434\u043d\u0430\u043d\u043d\u044f \u0434\u043b\u044f \u0437\u0430\u0445\u043e\u0434\u0456\u0432"},"content":{"rendered":"<div data-elementor-type=\"wp-page\" data-elementor-id=\"48971\" class=\"elementor elementor-48971\" data-elementor-post-type=\"page\">\n\t\t\t\t<div data-particle_enable=\"false\" data-particle-mobile-disabled=\"false\" class=\"elementor-element elementor-element-9e026e8 e-flex e-con-boxed e-con e-parent\" data-id=\"9e026e8\" data-element_type=\"container\">\n\t\t\t\t\t<div class=\"e-con-inner\">\n\t\t\t\t<div class=\"elementor-element elementor-element-626268a elementor-widget elementor-widget-heading\" data-id=\"626268a\" data-element_type=\"widget\" data-settings=\"{&quot;_animation&quot;:&quot;none&quot;}\" data-widget_type=\"heading.default\">\n\t\t\t\t<div class=\"elementor-widget-container\">\n\t\t\t\t\t<h2 class=\"elementor-heading-title elementor-size-default\">\u0411\u0435\u0437\u043a\u043e\u0448\u0442\u043e\u0432\u043d\u0456 \u043a\u043e\u043d\u0441\u0443\u043b\u044c\u0442\u0430\u0446\u0456\u0457 \u041f\u043e\u0434\u0456\u0457, \u043a\u043e\u043d\u0444\u0435\u0440\u0435\u043d\u0446-\u0437\u0430\u043b\u0438, \u0442\u0435\u0445\u043d\u0456\u0447\u043d\u0435 \u043e\u0431\u043b\u0430\u0434\u043d\u0430\u043d\u043d\u044f \u0434\u043b\u044f \u0437\u0430\u0445\u043e\u0434\u0456\u0432<\/h2>\t\t\t\t<\/div>\n\t\t\t\t<\/div>\n\t\t\t\t<div class=\"elementor-element elementor-element-390c61c elementor-widget__width-initial elementor-widget elementor-widget-image\" data-id=\"390c61c\" data-element_type=\"widget\" data-widget_type=\"image.default\">\n\t\t\t\t<div class=\"elementor-widget-container\">\n\t\t\t\t\t\t\t\t\t\t\t\t\t\t\t<img fetchpriority=\"high\" decoding=\"async\" width=\"1300\" height=\"492\" src=\"https:\/\/konferenztechnik.de\/wp-content\/uploads\/2025\/12\/beratungs-gespraech-event.avif\" class=\"attachment-full size-full wp-image-49000\" alt=\"\" srcset=\"https:\/\/konferenztechnik.de\/wp-content\/uploads\/2025\/12\/beratungs-gespraech-event.avif 1300w, https:\/\/konferenztechnik.de\/wp-content\/uploads\/2025\/12\/beratungs-gespraech-event-300x114.avif 300w, https:\/\/konferenztechnik.de\/wp-content\/uploads\/2025\/12\/beratungs-gespraech-event-1024x388.avif 1024w, https:\/\/konferenztechnik.de\/wp-content\/uploads\/2025\/12\/beratungs-gespraech-event-768x291.avif 768w, https:\/\/konferenztechnik.de\/wp-content\/uploads\/2025\/12\/beratungs-gespraech-event-18x7.avif 18w\" sizes=\"(max-width: 1300px) 100vw, 1300px\" title=\"\">\t\t\t\t\t\t\t\t\t\t\t\t\t\t\t<\/div>\n\t\t\t\t<\/div>\n\t\t\t\t\t<\/div>\n\t\t\t\t<\/div>\n\t\t<div data-particle_enable=\"false\" data-particle-mobile-disabled=\"false\" class=\"elementor-element elementor-element-81d68f0 e-flex e-con-boxed e-con e-parent\" data-id=\"81d68f0\" data-element_type=\"container\">\n\t\t\t\t\t<div class=\"e-con-inner\">\n\t\t\t\t<div class=\"elementor-element elementor-element-53b77ae elementor-widget__width-inherit elementor-widget elementor-widget-text-editor\" data-id=\"53b77ae\" data-element_type=\"widget\" data-widget_type=\"text-editor.default\">\n\t\t\t\t<div class=\"elementor-widget-container\">\n\t\t\t\t\t\t\t\t\t<p data-pm-slice=\"1 1 []\">\u0417\u0430\u0431\u0440\u043e\u043d\u044e\u0439\u0442\u0435 \u0431\u0435\u0437\u043a\u043e\u0448\u0442\u043e\u0432\u043d\u0443 45-\u0445\u0432\u0438\u043b\u0438\u043d\u043d\u0443 \u043e\u043d\u043b\u0430\u0439\u043d-\u043a\u043e\u043d\u0441\u0443\u043b\u044c\u0442\u0430\u0446\u0456\u044e. \u0420\u0430\u0437\u043e\u043c \u043c\u0438 \u0432\u0456\u0434\u043f\u043e\u0432\u0456\u043c\u043e \u043d\u0430 \u0432\u0430\u0448\u0456 \u0437\u0430\u043f\u0438\u0442\u0430\u043d\u043d\u044f \u0449\u043e\u0434\u043e \u0437\u0430\u0445\u043e\u0434\u0456\u0432, \u043a\u043e\u043d\u0444\u0435\u0440\u0435\u043d\u0446-\u0437\u0430\u043b\u0456\u0432, \u043c\u0435\u0434\u0456\u0430-\u0442\u0435\u0445\u043d\u0456\u043a\u0438 \u2013 \u2014 \u0432\u0456\u0434 \u043f\u0435\u0440\u0448\u043e\u0457 \u0456\u0434\u0435\u0457 \u0434\u043e \u0442\u0435\u0445\u043d\u0456\u0447\u043d\u043e \u043f\u0440\u043e\u0434\u0443\u043c\u0430\u043d\u043e\u0457 \u043a\u043e\u043d\u0446\u0435\u043f\u0446\u0456\u0457. \u041c\u0438 \u043f\u043e\u043a\u0430\u0436\u0435\u043c\u043e \u0432\u0430\u043c \u0432\u0456\u0434\u043f\u043e\u0432\u0456\u0434\u043d\u0456 \u0440\u0456\u0448\u0435\u043d\u043d\u044f \u0442\u0430 \u043d\u0430\u0434\u0430\u043c\u043e \u043a\u043e\u043d\u043a\u0440\u0435\u0442\u043d\u0456 \u0440\u0435\u043a\u043e\u043c\u0435\u043d\u0434\u0430\u0446\u0456\u0457 \u0449\u043e\u0434\u043e \u0432\u0430\u0448\u0438\u0445 \u043d\u0430\u0441\u0442\u0443\u043f\u043d\u0438\u0445 \u043a\u0440\u043e\u043a\u0456\u0432. \u0417\u0430\u0431\u0440\u043e\u043d\u044e\u0439\u0442\u0435 \u0437\u0443\u0441\u0442\u0440\u0456\u0447 \u0437\u0430\u0440\u0430\u0437 \u0456 \u043f\u0440\u043e\u0444\u0435\u0441\u0456\u0439\u043d\u043e \u0441\u043f\u043b\u0430\u043d\u0443\u0439\u0442\u0435 \u0441\u0432\u0456\u0439 \u043f\u0440\u043e\u0435\u043a\u0442.<\/p>\t\t\t\t\t\t\t\t<\/div>\n\t\t\t\t<\/div>\n\t\t\t\t\t<\/div>\n\t\t\t\t<\/div>\n\t\t<div data-particle_enable=\"false\" data-particle-mobile-disabled=\"false\" class=\"elementor-element elementor-element-211cdee e-flex e-con-boxed e-con e-parent\" data-id=\"211cdee\" data-element_type=\"container\">\n\t\t\t\t\t<div class=\"e-con-inner\">\n\t\t\t\t<div class=\"elementor-element elementor-element-8e45024 elementor-widget elementor-widget-html\" data-id=\"8e45024\" data-element_type=\"widget\" data-widget_type=\"html.default\">\n\t\t\t\t<div class=\"elementor-widget-container\">\n\t\t\t\t\t<style>\n    .amelia-v2-booking #amelia-container.am-fs__wrapper {\n        box-shadow: 0 00px 0px #0000001f !Important;\n<\/style>\n\n\n<script>\n  if (typeof hasAmeliaEntitiesApiCall === 'undefined' && ('' === '' && '' !== '1')) {\n    var hasAmeliaEntitiesApiCall = true;\n  }\n  var ameliaShortcodeData = (typeof ameliaShortcodeData === 'undefined') ? [] : ameliaShortcodeData;\n  ameliaShortcodeData.push(\n    {\n      'hasApiCall': (typeof hasAmeliaEntitiesApiCall !== 'undefined') && hasAmeliaEntitiesApiCall,\n      'trigger': '',\n      'trigger_type': '',\n      'triggered_form': 'sbsNew',\n      'in_dialog': '',\n      'show': '',\n      'counter': '1000',\n      'category': '',\n      'service': '1',\n      'employee': '',\n      'location': '',\n      'package': '',\n      'layout': '',\n    }\n  );\n\n  var ameliaShortcodeDataTriggered = (typeof ameliaShortcodeDataTriggered === 'undefined') ? [] : ameliaShortcodeDataTriggered;\n  if (ameliaShortcodeData[ameliaShortcodeData.length - 1].trigger !== '') {\n    if (ameliaShortcodeDataTriggered.filter(a => a.counter === ameliaShortcodeData[ameliaShortcodeData.length - 1].counter).length === 0) {\n      ameliaShortcodeDataTriggered.push(ameliaShortcodeData.pop());\n    } else {\n      ameliaShortcodeData.pop()\n    }\n  }\n  if (typeof hasAmeliaEntitiesApiCall !== 'undefined' && hasAmeliaEntitiesApiCall) {\n    hasAmeliaEntitiesApiCall = false;\n  }\n<\/script>\n\n<div\n  id=\"amelia-v2-booking-1000\"\n  class=\"amelia-v2-booking\"\n >\n    <step-form-wrapper><\/step-form-wrapper><\/div>\n\t\t\t\t<\/div>\n\t\t\t\t<\/div>\n\t\t\t\t\t<\/div>\n\t\t\t\t<\/div>\n\t\t\t\t<\/div>","protected":false},"excerpt":{"rendered":"<p>Kostenlose Beratungsgespr\u00e4che Events, Konferenzr\u00e4ume, Veranstaltungstechnik Buchen Sie ein kostenloses 45\u2011min\u00fctiges Online-Beratungsgespr\u00e4ch. Gemeinsam kl\u00e4ren wir Ihre Fragen zu Events, Konferenzr\u00e4umen, Medientechnik \u2013 von der ersten Idee bis zum technisch durchdachten Konzept. Wir zeigen Ihnen passende L\u00f6sungen und geben konkrete Empfehlungen f\u00fcr Ihre n\u00e4chsten Schritte. Jetzt Termin buchen und Ihr Projekt professionell planen.<\/p>","protected":false},"author":2,"featured_media":45482,"parent":0,"menu_order":0,"comment_status":"closed","ping_status":"closed","template":"","meta":{"_acf_changed":false,"footnotes":""},"class_list":["post-48971","page","type-page","status-publish","has-post-thumbnail","hentry"],"acf":[],"_links":{"self":[{"href":"https:\/\/konferenztechnik.de\/uk\/wp-json\/wp\/v2\/pages\/48971","targetHints":{"allow":["GET"]}}],"collection":[{"href":"https:\/\/konferenztechnik.de\/uk\/wp-json\/wp\/v2\/pages"}],"about":[{"href":"https:\/\/konferenztechnik.de\/uk\/wp-json\/wp\/v2\/types\/page"}],"author":[{"embeddable":true,"href":"https:\/\/konferenztechnik.de\/uk\/wp-json\/wp\/v2\/users\/2"}],"replies":[{"embeddable":true,"href":"https:\/\/konferenztechnik.de\/uk\/wp-json\/wp\/v2\/comments?post=48971"}],"version-history":[{"count":0,"href":"https:\/\/konferenztechnik.de\/uk\/wp-json\/wp\/v2\/pages\/48971\/revisions"}],"wp:featuredmedia":[{"embeddable":true,"href":"https:\/\/konferenztechnik.de\/uk\/wp-json\/wp\/v2\/media\/45482"}],"wp:attachment":[{"href":"https:\/\/konferenztechnik.de\/uk\/wp-json\/wp\/v2\/media?parent=48971"}],"curies":[{"name":"wp","href":"https:\/\/api.w.org\/{rel}","templated":true}]}}