{"id":5029,"date":"2015-02-02T17:32:01","date_gmt":"2015-02-02T16:32:01","guid":{"rendered":"https:\/\/konferenztechnik.de\/?page_id=5029"},"modified":"2023-09-01T11:47:12","modified_gmt":"2023-09-01T09:47:12","slug":"bosch-ccs-1000d-%d0%be%d1%81%d0%be%d0%b1%d0%bb%d0%b8%d0%b2%d0%be%d1%81%d1%82%d1%96","status":"publish","type":"page","link":"https:\/\/konferenztechnik.de\/uk\/bosch-ccs-1000d-%d0%be%d1%81%d0%be%d0%b1%d0%bb%d0%b8%d0%b2%d0%be%d1%81%d1%82%d1%96\/","title":{"rendered":"\u041e\u0433\u043b\u044f\u0434 \u043e\u0441\u043e\u0431\u043b\u0438\u0432\u043e\u0441\u0442\u0435\u0439 Bosch CCS 1000 D \u041e\u0433\u043b\u044f\u0434 \u043e\u0441\u043e\u0431\u043b\u0438\u0432\u043e\u0441\u0442\u0435\u0439 Bosch CCS 1000 D"},"content":{"rendered":"<p>[column size=\"2-3\u2033 last=\"0\u2033]<\/p>\n<h1>\u041e\u0441\u043e\u0431\u043b\u0438\u0432\u043e\u0441\u0442\u0456: \u0426\u0438\u0444\u0440\u043e\u0432\u0430 \u043a\u043e\u043d\u0444\u0435\u0440\u0435\u043d\u0446-\u0441\u0438\u0441\u0442\u0435\u043c\u0430 Bosch CCS 1000 D<\/h1>\n<p>[\/column]<br \/>\n[column size=\"1-3\u2033 last=\"1\u2033]<br \/>\n<img decoding=\"async\" class=\"alignright size-full wp-image-3924\" src=\"https:\/\/konferenztechnik.de\/wp-content\/uploads\/2013\/11\/logo-pcs-selected-quality.png\" alt=\"\u041b\u043e\u0433\u043e\u0442\u0438\u043f PCS \u0412\u0438\u0431\u0440\u0430\u043d\u0430 \u044f\u043a\u0456\u0441\u0442\u044c\" width=\"143\" height=\"88\" title=\"\"><br \/>\n[\/column]<\/p>\n<p><a href=\"https:\/\/konferenztechnik.de\/wp-content\/uploads\/2015\/02\/Bosch-CCS-1000-D-features.jpg\"><img fetchpriority=\"high\" decoding=\"async\" class=\"alignnone size-full wp-image-5365\" src=\"https:\/\/konferenztechnik.de\/wp-content\/uploads\/2015\/02\/Bosch-CCS-1000-D-features.jpg\" alt=\"Bosch-CCS-1000-D-features\" width=\"940\" height=\"411\" title=\"\" srcset=\"https:\/\/konferenztechnik.de\/wp-content\/uploads\/2015\/02\/Bosch-CCS-1000-D-features.jpg 940w, https:\/\/konferenztechnik.de\/wp-content\/uploads\/2015\/02\/Bosch-CCS-1000-D-features-300x131.jpg 300w, https:\/\/konferenztechnik.de\/wp-content\/uploads\/2015\/02\/Bosch-CCS-1000-D-features-768x336.jpg 768w\" sizes=\"(max-width: 940px) 100vw, 940px\" \/><\/a><\/p>\n<p>\u041d\u043e\u0432\u0438\u0439 CCS 1000 D \u0432\u0440\u0430\u0436\u0430\u0454 \u0441\u0432\u043e\u0454\u044e \u043f\u0440\u043e\u0441\u0442\u043e\u0442\u043e\u044e \u0456 \u0437\u0440\u0443\u0447\u043d\u0456\u0441\u0442\u044e \u0443 \u0432\u0438\u043a\u043e\u0440\u0438\u0441\u0442\u0430\u043d\u043d\u0456, \u043d\u0435 \u0432\u0456\u0434\u043c\u043e\u0432\u043b\u044f\u044e\u0447\u0438\u0441\u044c \u043f\u0440\u0438 \u0446\u044c\u043e\u043c\u0443 \u0432\u0456\u0434 \u043e\u0441\u0442\u0430\u043d\u043d\u0456\u0445 \u0442\u0435\u0445\u043d\u0456\u0447\u043d\u0438\u0445 \u0456\u043d\u043d\u043e\u0432\u0430\u0446\u0456\u0439. \u041e\u0437\u043d\u0430\u0439\u043e\u043c\u0442\u0435\u0441\u044f \u0437 \u043e\u0441\u043e\u0431\u043b\u0438\u0432\u043e\u0441\u0442\u044f\u043c\u0438 \u0441\u0438\u0441\u0442\u0435\u043c\u0438 \u0442\u0443\u0442.<\/p>\n<h2>\u041e\u0441\u043e\u0431\u043b\u0438\u0432\u043e\u0441\u0442\u0456 \u0446\u0438\u0444\u0440\u043e\u0432\u043e\u0457 \u0434\u0438\u0441\u043a\u0443\u0441\u0456\u0439\u043d\u043e\u0457 \u0441\u0438\u0441\u0442\u0435\u043c\u0438 Bosch CCS 1000 D \u041e\u0441\u043e\u0431\u043b\u0438\u0432\u043e\u0441\u0442\u0456 \u0446\u0438\u0444\u0440\u043e\u0432\u043e\u0457 \u0434\u0438\u0441\u043a\u0443\u0441\u0456\u0439\u043d\u043e\u0457 \u0441\u0438\u0441\u0442\u0435\u043c\u0438 Bosch CCS 1000 D<\/h2>\n<p>[spacer size=\"20\u2033]<\/p>\n<div class=\"kasten\">\n<div class=\"kastenlinks\"><span class=\"zahl\">1.<\/span><\/div>\n<div class=\"kastenrechts\">\n<h1>\u041a\u043e\u043c\u043f\u0430\u043a\u0442\u043d\u0438\u0439, \u043f\u0440\u043e\u0441\u0442\u0438\u0439 \u0443 \u043d\u0430\u043b\u0430\u0448\u0442\u0443\u0432\u0430\u043d\u043d\u0456, \u043b\u0435\u0433\u043a\u0438\u0439 \u0432 \u0435\u043a\u0441\u043f\u043b\u0443\u0430\u0442\u0430\u0446\u0456\u0457<\/h1>\n<p>\u2013 \u041f\u0456\u0434\u043a\u043b\u044e\u0447\u0438 \u0456 \u043f\u0440\u0430\u0446\u044e\u0439<br \/>\n\u2013 \u041d\u0430\u0432\u0447\u0430\u043d\u043d\u044f \u043d\u0435 \u043f\u043e\u0442\u0440\u0456\u0431\u043d\u0435<br \/>\n\u2013 \u041d\u0435\u0441\u043a\u043b\u0430\u0434\u043d\u0438\u0439, \u043f\u0440\u043e\u0441\u0442\u0438\u0439 \u043c\u043e\u043d\u0442\u0430\u0436<br \/>\n\u2013 \u041d\u0435 \u043f\u043e\u0442\u0440\u0435\u0431\u0443\u0454 \u0441\u043a\u043b\u0430\u0434\u043d\u043e\u0457 \u043a\u043e\u043d\u0444\u0456\u0433\u0443\u0440\u0430\u0446\u0456\u0457<\/p>\n<\/div>\n<p>[\u044f\u0441\u043d\u043e]<\/p>\n<\/div>\n<p>[spacer size=\"20\u2033]<\/p>\n<div class=\"kasten\">\n<div class=\"kastenlinks\"><span class=\"zahl\">2.<\/span><\/div>\n<div class=\"kastenrechts\">\n<h1>\u0425\u043e\u0440\u043e\u0448\u0438\u0439 \u0437\u0432\u0443\u043a \u0456 \u0431\u0456\u043b\u044c\u0448\u0430 \u0433\u0443\u0447\u043d\u0456\u0441\u0442\u044c \u0431\u0435\u0437 \u0437\u0432\u043e\u0440\u043e\u0442\u043d\u043e\u0433\u043e \u0437\u0432'\u044f\u0437\u043a\u0443<\/h1>\n<p>\u2013 \u0414\u0438\u043d\u0430\u043c\u0456\u043a \u0456 \u043c\u0456\u043a\u0440\u043e\u0444\u043e\u043d \u0430\u043a\u0442\u0438\u0432\u043d\u0456 \u043e\u0434\u043d\u043e\u0447\u0430\u0441\u043d\u043e<br \/>\n\u2013 \u0412\u0431\u0443\u0434\u043e\u0432\u0430\u043d\u0438\u0439 \u0446\u0438\u0444\u0440\u043e\u0432\u0438\u0439 \u043f\u0440\u0438\u0433\u043d\u0456\u0447\u0443\u0432\u0430\u0447 \u0437\u0432\u043e\u0440\u043e\u0442\u043d\u043e\u0433\u043e \u0437\u0432'\u044f\u0437\u043a\u0443 (DAFS)<br \/>\n\u2013 \u0427\u0443\u0434\u043e\u0432\u0430 \u0440\u043e\u0437\u0431\u0456\u0440\u043b\u0438\u0432\u0456\u0441\u0442\u044c \u043c\u043e\u0432\u0438 \u0434\u043b\u044f \u0432\u0441\u0456\u0445 \u0443\u0447\u0430\u0441\u043d\u0438\u043a\u0456\u0432<\/p>\n<\/div>\n<p>[\u044f\u0441\u043d\u043e]<\/p>\n<\/div>\n<p>[spacer size=\"20\u2033]<\/p>\n<div class=\"kasten\">\n<div class=\"kastenlinks\"><span class=\"zahl\">3.<\/span><\/div>\n<div class=\"kastenrechts\">\n<h1>\u0417\u0440\u0443\u0447\u043d\u0438\u0439 \u0437\u0430\u043f\u0438\u0441<\/h1>\n<p>\u2013 \u0426\u0438\u0444\u0440\u043e\u0432\u0438\u0439 \u0437\u0430\u043f\u0438\u0441 \u0443 \u0432\u043d\u0443\u0442\u0440\u0456\u0448\u043d\u0456\u0439 \u043f\u0430\u043c'\u044f\u0442\u0456: \u0434\u043e 8 \u0433\u043e\u0434\u0438\u043d<br \/>\n\u2013 \u0426\u0438\u0444\u0440\u043e\u0432\u0438\u0439 \u0437\u0430\u043f\u0438\u0441 \u0437 USB-\u043d\u0430\u043a\u043e\u043f\u0438\u0447\u0443\u0432\u0430\u0447\u0435\u043c \u043d\u0430 128 \u0413\u0411: \u0434\u043e 4000 \u0433\u043e\u0434\u0438\u043d<\/p>\n<\/div>\n<p>[\u044f\u0441\u043d\u043e]<\/p>\n<\/div>\n<p>[spacer size=\"20\u2033]<\/p>\n<div class=\"kasten\">\n<div class=\"kastenlinks\"><span class=\"zahl\">4.<\/span><\/div>\n<div class=\"kastenrechts\">\n<h1>\u041f\u0440\u043e\u0441\u0442\u0438\u0439 \u0432\u0435\u0431-\u0456\u043d\u0442\u0435\u0440\u0444\u0435\u0439\u0441 \u0434\u043b\u044f \u0440\u043e\u0437\u0448\u0438\u0440\u0435\u043d\u043e\u0433\u043e \u043d\u0430\u043b\u0430\u0448\u0442\u0443\u0432\u0430\u043d\u043d\u044f \u0442\u0430 \u043a\u0435\u0440\u0443\u0432\u0430\u043d\u043d\u044f<\/h1>\n<p>\u2013 \u0420\u043e\u0437\u0448\u0438\u0440\u0435\u043d\u0456 \u043c\u043e\u0436\u043b\u0438\u0432\u043e\u0441\u0442\u0456 \u043d\u0430\u043b\u0430\u0448\u0442\u0443\u0432\u0430\u043d\u043d\u044f \u0434\u043b\u044f \u0442\u0435\u0445\u043d\u0456\u0447\u043d\u043e\u0433\u043e \u043f\u0435\u0440\u0441\u043e\u043d\u0430\u043b\u0443<br \/>\n\u2013 \u0406\u043d\u0442\u0443\u0457\u0442\u0438\u0432\u043d\u0435 \u043a\u0435\u0440\u0443\u0432\u0430\u043d\u043d\u044f \u043c\u0456\u043a\u0440\u043e\u0444\u043e\u043d\u043e\u043c \u0434\u043b\u044f \u0433\u043e\u043b\u043e\u0432\u0438<br \/>\n\u2013 \u041a\u043e\u043d\u0442\u0440\u043e\u043b\u044e\u0439\u0442\u0435 \u0442\u0430 \u0437\u0430\u043f\u0438\u0441\u0443\u0439\u0442\u0435 \u043e\u0431\u0433\u043e\u0432\u043e\u0440\u0435\u043d\u043d\u044f<\/p>\n<\/div>\n<p>[\u044f\u0441\u043d\u043e]<\/p>\n<\/div>\n<p>[spacer size=\"20\u2033]<\/p>\n<div class=\"kasten\">\n<div class=\"kastenlinks\"><span class=\"zahl\">5.<\/span><\/div>\n<div class=\"kastenrechts\">\n<h1>\u041f\u0440\u0438\u0440\u043e\u0434\u043d\u0430 \u043f\u0456\u0434\u0442\u0440\u0438\u043c\u043a\u0430 \u0430\u0432\u0442\u043e\u043c\u0430\u0442\u0438\u0447\u043d\u043e\u0433\u043e \u043a\u0435\u0440\u0443\u0432\u0430\u043d\u043d\u044f \u043a\u0430\u043c\u0435\u0440\u043e\u044e<\/h1>\n<p>\u041f\u0456\u0434\u0442\u0440\u0438\u043c\u043a\u0430 \u0441\u0442\u0430\u043d\u0434\u0430\u0440\u0442\u0443 \u2013 \u0434\u043e 6 \u043a\u0443\u043f\u043e\u043b\u044c\u043d\u0438\u0445 \u043a\u043e\u043d\u0444\u0435\u0440\u0435\u043d\u0446-\u043a\u0430\u043c\u0435\u0440 \u0432\u0438\u0441\u043e\u043a\u043e\u0457 \u0447\u0456\u0442\u043a\u043e\u0441\u0442\u0456<br \/>\n\u041a\u043e\u043d\u0444\u0456\u0433\u0443\u0440\u0430\u0446\u0456\u044f \u0447\u0435\u0440\u0435\u0437 \u0432\u0435\u0431-\u0431\u0440\u0430\u0443\u0437\u0435\u0440, \u0431\u0435\u0437 \u0434\u043e\u0434\u0430\u0442\u043a\u043e\u0432\u043e\u0433\u043e \u043f\u0440\u043e\u0433\u0440\u0430\u043c\u043d\u043e\u0433\u043e \u0437\u0430\u0431\u0435\u0437\u043f\u0435\u0447\u0435\u043d\u043d\u044f<br \/>\n\u2013 \u041a\u0440\u0438\u0448\u0442\u0430\u043b\u0435\u0432\u043e \u0447\u0438\u0441\u0442\u0430 \u043f\u0440\u0435\u0437\u0435\u043d\u0442\u0430\u0446\u0456\u044f \u0430\u043a\u0442\u0438\u0432\u043d\u043e\u0433\u043e \u0441\u043f\u0456\u043a\u0435\u0440\u0430<\/p>\n<\/div>\n<p>[\u044f\u0441\u043d\u043e]<\/p>\n<\/div>\n<p><span style=\"font-size: 2.0em;\"><br \/>\n+<br \/>\n<\/span><\/p>\n<div class=\"kasten\">\n<div class=\"kastenlinks\"><span class=\"zahl\">6.<\/span><\/div>\n<div class=\"kastenrechts\">\n<p>\u2013 \u0423\u043d\u0456\u043a\u0430\u043b\u044c\u043d\u0438\u0439 \u0434\u0438\u0441\u043f\u043b\u0435\u0439 \u0437 \u043c\u043e\u0436\u043b\u0438\u0432\u0456\u0441\u0442\u044e \u0440\u043e\u0437\u043c\u043e\u0432\u0438\u201d \u0414\u0438\u0441\u043f\u043b\u0435\u0439 \u0437 \u043c\u043e\u0436\u043b\u0438\u0432\u0456\u0441\u0442\u044e \u0440\u043e\u0437\u043c\u043e\u0432\u0438<br \/>\n\u2013 \"\u0417\u0430\u043f\u0438\u0442 \u043d\u0430 \u0440\u043e\u0437\u043c\u043e\u0432\u0443\u201d \u0412\u0456\u0434\u043e\u0431\u0440\u0430\u0436\u0435\u043d\u043d\u044f (\u0430\u0432\u0442\u043e\u043c\u0430\u0442\u0438\u0447\u043d\u0438\u0439 \u0441\u043f\u0438\u0441\u043e\u043a \u043e\u0447\u0456\u043a\u0443\u0432\u0430\u043d\u043d\u044f)<br \/>\n\u2013 \u0420\u0435\u0436\u0438\u043c \u0435\u043d\u0435\u0440\u0433\u043e\u0437\u0431\u0435\u0440\u0435\u0436\u0435\u043d\u043d\u044f<br \/>\n\u2013 \u0417\u0430\u0445\u0438\u0441\u0442 \u0432\u0456\u0434 \u043c\u043e\u0431\u0456\u043b\u044c\u043d\u0438\u0445 \u0442\u0435\u043b\u0435\u0444\u043e\u043d\u0456\u0432 \u0456 \u0441\u043c\u0430\u0440\u0442\u0444\u043e\u043d\u0456\u0432 (GSM-\u0456\u043c\u0443\u043d\u0456\u0442\u0435\u0442)<\/p>\n<\/div>\n<p>[\u044f\u0441\u043d\u043e]<\/p>\n<\/div>\n<p>[spacer size=\"40\u2033]<\/p>\n<p>\u041f\u043e\u0441\u0438\u043b\u0430\u043d\u043d\u044f \u043d\u0430 \u043a\u043e\u043d\u0444\u0435\u0440\u0435\u043d\u0446-\u0441\u0438\u0441\u0442\u0435\u043c\u0443 Bosch CCS 1000 D<\/p>\n<p>&#x9B; <a style=\"line-height: 1.8em;\" title=\"\" href=\"\/uk\/%d1%88%d1%82-%d0%be%d0%b1%d1%80%d0%b0%d0%bd%d0%b0-%d1%81%d0%bf%d0%b5%d1%86%d1%96%d0%b0%d0%bb%d1%8c%d0%bd%d0%b0-%d0%bf%d1%80%d0%be%d0%bf%d0%be%d0%b7%d0%b8%d1%86%d1%96%d1%8f-bosch-ccs-1000d\/\">\u0412\u0441\u0442\u0443\u043f\u043d\u0430 \u043f\u0440\u043e\u043f\u043e\u0437\u0438\u0446\u0456\u044f PCS\/Bosch Bosch CCS 1000 D<\/a><br \/>\n&#x9B; <a style=\"line-height: 1.5em;\" title=\"\" href=\"\/uk\/%d1%80%d0%b5%d0%b7%d1%83%d0%bb%d1%8c%d1%82%d0%b0%d1%82-%d1%82%d0%b5%d1%81%d1%82%d1%83%d0%b2%d0%b0%d0%bd%d0%bd%d1%8f-bosch-ccs-1000-d\/\">\u0420\u0435\u0437\u0443\u043b\u044c\u0442\u0430\u0442 \u0442\u0435\u0441\u0442\u0443 PCS Bosch CCS 1000 D<\/a><br \/>\n&#x9B; <a style=\"line-height: 1.8em;\" title=\"\" href=\"\/uk\/bosch-ccs-1000-d\/\">\u041d\u043e\u0432\u0438\u043d\u043a\u0430 \u0432\u0456\u0434 Bosch CCS 1000 D<\/a><\/p>\n<p>[spacer size=\"40\u2033]<\/p>\n<div class=\"weiterlinks\">\n<h1>\u0406\u043d\u0448\u0456 \u043f\u043e\u0441\u0438\u043b\u0430\u043d\u043d\u044f:<\/h1>\n<ul>\n<li>\u203a <a title=\"\u0420\u043e\u0437\u043f\u043e\u0432\u0441\u044e\u0434\u0436\u0435\u043d\u043d\u044f\" href=\"\/uk\/%d0%b4%d0%b8%d1%81%d1%82%d1%80%d0%b8%d0%b1%d1%83%d1%86%d1%96%d1%8f-%d0%ba%d0%be%d0%bd%d1%84%d0%b5%d1%80%d0%b5%d0%bd%d1%86-%d1%82%d0%b0-%d0%b0%d1%83%d0%b4%d1%96%d0%be-%d0%bc%d0%b5%d0%b4%d1%96%d0%b0\/\">\u0420\u043e\u0437\u043f\u043e\u0432\u0441\u044e\u0434\u0436\u0435\u043d\u043d\u044f \u043a\u043e\u043d\u0444\u0435\u0440\u0435\u043d\u0446- \u0442\u0430 \u043c\u0435\u0434\u0456\u0430-\u0442\u0435\u0445\u043d\u043e\u043b\u043e\u0433\u0456\u0439<\/a><\/li>\n<li>\u203a <a title=\"\u0412\u0441\u0442\u0430\u043d\u043e\u0432\u043b\u0435\u043d\u043d\u044f\" href=\"\/uk\/%d0%b2%d1%81%d1%82%d0%b0%d0%bd%d0%be%d0%b2%d0%bb%d0%b5%d0%bd%d0%bd%d1%8f-%d1%82%d0%b0-%d1%96%d0%bd%d1%82%d0%b5%d0%b3%d1%80%d0%b0%d1%86%d1%96%d1%8f-%d0%ba%d0%be%d0%bd%d1%84%d0%b5%d1%80%d0%b5%d0%bd-2\/\">\u0412\u0441\u0442\u0430\u043d\u043e\u0432\u043b\u0435\u043d\u043d\u044f \u0442\u0430 \u0456\u043d\u0442\u0435\u0433\u0440\u0430\u0446\u0456\u044f \u043a\u043e\u043d\u0444\u0435\u0440\u0435\u043d\u0446-\u0442\u0435\u0445\u043d\u043e\u043b\u043e\u0433\u0456\u0439 \u0442\u0430 \u043c\u0435\u0434\u0456\u0430-\u0441\u0438\u0441\u0442\u0435\u043c<\/a><\/li>\n<li>\u203a <a title=\"\u041f\u0456\u0434\u0442\u0440\u0438\u043c\u043a\u0430 \u0431\u0430\u0433\u0430\u0442\u043e\u043c\u043e\u0432\u043d\u0438\u0445 \u043f\u043e\u0434\u0456\u0439\" href=\"\/uk\/%d0%bf%d0%be%d1%81%d0%bb%d1%83%d0%b3%d0%b8-2\/%d0%bf%d1%96%d0%b4%d1%82%d1%80%d0%b8%d0%bc%d0%ba%d0%b0-%d0%b1%d0%b0%d0%b3%d0%b0%d1%82%d0%be%d0%bc%d0%be%d0%b2%d0%bd%d0%b8%d1%85-%d0%b7%d0%b0%d1%85%d0%be%d0%b4%d1%96%d0%b2\/\">\u041f\u0456\u0434\u0442\u0440\u0438\u043c\u043a\u0430 \u0431\u0430\u0433\u0430\u0442\u043e\u043c\u043e\u0432\u043d\u0438\u0445 \u043f\u043e\u0434\u0456\u0439<\/a><\/li>\n<\/ul>\n<\/div>","protected":false},"excerpt":{"rendered":"<p>[column size=&#8220;2-3&#8243; last=&#8220;0&#8243;] Features: Digital Discussion System Bosch CCS 1000 D [\/column] [column size=&#8220;1-3&#8243; last=&#8220;1&#8243;] [\/column] Die brandneue CCS 1000 D \u00fcberzeugt durch Einfachheit und Benutzerfreundlichkeit und das, ohne auf neuste technische Innovationen verzichten zu m\u00fcssen. Verschaffen Sie sich hier einen \u00dcberblick \u00fcber die Features der Anlage. Bosch CCS 1000 D Digital Discussion System Features [&hellip;]<\/p>","protected":false},"author":1,"featured_media":45482,"parent":0,"menu_order":33,"comment_status":"closed","ping_status":"open","template":"","meta":{"_acf_changed":false,"footnotes":""},"class_list":["post-5029","page","type-page","status-publish","has-post-thumbnail","hentry"],"acf":[],"_links":{"self":[{"href":"https:\/\/konferenztechnik.de\/uk\/wp-json\/wp\/v2\/pages\/5029","targetHints":{"allow":["GET"]}}],"collection":[{"href":"https:\/\/konferenztechnik.de\/uk\/wp-json\/wp\/v2\/pages"}],"about":[{"href":"https:\/\/konferenztechnik.de\/uk\/wp-json\/wp\/v2\/types\/page"}],"author":[{"embeddable":true,"href":"https:\/\/konferenztechnik.de\/uk\/wp-json\/wp\/v2\/users\/1"}],"replies":[{"embeddable":true,"href":"https:\/\/konferenztechnik.de\/uk\/wp-json\/wp\/v2\/comments?post=5029"}],"version-history":[{"count":0,"href":"https:\/\/konferenztechnik.de\/uk\/wp-json\/wp\/v2\/pages\/5029\/revisions"}],"wp:featuredmedia":[{"embeddable":true,"href":"https:\/\/konferenztechnik.de\/uk\/wp-json\/wp\/v2\/media\/45482"}],"wp:attachment":[{"href":"https:\/\/konferenztechnik.de\/uk\/wp-json\/wp\/v2\/media?parent=5029"}],"curies":[{"name":"wp","href":"https:\/\/api.w.org\/{rel}","templated":true}]}}