{"id":5760,"date":"2015-06-24T14:06:19","date_gmt":"2015-06-24T13:06:19","guid":{"rendered":"https:\/\/konferenztechnik.de\/?page_id=5760"},"modified":"2023-09-01T13:06:15","modified_gmt":"2023-09-01T11:06:15","slug":"%d0%ba%d0%b0%d0%b1%d1%96%d0%bd%d0%ba%d0%b0-%d0%bf%d0%b5%d1%80%d0%b5%d0%ba%d0%bb%d0%b0%d0%b4%d0%b0%d1%87%d0%b0","status":"publish","type":"page","link":"https:\/\/konferenztechnik.de\/uk\/%d0%ba%d0%b0%d0%b1%d1%96%d0%bd%d0%ba%d0%b0-%d0%bf%d0%b5%d1%80%d0%b5%d0%ba%d0%bb%d0%b0%d0%b4%d0%b0%d1%87%d0%b0\/","title":{"rendered":"\u041a\u0430\u0431\u0456\u043d\u043a\u0430 \u043f\u0435\u0440\u0435\u043a\u043b\u0430\u0434\u0430\u0447\u0430"},"content":{"rendered":"<h1>\u041e\u0440\u0435\u043d\u0434\u0430 \u0442\u0430 \u043f\u0440\u043e\u0434\u0430\u0436 \u043a\u0430\u0431\u0456\u043d \u0434\u043b\u044f \u043f\u0435\u0440\u0435\u043a\u043b\u0430\u0434\u0430\u0447\u0456\u0432 \u2013<\/h1>\n<p>[spacer size=\"30\u2033]<br \/>\n[rev_slider \u041a\u0430\u0431\u0456\u043d\u043a\u0430 \u043f\u0435\u0440\u0435\u043a\u043b\u0430\u0434\u0430\u0447\u0430]<br \/>\n[spacer size=\"30\u2033]<br \/>\n[column size=\"1-2\u2033 last=\"0\u2033]<br \/>\n\u0423 PCS \u0432\u0438 \u043e\u0442\u0440\u0438\u043c\u0443\u0454\u0442\u0435 \u0442\u0456\u043b\u044c\u043a\u0438 \u0432\u0438\u0441\u043e\u043a\u043e\u044f\u043a\u0456\u0441\u043d\u0456, \u043f\u0440\u043e\u0444\u0435\u0441\u0456\u0439\u043d\u0456 \u0442\u0430 \u0434\u043e\u0433\u043b\u044f\u043d\u0443\u0442\u0456 \u043a\u0430\u0431\u0456\u043d\u0438 \u0434\u043b\u044f \u0443\u0441\u043d\u043e\u0433\u043e \u043f\u0435\u0440\u0435\u043a\u043b\u0430\u0434\u0443 \u0432\u0456\u0434 Audipack. \u041a\u0430\u0431\u0456\u043d\u0438 \u0441\u0435\u0440\u0456\u0457 Audipack Silent \u0445\u0430\u0440\u0430\u043a\u0442\u0435\u0440\u0438\u0437\u0443\u044e\u0442\u044c\u0441\u044f \u043d\u0430\u0434\u0437\u0432\u0438\u0447\u0430\u0439\u043d\u043e\u044e \u0433\u043d\u0443\u0447\u043a\u0456\u0441\u0442\u044e \u0442\u0430 \u043c\u043e\u0431\u0456\u043b\u044c\u043d\u0456\u0441\u0442\u044e.<\/p>\n<p>\u041a\u0430\u0431\u0456\u043d\u0438 \u0432\u0456\u0434\u043f\u043e\u0432\u0456\u0434\u0430\u044e\u0442\u044c \u043d\u0430\u0439\u0432\u0438\u0449\u0438\u043c \u043f\u0440\u043e\u043c\u0438\u0441\u043b\u043e\u0432\u0438\u043c \u0441\u0442\u0430\u043d\u0434\u0430\u0440\u0442\u0430\u043c \u0456 \u043d\u0430\u0432\u0456\u0442\u044c \u043f\u0435\u0440\u0435\u0432\u0435\u0440\u0448\u0443\u044e\u0442\u044c \u0432\u0438\u0441\u043e\u043a\u0456 \u0432\u0438\u043c\u043e\u0433\u0438 \u0441\u0442\u0430\u043d\u0434\u0430\u0440\u0442\u0443 ISO 4043 \u0437\u0430\u0432\u0434\u044f\u043a\u0438 \u0441\u0432\u043e\u0457\u0439 \u0430\u043a\u0443\u0441\u0442\u0438\u0447\u043d\u0456\u0439 \u0456\u0437\u043e\u043b\u044f\u0446\u0456\u0457.<\/p>\n<p>\u041a\u0430\u0431\u0456\u043d\u043a\u0438 \u0434\u043b\u044f \u0443\u0441\u043d\u043e\u0433\u043e \u043f\u0435\u0440\u0435\u043a\u043b\u0430\u0434\u0443 \u043c\u0430\u044e\u0442\u044c \u043c\u043e\u0434\u0443\u043b\u044c\u043d\u0443 \u043a\u043e\u043d\u0441\u0442\u0440\u0443\u043a\u0446\u0456\u044e \u0456 \u043c\u043e\u0436\u0443\u0442\u044c \u0431\u0443\u0442\u0438 \u043b\u0435\u0433\u043a\u043e \u0437\u0456\u0431\u0440\u0430\u043d\u0456 \u0442\u0430 \u0440\u043e\u0437\u0456\u0431\u0440\u0430\u043d\u0456 \u043d\u0430\u0448\u0438\u043c\u0438 \u0442\u0435\u0445\u043d\u0456\u0447\u043d\u0438\u043c\u0438 \u0441\u043f\u0435\u0446\u0456\u0430\u043b\u0456\u0441\u0442\u0430\u043c\u0438.<br \/>\n[\/column]<\/p>\n<p>[column size=\"1-2\u2033 last=\"1\u2033]<\/p>\n<p>\u041a\u0430\u0431\u0456\u043d\u0430 \u043f\u0435\u0440\u0435\u043a\u043b\u0430\u0434\u0430\u0447\u0430 \u043e\u0431\u043b\u0430\u0434\u043d\u0430\u043d\u0430 \u0441\u0442\u043e\u043b\u043e\u043c \u0456 \u0430\u043a\u0442\u0438\u0432\u043d\u043e\u044e \u0432\u0435\u043d\u0442\u0438\u043b\u044f\u0446\u0456\u0454\u044e. \u0421\u0442\u0430\u043d\u0434\u0430\u0440\u0442\u043d\u0438\u0439 \u043a\u043e\u043b\u0456\u0440 - \u0441\u0432\u0456\u0442\u043b\u043e-\u0441\u0456\u0440\u0438\u0439. \u041e\u0441\u043a\u0456\u043b\u044c\u043a\u0438 \u043a\u0430\u0431\u0456\u043d\u0438 \u0432\u0456\u0434\u043f\u043e\u0432\u0456\u0434\u0430\u044e\u0442\u044c \u0441\u0442\u0430\u043d\u0434\u0430\u0440\u0442\u0443 ISO 4043 \u0434\u043b\u044f \u043c\u043e\u0431\u0456\u043b\u044c\u043d\u0438\u0445 \u043a\u0430\u0431\u0456\u043d \u0443\u0441\u043d\u043e\u0433\u043e \u043f\u0435\u0440\u0435\u043a\u043b\u0430\u0434\u0443, \u0432\u043e\u043d\u0438 \u0432\u0456\u0434\u043f\u043e\u0432\u0456\u0434\u0430\u044e\u0442\u044c \u0432\u0438\u043c\u043e\u0433\u0430\u043c \u0431\u0430\u0433\u0430\u0442\u044c\u043e\u0445 \u0442\u0435\u043d\u0434\u0435\u0440\u0456\u0432, \u043e\u0441\u043e\u0431\u043b\u0438\u0432\u043e \u043d\u0430 \u0454\u0432\u0440\u043e\u043f\u0435\u0439\u0441\u044c\u043a\u043e\u043c\u0443 \u0440\u0456\u0432\u043d\u0456.<\/p>\n<p>\u0421\u0442\u0430\u043d\u0434\u0430\u0440\u0442\u043d\u043e \u043d\u0430\u0448\u0456 \u043a\u0430\u044e\u0442\u0438 \u0440\u043e\u0437\u0440\u0430\u0445\u043e\u0432\u0430\u043d\u0456 \u043d\u0430 \u0434\u0432\u043e\u0445 \u043e\u0441\u0456\u0431, \u0430\u043b\u0435 \u0457\u0445 \u043c\u043e\u0436\u043d\u0430 \u043b\u0435\u0433\u043a\u043e \u0437\u0431\u0456\u043b\u044c\u0448\u0438\u0442\u0438 \u0434\u043b\u044f \u0440\u043e\u0437\u043c\u0456\u0449\u0435\u043d\u043d\u044f \u0431\u0456\u043b\u044c\u0448\u043e\u0457 \u043a\u0456\u043b\u044c\u043a\u043e\u0441\u0442\u0456 \u043b\u044e\u0434\u0435\u0439.<br \/>\n[\/column]<br \/>\n[spacer size=\"30\u2033]<br \/>\n[column size=\"1-2\u2033 last=\"0\u2033]<br \/>\n\u041e\u0441\u043d\u043e\u0432\u043d\u0456 \u043c\u043e\u043c\u0435\u043d\u0442\u0438:<\/p>\n<p>[v_icon color=\"#a5186d\" size=\"18px\" target=\"_blank\" name=\"moon-checkmark-3\u2033] \u041b\u0435\u0433\u043a\u0435 \u0437\u0431\u0438\u0440\u0430\u043d\u043d\u044f \u0442\u0430 \u0440\u043e\u0437\u0431\u0438\u0440\u0430\u043d\u043d\u044f, \u043c\u043e\u0431\u0456\u043b\u044c\u043d\u0435 \u0432\u0438\u043a\u043e\u0440\u0438\u0441\u0442\u0430\u043d\u043d\u044f<br \/>\n[v_icon color=\"#a5186d\" size=\"18px\" target=\"_blank\" name=\"moon-checkmark-3\u2033] \u0412\u0456\u0434\u043f\u043e\u0432\u0456\u0434\u0430\u0454 \u0441\u0442\u0430\u043d\u0434\u0430\u0440\u0442\u0443 ISO 4043<br \/>\n[v_icon color=\"#a5186d\" size=\"18px\" target=\"_blank\" name=\"moon-checkmark-3\u2033] \u0420\u043e\u0437\u043a\u043b\u0430\u0434\u0430\u0454\u0442\u044c\u0441\u044f \u0434\u043b\u044f \u0447\u043e\u0442\u0438\u0440\u044c\u043e\u0445 \u043e\u0441\u0456\u0431<br \/>\n[v_icon color=\"#a5186d\" size=\"18px\" target=\"_blank\" name=\"moon-checkmark-3\u2033] \u0410\u043a\u0442\u0438\u0432\u043d\u0430 \u0432\u0435\u043d\u0442\u0438\u043b\u044f\u0446\u0456\u044f<br \/>\n[\/column]<\/p>\n<p>[column size=\"1-2\u2033 last=\"1\u2033]<br \/>\n\u0422\u0435\u0445\u043d\u0456\u0447\u043d\u0456 \u0445\u0430\u0440\u0430\u043a\u0442\u0435\u0440\u0438\u0441\u0442\u0438\u043a\u0438:<\/p>\n<p>[v_icon color=\"#a5186d\" size=\"18px\" target=\"_blank\" name=\"moon-circle-small\"] \u041a\u043e\u043b\u0456\u0440: \u0441\u0432\u0456\u0442\u043b\u043e-\u0441\u0456\u0440\u0438\u0439 (\u043f\u0440\u0438\u0431\u043b\u0438\u0437\u043d\u043e \u0432\u0456\u0434\u043f\u043e\u0432\u0456\u0434\u0430\u0454 RAL 7042)<br \/>\n[v_icon color=\"#a5186d\" size=\"18px\" target=\"_blank\" name=\"moon-circle-small\"] \u0417\u043e\u0432\u043d\u0456\u0448\u043d\u0456 \u0440\u043e\u0437\u043c\u0456\u0440\u0438: 1682 x 1682 x 2041 \u043c\u043c<br \/>\n[v_icon color=\"#a5186d\" size=\"18px\" target=\"_blank\" name=\"moon-circle-small\"] \u0412\u043d\u0443\u0442\u0440\u0456\u0448\u043d\u0456 \u0440\u043e\u0437\u043c\u0456\u0440\u0438: 1600 x 1600 x 2000 \u043c\u043c<br \/>\n[v_icon color=\"#a5186d\" size=\"18px\" target=\"_blank\" name=\"moon-circle-small\"] \u0412\u0430\u0433\u0430: \u0431\u043b\u0438\u0437\u044c\u043a\u043e 210 \u043a\u0433<br \/>\n[\/column]<\/p>\n<p>[spacer size=\"30\u2033]<\/p>\n<p>[\u044f\u0441\u043d\u043e]<\/p>\n<h1>\u041a\u043e\u043d\u0442\u0430\u043a\u0442\u043d\u0430 \u043e\u0441\u043e\u0431\u0430<\/h1>\n<p>[spacer size=\"20\u2033]<\/p>\n<p>[column size=\"1-2\u2033 last=\"0\u2033]<br \/>\n[tabs style=\"2\u2033]<br \/>\n[tab title=\"\u041e\u0440\u0435\u043d\u0434\u0430 \u0442\u0430 \u043f\u0440\u043e\u0434\u0430\u0436 \"]<br \/>\n<img fetchpriority=\"high\" decoding=\"async\" width=\"800\" height=\"533\" src=\"https:\/\/konferenztechnik.de\/wp-content\/uploads\/2013\/09\/christian_becker_pcs-gmbh.jpg\" alt=\"christian_becker_pcs-gmbh\" class=\"alignleft size-full wp-image-2293\" title=\"\" srcset=\"https:\/\/konferenztechnik.de\/wp-content\/uploads\/2013\/09\/christian_becker_pcs-gmbh.jpg 800w, https:\/\/konferenztechnik.de\/wp-content\/uploads\/2013\/09\/christian_becker_pcs-gmbh-300x200.jpg 300w, https:\/\/konferenztechnik.de\/wp-content\/uploads\/2013\/09\/christian_becker_pcs-gmbh-768x512.jpg 768w\" sizes=\"(max-width: 800px) 100vw, 800px\" \/><br \/>\n\u041a\u0440\u0456\u0441\u0442\u0456\u0430\u043d \u0411\u0435\u043a\u043a\u0435\u0440<br \/>\n\u041a\u0435\u0440\u0456\u0432\u043d\u0438\u043a \u0417\u0430\u0445\u0456\u0434\u043d\u043e\u0433\u043e \u0434\u0435\u043f\u0430\u0440\u0442\u0430\u043c\u0435\u043d\u0442\u0443 \u043e\u0440\u0435\u043d\u0434\u0438<br \/>\n\u0422\u0435\u043b\u0435\u0444\u043e\u043d +49 211 737798 17<br \/>\n\u0435\u043b\u0435\u043a\u0442\u0440\u043e\u043d\u043d\u0430 \u043f\u043e\u0448\u0442\u0430 <a href=\"mailto:becker@konferenztechnik.de\">becker@konferenztechnik.de<\/a><br \/>\nQR-\u043a\u043e\u0434 <a href=\"https:\/\/konferenztechnik.de\/wp-content\/uploads\/2013\/09\/christian_becker_qrcode.png\" title=\"QR-\u043a\u043e\u0434 \u041a\u0440\u0456\u0441\u0442\u0456\u0430\u043d \u0411\u0435\u043a\u043a\u0435\u0440\">&#x9B; show<\/a><br \/>\n[\/tab]<br \/>\n[\/tabs]<br \/>\n[\/column]<\/p>\n<p>[spacer size=\"30\u2033]<\/p>\n<div class=\"weiterlinks\">\n<h1>\u0406\u043d\u0448\u0456 \u043f\u043e\u0441\u0438\u043b\u0430\u043d\u043d\u044f:<\/h1>\n<ul>\n<li>\u203a <a title=\"\u041f\u043e\u0441\u0438\u043b\u0430\u043d\u043d\u044f\" href=\"\/uk\/%d0%bf%d1%80%d0%be-%d0%bd%d0%b0%d1%81-2\/%d1%81%d0%bf%d0%b8%d1%81%d0%be%d0%ba-%d0%bb%d1%96%d1%82%d0%b5%d1%80%d0%b0%d1%82%d1%83%d1%80%d0%b8-%d0%bf%d0%be%d0%b4%d1%96%d1%8f\/\">\u041f\u043e\u0441\u0438\u043b\u0430\u043d\u043d\u044f \u041f\u0456\u0434\u0442\u0440\u0438\u043c\u043a\u0430 \u0442\u0430 \u0437\u0434\u0430\u0447\u0430 \u0432 \u043e\u0440\u0435\u043d\u0434\u0443<\/a><\/li>\n<li>\u203a <a title=\"10 \u0432\u0430\u0433\u043e\u043c\u0438\u0445 \u043f\u0440\u0438\u0447\u0438\u043d \u0434\u043b\u044f PCS\" href=\"\/uk\/%d0%bf%d1%80%d0%be-%d0%bd%d0%b0%d1%81-2\/10-%d0%b2%d0%b0%d0%b3%d0%be%d0%bc%d0%b8%d1%85-%d0%bf%d1%80%d0%b8%d1%87%d0%b8%d0%bd-%d0%b4%d0%bb%d1%8f-%d1%88%d1%82\/\">10 \u0432\u0430\u0433\u043e\u043c\u0438\u0445 \u043f\u0440\u0438\u0447\u0438\u043d \u0434\u043b\u044f PCS<\/a><\/li>\n<li>\u203a <a title=\"\u041f\u0456\u0434\u0442\u0440\u0438\u043c\u043a\u0430 \u0431\u0430\u0433\u0430\u0442\u043e\u043c\u043e\u0432\u043d\u0438\u0445 \u043f\u043e\u0434\u0456\u0439\" href=\"\/uk\/%d0%bf%d1%96%d0%b4%d1%82%d1%80%d0%b8%d0%bc%d0%ba%d0%b0-%d0%b1%d0%b0%d0%b3%d0%b0%d1%82%d0%be%d0%bc%d0%be%d0%b2%d0%bd%d0%b8%d1%85-%d0%b7%d0%b0%d1%85%d0%be%d0%b4%d1%96%d0%b2\/\">\u041f\u0456\u0434\u0442\u0440\u0438\u043c\u043a\u0430 \u0431\u0430\u0433\u0430\u0442\u043e\u043c\u043e\u0432\u043d\u0438\u0445 \u043f\u043e\u0434\u0456\u0439<\/a><\/li>\n<\/ul>\n<\/div>","protected":false},"excerpt":{"rendered":"<p>Dolmetscherkabinen &#8211; Vermietung und Verkauf [spacer size=&#8220;30&#8243;] [rev_slider Dolmetscherkabine] [spacer size=&#8220;30&#8243;] [column size=&#8220;1-2&#8243; last=&#8220;0&#8243;] Bei PCS erhalten Sie nur qualitativ hochwertige, pofessionelle und bestens gewartete Dolmetschkabinen der Firma Audipack. Die Kabinen der Audipack Silent Serie zeichnen sich durch \u00e4u\u00dferste Flexibilit\u00e4t und Mobilit\u00e4t aus. Die Kabinen entsprechen h\u00f6chsten industriellen Standards und \u00fcbertreffen mit ihrer akustischen D\u00e4mmung [&hellip;]<\/p>","protected":false},"author":1,"featured_media":45482,"parent":0,"menu_order":40,"comment_status":"closed","ping_status":"open","template":"","meta":{"_acf_changed":false,"footnotes":""},"class_list":["post-5760","page","type-page","status-publish","has-post-thumbnail","hentry"],"acf":[],"_links":{"self":[{"href":"https:\/\/konferenztechnik.de\/uk\/wp-json\/wp\/v2\/pages\/5760","targetHints":{"allow":["GET"]}}],"collection":[{"href":"https:\/\/konferenztechnik.de\/uk\/wp-json\/wp\/v2\/pages"}],"about":[{"href":"https:\/\/konferenztechnik.de\/uk\/wp-json\/wp\/v2\/types\/page"}],"author":[{"embeddable":true,"href":"https:\/\/konferenztechnik.de\/uk\/wp-json\/wp\/v2\/users\/1"}],"replies":[{"embeddable":true,"href":"https:\/\/konferenztechnik.de\/uk\/wp-json\/wp\/v2\/comments?post=5760"}],"version-history":[{"count":0,"href":"https:\/\/konferenztechnik.de\/uk\/wp-json\/wp\/v2\/pages\/5760\/revisions"}],"wp:featuredmedia":[{"embeddable":true,"href":"https:\/\/konferenztechnik.de\/uk\/wp-json\/wp\/v2\/media\/45482"}],"wp:attachment":[{"href":"https:\/\/konferenztechnik.de\/uk\/wp-json\/wp\/v2\/media?parent=5760"}],"curies":[{"name":"wp","href":"https:\/\/api.w.org\/{rel}","templated":true}]}}