{"id":6443,"date":"2016-04-07T15:41:05","date_gmt":"2016-04-07T14:41:05","guid":{"rendered":"https:\/\/konferenztechnik.de\/?page_id=6443"},"modified":"2023-09-01T12:08:03","modified_gmt":"2023-09-01T10:08:03","slug":"%d0%bb%d1%96%d1%82%d0%bd%d1%96%d0%b9-%d0%ba%d0%b0%d0%b1%d0%b5%d0%bb%d1%8c","status":"publish","type":"page","link":"https:\/\/konferenztechnik.de\/uk\/%d0%b2%d0%b8%d1%80%d0%be%d0%b1%d0%bd%d0%b8%d0%ba\/%d0%bb%d1%96%d1%82%d0%bd%d1%96%d0%b9-%d0%ba%d0%b0%d0%b1%d0%b5%d0%bb%d1%8c\/","title":{"rendered":"\u041b\u0456\u0442\u043d\u0456\u0439 \u043a\u0430\u0431\u0435\u043b\u044c"},"content":{"rendered":"<p>[column size=\"1-2\u2033 last=\"0\u2033]<\/p>\n<h1>\u041b\u0456\u0442\u043d\u0456\u0439 \u043a\u0430\u0431\u0435\u043b\u044c<\/h1>\n<p>[\/column]<br \/>\n[column size=\"1-2\u2033 last=\"1\u2033]<img decoding=\"async\" width=\"407\" height=\"74\" src=\"https:\/\/konferenztechnik.de\/wp-content\/uploads\/2016\/04\/logo-sommercable.jpg\" alt=\"\u041b\u043e\u0433\u043e\u0442\u0438\u043f Sommercable\" class=\"alignright size-full wp-image-6445\" title=\"\" srcset=\"https:\/\/konferenztechnik.de\/wp-content\/uploads\/2016\/04\/logo-sommercable.jpg 407w, https:\/\/konferenztechnik.de\/wp-content\/uploads\/2016\/04\/logo-sommercable-300x55.jpg 300w\" sizes=\"(max-width: 407px) 100vw, 407px\" \/>[\/column]<\/p>\n<p>Sommer Cable \u0441\u043f\u0435\u0446\u0456\u0430\u043b\u0456\u0437\u0443\u0454\u0442\u044c\u0441\u044f \u043d\u0430 \u043f\u0440\u043e\u0444\u0435\u0441\u0456\u0439\u043d\u0456\u0439 \u043a\u0430\u0431\u0435\u043b\u044c\u043d\u0456\u0439 \u0442\u0430 \u0437'\u0454\u0434\u043d\u0443\u0432\u0430\u043b\u044c\u043d\u0456\u0439 \u0442\u0435\u0445\u043d\u0456\u0446\u0456, \u0437\u043e\u043a\u0440\u0435\u043c\u0430 \u043d\u0430 \u0430\u0443\u0434\u0456\u043e-, \u0432\u0456\u0434\u0435\u043e-, \u0442\u0435\u043b\u0435-, \u0440\u0430\u0434\u0456\u043e-, \u0441\u0442\u0443\u0434\u0456\u0439\u043d\u0456\u0439 \u0442\u0435\u0445\u043d\u0456\u0446\u0456 \u0442\u0430 \u043c\u0435\u0434\u0456\u0430-\u0442\u0435\u0445\u043d\u043e\u043b\u043e\u0433\u0456\u044f\u0445.<\/p>\n<p><img fetchpriority=\"high\" decoding=\"async\" width=\"933\" height=\"425\" src=\"https:\/\/konferenztechnik.de\/wp-content\/uploads\/2016\/04\/sommercable-pcs.jpg\" alt=\"Sommercable \u0432 PCS\" class=\"alignleft size-full wp-image-6450\" title=\"\" srcset=\"https:\/\/konferenztechnik.de\/wp-content\/uploads\/2016\/04\/sommercable-pcs.jpg 933w, https:\/\/konferenztechnik.de\/wp-content\/uploads\/2016\/04\/sommercable-pcs-300x137.jpg 300w, https:\/\/konferenztechnik.de\/wp-content\/uploads\/2016\/04\/sommercable-pcs-768x350.jpg 768w\" sizes=\"(max-width: 933px) 100vw, 933px\" \/><\/p>\n<p>Sommercable \u043f\u0440\u043e\u043f\u043e\u043d\u0443\u0454 \u043d\u0435 \u0442\u0456\u043b\u044c\u043a\u0438 \u0456\u0434\u0435\u0430\u043b\u044c\u043d\u0438\u0439 \u043a\u0430\u0431\u0435\u043b\u044c \u0434\u043b\u044f \u0431\u0443\u0434\u044c-\u044f\u043a\u043e\u0433\u043e \u0437\u0430\u0441\u0442\u043e\u0441\u0443\u0432\u0430\u043d\u043d\u044f, \u0430\u043b\u0435 \u0439 \u0431\u0435\u0437\u0434\u043e\u0433\u0430\u043d\u043d\u0438\u0439 \u0441\u0435\u0440\u0432\u0456\u0441, \u0448\u0432\u0438\u0434\u043a\u0456 \u0442\u0435\u0440\u043c\u0456\u043d\u0438 \u0434\u043e\u0441\u0442\u0430\u0432\u043a\u0438 \u0442\u0430 \u0440\u0456\u0448\u0435\u043d\u043d\u044f \u0434\u043b\u044f \u0456\u043d\u0434\u0438\u0432\u0456\u0434\u0443\u0430\u043b\u044c\u043d\u0438\u0445 \u0437\u0430\u043f\u0438\u0442\u0456\u0432. \u041c\u0438 \u0442\u0430\u043a\u043e\u0436 \u043f\u043e\u0441\u0442\u0430\u0447\u0430\u0454\u043c\u043e \u0430\u043a\u0442\u0438\u0432\u043d\u0456 \u043a\u043e\u043c\u043f\u043e\u043d\u0435\u043d\u0442\u0438, \u0437'\u0454\u0434\u043d\u0443\u0432\u0430\u043b\u044c\u043d\u0456 \u043f\u0430\u043d\u0435\u043b\u0456, \u0430\u0434\u0430\u043f\u0442\u0435\u0440\u0438 \u0442\u0430 \u0431\u0430\u0433\u0430\u0442\u043e \u0440\u0456\u0448\u0435\u043d\u044c \u0434\u043b\u044f \u0441\u0442\u0430\u0446\u0456\u043e\u043d\u0430\u0440\u043d\u0438\u0445 \u0456\u043d\u0441\u0442\u0430\u043b\u044f\u0446\u0456\u0439 \u0432\u0456\u0434 Sommercable.<\/p>\n<p>[column size=\"1-2\u2033 last=\"0\u2033]<\/p>\n<h2>\u041a\u0430\u0431\u0435\u043b\u0456<\/h2>\n<p>\u0410\u0443\u0434\u0456\u043e \u043d\u0430 \u043c\u0435\u0442\u0440<br \/>\n\u0406\u043d\u0441\u0442\u0440\u0443\u043c\u0435\u043d\u0442 \u043d\u0430 \u043c\u0435\u0442\u0440<br \/>\n\u0414\u0438\u043d\u0430\u043c\u0456\u043a \u043d\u0430 \u043c\u0435\u0442\u0440<br \/>\n\u0412\u0456\u0434\u0435\u043e \u043d\u0430 \u043c\u0435\u0442\u0440<br \/>\n\u041e\u043f\u0442\u043e\u0432\u043e\u043b\u043e\u043a\u043d\u043e\/LAN\/CAT \u043d\u0430 \u043c\u0435\u0442\u0440<br \/>\n\u041f\u043e\u0442\u0443\u0436\u043d\u0456\u0441\u0442\u044c\/\u043a\u043e\u043d\u0442\u0440\u043e\u043b\u044c \u043b\u0456\u0447\u0438\u043b\u044c\u043d\u0438\u043a\u0430 \u043f\u043e\u0441\u0443\u0434\u0443<br \/>\n\u0413\u0456\u0431\u0440\u0438\u0434\/\u043a\u043e\u043c\u0431\u0456\u043d\u0430\u0446\u0456\u044f \u043d\u0430 \u043c\u0435\u0442\u0440<br \/>\n\u0410\u0443\u0434\u0456\u043e\u043a\u0430\u0431\u0435\u043b\u044c\/\u0434\u0438\u043d\u0430\u043c\u0456\u043a<br \/>\nBNC\/\u0432\u0456\u0434\u0435\u043e\u043a\u0430\u0431\u0435\u043b\u044c<br \/>\n\u041a\u043e\u043c\u043f'\u044e\u0442\u0435\u0440\u043d\u0438\u0439\/\u043c\u0435\u0434\u0456\u0439\u043d\u0438\u0439 \u043a\u0430\u0431\u0435\u043b\u044c<br \/>\nHiFi \u0442\u0430 \u0434\u0456\u043c<br \/>\n\u0406\u043d\u0441\u0442\u0440\u0443\u043c\u0435\u043d\u0442\u0430\u043b\u044c\u043d\u0438\u0439 \u043a\u0430\u0431\u0435\u043b\u044c<br \/>\n\u041a\u0430\u0431\u0435\u043b\u044c \u043d\u0430\u0432\u0430\u043d\u0442\u0430\u0436\u0435\u043d\u043d\u044f\/\u0436\u0438\u0432\u043b\u0435\u043d\u043d\u044f<br \/>\n\u0411\u0430\u0433\u0430\u0442\u043e\u043a\u0430\u043d\u0430\u043b\u044c\u043d\u0438\u0439\/\u0431\u0430\u0433\u0430\u0442\u043e\u044f\u0434\u0435\u0440\u043d\u0438\u0439<br \/>\n\u041c\u0456\u043a\u0440\u043e\u0444\u043e\u043d\u043d\u0438\u0439 \u043a\u0430\u0431\u0435\u043b\u044c<br \/>\n\u0417'\u0454\u0434\u043d\u0443\u0432\u0430\u043b\u044c\u043d\u0438\u0439\/\u043f\u0435\u0440\u0435\u0445\u0456\u0434\u043d\u0438\u0439 \u043a\u0430\u0431\u0435\u043b\u044c<br \/>\n\u0421\u0442\u0443\u0434\u0456\u0439\u043d\u0456 \u0442\u043a\u0430\u0446\u044c\u043a\u0456 \u0432\u0435\u0440\u0441\u0442\u0430\u0442\u0438<br \/>\n\u0406\u043d\u0448\u0435<br \/>\n[\/column]<\/p>\n<p>[column size=\"1-2\u2033 last=\"0\u2033]<\/p>\n<h2>\u0428\u0442\u0435\u043a\u0435\u0440\u043d\u0438\u0439 \u0440\u043e\u0437'\u0454\u043c<\/h2>\n<p>\u0410\u0434\u0430\u043f\u0442\u0435\u0440<br \/>\nBNC\/\u043a\u043e\u0430\u043a\u0441\u0456\u0430\u043b\u044c\u043d\u0438\u0439<br \/>\nCinch (RCA)<br \/>\nHiFi<br \/>\n\u0414\u0436\u0435\u043a\/\u0414\u0436\u0435\u043a<br \/>\n\u041d\u0430\u0432\u0430\u043d\u0442\u0430\u0436\u0435\u043d\u043d\u044f\/\u043f\u043e\u0442\u0443\u0436\u043d\u0456\u0441\u0442\u044c<br \/>\n\u0411\u0430\u0433\u0430\u0442\u043e\u043a\u0430\u043d\u0430\u043b\u044c\u043d\u0438\u0439\/\u043c\u0443\u043b\u044c\u0442\u0438\u043f\u0456\u043d\u043e\u0432\u0438\u0439<br \/>\nRJ45\/CAT\/FIBER<br \/>\n\u0421\u043f\u0456\u043a\u0435\u0440<br \/>\nXLR<br \/>\n\u0406\u043d\u0448\u0435<br \/>\n\u0410\u043a\u0441\u0435\u0441\u0443\u0430\u0440\u0438<br \/>\n[\/column]<\/p>\n<p>[column size=\"1-3\u2033 last=\"1\u2033]<\/p>\n<h2>\u0421\u0438\u0441\u0442\u0435\u043c\u0438 \u0440\u043e\u0437\u043f\u043e\u0434\u0456\u043b\u0443<\/h2>\n<p>\u0417'\u0454\u0434\u043d\u0443\u0432\u0430\u043b\u044c\u043d\u0456 \u043f\u0430\u043d\u0435\u043b\u0456 19<br \/>\n\u0424\u0456\u043a\u0441\u043e\u0432\u0430\u043d\u0430 \u0443\u0441\u0442\u0430\u043d\u043e\u0432\u043a\u0430<br \/>\n\u041d\u0430\u0432\u0430\u043d\u0442\u0430\u0436\u0435\u043d\u043d\u044f\/\u043f\u043e\u0442\u0443\u0436\u043d\u0456\u0441\u0442\u044c<br \/>\n\u041c\u0443\u043b\u044c\u0442\u0438\u043c\u0435\u0434\u0456\u0439\u043d\u0438\u0439\/\u0432\u043e\u043b\u043e\u043a\u043e\u043d\u043d\u0438\u0439\/\u0433\u0456\u0431\u0440\u0438\u0434\u043d\u0438\u0439<br \/>\n\u0421\u043f\u0456\u043a\u0435\u0440<br \/>\n\u0421\u0446\u0435\u043d\u0456\u0447\u043d\u0456 \u043a\u043e\u0440\u043e\u0431\u043a\u0438<br \/>\nStagereels<br \/>\n\u0421\u0446\u0435\u043d\u0456\u0447\u043d\u0456 \u0431\u0430\u0433\u0430\u0442\u043e\u044f\u0434\u0435\u0440\u043d\u0456 \u043f\u0440\u043e\u0446\u0435\u0441\u043e\u0440\u0438<br \/>\n\u0421\u0438\u0441\u0442\u0435\u043c\u0430 \u043a\u043e\u0440\u043f\u0443\u0441\u0456\u0432 SYSBOXX<br \/>\n\u041d\u0430\u0441\u0442\u0456\u043d\u043d\u0430 \u043e\u0444\u0441\u0435\u0442\u043d\u0430 \u043a\u043e\u0440\u043e\u0431\u043a\u0430 SYSBOARD<br \/>\n\u041d\u0430\u0441\u0442\u0456\u043b\u044c\u043d\u0438\u0439 \u0440\u0435\u0437\u0435\u0440\u0432\u0443\u0430\u0440 SYSDESK<br \/>\n\u0420\u0430\u043c\u0430 \u043f\u0456\u0434\u043b\u043e\u0433\u043e\u0432\u043e\u0433\u043e \u0440\u0435\u0437\u0435\u0440\u0432\u0443\u0430\u0440\u0430 SYSFLOOR<br \/>\n\u0406\u043d\u0441\u0442\u0430\u043b\u044f\u0446\u0456\u0439\u043d\u0430 \u0441\u0438\u0441\u0442\u0435\u043c\u0430 SYSPANEL 1U<br \/>\n\u0421\u0438\u0441\u0442\u0435\u043c\u0430 \u043d\u0430\u0441\u0442\u0456\u043d\u043d\u0438\u0445 \u043c\u043e\u0434\u0443\u043b\u0456\u0432 SYSWALL<br \/>\n\u0410\u043a\u0441\u0435\u0441\u0443\u0430\u0440\u0438<br \/>\n[\/column]<\/p>\n<p>[button link=\"https:\/\/konferenztechnik.de\/hersteller\/\" target=\"self\" icon=\"moon-arrow-left-9\u2033 color=\"#a62055\u2033 text=\"light\"]\u041d\u0430\u0437\u0430\u0434[\/button]<\/p>","protected":false},"excerpt":{"rendered":"<p>[column size=&#8220;1-2&#8243; last=&#8220;0&#8243;] Sommer Cable [\/column] [column size=&#8220;1-2&#8243; last=&#8220;1&#8243;][\/column] Sommercable ist der Spezialist f\u00fcr professionelle Kabel- und Anschlusstechnik, insbesondere in Sachen Audio, Video, Broadcast, Studio- und Medientechnik. Sommercable bietet nicht nur f\u00fcr jeden Anwendungsfall das perfekte Kabel, sondern auch perfekten Service, schnelle Lieferzeiten und L\u00f6sungen f\u00fcr individuelle Anfragen. Wir beziehen bei Sommercable au\u00dferdem aktive Komponenten, [&hellip;]<\/p>","protected":false},"author":1,"featured_media":45482,"parent":6152,"menu_order":41,"comment_status":"closed","ping_status":"closed","template":"","meta":{"_acf_changed":false,"footnotes":""},"class_list":["post-6443","page","type-page","status-publish","has-post-thumbnail","hentry"],"acf":[],"_links":{"self":[{"href":"https:\/\/konferenztechnik.de\/uk\/wp-json\/wp\/v2\/pages\/6443","targetHints":{"allow":["GET"]}}],"collection":[{"href":"https:\/\/konferenztechnik.de\/uk\/wp-json\/wp\/v2\/pages"}],"about":[{"href":"https:\/\/konferenztechnik.de\/uk\/wp-json\/wp\/v2\/types\/page"}],"author":[{"embeddable":true,"href":"https:\/\/konferenztechnik.de\/uk\/wp-json\/wp\/v2\/users\/1"}],"replies":[{"embeddable":true,"href":"https:\/\/konferenztechnik.de\/uk\/wp-json\/wp\/v2\/comments?post=6443"}],"version-history":[{"count":0,"href":"https:\/\/konferenztechnik.de\/uk\/wp-json\/wp\/v2\/pages\/6443\/revisions"}],"up":[{"embeddable":true,"href":"https:\/\/konferenztechnik.de\/uk\/wp-json\/wp\/v2\/pages\/6152"}],"wp:featuredmedia":[{"embeddable":true,"href":"https:\/\/konferenztechnik.de\/uk\/wp-json\/wp\/v2\/media\/45482"}],"wp:attachment":[{"href":"https:\/\/konferenztechnik.de\/uk\/wp-json\/wp\/v2\/media?parent=6443"}],"curies":[{"name":"wp","href":"https:\/\/api.w.org\/{rel}","templated":true}]}}