{"id":9087,"date":"2017-02-16T13:41:03","date_gmt":"2017-02-16T12:41:03","guid":{"rendered":"https:\/\/www.konferenztechnik.de\/?page_id=9087\/"},"modified":"2017-02-16T13:41:03","modified_gmt":"2017-02-16T12:41:03","slug":"%d0%b7%d0%b0%d0%b2%d0%b0%d0%bd%d1%82%d0%b0%d0%b6%d0%b5%d0%bd%d0%bd%d1%8f-%d0%ba%d0%be%d0%bd%d1%84%d0%b5%d1%80%d0%b5%d0%bd%d1%86-%d1%82%d0%b5%d1%85%d0%bd%d0%be%d0%bb%d0%be%d0%b3%d1%96%d0%b9","status":"publish","type":"page","link":"https:\/\/konferenztechnik.de\/uk\/%d0%b7%d0%b0%d0%b2%d0%b0%d0%bd%d1%82%d0%b0%d0%b6%d0%b5%d0%bd%d0%bd%d1%8f-%d0%ba%d0%be%d0%bd%d1%84%d0%b5%d1%80%d0%b5%d0%bd%d1%86-%d1%82%d0%b5%d1%85%d0%bd%d0%be%d0%bb%d0%be%d0%b3%d1%96%d0%b9\/","title":{"rendered":"\u0417\u0430\u0432\u0430\u043d\u0442\u0430\u0436\u0435\u043d\u043d\u044f \u043a\u043e\u043d\u0444\u0435\u0440\u0435\u043d\u0446-\u0442\u0435\u0445\u043d\u043e\u043b\u043e\u0433\u0456\u0439"},"content":{"rendered":"<h1>\u0417\u0430\u0432\u0430\u043d\u0442\u0430\u0436\u0435\u043d\u043d\u044f \u043a\u043e\u043d\u0444\u0435\u0440\u0435\u043d\u0446-\u0442\u0435\u0445\u043d\u043e\u043b\u043e\u0433\u0456\u0439<\/h1>\n<p>\u041d\u0430 \u0446\u0456\u0439 \u0441\u0442\u043e\u0440\u0456\u043d\u0446\u0456 \u0432\u0438 \u043c\u043e\u0436\u0435\u0442\u0435 \u0437\u0430\u0432\u0430\u043d\u0442\u0430\u0436\u0438\u0442\u0438 \u043c\u0430\u0442\u0435\u0440\u0456\u0430\u043b\u0438 \u0437 \u043a\u043e\u043d\u0444\u0435\u0440\u0435\u043d\u0446-\u0442\u0435\u0445\u043d\u0456\u043a\u0438, \u0442\u0430\u043a\u0456 \u044f\u043a \u043f\u043e\u0441\u0456\u0431\u043d\u0438\u043a\u0438, \u0456\u043d\u0441\u0442\u0440\u0443\u043a\u0446\u0456\u0457 \u0437 \u0435\u043a\u0441\u043f\u043b\u0443\u0430\u0442\u0430\u0446\u0456\u0457, \u0441\u043f\u0435\u0446\u0438\u0444\u0456\u043a\u0430\u0446\u0456\u0457, \u043a\u0435\u0440\u0456\u0432\u043d\u0438\u0446\u0442\u0432\u0430 \u0442\u0430 \u0442\u0435\u0445\u043d\u0456\u0447\u043d\u0456 \u043e\u043f\u0438\u0441\u0438. PCS Konferenztechnik - \u0432\u0430\u0448 \u043f\u043e\u0441\u0442\u0430\u0447\u0430\u043b\u044c\u043d\u0438\u043a \u043a\u0430\u0431\u0456\u043d \u0434\u043b\u044f \u043f\u0435\u0440\u0435\u043a\u043b\u0430\u0434\u0430\u0447\u0456\u0432, \u043a\u043e\u043d\u0444\u0435\u0440\u0435\u043d\u0446-\u0442\u0435\u0445\u043d\u0456\u043a\u0438, \u0430\u0443\u0434\u0456\u043e- \u0442\u0430 \u0432\u0456\u0434\u0435\u043e\u0442\u0435\u0445\u043d\u0456\u043a\u0438, \u0441\u0438\u0441\u0442\u0435\u043c \u043d\u0430\u0432\u0435\u0434\u0435\u043d\u043d\u044f, \u043c\u0435\u0434\u0456\u0430-\u043a\u043e\u043d\u0442\u0440\u043e\u043b\u044e, \u043f\u0435\u0440\u0435\u043a\u043b\u0430\u0434\u0430\u0446\u044c\u043a\u043e\u0457 \u0442\u0435\u0445\u043d\u0456\u043a\u0438 \u0442\u0430 \u0442\u0435\u0445\u043d\u0456\u043a\u0438 \u0434\u043b\u044f \u043f\u0440\u043e\u0432\u0435\u0434\u0435\u043d\u043d\u044f \u0437\u0430\u0445\u043e\u0434\u0456\u0432. PCS \u043c\u0430\u0454 \u0444\u0456\u043b\u0456\u0457 \u0432 \u0411\u0435\u0440\u043b\u0456\u043d\u0456, \u041c\u044e\u043d\u0445\u0435\u043d\u0456 \u0442\u0430 \u0414\u044e\u0441\u0441\u0435\u043b\u044c\u0434\u043e\u0440\u0444\u0456 \u0456 \u043f\u0440\u0430\u0446\u044e\u0454 \u043f\u043e \u0432\u0441\u0456\u0439 \u043a\u0440\u0430\u0457\u043d\u0456.<\/p>\n<table>\n<tr>\n<th>\u0412\u0438\u0440\u043e\u0431\u043d\u0438\u043a<\/th>\n<th>\u041f\u0440\u043e\u0434\u0443\u043a\u0442<\/th>\n<th>\u041e\u043f\u0438\u0441 \u043f\u0440\u043e\u0435\u043a\u0442\u0443<\/th>\n<th>\u041f\u043e\u0441\u0438\u043b\u0430\u043d\u043d\u044f \u0434\u043b\u044f \u0437\u0430\u0432\u0430\u043d\u0442\u0430\u0436\u0435\u043d\u043d\u044f<\/th>\n<\/tr>\n<tr>\n<td>Audipack<\/td>\n<td>\u0411\u0435\u0437\u0448\u0443\u043c\u043d\u0430 \u0441\u0435\u0440\u0456\u044f 9300<\/td>\n<td><a href=\"\">&#x9B; \u0411\u0456\u043b\u044c\u0448\u0435 \u0456\u043d\u0444\u043e\u0440\u043c\u0430\u0446\u0456\u0457<\/a><\/td>\n<td><a href=\"https:\/\/konferenztechnik.de\/wp-content\/uploads\/2017\/02\/audipack-silent-9300-dolmetscherkabine-manual.pdf\">\u0420\u0443\u0447\u043d\u0456 \u043a\u0430\u0431\u0456\u043d\u0438 \u0434\u043b\u044f \u043f\u0435\u0440\u0435\u043a\u043b\u0430\u0434\u0430\u0447\u0456\u0432 Audipack \u0441\u0435\u0440\u0456\u0457 Silent<\/a><\/td>\n<\/tr>\n<tr>\n<td>Audipack<\/td>\n<td>\u0411\u0435\u0437\u0448\u0443\u043c\u043d\u0430 \u0441\u0435\u0440\u0456\u044f 9300<\/td>\n<td><a href=\"\">&#x9B; \u0411\u0456\u043b\u044c\u0448\u0435 \u0456\u043d\u0444\u043e\u0440\u043c\u0430\u0446\u0456\u0457<\/a><\/td>\n<td><a href=\"https:\/\/konferenztechnik.de\/wp-content\/uploads\/2017\/02\/audipack-silent-9300-dolmetscherkabine-assambling-manual.pdf\">\u0406\u043d\u0441\u0442\u0440\u0443\u043a\u0446\u0456\u044f \u0437\u0456 \u0437\u0431\u0438\u0440\u0430\u043d\u043d\u044f \u043a\u0430\u0431\u0456\u043d \u0434\u043b\u044f \u0431\u0435\u0437\u0448\u0443\u043c\u043d\u043e\u0433\u043e \u043f\u0435\u0440\u0435\u043a\u043b\u0430\u0434\u0443 Audipack<\/a><\/td>\n<\/tr>\n<tr>\n<td>Sennheiser<\/td>\n<td>TeamConnect Wireless<\/td>\n<td><a href=\"\">&#x9B; \u0411\u0456\u043b\u044c\u0448\u0435 \u0456\u043d\u0444\u043e\u0440\u043c\u0430\u0446\u0456\u0457<\/a><\/td>\n<td><a href=\"https:\/\/konferenztechnik.de\/wp-content\/uploads\/2017\/02\/TeamConnectWireless_SetCase_Manual_08_2016_DE.pdf\" target=\"_blank\" rel=\"noopener\">\u041f\u043e\u0441\u0456\u0431\u043d\u0438\u043a \u043a\u043e\u0440\u0438\u0441\u0442\u0443\u0432\u0430\u0447\u0430 TeamConnectWireless<\/a><\/td>\n<\/tr>\n<\/table>","protected":false},"excerpt":{"rendered":"<p>Konferenztechnik Downloads Auf dieser Seite finden Sie Konferenztechnik Downloads wie Handb\u00fccher, Bedienungsanleitungen, Produktbl\u00e4tter, Manuals und technische Beschreibungen. PCS Konferenztechnik ist Ihr Anbieter f\u00fcr Dolmetschkabinen, Konferenztechnik, AV-Medientechnik, F\u00fchrungsanlagen, Mediensteuerung, Dolmetschtechnik und Veranstaltungstechnik. PCS hat Niederlassungen in Berlin, M\u00fcnchen und D\u00fcsseldorf und ist bundesweit t\u00e4tig. Hersteller Produkt Beschreibung Download-Link Audipack Silent 9300 Serie &#x9B; Mehr Informationen Manual [&hellip;]<\/p>","protected":false},"author":1,"featured_media":45482,"parent":0,"menu_order":0,"comment_status":"closed","ping_status":"closed","template":"","meta":{"_acf_changed":false,"footnotes":""},"class_list":["post-9087","page","type-page","status-publish","has-post-thumbnail","hentry"],"acf":[],"_links":{"self":[{"href":"https:\/\/konferenztechnik.de\/uk\/wp-json\/wp\/v2\/pages\/9087","targetHints":{"allow":["GET"]}}],"collection":[{"href":"https:\/\/konferenztechnik.de\/uk\/wp-json\/wp\/v2\/pages"}],"about":[{"href":"https:\/\/konferenztechnik.de\/uk\/wp-json\/wp\/v2\/types\/page"}],"author":[{"embeddable":true,"href":"https:\/\/konferenztechnik.de\/uk\/wp-json\/wp\/v2\/users\/1"}],"replies":[{"embeddable":true,"href":"https:\/\/konferenztechnik.de\/uk\/wp-json\/wp\/v2\/comments?post=9087"}],"version-history":[{"count":0,"href":"https:\/\/konferenztechnik.de\/uk\/wp-json\/wp\/v2\/pages\/9087\/revisions"}],"wp:featuredmedia":[{"embeddable":true,"href":"https:\/\/konferenztechnik.de\/uk\/wp-json\/wp\/v2\/media\/45482"}],"wp:attachment":[{"href":"https:\/\/konferenztechnik.de\/uk\/wp-json\/wp\/v2\/media?parent=9087"}],"curies":[{"name":"wp","href":"https:\/\/api.w.org\/{rel}","templated":true}]}}