{"id":11576,"date":"2017-09-23T16:32:36","date_gmt":"2017-09-23T14:32:36","guid":{"rendered":"https:\/\/www.konferenztechnik.de\/?page_id=11576"},"modified":"2023-07-21T10:09:37","modified_gmt":"2023-07-21T08:09:37","slug":"%e4%bc%9a%e8%ae%ae%e8%ae%be%e5%a4%87%e7%a7%9f%e8%b5%81-3","status":"publish","type":"page","link":"https:\/\/konferenztechnik.de\/zh\/%e4%bc%9a%e8%ae%ae%e8%ae%be%e5%a4%87%e7%a7%9f%e8%b5%81-3\/","title":{"rendered":"\u5965\u683c\u65af\u5821\u4f1a\u8bae\u6280\u672f\u79df\u7528"},"content":{"rendered":"<div data-elementor-type=\"wp-page\" data-elementor-id=\"11576\" class=\"elementor elementor-11576\" data-elementor-post-type=\"page\">\n\t\t\t\t<div data-particle_enable=\"false\" data-particle-mobile-disabled=\"false\" class=\"elementor-element elementor-element-58ff7bd9 e-flex e-con-boxed e-con e-parent\" data-id=\"58ff7bd9\" data-element_type=\"container\">\n\t\t\t\t\t<div class=\"e-con-inner\">\n\t\t\t\t<div class=\"elementor-element elementor-element-35015433 elementor-widget elementor-widget-heading\" data-id=\"35015433\" data-element_type=\"widget\" data-settings=\"{&quot;_animation&quot;:&quot;none&quot;}\" data-widget_type=\"heading.default\">\n\t\t\t\t<div class=\"elementor-widget-container\">\n\t\t\t\t\t<h1 class=\"elementor-heading-title elementor-size-default\">\u5728\u5965\u683c\u65af\u5821\u79df\u7528\u4f1a\u8bae\u6280\u672f\uff0c\u5728\u65bd\u74e6\u672c\u79df\u7528\u89c6\u9891\u6280\u672f\u3001\u97f3\u9891\u6280\u672f\u548c\u540c\u58f0\u4f20\u8bd1\u6280\u672f<\/h1>\t\t\t\t<\/div>\n\t\t\t\t<\/div>\n\t\t\t\t<div class=\"elementor-element elementor-element-17315957 elementor-widget-widescreen__width-inherit elementor-widget elementor-widget-image\" data-id=\"17315957\" data-element_type=\"widget\" data-widget_type=\"image.default\">\n\t\t\t\t<div class=\"elementor-widget-container\">\n\t\t\t\t\t\t\t\t\t\t\t\t\t\t\t<img fetchpriority=\"high\" decoding=\"async\" width=\"850\" height=\"380\" src=\"https:\/\/konferenztechnik.de\/wp-content\/uploads\/2017\/05\/veranstaltungstechnik-augsburg.jpg\" class=\"attachment-full size-full wp-image-10001\" alt=\"\" srcset=\"https:\/\/konferenztechnik.de\/wp-content\/uploads\/2017\/05\/veranstaltungstechnik-augsburg.jpg 850w, https:\/\/konferenztechnik.de\/wp-content\/uploads\/2017\/05\/veranstaltungstechnik-augsburg-300x134.jpg 300w, https:\/\/konferenztechnik.de\/wp-content\/uploads\/2017\/05\/veranstaltungstechnik-augsburg-768x343.jpg 768w\" sizes=\"(max-width: 850px) 100vw, 850px\" title=\"\">\t\t\t\t\t\t\t\t\t\t\t\t\t\t\t<\/div>\n\t\t\t\t<\/div>\n\t\t<div data-particle_enable=\"false\" data-particle-mobile-disabled=\"false\" class=\"elementor-element elementor-element-a2b1657 e-flex e-con-boxed e-con e-parent\" data-id=\"a2b1657\" data-element_type=\"container\">\n\t\t\t\t\t<div class=\"e-con-inner\">\n\t\t\t\t<div class=\"elementor-element elementor-element-4917fe20 elementor-align-left elementor-widget elementor-widget-button\" data-id=\"4917fe20\" data-element_type=\"widget\" data-widget_type=\"button.default\">\n\t\t\t\t<div class=\"elementor-widget-container\">\n\t\t\t\t\t\t\t\t\t<div class=\"elementor-button-wrapper\">\n\t\t\t\t\t<a class=\"elementor-button elementor-button-link elementor-size-lg\" href=\"#serviceteam\">\n\t\t\t\t\t\t<span class=\"elementor-button-content-wrapper\">\n\t\t\t\t\t\t<span class=\"elementor-button-icon\">\n\t\t\t\t<svg aria-hidden=\"true\" class=\"e-font-icon-svg e-far-arrow-alt-circle-down\" viewbox=\"0 0 512 512\" xmlns=\"http:\/\/www.w3.org\/2000\/svg\"><path d=\"M256 8C119 8 8 119 8 256s111 248 248 248 248-111 248-248S393 8 256 8zm0 448c-110.5 0-200-89.5-200-200S145.5 56 256 56s200 89.5 200 200-89.5 200-200 200zm-32-316v116h-67c-10.7 0-16 12.9-8.5 20.5l99 99c4.7 4.7 12.3 4.7 17 0l99-99c7.6-7.6 2.2-20.5-8.5-20.5h-67V140c0-6.6-5.4-12-12-12h-40c-6.6 0-12 5.4-12 12z\"><\/path><\/svg>\t\t\t<\/span>\n\t\t\t\t\t\t\t\t\t<span class=\"elementor-button-text\">\u7acb\u5373\u67e5\u8be2<\/span>\n\t\t\t\t\t<\/span>\n\t\t\t\t\t<\/a>\n\t\t\t\t<\/div>\n\t\t\t\t\t\t\t\t<\/div>\n\t\t\t\t<\/div>\n\t\t\t\t\t<\/div>\n\t\t\t\t<\/div>\n\t\t<div data-particle_enable=\"false\" data-particle-mobile-disabled=\"false\" class=\"elementor-element elementor-element-33aa92d0 e-flex e-con-boxed e-con e-parent\" data-id=\"33aa92d0\" data-element_type=\"container\">\n\t\t\t\t\t<div class=\"e-con-inner\">\n\t\t\t\t<div class=\"elementor-element elementor-element-87be774 elementor-widget__width-inherit smart-post-list-4-col elementor-hidden-mobile elementor-widget elementor-widget-eael-post-list\" data-id=\"87be774\" data-element_type=\"widget\" data-settings=\"{&quot;_animation&quot;:&quot;none&quot;}\" data-widget_type=\"eael-post-list.default\">\n\t\t\t\t<div class=\"elementor-widget-container\">\n\t\t\t\t\t<div class=\"eael-post-list-container advanced layout-advanced\"><div class=\"eael-post-list-wrap\"><div class=\"eael-post-list-posts-wrap eael-post-appender eael-post-appender-87be774\"><div class=\"eael-post-list-post\"><div class=\"eael-post-list-post-inner\"><div class=\"eael-post-list-thumbnail\"><a href=\"https:\/\/konferenztechnik.de\/zh\/%e4%b8%aa%e4%ba%ba%e5%af%bc%e5%bc%95%e7%b3%bb%e7%bb%9f%e7%a7%9f%e8%b4%ad%e5%ae%89%e8%a3%85\/\">\n                <img decoding=\"async\" src=\"https:\/\/konferenztechnik.de\/wp-content\/uploads\/2023\/07\/personenfuehrungsanlage-mieten-kaufen-jpg.webp\" alt=\"\u53c2\u89c2\u8fc7\u7a0b\u4e2d\uff0c\u7537\u5b50\u5bf9\u7740\u9ea6\u514b\u98ce\u8bb2\u8bdd\uff0c\u89c2\u4f17\u901a\u8fc7\u5bfc\u6e38\u7cfb\u7edf\u8046\u542c\u3002\u4ece PCS \u79df\u7528\u3001\u8d2d\u4e70\u6216\u79df\u8d41\u5bfc\u6e38\u7cfb\u7edf\u3002\" title=\"\">\n            <\/a><\/div><div class=\"eael-post-list-content\"><h3 class=\"eael-post-list-title\"><a href=\"https:\/\/konferenztechnik.de\/zh\/%e4%b8%aa%e4%ba%ba%e5%af%bc%e5%bc%95%e7%b3%bb%e7%bb%9f%e7%a7%9f%e8%b4%ad%e5%ae%89%e8%a3%85\/\" >\u4e58\u5ba2\u5f15\u5bfc\u7cfb\u7edf<\/a><\/h3><p>\u5bfc\u6e38\u7cfb\u7edf\u3001\u5bfc\u6e38\u7cfb\u7edf\u3001\u8033\u8bed\u7cfb\u7edf\u6216 PFA\u3001\u8033\u673a\u3001\u9ea6\u514b\u98ce\u3001\u5145\u7535\u88c5\u7f6e\u3001\u8fd0\u8f93\u7bb1\u3001\u914d\u4ef6<\/p><a href=\"https:\/\/konferenztechnik.de\/zh\/%e4%b8%aa%e4%ba%ba%e5%af%bc%e5%bc%95%e7%b3%bb%e7%bb%9f%e7%a7%9f%e8%b4%ad%e5%ae%89%e8%a3%85\/\" class=\"eael-post-elements-readmore-btn\" >\u203a \u66f4\u591a<\/a><div class=\"boxed-meta\"><\/div><\/div><\/div><\/div><div class=\"eael-post-list-post\"><div class=\"eael-post-list-post-inner\"><div class=\"eael-post-list-thumbnail\"><a href=\"https:\/\/konferenztechnik.de\/zh\/%e4%bc%9a%e8%ae%ae%e6%8e%a5%e6%94%b6%e5%99%a8-%e8%80%b3%e6%9c%ba%e6%8e%a5%e6%94%b6%e5%99%a8\/\">\n                <img decoding=\"async\" src=\"https:\/\/konferenztechnik.de\/wp-content\/uploads\/2023\/06\/kopfhoerer-empfaenger-jpg.webp\" alt=\"\u5728\u4f1a\u8bae\u684c\u4e0a\u6446\u653e\u4e24\u4e2a\u4f1a\u8bae\u63a5\u6536\u5668\uff0c\u5e76\u914d\u6709\u8033\u673a\uff0c\u7528\u4e8e\u6536\u542c\u53e3\u8bd1\u8bed\u8a00\" title=\"\">\n            <\/a><\/div><div class=\"eael-post-list-content\"><h3 class=\"eael-post-list-title\"><a href=\"https:\/\/konferenztechnik.de\/zh\/%e4%bc%9a%e8%ae%ae%e6%8e%a5%e6%94%b6%e5%99%a8-%e8%80%b3%e6%9c%ba%e6%8e%a5%e6%94%b6%e5%99%a8\/\" >\u4f1a\u8bae\u63a5\u6536\u5668\u3001\u8033\u673a\u63a5\u6536\u5668<\/a><\/h3><p>\u79df\u7528\u4f1a\u8bae\u63a5\u6536\u5668\uff1a\u7528\u4e8e\u540c\u58f0\u4f20\u8bd1\u4f1a\u8bae\u7684\u63a5\u6536\u5668\u548c\u8033\u673a<\/p><a href=\"https:\/\/konferenztechnik.de\/zh\/%e4%bc%9a%e8%ae%ae%e6%8e%a5%e6%94%b6%e5%99%a8-%e8%80%b3%e6%9c%ba%e6%8e%a5%e6%94%b6%e5%99%a8\/\" class=\"eael-post-elements-readmore-btn\" >\u203a \u66f4\u591a<\/a><div class=\"boxed-meta\"><\/div><\/div><\/div><\/div><div class=\"eael-post-list-post\"><div class=\"eael-post-list-post-inner\"><div class=\"eael-post-list-thumbnail\"><a href=\"https:\/\/konferenztechnik.de\/zh\/%e8%ae%a8%e8%ae%ba%e7%b3%bb%e7%bb%9f-%e9%ba%a6%e5%85%8b%e9%a3%8e%e5%8d%95%e5%85%83-%e7%a7%9f%e8%b5%81-%e8%b4%ad%e4%b9%b0-%e5%ae%89%e8%a3%85-%e7%a7%9f%e8%b5%81\/\">\n                <img decoding=\"async\" src=\"https:\/\/konferenztechnik.de\/wp-content\/uploads\/2023\/06\/diskussionsanlage-sprechstellen-tischmikrofone.jpg\" alt=\"\u53f0\u5f0f\u9ea6\u514b\u98ce\u88c5\u7f6e\u5206\u5e03\u5728\u4f1a\u8bae\u684c\u5468\u56f4\uff0c\u914d\u6709\u9e45\u9888\u9ea6\u514b\u98ce\" title=\"\">\n            <\/a><\/div><div class=\"eael-post-list-content\"><h3 class=\"eael-post-list-title\"><a href=\"https:\/\/konferenztechnik.de\/zh\/%e8%ae%a8%e8%ae%ba%e7%b3%bb%e7%bb%9f-%e9%ba%a6%e5%85%8b%e9%a3%8e%e5%8d%95%e5%85%83-%e7%a7%9f%e8%b5%81-%e8%b4%ad%e4%b9%b0-%e5%ae%89%e8%a3%85-%e7%a7%9f%e8%b5%81\/\" >\u51fa\u79df\u3001\u8d2d\u4e70\u3001\u5b89\u88c5\u3001\u79df\u8d41 \u2013 \u5bf9\u8bb2\u7cfb\u7edf\u3001\u5bf9\u8bb2\u7ad9<\/a><\/h3><p>\u51fa\u79df\u3001\u8d2d\u4e70\u3001\u5b89\u88c5\u3001\u79df\u8d41 \u2013 \u5bf9\u8bb2\u7cfb\u7edf\u3001\u5bf9\u8bb2\u7ad9<\/p><a href=\"https:\/\/konferenztechnik.de\/zh\/%e8%ae%a8%e8%ae%ba%e7%b3%bb%e7%bb%9f-%e9%ba%a6%e5%85%8b%e9%a3%8e%e5%8d%95%e5%85%83-%e7%a7%9f%e8%b5%81-%e8%b4%ad%e4%b9%b0-%e5%ae%89%e8%a3%85-%e7%a7%9f%e8%b5%81\/\" class=\"eael-post-elements-readmore-btn\" >\u203a \u66f4\u591a<\/a><div class=\"boxed-meta\"><\/div><\/div><\/div><\/div><div class=\"eael-post-list-post\"><div class=\"eael-post-list-post-inner\"><div class=\"eael-post-list-thumbnail\"><a href=\"https:\/\/konferenztechnik.de\/zh\/%e5%8f%a3%e8%af%91%e5%8e%a2%e5%92%8c%e6%bc%94%e8%ae%b2%e5%8e%a2\/\">\n                <img decoding=\"async\" src=\"https:\/\/konferenztechnik.de\/wp-content\/uploads\/2022\/06\/dolmetscherkabine-sprecherkabine-mieten-kaufen-leasen-jpg.webp\" alt=\"\u4f9b 2 \u540d\u540c\u58f0\u4f20\u8bd1\u4eba\u5458\u4f7f\u7528\u7684\u4f20\u8bd1\u95f4\" title=\"\">\n            <\/a><\/div><div class=\"eael-post-list-content\"><h3 class=\"eael-post-list-title\"><a href=\"https:\/\/konferenztechnik.de\/zh\/%e5%8f%a3%e8%af%91%e5%8e%a2%e5%92%8c%e6%bc%94%e8%ae%b2%e5%8e%a2\/\" >\u53e3\u8bd1\u53a2\u548c\u6f14\u8bb2\u53a2<\/a><\/h3><p>\u53e3\u8bd1\u7bb1\u662f\u540c\u58f0\u4f20\u8bd1\u4eba\u5458\u7684\u5de5\u4f5c\u573a\u6240<\/p><a href=\"https:\/\/konferenztechnik.de\/zh\/%e5%8f%a3%e8%af%91%e5%8e%a2%e5%92%8c%e6%bc%94%e8%ae%b2%e5%8e%a2\/\" class=\"eael-post-elements-readmore-btn\" >\u203a \u66f4\u591a<\/a><div class=\"boxed-meta\"><\/div><\/div><\/div><\/div><div class=\"eael-post-list-post\"><div class=\"eael-post-list-post-inner\"><div class=\"eael-post-list-thumbnail\"><a href=\"https:\/\/konferenztechnik.de\/zh\/%e5%8f%a3%e8%af%91%e5%8f%b0\/\">\n                <img decoding=\"async\" src=\"https:\/\/konferenztechnik.de\/wp-content\/uploads\/2022\/06\/dolmetscherpulte-mieten-kaufen-leasen-jpg.webp\" alt=\"\u7535\u89c6\u53e3\u8bd1\u53f0\" title=\"\">\n            <\/a><\/div><div class=\"eael-post-list-content\"><h3 class=\"eael-post-list-title\"><a href=\"https:\/\/konferenztechnik.de\/zh\/%e5%8f%a3%e8%af%91%e5%8f%b0\/\" >\u53e3\u8bd1\u53f0<\/a><\/h3><p>\u53e3\u8bd1\u53a2\u7684\u57fa\u672c\u8bbe\u5907\u5305\u62ec\u4e00\u5f20\u53e3\u8bd1\u684c\u3002<\/p><a href=\"https:\/\/konferenztechnik.de\/zh\/%e5%8f%a3%e8%af%91%e5%8f%b0\/\" class=\"eael-post-elements-readmore-btn\" >\u203a \u66f4\u591a<\/a><div class=\"boxed-meta\"><\/div><\/div><\/div><\/div><\/div><\/div>\n\t\t<\/div>\t\t\t\t<\/div>\n\t\t\t\t<\/div>\n\t\t\t\t\t<\/div>\n\t\t\t\t<\/div>\n\t\t\t\t\t<\/div>\n\t\t\t\t<\/div>\n\t\t<div data-particle_enable=\"false\" data-particle-mobile-disabled=\"false\" class=\"elementor-element elementor-element-20a4b2f4 e-flex e-con-boxed e-con e-parent\" data-id=\"20a4b2f4\" data-element_type=\"container\">\n\t\t\t\t\t<div class=\"e-con-inner\">\n\t\t\t\t<div class=\"elementor-element elementor-element-48bf961b elementor-widget elementor-widget-image\" data-id=\"48bf961b\" data-element_type=\"widget\" data-widget_type=\"image.default\">\n\t\t\t\t<div class=\"elementor-widget-container\">\n\t\t\t\t\t\t\t\t\t\t\t\t\t\t\t<img decoding=\"async\" width=\"1200\" height=\"450\" src=\"https:\/\/konferenztechnik.de\/wp-content\/uploads\/2016\/10\/events-fullservice.jpg\" class=\"attachment-full size-full wp-image-8489\" alt=\"\u6d3b\u52a8--\u5168\u65b9\u4f4d\u670d\u52a1\" srcset=\"https:\/\/konferenztechnik.de\/wp-content\/uploads\/2016\/10\/events-fullservice.jpg 1200w, https:\/\/konferenztechnik.de\/wp-content\/uploads\/2016\/10\/events-fullservice-300x113.jpg 300w, https:\/\/konferenztechnik.de\/wp-content\/uploads\/2016\/10\/events-fullservice-1024x384.jpg 1024w, https:\/\/konferenztechnik.de\/wp-content\/uploads\/2016\/10\/events-fullservice-768x288.jpg 768w\" sizes=\"(max-width: 1200px) 100vw, 1200px\" title=\"\">\t\t\t\t\t\t\t\t\t\t\t\t\t\t\t<\/div>\n\t\t\t\t<\/div>\n\t\t\t\t<div class=\"elementor-element elementor-element-11c4111e elementor-widget__width-initial elementor-widget elementor-widget-text-editor\" data-id=\"11c4111e\" data-element_type=\"widget\" data-widget_type=\"text-editor.default\">\n\t\t\t\t<div class=\"elementor-widget-container\">\n\t\t\t\t\t\t\t\t\t<p>\u7528\u4e8e\u516c\u53f8\u53c2\u89c2\u548c\u57ce\u5e02\u6e38\u89c8\u7684\u5bfc\u6e38\u7cfb\u7edf\u548c\u5bfc\u89c8\u7cfb\u7edf\uff0c\u7528\u4e8e\u591a\u8bed\u79cd\u4f1a\u8bae\u7684\u7ffb\u8bd1\u95f4\u3001\u684c\u5f0f\u9ea6\u514b\u98ce\u88c5\u7f6e\u548c\u4f1a\u8bae\u63a5\u6536\u5668\uff0c\u4ee5\u53ca\u7528\u4e8e\u5404\u79cd\u5927\u578b\u548c\u5c0f\u578b\u6d3b\u52a8\u7684\u6700\u65b0\u89c6\u542c\u5a92\u4f53\u6280\u672f\uff1aPCS \u4e3a\u5965\u683c\u65af\u5821\u548c\u5df4\u4f10\u5229\u4e9a\u65bd\u74e6\u672c\u884c\u653f\u533a\u63d0\u4f9b\u97f3\u9891\u3001\u89c6\u9891\u548c\u540c\u58f0\u4f20\u8bd1\u6280\u672f \u2013\uff0c\u5373\u6700\u5e7f\u6cdb\u610f\u4e49\u4e0a\u7684\u4f1a\u8bae\u6280\u672f\u3002\u5965\u683c\u65af\u5821\u7684\u5965\u683c\u65af\u5821\u5c55\u89c8\u4e2d\u5fc3\u3001Schwabenhalle \u548c Kongress am Park \u4f1a\u8bae\u4e2d\u5fc3\u7b49\u90fd\u91c7\u7528\u4e86 PCS \u7684\u4f1a\u8bae\u6280\u672f\u7cfb\u7edf\u3002\u6b64\u5916\uff0cPCS \u8fd8\u76f4\u63a5\u5411\u5965\u683c\u65af\u5821\u7684\u4f1a\u8bae\u9152\u5e97\u63d0\u4f9b\u6295\u5f71\u4eea\u3001\u663e\u793a\u5668\u3001\u516c\u5171\u5e7f\u64ad\u7cfb\u7edf\u3001TED \u6295\u7968\u7cfb\u7edf\u548c\u5176\u4ed6\u4f1a\u8bae\u6280\u672f\u7cfb\u7edf\u7684\u79df\u7528\u670d\u52a1\u3002<\/p>\t\t\t\t\t\t\t\t<\/div>\n\t\t\t\t<\/div>\n\t\t\t\t<div class=\"elementor-element elementor-element-21a3d57b elementor-widget__width-initial elementor-widget elementor-widget-heading\" data-id=\"21a3d57b\" data-element_type=\"widget\" data-settings=\"{&quot;_animation&quot;:&quot;none&quot;}\" data-widget_type=\"heading.default\">\n\t\t\t\t<div class=\"elementor-widget-container\">\n\t\t\t\t\t<h2 class=\"elementor-heading-title elementor-size-default\">\u57fa\u4e8e 20 \u5e74\u884c\u4e1a\u7ecf\u9a8c\u7684\u6280\u672f\u5efa\u8bae<\/h2>\t\t\t\t<\/div>\n\t\t\t\t<\/div>\n\t\t\t\t<div class=\"elementor-element elementor-element-6ae27ef0 elementor-widget__width-inherit elementor-widget elementor-widget-text-editor\" data-id=\"6ae27ef0\" data-element_type=\"widget\" data-widget_type=\"text-editor.default\">\n\t\t\t\t<div class=\"elementor-widget-container\">\n\t\t\t\t\t\t\t\t\t<p>\u5bf9\u4e8e\u5965\u683c\u65af\u5821\u7684\u516c\u53f8\u548c\u6d3b\u52a8\u7ec4\u7ec7\u8005\u6765\u8bf4\uff0c\u8d2d\u4e70\u8fd8\u662f\u79df\u7528\u4f1a\u8bae\u6280\u672f\u7cfb\u7edf\u624d\u662f\u66f4\u597d\u7684\u957f\u671f\u89e3\u51b3\u65b9\u6848\uff0c\u8fd9\u4e3b\u8981\u53d6\u51b3\u4e8e\u516c\u53f8\u7684\u6280\u672f\u80fd\u529b\u6709\u591a\u9ad8\uff0c\u4ee5\u53ca\u67d0\u4e9b\u7cfb\u7edf\u7684\u4f7f\u7528\u9891\u7387\u6709\u591a\u9ad8\u3002 <br \/><br \/>\u5bf9\u4e8e\u5965\u683c\u65af\u5821\u53ca\u5468\u8fb9\u5730\u533a\u7684\u6d3b\u52a8\u7ec4\u7ec7\u8005\u548c\u516c\u53f8\u6765\u8bf4\uff0c\u79df\u8d41\u540c\u58f0\u4f20\u8bd1\u548c\u89c6\u542c\u5a92\u4f53\u6280\u672f\u4e5f\u5177\u6709\u4e00\u5b9a\u7684\u4f18\u52bf\uff0c\u5c24\u5176\u662f\u5728\u79df\u8d41\u7684\u540c\u65f6\u8fd8\u80fd\u83b7\u5f97\u5168\u9762\u7684\u54a8\u8be2\u548c\u5176\u4ed6\u670d\u52a1\u3002\u57fa\u4e8e 20 \u591a\u5e74\u7684\u884c\u4e1a\u7ecf\u9a8c\uff0cPCS \u6280\u672f\u4eba\u5458\u4e3a\u4f1a\u8bae\u6280\u672f\u7684\u5404\u79cd\u53ef\u80fd\u5e94\u7528\u63d0\u4f9b\u4e13\u4e1a\u6280\u672f\u5efa\u8bae\u3002\u6b64\u5916\uff0c\u8fd8\u53ef\u4e3a\u6d3b\u52a8\u7684\u63d0\u524d\u89c4\u5212\u63d0\u4f9b\u79ef\u6781\u652f\u6301\u3002 <br \/><br \/>\u5728\u5965\u683c\u65af\u5821\u53ca\u5468\u8fb9\u5730\u533a\uff0cPCS \u7684\u5458\u5de5\u5728\u73b0\u573a\u5b89\u88c5\u7cfb\u7edf\u3001\u8c03\u8bd5\u7cfb\u7edf\uff0c\u5e76\u6839\u636e\u9700\u8981\u5728\u6d3b\u52a8\u671f\u95f4\u4e3a \u2013 \u63d0\u4f9b\u6280\u672f\u652f\u6301\u3002\u5f53\u7136\uff0cPCS \u8fd8\u8d1f\u8d23\u7cfb\u7edf\u7684\u62c6\u5378\u548c\u79fb\u9664\u3002<\/p>\t\t\t\t\t\t\t\t<\/div>\n\t\t\t\t<\/div>\n\t\t\t\t<div class=\"elementor-element elementor-element-48dab017 elementor-widget elementor-widget-image\" data-id=\"48dab017\" data-element_type=\"widget\" data-widget_type=\"image.default\">\n\t\t\t\t<div class=\"elementor-widget-container\">\n\t\t\t\t\t\t\t\t\t\t\t\t\t\t\t<img decoding=\"async\" width=\"1200\" height=\"450\" src=\"https:\/\/konferenztechnik.de\/wp-content\/uploads\/2016\/10\/events-berlin.jpg\" class=\"attachment-full size-full wp-image-8486\" alt=\"\" srcset=\"https:\/\/konferenztechnik.de\/wp-content\/uploads\/2016\/10\/events-berlin.jpg 1200w, https:\/\/konferenztechnik.de\/wp-content\/uploads\/2016\/10\/events-berlin-300x113.jpg 300w, https:\/\/konferenztechnik.de\/wp-content\/uploads\/2016\/10\/events-berlin-1024x384.jpg 1024w, https:\/\/konferenztechnik.de\/wp-content\/uploads\/2016\/10\/events-berlin-768x288.jpg 768w\" sizes=\"(max-width: 1200px) 100vw, 1200px\" title=\"\">\t\t\t\t\t\t\t\t\t\t\t\t\t\t\t<\/div>\n\t\t\t\t<\/div>\n\t\t<div data-particle_enable=\"false\" data-particle-mobile-disabled=\"false\" class=\"elementor-element elementor-element-5a8780f7 e-flex e-con-boxed e-con e-parent\" data-id=\"5a8780f7\" data-element_type=\"container\">\n\t\t\t\t\t<div class=\"e-con-inner\">\n\t\t\t\t<div class=\"elementor-element elementor-element-75fccdcf elementor-align-left elementor-widget elementor-widget-button\" data-id=\"75fccdcf\" data-element_type=\"widget\" data-widget_type=\"button.default\">\n\t\t\t\t<div class=\"elementor-widget-container\">\n\t\t\t\t\t\t\t\t\t<div class=\"elementor-button-wrapper\">\n\t\t\t\t\t<a class=\"elementor-button elementor-button-link elementor-size-lg\" href=\"#serviceteam\">\n\t\t\t\t\t\t<span class=\"elementor-button-content-wrapper\">\n\t\t\t\t\t\t<span class=\"elementor-button-icon\">\n\t\t\t\t<svg aria-hidden=\"true\" class=\"e-font-icon-svg e-far-arrow-alt-circle-down\" viewbox=\"0 0 512 512\" xmlns=\"http:\/\/www.w3.org\/2000\/svg\"><path d=\"M256 8C119 8 8 119 8 256s111 248 248 248 248-111 248-248S393 8 256 8zm0 448c-110.5 0-200-89.5-200-200S145.5 56 256 56s200 89.5 200 200-89.5 200-200 200zm-32-316v116h-67c-10.7 0-16 12.9-8.5 20.5l99 99c4.7 4.7 12.3 4.7 17 0l99-99c7.6-7.6 2.2-20.5-8.5-20.5h-67V140c0-6.6-5.4-12-12-12h-40c-6.6 0-12 5.4-12 12z\"><\/path><\/svg>\t\t\t<\/span>\n\t\t\t\t\t\t\t\t\t<span class=\"elementor-button-text\">\u7acb\u5373\u67e5\u8be2<\/span>\n\t\t\t\t\t<\/span>\n\t\t\t\t\t<\/a>\n\t\t\t\t<\/div>\n\t\t\t\t\t\t\t\t<\/div>\n\t\t\t\t<\/div>\n\t\t\t\t\t<\/div>\n\t\t\t\t<\/div>\n\t\t\t\t<div class=\"elementor-element elementor-element-1b8fedd3 elementor-widget__width-initial elementor-widget elementor-widget-heading\" data-id=\"1b8fedd3\" data-element_type=\"widget\" data-settings=\"{&quot;_animation&quot;:&quot;none&quot;}\" data-widget_type=\"heading.default\">\n\t\t\t\t<div class=\"elementor-widget-container\">\n\t\t\t\t\t<h2 class=\"elementor-heading-title elementor-size-default\">\u4f1a\u8bae\u6280\u672f\u7cfb\u7edf 100% \u7ecf\u8fc7\u6d4b\u8bd5<\/h2>\t\t\t\t<\/div>\n\t\t\t\t<\/div>\n\t\t\t\t<div class=\"elementor-element elementor-element-1090f510 elementor-widget__width-inherit elementor-widget elementor-widget-text-editor\" data-id=\"1090f510\" data-element_type=\"widget\" data-widget_type=\"text-editor.default\">\n\t\t\t\t<div class=\"elementor-widget-container\">\n\t\t\t\t\t\t\t\t\t<p>\u5f53\u7136\uff0c\u4efb\u4f55\u5728\u5965\u683c\u65af\u5821\u548c\u65bd\u74e6\u672c\u884c\u653f\u533a\u4ece PCS \u516c\u53f8\u79df\u7528\u4f1a\u8bae\u6280\u672f\u7cfb\u7edf\u7684\u4eba\u90fd\u4f1a\u5f97\u5230\u7ecf\u8fc7 100% \u529f\u80fd\u6d4b\u8bd5\u3001\u4e13\u4e1a\u7ef4\u62a4\u3001\u53ef\u5168\u9762\u8fd0\u884c\u548c\u6700\u5148\u8fdb\u7684\u7cfb\u7edf\u3002\u79df\u7528\u4f1a\u8bae\u6280\u672f\u7684\u53e6\u4e00\u4e2a\u4f18\u52bf\u662f\uff0cPCS \u80fd\u591f\u5bf9\u6700\u65b0\u8d8b\u52bf\u548c\u5ba2\u6237\u8981\u6c42\u505a\u51fa\u5feb\u901f\u53cd\u5e94\u3002\u4f8b\u5982\uff0c\u2013 \u9ea6\u514b\u98ce\u88c5\u7f6e\uff08\u4e5f\u79f0\u4e3a\u8ba8\u8bba\u7cfb\u7edf\u3001\u4ee3\u8868\u9ea6\u514b\u98ce\u88c5\u7f6e\u6216\u9ea6\u514b\u98ce\u94fe\uff09\u3001\u2013 \u65e0\u7ebf\u7cfb\u7edf\u56e0\u5176\u591a\u529f\u80fd\u6027\u800c\u8d8a\u6765\u8d8a\u53d7\u6b22\u8fce\u3002PCS \u7684\u6280\u672f\u4eba\u5458\u53ef\u4ee5\u76f8\u5bf9\u8f83\u5feb\u5730\u660e\u786e\u5728\u54ea\u4e9b\u5730\u65b9\u53ef\u4ee5\u987a\u5229\u4f7f\u7528\u535a\u4e16 Dicentis \u2013 \u7b49\u65e0\u7ebf\u7cfb\u7edf\uff0c\u5728\u54ea\u4e9b\u5730\u65b9\u6700\u597d\u4f7f\u7528\u6709\u7ebf\u89e3\u51b3\u65b9\u6848\u3002PCS \u6155\u5c3c\u9ed1\u5206\u90e8\u4e3a\u5965\u683c\u65af\u5821\u548c\u5df4\u4f10\u5229\u4e9a\u65bd\u74e6\u672c\u884c\u653f\u533a\u63d0\u4f9b\u670d\u52a1\u3002\u5982\u679c\u60a8\u901a\u8fc7\u7535\u5b50\u90ae\u4ef6\u4e0e\u6211\u4eec\u8054\u7cfb\uff0c\u6211\u4eec\u5c06\u5728\u4e00\u5c0f\u65f6\u5185\u56de\u590d\u3002\u6b64\u5916\uff0c\u60a8\u4e5f\u53ef\u4ee5\u901a\u8fc7\u6211\u4eec\u7684 24 \u5c0f\u65f6\u70ed\u7ebf\u7535\u8bdd\u4e0e\u6211\u4eec\u8054\u7cfb\uff01<\/p>\t\t\t\t\t\t\t\t<\/div>\n\t\t\t\t<\/div>\n\t\t\t\t\t<\/div>\n\t\t\t\t<\/div>\n\t\t<div data-particle_enable=\"false\" data-particle-mobile-disabled=\"false\" class=\"elementor-element elementor-element-3d623838 e-flex e-con-boxed e-con e-parent\" data-id=\"3d623838\" data-element_type=\"container\">\n\t\t\t\t\t<div class=\"e-con-inner\">\n\t\t\t\t<div class=\"elementor-element elementor-element-d298053 elementor-widget elementor-widget-shortcode\" data-id=\"d298053\" data-element_type=\"widget\" data-widget_type=\"shortcode.default\">\n\t\t\t\t<div class=\"elementor-widget-container\">\n\t\t\t\t\t\t\t<div class=\"elementor-shortcode\"><\/div>\n\t\t\t\t\t\t<\/div>\n\t\t\t\t<\/div>\n\t\t\t\t\t<\/div>\n\t\t\t\t<\/div>\n\t\t\t\t<\/div>","protected":false},"excerpt":{"rendered":"<p>Konferenztechnik mieten Augsburg, Verleih von Videotechnik, Audiotechnik und Simultantechnik in Schwaben Jetzt anfragen Diskussionsanlagen, Sprechstellen \u2013 mieten, kaufen, installieren, leasen Diskussionsanlagen, Sprechstellen \u2013 mieten, kaufen, installieren, leasen \u203a mehr Dolmetschkabinen und Sprecherkabinen Die Dolmetschkabine ist der Arbeitsplatz der Simultandolmetscher*innen \u203a mehr Dolmetschpulte Zur Grundausr\u00fcstung einer Dolmetscherkabine geh\u00f6rt ein Dolmetschpult. \u203a mehr Konferenzempf\u00e4nger, Kopfh\u00f6rerempf\u00e4nger Konferenzempf\u00e4nger mieten: [&hellip;]<\/p>","protected":false},"author":1,"featured_media":45482,"parent":0,"menu_order":0,"comment_status":"closed","ping_status":"closed","template":"","meta":{"_acf_changed":false,"footnotes":""},"class_list":["post-11576","page","type-page","status-publish","has-post-thumbnail","hentry"],"acf":[],"_links":{"self":[{"href":"https:\/\/konferenztechnik.de\/zh\/wp-json\/wp\/v2\/pages\/11576","targetHints":{"allow":["GET"]}}],"collection":[{"href":"https:\/\/konferenztechnik.de\/zh\/wp-json\/wp\/v2\/pages"}],"about":[{"href":"https:\/\/konferenztechnik.de\/zh\/wp-json\/wp\/v2\/types\/page"}],"author":[{"embeddable":true,"href":"https:\/\/konferenztechnik.de\/zh\/wp-json\/wp\/v2\/users\/1"}],"replies":[{"embeddable":true,"href":"https:\/\/konferenztechnik.de\/zh\/wp-json\/wp\/v2\/comments?post=11576"}],"version-history":[{"count":0,"href":"https:\/\/konferenztechnik.de\/zh\/wp-json\/wp\/v2\/pages\/11576\/revisions"}],"wp:featuredmedia":[{"embeddable":true,"href":"https:\/\/konferenztechnik.de\/zh\/wp-json\/wp\/v2\/media\/45482"}],"wp:attachment":[{"href":"https:\/\/konferenztechnik.de\/zh\/wp-json\/wp\/v2\/media?parent=11576"}],"curies":[{"name":"wp","href":"https:\/\/api.w.org\/{rel}","templated":true}]}}