{"id":12182,"date":"2018-01-12T12:12:34","date_gmt":"2018-01-12T11:12:34","guid":{"rendered":"https:\/\/www.konferenztechnik.de\/?page_id=12182"},"modified":"2023-09-01T13:11:32","modified_gmt":"2023-09-01T11:11:32","slug":"%e8%b4%ad%e4%b9%b0%e4%b8%aa%e4%ba%ba%e6%8c%87%e5%af%bc%e7%b3%bb%e7%bb%9f","status":"publish","type":"page","link":"https:\/\/konferenztechnik.de\/zh\/%e8%b4%ad%e4%b9%b0%e4%b8%aa%e4%ba%ba%e6%8c%87%e5%af%bc%e7%b3%bb%e7%bb%9f\/","title":{"rendered":"\u8d2d\u4e70\u5bfc\u6e38\u7cfb\u7edf"},"content":{"rendered":"<h1>\u8d2d\u4e70\u5bfc\u6e38\u7cfb\u7edf\u4e13\u4e1a\u5bfc\u6e38\u7cfb\u7edf\u548c\u914d\u4ef6<\/h1>\n<div class=\"call-action-slider-img\">\n<img fetchpriority=\"high\" decoding=\"async\" width=\"850\" height=\"319\" src=\"https:\/\/konferenztechnik.de\/wp-content\/uploads\/2018\/01\/personenfuehrungsanlage-kaufen-bei-pcs.jpg\" alt=\"\u4ece PCS Konferenztechnik \u8d2d\u4e70\u4eba\u5458\u5f15\u5bfc\u7cfb\u7edf\" class=\"alignnone size-full wp-image-12201\" title=\"\" srcset=\"https:\/\/konferenztechnik.de\/wp-content\/uploads\/2018\/01\/personenfuehrungsanlage-kaufen-bei-pcs.jpg 850w, https:\/\/konferenztechnik.de\/wp-content\/uploads\/2018\/01\/personenfuehrungsanlage-kaufen-bei-pcs-300x113.jpg 300w, https:\/\/konferenztechnik.de\/wp-content\/uploads\/2018\/01\/personenfuehrungsanlage-kaufen-bei-pcs-768x288.jpg 768w\" sizes=\"(max-width: 850px) 100vw, 850px\" \/><br \/>\n<button class=\"bbtn popmake-12226\">\u8bf7\u6c42\u62a5\u4ef7 &amp;#x9B\uff1b<\/button><\/div>\n<p><a href=\"#sennheiser\">\u68ee\u6d77\u585e\u5c14\u5bfc\u6e38<\/a>, <a href=\"#beyerdynamic\">\u62dc\u4e9a\u52a8\u529b UNITE<\/a>, <a href=\"#audioropa\">Audioropa Xepton<\/a> \u6216 <a href=\"#mipro\">Mipro MTG<\/a>\u4ece PCS \u8d2d\u4e70\u6700\u9ad8\u6280\u672f\u6807\u51c6\u7684\u4fbf\u6377\u5f0f\u5bfc\u5411\u7cfb\u7edf\u3002\u4f5c\u4e3a\u591a\u5bb6\u77e5\u540d\u5236\u9020\u5546\u7684\u5b98\u65b9\u4e13\u4e1a\u7ecf\u9500\u5546\uff0c\u6211\u4eec\u5c06\u4ee5\u6700\u4f73\u6761\u4ef6\u4e3a\u60a8\u63d0\u4f9b\u4e13\u4e1a\u5efa\u8bae\u548c\u8ba2\u5355\u5904\u7406\u670d\u52a1\u3002\u5982\u679c\u60a8\u60f3\u8d2d\u4e70\u5bfc\u6e38\u7cfb\u7edf\u6216\u5bf9\u5bfc\u6e38\u7cfb\u7edf\u611f\u5174\u8da3\uff0c\u8bf7\u4e0e\u6211\u4eec\u8054\u7cfb\u3002\u6211\u4eec\u5c06\u5f88\u4e50\u610f\u4e3a\u60a8\u63d0\u4f9b\u975e\u7ea6\u675f\u6027\u62a5\u4ef7 \u2013\uff0c\u5f53\u7136\u4e5f\u5305\u62ec\u5168\u56fd\u8303\u56f4\u5185\u7684\u62a5\u4ef7\uff01<\/p>\n<p>[spacer size=\"10\u2033]<\/p>\n<p><img decoding=\"async\" src=\"https:\/\/konferenztechnik.de\/wp-content\/uploads\/2019\/09\/Sennheiser-logo.png\" alt=\"\u68ee\u6d77\u585e\u5c14\u5fbd\u6807\" width=\"231\" height=\"39\" class=\"alignleft size-full wp-image-15046\" id=\"sennheiser\" title=\"\"><\/p>\n<hr style=\"background-color:#999999; margin-bottom:30px;\">\n<h2>\u68ee\u6d77\u585e\u5c14 Tourguide 2020 D<\/h2>\n<p><a href=\"https:\/\/konferenztechnik.de\/zh\/%e8%b4%ad%e4%b9%b0%e6%a3%ae%e6%b5%b7%e5%a1%9e%e5%b0%94-tourguide\/\"><br \/>\n<img decoding=\"async\" width=\"850\" height=\"388\" src=\"https:\/\/konferenztechnik.de\/wp-content\/uploads\/2018\/01\/sennheiser-tourguide-kaufen-set.jpg\" alt=\"\u8d2d\u4e70\u68ee\u6d77\u585e\u5c14 Tourguide \u5957\u88c5\" class=\"alignnone size-full wp-image-12216\" title=\"\" srcset=\"https:\/\/konferenztechnik.de\/wp-content\/uploads\/2018\/01\/sennheiser-tourguide-kaufen-set.jpg 850w, https:\/\/konferenztechnik.de\/wp-content\/uploads\/2018\/01\/sennheiser-tourguide-kaufen-set-300x137.jpg 300w, https:\/\/konferenztechnik.de\/wp-content\/uploads\/2018\/01\/sennheiser-tourguide-kaufen-set-768x351.jpg 768w\" sizes=\"(max-width: 850px) 100vw, 850px\" \/><\/a><\/p>\n<p>Sennheiser 2020-D \u6570\u5b57\u5bfc\u6e38\u7cfb\u7edf\u96c6\u6613\u7528\u6027\u548c\u4e13\u4e1a\u529f\u80fd\u4e8e\u4e00\u8eab\uff1aSennheiser \u5bfc\u6e38\u7cfb\u7edf\u53ef\u8f7b\u677e\u7528\u4e8e\u5bfc\u6e38\u3001\u4f1a\u8bae\u6216\u542c\u529b\u652f\u6301\u3002HDE-2020 \u4e0b\u5df4\u63a5\u6536\u5668\u5c06\u8033\u673a\u548c\u63a5\u6536\u5668\u5408\u4e8c\u4e3a\u4e00\u3002\u5b83\u7684\u4f18\u70b9\u662f\u6ca1\u6709\u8fde\u63a5\u8033\u673a\u7684\u7ebf\u7f06\uff0c\u4f7f\u5bfc\u6e38\u63a5\u6536\u5668\u7684\u6536\u53d1\u66f4\u52a0\u65b9\u4fbf\u3002\u56e0\u6b64\uff0c\u5728\u5fc5\u987b\u4f69\u6234\u5934\u76d4\u7684\u60c5\u51b5\u4e0b\uff0c\u8fd9\u79cd\u4e0b\u5df4\u63a5\u6536\u5668\u4e5f\u662f\u4e00\u4e2a\u4e0d\u9519\u7684\u9009\u62e9\u3002\u987a\u4fbf\u63d0\u4e00\u4e0b\uff0c\u63a5\u6536\u5668\u5728\u6234\u4e0a \u2013 \u65f6\u4f1a\u81ea\u52a8\u5f00\u542f\uff0c\u5982\u679c\u957f\u65f6\u95f4\u4e0d\u4f7f\u7528\uff0c\u4e5f\u4f1a\u81ea\u52a8\u5173\u95ed\u3002<\/p>\n<div>\n<div style=\"float:left; text-align:left; font-size:0.8em; width:70%;\">\nSennheiser Tourguide 2020 D \u662f\u4e00\u6b3e\u7ecf\u5178\u7684\u5bfc\u89c8\u7cfb\u7edf\uff0c\u5176\u7279\u6b8a\u7684\u8bbe\u8ba1\u4f7f\u5176\u5728\u535a\u7269\u9986\u548c\u7f8e\u672f\u9986\u4e2d\u6210\u4e3a\u5ba1\u7f8e\u8005\u7684\u7126\u70b9\u3002<\/div>\n<div style=\"float:left; text-align:right; width:30%;\">\n<p>[button link=\"#popmake-12226\u2033 target=\"self\" color=\"#a62055\u2033 class=\"bbtn\" text=\"light\"]\u8bf7\u6c42\u62a5\u4ef7[\/button][clear]<br \/>\n<a class=\"weiter\" href=\"https:\/\/konferenztechnik.de\/zh\/%e8%b4%ad%e4%b9%b0%e6%a3%ae%e6%b5%b7%e5%a1%9e%e5%b0%94-tourguide\/\"><span class=\"text-kleiner\">&#x9B; \u66f4\u591a\u4fe1\u606f<\/span><\/a><\/p>\n<\/div>\n<\/div>\n<p>[\u6e05\u9664]<\/p>\n<hr style=\"background-color:#999999; margin-bottom:30px;\">\n<h2>\u68ee\u6d77\u585e\u5c14 Tourguide 1039<\/h2>\n<p><img loading=\"lazy\" decoding=\"async\" width=\"850\" height=\"388\" src=\"https:\/\/konferenztechnik.de\/wp-content\/uploads\/2019\/09\/sennheiser-tourguide-1039-kaufen-bei-pcs.jpg\" alt=\"\u5728 PCS \u8d2d\u4e70 Sennheiser Tourguide 1039\" class=\"alignleft size-full wp-image-15021\" title=\"\" srcset=\"https:\/\/konferenztechnik.de\/wp-content\/uploads\/2019\/09\/sennheiser-tourguide-1039-kaufen-bei-pcs.jpg 850w, https:\/\/konferenztechnik.de\/wp-content\/uploads\/2019\/09\/sennheiser-tourguide-1039-kaufen-bei-pcs-300x137.jpg 300w, https:\/\/konferenztechnik.de\/wp-content\/uploads\/2019\/09\/sennheiser-tourguide-1039-kaufen-bei-pcs-768x351.jpg 768w\" sizes=\"(max-width: 850px) 100vw, 850px\" \/><\/p>\n<p>\u68ee\u6d77\u585e\u5c14\u7684 Tourguide System 1039 \u5728\u5168\u7403\u53ef\u7528\u7684 UHF \u9891\u7387\u8303\u56f4\u5185\u5de5\u4f5c\u3002\u9891\u7387\u9884\u8bbe\u6709\u52a9\u4e8e\u8f7b\u677e\u8bbe\u7f6e\u7cfb\u7edf\u3002Tourguide 1039 \u53ef\u540c\u65f6\u4f20\u8f93\u591a\u8fbe 32 \u4e2a\u9891\u9053\uff0c\u56e0\u6b64\u4e5f\u9002\u7528\u4e8e\u6709\u540c\u58f0\u4f20\u8bd1\u4eba\u5458\u7684\u5927\u578b\u6d3b\u52a8\u3002EK 1039 \u63a5\u6536\u5668\u975e\u5e38\u575a\u56fa\u8010\u7528\uff0c\u80fd\u4ee5\u6700\u4f73\u97f3\u8d28\u8fdb\u884c\u4f20\u8f93\u3002\u6807\u51c6 3.5 \u6beb\u7c73\u63d2\u5b54\u63d2\u5934\u53ef\u7528\u4e8e\u8fde\u63a5\u8033\u673a\u548c\u7528\u4e8e\u542c\u529b\u8f85\u52a9\u7684\u611f\u5e94\u5708\u3002<\/p>\n<div>\n<div style=\"float:left; text-align:left; font-size:0.8em; width:70%;\">\n\u4f20\u8f93\u53ef\u9760\u3001\u7ed3\u6784\u575a\u56fa\u3001\u9891\u7387\u7ba1\u7406\u7b80\u5355\u662f\u68ee\u6d77\u585e\u5c14 Tourguide 1039 \u7684\u7279\u70b9\u3002<\/div>\n<div style=\"float:left; text-align:right; width:30%;\">\n<p>[button link=\"#popmake-12226\u2033 target=\"self\" color=\"#a62055\u2033 class=\"bbtn\" text=\"light\"]\u8bf7\u6c42\u62a5\u4ef7[\/button][clear]<\/p>\n<\/div>\n<\/div>\n<p>[\u6e05\u9664]<\/p>\n<p>[spacer size=\"35\u2033]<br \/>\n<img loading=\"lazy\" decoding=\"async\" src=\"https:\/\/konferenztechnik.de\/wp-content\/uploads\/2019\/09\/beyerdynamic-logo-1-300x78.png\" alt=\"\" width=\"300\" height=\"78\" class=\"alignleft size-medium wp-image-15031\" id=\"beyerdynamic\" title=\"\" srcset=\"https:\/\/konferenztechnik.de\/wp-content\/uploads\/2019\/09\/beyerdynamic-logo-1-300x78.png 300w, https:\/\/konferenztechnik.de\/wp-content\/uploads\/2019\/09\/beyerdynamic-logo-1-768x198.png 768w, https:\/\/konferenztechnik.de\/wp-content\/uploads\/2019\/09\/beyerdynamic-logo-1.png 774w\" sizes=\"(max-width: 300px) 100vw, 300px\" \/><\/p>\n<hr style=\"background-color:#999999; margin-bottom:30px;\">\n<h2>\u62dc\u4e9a\u52a8\u529b UNITE<\/h2>\n<p><a href=\"https:\/\/konferenztechnik.de\/zh\/%e6%8b%9c%e4%ba%9a%e5%8a%a8%e5%8a%9b-unite-%e6%95%b0%e5%ad%97%e5%af%bc%e5%bc%95%e7%b3%bb%e7%bb%9f\/\"><br \/>\n<img loading=\"lazy\" decoding=\"async\" width=\"850\" height=\"388\" src=\"https:\/\/konferenztechnik.de\/wp-content\/uploads\/2019\/09\/Beyerdynamic-UNITE-kaufen-bei-PCS.jpg\" alt=\"\u5728 PCS \u8d2d\u4e70\u62dc\u4e9a\u52a8\u529b UNITE\" class=\"alignleft size-full wp-image-15018\" title=\"\" srcset=\"https:\/\/konferenztechnik.de\/wp-content\/uploads\/2019\/09\/Beyerdynamic-UNITE-kaufen-bei-PCS.jpg 850w, https:\/\/konferenztechnik.de\/wp-content\/uploads\/2019\/09\/Beyerdynamic-UNITE-kaufen-bei-PCS-300x137.jpg 300w, https:\/\/konferenztechnik.de\/wp-content\/uploads\/2019\/09\/Beyerdynamic-UNITE-kaufen-bei-PCS-768x351.jpg 768w\" sizes=\"(max-width: 850px) 100vw, 850px\" \/><\/a><\/p>\n<p>\u62dc\u4e9a\u52a8\u529b UNITE \u65e0\u7ebf\u4f1a\u8bae\u7cfb\u7edf\u975e\u5e38\u7075\u6d3b\uff0c\u9002\u5408\u7528\u4f5c\u5bfc\u6e38\u7cfb\u7edf\u3001\u4f1a\u8bae\u7cfb\u7edf\u6216\u65e0\u58f0\u6269\u97f3\u6d3b\u52a8\u3002UNITE \u91c7\u7528 DECT \u6807\u51c6\u8fdb\u884c\u4f20\u8f93\u3002DECT \u65e0\u9700\u6388\u6743\u548c\u8d39\u7528\u5373\u53ef\u4f7f\u7528\u3002\u7cfb\u7edf\u4f1a\u81ea\u52a8\u641c\u7d22\u7a7a\u95f2\u7684\u65e0\u7ebf\u7535\u9891\u7387\uff0c\u5e76\u59cb\u7ec8\u8bbe\u7f6e\u6700\u4f73\u4f20\u8f93\u4fe1\u9053\u3002UNITE \u6700\u591a\u53ef\u540c\u65f6\u53d1\u5c04\u548c\u63a5\u6536 32 \u4e2a\u9891\u9053\u3002\u4e09\u4e2a\u626c\u58f0\u5668\u4e5f\u53ef\u540c\u65f6\u8bb2\u8bdd\u3002\u7cfb\u7edf\u8fd8\u63d0\u4f9b\u4e00\u4e2a\u8fd4\u56de\u9891\u9053\uff0c\u4f9b\u89c2\u4f17\u67e5\u8be2\u3002<\/p>\n<div>\n<div style=\"float:left; text-align:left; font-size:0.8em; width:70%;\">\n\u62dc\u4e9a\u52a8\u529b UNITE \u53cc\u5411\u4f20\u8f93\uff0c\u6700\u591a\u53ef\u540c\u65f6\u4f20\u8f93 32 \u7ec4\u4fe1\u53f7\uff0c\u5728\u73b0\u4ee3 DECT \u65e0\u7ebf\u7535\u6807\u51c6\u4e2d\u5177\u6709\u6700\u4f73\u7684\u97f3\u9891\u548c\u4f20\u8f93\u8d28\u91cf\u3002<\/div>\n<div style=\"float:left; text-align:right; width:30%;\">\n<p>[button link=\"#popmake-12226\u2033 target=\"self\" color=\"#a62055\u2033 class=\"bbtn\" text=\"light\"]\u8bf7\u6c42\u62a5\u4ef7[\/button][clear]<br \/>\n<a class=\"weiter\" href=\"https:\/\/konferenztechnik.de\/zh\/%e6%8b%9c%e4%ba%9a%e5%8a%a8%e5%8a%9b-unite-%e6%95%b0%e5%ad%97%e5%af%bc%e5%bc%95%e7%b3%bb%e7%bb%9f\/\"><span class=\"text-kleiner\">&#x9B; \u66f4\u591a\u4fe1\u606f<\/span><\/a><\/p>\n<\/div>\n<\/div>\n<p>[\u6e05\u9664]<\/p>\n<hr style=\"background-color:#999999; margin-bottom:30px;\">\n<h2>\u62dc\u4e9a\u52a8\u529b Synexis\uff08\u5df2\u505c\u4ea7\u578b\u53f7\uff09<\/h2>\n<p><a href=\"https:\/\/konferenztechnik.de\/zh\/%e8%b4%ad%e4%b9%b0%e6%8b%9c%e4%ba%9a%e5%8a%a8%e5%8a%9b-synexis\/\"><br \/>\n<img loading=\"lazy\" decoding=\"async\" width=\"850\" height=\"388\" src=\"https:\/\/konferenztechnik.de\/wp-content\/uploads\/2018\/01\/beyerdynamic-synexis-kaufen-set.jpg\" alt=\"\u8d2d\u4e70\u62dc\u4e9a\u52a8\u529b Synexis \u5957\u88c5\" class=\"alignnone size-full wp-image-12217\" title=\"\" srcset=\"https:\/\/konferenztechnik.de\/wp-content\/uploads\/2018\/01\/beyerdynamic-synexis-kaufen-set.jpg 850w, https:\/\/konferenztechnik.de\/wp-content\/uploads\/2018\/01\/beyerdynamic-synexis-kaufen-set-300x137.jpg 300w, https:\/\/konferenztechnik.de\/wp-content\/uploads\/2018\/01\/beyerdynamic-synexis-kaufen-set-768x351.jpg 768w\" sizes=\"(max-width: 850px) 100vw, 850px\" \/><\/a><\/p>\n<p>\u62dc\u4e9a\u52a8\u529b Synexis \u662f\u5bfc\u6e38\u548c\u4f1a\u8bae\u7684\u7406\u60f3\u9009\u62e9\uff0c\u53ef\u7528\u4e8e\u591a\u8bed\u79cd\u53e3\u8bd1\uff0c\u5728\u542c\u529b\u653e\u5927\u65b9\u9762\u4e5f\u5f88\u53d7\u6b22\u8fce\u3002\u63a5\u6536\u5668\u53ef\u901a\u8fc7\u53ef\u62c6\u5378\u7684\u76ae\u5e26\u6263\u56fa\u5b9a\u5728\u8863\u670d\u4e0a\uff0c\u6216\u901a\u8fc7\u9888\u7ef3\u4f69\u6234\u5728\u8116\u5b50\u4e0a\u3002\u63a5\u6536\u5668\u7531\u4e24\u8282\u954d\u6c22\u5145\u7535\u7535\u6c60\u6216 1.5 V AA \u7535\u6c60\u4f9b\u7535\u3002\u5185\u7f6e\u5145\u7535\u89e6\u70b9\u5141\u8bb8\u5145\u7535\u7535\u6c60\u5728\u5145\u7535\u65f6\u7559\u5728\u63a5\u6536\u5668\u4e2d\u3002Synexis \u7cfb\u7edf\u5df2\u505c\u4ea7\uff0c\u4f46\u4ecd\u6709\u5e93\u5b58\u548c\u5907\u4ef6\u3002<\/p>\n<p>[callout add_button=\"no\" button_url=\"\" button_color=\"#a62055\u2033]\u3002<\/p>\n<p>\u8bf7\u6ce8\u610f\uff0c\u62dc\u4e9a\u52a8\u529b\u5df2\u505c\u6b62\u751f\u4ea7 Synexis \u7cfb\u7edf\uff0c\u5e76\u5c06\u5176\u4ece\u4ea7\u54c1\u7cfb\u5217\u4e2d\u5220\u9664\u3002\u5269\u4f59\u5e93\u5b58\u53ef\u4ece\u6211\u4eec\u8fd9\u91cc\u8d2d\u4e70\uff0c\u552e\u5b8c\u5373\u6b62\u3002Synexis \u7684\u540e\u7eed\u4ea7\u54c1\u662f UNITE \u7cfb\u7edf\u3002\u5982\u6709\u4efb\u4f55\u7591\u95ee\uff0c\u8bf7\u8054\u7cfb\u6211\u4eec\u3002<\/p>\n<p>\u4f46\u662f\uff0c\u4ecd\u5728\u8fdb\u884c\u4e2d\u7684\u4fdd\u4fee\u670d\u52a1\u548c\u670d\u52a1\u8ba2\u5355\u5728\u6307\u5b9a\u671f\u9650\u5185\u4ecd\u7136\u6709\u6548\u3002<\/p>\n<p>[\/callout]<\/p>\n<div>\n<div style=\"float:left; text-align:left; font-size:0.8em; width:70%;\">\n\u62dc\u4e9a\u52a8\u529b Synexis \u7cfb\u7edf\u662f\u8d28\u91cf\u66f4\u9ad8\u7684\u5168\u80fd\u578b\u4ea7\u54c1 \u2013\uff0c\u4f46\u5e76\u6ca1\u6709\u964d\u4f4e B \u7ea7\u4ea7\u54c1\u7684\u6863\u6b21\u3002\u8be5\u7cfb\u7edf\u4f7f\u7528\u8d77\u6765\u975e\u5e38\u7b80\u5355\u76f4\u89c2\u3002<\/div>\n<div style=\"float:left; text-align:right; width:30%;\">\n<p>[button link=\"#popmake-12226\u2033 target=\"self\" color=\"#a62055\u2033 class=\"bbtn\" text=\"light\"]\u8bf7\u6c42\u62a5\u4ef7[\/button][clear]<br \/>\n<a class=\"weiter\" href=\"https:\/\/konferenztechnik.de\/zh\/%e8%b4%ad%e4%b9%b0%e6%8b%9c%e4%ba%9a%e5%8a%a8%e5%8a%9b-synexis\/\"><span class=\"text-kleiner\">&#x9B; \u66f4\u591a\u4fe1\u606f<\/span><\/a><\/p>\n<\/div>\n<\/div>\n<p>[\u6e05\u9664]<br \/>\n[spacer size=\"35\u2033]<\/p>\n<p><img loading=\"lazy\" decoding=\"async\" src=\"https:\/\/konferenztechnik.de\/wp-content\/uploads\/2019\/09\/Audioropa-logo.png\" alt=\"\" width=\"197\" height=\"50\" class=\"alignleft size-full wp-image-15033\" id=\"audioropa\" title=\"\"><\/p>\n<hr style=\"background-color:#999999; margin-bottom:30px;\">\n<h2>Audioropa Xepton<\/h2>\n<p><img loading=\"lazy\" decoding=\"async\" width=\"850\" height=\"338\" src=\"https:\/\/konferenztechnik.de\/wp-content\/uploads\/2019\/08\/Audioropa-Xepton-Tourguidesystem-1.jpg\" alt=\"Audioropa Xepton \u5bfc\u6e38\u7cfb\u7edf\" class=\"alignleft size-full wp-image-15012\" title=\"\" srcset=\"https:\/\/konferenztechnik.de\/wp-content\/uploads\/2019\/08\/Audioropa-Xepton-Tourguidesystem-1.jpg 850w, https:\/\/konferenztechnik.de\/wp-content\/uploads\/2019\/08\/Audioropa-Xepton-Tourguidesystem-1-300x119.jpg 300w, https:\/\/konferenztechnik.de\/wp-content\/uploads\/2019\/08\/Audioropa-Xepton-Tourguidesystem-1-768x305.jpg 768w\" sizes=\"(max-width: 850px) 100vw, 850px\" \/><\/p>\n<p>Audioropa \u63a8\u51fa\u7684 Xepton \u662f\u4e00\u79cd\u57fa\u4e8e\u65e0\u7ebf\u7535\u7684\u5bfc\u6e38\u548c\u901a\u4fe1\u7cfb\u7edf\uff0c\u5c06\u7075\u6d3b\u6027\u548c\u7ecf\u6d4e\u6027\u5b8c\u7f8e\u5730\u7ed3\u5408\u5728\u4e00\u8d77\u3002Xepton \u8bbe\u8ba1\u575a\u56fa\uff0c\u56e0\u6b64\u975e\u5e38\u9002\u5408\u5728\u57ce\u5e02\u548c\u5de5\u5382\u53c2\u89c2\u3001\u535a\u7269\u9986\u6216\u4f1a\u8bae\u671f\u95f4\u7684\u65e5\u5e38 \"\u8def\u4e0a \"\u4f7f\u7528\u3002Xepton \u8fd8\u53ef\u9009\u914d\u8fdc\u4f20\u73af\u8def\uff0c\u901a\u8fc7\u611f\u5e94\u4f20\u8f93\u97f3\u9891\u4fe1\u53f7\uff0c\u4f9b\u542c\u969c\u4eba\u58eb\u548c\u4eba\u5de5\u8033\u8717\u4f7f\u7528\u8005\u4f7f\u7528\u3002\u6839\u636e\u578b\u53f7\u7684\u4e0d\u540c\uff0cXepton \u8fd8\u63d0\u4f9b\u53cd\u9988\u901a\u9053\uff0c\u65b9\u4fbf\u968f\u65f6\u56de\u7b54\u542c\u4f17\u63d0\u51fa\u7684\u95ee\u9898\u3002<\/p>\n<div>\n<div style=\"float:left; text-align:left; font-size:0.8em; width:70%;\">\nAudioropa \u7684 Xepton \u529f\u80fd\u5f3a\u5927\u3001\u7075\u6d3b\uff0c\u53ef\u4e3a\u542c\u4f17\u63d0\u95ee\u63d0\u4f9b\u8fd4\u56de\u901a\u9053\u3002<\/div>\n<div style=\"float:left; text-align:right; width:30%;\">\n<p>[button link=\"#popmake-12226\u2033 target=\"self\" color=\"#a62055\u2033 class=\"bbtn\" text=\"light\"]\u8bf7\u6c42\u62a5\u4ef7[\/button][clear]<\/p>\n<\/div>\n<\/div>\n<p>[\u6e05\u9664]<br \/>\n[spacer size=\"35\u2033]<\/p>\n<p><img loading=\"lazy\" decoding=\"async\" src=\"https:\/\/konferenztechnik.de\/wp-content\/uploads\/2019\/09\/mipro-logo-1.png\" alt=\"\" width=\"180\" height=\"70\" class=\"alignleft size-full wp-image-15037\" id=\"mipro\" title=\"\"><\/p>\n<hr style=\"background-color:#999999; margin-bottom:30px;\">\n<h2>Mipro MTG 100<\/h2>\n<p><a href =\"https:\/\/konferenztechnik.de\/zh\/%e8%b4%ad%e4%b9%b0-mipro-%e5%af%bc%e5%90%91%e7%b3%bb%e7%bb%9f\/\"><br \/>\n<img loading=\"lazy\" decoding=\"async\" width=\"850\" height=\"388\" src=\"https:\/\/konferenztechnik.de\/wp-content\/uploads\/2018\/01\/mipro-mtg-kaufen-set.jpg\" alt=\"\u8d2d\u4e70 Mipro MTG \u5957\u88c5\" class=\"alignnone size-full wp-image-12218\" title=\"\" srcset=\"https:\/\/konferenztechnik.de\/wp-content\/uploads\/2018\/01\/mipro-mtg-kaufen-set.jpg 850w, https:\/\/konferenztechnik.de\/wp-content\/uploads\/2018\/01\/mipro-mtg-kaufen-set-300x137.jpg 300w, https:\/\/konferenztechnik.de\/wp-content\/uploads\/2018\/01\/mipro-mtg-kaufen-set-768x351.jpg 768w\" sizes=\"(max-width: 850px) 100vw, 850px\" \/><\/a><\/p>\n<p>\u5bf9\u8bb8\u591a\u4eba\u6765\u8bf4\uff0cMipro \u53ef\u80fd\u8fd8\u662f\u4e00\u4e2a\u5185\u5e55\u6d88\u606f\u3002\u5b83\u662f\u53f0\u6e7e\u6700\u5927\u7684\u4e13\u4e1a\u65e0\u7ebf\u9ea6\u514b\u98ce\u5236\u9020\u5546\u3002\u8be5\u5f15\u5bfc\u7cfb\u7edf\u97f3\u8d28\u6781\u4f73\uff0c\u4f20\u8f93\u53ef\u9760\u7a33\u5b9a\u3002\u6709 16 \u4e2a\u901a\u9053\u53ef\u4f9b\u9009\u62e9\u3002\u6bcf\u6b21\u6d3b\u52a8\u6700\u591a\u53ef\u8fdb\u884c 4 \u6b21\u5355\u72ec\u4f20\u8f93\u3002\u96c6\u6210\u7684\u9502\u805a\u5408\u7269\u7535\u6c60\u53ef\u63d0\u4f9b\u957f\u8fbe 14 \u5c0f\u65f6\u7684\u5de5\u4f5c\u65f6\u95f4\u3002<\/p>\n<div>\n<div style=\"float:left; text-align:left; font-size:0.8em; width:70%;\">\n\u9ad8\u54c1\u8d28\u3001\u7a33\u5b9a\u3001\u7d27\u51d1\u3002\u5e02\u573a\u4e0a\u6700\u5c0f\u3001\u6700\u8f7b\u7684\u7cfb\u7edf\u3002<\/div>\n<div style=\"float:left; text-align:right; width:30%;\">\n<p>[button link=\"#popmake-12226\u2033 target=\"self\" color=\"#a62055\u2033 class=\"bbtn\" text=\"light\"]\u8bf7\u6c42\u62a5\u4ef7[\/button][clear]<br \/>\n<a class=\"weiter\" href=\"https:\/\/konferenztechnik.de\/zh\/%e8%b4%ad%e4%b9%b0-mipro-%e5%af%bc%e5%90%91%e7%b3%bb%e7%bb%9f\/\"><span class=\"text-kleiner\">&#x9B; \u66f4\u591a\u4fe1\u606f<\/span><\/a><\/p>\n<\/div>\n<\/div>\n<p>[\u6e05\u9664]<\/p>\n<hr style=\"background-color:#999999; margin-bottom:30px;\">\n<h2>\u4e58\u5ba2\u5f15\u5bfc\u7cfb\u7edf\u914d\u4ef6<\/h2>\n<p>\u6211\u4eec\u8fd8\u4e3a\u8fd9\u91cc\u4ecb\u7ecd\u7684\u7cfb\u7edf\u63d0\u4f9b\u5404\u79cd\u914d\u4ef6\u3002\u5176\u4e2d\u5305\u62ec<\/p>\n<p>[list icon=\"moon-checkmark\" color=\"#a62055\u2033]\u5145\u7535\u5305\/\u4fbf\u643a\u5305[\/list]<br \/>\n[list icon=\"moon-checkmark\" color=\"#a62055\u2033]\u9ea6\u514b\u98ce\u652f\u67b6[\/list]<br \/>\n[list icon=\"moon-checkmark\" color=\"#a62055\u2033]\u611f\u5e94\u540a\u8863[\/list]<br \/>\n[list icon=\"moon-checkmark\" color=\"#a62055\u2033]\u5907\u4ef6\u3001\u7535\u6c60[\/list]<br \/>\n[list icon=\"moon-checkmark\" color=\"#a62055\u2033]\u5b9a\u5236\u4ea7\u54c1[\/list]<br \/>\n[spacer size=\"20\u2033]<\/p>\n<p><img loading=\"lazy\" decoding=\"async\" width=\"850\" height=\"850\" src=\"https:\/\/konferenztechnik.de\/wp-content\/uploads\/2019\/09\/personenfuehrungsanlagen-zubehoer.jpg\" alt=\"PCS \u884c\u4eba\u5f15\u5bfc\u7cfb\u7edf\u914d\u4ef6\" class=\"alignleft size-full wp-image-15049\" title=\"\" srcset=\"https:\/\/konferenztechnik.de\/wp-content\/uploads\/2019\/09\/personenfuehrungsanlagen-zubehoer.jpg 850w, https:\/\/konferenztechnik.de\/wp-content\/uploads\/2019\/09\/personenfuehrungsanlagen-zubehoer-300x300.jpg 300w, https:\/\/konferenztechnik.de\/wp-content\/uploads\/2019\/09\/personenfuehrungsanlagen-zubehoer-150x150.jpg 150w, https:\/\/konferenztechnik.de\/wp-content\/uploads\/2019\/09\/personenfuehrungsanlagen-zubehoer-768x768.jpg 768w\" sizes=\"(max-width: 850px) 100vw, 850px\" \/><\/p>\n<p>[spacer size=\"20\u2033]<\/p>\n<div>\n<div style=\"float:left; text-align:left; font-size:0.8em; width:70%;\">\n\u5145\u7535\u76d2\u3001\u611f\u5e94\u5708\u3001\u5355\u8033\u5f0f\u8033\u673a\u3001\u5907\u7528\u7535\u6c60\u6216\u9ea6\u514b\u98ce\u7f69\u3002\u6211\u4eec\u53ef\u4ee5\u4e3a\u60a8\u63d0\u4f9b\u5bfc\u6e38\u7cfb\u7edf\u6240\u9700\u7684\u6240\u6709\u914d\u4ef6\u3002<\/div>\n<div style=\"float:left; text-align:right; width:30%;\">\n<p>[button link=\"#popmake-12226\u2033 target=\"self\" color=\"#a62055\u2033 class=\"bbtn\" text=\"light\"]\u8bf7\u6c42\u62a5\u4ef7[\/button][clear]<\/p>\n<\/div>\n<\/div>\n<p>[\u6e05\u9664]<\/p>\n<hr style=\"background-color:#999999; margin-bottom:30px;\">\n<p>[spacer size=\"35\u2033]<\/p>\n<div class=\"callouthoch\">\n[callout add_button=\"no\" button_text=\"\u4e86\u89e3\u66f4\u591a\u4fe1\u606f\" button_url=\"#\" button_color=\"#a62055\u2033]<br \/>\nPCS \u914d\u9001<br \/>\n[v_icon color=\"#a62055\u2033 size=\"20px\" target=\"_blank\" name=\"moon-phone-2\u2033] +49 211 737798 20<br \/>\n[\/callout]<\/div>\n<div class=\"callouthoch\">\n[callout add_button=\"no\" button_text=\"\u4e86\u89e3\u66f4\u591a\u4fe1\u606f\" button_url=\"#\" button_color=\"#a62055\u2033]<br \/>\n\u7535\u5b50\u90ae\u4ef6<br \/>\n[v_icon color=\"#a62055\u2033 size=\"20px\" target=\"_blank\" name=\"moonenvelop-2\u2033] <a href=\"mailto:vertrieb@konferenztechnik.de\" onclick=\"ga('send', 'event', 'Email-Klick', 'F\u00fchrungsanlagen kaufen Vertrieb');\"> vertrieb@konferenztechnik.de<\/a><br \/>\n[\/callout]<\/div>\n<p>[spacer size=\"10\u2033]<\/p>\n<div class=\"weiterlinks\" style=\"background-color:#ffffff;\">\n<h1>\u66f4\u591a\u94fe\u63a5<\/h1>\n<ul>\n      [list icon=\"moon-arrow-right-2\u2033 color=\"#a62055\u2033]<a title=\"\u652f\u6301\u591a\u8bed\u8a00\u6d3b\u52a8\" href=\"\/zh\/%e6%94%af%e6%8c%81%e5%a4%9a%e8%af%ad%e8%a8%80%e6%b4%bb%e5%8a%a8\/\">\u652f\u6301\u591a\u8bed\u8a00\u6d3b\u52a8<\/a>[\/list]<br \/>\n[list icon=\"moon-arrow-right-2\u2033 color=\"#a62055\u2033]<a title=\"\u53c2\u8003\u8d44\u6599\" href=\"\/zh\/%e5%85%b3%e4%ba%8e%e6%88%91%e4%bb%ac\/%e5%8f%82%e8%80%83%e6%96%87%e7%8c%ae%e5%88%97%e8%a1%a8%e6%b4%bb%e5%8a%a8\/\">\u79df\u8d41, \u6d3b\u52a8<\/a>[\/list]<br \/>\n[list icon=\"moon-arrow-right-2\u2033 color=\"#a62055\u2033]<a title=\"\u53e3\u8bd1\u5458\u7684\u57f9\u8bad\u548c\u670d\u52a1\" href=\"\/zh\/%e5%8f%a3%e8%af%91%e5%91%98%e5%9f%b9%e8%ae%ad%e8%af%be%e7%a8%8b%e5%92%8c%e6%9c%8d%e5%8a%a1\/\">\u53e3\u8bd1\u5458\u7684\u57f9\u8bad\u548c\u670d\u52a1<\/a>[\/list]<br \/>\n[list icon=\"moon-arrow-right-2\u2033 color=\"#a62055\u2033]<a title=\"PCS \u7684 10 \u4e2a\u5145\u5206\u7406\u7531\" href=\"\/zh\/%e5%85%b3%e4%ba%8e%e6%88%91%e4%bb%ac\/%e4%bd%bf%e7%94%a8-pc-%e7%9a%84-10-%e4%b8%aa%e5%85%85%e5%88%86%e7%90%86%e7%94%b1\/\">PCS \u7684 10 \u4e2a\u5145\u5206\u7406\u7531<\/a>[\/list]<br \/>\n[list icon=\"moon-arrow-right-2\u2033 color=\"#a62055\u2033]<a title=\"PCS\uff1a\u6240\u6709\u670d\u52a1\u4e00\u89c8\" href=\"\/zh\/%e6%9c%8d%e5%8a%a1-2\/\">PCS\uff1a\u6240\u6709\u670d\u52a1\u4e00\u89c8<\/a>[\/list]<\/ul>\n<\/div>\n<p>[spacer size=\"20\u2033]<\/p>","protected":false},"excerpt":{"rendered":"<p>Personenf\u00fchrungsanlage kaufen: Professionelle Tourguide-Systeme und Zubeh\u00f6r Angebot anfordern &#x9B; Sennheiser Tourguide, Beyerdynamic UNITE, Audioropa Xepton oder Mipro MTG: Kaufen Sie bei PCS handliche F\u00fchrungsanlagen auf h\u00f6chstem technischem Niveau. Als offizieller Fachh\u00e4ndler f\u00fcr unterschiedliche namhafte Hersteller bieten wir Ihnen kompetente Beratung und Auftragsabwicklung zu besten Konditionen. Wenn Sie eine Personenf\u00fchrungsanlage kaufen m\u00f6chten oder sich f\u00fcr ein [&hellip;]<\/p>","protected":false},"author":1,"featured_media":45482,"parent":0,"menu_order":0,"comment_status":"closed","ping_status":"closed","template":"","meta":{"_acf_changed":false,"footnotes":""},"class_list":["post-12182","page","type-page","status-publish","has-post-thumbnail","hentry"],"acf":[],"_links":{"self":[{"href":"https:\/\/konferenztechnik.de\/zh\/wp-json\/wp\/v2\/pages\/12182","targetHints":{"allow":["GET"]}}],"collection":[{"href":"https:\/\/konferenztechnik.de\/zh\/wp-json\/wp\/v2\/pages"}],"about":[{"href":"https:\/\/konferenztechnik.de\/zh\/wp-json\/wp\/v2\/types\/page"}],"author":[{"embeddable":true,"href":"https:\/\/konferenztechnik.de\/zh\/wp-json\/wp\/v2\/users\/1"}],"replies":[{"embeddable":true,"href":"https:\/\/konferenztechnik.de\/zh\/wp-json\/wp\/v2\/comments?post=12182"}],"version-history":[{"count":0,"href":"https:\/\/konferenztechnik.de\/zh\/wp-json\/wp\/v2\/pages\/12182\/revisions"}],"wp:featuredmedia":[{"embeddable":true,"href":"https:\/\/konferenztechnik.de\/zh\/wp-json\/wp\/v2\/media\/45482"}],"wp:attachment":[{"href":"https:\/\/konferenztechnik.de\/zh\/wp-json\/wp\/v2\/media?parent=12182"}],"curies":[{"name":"wp","href":"https:\/\/api.w.org\/{rel}","templated":true}]}}