{"id":1221,"date":"2013-08-23T10:31:53","date_gmt":"2013-08-23T08:31:53","guid":{"rendered":"https:\/\/pcs-miete.de\/?page_id=1221"},"modified":"2023-07-05T14:30:41","modified_gmt":"2023-07-05T12:30:41","slug":"%e6%98%be%e7%a4%ba%e5%99%a8%e5%92%8c%e6%8a%95%e5%bd%b1%e4%bb%aa%e6%94%af%e6%9e%b6","status":"publish","type":"page","link":"https:\/\/konferenztechnik.de\/zh\/%e5%88%86%e5%8f%91%e4%bc%9a%e8%ae%ae%e5%92%8c-av-%e5%aa%92%e4%bd%93%e6%8a%80%e6%9c%af\/%e8%a7%86%e9%a2%91%e6%8a%80%e6%9c%af\/%e6%98%be%e7%a4%ba%e5%99%a8%e5%92%8c%e6%8a%95%e5%bd%b1%e4%bb%aa%e6%94%af%e6%9e%b6\/","title":{"rendered":"\u663e\u793a\u5668\u548c\u6295\u5f71\u4eea\u652f\u67b6"},"content":{"rendered":"<h1>\u663e\u793a\u5668\u548c\u6295\u5f71\u4eea\u652f\u67b6<\/h1>\n<p>\u5728\u6211\u4eec\u7684\u4ea7\u54c1\u7cfb\u5217\u4e2d\uff0c\u60a8\u53ef\u4ee5\u627e\u5230\u9002\u7528\u4e8e\u5404\u79cd\u5e94\u7528\u7684\u652f\u67b6\uff1a\u65e0\u8bba\u662f\u5e73\u677f\u7535\u8111\uff08\u5982 iPad\uff09\u3001\u663e\u793a\u6295\u5f71\u4eea\u8fd8\u662f\u7535\u89c6\u5899\uff0c\u90fd\u53ef\u4ee5\u653e\u7f6e\u5728\u5730\u677f\u4e0a\u3001\u60ac\u6302\u5728\u5929\u82b1\u677f\u4e0a\u6216\u56fa\u5b9a\u5728\u5899\u4e0a\u3002<\/p>\n<p>\u5982\u679c\u60a8\u5728\u9009\u62e9\u65f6\u9700\u8981\u5e2e\u52a9\uff0c\u8bf7\u8054\u7cfb\u6211\u4eec\u3002\u6211\u4eec\u8fd8\u63d0\u4f9b\u7279\u6b8a\u89e3\u51b3\u65b9\u6848\u548c\u5b9a\u5236\u4ea7\u54c1\u3002\u8bf7\u4e0e\u6211\u4eec\u7684\u670d\u52a1\u56e2\u961f\u8054\u7cfb\u3002\u6211\u4eec\u671f\u5f85\u60a8\u7684\u6765\u7535\u3002<\/p>\n<h4>\u5899\u6258\u67b6<\/h4>\n<p><a href=\"\/zh\/%e5%88%86%e5%8f%91%e4%bc%9a%e8%ae%ae%e5%92%8c-av-%e5%aa%92%e4%bd%93%e6%8a%80%e6%9c%af\/%e8%a7%86%e9%a2%91%e6%8a%80%e6%9c%af\/%e6%98%be%e7%a4%ba%e5%99%a8%e5%92%8c%e6%8a%95%e5%bd%b1%e4%bb%aa%e6%94%af%e6%9e%b6\/%e5%a3%81%e6%8c%82%e6%9e%b6\/\"><img fetchpriority=\"high\" decoding=\"async\" width=\"288\" height=\"198\" class=\"alignleft size-full wp-image-1356\" src=\"https:\/\/konferenztechnik.de\/wp-content\/uploads\/2013\/08\/01-wandhalterungen-fuer-projektoren.jpg\" alt=\"\u6295\u5f71\u4eea\u58c1\u6302\u652f\u67b6\" title=\"\"><\/a><\/p>\n<p>\u7528\u4e8e\u663e\u793a\u5668\u3001\u6295\u5f71\u4eea\u3001\u5e73\u677f\u7535\u8111\u3001\u6444\u50cf\u673a\u6216\u7535\u89c6\u5899\u7684\u652f\u67b6<\/p>\n<p><a class=\"weiter\" href=\"\/zh\/%e5%88%86%e5%8f%91%e4%bc%9a%e8%ae%ae%e5%92%8c-av-%e5%aa%92%e4%bd%93%e6%8a%80%e6%9c%af\/%e8%a7%86%e9%a2%91%e6%8a%80%e6%9c%af\/%e6%98%be%e7%a4%ba%e5%99%a8%e5%92%8c%e6%8a%95%e5%bd%b1%e4%bb%aa%e6%94%af%e6%9e%b6\/%e5%a3%81%e6%8c%82%e6%9e%b6\/\">\u203a \u66f4\u591a<\/a><\/p>\n<h4>\u843d\u5730\u652f\u67b6<\/h4>\n<p><a href=\"\/zh\/%e5%88%86%e5%8f%91%e4%bc%9a%e8%ae%ae%e5%92%8c-av-%e5%aa%92%e4%bd%93%e6%8a%80%e6%9c%af\/%e8%a7%86%e9%a2%91%e6%8a%80%e6%9c%af\/%e6%98%be%e7%a4%ba%e5%99%a8%e5%92%8c%e6%8a%95%e5%bd%b1%e4%bb%aa%e6%94%af%e6%9e%b6\/%e8%90%bd%e5%9c%b0%e8%84%9a%e6%9e%b6\/\"><img decoding=\"async\" width=\"288\" height=\"198\" class=\"alignleft size-full wp-image-1359\" src=\"https:\/\/konferenztechnik.de\/wp-content\/uploads\/2013\/08\/04-bodenstaender-fuer-projektoren.jpg\" alt=\"\u6295\u5f71\u4eea\u843d\u5730\u652f\u67b6\" title=\"\"><\/a><\/p>\n<p>\u7528\u4e8e\u6295\u5f71\u4eea\u548c\u663e\u793a\u5668\u7684\u843d\u5730\u652f\u67b6\u3001\u7528\u4e8e\u9884\u89c8\u663e\u793a\u5668\u7684\u4f4e\u843d\u5730\u652f\u67b6\u3001\u53ef\u5b8c\u5168\u62c6\u5378\u7684\u843d\u5730\u652f\u67b6\u3001\u9002\u914d\u5668\u548c\u652f\u6491\u677f<\/p>\n<p><a class=\"weiter\" href=\"\/zh\/%e5%88%86%e5%8f%91%e4%bc%9a%e8%ae%ae%e5%92%8c-av-%e5%aa%92%e4%bd%93%e6%8a%80%e6%9c%af\/%e8%a7%86%e9%a2%91%e6%8a%80%e6%9c%af\/%e6%98%be%e7%a4%ba%e5%99%a8%e5%92%8c%e6%8a%95%e5%bd%b1%e4%bb%aa%e6%94%af%e6%9e%b6\/%e8%90%bd%e5%9c%b0%e8%84%9a%e6%9e%b6\/\">\u203a \u66f4\u591a<\/a><\/p>\n<h4>\u5929\u82b1\u677f\u652f\u67b6<\/h4>\n<p><a href=\"\/zh\/%e5%88%86%e5%8f%91%e4%bc%9a%e8%ae%ae%e5%92%8c-av-%e5%aa%92%e4%bd%93%e6%8a%80%e6%9c%af\/%e8%a7%86%e9%a2%91%e6%8a%80%e6%9c%af\/%e6%98%be%e7%a4%ba%e5%99%a8%e5%92%8c%e6%8a%95%e5%bd%b1%e4%bb%aa%e6%94%af%e6%9e%b6\/%e5%a4%a9%e8%8a%b1%e6%9d%bf%e5%ae%89%e8%a3%85%e5%ba%a7\/\"><img decoding=\"async\" width=\"288\" height=\"198\" class=\"alignleft size-full wp-image-1357\" src=\"https:\/\/konferenztechnik.de\/wp-content\/uploads\/2013\/08\/02-deckenhalterungen-fuer-projektoren.jpg\" alt=\"\u6295\u5f71\u4eea\u5929\u82b1\u677f\u652f\u67b6\" title=\"\"><\/a><\/p>\n<p>\u5404\u79cd\u957f\u5ea6\u7684\u652f\u67b6\u3001\u65cb\u8f6c\u652f\u67b6\u3001\u955c\u5b50\u5957\u4ef6\u3001\u94a2\u6881\u5939\u7d27\u652f\u67b6<\/p>\n<p><a class=\"weiter\" href=\"\/zh\/%e5%88%86%e5%8f%91%e4%bc%9a%e8%ae%ae%e5%92%8c-av-%e5%aa%92%e4%bd%93%e6%8a%80%e6%9c%af\/%e8%a7%86%e9%a2%91%e6%8a%80%e6%9c%af\/%e6%98%be%e7%a4%ba%e5%99%a8%e5%92%8c%e6%8a%95%e5%bd%b1%e4%bb%aa%e6%94%af%e6%9e%b6\/%e5%a4%a9%e8%8a%b1%e6%9d%bf%e5%ae%89%e8%a3%85%e5%ba%a7\/\">\u203a \u66f4\u591a<\/a><\/p>\n<h4>\u6841\u67b6\u652f\u67b6<\/h4>\n<p><a href=\"\/zh\/%e5%88%86%e5%8f%91%e4%bc%9a%e8%ae%ae%e5%92%8c-av-%e5%aa%92%e4%bd%93%e6%8a%80%e6%9c%af\/%e8%a7%86%e9%a2%91%e6%8a%80%e6%9c%af\/%e6%98%be%e7%a4%ba%e5%99%a8%e5%92%8c%e6%8a%95%e5%bd%b1%e4%bb%aa%e6%94%af%e6%9e%b6\/%e6%a1%81%e6%9e%b6%e6%94%af%e6%9e%b6\/\"><img loading=\"lazy\" decoding=\"async\" width=\"288\" height=\"198\" class=\"alignleft size-full wp-image-1358\" src=\"https:\/\/konferenztechnik.de\/wp-content\/uploads\/2013\/08\/03-trusshalterungen-fuer-projektoren.jpg\" alt=\"\u6295\u5f71\u4eea\u6841\u67b6\u652f\u67b6\" title=\"\"><\/a><\/p>\n<p>\u7528\u4e8e\u663e\u793a\u5668\u548c\u6295\u5f71\u4eea\u7684\u6841\u67b6\u5f0f\u652f\u67b6\u3001\u5e26\u4fbf\u4e8e\u5fae\u8c03\u88c5\u7f6e\u7684\u652f\u67b6\u3001\u5806\u53e0\u6846\u67b6\uff08\u4fdd\u62a4\u7f69\uff09\u3001\u7528\u4e8e\u6280\u672f\u79df\u8d41\u516c\u53f8\u5feb\u901f\u5b89\u88c5\u7684\u652f\u67b6<\/p>\n<p><a class=\"weiter\" title=\"\u53e3\u8bd1\u5458\u79cb\u5b63\u57f9\u8bad\u73ed\" href=\"\/zh\/%e5%88%86%e5%8f%91%e4%bc%9a%e8%ae%ae%e5%92%8c-av-%e5%aa%92%e4%bd%93%e6%8a%80%e6%9c%af\/%e8%a7%86%e9%a2%91%e6%8a%80%e6%9c%af\/%e6%98%be%e7%a4%ba%e5%99%a8%e5%92%8c%e6%8a%95%e5%bd%b1%e4%bb%aa%e6%94%af%e6%9e%b6\/%e6%a1%81%e6%9e%b6%e6%94%af%e6%9e%b6\/\">\u203a \u66f4\u591a<\/a><\/p>\n<h4>\u4f1a\u8bae\u5bb6\u5177<\/h4>\n<p><a href=\"\/zh\/%e5%88%86%e5%8f%91%e4%bc%9a%e8%ae%ae%e5%92%8c-av-%e5%aa%92%e4%bd%93%e6%8a%80%e6%9c%af\/%e8%a7%86%e9%a2%91%e6%8a%80%e6%9c%af\/%e6%98%be%e7%a4%ba%e5%99%a8%e5%92%8c%e6%8a%95%e5%bd%b1%e4%bb%aa%e6%94%af%e6%9e%b6\/%e4%bc%9a%e8%ae%ae%e5%ae%b6%e5%85%b7\/\"><img loading=\"lazy\" decoding=\"async\" width=\"288\" height=\"191\" class=\"alignleft size-full wp-image-4381\" src=\"https:\/\/konferenztechnik.de\/wp-content\/uploads\/2013\/08\/konferenzmoebel.jpg\" alt=\"\u4f1a\u8bae\u5bb6\u5177\" title=\"\"><\/a><\/p>\n<p>\u89c6\u9891\u4f1a\u8bae\u7cfb\u7edf\u673a\u67dc\u3001\u767d\u677f\u6216\u663e\u793a\u5668\u3001\u6295\u5f71\u4eea\u652f\u67b6\u3001\u8f6e\u5f0f\u79fb\u52a8\u89e3\u51b3\u65b9\u6848<\/p>\n<p><a class=\"weiter\" title=\"\u53e3\u8bd1\u5458\u79cb\u5b63\u57f9\u8bad\u73ed\" href=\"\/zh\/%e5%88%86%e5%8f%91%e4%bc%9a%e8%ae%ae%e5%92%8c-av-%e5%aa%92%e4%bd%93%e6%8a%80%e6%9c%af\/%e8%a7%86%e9%a2%91%e6%8a%80%e6%9c%af\/%e6%98%be%e7%a4%ba%e5%99%a8%e5%92%8c%e6%8a%95%e5%bd%b1%e4%bb%aa%e6%94%af%e6%9e%b6\/%e4%bc%9a%e8%ae%ae%e5%ae%b6%e5%85%b7\/\">\u203a \u66f4\u591a<\/a><\/p>\n<h4>\u7279\u6b8a\u652f\u67b6<\/h4>\n<p><a href=\"\/zh\/%e5%88%86%e5%8f%91%e4%bc%9a%e8%ae%ae%e5%92%8c-av-%e5%aa%92%e4%bd%93%e6%8a%80%e6%9c%af\/%e8%a7%86%e9%a2%91%e6%8a%80%e6%9c%af\/%e6%98%be%e7%a4%ba%e5%99%a8%e5%92%8c%e6%8a%95%e5%bd%b1%e4%bb%aa%e6%94%af%e6%9e%b6\/%e7%89%b9%e6%ae%8a%e6%94%af%e6%9e%b6\/\"><img loading=\"lazy\" decoding=\"async\" width=\"288\" height=\"191\" class=\"alignleft size-full wp-image-4484\" src=\"https:\/\/konferenztechnik.de\/wp-content\/uploads\/2013\/08\/pcs-spezialanwendungen.jpg\" alt=\"\u663e\u793a\u5668\u548c\u6295\u5f71\u4eea\u652f\u67b6\uff1a\u7279\u6b8a\u652f\u67b6\" title=\"\"><\/a><\/p>\n<p>\u7528\u4e8e\u5899\u58c1\u548c\u5730\u9762\u7684\u5e73\u677f\u7535\u8111\uff08\u5982 iPad\uff09\u652f\u67b6\u3001\u89c6\u9891\u5899\u652f\u67b6\u3001\u5806\u53e0\u6846\u67b6\u3001\u5c16\u7aef\u548c\u89e6\u6478\u652f\u67b6\uff08\u7528\u4e8e\u89e6\u6478\u5c4f\u7684\u684c\u9762\u652f\u67b6\uff09<\/p>\n<p><a class=\"weiter\" title=\"\u7279\u6b8a\u652f\u67b6\" href=\"\/zh\/%e5%88%86%e5%8f%91%e4%bc%9a%e8%ae%ae%e5%92%8c-av-%e5%aa%92%e4%bd%93%e6%8a%80%e6%9c%af\/%e8%a7%86%e9%a2%91%e6%8a%80%e6%9c%af\/%e6%98%be%e7%a4%ba%e5%99%a8%e5%92%8c%e6%8a%95%e5%bd%b1%e4%bb%aa%e6%94%af%e6%9e%b6\/%e7%89%b9%e6%ae%8a%e6%94%af%e6%9e%b6\/\">\u203a \u66f4\u591a<\/a><\/p>","protected":false},"excerpt":{"rendered":"<p>Halterungen f\u00fcr Displays und Projektoren In unserem Sortiment finden Sie Halterungen f\u00fcr die unterschiedlichsten Anwendungsgebiete: Ob Tablet (z. B. iPad), Display Projektor oder Videowall, auf den Boden gestellt, von der Decke h\u00e4ngend oder and der Wand befestigt. Lassen Sie sich von unserer Auswahl an Halterungen \u00fcberzeugen und kontaktieren Sie uns einfach, wenn Sie Unterst\u00fctzung bei [&hellip;]<\/p>","protected":false},"author":1,"featured_media":45482,"parent":1138,"menu_order":228,"comment_status":"closed","ping_status":"open","template":"","meta":{"_acf_changed":false,"footnotes":""},"class_list":["post-1221","page","type-page","status-publish","has-post-thumbnail","hentry"],"acf":[],"_links":{"self":[{"href":"https:\/\/konferenztechnik.de\/zh\/wp-json\/wp\/v2\/pages\/1221","targetHints":{"allow":["GET"]}}],"collection":[{"href":"https:\/\/konferenztechnik.de\/zh\/wp-json\/wp\/v2\/pages"}],"about":[{"href":"https:\/\/konferenztechnik.de\/zh\/wp-json\/wp\/v2\/types\/page"}],"author":[{"embeddable":true,"href":"https:\/\/konferenztechnik.de\/zh\/wp-json\/wp\/v2\/users\/1"}],"replies":[{"embeddable":true,"href":"https:\/\/konferenztechnik.de\/zh\/wp-json\/wp\/v2\/comments?post=1221"}],"version-history":[{"count":0,"href":"https:\/\/konferenztechnik.de\/zh\/wp-json\/wp\/v2\/pages\/1221\/revisions"}],"up":[{"embeddable":true,"href":"https:\/\/konferenztechnik.de\/zh\/wp-json\/wp\/v2\/pages\/1138"}],"wp:featuredmedia":[{"embeddable":true,"href":"https:\/\/konferenztechnik.de\/zh\/wp-json\/wp\/v2\/media\/45482"}],"wp:attachment":[{"href":"https:\/\/konferenztechnik.de\/zh\/wp-json\/wp\/v2\/media?parent=1221"}],"curies":[{"name":"wp","href":"https:\/\/api.w.org\/{rel}","templated":true}]}}