{"id":12352,"date":"2018-02-06T10:01:08","date_gmt":"2018-02-06T09:01:08","guid":{"rendered":"https:\/\/www.konferenztechnik.de\/?page_id=12352"},"modified":"2018-02-06T10:01:08","modified_gmt":"2018-02-06T09:01:08","slug":"bosch-dicentis-idesk","status":"publish","type":"page","link":"https:\/\/konferenztechnik.de\/zh\/bosch-dicentis-idesk\/","title":{"rendered":"\u535a\u4e16 Dicentis IDESK"},"content":{"rendered":"<h1>\u535a\u4e16 Dicentis IDESK \u2013 \u53e3\u8bd1\u89e3\u51b3\u65b9\u6848<\/h1>\n<div class=\"call-action-slider-img\">\n<p><img decoding=\"async\" src=\"https:\/\/konferenztechnik.de\/wp-content\/uploads\/2018\/02\/bosch-dicentis-dolmetschpult-i-desk.jpg\" alt=\"\u5c55\u53f0\u5185\u7684\u535a\u4e16 Dicentis IDESK \u53e3\u8bd1\u53f0\" class=\"alignleft size-full wp-image-12412\" title=\"\"><\/p>\n<p><button class=\"bbtn popmake-12386\">\u8bf7\u6c42\u62a5\u4ef7 &amp;#x9B\uff1b<\/button>\n<\/div>\n<p>DICENTIS \u53e3\u8bd1\u5458\u63a7\u5236\u53f0 (I-DESK) \u662f\u535a\u4e16\u63a8\u51fa\u7684\u65b0\u578b\u53e3\u8bd1\u5458\u63a7\u5236\u53f0\u3002\u5b83\u662f\u535a\u4e16 Dicentis \u4ea7\u54c1\u7cfb\u5217\u7684\u4e00\u90e8\u5206\uff0c\u5e76\u6269\u5c55\u5230 Dicentis \u53e3\u8bd1\u5458\u89e3\u51b3\u65b9\u6848\u7cfb\u7edf\u3002<br \/>\n\u901a\u8fc7 DICENTIS \u53e3\u8bd1\u63a7\u5236\u53f0 (I-DESK)\uff0c\u535a\u4e16\u6ee1\u8db3\u4e86\u8fd1\u5e74\u6765\u5e02\u573a\u5bf9\u53e3\u8bd1\u6280\u672f\u4e0d\u65ad\u53d8\u5316\u7684\u8981\u6c42\u3002\u8fd9\u5305\u62ec\u652f\u6301\u591a\u8fbe 100 \u79cd\u8bed\u8a00\uff08\u5728\u6b27\u76df\u8303\u56f4\u5185\u5c24\u4e3a\u91cd\u8981\uff09\u3001\u7b26\u5408 ISO \u53e3\u8bd1\u6280\u672f\u6807\u51c6\u4ee5\u53ca\u5b89\u88c5\u548c\u7cfb\u7edf\u96c6\u6210\u7684\u6280\u672f\u8981\u6c42 (<a href=\"https:\/\/de.wikipedia.org\/wiki\/Dante_(Netzwerkprotokoll)\" target=\"_blank\" rel=\"noopener noreferrer\">\u5173\u952e\u8bcd\uff1aDANTE<\/a>).Dicentis \u53e3\u8bd1\u7cfb\u7edf\u5c06\u4e8e 2018 \u5e74\u590f\u5b63\u4e0a\u5e02\uff0c\u6211\u4eec\u5df2\u7ecf\u4e3a\u60a8\u603b\u7ed3\u4e86\u8be5\u7cfb\u7edf\u6700\u91cd\u8981\u7684\u529f\u80fd\u548c\u7ec4\u4ef6\u3002<\/p>\n<h2>DICENTIS (I-DESK) \u53e3\u8bd1\u5458\u63a7\u5236\u53f0\u7684\u4eae\u70b9<\/h2>\n<p>[column size=\"1-2\u2033 last=\"0\u2033]<img fetchpriority=\"high\" decoding=\"async\" width=\"850\" height=\"680\" src=\"https:\/\/konferenztechnik.de\/wp-content\/uploads\/2018\/01\/bosch-dicentis-i-desk-2.jpg\" alt=\"\u535a\u4e16 Dicentis DCNM-IDESK \u524d\u90e8\" class=\"alignleft size-full wp-image-12425\" title=\"\" srcset=\"https:\/\/konferenztechnik.de\/wp-content\/uploads\/2018\/01\/bosch-dicentis-i-desk-2.jpg 850w, https:\/\/konferenztechnik.de\/wp-content\/uploads\/2018\/01\/bosch-dicentis-i-desk-2-300x240.jpg 300w, https:\/\/konferenztechnik.de\/wp-content\/uploads\/2018\/01\/bosch-dicentis-i-desk-2-768x614.jpg 768w\" sizes=\"(max-width: 850px) 100vw, 850px\" \/>[\/column]<br \/>\n[column size=\"1-2\u2033 last=\"0\u2033]<img decoding=\"async\" width=\"850\" height=\"680\" src=\"https:\/\/konferenztechnik.de\/wp-content\/uploads\/2018\/01\/digitales-dolmetschpult-bosch-dicentis-b-1.jpg\" alt=\"\u6570\u5b57\u53e3\u8bd1\u53f0 Bosch Dicentis \u8be6\u60c5\" class=\"alignleft size-full wp-image-12427\" title=\"\" srcset=\"https:\/\/konferenztechnik.de\/wp-content\/uploads\/2018\/01\/digitales-dolmetschpult-bosch-dicentis-b-1.jpg 850w, https:\/\/konferenztechnik.de\/wp-content\/uploads\/2018\/01\/digitales-dolmetschpult-bosch-dicentis-b-1-300x240.jpg 300w, https:\/\/konferenztechnik.de\/wp-content\/uploads\/2018\/01\/digitales-dolmetschpult-bosch-dicentis-b-1-768x614.jpg 768w\" sizes=\"(max-width: 850px) 100vw, 850px\" \/>[\/column]<br \/>\n[column size=\"1-3\u2033 last=\"1\u2033]<img decoding=\"async\" width=\"850\" height=\"654\" src=\"https:\/\/konferenztechnik.de\/wp-content\/uploads\/2018\/01\/i-desk-detail.jpg\" alt=\"Dicentis IDESK \u8be6\u7ec6\u89c6\u56fe\" class=\"alignleft size-full wp-image-12363\" title=\"\" srcset=\"https:\/\/konferenztechnik.de\/wp-content\/uploads\/2018\/01\/i-desk-detail.jpg 850w, https:\/\/konferenztechnik.de\/wp-content\/uploads\/2018\/01\/i-desk-detail-300x231.jpg 300w, https:\/\/konferenztechnik.de\/wp-content\/uploads\/2018\/01\/i-desk-detail-768x591.jpg 768w\" sizes=\"(max-width: 850px) 100vw, 850px\" \/>[\/column]<\/p>\n<p>[list icon=\"moon-checkmark\" color=\"#a62055\u2033]\u652f\u6301\u591a\u8fbe 100 \u79cd\u8bed\u8a00[\/list]<br \/>\n[list icon=\"moon-checkmark\" color=\"#a62055\u2033]7\u82f1\u5bf8 TFT \u663e\u793a\u5c4f 800 * 480[\/list]<br \/>\n[list icon=\"moon-checkmark\" color=\"#a62055\u2033]\u7528\u4e8e\u6f14\u793a\u6216\u89c6\u9891\u7684 HDMI \u89c6\u9891\u8f93\u51fa\uff08\u4ec5\u9650 DCNM-IDESKVID\uff09[\/list]<br \/>\n[list icon=\"moon-checkmark\" color=\"#a62055\u2033]\u4e03\u79cd\u5165\u7ad9\u8bed\u8a00\u4e2d\u7ee7\u548c\u4e09\u79cd\u51fa\u7ad9\u8bed\u8a00[\/list]<br \/>\n[list icon=\"moon-checkmark\" color=\"#a62055\u2033]\u7528\u4e8e\u8bbf\u95ee\u4e2a\u4eba\u8bbe\u7f6e\u7684\u5185\u7f6e NFC \u9605\u8bfb\u5668[\/list]<br \/>\n[list icon=\"moon-checkmark\" color=\"#a62055\u2033]\u4e09\u4e2a\u8033\u673a\u8f93\u51fa\uff08\u4e24\u4e2a\u5728\u4fa7\u9762\uff0c\u4e00\u4e2a\u5728\u5e95\u90e8\uff09[\/list]<br \/>\n[list icon=\"moon-checkmark\" color=\"#a62055\u2033]\u63d2\u5165\u5f0f\u9ea6\u514b\u98ce[\/list]<br \/>\n[list icon=\"moon-checkmark\" color=\"#a62055\u2033]\u4f7f\u7528\u9884\u5b9a\u4e49\u8033\u673a\u548c\u8033\u9ea6\u4fdd\u62a4\u542c\u529b[\/list]<\/p>\n<p>[spacer size=\"20\u2033]<\/p>\n<h2>\u578b\u53f7 Dicentis IDESK \u548c IDESKVID<\/h2>\n<p><img loading=\"lazy\" decoding=\"async\" width=\"850\" height=\"414\" src=\"https:\/\/konferenztechnik.de\/wp-content\/uploads\/2018\/01\/bosch-dicentis-interpreting-i-desk-2.jpg\" alt=\"\u535a\u4e16 Dicentis \u53e3\u8bd1\u7cfb\u7edf DCNM-IDESKVID\" class=\"alignleft size-full wp-image-12423\" title=\"\" srcset=\"https:\/\/konferenztechnik.de\/wp-content\/uploads\/2018\/01\/bosch-dicentis-interpreting-i-desk-2.jpg 850w, https:\/\/konferenztechnik.de\/wp-content\/uploads\/2018\/01\/bosch-dicentis-interpreting-i-desk-2-300x146.jpg 300w, https:\/\/konferenztechnik.de\/wp-content\/uploads\/2018\/01\/bosch-dicentis-interpreting-i-desk-2-768x374.jpg 768w\" sizes=\"(max-width: 850px) 100vw, 850px\" \/> <\/p>\n<p>\u535a\u4e16\u53e3\u8bd1\u63a7\u5236\u53f0\u6709\u4e24\u79cd\u578b\u53f7\u53ef\u4f9b\u9009\u62e9\uff1aDICENTIS (I-DESK) \u548c DICENTIS (IDESKVID)\u3002I-DESK VID\uff08=\u89c6\u9891\uff09\u8fd8\u5177\u6709 HDMI \u89c6\u9891\u8f93\u51fa\u3002\u8fd9\u6837\u5c31\u53ef\u4ee5\u5c06\u663e\u793a\u5668\u8fde\u63a5\u5230\u53e3\u8bd1\u63a7\u5236\u53f0\u3002\u6f14\u793a\u6587\u7a3f\u3001\u89c6\u9891\u6216\u56fe\u50cf\u53ef\u76f4\u63a5\u4f20\u8f93\u5230\u663e\u793a\u5668\u4e0a\u7684\u53e3\u8bd1\u5458\u3002\u4f7f\u7528\u6807\u51c6 CAT \u7535\u7f06\u8fdb\u884c\u8fde\u63a5\u3002<\/p>\n<p>[spacer size=\"20\u2033]<\/p>\n<h2>\u5176\u4ed6 DICENTIS \u53e3\u8bd1\u89e3\u51b3\u65b9\u6848\u8bbe\u5907<\/h2>\n<p>[spacer size=\"20\u2033]<br \/>\n<img loading=\"lazy\" decoding=\"async\" width=\"850\" height=\"287\" src=\"https:\/\/konferenztechnik.de\/wp-content\/uploads\/2018\/01\/audio-powering-switch-windows-server.jpg\" alt=\"\u535a\u4e16 Dicentis \u97f3\u9891\u4f9b\u7535\u5f00\u5173 (APS) \u548c Windows \u670d\u52a1\u5668\" class=\"size-full wp-image-12376\" title=\"\" srcset=\"https:\/\/konferenztechnik.de\/wp-content\/uploads\/2018\/01\/audio-powering-switch-windows-server.jpg 850w, https:\/\/konferenztechnik.de\/wp-content\/uploads\/2018\/01\/audio-powering-switch-windows-server-300x101.jpg 300w, https:\/\/konferenztechnik.de\/wp-content\/uploads\/2018\/01\/audio-powering-switch-windows-server-768x259.jpg 768w\" sizes=\"(max-width: 850px) 100vw, 850px\" \/><br \/>\n[spacer size=\"20\u2033]<\/p>\n<h3>\u5e26 PC \u7684\u535a\u4e16\u670d\u52a1\u5668\u64cd\u4f5c\u7cfb\u7edf<\/h3>\n<p>\u535a\u4e16\u81ea\u5df1\u7684 ServerOS \u8f6f\u4ef6\u7528\u4e8e\u8def\u7531\u4fe1\u53f7\u3001\u7ba1\u7406\u548c\u63a7\u5236\u8fde\u63a5\u7684\u8bbe\u5907\u4ee5\u53ca\u5904\u7406\u4ea7\u751f\u7684\u6570\u636e\u3002\u5b83\u662f Dicentis \u53e3\u8bd1\u89e3\u51b3\u65b9\u6848\u7684\u6838\u5fc3\u3002\u535a\u4e16\u53ef\u63d0\u4f9b\u9884\u88c5\u548c\u914d\u7f6e\u4e86 Bosch ServerOS \u7684\u673a\u67b6\u5f0f Windows \u670d\u52a1\u5668\u3002\n<\/p>\n<p>[spacer size=\"20\u2033]<\/p>\n<h3>\u535a\u4e16 Dicentis \u97f3\u9891\u4f9b\u7535\u5f00\u5173 (APS2)<\/h3>\n<p>\u97f3\u9891\u4f9b\u7535\u5f00\u5173 (APS2) \u8fd8\u8d1f\u8d23\u5728 Dicentis \u7cfb\u7edf\u4e2d\u8def\u7531\u97f3\u9891\u4fe1\u53f7\u3002\u5b83\u8fd8\u5145\u5f53\u7535\u6e90\u88c5\u7f6e\uff0c\u4e3a Dicentis \u7cfb\u7edf\u4e2d\u96c6\u6210\u7684\u6240\u6709\u8bbe\u5907\u63d0\u4f9b\u5fc5\u8981\u7684\u7535\u538b\u3002\u5916\u90e8\u97f3\u9891\u4fe1\u53f7\u53ef\u4ee5\u901a\u8fc7 4 \u4e2a XLR \u63a5\u53e3\uff082 \u8fdb 2 \u51fa\uff09\u8f93\u5165\uff0c\u4e5f\u53ef\u4ee5\u8f93\u51fa\u5230\u5916\u90e8\u97f3\u6e90\u3002 <\/p>\n<p>[spacer size=\"20\u2033]<\/p>\n<h2>DICENTIS \u8f6f\u4ef6\u6a21\u5757<\/h2>\n<p>[spacer size=\"20\u2033]<br \/>\n<img loading=\"lazy\" decoding=\"async\" width=\"1032\" height=\"740\" src=\"https:\/\/konferenztechnik.de\/wp-content\/uploads\/2018\/01\/pult-workflow.jpg\" alt=\"\u535a\u4e16 Dicentis \u4fe1\u53f7\u6d41\u7a0b\u548c\u7cfb\u7edf\u8bbe\u8ba1\" class=\"alignleft size-full wp-image-12421\" title=\"\" srcset=\"https:\/\/konferenztechnik.de\/wp-content\/uploads\/2018\/01\/pult-workflow.jpg 1032w, https:\/\/konferenztechnik.de\/wp-content\/uploads\/2018\/01\/pult-workflow-300x215.jpg 300w, https:\/\/konferenztechnik.de\/wp-content\/uploads\/2018\/01\/pult-workflow-1024x734.jpg 1024w, https:\/\/konferenztechnik.de\/wp-content\/uploads\/2018\/01\/pult-workflow-768x551.jpg 768w\" sizes=\"(max-width: 1032px) 100vw, 1032px\" \/><br \/>\n[spacer size=\"10\u2033]<\/p>\n<p>\u4f7f\u7528\u5355\u72ec\u63d0\u4f9b\u7684\u8f6f\u4ef6\u6a21\u5757\uff0c\u53ef\u901a\u8fc7\u8ba1\u7b97\u673a\u63a7\u5236\u3001\u914d\u7f6e Dicentis \u7cfb\u7edf\u5e76\u5c06\u5176\u96c6\u6210\u5230 DANTE \u7cfb\u7edf\u4e2d\u3002<\/p>\n<h3>DICENTIS \u7cfb\u7edf\u670d\u52a1\u5668\u8f6f\u4ef6\u8bb8\u53ef\u8bc1 (DCNM-LSYS)<\/h3>\n<p>\u652f\u6301 DICENTIS \u89e3\u91ca\u5668\u684c\u9762\uff0c\u6709\u52a9\u4e8e\u5b89\u88c5\u548c\u914d\u7f6e\u3002<br \/>\n[spacer size=\"20\u2033]<\/p>\n<h3>DICENTIS \u540c\u58f0\u4f20\u8bd1\u8bb8\u53ef\u8bc1 (DCNM-LIN)<\/h3>\n<p>\u5728 Bosch \u4f1a\u8bae\u5e94\u7528\u7a0b\u5e8f\u4e2d\u589e\u52a0\u4e86\u540c\u58f0\u4f20\u8bd1\u7684\u51c6\u5907\u548c\u7ba1\u7406\u529f\u80fd\uff1a<\/p>\n<p>\u914d\u7f6e\uff1a\u7cfb\u7edf\u3001\u5c55\u53f0\u548c\u53e3\u8bd1\u53f0\u914d\u7f6e<br \/>\n\u51c6\u5907\u5de5\u4f5c\uff1a\u786e\u5b9a\u4f1a\u8bae\u6240\u9700\u8bed\u8a00\u7684\u6570\u91cf<br \/>\n\u7ba1\u7406\uff1a\u8fdc\u7a0b\u63a7\u5236\u53e3\u8bd1\u53f0<\/p>\n<p>[spacer size=\"20\u2033]<\/p>\n<h3>DICENTIS Dante \u8f6f\u4ef6\u8bb8\u53ef\u8bc1 (DCNM-LSDANTE)<\/h3>\n<p>\u8be5\u6a21\u5757\u53ef\u5c06 Dicentis IDESK \u7684\u540c\u6b65\u901a\u9053\u76f4\u63a5\u9988\u5165 DANTE \u7cfb\u7edf\u3002<br \/>\n[spacer size=\"20\u2033]<\/p>\n<h2>\u535a\u4e16 IDESK DICENTIS \u548c\u53e3\u8bd1\u7cfb\u7edf\u4f55\u65f6\u4e0a\u5e02\uff1f<\/h2>\n<p>[spacer size=\"20\u2033]<\/p>\n<div class=\"call-action-slider-img\">\n<p><img loading=\"lazy\" decoding=\"async\" width=\"850\" height=\"373\" src=\"https:\/\/konferenztechnik.de\/wp-content\/uploads\/2018\/02\/bosch-dicentis-all-products.jpg\" alt=\"\u535a\u4e16 Dicentis DCNM-IDESKVID \u548c\u6240\u6709\u4ea7\u54c1\" class=\"alignleft size-full wp-image-12354\" title=\"\"><br \/>\n<button class=\"bbtn popmake-12386\">\u8bf7\u6c42\u62a5\u4ef7 &amp;#x9B\uff1b<\/button>\n<\/div>\n<p>[list icon=\"moon-checkmark\" color=\"#a62055\u2033]\u4ea7\u54c1\u5c55\u793a\uff1aISE 2018 \u5c55\u4f1a\uff082018 \u5e74 2 \u6708\uff09[\/list]<br \/>\n[list icon=\"moon-checkmark\" color=\"#a62055\u2033]\u8ba1\u5212\u9500\u552e\u65f6\u95f4\uff1a2018 \u5e74\u590f\u5b63[\/list]<br \/>\n[list icon=\"moon-checkmark\" color=\"#a62055\u2033]\u6700\u7ec8\u6574\u5408\u6240\u6709\u529f\u80fd\uff1a2019\u5e74\u7b2c\u4e8c\u5b63\u5ea6[\/list\uff3d<\/p>\n<p>[spacer size=\"20\u2033]<\/p>\n<h2>\u94fe\u63a5\u548c\u66f4\u591a\u4fe1\u606f<\/h2>\n<ul>\n<li><a href=\"https:\/\/konferenztechnik.de\/zh\/%e5%8d%9a%e4%b8%96-dicentis-idesk-%e6%b5%8b%e8%af%95%e6%8a%a5%e5%91%8a\/\">PCS Dicentis IDESK \u6d4b\u8bd5\u62a5\u544a<\/a><\/li>\n<li><a href=\"https:\/\/konferenztechnik.de\/zh\/bosch-dicentis\/\">\u535a\u4e16 Dicentis \u2013 2018 \u5e74 ISE \u5c55\u89c8\u4f1a\u5370\u8c61<\/a><\/li>\n<li><a href=\"https:\/\/konferenztechnik.de\/zh\/pcs-%e6%98%af%e5%8d%9a%e4%b8%96%e6%8e%88%e6%9d%83%e5%90%88%e4%bd%9c%e4%bc%99%e4%bc%b4\/\">PCS \u662f\u535a\u4e16\u6388\u6743\u7ecf\u9500\u5546<\/a><\/li>\n<li><a href=\"https:\/\/konferenztechnik.de\/zh\/%e5%88%86%e5%8f%91%e4%bc%9a%e8%ae%ae%e5%92%8c-av-%e5%aa%92%e4%bd%93%e6%8a%80%e6%9c%af\/%e5%8f%a3%e8%af%91%e7%b3%bb%e7%bb%9f\/\">\u53e3\u8bd1\u7cfb\u7edf\u4fe1\u606f<\/a>\n<\/ul>","protected":false},"excerpt":{"rendered":"<p>Bosch Dicentis IDESK \u2013 Interpreter Solutions Angebot anfordern &#x9B; Das DICENTIS Dolmetschpult (I-DESK) ist das neue Dolmetscherpult der Firma Bosch. Es ist Teil der Bosch Dicentis-Produktfamilie und erweitert diese zum Dicentis-Interpreter-Solution-System. Mit dem DICENTIS Dolmetschpult (I-DESK) reagiert Bosch auf die sich in den letzten Jahren ge\u00e4nderten Markt-Anforderungen f\u00fcr Dolmetschertechnik. Dazu geh\u00f6rt die Unterst\u00fctzung von bis [&hellip;]<\/p>","protected":false},"author":1,"featured_media":45482,"parent":0,"menu_order":0,"comment_status":"closed","ping_status":"closed","template":"page-right-sidebar.php","meta":{"_acf_changed":false,"footnotes":""},"class_list":["post-12352","page","type-page","status-publish","has-post-thumbnail","hentry"],"acf":[],"_links":{"self":[{"href":"https:\/\/konferenztechnik.de\/zh\/wp-json\/wp\/v2\/pages\/12352","targetHints":{"allow":["GET"]}}],"collection":[{"href":"https:\/\/konferenztechnik.de\/zh\/wp-json\/wp\/v2\/pages"}],"about":[{"href":"https:\/\/konferenztechnik.de\/zh\/wp-json\/wp\/v2\/types\/page"}],"author":[{"embeddable":true,"href":"https:\/\/konferenztechnik.de\/zh\/wp-json\/wp\/v2\/users\/1"}],"replies":[{"embeddable":true,"href":"https:\/\/konferenztechnik.de\/zh\/wp-json\/wp\/v2\/comments?post=12352"}],"version-history":[{"count":0,"href":"https:\/\/konferenztechnik.de\/zh\/wp-json\/wp\/v2\/pages\/12352\/revisions"}],"wp:featuredmedia":[{"embeddable":true,"href":"https:\/\/konferenztechnik.de\/zh\/wp-json\/wp\/v2\/media\/45482"}],"wp:attachment":[{"href":"https:\/\/konferenztechnik.de\/zh\/wp-json\/wp\/v2\/media?parent=12352"}],"curies":[{"name":"wp","href":"https:\/\/api.w.org\/{rel}","templated":true}]}}