{"id":1242,"date":"2013-08-23T11:24:29","date_gmt":"2013-08-23T09:24:29","guid":{"rendered":"https:\/\/pcs-miete.de\/?page_id=1242"},"modified":"2023-07-05T10:53:31","modified_gmt":"2023-07-05T08:53:31","slug":"%e8%a7%86%e9%a2%91%e4%bc%9a%e8%ae%ae%e7%b3%bb%e7%bb%9f%e5%92%8c%e6%91%84%e5%83%8f%e6%9c%ba","status":"publish","type":"page","link":"https:\/\/konferenztechnik.de\/zh\/%e5%88%86%e5%8f%91%e4%bc%9a%e8%ae%ae%e5%92%8c-av-%e5%aa%92%e4%bd%93%e6%8a%80%e6%9c%af\/%e8%a7%86%e9%a2%91%e6%8a%80%e6%9c%af\/%e8%a7%86%e9%a2%91%e4%bc%9a%e8%ae%ae%e7%b3%bb%e7%bb%9f%e5%92%8c%e6%91%84%e5%83%8f%e6%9c%ba\/","title":{"rendered":"\u89c6\u9891\u4f1a\u8bae\u7cfb\u7edf\u548c\u6444\u50cf\u673a"},"content":{"rendered":"<div data-elementor-type=\"wp-page\" data-elementor-id=\"1242\" class=\"elementor elementor-1242\" data-elementor-post-type=\"page\">\n\t\t\t\t\t\t<section data-particle_enable=\"false\" data-particle-mobile-disabled=\"false\" class=\"elementor-section elementor-top-section elementor-element elementor-element-46c728b7 elementor-section-boxed elementor-section-height-default elementor-section-height-default\" data-id=\"46c728b7\" data-element_type=\"section\">\n\t\t\t\t\t\t<div class=\"elementor-container elementor-column-gap-default\">\n\t\t\t\t\t<div class=\"elementor-column elementor-col-100 elementor-top-column elementor-element elementor-element-11c45f1c\" data-id=\"11c45f1c\" data-element_type=\"column\">\n\t\t\t<div class=\"elementor-widget-wrap elementor-element-populated\">\n\t\t\t\t\t\t<div class=\"elementor-element elementor-element-11a61641 elementor-widget elementor-widget-text-editor\" data-id=\"11a61641\" data-element_type=\"widget\" data-widget_type=\"text-editor.default\">\n\t\t\t\t<div class=\"elementor-widget-container\">\n\t\t\t\t\t\t\t\t\t<h1>\u89c6\u9891\u4f1a\u8bae\u7cfb\u7edf\u548c\u6444\u50cf\u673a<\/h1>\n\u89c6\u9891\u4f1a\u8bae\u7cfb\u7edf\u76ee\u524d\u6b63\u5728\u7ecf\u5386\u4e00\u573a\u771f\u6b63\u7684\u70ed\u6f6e\u3002\u5404\u79cd\u4f1a\u8bae\u548c\u5c0f\u578b\u4f1a\u8bae\u53ef\u8282\u7701\u5927\u91cf\u5dee\u65c5\u8d39\u7528\u3002\u5bf9\u4e8e\u5728\u5fb7\u56fd\u548c\u56fd\u5916\u8bbe\u6709\u591a\u4e2a\u5206\u652f\u673a\u6784\u7684\u516c\u53f8\u6765\u8bf4\uff0c\u5b9a\u671f\u53ec\u5f00\u5458\u5de5\u4f1a\u8bae\u5c24\u5176\u503c\u5f97\u8d2d\u4e70\u3002\u53e6\u4e00\u4e2a\u5178\u578b\u7684\u7528\u9014\u662f\u5f8b\u5e08\u4e8b\u52a1\u6240\uff0c\u4ed6\u4eec\u53ef\u4ee5\u5b9a\u671f\u4e0e\u5ba2\u6237\u4e3e\u884c\u4f1a\u8bae\uff0c\u800c\u4e0d\u5fc5\u628a\u5b9d\u8d35\u7684\u65f6\u95f4\u82b1\u5728\u98de\u673a\u6216\u706b\u8f66\u4e0a\u3002\u540c\u65f6\uff0c\u8fd8\u53ef\u4ee5\u5927\u5927\u51cf\u5c11\u5bf9\u73af\u5883\u7684\u6c61\u67d3\u3002\u6b64\u5916\uff0c\u8fc7\u53bb\u8d2d\u4e70\u4e00\u5957\u89c6\u9891\u4f1a\u8bae\u7cfb\u7edf\u9700\u8981\u82b1\u8d39\u516d\u4f4d\u6570\u7684\u8d44\u91d1\uff0c\u800c\u73b0\u5728\u8fd9\u4e9b\u7cfb\u7edf\u7684\u4ef7\u683c\u8d8a\u6765\u8d8a\u5408\u7406\u3002\n<h2>\u7d22\u5c3c PCS-XG80 \u89c6\u9891\u4f1a\u8bae\u7cfb\u7edf<\/h2>\n<a href=\"https:\/\/konferenztechnik.de\/wp-content\/uploads\/2013\/09\/Sony_Videokonferenzanlage_PCS-XG80_gross.jpg\"><img fetchpriority=\"high\" decoding=\"async\" width=\"800\" height=\"627\" class=\"alignleft size-full wp-image-2641\" src=\"https:\/\/konferenztechnik.de\/wp-content\/uploads\/2013\/09\/Sony_Videokonferenzanlage_PCS-XG80_gross.jpg\" alt=\"\u7d22\u5c3c\u89c6\u9891\u4f1a\u8bae PCS-XG80_large\" title=\"\" srcset=\"https:\/\/konferenztechnik.de\/wp-content\/uploads\/2013\/09\/Sony_Videokonferenzanlage_PCS-XG80_gross.jpg 800w, https:\/\/konferenztechnik.de\/wp-content\/uploads\/2013\/09\/Sony_Videokonferenzanlage_PCS-XG80_gross-300x235.jpg 300w, https:\/\/konferenztechnik.de\/wp-content\/uploads\/2013\/09\/Sony_Videokonferenzanlage_PCS-XG80_gross-768x602.jpg 768w\" sizes=\"(max-width: 800px) 100vw, 800px\" \/><\/a>\n\n\u7d22\u5c3c\u89c6\u9891\u4f1a\u8bae\u7cfb\u7edf\u53ef\u63d0\u4f9b 1080i \u5206\u8fa8\u7387\u7684\u4e00\u6d41\u6e05\u6670\u9ad8\u6e05\u56fe\u50cf\u548c\u5353\u8d8a\u7684\u97f3\u8d28\uff0c\u5b9e\u73b0\u6e05\u6670\u7684\u901a\u4fe1\u3002\u89c6\u9891\u4f1a\u8bae\u7cfb\u7edf\u53ef\u8fde\u63a5\u5230 ISDN \u7535\u8bdd\u7ebf\u6216\uff08\u73b0\u5728\u7684\u6807\u51c6\uff09\u516c\u53f8\u8ba1\u7b97\u673a\u7f51\u7edc\uff08\u6709\u81ea\u5df1\u7684 IP \u5730\u5740\uff09\u3002\u8fd9\u6837\u5c31\u53ef\u4ee5\u901a\u8fc7\u4e92\u8054\u7f51\u8fdb\u884c\u5feb\u901f\u3001\u5b89\u5168\uff08\u56e0\u4e3a\u5df2\u52a0\u5bc6\uff09\u7684\u4f20\u8f93\u3002\u8bbe\u7f6e\u5e76\u4e0d\u590d\u6742\uff0c\u64cd\u4f5c\u4e5f\u5f88\u7b80\u5355\u3002\u6211\u4eec\u5f88\u4e50\u610f\u5e2e\u52a9\u60a8\u6216\u60a8\u7684\u7ba1\u7406\u5458\u5c06\u7cfb\u7edf\u6574\u5408\u5230\u672c\u5730\u7f51\u7edc\uff08LAN\uff09\u4e2d\u3002\t\t\t\t\t\t\t\t<\/div>\n\t\t\t\t<\/div>\n\t\t\t\t\t<\/div>\n\t\t<\/div>\n\t\t\t\t\t<\/div>\n\t\t<\/section>\n\t\t\t\t<\/div>","protected":false},"excerpt":{"rendered":"<p>Videokonferenzanlagen und Kameras Videokonferenzsysteme erleben zurzeit einen regelrechten Boom. F\u00fcr Meetings und kleinere Konferenzen jeglicher Art k\u00f6nnen hier enorme Reisekosten eingespart werden. Gerade bei regelm\u00e4\u00dfigen Mitarbeiterbesprechungen von Firmen mit mehreren Niederlassungen im In- und Ausland lohnt sich die Anschaffung. Ein weiterer typischer Einsatz ist in Anwaltskanzleien, die regelm\u00e4\u00dfige Sitzungen mit ihren Kunden abhalten k\u00f6nnen, ohne [&hellip;]<\/p>","protected":false},"author":1,"featured_media":45482,"parent":1138,"menu_order":223,"comment_status":"closed","ping_status":"open","template":"","meta":{"_acf_changed":false,"footnotes":""},"class_list":["post-1242","page","type-page","status-publish","has-post-thumbnail","hentry"],"acf":[],"_links":{"self":[{"href":"https:\/\/konferenztechnik.de\/zh\/wp-json\/wp\/v2\/pages\/1242","targetHints":{"allow":["GET"]}}],"collection":[{"href":"https:\/\/konferenztechnik.de\/zh\/wp-json\/wp\/v2\/pages"}],"about":[{"href":"https:\/\/konferenztechnik.de\/zh\/wp-json\/wp\/v2\/types\/page"}],"author":[{"embeddable":true,"href":"https:\/\/konferenztechnik.de\/zh\/wp-json\/wp\/v2\/users\/1"}],"replies":[{"embeddable":true,"href":"https:\/\/konferenztechnik.de\/zh\/wp-json\/wp\/v2\/comments?post=1242"}],"version-history":[{"count":0,"href":"https:\/\/konferenztechnik.de\/zh\/wp-json\/wp\/v2\/pages\/1242\/revisions"}],"up":[{"embeddable":true,"href":"https:\/\/konferenztechnik.de\/zh\/wp-json\/wp\/v2\/pages\/1138"}],"wp:featuredmedia":[{"embeddable":true,"href":"https:\/\/konferenztechnik.de\/zh\/wp-json\/wp\/v2\/media\/45482"}],"wp:attachment":[{"href":"https:\/\/konferenztechnik.de\/zh\/wp-json\/wp\/v2\/media?parent=1242"}],"curies":[{"name":"wp","href":"https:\/\/api.w.org\/{rel}","templated":true}]}}