{"id":12554,"date":"2018-02-07T10:03:37","date_gmt":"2018-02-07T09:03:37","guid":{"rendered":"https:\/\/www.konferenztechnik.de\/?page_id=12554"},"modified":"2023-09-01T13:14:35","modified_gmt":"2023-09-01T11:14:35","slug":"%e6%8b%9c%e4%ba%9a%e5%8a%a8%e5%8a%9b-unite-%e8%ae%bf%e5%ae%a2%e5%bc%95%e5%af%bc%e7%b3%bb%e7%bb%9f","status":"publish","type":"page","link":"https:\/\/konferenztechnik.de\/zh\/%e6%8b%9c%e4%ba%9a%e5%8a%a8%e5%8a%9b-unite-%e8%ae%bf%e5%ae%a2%e5%bc%95%e5%af%bc%e7%b3%bb%e7%bb%9f\/","title":{"rendered":"\u62dc\u4e9a\u52a8\u529b UNITE \u8bbf\u5ba2\u5f15\u5bfc\u7cfb\u7edf"},"content":{"rendered":"<h1>\u6765\u81ea ISE \u7684\u62dc\u4e9a\u52a8\u529b UNITE \u2013 \u5370\u8c61<\/h1>\n<p><img fetchpriority=\"high\" decoding=\"async\" src=\"https:\/\/konferenztechnik.de\/wp-content\/uploads\/2018\/02\/beyerdynamic-unite-neuheit.jpg\" alt=\"\u6765\u81ea\u62dc\u4e9a\u52a8\u529b\u7684 UNITE TourGuide\" width=\"1200\" height=\"750\" class=\"alignnone size-full wp-image-12559\" title=\"\" srcset=\"https:\/\/konferenztechnik.de\/wp-content\/uploads\/2018\/02\/beyerdynamic-unite-neuheit.jpg 1200w, https:\/\/konferenztechnik.de\/wp-content\/uploads\/2018\/02\/beyerdynamic-unite-neuheit-300x188.jpg 300w, https:\/\/konferenztechnik.de\/wp-content\/uploads\/2018\/02\/beyerdynamic-unite-neuheit-1024x640.jpg 1024w, https:\/\/konferenztechnik.de\/wp-content\/uploads\/2018\/02\/beyerdynamic-unite-neuheit-768x480.jpg 768w\" sizes=\"(max-width: 1200px) 100vw, 1200px\" \/><\/p>\n<h2 >\u2013 \u5bf9\u8bdd\u53d6\u4ee3\u72ec\u767d \u2013 \u591a\u5411\u53d6\u4ee3\u5355\u5411 \u2013 \u6e38\u5ba2\u5f15\u5bfc 2.0<\/h2>\n<p>\u62dc\u4e9a\u52a8\u529b\u63a8\u51fa\u4e86\u5168\u65b0\u7684 UNITE \u5bfc\u5411\u7cfb\u7edf\u3002<br \/>\n[spacer size=\"30\u2033]<br \/>\n<img decoding=\"async\" src=\"https:\/\/konferenztechnik.de\/wp-content\/uploads\/2018\/02\/unite-empfaenger.jpg\" alt=\"\u62dc\u4e9a\u52a8\u529b UNITE \u63a5\u6536\u5668\" width=\"1200\" height=\"750\" class=\"alignnone size-full wp-image-12561\" title=\"\"><\/p>\n<h2>\u5e26\u5bf9\u8bb2\u529f\u80fd\u7684 UNITE RP-T \u8896\u73cd\u63a5\u6536\u5668<\/h2>\n<p>\u6765\u5bbe\u53ef\u4ee5\u4f7f\u7528\u5bf9\u8bb2\u529f\u80fd\u63d0\u95ee\uff0c\u8ba9\u6240\u6709\u6765\u5bbe\u90fd\u80fd\u542c\u5230\u3002\u6700\u591a\u53ef\u6709\u4e09\u540d\u53c2\u4e0e\u8005\u540c\u65f6\u8fdb\u884c\u4ea4\u6d41\u3002\u53c2\u89c2\u8fc7\u7a0b\u53d8\u5f97\u4e92\u52a8\u8d77\u6765\u3002<br \/>\n[spacer size=\"30\u2033]<br \/>\n<img decoding=\"async\" src=\"https:\/\/konferenztechnik.de\/wp-content\/uploads\/2018\/02\/beyerdynamic-unite-mikrofon.jpg\" alt=\"\u62dc\u4e9a\u52a8\u529b UNITE \u9ea6\u514b\u98ce\" width=\"1200\" height=\"750\" class=\"alignnone size-full wp-image-12558\" title=\"\" srcset=\"https:\/\/konferenztechnik.de\/wp-content\/uploads\/2018\/02\/beyerdynamic-unite-mikrofon.jpg 1200w, https:\/\/konferenztechnik.de\/wp-content\/uploads\/2018\/02\/beyerdynamic-unite-mikrofon-300x188.jpg 300w, https:\/\/konferenztechnik.de\/wp-content\/uploads\/2018\/02\/beyerdynamic-unite-mikrofon-1024x640.jpg 1024w, https:\/\/konferenztechnik.de\/wp-content\/uploads\/2018\/02\/beyerdynamic-unite-mikrofon-768x480.jpg 768w\" sizes=\"(max-width: 1200px) 100vw, 1200px\" \/><\/p>\n<h2>Unite TH \u624b\u6301\u53d1\u5c04\u673a<\/h2>\n<p>\u914d\u6709\u53ef\u66f4\u6362\u7684\u9502\u79bb\u5b50\u7535\u6c60\uff0c\u5de5\u4f5c\u65f6\u95f4\u8d85\u8fc7 15 \u5c0f\u65f6\u3002\u96c6\u6210\u7684\u6570\u5b57\u97f3\u9891\u5904\u7406\u5668\u4f7f\u8bed\u97f3\u6e05\u6670\u5ea6\u66f4\u52a0\u5b8c\u7f8e\uff1a\u4f18\u5316\u7684\u9891\u7387\u66f2\u7ebf\u3001\u81ea\u52a8\u97f3\u91cf\u63a7\u5236\uff08\u65e0\u8bba\u5bfc\u6e38\u8bf4\u8bdd\u7684\u58f0\u97f3\u662f\u5927\u662f\u5c0f\uff0c\u97f3\u91cf\u59cb\u7ec8\u4fdd\u6301\u4e0d\u53d8\uff09\u3001\u964d\u566a\uff08\u4e3b\u52a8\u6709\u6548\u5730\u963b\u9694\u4e0d\u5fc5\u8981\u7684\u80cc\u666f\u566a\u97f3\uff09\u3002<br \/>\n[spacer size=\"30\u2033]<br \/>\n<img loading=\"lazy\" decoding=\"async\" src=\"https:\/\/konferenztechnik.de\/wp-content\/uploads\/2018\/02\/beyerdynamic-unite-transport-ladekoffer.jpg\" alt=\"\u7528\u4e8e\u8fd0\u8f93\u62dc\u4e9a\u52a8\u529b\u7684 UNITE \u5145\u7535\u7bb1\" width=\"1200\" height=\"750\" class=\"alignnone size-full wp-image-12560\" title=\"\" srcset=\"https:\/\/konferenztechnik.de\/wp-content\/uploads\/2018\/02\/beyerdynamic-unite-transport-ladekoffer.jpg 1200w, https:\/\/konferenztechnik.de\/wp-content\/uploads\/2018\/02\/beyerdynamic-unite-transport-ladekoffer-300x188.jpg 300w, https:\/\/konferenztechnik.de\/wp-content\/uploads\/2018\/02\/beyerdynamic-unite-transport-ladekoffer-1024x640.jpg 1024w, https:\/\/konferenztechnik.de\/wp-content\/uploads\/2018\/02\/beyerdynamic-unite-transport-ladekoffer-768x480.jpg 768w\" sizes=\"(max-width: 1200px) 100vw, 1200px\" \/><\/p>\n<h2> UNITE CC-24P \u2013 \u8fd0\u8f93\u548c\u5145\u7535\u7bb1<\/h2>\n<p>\u4e00\u53f0\u8bbe\u5907\u53ef\u8fde\u63a5 24 \u4e2a\u8896\u73cd\u63a5\u6536\u5668\/\u53d1\u5c04\u5668\u3002\u914d\u6709\u4ee5\u592a\u7f51\u8fde\u63a5\uff0c\u7528\u4e8e\u66f4\u65b0\u548c\u914d\u5bf9\u3002<br \/>\n[spacer size=\"30\u2033]<br \/>\n<img loading=\"lazy\" decoding=\"async\" src=\"https:\/\/konferenztechnik.de\/wp-content\/uploads\/2018\/02\/beyerdynamic-unite-cc-24p.jpg\" alt=\"\u62dc\u4e9a\u52a8\u529b\u7684 UNITE CC-24p\" width=\"1200\" height=\"750\" class=\"alignnone size-full wp-image-12556\" title=\"\"><\/p>\n<h2> \u62dc\u4e9a\u52a8\u529b UNITE \u2013 \u5904\u7406\u7cfb\u7edf<\/h2>\n<p>\u73b0\u4ee3\u3001\u65f6\u5c1a\u3001\u575a\u56fa\u3002\u62dc\u4e9a\u52a8\u529b\u7684\u65b0\u578b\u8bbf\u5ba2\u5f15\u5bfc\u7cfb\u7edf\u5728\u5404\u4e2a\u65b9\u9762\u90fd\u5b9e\u73b0\u4e86\u5b83\u7684\u627f\u8bfa\u3002\u6211\u4eec\u5c06\u5f88\u5feb\u5bf9\u5176\u8fdb\u884c\u8be6\u7ec6\u6d4b\u8bd5\uff0c\u5e76\u5bf9\u5176\u5145\u6ee1\u671f\u5f85\u3002<br \/>\n[spacer size=\"30\u2033]<\/p>\n<p><a href=\"https:\/\/konferenztechnik.de\/zh\/%e6%8b%9c%e4%ba%9a%e5%8a%a8%e5%8a%9b%e8%81%94%e5%90%88%e9%80%9a%e4%bf%a1%e7%b3%bb%e7%bb%9f\/\">\u4ea7\u54c1\u4ecb\u7ecd\uff1a\u62dc\u4e9a\u52a8\u529b UNITE \u2013 \u6570\u5b57\u65e0\u7ebf\u901a\u4fe1\u7cfb\u7edf<\/a><br \/>\n<a href=\"https:\/\/konferenztechnik.de\/zh\/%e6%8b%9c%e4%ba%9a%e5%8a%a8%e5%8a%9b-unite-%e6%95%b0%e5%ad%97%e5%af%bc%e5%bc%95%e7%b3%bb%e7%bb%9f\/\">\u62dc\u4e9a\u52a8\u529b UNITE \u2013 \u6280\u672f\u6570\u636e<\/a><br \/>\n<a href=\"\/zh\/%e8%b4%ad%e4%b9%b0%e4%b8%aa%e4%ba%ba%e6%8c%87%e5%af%bc%e7%b3%bb%e7%bb%9f\/\">\u4e58\u5ba2\u5f15\u5bfc\u7cfb\u7edf\u6982\u8ff0<\/a><\/p>","protected":false},"excerpt":{"rendered":"<p>Beyerdynamic UNITE \u2013 Eindr\u00fccke von der ISE Talk back, talk now \u2013 Dialog statt Monolog \u2013 Multi Way, statt One-Way \u2013 Besucherf\u00fchrung 2.0 Beyerdynamic trumpft auf mit der neuen F\u00fchrungsanlage UNITE. [spacer size=&#8220;30&#8243;] UNITE RP-T Taschenempf\u00e4nger mit Talkback-Funktion G\u00e4ste k\u00f6nnen mit der Talkback-Funktion Fragen f\u00fcr alle G\u00e4ste h\u00f6rbar stellen. Bis zu drei Teilnehmer k\u00f6nnen parallel [&hellip;]<\/p>","protected":false},"author":1,"featured_media":45482,"parent":0,"menu_order":0,"comment_status":"closed","ping_status":"closed","template":"","meta":{"_acf_changed":false,"footnotes":""},"class_list":["post-12554","page","type-page","status-publish","has-post-thumbnail","hentry"],"acf":[],"_links":{"self":[{"href":"https:\/\/konferenztechnik.de\/zh\/wp-json\/wp\/v2\/pages\/12554","targetHints":{"allow":["GET"]}}],"collection":[{"href":"https:\/\/konferenztechnik.de\/zh\/wp-json\/wp\/v2\/pages"}],"about":[{"href":"https:\/\/konferenztechnik.de\/zh\/wp-json\/wp\/v2\/types\/page"}],"author":[{"embeddable":true,"href":"https:\/\/konferenztechnik.de\/zh\/wp-json\/wp\/v2\/users\/1"}],"replies":[{"embeddable":true,"href":"https:\/\/konferenztechnik.de\/zh\/wp-json\/wp\/v2\/comments?post=12554"}],"version-history":[{"count":0,"href":"https:\/\/konferenztechnik.de\/zh\/wp-json\/wp\/v2\/pages\/12554\/revisions"}],"wp:featuredmedia":[{"embeddable":true,"href":"https:\/\/konferenztechnik.de\/zh\/wp-json\/wp\/v2\/media\/45482"}],"wp:attachment":[{"href":"https:\/\/konferenztechnik.de\/zh\/wp-json\/wp\/v2\/media?parent=12554"}],"curies":[{"name":"wp","href":"https:\/\/api.w.org\/{rel}","templated":true}]}}