{"id":12864,"date":"2018-02-22T14:13:05","date_gmt":"2018-02-22T13:13:05","guid":{"rendered":"https:\/\/www.konferenztechnik.de\/?page_id=12864"},"modified":"2024-12-20T17:54:10","modified_gmt":"2024-12-20T16:54:10","slug":"%e5%bc%95%e7%94%a8","status":"publish","type":"page","link":"https:\/\/konferenztechnik.de\/zh\/%e5%bc%95%e7%94%a8\/","title":{"rendered":"\u53c2\u8003\u8d44\u6599"},"content":{"rendered":"<div data-elementor-type=\"wp-page\" data-elementor-id=\"12864\" class=\"elementor elementor-12864\" data-elementor-post-type=\"page\">\n\t\t\t\t<div data-particle_enable=\"false\" data-particle-mobile-disabled=\"false\" class=\"elementor-element elementor-element-6b54d28 e-flex e-con-boxed e-con e-parent\" data-id=\"6b54d28\" data-element_type=\"container\">\n\t\t\t\t\t<div class=\"e-con-inner\">\n\t\t<div data-particle_enable=\"false\" data-particle-mobile-disabled=\"false\" class=\"elementor-element elementor-element-750c93c e-flex e-con-boxed e-con e-child\" data-id=\"750c93c\" data-element_type=\"container\">\n\t\t\t\t\t<div class=\"e-con-inner\">\n\t\t\t\t<div class=\"elementor-element elementor-element-00d6b1e elementor-widget elementor-widget-heading\" data-id=\"00d6b1e\" data-element_type=\"widget\" data-widget_type=\"heading.default\">\n\t\t\t\t<div class=\"elementor-widget-container\">\n\t\t\t\t\t<h1 class=\"elementor-heading-title elementor-size-default\">\u53c2\u8003\u8d44\u6599<\/h1>\t\t\t\t<\/div>\n\t\t\t\t<\/div>\n\t\t\t\t\t<\/div>\n\t\t\t\t<\/div>\n\t\t<div data-particle_enable=\"false\" data-particle-mobile-disabled=\"false\" class=\"elementor-element elementor-element-29ebfdd e-flex e-con-boxed e-con e-child\" data-id=\"29ebfdd\" data-element_type=\"container\">\n\t\t\t\t\t<div class=\"e-con-inner\">\n\t\t<div data-particle_enable=\"false\" data-particle-mobile-disabled=\"false\" class=\"elementor-element elementor-element-e02e7e1 e-flex e-con-boxed e-con e-child\" data-id=\"e02e7e1\" data-element_type=\"container\">\n\t\t\t\t\t<div class=\"e-con-inner\">\n\t\t<div data-particle_enable=\"false\" data-particle-mobile-disabled=\"false\" class=\"elementor-element elementor-element-6effb54 e-con-full e-flex e-con e-child\" data-id=\"6effb54\" data-element_type=\"container\" data-settings=\"{&quot;background_background&quot;:&quot;classic&quot;}\">\n\t\t\t\t<div class=\"elementor-element elementor-element-1de0fb2 elementor-widget elementor-widget-heading\" data-id=\"1de0fb2\" data-element_type=\"widget\" data-widget_type=\"heading.default\">\n\t\t\t\t<div class=\"elementor-widget-container\">\n\t\t\t\t\t<h2 class=\"elementor-heading-title elementor-size-default\">\u5b89\u88c5\u548c\u9500\u552e<\/h2>\t\t\t\t<\/div>\n\t\t\t\t<\/div>\n\t\t\t\t<div class=\"elementor-element elementor-element-857935e elementor-widget elementor-widget-text-editor\" data-id=\"857935e\" data-element_type=\"widget\" data-widget_type=\"text-editor.default\">\n\t\t\t\t<div class=\"elementor-widget-container\">\n\t\t\t\t\t\t\t\t\t<ul><li>1. \u67cf\u6797FC\u8054\u76dfe.V.<\/li><li>Adolf W\u00fcrth GmbH &amp; Co.KG \u96c6\u56e2\u603b\u90e8 \u6606\u6cfd\u5c14\u7ecd<\/li><li>\u7b54\u6848\u6709\u9650\u516c\u53f8 \u2013 \u67cf\u6797<\/li><li>\u67cf\u6797\u5965\u53e4\u65af\u7279-\u65af\u6258\u514b KG<\/li><li>A\u00dcW Allg\u00e4uer \u00dcberlandwerk GmbH Kempten<\/li><li>Ardex GmbH \u2013 Witten<\/li><li>\u67cf\u6797\u5927\u6559\u5802 \u67cf\u6797<\/li><li>\u67cf\u6797\u5e94\u7528\u79d1\u5b66\u5927\u5b66<\/li><li>\u7f8e\u56fd\u9a7b\u67cf\u6797\u5927\u4f7f\u9986<\/li><li>\u67cf\u6797\u8054\u90a6\u52b3\u52a8\u548c\u793e\u4f1a\u4e8b\u52a1\u90e8<\/li><li>\u67cf\u6797\u8054\u90a6\u59d4\u5458\u4f1a<\/li><li>CBC \u79d1\u9686\u5e7f\u64ad\u4e2d\u5fc3\u6709\u9650\u516c\u53f8 \u79d1\u9686<\/li><li>\u6c49\u5821 CCH \u4f1a\u8bae\u4e2d\u5fc3<\/li><li>\u675c\u585e\u5c14\u591a\u592b CCD \u4f1a\u8bae\u4e2d\u5fc3 \u675c\u585e\u5c14\u591a\u592b\u5c55\u89c8\u4e2d\u5fc3<\/li><li>DEGES Deutsche Einheit Fernstra\u00dfenplanungs- und -bau GmbH Berlin<\/li><li>\u675c\u585e\u5c14\u591a\u592b\u5fb7\u56fd\u836f\u5546\u548c\u533b\u7597\u94f6\u884c\u603b\u90e8<\/li><li>\u5fb7\u610f\u5fd7\u94f6\u884c\u6cd5\u5170\u514b\u798f\u603b\u90e8<\/li><li>\u67cf\u6797\u5fb7\u56fd\u5e7f\u64ad\u7535\u53f0<\/li><li>\u827a\u5eb7\u5fb7\u56fd\u8499\u6d77\u59c6<\/li><li>\u67cf\u6797\u6b27\u6d32\u5b66\u9662<\/li><li>\u5f17\u91cc\u8328-\u8482\u68ee\u57fa\u91d1\u4f1a \u2013 \u83ab\u65af\u79d1\u5fb7\u56fd\u5386\u53f2\u7814\u7a76\u6240<\/li><li>\u5f17\u91cc\u8328-\u8482\u68ee\u57fa\u91d1\u4f1a \u2013 \u5f17\u91cc\u8328-\u8482\u68ee\u57fa\u91d1\u4f1a \u2013 \u79d1\u9686\u4e4b\u5bb6<\/li><li>GEA Refrigeration Germany GmbH \u2013 Berlin<\/li><li>\u5e03\u5c14\u5df4\u8d6b\u5e02<\/li><li>\u591a\u68ee\u6d77\u59c6\u5e02<\/li><li>\u675c\u585e\u5c14\u591a\u592b\u683c\u5c14\u8fbe-\u6c49\u9ad8\u57fa\u91d1\u4f1a<\/li><li>GSK Stockmann &amp; Kollegen \u5f8b\u5e08\u4e8b\u52a1\u6240\u67cf\u6797\u529e\u4e8b\u5904<\/li><li>\u79d1\u9686 \u2013 \u65c5\u9986 \u79d1\u9686<\/li><li>\u67cf\u6797\u4f0a\u6bd4\u5229\u4e9a-\u7f8e\u6d32\u7814\u7a76\u6240<\/li><li>\u67cf\u6797\u610f\u5927\u5229\u6587\u5316\u7814\u7a76\u6240\uff08Istituto Italiano di Cultura<\/li><li>\u67cf\u6797\u590d\u5174\u4fe1\u8d37\u94f6\u884c\u6240\u5728\u5730<\/li><li>\u5c0f\u677e\u77ff\u4e1a\u5fb7\u56fd\u675c\u585e\u5c14\u591a\u592b\u6709\u9650\u516c\u53f8<\/li><li>\u6d77\u5c14\u5e03\u9686\u5730\u533a\u50a8\u84c4\u94f6\u884c<\/li><li>\u67cf\u6797\u5dde\u536b\u751f\u548c\u793e\u4f1a\u4e8b\u52a1\u5c40 (LAGeSo)<\/li><li>\u5965\u5fb7-\u65af\u666e\u96f7\u533a<\/li><li>\u65af\u5766\u8fbe\u5c14\u533a<\/li><li>\u5317\u83b1\u8335-\u5a01\u65af\u7279\u4f10\u5229\u4e9a\u5dde\u8bae\u4f1a<\/li><li>\u5fb7\u56fd\u66fc\u5361\u8f66\u4e0e\u5ba2\u8f66\u6709\u9650\u516c\u53f8 \u67cf\u6797<\/li><li>\u67cf\u6797\u4ea4\u6d41\u535a\u7269\u9986<\/li><li>\u675c\u585e\u5c14\u591a\u592b\u827a\u672f\u5bab\u535a\u7269\u9986<\/li><li>Normfest GmbH Velbert<\/li><li>\u5e02\u653f\u5385 Alt Landsberg Brandenburg<\/li><li>\u6cd5\u5c14\u80af\u585e\u5e02\u653f\u5385 Falkensee<\/li><li>Rauch M\u00f6belwerke GmbH Freudenberg<\/li><li>\u675c\u585e\u5c14\u591a\u592b\u7f57\u4f2f\u7279-\u8212\u66fc\u97f3\u4e50\u5385<\/li><li>\u67cf\u6797\u6559\u80b2\u548c\u6587\u5316\u4e8b\u52a1\u90e8\u957f\u5e38\u8bbe\u4f1a\u8bae\u79d8\u4e66\u5904<\/li><li>\u67cf\u6797\u53c2\u8bae\u9662\u52b3\u52a8\u3001\u878d\u5408\u4e0e\u5987\u5973\u95ee\u9898\u90e8<\/li><li>\u67cf\u6797\u53c2\u8bae\u9662\u7ecf\u6d4e\u3001\u6280\u672f\u548c\u7814\u7a76\u90e8<\/li><li>\u6885\u7279\u66fc\u5e02<\/li><li>\u6c83\u8fbe\u4e30\u670d\u52a1\u96c6\u56e2\u6709\u9650\u516c\u53f8 \u2013 \u62c9\u5ef7\u6839<\/li><li>Weiss-Druck GmbH &amp; Co.KG \u2013 Monschau<\/li><li>\u591a\u7279\u8499\u5fb7 WILO AG \u516c\u53f8<\/li><li>\u7f8e\u56e0\u8328 ZDF<\/li><li style=\"font-size: 17.6px;\">\u4ee5\u53ca\u66f4\u591a...<\/li><\/ul>\t\t\t\t\t\t\t\t<\/div>\n\t\t\t\t<\/div>\n\t\t\t\t<\/div>\n\t\t<div data-particle_enable=\"false\" data-particle-mobile-disabled=\"false\" class=\"elementor-element elementor-element-f18b78d e-con-full e-flex e-con e-child\" data-id=\"f18b78d\" data-element_type=\"container\" data-settings=\"{&quot;background_background&quot;:&quot;classic&quot;}\">\n\t\t\t\t<div class=\"elementor-element elementor-element-0e8cbef elementor-widget elementor-widget-heading\" data-id=\"0e8cbef\" data-element_type=\"widget\" data-widget_type=\"heading.default\">\n\t\t\t\t<div class=\"elementor-widget-container\">\n\t\t\t\t\t<h2 class=\"elementor-heading-title elementor-size-default\">\u4f1a\u8bae\u548c\u6d3b\u52a8<\/h2>\t\t\t\t<\/div>\n\t\t\t\t<\/div>\n\t\t\t\t<div class=\"elementor-element elementor-element-eac4742 elementor-widget elementor-widget-text-editor\" data-id=\"eac4742\" data-element_type=\"widget\" data-widget_type=\"text-editor.default\">\n\t\t\t\t<div class=\"elementor-widget-container\">\n\t\t\t\t\t\t\t\t\t<ul>\n<li>ABB LTD.<\/li>\n<li>\u96c5\u57f9\u6709\u9650\u8d23\u4efb\u516c\u53f8\u96c5\u57f9<\/li>\n<li>\u4f0d\u5c14\u7279\u96c6\u56e2<\/li>\n<li>\u5b9d\u9a6c\u96c6\u56e2<\/li>\n<li>\u5fb7\u56fd\u51fa\u7248\u5546\u548c\u4e66\u5546\u534f\u4f1a<\/li>\n<li>\u535a\u4e16\u529b\u58eb\u4e50\u80a1\u4efd\u516c\u53f8<\/li>\n<li>\u7f8e\u56fd\u5927\u4f7f\u9986<\/li>\n<li>BP \u77f3\u6cb9\u8425\u9500\u516c\u53f8<\/li>\n<li>BPW \u2013 Bergische Achsen<\/li>\n<li>\u52c3\u62c9\u59c6\u65af\u80a1\u4efd\u516c\u53f8<\/li>\n<li>B. Braun Melsungen AG<\/li>\n<li>\u8054\u90a6\u53e3\u8bd1\u5458\u548c\u7b14\u8bd1\u5458\u534f\u4f1a (BD\u00dc)<\/li>\n<li>\u8054\u90a6\u5baa\u6cd5\u6cd5\u9662<\/li>\n<li>\u6234\u59c6\u52d2\u80a1\u4efd\u516c\u53f8<\/li>\n<li>\u6234\u514b\u66fc<\/li>\n<li>DFB \u2013 \u5fb7\u56fd\u8db3\u7403\u534f\u4f1a e.V.<\/li>\n<li>\u975e\u8425\u5229\u7ec4\u7ec7\u8fea\u7279\u5c14-\u65bd\u74e6\u8328\u57fa\u91d1\u4f1a<\/li>\n<li>FIFA \u2013 \u56fd\u9645\u8db3\u7403\u534f\u4f1a\u8054\u5408\u4f1a<\/li>\n<li>\u5f17\u91cc\u8328-\u8482\u68ee\u57fa\u91d1\u4f1a<\/li>\n<li>\u5bcc\u58eb\u80f6\u7247<\/li>\n<li>DMG \u68ee\u7cbe\u673a\u80a1\u4efd\u516c\u53f8<\/li>\n<li>Drees &amp; Sommer AG<\/li>\n<li>\u827a\u5eb7\u5fb7\u56fd\u6709\u9650\u516c\u53f8<\/li>\n<li>\u798f\u7279\u5de5\u7a0b\u80a1\u4efd\u516c\u53f8<\/li>\n<li>\u67cf\u6797\u81ea\u7531\u5927\u5b66<\/li>\n<li>EASA \u2013 \u6b27\u6d32\u822a\u7a7a\u5b89\u5168\u5c40<\/li>\n<li>GETRAG \u56fd\u9645\u6709\u9650\u516c\u53f8<\/li>\n<li>\u675c\u585e\u5c14\u591a\u592b\u624b\u5de5\u4e1a\u5546\u4f1a<\/li>\n<li>\u6d77\u5fb7\u5821\u6c34\u6ce5\u80a1\u4efd\u516c\u53f8<\/li>\n<li>\u5fb7\u56fd\u4ea8\u5229-\u65af\u51ef\u6069\u7259\u79d1\u6709\u9650\u516c\u53f8<\/li>\n<li>\u4e0b\u83b1\u8335\u5e94\u7528\u79d1\u5b66\u5927\u5b66<\/li>\n<li>Hochtief AG<\/li>\n<li>ICG \u2013 \u521b\u65b0\u5927\u4f1a\u6709\u9650\u516c\u53f8<\/li>\n<li>\u675c\u585e\u5c14\u591a\u592b IHK<\/li>\n<li>Kl\u00f6ckner AG<\/li>\n<li>\u6bd5\u9a6c\u5a01\u4f1a\u8ba1\u5e08\u4e8b\u52a1\u6240<\/li>\n<li>\u5dde\u8bae\u4f1a NRW<\/li>\n<li>Lidl Dienstleistung GmbH &amp; Co.KG<\/li>\n<li>\u675c\u585e\u5c14\u591a\u592b LKA<\/li>\n<li>LR \u5065\u5eb7\u4e0e\u7f8e\u5bb9\u7cfb\u7edf\u6709\u9650\u516c\u53f8<\/li>\n<li>\u6c49\u838e\u8d27\u8fd0\u80a1\u4efd\u516c\u53f8<\/li>\n<li>\u62c9\u6587\u65af\u5e03\u5415\u514b\u7eaa\u5ff5\u9986\u548c\u7eaa\u5ff5\u4e2d\u5fc3<\/li>\n<li>\u5730\u94c1\u80a1\u4efd\u516c\u53f8<\/li>\n<li>\u7eb3\u667a\u6377\u6b27\u6d32\u6709\u9650\u516c\u53f8<\/li>\n<li>REWE Zentral AG<\/li>\n<li>Rheinzink GmbH &amp; Co KG<\/li>\n<li>Sachtleben Chemie GmbH<\/li>\n<li>\u6851\u5766\u5fb7\u94f6\u884c<\/li>\n<li>SCC EVENTS GmbH<\/li>\n<li>\u7d22\u5c3c\u6b27\u6d32<\/li>\n<li>\u65af\u7279\u6797\u6d41\u4f53<\/li>\n<li>Targobank<\/li>\n<li>\u5fb7\u56fd\u7535\u4fe1\u63a7\u80a1\u80a1\u4efd\u516c\u53f8<\/li>\n<li>TEREX<\/li>\n<li>\u8482\u68ee\u514b\u864f\u4f2f\u80a1\u4efd\u516c\u53f8<\/li>\n<li>\u8054\u5408\u5229\u534e\u5fb7\u56fd\u63a7\u80a1\u6709\u9650\u516c\u53f8<\/li>\n<li>\u6d77\u5fb7\u5821\u5927\u5b66<\/li>\n<li>\u5a01\u80fd\u6709\u9650\u516c\u53f8<\/li>\n<li>\u5fb7\u56fd\u6c34\u6ce5\u5382\u534f\u4f1a<\/li>\n<li>\u5fb7\u56fd VISTEON \u6709\u9650\u516c\u53f8<\/li>\n<li>WINGAS GmbH<\/li><li>\u4ee5\u53ca\u66f4\u591a...<\/li>\n<\/ul>\t\t\t\t\t\t\t\t<\/div>\n\t\t\t\t<\/div>\n\t\t\t\t<\/div>\n\t\t\t\t\t<\/div>\n\t\t\t\t<\/div>\n\t\t\t\t\t<\/div>\n\t\t\t\t<\/div>\n\t\t\t\t\t<\/div>\n\t\t\t\t<\/div>\n\t\t<div data-particle_enable=\"false\" data-particle-mobile-disabled=\"false\" class=\"elementor-element elementor-element-90c64e1 e-flex e-con-boxed e-con e-parent\" data-id=\"90c64e1\" data-element_type=\"container\">\n\t\t\t\t\t<div class=\"e-con-inner\">\n\t\t\t\t<div class=\"elementor-element elementor-element-3d32499 elementor-widget elementor-widget-shortcode\" data-id=\"3d32499\" data-element_type=\"widget\" data-widget_type=\"shortcode.default\">\n\t\t\t\t<div class=\"elementor-widget-container\">\n\t\t\t\t\t\t\t<div class=\"elementor-shortcode\">\t\t<div data-elementor-type=\"container\" data-elementor-id=\"29227\" class=\"elementor elementor-29227\" data-elementor-post-type=\"elementor_library\">\n\t\t\t\t<div data-particle_enable=\"false\" data-particle-mobile-disabled=\"false\" class=\"elementor-element elementor-element-1149edd e-flex e-con-boxed e-con e-parent\" data-id=\"1149edd\" data-element_type=\"container\">\n\t\t\t\t\t<div class=\"e-con-inner\">\n\t\t\t\t<div class=\"elementor-element elementor-element-637047c7 elementor-icon-list--layout-traditional elementor-list-item-link-full_width elementor-widget elementor-widget-icon-list\" data-id=\"637047c7\" data-element_type=\"widget\" data-widget_type=\"icon-list.default\">\n\t\t\t\t<div class=\"elementor-widget-container\">\n\t\t\t\t\t\t\t<ul class=\"elementor-icon-list-items\">\n\t\t\t\t\t\t\t<li class=\"elementor-icon-list-item\">\n\t\t\t\t\t\t\t\t\t\t\t<a href=\"\/zh\/%e5%b7%a5%e4%bd%9c\/\">\n\n\t\t\t\t\t\t\t\t\t\t\t\t<span class=\"elementor-icon-list-icon\">\n\t\t\t\t\t\t\t<svg aria-hidden=\"true\" class=\"e-font-icon-svg e-fas-chevron-right\" viewbox=\"0 0 320 512\" xmlns=\"http:\/\/www.w3.org\/2000\/svg\"><path d=\"M285.476 272.971L91.132 467.314c-9.373 9.373-24.569 9.373-33.941 0l-22.667-22.667c-9.357-9.357-9.375-24.522-.04-33.901L188.505 256 34.484 101.255c-9.335-9.379-9.317-24.544.04-33.901l22.667-22.667c9.373-9.373 24.569-9.373 33.941 0L285.475 239.03c9.373 9.372 9.373 24.568.001 33.941z\"><\/path><\/svg>\t\t\t\t\t\t<\/span>\n\t\t\t\t\t\t\t\t\t\t<span class=\"elementor-icon-list-text\">\u5de5\u4f5c\u673a\u4f1a<\/span>\n\t\t\t\t\t\t\t\t\t\t\t<\/a>\n\t\t\t\t\t\t\t\t\t<\/li>\n\t\t\t\t\t\t\t\t<li class=\"elementor-icon-list-item\">\n\t\t\t\t\t\t\t\t\t\t\t<a href=\"\/zh\/%e6%95%99%e8%82%b2\/\">\n\n\t\t\t\t\t\t\t\t\t\t\t\t<span class=\"elementor-icon-list-icon\">\n\t\t\t\t\t\t\t<svg aria-hidden=\"true\" class=\"e-font-icon-svg e-fas-chevron-right\" viewbox=\"0 0 320 512\" xmlns=\"http:\/\/www.w3.org\/2000\/svg\"><path d=\"M285.476 272.971L91.132 467.314c-9.373 9.373-24.569 9.373-33.941 0l-22.667-22.667c-9.357-9.357-9.375-24.522-.04-33.901L188.505 256 34.484 101.255c-9.335-9.379-9.317-24.544.04-33.901l22.667-22.667c9.373-9.373 24.569-9.373 33.941 0L285.475 239.03c9.373 9.372 9.373 24.568.001 33.941z\"><\/path><\/svg>\t\t\t\t\t\t<\/span>\n\t\t\t\t\t\t\t\t\t\t<span class=\"elementor-icon-list-text\">\u6559\u80b2<\/span>\n\t\t\t\t\t\t\t\t\t\t\t<\/a>\n\t\t\t\t\t\t\t\t\t<\/li>\n\t\t\t\t\t\t\t\t<li class=\"elementor-icon-list-item\">\n\t\t\t\t\t\t\t\t\t\t\t<a href=\"\/zh\/%e6%88%91%e4%bb%ac\/\">\n\n\t\t\t\t\t\t\t\t\t\t\t\t<span class=\"elementor-icon-list-icon\">\n\t\t\t\t\t\t\t<svg aria-hidden=\"true\" class=\"e-font-icon-svg e-fas-chevron-right\" viewbox=\"0 0 320 512\" xmlns=\"http:\/\/www.w3.org\/2000\/svg\"><path d=\"M285.476 272.971L91.132 467.314c-9.373 9.373-24.569 9.373-33.941 0l-22.667-22.667c-9.357-9.357-9.375-24.522-.04-33.901L188.505 256 34.484 101.255c-9.335-9.379-9.317-24.544.04-33.901l22.667-22.667c9.373-9.373 24.569-9.373 33.941 0L285.475 239.03c9.373 9.372 9.373 24.568.001 33.941z\"><\/path><\/svg>\t\t\t\t\t\t<\/span>\n\t\t\t\t\t\t\t\t\t\t<span class=\"elementor-icon-list-text\">\u8fd9\u5c31\u662f\u6211\u4eec<\/span>\n\t\t\t\t\t\t\t\t\t\t\t<\/a>\n\t\t\t\t\t\t\t\t\t<\/li>\n\t\t\t\t\t\t\t\t<li class=\"elementor-icon-list-item\">\n\t\t\t\t\t\t\t\t\t\t\t<a href=\"\/zh\/%e5%85%ac%e5%8f%b8%e6%a6%82%e5%86%b5\/\">\n\n\t\t\t\t\t\t\t\t\t\t\t\t<span class=\"elementor-icon-list-icon\">\n\t\t\t\t\t\t\t<svg aria-hidden=\"true\" class=\"e-font-icon-svg e-fas-chevron-right\" viewbox=\"0 0 320 512\" xmlns=\"http:\/\/www.w3.org\/2000\/svg\"><path d=\"M285.476 272.971L91.132 467.314c-9.373 9.373-24.569 9.373-33.941 0l-22.667-22.667c-9.357-9.357-9.375-24.522-.04-33.901L188.505 256 34.484 101.255c-9.335-9.379-9.317-24.544.04-33.901l22.667-22.667c9.373-9.373 24.569-9.373 33.941 0L285.475 239.03c9.373 9.372 9.373 24.568.001 33.941z\"><\/path><\/svg>\t\t\t\t\t\t<\/span>\n\t\t\t\t\t\t\t\t\t\t<span class=\"elementor-icon-list-text\">\u516c\u53f8\u7b80\u4ecb<\/span>\n\t\t\t\t\t\t\t\t\t\t\t<\/a>\n\t\t\t\t\t\t\t\t\t<\/li>\n\t\t\t\t\t\t\t\t<li class=\"elementor-icon-list-item\">\n\t\t\t\t\t\t\t\t\t\t\t<a href=\"\/zh\/%e4%bd%bf%e7%94%a8-pc-%e7%9a%84-10-%e4%b8%aa%e5%85%85%e5%88%86%e7%90%86%e7%94%b1\/\">\n\n\t\t\t\t\t\t\t\t\t\t\t\t<span class=\"elementor-icon-list-icon\">\n\t\t\t\t\t\t\t<svg aria-hidden=\"true\" class=\"e-font-icon-svg e-fas-chevron-right\" viewbox=\"0 0 320 512\" xmlns=\"http:\/\/www.w3.org\/2000\/svg\"><path d=\"M285.476 272.971L91.132 467.314c-9.373 9.373-24.569 9.373-33.941 0l-22.667-22.667c-9.357-9.357-9.375-24.522-.04-33.901L188.505 256 34.484 101.255c-9.335-9.379-9.317-24.544.04-33.901l22.667-22.667c9.373-9.373 24.569-9.373 33.941 0L285.475 239.03c9.373 9.372 9.373 24.568.001 33.941z\"><\/path><\/svg>\t\t\t\t\t\t<\/span>\n\t\t\t\t\t\t\t\t\t\t<span class=\"elementor-icon-list-text\">PCS \u7684 10 \u4e2a\u5145\u5206\u7406\u7531<\/span>\n\t\t\t\t\t\t\t\t\t\t\t<\/a>\n\t\t\t\t\t\t\t\t\t<\/li>\n\t\t\t\t\t\t\t\t<li class=\"elementor-icon-list-item\">\n\t\t\t\t\t\t\t\t\t\t\t<a href=\"\/zh\/%e6%84%bf%e6%99%af%e5%8f%af%e6%8c%81%e7%bb%ad%e6%80%a7\/\">\n\n\t\t\t\t\t\t\t\t\t\t\t\t<span class=\"elementor-icon-list-icon\">\n\t\t\t\t\t\t\t<svg aria-hidden=\"true\" class=\"e-font-icon-svg e-fas-chevron-right\" viewbox=\"0 0 320 512\" xmlns=\"http:\/\/www.w3.org\/2000\/svg\"><path d=\"M285.476 272.971L91.132 467.314c-9.373 9.373-24.569 9.373-33.941 0l-22.667-22.667c-9.357-9.357-9.375-24.522-.04-33.901L188.505 256 34.484 101.255c-9.335-9.379-9.317-24.544.04-33.901l22.667-22.667c9.373-9.373 24.569-9.373 33.941 0L285.475 239.03c9.373 9.372 9.373 24.568.001 33.941z\"><\/path><\/svg>\t\t\t\t\t\t<\/span>\n\t\t\t\t\t\t\t\t\t\t<span class=\"elementor-icon-list-text\">\u613f\u666f\u3001\u53ef\u6301\u7eed\u6027<\/span>\n\t\t\t\t\t\t\t\t\t\t\t<\/a>\n\t\t\t\t\t\t\t\t\t<\/li>\n\t\t\t\t\t\t\t\t<li class=\"elementor-icon-list-item\">\n\t\t\t\t\t\t\t\t\t\t\t<a href=\"\/zh\/%e5%a4%9a%e6%a0%b7%e6%80%a7\/\">\n\n\t\t\t\t\t\t\t\t\t\t\t\t<span class=\"elementor-icon-list-icon\">\n\t\t\t\t\t\t\t<svg aria-hidden=\"true\" class=\"e-font-icon-svg e-fas-chevron-right\" viewbox=\"0 0 320 512\" xmlns=\"http:\/\/www.w3.org\/2000\/svg\"><path d=\"M285.476 272.971L91.132 467.314c-9.373 9.373-24.569 9.373-33.941 0l-22.667-22.667c-9.357-9.357-9.375-24.522-.04-33.901L188.505 256 34.484 101.255c-9.335-9.379-9.317-24.544.04-33.901l22.667-22.667c9.373-9.373 24.569-9.373 33.941 0L285.475 239.03c9.373 9.372 9.373 24.568.001 33.941z\"><\/path><\/svg>\t\t\t\t\t\t<\/span>\n\t\t\t\t\t\t\t\t\t\t<span class=\"elementor-icon-list-text\">\u591a\u6837\u6027\u548c\u591a\u5143\u5316<\/span>\n\t\t\t\t\t\t\t\t\t\t\t<\/a>\n\t\t\t\t\t\t\t\t\t<\/li>\n\t\t\t\t\t\t\t\t<li class=\"elementor-icon-list-item\">\n\t\t\t\t\t\t\t\t\t\t\t<a href=\"\/zh\/%e5%bc%95%e7%94%a8\/\">\n\n\t\t\t\t\t\t\t\t\t\t\t\t<span class=\"elementor-icon-list-icon\">\n\t\t\t\t\t\t\t<svg aria-hidden=\"true\" class=\"e-font-icon-svg e-fas-chevron-right\" viewbox=\"0 0 320 512\" xmlns=\"http:\/\/www.w3.org\/2000\/svg\"><path d=\"M285.476 272.971L91.132 467.314c-9.373 9.373-24.569 9.373-33.941 0l-22.667-22.667c-9.357-9.357-9.375-24.522-.04-33.901L188.505 256 34.484 101.255c-9.335-9.379-9.317-24.544.04-33.901l22.667-22.667c9.373-9.373 24.569-9.373 33.941 0L285.475 239.03c9.373 9.372 9.373 24.568.001 33.941z\"><\/path><\/svg>\t\t\t\t\t\t<\/span>\n\t\t\t\t\t\t\t\t\t\t<span class=\"elementor-icon-list-text\">\u9879\u76ee\u3001\u53c2\u8003\u8d44\u6599<\/span>\n\t\t\t\t\t\t\t\t\t\t\t<\/a>\n\t\t\t\t\t\t\t\t\t<\/li>\n\t\t\t\t\t\t\t\t<li class=\"elementor-icon-list-item\">\n\t\t\t\t\t\t\t\t\t\t\t<a href=\"\/zh\/%e5%ae%a2%e6%88%b7%e6%8e%a8%e8%8d%90\/\">\n\n\t\t\t\t\t\t\t\t\t\t\t\t<span class=\"elementor-icon-list-icon\">\n\t\t\t\t\t\t\t<svg aria-hidden=\"true\" class=\"e-font-icon-svg e-fas-chevron-right\" viewbox=\"0 0 320 512\" xmlns=\"http:\/\/www.w3.org\/2000\/svg\"><path d=\"M285.476 272.971L91.132 467.314c-9.373 9.373-24.569 9.373-33.941 0l-22.667-22.667c-9.357-9.357-9.375-24.522-.04-33.901L188.505 256 34.484 101.255c-9.335-9.379-9.317-24.544.04-33.901l22.667-22.667c9.373-9.373 24.569-9.373 33.941 0L285.475 239.03c9.373 9.372 9.373 24.568.001 33.941z\"><\/path><\/svg>\t\t\t\t\t\t<\/span>\n\t\t\t\t\t\t\t\t\t\t<span class=\"elementor-icon-list-text\">\u5ba2\u6237\u8bc4\u4ef7<\/span>\n\t\t\t\t\t\t\t\t\t\t\t<\/a>\n\t\t\t\t\t\t\t\t\t<\/li>\n\t\t\t\t\t\t\t\t<li class=\"elementor-icon-list-item\">\n\t\t\t\t\t\t\t\t\t\t\t<a href=\"\/zh\/%e6%96%b0%e9%97%bb\/\">\n\n\t\t\t\t\t\t\t\t\t\t\t\t<span class=\"elementor-icon-list-icon\">\n\t\t\t\t\t\t\t<svg aria-hidden=\"true\" class=\"e-font-icon-svg e-fas-chevron-right\" viewbox=\"0 0 320 512\" xmlns=\"http:\/\/www.w3.org\/2000\/svg\"><path d=\"M285.476 272.971L91.132 467.314c-9.373 9.373-24.569 9.373-33.941 0l-22.667-22.667c-9.357-9.357-9.375-24.522-.04-33.901L188.505 256 34.484 101.255c-9.335-9.379-9.317-24.544.04-33.901l22.667-22.667c9.373-9.373 24.569-9.373 33.941 0L285.475 239.03c9.373 9.372 9.373 24.568.001 33.941z\"><\/path><\/svg>\t\t\t\t\t\t<\/span>\n\t\t\t\t\t\t\t\t\t\t<span class=\"elementor-icon-list-text\">\u65b0\u95fb<\/span>\n\t\t\t\t\t\t\t\t\t\t\t<\/a>\n\t\t\t\t\t\t\t\t\t<\/li>\n\t\t\t\t\t\t<\/ul>\n\t\t\t\t\t\t<\/div>\n\t\t\t\t<\/div>\n\t\t\t\t\t<\/div>\n\t\t\t\t<\/div>\n\t\t\t\t<\/div>\n\t\t<\/div>\n\t\t\t\t\t\t<\/div>\n\t\t\t\t<\/div>\n\t\t\t\t\t<\/div>\n\t\t\t\t<\/div>\n\t\t\t\t<\/div>","protected":false},"excerpt":{"rendered":"<p>FC Union Berlin e.V. Adolf W\u00fcrth GmbH &amp; Co.KG \u4f01\u4e1a\u603b\u90e8 K\u00fcnzelsau Answers GmbH \u2013 Berlin August Storck KG Berlin A\u00dcW Allg\u00e4uer \u00dcberlandwerk GmbH Kempten Ardex GmbH \u2013 Witten Berliner Dom Berlin Beuth University of Applied Sciences Berlin Embassy of the United States Berlin Federal Ministry of Labour and Social Affairs Berlin Federal Council Berlin [...]<\/p>","protected":false},"author":1,"featured_media":45482,"parent":0,"menu_order":0,"comment_status":"closed","ping_status":"closed","template":"","meta":{"_acf_changed":false,"footnotes":""},"class_list":["post-12864","page","type-page","status-publish","has-post-thumbnail","hentry"],"acf":[],"_links":{"self":[{"href":"https:\/\/konferenztechnik.de\/zh\/wp-json\/wp\/v2\/pages\/12864","targetHints":{"allow":["GET"]}}],"collection":[{"href":"https:\/\/konferenztechnik.de\/zh\/wp-json\/wp\/v2\/pages"}],"about":[{"href":"https:\/\/konferenztechnik.de\/zh\/wp-json\/wp\/v2\/types\/page"}],"author":[{"embeddable":true,"href":"https:\/\/konferenztechnik.de\/zh\/wp-json\/wp\/v2\/users\/1"}],"replies":[{"embeddable":true,"href":"https:\/\/konferenztechnik.de\/zh\/wp-json\/wp\/v2\/comments?post=12864"}],"version-history":[{"count":0,"href":"https:\/\/konferenztechnik.de\/zh\/wp-json\/wp\/v2\/pages\/12864\/revisions"}],"wp:featuredmedia":[{"embeddable":true,"href":"https:\/\/konferenztechnik.de\/zh\/wp-json\/wp\/v2\/media\/45482"}],"wp:attachment":[{"href":"https:\/\/konferenztechnik.de\/zh\/wp-json\/wp\/v2\/media?parent=12864"}],"curies":[{"name":"wp","href":"https:\/\/api.w.org\/{rel}","templated":true}]}}