{"id":1289,"date":"2013-08-23T13:43:12","date_gmt":"2013-08-23T11:43:12","guid":{"rendered":"https:\/\/pcs-miete.de\/?page_id=1289"},"modified":"2023-07-05T14:11:50","modified_gmt":"2023-07-05T12:11:50","slug":"%e9%9f%b3%e9%a2%91%e6%8a%80%e6%9c%af%ef%bc%9a%e9%ba%a6%e5%85%8b%e9%a3%8e%e3%80%81%e6%89%a9%e9%9f%b3%e3%80%81%e6%8e%a7%e5%88%b6%e5%ae%a4%e5%92%8c%e5%9b%9e%e6%94%be","status":"publish","type":"page","link":"https:\/\/konferenztechnik.de\/zh\/%e5%88%86%e5%8f%91%e4%bc%9a%e8%ae%ae%e5%92%8c-av-%e5%aa%92%e4%bd%93%e6%8a%80%e6%9c%af\/%e9%9f%b3%e9%a2%91%e6%8a%80%e6%9c%af%ef%bc%9a%e9%ba%a6%e5%85%8b%e9%a3%8e%e3%80%81%e6%89%a9%e9%9f%b3%e3%80%81%e6%8e%a7%e5%88%b6%e5%ae%a4%e5%92%8c%e5%9b%9e%e6%94%be\/","title":{"rendered":"\u97f3\u9891\u6280\u672f\uff1a\u9ea6\u514b\u98ce\u3001\u6269\u97f3\u3001\u63a7\u5236\u5ba4\u548c\u56de\u653e"},"content":{"rendered":"<h1>\u97f3\u9891\u6280\u672f\uff1a\u9ea6\u514b\u98ce\u3001\u6df7\u97f3\u53f0\u3001\u97f3\u54cd\u7cfb\u7edf<\/h1>\n<p><a href=\"\/zh\/%e5%88%86%e5%8f%91%e4%bc%9a%e8%ae%ae%e5%92%8c-av-%e5%aa%92%e4%bd%93%e6%8a%80%e6%9c%af\/%e9%9f%b3%e9%a2%91%e6%8a%80%e6%9c%af%ef%bc%9a%e9%ba%a6%e5%85%8b%e9%a3%8e%e3%80%81%e6%89%a9%e9%9f%b3%e3%80%81%e6%8e%a7%e5%88%b6%e5%ae%a4%e5%92%8c%e5%9b%9e%e6%94%be\/%e9%ba%a6%e5%85%8b%e9%a3%8e\/\"><img fetchpriority=\"high\" decoding=\"async\" class=\"alignnone size-full wp-image-1208\" alt=\"a1\" src=\"https:\/\/konferenztechnik.de\/wp-content\/uploads\/2013\/08\/a1.jpg\" width=\"288\" height=\"198\" title=\"\"><\/a><a href=\"\/zh\/%e5%88%86%e5%8f%91%e4%bc%9a%e8%ae%ae%e5%92%8c-av-%e5%aa%92%e4%bd%93%e6%8a%80%e6%9c%af\/%e9%9f%b3%e9%a2%91%e6%8a%80%e6%9c%af%ef%bc%9a%e9%ba%a6%e5%85%8b%e9%a3%8e%e3%80%81%e6%89%a9%e9%9f%b3%e3%80%81%e6%8e%a7%e5%88%b6%e5%ae%a4%e5%92%8c%e5%9b%9e%e6%94%be\/%e9%ba%a6%e5%85%8b%e9%a3%8e\/\"><br \/>\n\u9ea6\u514b\u98ce<\/a><\/p>\n<p><a href=\"\/zh\/%e5%88%86%e5%8f%91%e4%bc%9a%e8%ae%ae%e5%92%8c-av-%e5%aa%92%e4%bd%93%e6%8a%80%e6%9c%af\/%e9%9f%b3%e9%a2%91%e6%8a%80%e6%9c%af%ef%bc%9a%e9%ba%a6%e5%85%8b%e9%a3%8e%e3%80%81%e6%89%a9%e9%9f%b3%e3%80%81%e6%8e%a7%e5%88%b6%e5%ae%a4%e5%92%8c%e5%9b%9e%e6%94%be\/%e9%9f%b3%e5%93%8d%e7%b3%bb%e7%bb%9f\/\"><img decoding=\"async\" class=\"alignnone size-full wp-image-1208\" alt=\"\u5c4f\u5e55\u548c\u663e\u793a\u5668\" src=\"https:\/\/konferenztechnik.de\/wp-content\/uploads\/2013\/08\/a2.jpg\" width=\"288\" height=\"198\" title=\"\"><\/a><a href=\"\/zh\/%e5%88%86%e5%8f%91%e4%bc%9a%e8%ae%ae%e5%92%8c-av-%e5%aa%92%e4%bd%93%e6%8a%80%e6%9c%af\/%e9%9f%b3%e9%a2%91%e6%8a%80%e6%9c%af%ef%bc%9a%e9%ba%a6%e5%85%8b%e9%a3%8e%e3%80%81%e6%89%a9%e9%9f%b3%e3%80%81%e6%8e%a7%e5%88%b6%e5%ae%a4%e5%92%8c%e5%9b%9e%e6%94%be\/%e9%9f%b3%e5%93%8d%e7%b3%bb%e7%bb%9f\/\"><br \/>\n\u97f3\u54cd\u7cfb\u7edf<\/a><\/p>\n<p><a href=\"\/zh\/%e5%88%86%e5%8f%91%e4%bc%9a%e8%ae%ae%e5%92%8c-av-%e5%aa%92%e4%bd%93%e6%8a%80%e6%9c%af\/%e9%9f%b3%e9%a2%91%e6%8a%80%e6%9c%af%ef%bc%9a%e9%ba%a6%e5%85%8b%e9%a3%8e%e3%80%81%e6%89%a9%e9%9f%b3%e3%80%81%e6%8e%a7%e5%88%b6%e5%ae%a4%e5%92%8c%e5%9b%9e%e6%94%be\/%e6%b7%b7%e9%9f%b3%e5%8f%b0\/\"><img decoding=\"async\" class=\"alignnone size-full wp-image-1209\" alt=\"\u5149\u675f\u673a\u548c\u6295\u5f71\u4eea\u652f\u67b6\" src=\"https:\/\/konferenztechnik.de\/wp-content\/uploads\/2013\/08\/a3.jpg\" width=\"288\" height=\"198\" title=\"\"><\/a><a href=\"\/zh\/%e5%88%86%e5%8f%91%e4%bc%9a%e8%ae%ae%e5%92%8c-av-%e5%aa%92%e4%bd%93%e6%8a%80%e6%9c%af\/%e9%9f%b3%e9%a2%91%e6%8a%80%e6%9c%af%ef%bc%9a%e9%ba%a6%e5%85%8b%e9%a3%8e%e3%80%81%e6%89%a9%e9%9f%b3%e3%80%81%e6%8e%a7%e5%88%b6%e5%ae%a4%e5%92%8c%e5%9b%9e%e6%94%be\/%e6%b7%b7%e9%9f%b3%e5%8f%b0\/\"><br \/>\n\u6df7\u97f3\u53f0<\/a><\/p>\n<p><a href=\"\/zh\/%e5%88%86%e5%8f%91%e4%bc%9a%e8%ae%ae%e5%92%8c-av-%e5%aa%92%e4%bd%93%e6%8a%80%e6%9c%af\/%e9%9f%b3%e9%a2%91%e6%8a%80%e6%9c%af%ef%bc%9a%e9%ba%a6%e5%85%8b%e9%a3%8e%e3%80%81%e6%89%a9%e9%9f%b3%e3%80%81%e6%8e%a7%e5%88%b6%e5%ae%a4%e5%92%8c%e5%9b%9e%e6%94%be\/%e5%8a%a8%e5%8a%9b%e5%92%8c%e5%bd%b1%e5%93%8d\/\"><img loading=\"lazy\" decoding=\"async\" class=\"alignnone size-full wp-image-1211\" alt=\"\u6295\u5f71\u4eea\u5916\u58f3\" src=\"https:\/\/konferenztechnik.de\/wp-content\/uploads\/2013\/08\/a4.jpg\" width=\"288\" height=\"198\" title=\"\"><\/a><a href=\"\/zh\/%e5%88%86%e5%8f%91%e4%bc%9a%e8%ae%ae%e5%92%8c-av-%e5%aa%92%e4%bd%93%e6%8a%80%e6%9c%af\/%e9%9f%b3%e9%a2%91%e6%8a%80%e6%9c%af%ef%bc%9a%e9%ba%a6%e5%85%8b%e9%a3%8e%e3%80%81%e6%89%a9%e9%9f%b3%e3%80%81%e6%8e%a7%e5%88%b6%e5%ae%a4%e5%92%8c%e5%9b%9e%e6%94%be\/%e5%8a%a8%e5%8a%9b%e5%92%8c%e5%bd%b1%e5%93%8d\/\"><br \/>\n\u6570\u5b57\u4fe1\u53f7\u5904\u7406\uff08DSP\uff09<\/a><\/p>\n<p><a href=\"\/zh\/%e5%88%86%e5%8f%91%e4%bc%9a%e8%ae%ae%e5%92%8c-av-%e5%aa%92%e4%bd%93%e6%8a%80%e6%9c%af\/%e4%bc%90%e6%9c%a8\/\"><img loading=\"lazy\" decoding=\"async\" src=\"https:\/\/konferenztechnik.de\/wp-content\/uploads\/2013\/08\/audiotechnik-bei-pcs_marantz-mp3-rekorder.jpg\" alt=\"PCS \u7684\u97f3\u9891\u6280\u672f - \u5f55\u97f3\u548c\u8bb0\u5f55\" width=\"288\" height=\"198\" class=\"alignleft size-full wp-image-3491\" title=\"\"><br \/>\n\u5f55\u5236\u548c\u56de\u653e<\/a><\/p>\n<div class=\"boxcontainer\">\n<div class=\"box1-2\">\n<h1>\u8054\u7cfb\u4eba<\/h1>\n<\/div>\n<div class=\"box1-2-order\">\n<h1>\u66f4\u591a\u94fe\u63a5<\/h1>\n<\/div>\n<div class=\"box1-4\">\n<div class=\"box-head\">\u5206\u9500\u548c\u9500\u552e<\/div>\n<\/div>\n<div class=\"box2-4-2\" style=\"order:1;\">\n<div class=\"weiterlinks\">\n<ul>\n<a title=\"\u6309\u4ea7\u54c1\u7c7b\u522b\u5206\u5e03\" href=\"\/zh\/%e4%ba%a7%e5%93%81%e7%bb%84\/\">\u6309\u4ea7\u54c1\u7c7b\u522b\u5206\u5e03<\/a><br \/>\n<a title=\"\u6309\u5236\u9020\u5546\u5206\u5e03\" href=\"\/zh\/%e7%94%9f%e4%ba%a7%e5%95%86\/\">\u6309\u5236\u9020\u5546\u5206\u5e03<\/a><br \/>\n<a title=\"\u5b9a\u5236\u4ea7\u54c1\u3001\u7ef4\u62a4\u548c\u4fee\u7406\" href=\"\/zh\/%e6%9c%8d%e5%8a%a1-2\/%e4%bf%9d%e5%85%bb%e5%92%8c%e7%bb%b4%e4%bf%ae\/\">\u5b9a\u5236\u4ea7\u54c1\u3001\u7ef4\u62a4\u548c\u4fee\u7406<\/a><br \/>\n<a title=\"PCS \u7684 10 \u4e2a\u5145\u5206\u7406\u7531\" href=\"\/zh\/%e5%85%b3%e4%ba%8e%e6%88%91%e4%bb%ac\/%e4%bd%bf%e7%94%a8-pc-%e7%9a%84-10-%e4%b8%aa%e5%85%85%e5%88%86%e7%90%86%e7%94%b1\/\">PCS \u7684 10 \u4e2a\u5145\u5206\u7406\u7531<\/a><br \/>\n<a title=\"\u53c2\u8003\u8d44\u6599\" href=\"\/zh\/%e5%85%b3%e4%ba%8e%e6%88%91%e4%bb%ac\/%e5%ae%89%e8%a3%85%e5%8f%82%e8%80%83%e6%b8%85%e5%8d%95\/\">\u53c2\u8003\u6587\u732e \u5b89\u88c5\u548c\u96c6\u6210<\/a><br \/>\n<a title=\"PCS\uff1a\u6240\u6709\u670d\u52a1\u4e00\u89c8\" href=\"\/zh\/%e6%9c%8d%e5%8a%a1-2\/\">PCS\uff1a\u6240\u6709\u670d\u52a1\u4e00\u89c8<\/a><\/ul>\n<\/div>\n<\/div>\n<\/div>","protected":false},"excerpt":{"rendered":"<p>Audiotechnik: Mikrofone, Mischpulte, Beschallung Mikrofone Beschallung Mischpulte Digital Signal Processing (DSP) Aufnahme und Wiedergabe Ansprechpartner Weiterf\u00fchrende Links Vertrieb und Verkauf Vertrieb nach Produktgruppen Vertrieb nach Hersteller Sonderanfertigungen, Wartung und Reparaturen 10 gute Gr\u00fcnde f\u00fcr PCS Referenzen Installation und Integration PCS: Alle Leistungen im \u00dcberblick<\/p>","protected":false},"author":1,"featured_media":45482,"parent":3614,"menu_order":219,"comment_status":"closed","ping_status":"open","template":"","meta":{"_acf_changed":false,"footnotes":""},"class_list":["post-1289","page","type-page","status-publish","has-post-thumbnail","hentry"],"acf":[],"_links":{"self":[{"href":"https:\/\/konferenztechnik.de\/zh\/wp-json\/wp\/v2\/pages\/1289","targetHints":{"allow":["GET"]}}],"collection":[{"href":"https:\/\/konferenztechnik.de\/zh\/wp-json\/wp\/v2\/pages"}],"about":[{"href":"https:\/\/konferenztechnik.de\/zh\/wp-json\/wp\/v2\/types\/page"}],"author":[{"embeddable":true,"href":"https:\/\/konferenztechnik.de\/zh\/wp-json\/wp\/v2\/users\/1"}],"replies":[{"embeddable":true,"href":"https:\/\/konferenztechnik.de\/zh\/wp-json\/wp\/v2\/comments?post=1289"}],"version-history":[{"count":0,"href":"https:\/\/konferenztechnik.de\/zh\/wp-json\/wp\/v2\/pages\/1289\/revisions"}],"up":[{"embeddable":true,"href":"https:\/\/konferenztechnik.de\/zh\/wp-json\/wp\/v2\/pages\/3614"}],"wp:featuredmedia":[{"embeddable":true,"href":"https:\/\/konferenztechnik.de\/zh\/wp-json\/wp\/v2\/media\/45482"}],"wp:attachment":[{"href":"https:\/\/konferenztechnik.de\/zh\/wp-json\/wp\/v2\/media?parent=1289"}],"curies":[{"name":"wp","href":"https:\/\/api.w.org\/{rel}","templated":true}]}}