{"id":13037,"date":"2018-05-02T18:50:17","date_gmt":"2018-05-02T17:50:17","guid":{"rendered":"https:\/\/www.konferenztechnik.de\/?page_id=13037"},"modified":"2023-09-01T13:16:24","modified_gmt":"2023-09-01T11:16:24","slug":"%e8%b4%ad%e4%b9%b0%e6%a3%ae%e6%b5%b7%e5%a1%9e%e5%b0%94-tourguide","status":"publish","type":"page","link":"https:\/\/konferenztechnik.de\/zh\/%e8%b4%ad%e4%b9%b0%e6%a3%ae%e6%b5%b7%e5%a1%9e%e5%b0%94-tourguide\/","title":{"rendered":"\u8d2d\u4e70\u68ee\u6d77\u585e\u5c14 Tourguide"},"content":{"rendered":"<h1>\u8d2d\u4e70\u68ee\u6d77\u585e\u5c14 Tourguide 2020 D<\/h1>\n<div class=\"call-action-slider-img\">\n<img decoding=\"async\" src=\"https:\/\/konferenztechnik.de\/wp-content\/uploads\/2018\/05\/EK-2020-D-II-kaufen.jpg\" alt=\"\u5728 PCS Konferenztechnik \u8d2d\u4e70 Sennheiser Tourguide\" class=\"alignnone size-full wp-image-12201\" title=\"\"><br \/>\n<button class=\"bbtn popmake-12226\">\u8bf7\u6c42\u62a5\u4ef7 &amp;#x9B\uff1b<\/button><\/div>\n<h2>\u63a5\u6536\u5668 EK 2020-D-II<\/h2>\n<p>[spacer size=\"10\u2033]<\/p>\n<p>\u8fd9\u6b3e\u975e\u5e38\u575a\u56fa\u8010\u7528\u7684\u591a\u529f\u80fd\u8170\u5305\u5f0f\u63a5\u6536\u673a\u5177\u6709\u4ee5\u4e0b\u7279\u70b9<br \/>\n\u662f\u5bfc\u6e38\u3001\u4f1a\u8bae\u548c\u542c\u529b\u8f85\u52a9\u9886\u57df\u7684\u7406\u60f3\u4e4b\u9009\uff1a\u53ea\u9700\u9009\u62e9\u5408\u9002\u7684\u8033\u673a\u5373\u53ef<br \/>\n\u6216\u5e26 T \u578b\u7ebf\u5708\u7684\u52a9\u542c\u5668\u4f7f\u7528\u7684\u611f\u5e94\u5708\uff01\u6570\u5b57\u4fe1\u53f7\u4f20\u8f93<br \/>\n\u97f3\u9891\u8d28\u91cf\u548c\u76f4\u89c2\u7684\u64cd\u4f5c\u7406\u5ff5\u72ec\u4e00\u65e0\u4e8c\u3002\u97f3\u91cf\u3001\u63a5\u6536\u8d28\u91cf\u3001\u7535\u6c60\u72b6\u6001\u548c\u63a5\u6536\u9891\u9053<br \/>\n\u53ef\u901a\u8fc7\u80cc\u5149 LCD \u663e\u793a\u5c4f\u8bfb\u53d6\u3002\u5185\u7f6e\u5939\u5b50\u53ef\u5c06\u5176\u4f69\u6234\u5728\u886c\u886b\u3001\u76ae\u5e26\u6216\u6302\u7ef3\u4e0a\u3002<\/p>\n<p>4\uff1a\u80cc\u5149 OLED \u663e\u793a\u5c4f\u63d0\u4f9b\u6709\u5173\u63a5\u6536\u9891\u9053\u3001\u97f3\u91cf\u3001\u7535\u6c60\u72b6\u6001\u548c\u63a5\u6536\u8d28\u91cf\u7684\u4fe1\u606f<\/p>\n<p>2: \u9891\u9053\u9009\u62e9\u6309\u94ae<\/p>\n<p>3: \u97f3\u91cf\u63a7\u5236<\/p>\n<p>\u81ea\u52a8\u5173\u673a\u529f\u80fd\uff08\u5f53\u53d1\u5c04\u673a\u5173\u95ed\u6216<br \/>\n\u53d6\u4e0b\u8033\u673a\uff09\u53ef\u8282\u7701\u7535\u6c60\uff08\u7535\u6c60\u5bff\u547d\u957f\u8fbe 16 \u5c0f\u65f6\uff09\u3002\u5ba4\u5916\u63a5\u6536\u8ddd\u79bb\u7ea6\u4e3a 100 \u7c73\u3001<br \/>\n\u5728\u5c01\u95ed\u7684\u623f\u95f4\u5185\uff0c\u8ddd\u79bb\u7ea6\u4e3a 50 \u7c73\u3002<\/p>\n<hr style=\"background-color:#999999; margin-bottom:30px;\">\n<div class=\"call-action-slider-img\">\n<img decoding=\"async\" src=\"https:\/\/konferenztechnik.de\/wp-content\/uploads\/2018\/05\/HDE-2020-D-II-kaufen.jpg\" alt=\"\u5728 PCS Konferenztechnik \u8d2d\u4e70\u68ee\u6d77\u585e\u5c14\u4e0b\u5df4\u4f11\u606f\u5bfc\u89c8\u5668\" class=\"alignnone size-full wp-image-12201\" title=\"\"><\/p>\n<\/div>\n<h2>\u63a5\u6536\u5668 HDE 2020-D-II<\/h2>\n<p>[spacer size=\"10\u2033]<\/p>\n<p>\u4e0b\u5df4\u6258\u67b6\u8033\u673a\u8ba9\u542c\u4f17\u4f69\u6234\u8212\u9002\uff0c\u91cd\u91cf\u4e3a<br \/>\n\u4ec5\u91cd 70 \u514b\u3002\u5b83\u96c6\u63a5\u6536\u5668\u548c\u8033\u673a\u4e8e\u4e00\u4f53\uff0c\u6ca1\u6709\u7f20\u7ed5\u7684\u7ebf\u7f06\u3002\u56e0\u6b64\uff0c\u542c\u4f17\u65e0\u9700\u643a\u5e26\u8d85\u51fa\u5b9e\u9645\u9700\u8981\u7684\u7269\u54c1\u3002<br \/>\n\u624b\u673a\u7684\u5f3a\u5927\u7535\u6c60\u53ef\u63d0\u4f9b\u957f\u8fbe 8 \u5c0f\u65f6\u7684\u5de5\u4f5c\u65f6\u95f4\uff0c\u56e0\u6b64\u5373\u4f7f\u5728\u57ce\u5e02\u4e2d\u6e38\u89c8\u4e00\u6574\u5929\u4e5f\u662f\u53ef\u80fd\u7684\u3002<br \/>\n\u6587\u5316\u4e2d\u5fc3\u6216\u5927\u516c\u53f8\u3002\u6234\u4e0a\u548c\u6458\u4e0b\u65f6\u8033\u673a\u81ea\u52a8\u5f00\u542f<br \/>\n\u548c\u5173\u95ed\u3002\u8fd9\u6837\u53ef\u4ee5\u8282\u7701\u7535\u6c60\u3002<\/p>\n<p>\u4e0b\u5df4\u6258\u63a5\u6536\u5668\u7684\u63a5\u6536\u8303\u56f4\u4e3a\u5ba4\u5916 100 \u7c73\u5de6\u53f3\uff0c\u5ba4\u5185 100 \u7c73\u5de6\u53f3\u3002<br \/>\n\u5ba2\u623f\u7ea6 50 \u7c73\u3002<\/p>\n<hr style=\"background-color:#999999; margin-bottom:30px;\">\n<div class=\"call-action-slider-img\">\n<img decoding=\"async\" src=\"https:\/\/konferenztechnik.de\/wp-content\/uploads\/2018\/05\/SK-2020-D-kaufen.jpg\" alt=\"\u8d2d\u4e70\u68ee\u6d77\u585e\u5c14 Tourguide \u8170\u5305\u5f0f\u53d1\u5c04\u673a\" class=\"alignnone size-full wp-image-12201\" title=\"\"><\/p>\n<\/div>\n<h2>SK 2020-D \u8170\u5305\u5f0f\u53d1\u5c04\u673a<\/h2>\n<p>[spacer size=\"10\u2033]<\/p>\n<p>\u8f66\u8eab\u80cc\u5305\u53d1\u5c04\u5668\u548c\u8033\u673a\u9ea6\u514b\u98ce\uff08HS 2-ew\uff09\u7684\u7ec4\u5408\u4e3a\u60a8\u5728\u5de1\u6f14\u671f\u95f4\u63d0\u4f9b\u4e86\u6700\u5927\u7684\u884c\u52a8\u81ea\u7531\u3002<br \/>\n\u4f60\u53ef\u4ee5\u5e73\u9759\u5730\u89e3\u91ca\u4e00\u4e2a\u7269\u4f53\u6216\u7528\u53cc\u624b\u6f14\u793a\u4e00\u4e2a\u7269\u4f53\u3002<br \/>\n\u60a8\u8fd8\u53ef\u4ee5\u4f7f\u7528\u53d1\u5c04\u673a\u7684\u7ebf\u8def\u8f93\u5165\u6765\u64ad\u653e\u5916\u90e8\u97f3\u6e90 \u2013\uff0c\u540c\u65f6\u7ee7\u7eed\u8bb2\u8bdd\u6216\u64ad\u653e\u97f3\u4e50\u3002<br \/>\n\u9ea6\u514b\u98ce\u9759\u97f3\u3002\u53d1\u5c04\u5668\u7684\u64cd\u4f5c\u975e\u5e38\u76f4\u89c2\uff0c\u80cc\u5149\u663e\u793a\u5c4f\u53ef\u8ba9\u60a8\u4e86\u89e3<br \/>\n\u5b83\u53ef\u4ee5\u663e\u793a\u9891\u9053\u8bbe\u7f6e\u3001\u7535\u6c60\u72b6\u6001\u4ee5\u53ca\u9ea6\u514b\u98ce\u548c\u7ebf\u8def\u8f93\u5165\u7684\u7535\u5e73\u3002\u53d1\u5c04\u5668\u575a\u56fa\u8010\u7528<br \/>\n\u91d1\u5c5e\u5916\u58f3\u3002<\/p>\n<hr style=\"background-color:#999999; margin-bottom:30px;\">\n<div class=\"call-action-slider-img\">\n<img decoding=\"async\" src=\"https:\/\/konferenztechnik.de\/wp-content\/uploads\/2018\/05\/SKM-2020-D-kaufen.jpg\" alt=\"\u8d2d\u4e70\u68ee\u6d77\u585e\u5c14 Tourguide \u624b\u6301\u53d1\u5c04\u673a\" class=\"alignnone size-full wp-image-12201\" title=\"\"><\/p>\n<\/div>\n<h2>SKM 2020-D \u624b\u6301\u53d1\u5c04\u673a<\/h2>\n<p>[spacer size=\"10\u2033]<\/p>\n<p>SKM 2020-D \u624b\u6301\u5f0f\u9ea6\u514b\u98ce\u53ef\u6d88\u9664\u4e0d\u5fc5\u8981\u7684\u80cc\u666f\u566a\u97f3\u3002\u5176\u53d1\u5c04\u5668\u975e\u5e38\u575a\u56fa\uff0c\u64cd\u4f5c\u7b80\u5355\u65b9\u4fbf\u3002\u80cc\u5149\u663e\u793a\u5c4f\u53ef\u663e\u793a\u4f20\u8f93\u9891\u9053\u548c<br \/>\n\u663e\u793a\u7535\u6c60\u72b6\u6001\u3002\u5145\u7535\u7535\u6c60\u53ef\u5b9e\u73b0\u957f\u8fbe 8 \u5c0f\u65f6\u7684\u901a\u8bdd\u3002<\/p>\n<p>1: \u5f00\u5173<\/p>\n<p>2\uff1a\u53ef\u65cb\u8f6c\u3001\u53ef\u62c6\u5378\u7684\u76d6\u5b50\uff08\u7528\u4e8e\u4fdd\u62a4\u64cd\u4f5c\u5143\u4ef6\uff09<\/p>\n<p>3: \u7535\u6c60\u76d2<\/p>\n<hr style=\"background-color:#999999; margin-bottom:30px;\">\n<div class=\"call-action-slider-img\">\n<img decoding=\"async\" src=\"https:\/\/konferenztechnik.de\/wp-content\/uploads\/2018\/05\/EZL-2020-20-L-kaufen.jpg\" alt=\"\u8d2d\u4e70\u68ee\u6d77\u585e\u5c14 Tourguide \u914d\u4ef6\" class=\"alignnone size-full wp-image-12201\" title=\"\"><\/p>\n<\/div>\n<h2>\u5145\u7535\u7bb1 EZL 2020-20-L<\/h2>\n<p>[spacer size=\"10\u2033]<\/p>\n<p>\u88c5\u8f7d\u60c5\u51b5\uff0c\u53ef\u7528\u4f5c<br \/>\n\u6240\u6709\u8bbe\u5907\u7684\u5b58\u50a8\u7a7a\u95f4\u4ee5\u53ca\u624b\u673a\u548c\u53d1\u5c04\u673a\u7684\u5145\u7535\u7ad9\u300220 \u4e2a\u5145\u7535\u63d2\u69fd<br \/>\n\u4e3a\u6b64\uff0c\u8fd8\u63d0\u4f9b\u4e86\u4e00\u4e2a\u4e0b\u5df4\u5e26\u5f0f\u63a5\u6536\u5668\u548c\u4e24\u4e2a\u5145\u7535\u63d2\u69fd\uff0c\u4f9b\u53d1\u5c04\u5668\u548c\u5907\u7528\u7535\u6c60\u4f7f\u7528\u3002<br \/>\n\u7eff\u8272\u7684 \"\u590d\u5236 \"\u6309\u94ae\u53ef\u8282\u7701\u5927\u91cf\u5de5\u4f5c\uff1a\u53ea\u9700\u5c06\u542c\u7b52\u8bbe\u7f6e\u5230\u6240\u9700\u7684\u63a5\u6536\u9891\u9053\uff0c\u7136\u540e\u6309\u4e0b\u6309\u94ae\u5373\u53ef\u3001<br \/>\n\u6240\u6709\u4f7f\u7528\u7684\u63a5\u6536\u5668\u90fd\u4f1a\u81ea\u52a8\u8bbe\u7f6e\u4e3a\u76f8\u540c\u9891\u7387\u548c\u4e2d\u7b49\u97f3\u91cf\u3002<\/p>\n<hr style=\"background-color:#999999; margin-bottom:30px;\">\n<div class=\"call-action-slider-img\">\n<img decoding=\"async\" src=\"https:\/\/konferenztechnik.de\/wp-content\/uploads\/2018\/05\/EK2020-Mikro.jpg\" alt=\"\u5e26\u8033\u673a\u7684\u68ee\u6d77\u585e\u5c14 Tourguide \u5bfc\u6e38\u7cfb\u7edf\" class=\"alignnone size-full wp-image-12201\" title=\"\"><\/p>\n<\/div>\n<div class=\"call-action-slider-img\">\n<img decoding=\"async\" src=\"https:\/\/konferenztechnik.de\/wp-content\/uploads\/2018\/05\/sennheiser-personenfuehrung-tourguide.jpg\" alt=\"\u68ee\u6d77\u585e\u5c14 Tourguide \u4e2a\u4eba\u5bfc\u822a\u7cfb\u7edf\u4e0b\u5df4\u6795\" class=\"alignnone size-full wp-image-12201\" title=\"\"><br \/>\n<button class=\"bbtn popmake-12226\">\u8bf7\u6c42\u62a5\u4ef7 &amp;#x9B\uff1b<\/button><\/div>\n<div style=\"background-color:#f2f2f2; width:100%; display:block; margin-bottom:40px;\">\n<div style=\"text-align:center; width:100%; padding:left:10px; padding-top:18px;\"><img decoding=\"async\" src=\"https:\/\/konferenztechnik.de\/wp-content\/uploads\/2018\/05\/bewerten-happy.png\" alt=\"\" width=\"142\" height=\"42\" class=\"aligncenter size-full wp-image-13128\" title=\"\"><\/div>\n<div style=\"text-align:left; padding:10px;\">\u50cf\u624b\u5957\u4e00\u6837\u5408\u8eab\uff01\u542c\u53d6\u6211\u4eec\u7684\u5efa\u8bae\u3002\u6211\u4eec\u5f88\u4e50\u610f\u4e0e\u60a8\u4e00\u8d77\u786e\u5b9a\u54ea\u79cd\u5bfc\u5f15\u7cfb\u7edf\u7b26\u5408\u60a8\u5728\u54ea\u79cd\u73af\u5883\u4e0b\u7684\u8981\u6c42\u3002<\/div>\n<\/div>\n<div class=\"callouthoch\">\n[callout add_button=\"no\" button_text=\"\u4e86\u89e3\u66f4\u591a\u4fe1\u606f\" button_url=\"#\" button_color=\"#a62055\u2033]<br \/>\n\u60a8\u53ef\u4ee5\u901a\u8fc7\u7535\u8bdd\u76f4\u63a5\u8054\u7cfb\u6211\u4eec\uff1a<br \/>\n[v_icon color=\"#a62055\u2033 size=\"20px\" target=\"_blank\" name=\"moon-phone-2\u2033] +49 211 737798 20<br \/>\n[\/callout]<\/div>\n<div class=\"callouthoch\">\n[callout add_button=\"no\" button_text=\"\u4e86\u89e3\u66f4\u591a\u4fe1\u606f\" button_url=\"#\" button_color=\"#a62055\u2033]<br \/>\n\u5982\u9700\u54a8\u8be2\uff0c\u8bf7\u53d1\u9001\u7535\u5b50\u90ae\u4ef6\u81f3<br \/>\n[v_icon color=\"#a62055\u2033 size=\"20px\" target=\"_blank\" name=\"moonenvelop-2\u2033] <a href=\"mailto:vertrieb@konferenztechnik.de\" onclick=\"ga('send', 'event', 'Email-Klick', 'F\u00fchrungsanlagen kaufen  Vertrieb');\"> vertrieb@konferenztechnik.de<\/a><br \/>\n[\/callout]<\/div>\n<p>[spacer size=\"10\u2033]<\/p>\n<div class=\"weiterlinks\" style=\"background-color:#ffffff;\">\n<h1>\u66f4\u591a\u94fe\u63a5<\/h1>\n<p>[list icon=\"moon-arrow-right-2\u2033 color=\"#a62055\u2033]<a title=\"\u652f\u6301\u591a\u8bed\u8a00\u6d3b\u52a8\" href=\"\/zh\/%e8%b4%ad%e4%b9%b0%e4%b8%aa%e4%ba%ba%e6%8c%87%e5%af%bc%e7%b3%bb%e7%bb%9f\/\">\u65c5\u5ba2\u5f15\u5bfc\u7cfb\u7edf\u6982\u89c8\u9875\u9762<\/a>[\/list]<br \/>\n[list icon=\"moon-arrow-right-2\u2033 color=\"#a62055\u2033]<a title=\"\u652f\u6301\u591a\u8bed\u8a00\u6d3b\u52a8\" href=\"\/zh\/%e6%8b%9c%e4%ba%9a%e5%8a%a8%e5%8a%9b%e8%81%94%e5%90%88%e9%80%9a%e4%bf%a1%e7%b3%bb%e7%bb%9f\/\">\u5373\u5c06\u4e0a\u5e02\uff1a\u62dc\u4e9a\u52a8\u529b Unite \u5bfc\u5411\u7cfb\u7edf<\/a>[\/list]<br \/>\n[list icon=\"moon-arrow-right-2\u2033 color=\"#a62055\u2033]<a title=\"\u652f\u6301\u591a\u8bed\u8a00\u6d3b\u52a8\" href=\"\/zh\/%e8%b4%ad%e4%b9%b0%e4%bc%9a%e8%ae%ae%e6%8a%80%e6%9c%af\/\">\u4f1a\u8bae\u6280\u672f\u9500\u552e<\/a>[\/list]<br \/>\n[list icon=\"moon-arrow-right-2\u2033 color=\"#a62055\u2033]<a title=\"\u53c2\u8003\u8d44\u6599\" href=\"\/zh\/%e5%ae%89%e8%a3%85%e5%92%8c%e6%95%b4%e5%90%88%e4%bc%9a%e8%ae%ae%e6%8a%80%e6%9c%af%e5%92%8c%e5%aa%92%e4%bd%93%e7%b3%bb%e7%bb%9f\/\">\u5b89\u88c5\u4f1a\u8bae\u548c\u5a92\u4f53\u6280\u672f<\/a>[\/list]<br \/>\n[list icon=\"moon-arrow-right-2\u2033 color=\"#a62055\u2033]<a title=\"\u53e3\u8bd1\u5458\u7684\u57f9\u8bad\u548c\u670d\u52a1\" href=\"\/zh\/%e5%8f%a3%e8%af%91%e5%91%98%e5%9f%b9%e8%ae%ad%e8%af%be%e7%a8%8b%e5%92%8c%e6%9c%8d%e5%8a%a1\/\">\u53e3\u8bd1\u5458\u7684\u57f9\u8bad\u548c\u670d\u52a1<\/a>[\/list]<br \/>\n[list icon=\"moon-arrow-right-2\u2033 color=\"#a62055\u2033]<a title=\"PCS \u7684 10 \u4e2a\u5145\u5206\u7406\u7531\" href=\"\/zh\/%e5%85%b3%e4%ba%8e%e6%88%91%e4%bb%ac\/%e4%bd%bf%e7%94%a8-pc-%e7%9a%84-10-%e4%b8%aa%e5%85%85%e5%88%86%e7%90%86%e7%94%b1\/\">PCS \u7684 10 \u4e2a\u5145\u5206\u7406\u7531<\/a>[\/list]<br \/>\n[list icon=\"moon-arrow-right-2\u2033 color=\"#a62055\u2033]<a title=\"PCS\uff1a\u6240\u6709\u670d\u52a1\u4e00\u89c8\" href=\"\/zh\/%e6%9c%8d%e5%8a%a1-2\/\">PCS\uff1a\u6240\u6709\u670d\u52a1\u4e00\u89c8<\/a>[\/list]<\/ul>\n<\/div>\n<\/div>\n<p>[spacer size=\"20\u2033]<\/p>","protected":false},"excerpt":{"rendered":"<p>Sennheiser Tourguide 2020 D kaufen Angebot anfordern &#x9B; Empf\u00e4nger EK 2020-D-II [spacer size=&#8220;10&#8243;] Der sehr robuste, vielseitige Bodypack-Empf\u00e4nger ist ideal f\u00fcr den Einsatz in den Bereichen Personenf\u00fchrungen, Konferenzen und H\u00f6runterst\u00fctzung: Einfach passenden Kopfh\u00f6rer oder Induktionsschlinge f\u00fcr den Einsatz von H\u00f6rger\u00e4ten mit T-Spule w\u00e4hlen, fertig! Die digitale Signal\u00fcbertragung f\u00fcr hohe Audioqualit\u00e4t und das intuitive Bedienkonzept sind [&hellip;]<\/p>","protected":false},"author":1,"featured_media":45482,"parent":0,"menu_order":0,"comment_status":"closed","ping_status":"closed","template":"","meta":{"_acf_changed":false,"footnotes":""},"class_list":["post-13037","page","type-page","status-publish","has-post-thumbnail","hentry"],"acf":[],"_links":{"self":[{"href":"https:\/\/konferenztechnik.de\/zh\/wp-json\/wp\/v2\/pages\/13037","targetHints":{"allow":["GET"]}}],"collection":[{"href":"https:\/\/konferenztechnik.de\/zh\/wp-json\/wp\/v2\/pages"}],"about":[{"href":"https:\/\/konferenztechnik.de\/zh\/wp-json\/wp\/v2\/types\/page"}],"author":[{"embeddable":true,"href":"https:\/\/konferenztechnik.de\/zh\/wp-json\/wp\/v2\/users\/1"}],"replies":[{"embeddable":true,"href":"https:\/\/konferenztechnik.de\/zh\/wp-json\/wp\/v2\/comments?post=13037"}],"version-history":[{"count":0,"href":"https:\/\/konferenztechnik.de\/zh\/wp-json\/wp\/v2\/pages\/13037\/revisions"}],"wp:featuredmedia":[{"embeddable":true,"href":"https:\/\/konferenztechnik.de\/zh\/wp-json\/wp\/v2\/media\/45482"}],"wp:attachment":[{"href":"https:\/\/konferenztechnik.de\/zh\/wp-json\/wp\/v2\/media?parent=13037"}],"curies":[{"name":"wp","href":"https:\/\/api.w.org\/{rel}","templated":true}]}}