{"id":13130,"date":"2018-05-03T15:12:09","date_gmt":"2018-05-03T14:12:09","guid":{"rendered":"https:\/\/www.konferenztechnik.de\/?page_id=13130"},"modified":"2023-09-01T13:18:20","modified_gmt":"2023-09-01T11:18:20","slug":"%e8%b4%ad%e4%b9%b0%e6%8b%9c%e4%ba%9a%e5%8a%a8%e5%8a%9b-synexis","status":"publish","type":"page","link":"https:\/\/konferenztechnik.de\/zh\/%e8%b4%ad%e4%b9%b0%e6%8b%9c%e4%ba%9a%e5%8a%a8%e5%8a%9b-synexis\/","title":{"rendered":"\u8d2d\u4e70\u62dc\u4e9a\u52a8\u529b Synexis"},"content":{"rendered":"<h1>\u8d2d\u4e70\u62dc\u4e9a\u52a8\u529b Synexis<\/h1>\n<div class=\"call-action-slider-img\">\n<img decoding=\"async\" src=\"https:\/\/konferenztechnik.de\/wp-content\/uploads\/2018\/05\/Beyerdynamic-SYNEXIS-RP8-kaufen.jpg\" alt=\"\u5728 PCS Konferenztechnik \u8d2d\u4e70\u62dc\u4e9a\u52a8\u529b Synexis\" class=\"alignnone size-full wp-image-12201\" title=\"\"><br \/>\n<button class=\"bbtn popmake-12226\">\u8bf7\u6c42\u62a5\u4ef7 &amp;#x9B\uff1b<\/button><\/div>\n<h2>SYNEXIS RP8 \u8896\u73cd\u63a5\u6536\u5668<\/h2>\n<p>[spacer size=\"10\u2033]<\/p>\n<p>Synexis RP8 \u8896\u73cd\u63a5\u6536\u5668\u662f\u5bfc\u6e38\u3001\u4f1a\u8bae\u6216\u591a\u8bed\u8a00\u53e3\u8bd1\u5e94\u7528\u7684\u7406\u60f3\u4e4b\u9009\u3002\u53ef\u5c06\u6807\u51c6\u8033\u673a\u6216\u52a9\u542c\u5668\u611f\u5e94\u5708\u8fde\u63a5\u5230\u8ff7\u4f60\u63d2\u5b54\uff083.5 \u6beb\u7c73\uff09\u4e0a\u3002\u53d1\u5c04\u5668\u548c\u63a5\u6536\u5668\u4e4b\u95f4\u7684\u89c6\u7ebf\u8ddd\u79bb\u7ea6\u4e3a 100 \u7c73\u3002\u663e\u793a\u5c4f\u4e0a\u6e05\u6670\u5730\u663e\u793a\u9891\u9053\u3001\u7535\u6c60\u72b6\u6001\u548c\u9891\u7387\u7b49\u4fe1\u606f\u3002\u63a5\u6536\u5668\u65e2\u53ef\u4ee5\u56fa\u5b9a\u5728\u53ef\u62c6\u5378\u7684\u76ae\u5e26\u6263\u4e0a\uff0c\u4e5f\u53ef\u4ee5\u7528\u6302\u7ef3\u6302\u5728\u8116\u5b50\u4e0a\u3002Synexis RP8 \u53ef\u4ee5\u4f7f\u7528\u4e24\u8282\u954d\u6c22\u5145\u7535\u7535\u6c60\u6216 1.5 V AA \u7535\u6c60\u3002<\/p>\n<p>1: \u97f3\u91cf\u63a7\u5236<\/p>\n<p>2\uff1a\u8ff7\u4f60\u63d2\u5b54\u8f93\u51fa<\/p>\n<p>3: \u9891\u9053\u9009\u62e9\u6309\u94ae<\/p>\n<p>4\uff1a\u80cc\u5149 OLED \u663e\u793a\u5c4f\u63d0\u4f9b\u6709\u5173\u63a5\u6536\u9891\u9053\u3001\u97f3\u91cf\u3001\u7535\u6c60\u72b6\u6001\u548c\u63a5\u6536\u8d28\u91cf\u7684\u4fe1\u606f<\/p>\n<hr style=\"background-color:#999999; margin-bottom:30px;\">\n<div class=\"call-action-slider-img\">\n<img decoding=\"async\" src=\"https:\/\/konferenztechnik.de\/wp-content\/uploads\/2018\/05\/TaschensenderSYNEXIS-TP8.jpg\" alt=\"\u8d2d\u4e70 SYNEXIS-TP8 \u8170\u5305\u5f0f\u53d1\u5c04\u673a\" class=\"alignnone size-full wp-image-12201\" title=\"\"><\/p>\n<\/div>\n<h2>SYNEXIS TP8 \u8170\u5305\u53d1\u5c04\u673a<\/h2>\n<p>[spacer size=\"10\u2033]<\/p>\n<p>Synexis TP8 \u8170\u5305\u5f0f\u53d1\u5c04\u673a\u4e0e Synexis RP8 \u8170\u5305\u5f0f\u63a5\u6536\u673a\u4e00\u8d77\u7528\u4e8e\u5bfc\u6e38\u548c\u4f1a\u8bae\u3002\u53d1\u5c04\u5668\u548c\u63a5\u6536\u5668\u4e4b\u95f4\u7684\u89c6\u7ebf\u8ddd\u79bb\u7ea6\u4e3a 100 \u7c73\u3002\u9ea6\u514b\u98ce\u53ef\u8fde\u63a5\u5230 4 \u9488\u5fae\u578b XLR \u63a5\u53e3\uff0c\u5916\u90e8\u97f3\u6e90\u53ef\u8fde\u63a5\u5230\u8f85\u52a9\u8f93\u5165\u63a5\u53e3\u3002\u53ef\u901a\u8fc7\u8f85\u52a9\u8f93\u5165\u64ad\u653e\u97f3\u4e50\u6216\u4efb\u4f55\u97f3\u9891\u4fe1\u53f7\u3002OLED \u663e\u793a\u5c4f\u53ef\u4ee5\u975e\u5e38\u65b9\u4fbf\u5730\u663e\u793a\u9891\u9053\u3001\u7535\u6c60\u72b6\u6001\u548c\u9891\u7387\u3002\u53d1\u5c04\u673a\u7531\u4e24\u8282\u954d\u6c22\u5145\u7535\u7535\u6c60\u6216 1.5 V AA \u7535\u6c60\u4f9b\u7535\u3002<\/p>\n<p>1\uff1a\u8ff7\u4f60 XLR \u8f93\u5165<\/p>\n<p>2\uff1a \u7528\u4e8e\u9ea6\u514b\u98ce\u9759\u97f3\u529f\u80fd\u7684\u6309\u94ae\uff08\u9759\u97f3\u5f00\u5173\uff09<\/p>\n<p>3: \u9891\u9053\u9009\u62e9\u6309\u94ae<\/p>\n<p>4\uff1aOLED \u663e\u793a\u5c4f\uff08\u7528\u4e8e\u663e\u793a\u9891\u9053\u3001\u7535\u6c60\u72b6\u6001\u3001\u9891\u7387\u548c\u7535\u91cf\uff09\u3002<br \/>\n\u9891\u9053\u9009\u62e9\u9501\u5b9a\u529f\u80fd\uff09<\/p>\n<p>5\uff1a\u7ebf\u8def\u8f93\u5165\uff08\u7528\u4e8e\u8fde\u63a5\u97f3\u9891\u4fe1\u53f7\u6e90\uff0c\u5982 MP3 \u64ad\u653e\u5668\u3001<br \/>\n\u7acb\u4f53\u58f0\u63d2\u5b54\uff083.5 \u6beb\u7c73\uff09<\/p>\n<h3>\u591a\u529f\u80fd\u8896\u73cd\u53d1\u5c04\u673a<\/p>\n<h3>\u9664\u4e86\u4e0d\u540c\u7684\u9ea6\u514b\u98ce\u548c\u8033\u9ea6\u5916\uff0c\u8fd8\u53ef\u4ee5\u8fde\u63a5\u5176\u4ed6\u97f3\u6e90\uff0c\u5e76\u901a\u8fc7\u5355\u72ec\u7684\u8f93\u5165\u7aef\u8f93\u5165\u3002\u8fd9\u79cd\u6df7\u97f3\u529f\u80fd\u53ef\u4ee5\u8f93\u5165\u97f3\u4e50\u6216\u7b2c\u4e8c\u53f0\u53d1\u5c04\u673a\uff0c\u5b9e\u73b0\u53cc\u5411\u901a\u4fe1\u3002<\/p>\n<hr style=\"background-color:#999999; margin-bottom:30px;\">\n<div class=\"call-action-slider-img\">\n<img decoding=\"async\" src=\"https:\/\/konferenztechnik.de\/wp-content\/uploads\/2018\/05\/Handsender-SYNEXIS-TH8.jpg\" alt=\"\u8d2d\u4e70 SYNEXIS-TH8 \u624b\u6301\u53d1\u5c04\u673a\" class=\"alignnone size-full wp-image-12201\" title=\"\"><\/p>\n<\/div>\n<h2>SYNEXIS TH8 \u624b\u6301\u53d1\u5c04\u673a<\/h2>\n<p>[spacer size=\"10\u2033]<\/p>\n<p>Synexis TH8 \u624b\u6301\u5f0f\u53d1\u5c04\u5668\u4e0e Synexis RP8 \u8170\u5305\u5f0f\u63a5\u6536\u5668\u76f8\u7ed3\u5408\uff0c\u662f\u5bfc\u6e38\u3001\u4f1a\u8bae\u6216\u8033\u8bed\u7ffb\u8bd1\u7684\u7406\u60f3\u9009\u62e9\u3002\u53d1\u5c04\u5668\u548c\u63a5\u6536\u5668\u4e4b\u95f4\u7684\u89c6\u7ebf\u8ddd\u79bb\u7ea6\u4e3a 100 \u7c73\u3002\u5177\u6709\u5fc3\u5f62\u7279\u6027\u7684\u964d\u566a\u9ea6\u514b\u98ce\u53ef\u6709\u6548\u963b\u9694\u80cc\u666f\u566a\u58f0\u3002\u96c6\u6210\u7684\u9632\u5f39\/\u9632\u98ce\u7f69\u8fd8\u80fd\u786e\u4fdd\u6700\u4f73\u7684\u8bed\u97f3\u6e05\u6670\u5ea6\u3002\u53ef\u4f7f\u7528\u5f00\u5173\u8c03\u8282\u9ea6\u514b\u98ce\u7684\u7075\u654f\u5ea6\uff0c\u4ee5\u4fbf\u8fdb\u884c\u8fd1\u8ddd\u79bb\u6216\u8fdc\u8ddd\u79bb\u901a\u4fe1\u3002\u53d1\u5c04\u673a\u7531\u4e24\u8282\u954d\u6c22\u5145\u7535\u7535\u6c60\u6216 1.5 V AA \u7535\u6c60\u4f9b\u7535\u3002\u663e\u793a\u5c4f\u53ef\u4ee5\u975e\u5e38\u6e05\u6670\u5730\u663e\u793a\u9891\u9053\u3001\u7535\u6c60\u72b6\u6001\u548c\u9891\u7387\u3002\u53d1\u5c04\u5668\u8fd8\u53ef\u4ee5\u901a\u8fc7\u53ef\u9009\u7684\u9888\u5e26\u6302\u5728\u8116\u5b50\u4e0a\uff0c\u4ee5\u4fdd\u6301\u53cc\u624b\u81ea\u7531\u3002<\/p>\n<p>1\uff1a\u5e26\u9759\u97f3\u529f\u80fd\u7684\u6309\u94ae\uff0cLED \u6307\u793a\u9759\u97f3\u72b6\u6001\u548c\u5145\u7535\u72b6\u6001<\/p>\n<p>2\uff1a\u7528\u4e8e\u9891\u9053\u9009\u62e9\u548c\u9891\u7387\u663e\u793a\u7684\u7bad\u5934\u6309\u94ae<\/p>\n<p>3\uff1aOLED \u663e\u793a\u5c4f\uff0c\u7528\u4e8e\u663e\u793a\u7535\u6c60\u72b6\u6001\u3001\u9891\u9053\u3001\u9891\u7387\u548c<br \/>\n\u9759\u97f3\u529f\u80fd<\/p>\n<p>4: \u5f00\/\u5173\u548c\u8bbe\u7f6e\u6309\u94ae<\/p>\n<hr style=\"background-color:#999999; margin-bottom:30px;\">\n<div class=\"call-action-slider-img\">\n<img decoding=\"async\" src=\"https:\/\/konferenztechnik.de\/wp-content\/uploads\/2018\/05\/Sender-SYNEXIS-TS8.jpg\" alt=\"\u8d2d\u4e70 SYNEXIS TS8 \u56fa\u5b9a\u5f0f\u53d1\u5c04\u673a \" class=\"alignnone size-full wp-image-12201\" title=\"\"><\/p>\n<\/div>\n<h2>\u56fa\u5b9a\u5f0f\u53d1\u5c04\u673a SYNEXIS TS8<\/h2>\n<p>[spacer size=\"10\u2033]<\/p>\n<p>Synexis TS8 \u56fa\u5b9a\u5f0f\u53d1\u5c04\u673a\u4e0e Synexis RP8 \u8170\u5305\u5f0f\u63a5\u6536\u673a\u914d\u5408\u4f7f\u7528\u3002\u56fa\u5b9a\u5f0f\u53d1\u5c04\u673a\u9002\u7528\u4e8e\u5404\u79cd\u5e94\u7528\uff1a\u4f8b\u5982\uff0c\u5728\u4f1a\u8bae\u4e2d\u53ef\u4ee5\u540c\u65f6\u4f20\u8f93\u591a\u79cd\u8bed\u8a00\u3002\u6b64\u5916\uff0c\u8fd8\u53ef\u901a\u8fc7\u8fde\u63a5\u7684\u9ea6\u514b\u98ce\u8fdb\u884c\u5e7f\u64ad\u548c\u89e3\u91ca\u3002\u8fd8\u53ef\u4ee5\u4f7f\u7528 MP3 \u6216 CD \u64ad\u653e\u5668\u4f20\u8f93\u97f3\u4e50\u6216\u4efb\u4f55\u97f3\u9891\u4fe1\u53f7\u3002\u53d1\u5c04\u5668\u548c\u63a5\u6536\u5668\u4e4b\u95f4\u7684\u89c6\u7ebf\u8ddd\u79bb\u4e5f\u7ea6\u4e3a 100 \u7c73\u3002\u53d1\u5c04\u5668\u7531\u968f\u9644\u7684\u7535\u6e90\u9002\u914d\u5668\u4f9b\u7535\u3002\u4f9b\u8d27\u8303\u56f4\u5185\u7684\u7efc\u5408\u9644\u4ef6\u53ef\u5c06\u56fa\u5b9a\u5f0f\u53d1\u5c04\u673a\u5b89\u88c5\u5728 19 \u82f1\u5bf8\u673a\u67b6\u6216\u5916\u58f3\u4e2d\uff0c\u5e76\u5c06\u5929\u7ebf\u5b89\u88c5\u5728\u524d\u7aef\u3002<\/p>\n<p>1\uff1a\u4e3b\u8f93\u5165\u7535\u5e73\u63a7\u5236<\/p>\n<p>2\uff1a \u8f85\u52a9\u8f93\u5165\u7535\u5e73\u63a7\u5236<\/p>\n<p>3\uff1aOLED \u663e\u793a\u5c4f\uff0c\u901a\u9053\u9009\u62e9<\/p>\n<p>4: \u8033\u673a\u7535\u5e73\u63a7\u5236<\/p>\n<p>5\uff1a \u8f85\u52a9\u8f93\u5165\/\u8f93\u51fa<\/p>\n<p>6\uff1a \u4e3b\u8f93\u5165\uff08\u5e73\u8861\/\u4e0d\u5e73\u8861\uff09<\/p>\n<hr style=\"background-color:#999999; margin-bottom:30px;\">\n<div class=\"call-action-slider-img\">\n<img decoding=\"async\" src=\"https:\/\/konferenztechnik.de\/wp-content\/uploads\/2018\/05\/Ladegeraet-SYNEXIS-C10.jpg\" alt=\"\u8d2d\u4e70 SYNEXIS C10 \u5145\u7535\u5668\" class=\"alignnone size-full wp-image-12201\" title=\"\"><\/p>\n<\/div>\n<h2>SYNEXIS C10 \u5145\u7535\u5668<\/h2>\n<p>[spacer size=\"10\u2033]<\/p>\n<p>Synexis C10 \u5145\u7535\u5668\u4e3a Synexis TP8 \u8170\u5305\u53d1\u5c04\u673a\u6216 RP8 \u8170\u5305\u63a5\u6536\u673a\uff08\u5982\u679c\u5b89\u88c5\u4e86\u954d\u6c22\u5145\u7535\u7535\u6c60\uff09\u63d0\u4f9b 10 \u4e2a\u5145\u7535\u63d2\u69fd\u3002\u7535\u6c60\u7684\u5145\u7535\u72b6\u6001\u901a\u8fc7\u53d1\u5c04\u673a\u6216\u63a5\u6536\u673a\u4e0a\u7684 LED \u663e\u793a\u3002<\/p>\n<ul>\n<li>\u5341\u4e2a\u5145\u7535\u63d2\u69fd\uff0c\u4f9b\u8896\u73cd\u63a5\u6536\u5668\/\u53d1\u5c04\u5668\u4f7f\u7528<\/li>\n<li>\u4e3b\u7535\u6e90\u8fde\u63a5\uff0c\u53ef\u7ea7\u8054<\/li>\n<li>\u7528\u4e8e\u64cd\u4f5c\u6307\u793a\u7684 LED<\/li>\n<li>\u575a\u56fa\u7684\u91d1\u5c5e\u5916\u58f3\uff0c19 \u82f1\u5bf8\uff0c3 U<\/li>\n<\/ul>\n<p>Synexis SG24\uff1a19 \u82f1\u5bf8\/24 U \u843d\u5730\u5f0f\u673a\u67dc 19 \u82f1\u5bf8 SG 24 \u843d\u5730\u5f0f\u673a\u67dc\uff0c\u5e26\u53ef\u9501\u95e8<\/p>\n<p>[spacer size=\"10\u2033]<\/p>\n<hr style=\"background-color:#999999; margin-bottom:30px;\">\n<div class=\"call-action-slider-img\">\n<img decoding=\"async\" src=\"https:\/\/konferenztechnik.de\/wp-content\/uploads\/2018\/05\/fuehrungsanlage-zueboer-kaufen.jpg\" alt=\"\u8d2d\u4e70 SYNEXIS \u914d\u4ef6 \" class=\"alignnone size-full wp-image-12201\" title=\"\"><\/p>\n<\/div>\n<div class=\"call-action-slider-img\">\n<img decoding=\"async\" src=\"https:\/\/konferenztechnik.de\/wp-content\/uploads\/2018\/05\/synexis-ladekoffer.jpg\" alt=\"\u8d2d\u4e70 SYNEXIS \u5145\u7535\u76d2\" class=\"alignnone size-full wp-image-12201\" title=\"\"><\/p>\n<\/div>\n<h2>SYNEXIS \u914d\u4ef6<\/h2>\n<p>[spacer size=\"10\u2033]<\/p>\n<p>SYNEXIS \u4ea7\u54c1\u7cfb\u5217\u6709\u591a\u79cd\u9644\u4ef6\u53ef\u4f9b\u9009\u62e9\uff1a<\/p>\n<p>[list icon=\"moon-checkmark\" color=\"#a62055\u2033]DT1 \u5355\u8033\u5f0f\u8033\u673a[\/list]<br \/>\n[list icon=\"moon-checkmark\" color=\"#a62055\u2033]\u611f\u5e94\u540a\u8863 IL 200[\/list]<br \/>\n[list icon=\"moon-checkmark\" color=\"#a62055\u2033]SYNEXIS C20 \u8fd0\u8f93\u548c\u5145\u7535\u7bb1[\/list]<br \/>\n[list icon=\"moon-checkmark\" color=\"#a62055\u2033]SYNEXIS C30 \u8fd0\u8f93\u548c\u5145\u7535\u7bb1[\/list]<\/p>\n<p>......\u8fd8\u6709\u66f4\u591a\u3002<\/p>\n<p>\u63a5\u6536\u5668\u548c\u53d1\u5c04\u5668\u8fd8\u53ef\u4e0e\u5176\u4ed6\u5236\u9020\u5546\u751f\u4ea7\u7684\u8033\u673a\u548c\u9ea6\u514b\u98ce\u7ed3\u5408\u4f7f\u7528\uff0c\u6216\u96c6\u6210\u5230\u73b0\u6709\u7684\u4f1a\u8bae\u7cfb\u7edf\u4e2d\u3002\u53ea\u9700\u8054\u7cfb\u6211\u4eec\uff0c\u6211\u4eec\u5f88\u4e50\u610f\u4e3a\u60a8\u63d0\u4f9b\u5efa\u8bae\u3002<\/p>\n<p>[spacer size=\"10\u2033]<\/p>\n<hr style=\"background-color:#999999; margin-bottom:30px;\">\n<div class=\"call-action-slider-img\">\n<img decoding=\"async\" src=\"https:\/\/konferenztechnik.de\/wp-content\/uploads\/2018\/05\/synexis-personenfuehrungsanlage-kaufen.jpg\" alt=\"\u8d2d\u4e70 Synexis \u4e2a\u4eba\u5bfc\u822a\u7cfb\u7edf\" class=\"alignnone size-full wp-image-12201\" title=\"\"><br \/>\n<button class=\"bbtn popmake-12226\">\u8bf7\u6c42\u62a5\u4ef7 &amp;#x9B\uff1b<\/button><\/div>\n<div style=\"background-color:#f2f2f2; width:100%; display:block; margin-bottom:40px;\">\n<div style=\"text-align:center; width:100%; padding:left:10px; padding-top:18px;\"><img decoding=\"async\" src=\"https:\/\/konferenztechnik.de\/wp-content\/uploads\/2018\/05\/bewerten-happy.png\" alt=\"\" width=\"142\" height=\"42\" class=\"aligncenter size-full wp-image-13128\" title=\"\"><\/div>\n<div style=\"text-align:left; padding:10px;\">\u50cf\u624b\u5957\u4e00\u6837\u5408\u8eab\uff01\u542c\u53d6\u6211\u4eec\u7684\u5efa\u8bae\u3002\u6211\u4eec\u5f88\u4e50\u610f\u4e0e\u60a8\u4e00\u8d77\u786e\u5b9a\u54ea\u79cd\u5bfc\u8f68\u7cfb\u7edf\u7684\u914d\u7f6e\u6700\u7b26\u5408\u60a8\u7684\u8981\u6c42\u3002<\/div>\n<\/div>\n<div class=\"callouthoch\">\n[callout add_button=\"no\" button_text=\"\u4e86\u89e3\u66f4\u591a\u4fe1\u606f\" button_url=\"#\" button_color=\"#a62055\u2033]<br \/>\n\u60a8\u53ef\u4ee5\u901a\u8fc7\u7535\u8bdd\u76f4\u63a5\u8054\u7cfb\u6211\u4eec\uff1a<br \/>\n[v_icon color=\"#a62055\u2033 size=\"20px\" target=\"_blank\" name=\"moon-phone-2\u2033] +49 211 737798 20<br \/>\n[\/callout]<\/div>\n<div class=\"callouthoch\">\n[callout add_button=\"no\" button_text=\"\u4e86\u89e3\u66f4\u591a\u4fe1\u606f\" button_url=\"#\" button_color=\"#a62055\u2033]<br \/>\n\u5982\u9700\u54a8\u8be2\uff0c\u8bf7\u53d1\u9001\u7535\u5b50\u90ae\u4ef6\u81f3<br \/>\n[v_icon color=\"#a62055\u2033 size=\"20px\" target=\"_blank\" name=\"moonenvelop-2\u2033] <a href=\"mailto:vertrieb@konferenztechnik.de\" onclick=\"ga('send', 'event', 'Email-Klick', 'F\u00fchrungsanlagen kaufen  Vertrieb');\"> vertrieb@konferenztechnik.de<\/a><br \/>\n[\/callout]<\/div>\n<p>[spacer size=\"10\u2033]<\/p>\n<div class=\"weiterlinks\" style=\"background-color:#ffffff;\">\n<h1>\u66f4\u591a\u94fe\u63a5<\/h1>\n<p>[list icon=\"moon-arrow-right-2\u2033 color=\"#a62055\u2033]<a title=\"\u652f\u6301\u591a\u8bed\u8a00\u6d3b\u52a8\" href=\"\/zh\/%e8%b4%ad%e4%b9%b0%e4%b8%aa%e4%ba%ba%e6%8c%87%e5%af%bc%e7%b3%bb%e7%bb%9f\/\">\u65c5\u5ba2\u5f15\u5bfc\u7cfb\u7edf\u6982\u89c8\u9875\u9762<\/a>[\/list]<br \/>\n[list icon=\"moon-arrow-right-2\u2033 color=\"#a62055\u2033]<a title=\"\u652f\u6301\u591a\u8bed\u8a00\u6d3b\u52a8\" href=\"\/zh\/%e6%8b%9c%e4%ba%9a%e5%8a%a8%e5%8a%9b%e8%81%94%e5%90%88%e9%80%9a%e4%bf%a1%e7%b3%bb%e7%bb%9f\/\">\u5373\u5c06\u4e0a\u5e02\uff1a\u62dc\u4e9a\u52a8\u529b Unite \u5bfc\u5411\u7cfb\u7edf<\/a>[\/list]<br \/>\n[list icon=\"moon-arrow-right-2\u2033 color=\"#a62055\u2033]<a title=\"\u652f\u6301\u591a\u8bed\u8a00\u6d3b\u52a8\" href=\"\/zh\/%e8%b4%ad%e4%b9%b0%e4%bc%9a%e8%ae%ae%e6%8a%80%e6%9c%af\/\">\u4f1a\u8bae\u6280\u672f\u9500\u552e<\/a>[\/list]<br \/>\n[list icon=\"moon-arrow-right-2\u2033 color=\"#a62055\u2033]<a title=\"\u53c2\u8003\u8d44\u6599\" href=\"\/zh\/%e5%ae%89%e8%a3%85%e5%92%8c%e6%95%b4%e5%90%88%e4%bc%9a%e8%ae%ae%e6%8a%80%e6%9c%af%e5%92%8c%e5%aa%92%e4%bd%93%e7%b3%bb%e7%bb%9f\/\">\u5b89\u88c5\u4f1a\u8bae\u548c\u5a92\u4f53\u6280\u672f<\/a>[\/list]<br \/>\n[list icon=\"moon-arrow-right-2\u2033 color=\"#a62055\u2033]<a title=\"\u53e3\u8bd1\u5458\u7684\u57f9\u8bad\u548c\u670d\u52a1\" href=\"\/zh\/%e5%8f%a3%e8%af%91%e5%91%98%e5%9f%b9%e8%ae%ad%e8%af%be%e7%a8%8b%e5%92%8c%e6%9c%8d%e5%8a%a1\/\">\u53e3\u8bd1\u5458\u7684\u57f9\u8bad\u548c\u670d\u52a1<\/a>[\/list]<br \/>\n[list icon=\"moon-arrow-right-2\u2033 color=\"#a62055\u2033]<a title=\"PCS \u7684 10 \u4e2a\u5145\u5206\u7406\u7531\" href=\"\/zh\/%e5%85%b3%e4%ba%8e%e6%88%91%e4%bb%ac\/%e4%bd%bf%e7%94%a8-pc-%e7%9a%84-10-%e4%b8%aa%e5%85%85%e5%88%86%e7%90%86%e7%94%b1\/\">PCS \u7684 10 \u4e2a\u5145\u5206\u7406\u7531<\/a>[\/list]<br \/>\n[list icon=\"moon-arrow-right-2\u2033 color=\"#a62055\u2033]<a title=\"PCS\uff1a\u6240\u6709\u670d\u52a1\u4e00\u89c8\" href=\"\/zh\/%e6%9c%8d%e5%8a%a1-2\/\">PCS\uff1a\u6240\u6709\u670d\u52a1\u4e00\u89c8<\/a>[\/list]<\/ul>\n<\/div>\n<\/div>\n<p>[spacer size=\"20\u2033]<\/p><\/h3>","protected":false},"excerpt":{"rendered":"<p>Beyerdynamic Synexis kaufen Angebot anfordern &#x9B; Taschenempf\u00e4nger SYNEXIS RP8 [spacer size=&#8220;10&#8243;] Der Synexis RP8 Taschenempf\u00e4nger ist ideal f\u00fcr Personenf\u00fchrungen, Konferenzen oder mehrsprachige Dolmetscheranwendungen geeignet. An den Miniklinkenanschluss (3,5 mm) kann ein handels\u00fcblicher Kopfh\u00f6rer oder eine Induktionsschlinge f\u00fcr Personen mit H\u00f6rger\u00e4t angeschlossen werden. Die Reichweite betr\u00e4gt bei Sichtverbindung zwischen Sender und Empf\u00e4nger ca. 100 m. Auf [&hellip;]<\/p>","protected":false},"author":1,"featured_media":45482,"parent":0,"menu_order":0,"comment_status":"closed","ping_status":"closed","template":"","meta":{"_acf_changed":false,"footnotes":""},"class_list":["post-13130","page","type-page","status-publish","has-post-thumbnail","hentry"],"acf":[],"_links":{"self":[{"href":"https:\/\/konferenztechnik.de\/zh\/wp-json\/wp\/v2\/pages\/13130","targetHints":{"allow":["GET"]}}],"collection":[{"href":"https:\/\/konferenztechnik.de\/zh\/wp-json\/wp\/v2\/pages"}],"about":[{"href":"https:\/\/konferenztechnik.de\/zh\/wp-json\/wp\/v2\/types\/page"}],"author":[{"embeddable":true,"href":"https:\/\/konferenztechnik.de\/zh\/wp-json\/wp\/v2\/users\/1"}],"replies":[{"embeddable":true,"href":"https:\/\/konferenztechnik.de\/zh\/wp-json\/wp\/v2\/comments?post=13130"}],"version-history":[{"count":0,"href":"https:\/\/konferenztechnik.de\/zh\/wp-json\/wp\/v2\/pages\/13130\/revisions"}],"wp:featuredmedia":[{"embeddable":true,"href":"https:\/\/konferenztechnik.de\/zh\/wp-json\/wp\/v2\/media\/45482"}],"wp:attachment":[{"href":"https:\/\/konferenztechnik.de\/zh\/wp-json\/wp\/v2\/media?parent=13130"}],"curies":[{"name":"wp","href":"https:\/\/api.w.org\/{rel}","templated":true}]}}