{"id":15542,"date":"2020-01-13T11:20:39","date_gmt":"2020-01-13T10:20:39","guid":{"rendered":"https:\/\/www.konferenztechnik.de\/?page_id=15542"},"modified":"2023-08-29T14:45:39","modified_gmt":"2023-08-29T12:45:39","slug":"%e9%80%9a%e9%a3%8e%e6%9c%8d%e5%8a%a1","status":"publish","type":"page","link":"https:\/\/konferenztechnik.de\/zh\/%e9%80%9a%e9%a3%8e%e6%9c%8d%e5%8a%a1\/","title":{"rendered":"\u9500\u552e\u670d\u52a1"},"content":{"rendered":"<div data-elementor-type=\"wp-page\" data-elementor-id=\"15542\" class=\"elementor elementor-15542\" data-elementor-post-type=\"page\">\n\t\t\t\t\t\t<section data-particle_enable=\"false\" data-particle-mobile-disabled=\"false\" class=\"elementor-section elementor-top-section elementor-element elementor-element-1642ea5a elementor-section-boxed elementor-section-height-default elementor-section-height-default\" data-id=\"1642ea5a\" data-element_type=\"section\">\n\t\t\t\t\t\t<div class=\"elementor-container elementor-column-gap-default\">\n\t\t\t\t\t<div class=\"elementor-column elementor-col-100 elementor-top-column elementor-element elementor-element-5d2018ab\" data-id=\"5d2018ab\" data-element_type=\"column\">\n\t\t\t<div class=\"elementor-widget-wrap elementor-element-populated\">\n\t\t\t\t\t\t<div class=\"elementor-element elementor-element-5096329c elementor-widget elementor-widget-text-editor\" data-id=\"5096329c\" data-element_type=\"widget\" data-widget_type=\"text-editor.default\">\n\t\t\t\t<div class=\"elementor-widget-container\">\n\t\t\t\t\t\t\t\t\t<h1>Ventes -Technologie de conf\u00e9rence et multimedias<\/h1>\n<p><br><\/p>\n<p>PCS \u5728\u5b9a\u671f\u66f4\u65b0\u7684\u6761\u4ef6\u4e0b\u4e3a\u5546\u4e1a\u7528\u9014\u5206\u53d1\u4e13\u4e1a\u6280\u672f\uff0c\u5e76\u63d0\u4f9b\u54a8\u8be2\u548c\u552e\u540e\u670d\u52a1\u3002<\/p>\n<p>\u6211\u4eec\u53ef\u4ee5\u72ec\u7acb\u5411\u5236\u9020\u5546\u63d0\u4f9b\u5efa\u8bae\uff0c\u6211\u4eec\u4e5f\u5f88\u4e50\u610f\u4e3a\u60a8\u63d0\u4f9b\u9002\u5408\u60a8\u9700\u6c42\u7684\u7cfb\u7edf\u3002<\/p>\n<p>\u60a8\u662f\u5728\u5bfb\u627e\u4f1a\u8bae\u548c\u591a\u5a92\u4f53\u7cfb\u7edf\uff0c\u8fd8\u662f\u9700\u8981\u97f3\u9891\u6216\u89c6\u9891\u6280\u672f\uff1f<br>\u6211\u4eec\u662f\u5728\u8fd9\u4e9b\u9886\u57df\u4eab\u6709\u76db\u8a89\u7684\u5927\u578b\u4e13\u4e1a\u5236\u9020\u5546\u7684\u5206\u9500\u5408\u4f5c\u4f19\u4f34\u3002<br>\u60a8\u53ef\u4ee5\u5728\u6211\u4eec\u8fd9\u91cc\u8d2d\u4e70\u5c0f\u5c3a\u5bf8\u548c\u5927\u5c3a\u5bf8\u7684\u89c6\u542c\u7cfb\u7edf\uff0c\u4ee5\u53ca\u5355\u4e2a\u7ec4\u4ef6\u3001\u66f4\u6362\u4ef6\u548c\u914d\u4ef6\u3002<\/p>\n<h2>\u6309\u7ec4\u522b\u9009\u62e9\u4ea7\u54c1<\/h2>\n<p><br><\/p>\n<p><img decoding=\"async\" src=\"https:\/\/konferenztechnik.de\/wp-content\/uploads\/2018\/07\/fuehrungsanlagen-kaufen-1.jpg\" alt=\"\u8d2d\u4e70\u5bfc\u5f15\u7cfb\u7edf\" class=\"alignleft size-full wp-image-13481\" title=\"\"><\/p>\n<h3><b><br><\/b><\/h3><h3><b><br><\/b><\/h3><h3><b><br><\/b><\/h3><h3><b><br><\/b><\/h3><h3><b>Acheter un syst\u00e8me \/ casque audio guide (Tourguide Systems)<\/b><\/h3>\n<p>\u575a\u56fa\u8010\u7528\uff0c\u97f3\u8d28\u5353\u8d8a\uff0c\u65b0\u578b\u9502\u79bb\u5b50\u7535\u6c60\u4f7f\u7528\u5bff\u547d\u957f<\/p>\n<p><br><\/p>\n<p><img decoding=\"async\" class=\"alignnone size-full wp-image-1287\" src=\"https:\/\/konferenztechnik.de\/wp-content\/uploads\/2013\/06\/quinta.jpg\" alt=\"\u91d1\u5854\" title=\"\"><\/p>\n<h3><b>\u8d2d\u4e70\u684c\u9762\u9ea6\u514b\u98ce<\/b><\/h3>\n<p>\u8d2d\u4e70\u6211\u4eec\u7684\u4e13\u4e1a\u8bbe\u5907\uff1a\u5e26\u6216\u4e0d\u5e26\u6ee4\u6ce2\u5668\u7684 \u2013 \u97f3\u9891\u8bbe\u5907\uff0c\u54c1\u8d28\u5353\u8d8a<\/p>\n<p><br><\/p>\n<p><img decoding=\"async\" src=\"https:\/\/konferenztechnik.de\/wp-content\/uploads\/2018\/07\/dolmetscherkabinen-kaufen-1.jpg\" alt=\"\u8d2d\u4e70\u53e3\u8bd1\u7bb1\" class=\"alignleft size-full wp-image-13486\" title=\"\"><\/p>\n<h3><b><br><\/b><\/h3><h3><b><br><\/b><\/h3><h3><b><br><\/b><\/h3><h3><b><br><\/b><\/h3><h3><b>\u8d2d\u4e70\u5f55\u97f3\u673a<\/b><\/h3>\n<p>\u7ffb\u8bd1\u8231\u3001<br>certifi\u00e9es ISO\u3001<br>\u79fb\u52a8\u548c\u7075\u6d3b<br>\u81ea PCS \u8f6c\u8fd0\u7ad9\u8d77\u53ef\u7acb\u5373\u63d0\u4f9b<\/p>\n<p><br><\/p>\n<p><img fetchpriority=\"high\" decoding=\"async\" width=\"288\" height=\"198\" class=\"alignleft size-full wp-image-3750\" src=\"https:\/\/konferenztechnik.de\/wp-content\/uploads\/2013\/11\/03-mediensteuerungen.jpg\" alt=\"PCS \u7684\u5a92\u4f53\u63a7\u5236 - \u5feb\u601d\u806a\u3001AMX\u3001RTI\" title=\"\"><\/p>\n<h3><b><br><\/b><\/h3><h3><b><br><\/b><\/h3><h3><b><br><\/b><\/h3><h3><b><br><\/b><\/h3><h3><b><br><\/b><\/h3><h3><b>\u591a\u5a92\u4f53\u6307\u6325<\/b><\/h3>\n<p>\u5bb6\u5ead\u6307\u6325\u7cfb\u7edf\uff1a\u96c6\u4e2d\u7ba1\u7406\u60a8\u7684\u5546\u573a\u548c\u697c\u5b87\u7684\u591a\u5a92\u4f53\uff08\u89c6\u9891\u3001\u97f3\u9891\u548c\u7167\u660e\uff09\u8bbe\u5907\u3002<\/p>\n<p><br><\/p>\n<p><img decoding=\"async\" width=\"288\" height=\"198\" class=\"alignleft size-full wp-image-3748\" src=\"https:\/\/konferenztechnik.de\/wp-content\/uploads\/2013\/11\/01-i3.jpg\" alt=\"Vanerum i3 \u4ea4\u4e92\u5f0f\u767d\u677f\" title=\"\"><\/p>\n<h3><b><br><\/b><\/h3><h3><b><br><\/b><\/h3><h3><b><br><\/b><\/h3><h3><b><br><\/b><\/h3><h3><b><br><\/b><\/h3><h3><b>\u5b66\u5f92\u3001\u6f14\u793a\u548c\u534f\u4f5c\u5de5\u5177\u3002<\/b><\/h3>\n<p>\u865a\u62df\u767d\u684c\u3001\u4ea4\u4e92\u5f0f\u5c4f\u5e55\u548c\u89c6\u9891\u6295\u5f71\u4eea<\/p>\n<p><br><\/p>\n<p><img decoding=\"async\" src=\"https:\/\/konferenztechnik.de\/wp-content\/uploads\/2018\/07\/dolmetschertechnik-kaufen-1.jpg\" alt=\"\u8d2d\u4e70\u53e3\u8bd1\u8bbe\u5907\" class=\"alignleft size-full wp-image-13484\" title=\"\"><\/p>\n<h3><b><br><\/b><\/h3><h3><b><br><\/b><\/h3><h3><b><br><\/b><\/h3><h3><b><br><\/b><\/h3><h3><b><br><\/b><\/h3><h3><b>\u7ffb\u8bd1\u8bbe\u5907<\/b><\/h3>\n<p>\u97f3\u7bb1\u3001\u97f3\u7bb1\u76d2\u3001\u661f\u9645\u4f20\u8bd1\u6280\u672f\u3001\u65e0\u7ebf\u7535\/\u8d6b\u5179\u8054\u7edc\u4f20\u8bd1\u6280\u672f<\/p>\n<p><br><\/p>\n<p><img decoding=\"async\" width=\"288\" height=\"198\" class=\"alignleft size-full wp-image-3751\" src=\"https:\/\/konferenztechnik.de\/wp-content\/uploads\/2013\/11\/07-projektorenhalterungen.jpg\" alt=\"\u6295\u5f71\u4eea\u548c\u6295\u5c04\u5668\u652f\u67b6\" title=\"\"><\/p>\n<h3><b><br><\/b><\/h3><h3><b><br><\/b><\/h3><h3><b><br><\/b><\/h3><h3><b><br><\/b><\/h3><h3><b><br><\/b><\/h3><h3><b>\u652f\u67b6\/\u6295\u5f71\u4eea\u56fa\u5b9a\u88c5\u7f6e<\/b><\/h3>\n<p>\u56fa\u5b9a\u677f\u3001\u5c4f\u5e55\u914d\u4ef6\u3001\u6295\u5f71\u4eea\u548c\u5c4f\u5e55\u5b89\u88c5\u7cfb\u7edf\u3001\u6295\u5f71\u4eea\u5b89\u88c5\u7cfb\u7edf\u3001\u9694\u97f3\u548c\u9694\u58f0\u88c5\u7f6e<\/p>\n<p><br><\/p>\n<p><img loading=\"lazy\" decoding=\"async\" width=\"288\" height=\"198\" class=\"alignleft size-full wp-image-3752\" src=\"https:\/\/konferenztechnik.de\/wp-content\/uploads\/2013\/11\/08-funklautsprecher.jpg\" alt=\"\u68ee\u6d77\u585e\u5c14 LSP 500 PRO \u65e0\u7ebf\u626c\u58f0\u5668\" title=\"\"><\/p>\n<h3><b><br><\/b><\/h3><h3><b><br><\/b><\/h3><h3><b><br><\/b><\/h3><h3><b><br><\/b><\/h3><h3><b><br><\/b><\/h3><h3><b>\u97f3\u9891\u548c\u89c6\u9891\u6280\u672f<\/b><\/h3>\n<p>\u58f0\u5b66\u7cfb\u7edf\u3001\u9ea6\u514b\u98ce\u3001\u6df7\u97f3\u53f0\u3001\u89c6\u9891\u6295\u5f71\u4eea\u3001\u663e\u793a\u5c4f\u3001\u53ef\u89c6\u5316\u8bbe\u5907\u3001\u6295\u5f71\u4eea\u3001\u6570\u5b57\u4fe1\u53f7\u7cfb\u7edf<\/p>\n<p><br><\/p>\n<p>\n<img loading=\"lazy\" decoding=\"async\" width=\"288\" height=\"198\" class=\"alignnone size-full wp-image-3851\" src=\"https:\/\/konferenztechnik.de\/wp-content\/uploads\/2013\/11\/barco_clickshare_bei-pcs.jpg\" alt=\"barco_clickshare_by-pcs\" title=\"\"><\/p>\n<h3><br><\/h3><div class=\"rahmen\">\n<p><br><\/p><\/div>\t\t\t\t\t\t\t\t<\/div>\n\t\t\t\t<\/div>\n\t\t\t\t\t<\/div>\n\t\t<\/div>\n\t\t\t\t\t<\/div>\n\t\t<\/section>\n\t\t\t\t<\/div>","protected":false},"excerpt":{"rendered":"<p>Ventes -Technologie de conf\u00e9rence et multimedias PCS distribue des technologies professionnelles \u00e0 usage commercial \u00e0 des conditions r\u00e9guli\u00e8rement mises \u00e0 jour, et propose des services de conseil et de service apr\u00e8s-vente. Nous vous conseillons ind\u00e9pendamment des fabricants et nous nous ferons un plaisir de vous mettre en place un syst\u00e8me adapt\u00e9 \u00e0 vos besoins. Vous [&hellip;]<\/p>","protected":false},"author":1,"featured_media":45482,"parent":0,"menu_order":0,"comment_status":"closed","ping_status":"closed","template":"","meta":{"_acf_changed":false,"footnotes":""},"class_list":["post-15542","page","type-page","status-publish","has-post-thumbnail","hentry"],"acf":[],"_links":{"self":[{"href":"https:\/\/konferenztechnik.de\/zh\/wp-json\/wp\/v2\/pages\/15542","targetHints":{"allow":["GET"]}}],"collection":[{"href":"https:\/\/konferenztechnik.de\/zh\/wp-json\/wp\/v2\/pages"}],"about":[{"href":"https:\/\/konferenztechnik.de\/zh\/wp-json\/wp\/v2\/types\/page"}],"author":[{"embeddable":true,"href":"https:\/\/konferenztechnik.de\/zh\/wp-json\/wp\/v2\/users\/1"}],"replies":[{"embeddable":true,"href":"https:\/\/konferenztechnik.de\/zh\/wp-json\/wp\/v2\/comments?post=15542"}],"version-history":[{"count":0,"href":"https:\/\/konferenztechnik.de\/zh\/wp-json\/wp\/v2\/pages\/15542\/revisions"}],"wp:featuredmedia":[{"embeddable":true,"href":"https:\/\/konferenztechnik.de\/zh\/wp-json\/wp\/v2\/media\/45482"}],"wp:attachment":[{"href":"https:\/\/konferenztechnik.de\/zh\/wp-json\/wp\/v2\/media?parent=15542"}],"curies":[{"name":"wp","href":"https:\/\/api.w.org\/{rel}","templated":true}]}}