{"id":15570,"date":"2020-01-13T14:32:45","date_gmt":"2020-01-13T13:32:45","guid":{"rendered":"https:\/\/www.konferenztechnik.de\/?page_id=15570"},"modified":"2023-08-29T14:42:19","modified_gmt":"2023-08-29T12:42:19","slug":"%e7%bc%96%e9%98%9f","status":"publish","type":"page","link":"https:\/\/konferenztechnik.de\/zh\/%e7%bc%96%e9%98%9f\/","title":{"rendered":"\u5f62\u6210"},"content":{"rendered":"<div data-elementor-type=\"wp-page\" data-elementor-id=\"15570\" class=\"elementor elementor-15570\" data-elementor-post-type=\"page\">\n\t\t\t\t\t\t<section data-particle_enable=\"false\" data-particle-mobile-disabled=\"false\" class=\"elementor-section elementor-top-section elementor-element elementor-element-64b4538a elementor-section-boxed elementor-section-height-default elementor-section-height-default\" data-id=\"64b4538a\" data-element_type=\"section\">\n\t\t\t\t\t\t<div class=\"elementor-container elementor-column-gap-default\">\n\t\t\t\t\t<div class=\"elementor-column elementor-col-100 elementor-top-column elementor-element elementor-element-6aa4f7d1\" data-id=\"6aa4f7d1\" data-element_type=\"column\">\n\t\t\t<div class=\"elementor-widget-wrap elementor-element-populated\">\n\t\t\t\t\t\t<div class=\"elementor-element elementor-element-24a31a8 elementor-widget elementor-widget-text-editor\" data-id=\"24a31a8\" data-element_type=\"widget\" data-widget_type=\"text-editor.default\">\n\t\t\t\t<div class=\"elementor-widget-container\">\n\t\t\t\t\t\t\t\t\t<h1>\u53e3\u8bd1\u5458\u57f9\u8bad\u4e0e\u670d\u52a1<\/h1>\n<p>PCS \u4e3a\u5267\u9662\u548c\u9152\u5e97\u4e1a\u7684\u6280\u672f\u4eba\u5458\u3001\u53e3\u8bd1\u5458\u3001\u4e3b\u6301\u4eba\u3001\u7ecf\u7406\u548c\u5458\u5de5\u63d0\u4f9b\u57f9\u8bad\u8bfe\u7a0b\u3002<\/p>\n<p>\u6211\u4eec\u5728\u6211\u4eec\u7684\u529e\u516c\u5ba4\u548c\u60a8\u7684\u529e\u516c\u5ba4\u7ec4\u7ec7\u96c6\u4f53\u548c\u4e2a\u4eba\u57f9\u8bad\u8bfe\u7a0b\u3002\u4e86\u89e3\u5982\u4f55\u4f7f\u7528\u548c\u7ba1\u7406\u4f1a\u8bae\u6280\u672f\u662f\u6f14\u8bb2\u6210\u529f\u7684\u5173\u952e\u56e0\u7d20\u3002<\/p>\n<p>\u60a8\u662f\u53e3\u8bd1\u5458\uff0c\u6b63\u5728\u8ba1\u5212\u4e00\u9879\u4efb\u52a1\u6216\u6280\u672f\u6d3b\u52a8\u5417\uff1f\u60a8\u662f\u5426\u9700\u8981\u8ba1\u5212\u6216\u5bf9\u4f1a\u8bae\u573a\u6240\u7684\u76f8\u5173\u89c4\u5b9a\u6709\u7591\u95ee\uff1f\u8bf7\u8054\u7cfb\u6211\u4eec\u7684\u57f9\u8bad\u670d\u52a1\u90e8\u95e8\uff0c\u5728\u8fd9\u91cc\u60a8\u603b\u80fd\u627e\u5230\u70ed\u60c5\u5468\u5230\u7684\u670d\u52a1\u4eba\u5458\u3002<\/p>\n<p><br>\n<img decoding=\"async\" alt=\"\u57f9\u8bad-n\" src=\"https:\/\/konferenztechnik.de\/wp-content\/uploads\/2016\/10\/sprecherkabine-masse.jpg\" title=\"\"><br>\n[\/column]<br>\n[spacer size=\"20\u2033]<\/p>\n<p><img decoding=\"async\" alt=\"\" src=\"https:\/\/konferenztechnik.de\/wp-content\/uploads\/2016\/10\/dolmetscherschulung-1.jpg\" title=\"\"><\/p>\n<p><br><\/p>\n<p>PCS \u975e\u5e38\u91cd\u89c6\u4f1a\u8bae\u6280\u672f\u9886\u57df\u7684\u57f9\u8bad\u5de5\u4f5c\uff0c\u5e76\u5236\u5b9a\u4e86\u6781\u5177\u5438\u5f15\u529b\u4e14\u884c\u4e4b\u6709\u6548\u7684\u57f9\u8bad\u8ba1\u5212<\/p>\t\t\t\t\t\t\t\t<\/div>\n\t\t\t\t<\/div>\n\t\t\t\t\t<\/div>\n\t\t<\/div>\n\t\t\t\t\t<\/div>\n\t\t<\/section>\n\t\t\t\t<\/div>","protected":false},"excerpt":{"rendered":"<p>Formation et service pour les interpr\u00e8tes PCS offre des cours de formation pour les techniciens, les interpr\u00e8tes, les conf\u00e9renciers, les manager, le personnel travaillant dans les th\u00e9\u00e2tres ou l\u2019industrie h\u00f4teli\u00e8re. Nous organisons des formations de groupe et individuelles dans nos locaux et dans vos locaux. Savoir utiliser et manipuler la technologie de conf\u00e9rence est un [&hellip;]<\/p>","protected":false},"author":1,"featured_media":45482,"parent":0,"menu_order":0,"comment_status":"closed","ping_status":"closed","template":"","meta":{"_acf_changed":false,"footnotes":""},"class_list":["post-15570","page","type-page","status-publish","has-post-thumbnail","hentry"],"acf":[],"_links":{"self":[{"href":"https:\/\/konferenztechnik.de\/zh\/wp-json\/wp\/v2\/pages\/15570","targetHints":{"allow":["GET"]}}],"collection":[{"href":"https:\/\/konferenztechnik.de\/zh\/wp-json\/wp\/v2\/pages"}],"about":[{"href":"https:\/\/konferenztechnik.de\/zh\/wp-json\/wp\/v2\/types\/page"}],"author":[{"embeddable":true,"href":"https:\/\/konferenztechnik.de\/zh\/wp-json\/wp\/v2\/users\/1"}],"replies":[{"embeddable":true,"href":"https:\/\/konferenztechnik.de\/zh\/wp-json\/wp\/v2\/comments?post=15570"}],"version-history":[{"count":0,"href":"https:\/\/konferenztechnik.de\/zh\/wp-json\/wp\/v2\/pages\/15570\/revisions"}],"wp:featuredmedia":[{"embeddable":true,"href":"https:\/\/konferenztechnik.de\/zh\/wp-json\/wp\/v2\/media\/45482"}],"wp:attachment":[{"href":"https:\/\/konferenztechnik.de\/zh\/wp-json\/wp\/v2\/media?parent=15570"}],"curies":[{"name":"wp","href":"https:\/\/api.w.org\/{rel}","templated":true}]}}