{"id":15768,"date":"2020-03-03T15:58:42","date_gmt":"2020-03-03T14:58:42","guid":{"rendered":"https:\/\/www.konferenztechnik.de\/?page_id=15768"},"modified":"2023-07-05T10:55:57","modified_gmt":"2023-07-05T08:55:57","slug":"%e8%a7%86%e9%a2%91%e4%bc%9a%e8%ae%ae","status":"publish","type":"page","link":"https:\/\/konferenztechnik.de\/zh\/%e8%a7%86%e9%a2%91%e4%bc%9a%e8%ae%ae\/","title":{"rendered":"\u89c6\u9891\u4f1a\u8bae"},"content":{"rendered":"<h1>\u89c6\u9891\u4f1a\u8bae\u79df\u7528 \u2013 \u5168\u7403\u865a\u62df\u4f1a\u8bae<\/h1>\n<h2>\u5feb\u901f\u7075\u6d3b\u7684\u5168\u7403\u901a\u4fe1\u3002\u5458\u5de5\u8054\u7f51\u3001\u865a\u62df\u4f1a\u8bae\u548c\u5927\u4f1a<\/h2>\n<div class=\"call-action-slider-img\"><img decoding=\"async\" class=\"alignleft size-full wp-image-15812\" src=\"https:\/\/konferenztechnik.de\/wp-content\/uploads\/2020\/03\/videokonferenz-technik-mieten-1.jpg\" alt=\"\u4ece PCS \u79df\u7528\u89c6\u9891\u4f1a\u8bae\u6280\u672f\" title=\"\"><br \/>\n<button class=\"btn btn-nopic popmake-14167\">\u7acb\u5373\u67e5\u8be2 \u203a<\/button><\/div>\n<p>\u6211\u4eec\u662f\u89c6\u9891\u4f1a\u8bae\u6280\u672f\u7684\u4f9b\u5e94\u5546\u3002PCS Konferenztechnik \u53ef\u4e3a\u60a8\u7684\u89c6\u9891\u4f1a\u8bae\u63d0\u4f9b\u5408\u9002\u7684\u7cfb\u7edf\u3002\u6839\u636e\u60a8\u7684\u8981\u6c42\u548c\u4f1a\u8bae\u89c4\u6a21\u9009\u62e9\u8bbe\u7f6e\u3002<\/p>\n<p>\u6211\u4eec\u4e3a\u5c0f\u578b\u4f1a\u8bae\u4ee5\u53ca\u5bf9\u5b89\u5168\u6027\u3001\u8212\u9002\u6027\u548c\u529f\u80fd\u6027\u6709\u66f4\u9ad8\u8981\u6c42\u7684\u8463\u4e8b\u4f1a\u4f1a\u8bae\u63d0\u4f9b\u91cf\u8eab\u5b9a\u5236\u7684\u89e3\u51b3\u65b9\u6848\u3002\u6839\u636e\u5f53\u524d\u60c5\u51b5\uff0c\u6240\u6709\u4f1a\u8bae\u4e5f\u53ef\u4ee5\u7eaf\u865a\u62df\u65b9\u5f0f\u4e3e\u884c\u3002\u6240\u6709\u4e0e\u4f1a\u8005\u90fd\u53ef\u4ee5\u4ece\u81ea\u5df1\u7684\u5de5\u4f5c\u7ad9\u901a\u8fc7\u5ba2\u6237\u7aef\u53c2\u52a0\u4f1a\u8bae\u3002\u8fd9\u4e5f\u9002\u7528\u4e8e\u60a8\u7684\u5bb6\u5ead\u529e\u516c\u5ba4\u3002<\/p>\n<p>\u6211\u4eec\u53ef\u4ee5\u901a\u8fc7\u53e3\u8bd1\u96c6\u7ebf\u5668\u73b0\u573a\u8fde\u63a5\u591a\u8fbe 10 \u79cd\u8bed\u8a00\u7684\u540c\u58f0\u4f20\u8bd1\u4eba\u5458\u3002\u6240\u6709\u4e0e\u4f1a\u8005\u90fd\u53ef\u4ee5\u7528\u81ea\u5df1\u7684\u6bcd\u8bed\u53d1\u8a00\uff0c\u5e76\u9009\u62e9\u9002\u5f53\u7684\u53e3\u8bd1\u9891\u9053\u3002<\/p>\n<h2><strong>\u8fd9\u4e9b\u9009\u9879\u662f PCS \u7684\u6807\u51c6\u914d\u7f6e<\/strong><\/h2>\n<p>\u5168\u7403\u865a\u62df\u4f1a\u8bae<br \/>\n\u901a\u8fc7\u6d41\u5a92\u4f53\u65e0\u9650\u91cf\u89c2\u770b<br \/>\n\u6700\u591a\u53ef\u540c\u65f6\u63d0\u4f9b 32 \u79cd\u8bed\u8a00\u7684\u53e3\u8bd1\u670d\u52a1<br \/>\n300 \u540d\u79ef\u6781\u53c2\u4e0e\u8005\uff08\u53d1\u8a00\u8005\u3001\u6f14\u8bb2\u8005\uff09<\/p>\n<p>9 \u4e2a\u8fdc\u7a0b\u53e3\u8bd1\u4e2d\u5fc3\uff0c\u5168\u56fd\u4e34\u65f6\u4e2d\u5fc3<br \/>\n\u6280\u672f\u4eba\u5458\u548c\u7248\u4e3b\u7684\u652f\u6301<br \/>\n\u5bc6\u7801\u4fdd\u62a4\u548c\u52a0\u5bc6\u4f20\u8f93<\/p>\n<p>\u5982\u9700\u5b9a\u5236\u66f4\u591a\u53c2\u4e0e\u8005\u3001\u8bed\u8a00\u6216\u5176\u4ed6\u8981\u6c42\u7684\u89e3\u51b3\u65b9\u6848\uff0c\u8bf7\u8054\u7cfb\u6211\u4eec\u3002\u6211\u4eec\u4f1a\u627e\u5230\u89e3\u51b3\u65b9\u6848\u3002<\/p>\n<h2><b>\u79df\u7528\u89c6\u9891\u4f1a\u8bae\uff1a\u5e94\u7528\u5b9e\u4f8b\u548c\u6280\u672f\u9009\u62e9<\/b><\/h2>\n<p>\u89c6\u9891\u4f1a\u8bae\u603b\u662f\u7531\u6211\u4eec\u5355\u72ec\u89c4\u5212\uff0c\u6280\u672f\u901a\u5e38\u7531\u6211\u4eec\u7684\u6280\u672f\u4eba\u5458\u5b89\u88c5\u548c\u62c6\u5378\uff0c\u5e76\u5728\u9700\u8981\u65f6\u63d0\u4f9b\u652f\u6301\u3002<\/p>\n<div class=\"bundle-container\">\n<div class=\"bundle-box\"><span class=\"no-hint\">\u81ea\u53d1\u3001\u7075\u6d3b<\/span><\/p>\n<div class=\"bundle-box-head\"><span class=\"bundle-title\">\u89c6\u9891\u4f1a\u8bae\u57fa\u7840<\/span><\/div>\n<div class=\"bundle-box-body\">\n<p class=\"text-kleiner\">\u8fd9\u79cd\u8bbe\u7f6e\u9002\u7528\u4e8e\u6700\u591a 8 \u4eba\u7684\u5c0f\u578b\u4f1a\u8bae\u3002\u5b83\u5305\u62ec\u4e00\u4e2a\u56fa\u5b9a\u673a\u4f4d\u3001\u4e00\u4e2a\u4f9b\u6240\u6709\u4e0e\u4f1a\u8005\u4f7f\u7528\u7684\u5ba4\u5185\u9ea6\u514b\u98ce\u3001\u4e00\u4e2a\u684c\u4e0a\u626c\u58f0\u5668\u548c\u4e00\u4e2a\u663e\u793a\u5c4f\u3002<\/p>\n<\/div>\n<p>\u663e\u793a\u5c4f<br \/>\n\u6444\u50cf\u673a\uff08\u957f\u955c\u5934\uff09<br \/>\n\u53f0\u5f0f\u9ea6\u514b\u98ce<br \/>\n\u53f0\u5f0f\u626c\u58f0\u5668<\/p>\n<p><span class=\"bundle-space popmake-14167\">\u7acb\u5373\u67e5\u8be2<\/span><\/p>\n<\/div>\n<div class=\"bundle-box\"><span class=\"no-hint\">\u51e0\u4e4e\u603b\u662f\u5408\u9002\u7684<\/span><\/p>\n<div class=\"bundle-box-head\"><span class=\"bundle-title\">\u89c6\u9891\u4f1a\u8bae\u6807\u51c6<\/span><\/div>\n<div class=\"bundle-box-body\">\n<p class=\"text-kleiner\">\u6807\u51c6\u89c6\u9891\u4f1a\u8bae\u8bbe\u7f6e\u9002\u7528\u4e8e\u6700\u591a 15 \u4eba\u7684\u4f1a\u8bae\u3002\u53ef\u5355\u72ec\u8c03\u8282\u7684\u6444\u50cf\u5934\u4f4d\u7f6e\u6539\u5584\u4e86\u4e0e\u4f1a\u8005\u7684\u89c6\u91ce\u3002<\/p>\n<\/div>\n<p>\u663e\u793a\u5c4f<br \/>\n\u5e26\u6709\u5355\u4e2a\u4f4d\u7f6e\u548c\u957f\u955c\u5934\u7684\u6444\u50cf\u673a<br \/>\n\u53f0\u5f0f\u9ea6\u514b\u98ce<br \/>\n\u53f0\u5f0f\u626c\u58f0\u5668<\/p>\n<p><span class=\"bundle-space popmake-14167\">\u7acb\u5373\u67e5\u8be2<\/span><\/p>\n<\/div>\n<div class=\"bundle-box\"><span class=\"hint\">\u6211\u4eec\u7684\u5efa\u8bae<\/span><\/p>\n<div class=\"bundle-box-head\">\n<p><span class=\"bundle-title\">\u89c6\u9891\u4f1a\u8bae\u989d\u5916\u8d39\u7528<\/span><\/p>\n<\/div>\n<div class=\"bundle-box-body\">\n<p class=\"text-kleiner\">\u4e3b\u5e2d\u4f1a\u8bae\u3001\u76d1\u4e8b\u4f1a\u4f1a\u8bae\u6216\u5176\u4ed6\u91cd\u8981\u4f1a\u8bae\uff1a\u4e3a\u6bcf\u4f4d\u4e0e\u4f1a\u8005\u914d\u5907\u5355\u72ec\u7684\u9ea6\u514b\u98ce\u548c\u626c\u58f0\u5668\uff0c\u9ea6\u514b\u98ce\u542f\u52a8\u65f6\u6444\u50cf\u673a\u81ea\u52a8\u5b9a\u4f4d\u3002<\/p>\n<\/div>\n<p>\u663e\u793a\u5c4f<br \/>\n\u5e26\u626c\u58f0\u5668\u81ea\u52a8\u5b9a\u4f4d\u529f\u80fd\u7684\u6444\u50cf\u5934<br \/>\n\u4e3a\u6bcf\u4f4d\u4e0e\u4f1a\u8005\u63d0\u4f9b\u5355\u72ec\u7684\u684c\u4e0a\u9ea6\u514b\u98ce<br \/>\n\u96c6\u6210\u5728\u684c\u9762\u9ea6\u514b\u98ce\u4e2d\u7684\u626c\u58f0\u5668<\/p>\n<p><span class=\"bundle-space popmake-14167\">\u7acb\u5373\u67e5\u8be2<\/span><\/p>\n<\/div>\n<\/div>\n<p>\u6839\u636e\u9700\u8981\u9884\u8ba2\u53ef\u9009\u529f\u80fd\uff0c\u6216\u7ec4\u5efa\u81ea\u5df1\u7684\u7cfb\u7edf\uff1a<\/p>\n<div id=\"newscontainer\">\n<div class=\"newskasten\">\n<h3>\u89e3\u91ca\u529f\u80fd<\/h3>\n<p>\u4e00\u4f53\u5316\u53e3\u8bd1\u7cfb\u7edf<br \/>\n<a href=\"https:\/\/konferenztechnik.de\/zh\/%e8%bf%9c%e7%a8%8b%e5%8f%a3%e8%af%91-2\/\">\u8fdc\u7a0b\u53e3\u8bd1<\/a><br \/>\n\u5982\u6709\u9700\u8981\uff0c\u53ef\u6d41\u5411\u7f51\u7edc<br \/>\n<a href=\"https:\/\/konferenztechnik.de\/zh\/%e7%a7%9f%e7%94%a8%e5%8f%a3%e8%af%91%e5%8e%a2\/\">\u53e3\u8bd1\u53a2<\/a><\/p>\n<\/div>\n<div class=\"newskasten\">\n<h3>\u97f3\u9891\u548c\u89c6\u9891<\/h3>\n<p><a href=\"https:\/\/konferenztechnik.de\/zh\/%e8%af%8d%e5%85%b8\/%e9%9f%b3%e5%93%8d%e7%b3%bb%e7%bb%9f-3\/\">\u97f3\u54cd\u7cfb\u7edf<\/a><br \/>\n\u97f3\u9891\u548c\u89c6\u9891\u5f55\u5236<br \/>\n\u6295\u5f71\u4eea\u3001\u5c4f\u5e55<\/p>\n<\/div>\n<div class=\"newskasten\">\n<h3>\u6d41\u5a92\u4f53<\/h3>\n<p>\u6d41\u5f0f\u97f3\u9891\u548c\u89c6\u9891<br \/>\n\u4e2a\u6027\u5316\u767b\u5f55<br \/>\n\u5168\u7403\u8303\u56f4\u5185\u5747\u53ef\u5230\u8fbe<\/p>\n<\/div>\n<\/div>\n<h2>\u914d\u5907 DOME \u6444\u50cf\u673a\u7684\u89c6\u9891\u4f1a\u8bae<\/h2>\n<p>\u6211\u4eec\u5c06\u89c6\u9891\u4f1a\u8bae\u7cfb\u7edf\u4e0e DOME \u6444\u50cf\u673a\u76f8\u8fde\u3002\u8be5\u6444\u50cf\u673a\u7531\u7535\u673a\u9a71\u52a8\uff0c\u5728\u53d1\u8a00\u8005\u7684\u9ea6\u514b\u98ce\u542f\u52a8\u65f6\u81ea\u52a8\u5bf9\u7126\u3002\u53d1\u8a00\u7ed3\u675f\u540e\uff0cDOME \u6444\u50cf\u673a\u4f1a\u8fd4\u56de\u539f\u4f4d\uff0c\u663e\u793a\u957f\u955c\u5934\uff0c\u5373\u6574\u4e2a\u4f1a\u8bae\u5ba4\u3002\u8be5\u7cfb\u7edf\u65e2\u9002\u7528\u4e8e\u5c0f\u578b\u4f1a\u8bae\uff0c\u4e5f\u9002\u7528\u4e8e\u5927\u578b\u4f1a\u8bae\u3002<\/p>\n<p><img decoding=\"async\" class=\"alignleft size-full wp-image-15822\" src=\"https:\/\/konferenztechnik.de\/wp-content\/uploads\/2020\/03\/Videokonferenz-mit-DOME-Kamera-1.jpg\" alt=\"\u914d\u5907 DOME \u6444\u50cf\u673a\u548c\u9ea6\u514b\u98ce\u88c5\u7f6e\u7684\u89c6\u9891\u4f1a\u8bae\" title=\"\"><\/p>\n<h2>\u4e0d\u540c\u7c7b\u578b\u7684\u9ea6\u514b\u98ce\u548c\u6269\u58f0<\/h2>\n<p>\u6839\u636e\u4f1a\u8bae\u89c4\u6a21\u7684\u4e0d\u540c\uff0c\u97f3\u9891\u6280\u672f\u6709\u4e0d\u540c\u7684\u8bbe\u7f6e\u3002\u5bf9\u4e8e\u89c4\u6a21\u8f83\u5c0f\u7684\u4f1a\u8bae\uff0c\u6211\u4eec\u5efa\u8bae\u5728\u4f1a\u8bae\u684c\u4e2d\u592e\u653e\u7f6e\u4e00\u4e2a\u5ba4\u5185\u9ea6\u514b\u98ce\u3002\u8be5\u9ea6\u514b\u98ce\u53ef\u4ee5\u5e73\u7b49\u5730\u63a5\u6536\u6240\u6709\u4e0e\u4f1a\u8005\u7684\u53d1\u8a00\u3002\u96c6\u6210\u626c\u58f0\u5668\u7528\u4e8e\u97f3\u54cd\u7cfb\u7edf\u3002\u8fd8\u53ef\u4ee5\u5b89\u88c5\u989d\u5916\u7684\u626c\u58f0\u5668\uff0c\u4ee5\u8986\u76d6\u66f4\u5927\u7684\u533a\u57df\u3002\u5982\u679c\u6709\u591a\u4f4d\u4e0e\u4f1a\u8005\uff0c\u8fd8\u53ef\u4ee5\u5b89\u88c5\u591a\u4e2a\u5ba4\u5185\u9ea6\u514b\u98ce\u3002<\/p>\n<p><img fetchpriority=\"high\" decoding=\"async\" width=\"640\" height=\"383\" class=\"alignleft size-full wp-image-15832\" src=\"https:\/\/konferenztechnik.de\/wp-content\/uploads\/2020\/03\/videokonferenz-lautsprecher-mieten.jpg\" alt=\"\u79df\u7528\u89c6\u9891\u4f1a\u8bae\u626c\u58f0\u5668\" title=\"\" srcset=\"https:\/\/konferenztechnik.de\/wp-content\/uploads\/2020\/03\/videokonferenz-lautsprecher-mieten.jpg 640w, https:\/\/konferenztechnik.de\/wp-content\/uploads\/2020\/03\/videokonferenz-lautsprecher-mieten-300x180.jpg 300w\" sizes=\"(max-width: 640px) 100vw, 640px\" \/><\/p>\n<p>\u684c\u5f0f\u9ea6\u514b\u98ce\u6700\u9002\u5408\u8f83\u5927\u7684\u7fa4\u4f53\u3002\u5728\u8fd9\u79cd\u8bbe\u7f6e\u4e2d\uff0c\u6bcf\u4f4d\u4e0e\u4f1a\u8005\u90fd\u6709\u81ea\u5df1\u7684\u9ea6\u514b\u98ce\uff0c\u4ed6\u4eec\u53ef\u4ee5\u901a\u8fc7\u4e00\u4e2a\u6309\u94ae\u6fc0\u6d3b\u6216\u5173\u95ed\u9ea6\u514b\u98ce\u3002\u4e24\u540d\u4e0e\u4f1a\u8005\u4e5f\u53ef\u4ee5\u5171\u7528\u4e00\u4e2a\u9ea6\u514b\u98ce\u3002\u8fd9\u6837\u53ef\u4ee5\u8282\u7701\u7a7a\u95f4\u548c\u6210\u672c\u3002\u4f7f\u7528\u53f0\u5f0f\u9ea6\u514b\u98ce\u53ef\u63d0\u9ad8\u6f14\u8bb2\u7684\u97f3\u8d28\u3002\u6b64\u5916\uff0c\u8fd8\u80fd\u66f4\u597d\u5730\u6291\u5236\u80cc\u666f\u566a\u97f3\u3002<\/p>\n<p><img decoding=\"async\" width=\"640\" height=\"383\" class=\"alignleft size-full wp-image-15836\" src=\"https:\/\/konferenztechnik.de\/wp-content\/uploads\/2020\/03\/videokonferenz-mikrofone-mieten.jpg\" alt=\"\u79df\u8d41\u89c6\u9891\u4f1a\u8bae\u9ea6\u514b\u98ce\" title=\"\" srcset=\"https:\/\/konferenztechnik.de\/wp-content\/uploads\/2020\/03\/videokonferenz-mikrofone-mieten.jpg 640w, https:\/\/konferenztechnik.de\/wp-content\/uploads\/2020\/03\/videokonferenz-mikrofone-mieten-300x180.jpg 300w\" sizes=\"(max-width: 640px) 100vw, 640px\" \/><\/p>\n<h2>\u89c6\u9891\u4f1a\u8bae\u548c\u53e3\u8bd1\u5458<\/h2>\n<p>\u6211\u4eec\u7684\u4f1a\u8bae\u7cfb\u7edf\u53ef\u5c06\u540c\u58f0\u4f20\u8bd1\u76f4\u63a5\u96c6\u6210\u5230\u89c6\u9891\u4f1a\u8bae\u4e2d\u3002\u4e0e\u4f1a\u8005\u53ef\u4ee5\u76f4\u63a5\u901a\u8fc7\u684c\u4e0a\u7684\u9ea6\u514b\u98ce\u3001\u4f1a\u8bae\u63a5\u6536\u5668\uff08\u5e26\u8033\u673a\uff09\u6216\u516c\u5171\u5e7f\u64ad\u7cfb\u7edf\uff08\u7528\u4e8e\u4ea4\u66ff\u4f20\u8bd1\uff09\u6536\u542c\u7ffb\u8bd1\u3002\u53e3\u8bd1\u5458\u53ef\u4ee5\u76f4\u63a5\u5728\u73b0\u573a\u7684\u53e3\u8bd1\u95f4\u5de5\u4f5c\uff0c\u4e5f\u53ef\u4ee5\u901a\u8fc7\u8fdc\u7a0b\u53e3\u8bd1\uff0c\u5373\u901a\u8fc7\u4e92\u8054\u7f51\u8fde\u63a5\u3002<\/p>\n<p><img decoding=\"async\" width=\"531\" height=\"383\" class=\"alignleft size-full wp-image-15841\" src=\"https:\/\/konferenztechnik.de\/wp-content\/uploads\/2020\/03\/videokonferenz-dolmetscher.jpg\" alt=\"\u914d\u5907\u53e3\u8bd1\u5458\u7684\u89c6\u9891\u4f1a\u8bae\" title=\"\" srcset=\"https:\/\/konferenztechnik.de\/wp-content\/uploads\/2020\/03\/videokonferenz-dolmetscher.jpg 531w, https:\/\/konferenztechnik.de\/wp-content\/uploads\/2020\/03\/videokonferenz-dolmetscher-300x216.jpg 300w\" sizes=\"(max-width: 531px) 100vw, 531px\" \/><\/p>\n<h2>\u89c6\u9891\u4f1a\u8bae \u2013 \u8bf7\u6ce8\u610f\uff01<\/h2>\n<p>\u73b0\u6709\u7684\u5bbd\u5e26\u4e92\u8054\u7f51\u8fde\u63a5\u548c\u8d35\u516c\u53f8 IT \u90e8\u95e8\u5bf9\u6211\u4eec\u7cfb\u7edf\u7ebf\u8def\u7684\u6279\u51c6\/\u914d\u7f6e\u662f\u7cfb\u7edf\u8fd0\u884c\u7684\u5148\u51b3\u6761\u4ef6\u3002\u6211\u4eec\u5f88\u4e50\u610f\u4e3a\u60a8\u63d0\u4f9b\u5efa\u8bae\uff0c\u5e76\u63d0\u524d\u6f84\u6e05\u6240\u6709\u95ee\u9898\u3002<\/p>","protected":false},"excerpt":{"rendered":"<p>Videokonferenz mieten &#8211; Virtuelle Konferenzen weltweit Schnelle und flexible Kommunikation weltweit. Mitarbeiter vernetzen, virtuelle Meetings und Konferenzen Jetzt anfragen \u203a Wir sind Anbieter f\u00fcr Technik f\u00fcr Ihre Videokonferenz. Mieten Sie bei PCS Konferenztechnik das passende System f\u00fcr Ihre Videokonferenz. Suchen Sie sich das Setup ganz nach Ihren Vorstellungen und der Gr\u00f6\u00dfe Ihres Meetings\/Ihrer Konferenz aus. [&hellip;]<\/p>","protected":false},"author":1,"featured_media":45482,"parent":0,"menu_order":0,"comment_status":"closed","ping_status":"closed","template":"","meta":{"_acf_changed":false,"footnotes":""},"class_list":["post-15768","page","type-page","status-publish","has-post-thumbnail","hentry"],"acf":[],"_links":{"self":[{"href":"https:\/\/konferenztechnik.de\/zh\/wp-json\/wp\/v2\/pages\/15768","targetHints":{"allow":["GET"]}}],"collection":[{"href":"https:\/\/konferenztechnik.de\/zh\/wp-json\/wp\/v2\/pages"}],"about":[{"href":"https:\/\/konferenztechnik.de\/zh\/wp-json\/wp\/v2\/types\/page"}],"author":[{"embeddable":true,"href":"https:\/\/konferenztechnik.de\/zh\/wp-json\/wp\/v2\/users\/1"}],"replies":[{"embeddable":true,"href":"https:\/\/konferenztechnik.de\/zh\/wp-json\/wp\/v2\/comments?post=15768"}],"version-history":[{"count":0,"href":"https:\/\/konferenztechnik.de\/zh\/wp-json\/wp\/v2\/pages\/15768\/revisions"}],"wp:featuredmedia":[{"embeddable":true,"href":"https:\/\/konferenztechnik.de\/zh\/wp-json\/wp\/v2\/media\/45482"}],"wp:attachment":[{"href":"https:\/\/konferenztechnik.de\/zh\/wp-json\/wp\/v2\/media?parent=15768"}],"curies":[{"name":"wp","href":"https:\/\/api.w.org\/{rel}","templated":true}]}}