{"id":17853,"date":"2021-06-14T09:30:57","date_gmt":"2021-06-14T08:30:57","guid":{"rendered":"https:\/\/www.konferenztechnik.de\/?page_id=17853"},"modified":"2023-08-28T15:36:42","modified_gmt":"2023-08-28T13:36:42","slug":"%e6%b4%bb%e5%8a%a8%e6%8a%80%e6%9c%af%e4%b8%93%e5%ae%b6%e5%9f%b9%e8%ae%ad","status":"publish","type":"page","link":"https:\/\/konferenztechnik.de\/zh\/%e6%b4%bb%e5%8a%a8%e6%8a%80%e6%9c%af%e4%b8%93%e5%ae%b6%e5%9f%b9%e8%ae%ad\/","title":{"rendered":"\u6d3b\u52a8\u6280\u672f\u4e13\u5bb6\u57f9\u8bad"},"content":{"rendered":"<h1><b>\u5b66\u5f92\u6d3b\u52a8\u6280\u672f\u4e13\u5bb6\uff08\u7537\u5973\u4e0d\u9650\uff09<\/b><\/h1>\n<p><img decoding=\"async\" src=\"https:\/\/konferenztechnik.de\/wp-content\/uploads\/2021\/06\/ausbildung-veranstaltungstechnik-2021-1.jpg\" alt=\"\u57f9\u8bad-\u4e13\u9898-\u6d3b\u52a8-\u6280\u672f-2021\" class=\"alignleft size-full wp-image-17893\" title=\"\"><br \/>\n[column size=\"3-4\u2033 last=\"0\u2033]<br \/>\n[callout add_button=\"no\" button_text=\"\u4e86\u89e3\u66f4\u591a\u4fe1\u606f\" button_url=\"#\" button_color=\"#a62055\u2033]<\/p>\n<h4><strong>2021 \u5e74\u7684\u5b66\u5f92\u540d\u989d\u5df2\u5168\u90e8\u62db\u6ee1\u3002\u611f\u8c22\u60a8\u7684\u8e0a\u8dc3\u62a5\u540d\uff01<\/strong><\/h4>\n<p>[\/callout]<\/p>\n<p>\u6211\u4eec\u5c06\u4e8e 2022 \u57f9\u8bad\u5e74\u5728\u6155\u5c3c\u9ed1\u63d0\u4f9b\u6d3b\u52a8\u6280\u672f\u4e13\u5bb6\u5b66\u5f92\u57f9\u8bad\u3002\u60a8\u53ef\u4ee5\u671f\u5f85\u5728\u4e00\u5bb6\u62e5\u6709\u4ee4\u4eba\u5174\u594b\u7684\u6d3b\u52a8\u3001\u4f18\u79c0\u7684\u56e2\u961f\u548c\u5de5\u4f5c\u4e50\u8da3\u7684\u8001\u724c\u516c\u53f8\u4e2d\u8fdb\u884c\u4e30\u5bcc\u591a\u5f69\u7684\u5b9e\u4e60\u3002<\/p>\n<h2><b>\u5173\u4e8e\u6211\u4eec<\/b><\/h2>\n<p>\u81ea 1995 \u5e74\u4ee5\u6765\uff0cPCS \u4e00\u76f4\u5728\u7ec4\u7ec7\u5404\u79cd\u4f1a\u8bae\u548c\u6d3b\u52a8 \u2013\uff0c\u65e0\u8bba\u662f\u4f20\u7edf\u4f1a\u8bae\u3001\u6570\u5b57\u4f1a\u8bae\u8fd8\u662f\u6df7\u5408\u4f1a\u8bae\u3002\u51ed\u501f\u591a\u5e74\u7684\u7ecf\u9a8c\uff0c\u6211\u4eec\u6210\u529f\u4e3e\u529e\u4e86\u5404\u79cd\u6d3b\u52a8\u3002\u6211\u4eec\u63d0\u4f9b\u4f1a\u8bae\u548c\u89c6\u542c\u5a92\u4f53\u6280\u672f\u7684\u79df\u8d41\u3001\u5206\u9500\u3001\u5b89\u88c5\u548c\u652f\u6301\uff0c\u662f\u540c\u58f0\u4f20\u8bd1\u548c\u8fdc\u7a0b\u53e3\u8bd1\u6280\u672f\u9886\u57df\u7684\u5e02\u573a\u9886\u5bfc\u8005\u4e4b\u4e00\u3002\u6211\u4eec\u5728\u5404\u5730\u8bbe\u6709\u53e3\u8bd1\u5de5\u4f5c\u5ba4\uff0c\u5e76\u53ef\u5b9e\u73b0\u6570\u5b57\u548c\u6df7\u5408\u6d3b\u52a8\u3002<\/p>\n<h2><b>\u804c\u4f4d\u63cf\u8ff0<\/b><\/h2>\n<p>\u6d3b\u52a8\u6280\u672f\u4e13\u5bb6\u7684\u5de5\u4f5c\u591a\u79cd\u591a\u6837\u3002\u4f60\u9700\u8981\u7ecf\u5e38\u51fa\u5dee\uff0c\u5728\u5404\u79cd\u4ee4\u4eba\u5174\u594b\u7684\u5730\u70b9\u5de5\u4f5c\uff0c\u5e76\u7ed3\u8bc6\u5f88\u591a\u4eba\u3002\u60a8\u8fd8\u5c06\u76d1\u7763\u4e0e\u540d\u4eba\u3001\u827a\u672f\u5bb6\u548c\u516c\u4f17\u4eba\u7269\u4e00\u8d77\u4e3e\u529e\u7684\u6d3b\u52a8\u3002\u5728\u6d3b\u52a8\u4e2d\uff0c\u60a8\u901a\u5e38\u662f\u4e00\u4e2a\u5927\u56e2\u961f\u7684\u6210\u5458\uff0c\u5927\u5bb6\u9f50\u5fc3\u534f\u529b\uff0c\u5171\u540c\u5b8c\u6210\u6d3b\u52a8\u3002\u8fd9\u9879\u5de5\u4f5c\u8fd8\u5305\u62ec\u4ee5\u4e0b\u6d3b\u52a8\uff1a\u89c4\u5212\u6d3b\u52a8\u4e2d\u6280\u672f\u8bbe\u5907\u7684\u4f7f\u7528\u3001\u5b89\u88c5\u3001\u64cd\u4f5c\u4ee5\u53ca\u76d1\u7763\u4f1a\u8bae\u548c\u6d3b\u52a8\u7684\u7ec4\u7ec7\u3002\u60a8\u5c06\u5236\u5b9a\u6280\u672f\u6982\u5ff5\uff0c\u9009\u62e9\u5408\u9002\u7684\u6d3b\u52a8\u6280\u672f\u7ec4\u4ef6\u3002\u8fd9\u5305\u62ec\u97f3\u9891\u3001\u89c6\u9891\u3001\u706f\u5149\u548c\u6d41\u5a92\u4f53\u6280\u672f\u3002\u4e3a\u5ba2\u6237\u51c6\u5907\u7cfb\u7edf\uff0c\u5e76\u63d0\u4f9b\u53d1\u8d27\u548c\u9000\u8d27\u652f\u6301\u3002\u60a8\u662f\u5ba2\u6237\u7684\u6280\u672f\u8054\u7cfb\u4eba\uff0c\u5728\u6d3b\u52a8\u4e4b\u524d\u3001\u671f\u95f4\u548c\u4e4b\u540e\u63d0\u4f9b\u6280\u672f\u652f\u6301\u3002\u6bcf\u5929\u7684\u5de5\u4f5c\u4efb\u52a1\u5404\u4e0d\u76f8\u540c\u3002<\/p>\n<h2><b>\u57f9\u8bad\u5185\u5bb9\uff08\u6458\u5f55\uff09<\/b><\/h2>\n<p>[list icon=\"moon-checkmark\" color=\"#a62055\u2033]\u6211\u4eec\u4e13\u6ce8\u4e8e\u4f1a\u8bae\u3001\u540c\u58f0\u4f20\u8bd1\u3001\u97f3\u9891\u548c\u6df7\u5408\u6d3b\u52a8\u6280\u672f[\/list]<br \/>\n[list icon=\"moon-checkmark\" color=\"#a62055\u2033]\u5b89\u88c5\u548c\u62c6\u5378\u58f0\u97f3\u3001\u56fe\u50cf\u3001\u6d41\u5a92\u4f53\u548c\u7167\u660e\u6280\u672f[\/list]<br \/>\n[list icon=\"moon-checkmark\" color=\"#a62055\u2033]\u8054\u7f51\u3001\u8bbe\u7f6e\u548c\u8c03\u8bd5\u4f1a\u8bae\u4e0e\u6d3b\u52a8\u6280\u672f[\/list]<br \/>\n[list icon=\"moon-checkmark\" color=\"#a62055\u2033]\u8bbe\u8ba1\u6280\u672f\u6d3b\u52a8\u7cfb\u7edf\u548c\u6d41\u7a0b[\/list]<br \/>\n[list icon=\"moon-checkmark\" color=\"#a62055\u2033]\u5728\u6392\u7ec3\u548c\u6d3b\u52a8\u4e2d\u64cd\u4f5c\u8fd9\u4e9b\u6280\u672f\u7cfb\u7edf[\/list]<br \/>\n[list icon=\"moon-checkmark\" color=\"#a62055\u2033]\u97f3\u9891\u3001\u89c6\u9891\u548c\u7167\u660e\u6280\u672f[\/list]<br \/>\n[list icon=\"moon-checkmark\" color=\"#a62055\u2033]\u89c4\u5212\u548c\u5b9e\u65bd\u9879\u76ee[\/list]<br \/>\n[list icon=\"moon-checkmark\" color=\"#a62055\u2033]\u516c\u53f8\u5185\u90e8\u4ee5\u53ca\u4e0e\u5ba2\u6237\u7684\u6c9f\u901a\u7ba1\u7406[\/list]<\/p>\n<p>[spacer size=\"20\u2033]<\/p>\n<h2><b>\u57f9\u8bad\u65f6\u95f4<\/b><\/h2>\n<p>\u6d3b\u52a8\u6280\u672f\u4e13\u5bb6\u662f\u4e00\u79cd\u516c\u8ba4\u7684\u57f9\u8bad\u804c\u4e1a\uff0c\u9700\u8981 3 \u5e74\u624d\u80fd\u5b8c\u6210\u3002<\/p>\n<h2><b>\u60a8\u7684\u4f18\u52bf\u548c\u5174\u8da3<\/b><\/h2>\n<p>[list icon=\"moon-checkmark\" color=\"#a62055\u2033]\u4f60\u559c\u6b22\u56e2\u961f\u5de5\u4f5c[\/list]<br \/>\n[list icon=\"moon-checkmark\" color=\"#a62055\u2033]\u4f60\u4e50\u4e8e\u63a5\u53d7\u65b0\u4e8b\u7269[\/list]<br \/>\n[list icon=\"moon-checkmark\" color=\"#a62055\u2033]\u60a8\u5bf9\u6280\u672f\u6709\u5f88\u597d\u7684\u7406\u89e3[\/list]<br \/>\n[list icon=\"moon-checkmark\" color=\"#a62055\u2033]\u60a8\u662f\u4e00\u4f4d\u624d\u534e\u6a2a\u6ea2\u7684\u7ec4\u7ec7\u8005[\/list]<br \/>\n[list icon=\"moon-checkmark\" color=\"#a62055\u2033]\u4f60\u6709\u4e00\u5b9a\u7684\u624b\u90e8\u7075\u6d3b\u6027[\/list]<br \/>\n[list icon=\"moon-checkmark\" color=\"#a62055\u2033]\u4f60\u5728\u5b66\u6821\u559c\u6b22\u7269\u7406\u3001\u6570\u5b66\u3001\u8ba1\u7b97\u673a\u79d1\u5b66\u3001\u82f1\u8bed\u548c\u5fb7\u8bed[\/list]<br \/>\n[list icon=\"moon-checkmark\" color=\"#a62055\u2033]\u60a8\u613f\u610f\u63a5\u53d7\u7075\u6d3b\u7684\u5de5\u4f5c\u65f6\u95f4[\/list]<\/p>\n<p>[spacer size=\"20\u2033]<\/p>\n<h2><b>\u5148\u51b3\u6761\u4ef6<\/b><\/h2>\n<p>[list icon=\"moon-checkmark\" color=\"#a62055\u2033]\u6700\u4f4e\u5e74\u9f84 18 \u5c81[\/list]<br \/>\n[list icon=\"moon-checkmark\" color=\"#a62055\u2033]Abitur\u3001\u975e\u5e38\u4f18\u79c0\u7684 MSA \u6216\u6280\u672f\u4e13\u4e1a\u7684\u4e13\u4e1a\u7ecf\u9a8c[\/list]<br \/>\n[list\u56fe\u6807=\"moon-checkmark\" color=\"#a62055\u2033]B\u7ea7\u9a7e\u9a76\u6267\u7167\u6216\u51c6\u8003\u5b8c\u6210[\/list]<\/p>\n<p>[spacer size=\"20\u2033]<\/p>\n<p>\u5982\u679c\u60a8\u5bf9\u6b64\u611f\u5174\u8da3\uff0c\u4e3a\u4ec0\u4e48\u4e0d\u5411\u6211\u4eec\u7533\u8bf7\u6d3b\u52a8\u6280\u672f\u4e13\u5bb6\u5b66\u5f92\u804c\u4f4d\u5462\uff1f\u6211\u4eec\u5c06\u5728\u67cf\u6797\u514b\u7f57\u4f0a\u8328\u8d1d\u683c\u4e2d\u5fc3\u7684\u4e00\u4e2a\u4f18\u79c0\u56e2\u961f\u4e2d\u4e3a\u60a8\u63d0\u4f9b\u591a\u6837\u5316\u7684\u5b9e\u4e60\u673a\u4f1a\u3002<\/p>\n<p>\u60a8\u7684\u8054\u7cfb\u4eba\u662f Gunnar Hermenau<\/p>\n<p>\u8bf7\u5c06\u7533\u8bf7\u6750\u6599\u901a\u8fc7\u7535\u5b50\u90ae\u4ef6\u53d1\u9001\u81f3 <a href=\"mailto:hermenau@konferenztechnik.de\" onclick=\"ga('send', 'event', 'Email-Klick', 'Kontakt Bewerbung');\"><b>hermenau@konferenztechnik.de<\/b><\/a> \u5230\u3002<\/p>\n<p>\u5982\u679c\u60a8\u6709\u4efb\u4f55\u95ee\u9898\uff0c\u8bf7\u4e0e\u6211\u4eec\u8054\u7cfb\uff0c\u6211\u4eec\u671f\u5f85\u60a8\u7684\u6765\u4fe1\uff01<\/p>\n<p>[\/column]<br \/>\n[column size=\"1-4\u2033 last=\"1\u2033]<\/p>\n<div class=\"box1-4\" style=\"margin-bottom: 0!important\">\n<b><span class=\"pcs-color\">\u60a8\u7684\u8054\u7cfb\u4eba<\/span><\/b><br \/>\n<img fetchpriority=\"high\" decoding=\"async\" width=\"800\" height=\"533\" src=\"https:\/\/konferenztechnik.de\/wp-content\/uploads\/2013\/09\/gunnar_hermenau_pcs-gmbh.jpg\" alt=\"\" class=\"alignleft size-full wp-image-2301\" title=\"\" srcset=\"https:\/\/konferenztechnik.de\/wp-content\/uploads\/2013\/09\/gunnar_hermenau_pcs-gmbh.jpg 800w, https:\/\/konferenztechnik.de\/wp-content\/uploads\/2013\/09\/gunnar_hermenau_pcs-gmbh-300x200.jpg 300w, https:\/\/konferenztechnik.de\/wp-content\/uploads\/2013\/09\/gunnar_hermenau_pcs-gmbh-768x512.jpg 768w\" sizes=\"(max-width: 800px) 100vw, 800px\" \/><br \/>\n<b>\u53e4\u7eb3\u5c14-\u8d6b\u5c14\u6885\u7459<\/b><br \/>\n\u8bf7\u968f\u65f6\u7ed9\u6211\u6253\u7535\u8bdd<br \/>\n<a href=\"tel:+49 30 6959690 14\"><b>030 6959690 14<\/b><\/a><br \/>\n\u8bf7\u5c06\u7533\u8bf7\u5bc4\u5f80<br \/>\n<span class=\"volleansicht\"><a href=\"mailto:hermenau@konferenztechnik.de\" onclick=\"ga('send', 'event', 'Email-Klick', 'Kontakt Beweerbung');\"><b>hermenau@konferenztechnik.de<\/b><\/a><br \/>\n<\/span><br \/>\n<span class=\"mobileansicht\"><a href=\"mailto:hermenau@konferenztechnik.de\" onclick=\"ga('send', 'event', 'Email-Klick', 'Kontakt Bewerbung');\">\u5199\u9053<\/a><br \/>\n<\/span><\/p>\n<p>\u8bf7\u901a\u8fc7\u7535\u5b50\u90ae\u4ef6\u53d1\u9001\u7533\u8bf7\u3002<\/br><br \/>\n\u5982\u679c\u60a8\u6709\u4efb\u4f55\u95ee\u9898\uff0c\u8bf7\u4e0e\u6211\u8054\u7cfb\u3002<\/div>\n<p>[\/column]<\/p>","protected":false},"excerpt":{"rendered":"<p>Ausbildung Fachkraft Veranstaltungstechnik (m\/w\/d) [column size=&#8220;3-4&#8243; last=&#8220;0&#8243;] [callout add_button=&#8220;no&#8220; button_text=&#8220;Learn More&#8220; button_url=&#8220;#&#8220; button_color=&#8220;#a62055&#8243;] Alle Ausbildungspl\u00e4tze f\u00fcr 2021 sind vergeben. Danke f\u00fcr eure zahlreichen Bewerbungen! [\/callout] Wir bieten f\u00fcr das Ausbildungsjahr 2021 eine Ausbildung zur Fachkraft f\u00fcr Veranstaltungstechnik an unserem Standort Berlin an. Dich erwartet eine vielseitige Ausbildung in einem etablierten Unternehmen mit spannenden T\u00e4tigkeiten, einem [&hellip;]<\/p>","protected":false},"author":1,"featured_media":45482,"parent":0,"menu_order":0,"comment_status":"closed","ping_status":"closed","template":"","meta":{"_acf_changed":false,"footnotes":""},"class_list":["post-17853","page","type-page","status-publish","has-post-thumbnail","hentry"],"acf":[],"_links":{"self":[{"href":"https:\/\/konferenztechnik.de\/zh\/wp-json\/wp\/v2\/pages\/17853","targetHints":{"allow":["GET"]}}],"collection":[{"href":"https:\/\/konferenztechnik.de\/zh\/wp-json\/wp\/v2\/pages"}],"about":[{"href":"https:\/\/konferenztechnik.de\/zh\/wp-json\/wp\/v2\/types\/page"}],"author":[{"embeddable":true,"href":"https:\/\/konferenztechnik.de\/zh\/wp-json\/wp\/v2\/users\/1"}],"replies":[{"embeddable":true,"href":"https:\/\/konferenztechnik.de\/zh\/wp-json\/wp\/v2\/comments?post=17853"}],"version-history":[{"count":0,"href":"https:\/\/konferenztechnik.de\/zh\/wp-json\/wp\/v2\/pages\/17853\/revisions"}],"wp:featuredmedia":[{"embeddable":true,"href":"https:\/\/konferenztechnik.de\/zh\/wp-json\/wp\/v2\/media\/45482"}],"wp:attachment":[{"href":"https:\/\/konferenztechnik.de\/zh\/wp-json\/wp\/v2\/media?parent=17853"}],"curies":[{"name":"wp","href":"https:\/\/api.w.org\/{rel}","templated":true}]}}