{"id":1807,"date":"2013-09-05T11:26:39","date_gmt":"2013-09-05T09:26:39","guid":{"rendered":"https:\/\/konferenztechnik.de\/?page_id=1807"},"modified":"2013-09-05T11:26:39","modified_gmt":"2013-09-05T09:26:39","slug":"%e5%af%bc%e5%90%91%e7%b3%bb%e7%bb%9f-2","status":"publish","type":"page","link":"https:\/\/konferenztechnik.de\/zh\/%e4%bc%9a%e8%ae%ae%e8%ae%be%e5%a4%87%e7%a7%9f%e8%b5%81\/%e5%af%bc%e5%90%91%e7%b3%bb%e7%bb%9f-2\/","title":{"rendered":"\u51fa\u79df\u5bfc\u6e38\u7cfb\u7edf\u548c\u5bfc\u6e38\u7cfb\u7edf"},"content":{"rendered":"<h1>\u51fa\u79df\u5bfc\u6e38\u7cfb\u7edf\u548c\u5bfc\u6e38\u7cfb\u7edf<\/h1>\n<p>\u65e0\u7ebf\u5bfc\u6e38\u7cfb\u7edf\u53ef\u7528\u4e8e\u5546\u54c1\u4ea4\u6613\u4f1a\u3001\u535a\u7269\u9986\u3001\u516c\u5171\u573a\u6240\u6216\u5de5\u5382\u8f66\u95f4\u7684\u5bfc\u6e38\u8bb2\u89e3\uff0c\u4ee5\u786e\u4fdd\u8bb2\u89e3\u5458\u4e0e\u89c2\u4f17\u4e4b\u95f4\u7684\u5b8c\u7f8e\u8fde\u63a5\u3002\u53e6\u4e00\u4e2a\u5e94\u7528\u9886\u57df\u662f\u8033\u8bed\u7ffb\u8bd1\u3002 <\/p>\n<p>\u901a\u8fc7\u7075\u6d3b\u7684\u9891\u9053\u9009\u62e9\uff0c\u591a\u4e2a\u5c0f\u7ec4\u53ef\u4ee5\u540c\u65f6\u72ec\u7acb\u53c2\u52a0\u5bfc\u6e38\u6d3b\u52a8\u3002\u5bf9\u4e8e\u4f69\u6234\u52a9\u542c\u5668\u7684\u53c2\u4e0e\u8005\uff0c\u58f0\u97f3\u53ef\u4ee5\u901a\u8fc7\u611f\u5e94\u5708\u76f4\u63a5\u4f20\u5230\u4ed6\u4eec\u81ea\u5df1\u7684\u52a9\u542c\u5668\u4e0a\u3002\u5bfc\u6e38\u7cfb\u7edf\u5c0f\u5de7\u65b9\u4fbf\uff0c\u53ef\u4ee5\u88c5\u5728\u7bb1\u5b50\u91cc\uff0c\u4fbf\u4e8e\u8fd0\u8f93\u3002<\/p>\n<p>[column size=\"1-2\u2033 last=\"0\u2033]<br \/>\n<img decoding=\"async\" src=\"https:\/\/konferenztechnik.de\/wp-content\/uploads\/2013\/09\/Holz-Pichler-2-Synexis_01-1024x683.jpg\" alt=\"\u53c2\u89c2 PCS \u5de5\u5382\" class=\"alignleft size-large wp-image-8451\" title=\"\"><br \/>\n[\/column]<\/p>\n<p>[column size=\"1-2\u2033 last=\"1\u2033]<br \/>\n<img decoding=\"async\" src=\"https:\/\/konferenztechnik.de\/wp-content\/uploads\/2013\/09\/Synexis-Werksfuehrung-1024x683.jpg\" alt=\"synexis\u5de5\u5382\u7ba1\u7406\" class=\"alignleft size-large wp-image-8447\" title=\"\"><br \/>\n[\/column]<\/p>\n<p>\u5728 PCS\uff0c\u6211\u4eec\u4f7f\u7528\u4ee5\u4e0b\u5bfc\u6e38\u7cfb\u7edf\u7b49\uff1a<\/p>\n<h2>\u68ee\u6d77\u585e\u5c14 Tourguide 2020<\/h2>\n<p>[column size=\"1-2\u2033 last=\"0\u2033]<br \/>\n<img fetchpriority=\"high\" decoding=\"async\" src=\"https:\/\/konferenztechnik.de\/wp-content\/uploads\/2015\/01\/tourguide.jpg\" alt=\"\u68ee\u6d77\u585e\u5c14 Tourguide SKM 2020\" width=\"320\" height=\"322\" class=\"alignleft size-full wp-image-4898\" title=\"\" srcset=\"https:\/\/konferenztechnik.de\/wp-content\/uploads\/2015\/01\/tourguide.jpg 320w, https:\/\/konferenztechnik.de\/wp-content\/uploads\/2015\/01\/tourguide-298x300.jpg 298w, https:\/\/konferenztechnik.de\/wp-content\/uploads\/2015\/01\/tourguide-150x150.jpg 150w\" sizes=\"(max-width: 320px) 100vw, 320px\" \/><br \/>\n[\/column]<\/p>\n<p>[column size=\"1-2\u2033 last=\"1\u2033]<br \/>\n\u8fd9\u79cd\u7cfb\u7edf\u7684\u4f18\u70b9\u662f\u63a5\u6536\u5668\u76f4\u63a5\u96c6\u6210\u5230\u63a5\u6536\u5668\u4e2d\uff0c\u4ece\u800c\u4e0e\u8033\u673a\u5f62\u6210\u4e00\u4e2a\u6574\u4f53\u3002\u8fd9\u4e5f\u65b9\u4fbf\u4e86\u8bbe\u5907\u7684\u5206\u53d1\u548c\u5f52\u8fd8\u3002\u4e0d\u8fc7\uff0c\u8fd9\u79cd\u7cfb\u7edf\u5728\u957f\u65f6\u95f4\u4f69\u6234\u65f6\u7684\u8212\u9002\u5ea6\u7a0d\u5dee\u3002<\/p>\n<p>\u8fd9\u4e9b\u7cfb\u7edf\u53ef\u5728 863-865 \u5146\u8d6b\u7684\u514d\u8d39\u9891\u6bb5\u4e0a\u540c\u65f6\u63d0\u4f9b\u591a\u8fbe\u516d\u4e2a\u4f20\u8f93\u901a\u9053\u3002<\/p>\n<p>\u8fd9\u6837\u5c31\u53ef\u4ee5\u8f7b\u677e\u5730\u540c\u65f6\u7ba1\u7406\u591a\u4e2a\u7fa4\u7ec4\u3002<br \/>\n[\/column]<\/p>\n<h2>\u62dc\u4e9a\u52a8\u529b Synexis<\/h2>\n<p>[column size=\"1-2\u2033 last=\"0\u2033]<br \/>\n<img decoding=\"async\" width=\"2560\" height=\"1697\" src=\"https:\/\/konferenztechnik.de\/wp-content\/uploads\/2013\/09\/Synexis-C20-Charger-Group_01-scaled-1.jpg\" alt=\"\u62dc\u4e9a\u52a8\u529b Synexis Tourguide\" class=\"alignleft size-full wp-image-8435\" title=\"\" srcset=\"https:\/\/konferenztechnik.de\/wp-content\/uploads\/2013\/09\/Synexis-C20-Charger-Group_01-scaled-1.jpg 2560w, https:\/\/konferenztechnik.de\/wp-content\/uploads\/2013\/09\/Synexis-C20-Charger-Group_01-scaled-1-300x199.jpg 300w, https:\/\/konferenztechnik.de\/wp-content\/uploads\/2013\/09\/Synexis-C20-Charger-Group_01-scaled-1-1024x679.jpg 1024w, https:\/\/konferenztechnik.de\/wp-content\/uploads\/2013\/09\/Synexis-C20-Charger-Group_01-scaled-1-768x509.jpg 768w, https:\/\/konferenztechnik.de\/wp-content\/uploads\/2013\/09\/Synexis-C20-Charger-Group_01-scaled-1-1536x1018.jpg 1536w, https:\/\/konferenztechnik.de\/wp-content\/uploads\/2013\/09\/Synexis-C20-Charger-Group_01-scaled-1-2048x1358.jpg 2048w\" sizes=\"(max-width: 2560px) 100vw, 2560px\" \/><br \/>\n[\/column]<\/p>\n<p>[column size=\"1-2\u2033 last=\"1\u2033]<br \/>\n\u6709\u6548\u6c9f\u901a\u5728\u5f53\u4eca\u4e16\u754c\u53d8\u5f97\u8d8a\u6765\u8d8a\u91cd\u8981\u3002\u53ef\u9760\u7684\u6280\u672f\u662f\u653f\u6cbb\u3001\u5de5\u4e1a\u548c\u516c\u5171\u673a\u6784\u4e2d\u6240\u6709\u97f3\u9891\u5e94\u7528\u7684\u57fa\u7840\u3002<\/p>\n<p>\u62dc\u4e9a\u52a8\u529b\u516c\u53f8\u7684 Synexis \u65e0\u7ebf\u53e3\u8bd1\u548c\u5bfc\u5f15\u7cfb\u7edf\u4e3a\u60a8\u63d0\u4f9b\u4e86\u4e00\u4e2a\u591a\u529f\u80fd\u3001\u9ad8\u6027\u4ef7\u6bd4\u7684\u89e3\u51b3\u65b9\u6848\uff0c\u6ee1\u8db3\u6700\u82db\u523b\u7684\u8981\u6c42\u3002<\/p>\n<p>\u6700\u591a\u53ef\u540c\u65f6\u4f20\u8f93 18 \u8def\u97f3\u9891\u4fe1\u53f7\u3002Synexis \u53ef\u5b9e\u73b0\u6e05\u6670\u7684\u6f14\u793a\uff0c\u8ba9\u6bcf\u4e2a\u4eba\u5728\u4efb\u4f55\u5730\u65b9\u90fd\u80fd\u542c\u61c2\u3002<br \/>\n[\/column]<\/p>\n<p>[\u6e05\u9664]<\/p>\n<h2>\u62dc\u4e9a\u52a8\u529b TTS 300 <\/h2>\n<p>[column size=\"1-2\u2033 last=\"0\u2033]<br \/>\n<img decoding=\"async\" width=\"800\" height=\"404\" src=\"https:\/\/konferenztechnik.de\/wp-content\/uploads\/2013\/09\/Funkempfaenger_FE316_ohne_KPF_gross1.jpg\" alt=\"\u65e0\u7ebf\u7535\u63a5\u6536\u5668_FE316_\u65e0 KPF_large\" class=\"alignleft size-full wp-image-3021\" title=\"\" srcset=\"https:\/\/konferenztechnik.de\/wp-content\/uploads\/2013\/09\/Funkempfaenger_FE316_ohne_KPF_gross1.jpg 800w, https:\/\/konferenztechnik.de\/wp-content\/uploads\/2013\/09\/Funkempfaenger_FE316_ohne_KPF_gross1-300x152.jpg 300w, https:\/\/konferenztechnik.de\/wp-content\/uploads\/2013\/09\/Funkempfaenger_FE316_ohne_KPF_gross1-768x388.jpg 768w\" sizes=\"(max-width: 800px) 100vw, 800px\" \/><br \/>\n[\/column]<\/p>\n<p>[column size=\"1-2\u2033 last=\"1\u2033]<br \/>\n\u62dc\u4e9a\u52a8\u529b TTS 300 \u7cfb\u7edf\u91c7\u7528\u9ad8\u9891\u6280\u672f\u3002\u65e0\u7ebf\u626c\u58f0\u5668\u9ea6\u514b\u98ce\u4e0e\u63a5\u6536\u5668\u4e4b\u95f4\u7684\u4f20\u8f93\u91c7\u7528\u73b0\u4ee3 UHF \u6ce2\u6bb5\uff08\u9891\u7387\u8303\u56f4 863 \u2013 865 MHz\uff09\u3002<\/p>\n<p>\u53c2\u4e0e\u8005\u4f1a\u5f97\u5230\u4e00\u4e2a\u63a5\u6536\u5668\u548c\u8033\u673a\uff0c\u8fd9\u6837\u4ed6\u4eec\u5c31\u53ef\u4ee5\u6536\u542c\u5230\u6f14\u8bb2\u8005\u6216\u53e3\u8bd1\u5458\u7684\u4f20\u8f93\u9891\u9053\u3002<\/p>\n<p>\u8fd9\u91cc\u63d0\u4f9b\u7684\u7cfb\u7edf\u53ef\u4ee5\u4fdd\u8bc1\u591a\u8fbe 10 \u4e2a\u901a\u9053\u7684\u5e76\u884c\u64cd\u4f5c\u3002\u591a\u8bed\u79cd\u4f7f\u7528\u4e0e\u5206\u6210\u82e5\u5e72\u7ec4\u8fdb\u884c\u5f15\u5bfc\uff08\u4f5c\u4e3a\u5f15\u5bfc\u7cfb\u7edf\u4f7f\u7528\uff09\u4e00\u6837\u7b80\u5355\u3002\u501f\u52a9\u76f8\u5173\u7684\u5145\u7535\u76d2\uff0c\u63a5\u6536\u5668\u53ef\u5728\u5f88\u77ed\u7684\u65f6\u95f4\u5185\u91cd\u590d\u4f7f\u7528\uff08\u5145\u7535\u65f6\u95f4\u7ea6\u4e3a 30 \u5206\u949f\uff09\u3002<br \/>\n[\/column]<\/p>\n<p>[spacer size=\"20\u2033]<\/p>\n<p>[callout add_button=\"no\" button_text=\"\u4e86\u89e3\u66f4\u591a\u4fe1\u606f\" button_url=\"#\" button_color=\"#a62055\u2033]<br \/>\n\u4ece PCS \u79df\u7528\u5168\u5957\u5bfc\u6e38\u7cfb\u7edf\uff0c\u6216\u4ece\u6211\u4eec\u5e7f\u6cdb\u7684\u79df\u8d41\u56ed\u4e2d\u79df\u7528\u8bbe\u5907\uff0c\u7075\u6d3b\u6269\u5c55\u60a8\u7684\u5e93\u5b58\u3002<br \/>\n[\/callout]<\/p>\n<p>[spacer size=\"20\u2033]<br \/>\n[\u6e05\u9664]<\/p>\n<p>[column size=\"1-2\u2033 last=\"0\u2033]<br \/>\n[tabs style=\"2\u2033]<br \/>\n[tab title=\"\u67cf\u6797\"]<br \/>\n<img loading=\"lazy\" decoding=\"async\" width=\"800\" height=\"533\" src=\"https:\/\/konferenztechnik.de\/wp-content\/uploads\/2013\/08\/sonja_tauscher_pcs-gmbh.jpg\" alt=\"Sonja Dannenbring - PCS GmbH\" class=\"alignnone size-full wp-image-4848\" title=\"\" srcset=\"https:\/\/konferenztechnik.de\/wp-content\/uploads\/2013\/08\/sonja_tauscher_pcs-gmbh.jpg 800w, https:\/\/konferenztechnik.de\/wp-content\/uploads\/2013\/08\/sonja_tauscher_pcs-gmbh-300x200.jpg 300w, https:\/\/konferenztechnik.de\/wp-content\/uploads\/2013\/08\/sonja_tauscher_pcs-gmbh-768x512.jpg 768w\" sizes=\"(max-width: 800px) 100vw, 800px\" \/>\u7d22\u5c3c\u5a05-\u4e39\u5357\u5e03\u6797<br \/>\n\u9879\u76ee\u987e\u95ee\u79df\u8d41<br \/>\n\u7535\u8bdd +49 30 6959690 12<br \/>\n<span class=\"volleansicht\">\u7535\u5b50\u90ae\u4ef6 <a href=\"mailto:berlin@konferenztechnik.de\" onclick=\"ga('send', 'event', 'Email-Klick', 'F\u00fchrungsanlagen Dannenbring');\">\u5199\u9053<\/a><br \/><\/span><br \/>\n<span class=\"mobileansicht\">\u7535\u5b50\u90ae\u4ef6 <a href=\"mailto:berlin@konferenztechnik.de\" onclick=\"ga('send', 'event', 'Email-Klick', 'F\u00fchrungsanlagen Dannenbring');\">\u5199\u9053<\/a><br \/><\/span><br \/>\n\u4e8c\u7ef4\u7801 <a href=\"https:\/\/konferenztechnik.de\/wp-content\/uploads\/2013\/08\/qrcode-sonja.png\">&#x9B; \u663e\u793a<\/a><br \/>\n[\/tab]<br \/>\n[\/tabs]<br \/>\n[\/column]<\/p>\n<p>[column size=\"1-2\u2033 last=\"0\u2033]<br \/>\n[tabs style=\"2\u2033]<br \/>\n[tab title=\"\u6155\u5c3c\u9ed1\"]<br \/>\n<img loading=\"lazy\" decoding=\"async\" width=\"800\" height=\"533\" src=\"https:\/\/konferenztechnik.de\/wp-content\/uploads\/2013\/09\/sebastian_gegusch_pcs-gmbh.jpg\" alt=\"Sebastian Gegusch PCS-GmbH\" class=\"alignleft size-full wp-image-3153\" title=\"\" srcset=\"https:\/\/konferenztechnik.de\/wp-content\/uploads\/2013\/09\/sebastian_gegusch_pcs-gmbh.jpg 800w, https:\/\/konferenztechnik.de\/wp-content\/uploads\/2013\/09\/sebastian_gegusch_pcs-gmbh-300x200.jpg 300w, https:\/\/konferenztechnik.de\/wp-content\/uploads\/2013\/09\/sebastian_gegusch_pcs-gmbh-768x512.jpg 768w\" sizes=\"(max-width: 800px) 100vw, 800px\" \/>\u585e\u5df4\u65af\u8482\u5b89-\u683c\u53e4\u65bd<br \/>\n\u9879\u76ee\u7ba1\u7406\u548c\u65f6\u95f4\u5b89\u6392<br \/>\n\u7535\u8bdd +49 89 21553290<br \/>\n<span class=\"volleansicht\">\u7535\u5b50\u90ae\u4ef6 <a href=\"mailto:gegusch@konferenztechnik.de\" onclick=\"ga('send', 'event', 'Email-Klick', 'F\u00fchrungsanlagen Gegusch');\">\u5199\u9053<\/a><br \/><\/span><br \/>\n<span class=\"mobileansicht\">\u7535\u5b50\u90ae\u4ef6 <a href=\"mailto:gegusch@konferenztechnik.de\" onclick=\"ga('send', 'event', 'Email-Klick', 'F\u00fchrungsanlagen Gegusch');\">\u5199\u9053<\/a><br \/><\/span><br \/>\n\u4e8c\u7ef4\u7801 <a href=\"https:\/\/konferenztechnik.de\/wp-content\/uploads\/2013\/09\/sebastian_gegusch_qrcode.png\" title=\"QR \u7801 \u585e\u5df4\u65af\u8482\u5b89-\u683c\u53e4\u65bd\">&#x9B; \u663e\u793a<\/a><br \/>\n[\/tab]<br \/>\n[\/tabs]<br \/>\n[\/column]<\/p>\n<p>[column size=\"1-2\u2033 last=\"0\u2033]<br \/>\n[tabs style=\"2\u2033]<br \/>\n[tab title=\"\u675c\u585e\u5c14\u591a\u592b\"]<br \/>\n<img loading=\"lazy\" decoding=\"async\" width=\"800\" height=\"533\" src=\"https:\/\/konferenztechnik.de\/wp-content\/uploads\/2013\/09\/monika_van_den_boogaard_pcs-gmbh.jpg\" alt=\"monika_van_den_boogaard_pcs-gmbh\" class=\"alignleft size-full wp-image-2312\" title=\"\" srcset=\"https:\/\/konferenztechnik.de\/wp-content\/uploads\/2013\/09\/monika_van_den_boogaard_pcs-gmbh.jpg 800w, https:\/\/konferenztechnik.de\/wp-content\/uploads\/2013\/09\/monika_van_den_boogaard_pcs-gmbh-300x200.jpg 300w, https:\/\/konferenztechnik.de\/wp-content\/uploads\/2013\/09\/monika_van_den_boogaard_pcs-gmbh-768x512.jpg 768w\" sizes=\"(max-width: 800px) 100vw, 800px\" \/><br \/>\n\u83ab\u59ae\u5361-\u8303\u767b\u5e03\u52a0\u5fb7<br \/>\n\u9879\u76ee\u987e\u95ee\u79df\u8d41<br \/>\n\u7535\u8bdd +49 211 737798 10<br \/>\n<span class=\"volleansicht\">\u7535\u5b50\u90ae\u4ef6 <a href=\"mailto:vandenboogaard@konferenztechnik.de\" onclick=\"ga('send', 'event', 'Email-Klick', 'F\u00fchrungsanlagen Boogaard');\">\u5199\u9053<\/a><br \/><\/span><br \/>\n<span class=\"mobileansicht\">\u7535\u5b50\u90ae\u4ef6 <a href=\"mailto:vandenboogaard@konferenztechnik.de\" onclick=\"ga('send', 'event', 'Email-Klick', 'F\u00fchrungsanlagen Boogaard');\">\u5199\u9053<\/a><br \/><\/span><br \/>\n\u4e8c\u7ef4\u7801 <a href=\"https:\/\/konferenztechnik.de\/wp-content\/uploads\/2013\/09\/monika_van_den_boogaard_qrcode.png\" title=\"QR \u7801 Monika van den Boogaard\">&#x9B; \u663e\u793a<\/a><br \/>\n[\/tab]<br \/>\n[\/tabs]<br \/>\n[\/column]<\/p>\n<p>[column size=\"1-4\u2033 last=\"1\u2033]<br \/>\n[tabs style=\"2\u2033]<br \/>\n[tabs style=\"2\u2033]<br \/>\n[tab title=\"\u6d77\u5c14\u5e03\u9686\"]<br \/>\n<img loading=\"lazy\" decoding=\"async\" width=\"800\" height=\"533\" src=\"https:\/\/konferenztechnik.de\/wp-content\/uploads\/2013\/08\/viola-eberhardt-pcs-gmbh.jpg\" alt=\"Viola Eberhardt PCS GmbH\" class=\"alignleft size-full wp-image-5950\" title=\"\" srcset=\"https:\/\/konferenztechnik.de\/wp-content\/uploads\/2013\/08\/viola-eberhardt-pcs-gmbh.jpg 800w, https:\/\/konferenztechnik.de\/wp-content\/uploads\/2013\/08\/viola-eberhardt-pcs-gmbh-300x200.jpg 300w, https:\/\/konferenztechnik.de\/wp-content\/uploads\/2013\/08\/viola-eberhardt-pcs-gmbh-768x512.jpg 768w\" sizes=\"(max-width: 800px) 100vw, 800px\" \/><br \/>\n\u7ef4\u5965\u62c9-\u57c3\u4f2f\u54c8\u7279<br \/>\n\u9879\u76ee\u7ba1\u7406\u548c\u65f6\u95f4\u5b89\u6392<br \/>\n\u7535\u8bdd +49 7131 278010 11<br \/>\n<span class=\"volleansicht\">\u7535\u5b50\u90ae\u4ef6 <a href=\"mailto:eberhardt@konferenztechnik.de\" onclick=\"ga('send', 'event', 'Email-Klick', 'F\u00fchrungsanlagen Eberhardt');\">\u5199\u9053<\/a><br \/><\/span><br \/>\n<span class=\"mobileansicht\">\u7535\u5b50\u90ae\u4ef6 <a href=\"mailto:eberhardt@konferenztechnik.de\" onclick=\"ga('send', 'event', 'Email-Klick', 'F\u00fchrungsanlagen Eberhardt');\">\u5199\u9053<\/a><br \/><\/span><br \/>\n\u4e8c\u7ef4\u7801 <a href=\"https:\/\/konferenztechnik.de\/wp-content\/uploads\/2013\/08\/viola-eberhardt-qr-code.png\" rel=\"attachment wp-att-5951\">\u663e\u793a \u203a<\/a><br \/>\n[\/tab]<br \/>\n[\/tabs]<br \/>\n[\/column]<\/p>","protected":false},"excerpt":{"rendered":"<p>F\u00fchrungsanlagen und Tourguide-Systeme mieten Drahtlose Personen-F\u00fchrungsanlagen oder auch Tourguide-Systeme werden bei F\u00fchrungen auf Messen, in Museen, im \u00f6ffentlichen Raum oder in Fabrikhallen eingesetzt, um eine einwandfreie Verbindung vom Redner zur Gruppe zu gew\u00e4hrleisten. Ein weitereres Einsatzgebiet ist das Fl\u00fcsterdolmetschen. Durch die flexible Kanalauswahl k\u00f6nnen mehrere Gruppen gleichzeitig unabh\u00e4ngig voneinander an F\u00fchrungen teilnehmen. Bei Teilnehmern mit [&hellip;]<\/p>","protected":false},"author":1,"featured_media":45482,"parent":3618,"menu_order":159,"comment_status":"closed","ping_status":"open","template":"","meta":{"_acf_changed":false,"footnotes":""},"class_list":["post-1807","page","type-page","status-publish","has-post-thumbnail","hentry"],"acf":[],"_links":{"self":[{"href":"https:\/\/konferenztechnik.de\/zh\/wp-json\/wp\/v2\/pages\/1807","targetHints":{"allow":["GET"]}}],"collection":[{"href":"https:\/\/konferenztechnik.de\/zh\/wp-json\/wp\/v2\/pages"}],"about":[{"href":"https:\/\/konferenztechnik.de\/zh\/wp-json\/wp\/v2\/types\/page"}],"author":[{"embeddable":true,"href":"https:\/\/konferenztechnik.de\/zh\/wp-json\/wp\/v2\/users\/1"}],"replies":[{"embeddable":true,"href":"https:\/\/konferenztechnik.de\/zh\/wp-json\/wp\/v2\/comments?post=1807"}],"version-history":[{"count":0,"href":"https:\/\/konferenztechnik.de\/zh\/wp-json\/wp\/v2\/pages\/1807\/revisions"}],"up":[{"embeddable":true,"href":"https:\/\/konferenztechnik.de\/zh\/wp-json\/wp\/v2\/pages\/3618"}],"wp:featuredmedia":[{"embeddable":true,"href":"https:\/\/konferenztechnik.de\/zh\/wp-json\/wp\/v2\/media\/45482"}],"wp:attachment":[{"href":"https:\/\/konferenztechnik.de\/zh\/wp-json\/wp\/v2\/media?parent=1807"}],"curies":[{"name":"wp","href":"https:\/\/api.w.org\/{rel}","templated":true}]}}