{"id":1813,"date":"2013-09-05T11:30:23","date_gmt":"2013-09-05T09:30:23","guid":{"rendered":"https:\/\/konferenztechnik.de\/?page_id=1813"},"modified":"2023-06-29T14:15:16","modified_gmt":"2023-06-29T12:15:16","slug":"av-%e6%8a%80%e6%9c%af-%e9%ba%a6%e5%85%8b%e9%a3%8e-%e9%9f%b3%e5%93%8d%e7%b3%bb%e7%bb%9f-%e6%8a%95%e5%bd%b1%e6%9c%ba","status":"publish","type":"page","link":"https:\/\/konferenztechnik.de\/zh\/%e4%bc%9a%e8%ae%ae%e8%ae%be%e5%a4%87%e7%a7%9f%e8%b5%81\/av-%e6%8a%80%e6%9c%af-%e9%ba%a6%e5%85%8b%e9%a3%8e-%e9%9f%b3%e5%93%8d%e7%b3%bb%e7%bb%9f-%e6%8a%95%e5%bd%b1%e6%9c%ba\/","title":{"rendered":"\u89c6\u542c\u6280\u672f\uff1a\u9ea6\u514b\u98ce\u3001\u97f3\u54cd\u7cfb\u7edf\u3001\u6295\u5f71\u4eea"},"content":{"rendered":"<h1>\u89c6\u542c\u6280\u672f\uff1a\u9ea6\u514b\u98ce\u3001\u97f3\u54cd\u7cfb\u7edf\u3001\u6295\u5f71\u4eea<\/h1>\n<p>\u9ea6\u514b\u98ce\u3001\u516c\u5171\u5e7f\u64ad\u6280\u672f\u3001\u6f14\u8bb2\u53f0\u3001\u7535\u8bdd\u6df7\u5408\u8bbe\u5907\u3001\u65b0\u95fb\u53d1\u5e03\u5668\u3001\u901f\u8bb0\u5f55\u97f3\u8f6f\u4ef6\u3001\u5f55\u97f3\u8bbe\u5907\u3001\u4fe1\u53f7\u8bbe\u5907\u3001\u6295\u5f71\u4eea\u3001\u5c4f\u5e55\u7b49\u7b49......\u6211\u4eec\u7684\u97f3\u9891\u548c\u89c6\u9891\u8bbe\u5907\u4e13\u4e3a\u5404\u79cd\u89c4\u6a21\u7684\u4f1a\u8bae\u548c\u5927\u4f1a\u800c\u8bbe\u8ba1\u3002<\/p>\n<p><img fetchpriority=\"high\" decoding=\"async\" width=\"1200\" height=\"387\" src=\"https:\/\/konferenztechnik.de\/wp-content\/uploads\/2016\/10\/audio-videotechnik-mieten.jpg\" alt=\"\u97f3\u50cf\u6280\u672f\u79df\u8d41\" class=\"alignnone size-full wp-image-8507\" title=\"\" srcset=\"https:\/\/konferenztechnik.de\/wp-content\/uploads\/2016\/10\/audio-videotechnik-mieten.jpg 1200w, https:\/\/konferenztechnik.de\/wp-content\/uploads\/2016\/10\/audio-videotechnik-mieten-300x97.jpg 300w, https:\/\/konferenztechnik.de\/wp-content\/uploads\/2016\/10\/audio-videotechnik-mieten-1024x330.jpg 1024w, https:\/\/konferenztechnik.de\/wp-content\/uploads\/2016\/10\/audio-videotechnik-mieten-768x248.jpg 768w\" sizes=\"(max-width: 1200px) 100vw, 1200px\" \/><br \/>\n<img decoding=\"async\" src=\"https:\/\/konferenztechnik.de\/wp-content\/uploads\/2016\/10\/beamer-beschallung-mieten.jpg\" alt=\"\u6295\u5f71\u4eea-\u97f3\u54cd\u7cfb\u7edf-\u79df\u8d41\" class=\"alignnone size-full wp-image-8506\" title=\"\"><br \/>\n<img decoding=\"async\" width=\"1200\" height=\"346\" src=\"https:\/\/konferenztechnik.de\/wp-content\/uploads\/2016\/10\/event-technik-mieten.jpg\" alt=\"\u6d3b\u52a8\u6280\u672f\u79df\u8d41\" class=\"alignnone size-full wp-image-8510\" title=\"\" srcset=\"https:\/\/konferenztechnik.de\/wp-content\/uploads\/2016\/10\/event-technik-mieten.jpg 1200w, https:\/\/konferenztechnik.de\/wp-content\/uploads\/2016\/10\/event-technik-mieten-300x87.jpg 300w, https:\/\/konferenztechnik.de\/wp-content\/uploads\/2016\/10\/event-technik-mieten-1024x295.jpg 1024w, https:\/\/konferenztechnik.de\/wp-content\/uploads\/2016\/10\/event-technik-mieten-768x221.jpg 768w\" sizes=\"(max-width: 1200px) 100vw, 1200px\" \/><\/p>\n<p>[callout add_button=\"no\" button_text=\"\u4e86\u89e3\u66f4\u591a\u4fe1\u606f\" button_url=\"#\" button_color=\"#a62055\u2033]<br \/>\n\u4ee5\u6bcf\u65e5\u66f4\u65b0\u7684\u4ef7\u683c\u4ece PCS \u79df\u7528\u6211\u4eec\u5e9e\u5927\u7684\u8f66\u961f\u3002\u6211\u4eec\u7684\u4e13\u4e1a\u56e2\u961f\u5c06\u7acb\u5373\u4e3a\u60a8\u63d0\u4f9b\u6709\u5438\u5f15\u529b\u7684\u62a5\u4ef7\u3002<br \/>\n[\/callout]<\/p>\n<p>[spacer size=\"3\u2033]<br \/>\n[\u6e05\u9664]<\/p>\n<div class=\"boxcontainer\">\n<div class=\"box1-4\">\n<div class=\"box-head\">\u5317\u90e8\u548c\u897f\u90e8<\/div>\n<p><img decoding=\"async\" width=\"800\" height=\"533\" src=\"https:\/\/konferenztechnik.de\/wp-content\/uploads\/2013\/09\/monika_van_den_boogaard_pcs-gmbh.jpg\" alt=\"monika_van_den_boogaard_pcs-gmbh\" class=\"alignleft size-full wp-image-2312\" title=\"\" srcset=\"https:\/\/konferenztechnik.de\/wp-content\/uploads\/2013\/09\/monika_van_den_boogaard_pcs-gmbh.jpg 800w, https:\/\/konferenztechnik.de\/wp-content\/uploads\/2013\/09\/monika_van_den_boogaard_pcs-gmbh-300x200.jpg 300w, https:\/\/konferenztechnik.de\/wp-content\/uploads\/2013\/09\/monika_van_den_boogaard_pcs-gmbh-768x512.jpg 768w\" sizes=\"(max-width: 800px) 100vw, 800px\" \/><br \/>\n\u83ab\u59ae\u5361-\u8303\u767b\u5e03\u52a0\u5fb7<br \/>\n\u9879\u76ee\u987e\u95ee\u79df\u8d41<br \/>\n\u7535\u8bdd +49 211 737798 10<br \/>\n<span class=\"volleansicht\">\u7535\u5b50\u90ae\u4ef6 <a href=\"mailto:vandenboogaard@konferenztechnik.de\" onclick=\"ga('send', 'event', 'Email-Klick', 'Kontakt Boogaard');\">\u5199\u9053<\/a><br \/>\n<\/span><br \/>\n<span class=\"mobileansicht\">\u7535\u5b50\u90ae\u4ef6 <a href=\"mailto:vandenboogaard@konferenztechnik.de\" onclick=\"ga('send', 'event', 'Email-Klick', 'Kontakt Boogaard');\">\u5199\u9053<\/a><br \/>\n<\/span><\/p>\n<\/div>\n<div class=\"box1-4\">\n<div class=\"box-head\">\u4e1c\u65b9<\/div>\n<p><img loading=\"lazy\" decoding=\"async\" width=\"2316\" height=\"1543\" src=\"https:\/\/konferenztechnik.de\/wp-content\/uploads\/2017\/05\/sebastian-meyer-pcs-gmbh.jpg\" alt=\"Sebastian Meyer PCS GmbH - \u5904\u7f6e\" class=\"alignleft size-full wp-image-10048\" title=\"\" srcset=\"https:\/\/konferenztechnik.de\/wp-content\/uploads\/2017\/05\/sebastian-meyer-pcs-gmbh.jpg 2316w, https:\/\/konferenztechnik.de\/wp-content\/uploads\/2017\/05\/sebastian-meyer-pcs-gmbh-300x200.jpg 300w, https:\/\/konferenztechnik.de\/wp-content\/uploads\/2017\/05\/sebastian-meyer-pcs-gmbh-1024x682.jpg 1024w, https:\/\/konferenztechnik.de\/wp-content\/uploads\/2017\/05\/sebastian-meyer-pcs-gmbh-768x512.jpg 768w, https:\/\/konferenztechnik.de\/wp-content\/uploads\/2017\/05\/sebastian-meyer-pcs-gmbh-1536x1023.jpg 1536w, https:\/\/konferenztechnik.de\/wp-content\/uploads\/2017\/05\/sebastian-meyer-pcs-gmbh-2048x1364.jpg 2048w\" sizes=\"(max-width: 2316px) 100vw, 2316px\" \/><br \/>\n\u585e\u5df4\u65af\u8482\u5b89-\u8fc8\u8036<br \/>\n\u9879\u76ee\u987e\u95ee\u79df\u8d41<br \/>\n\u7535\u8bdd +49 30 6959690 15<br \/>\n<span class=\"volleansicht\">\u7535\u5b50\u90ae\u4ef6 <a href=\"mailto:meyer@konferenztechnik.de\" onclick=\"ga('send', 'event', 'Email-Klick', 'Kontakt Meyer');\">\u5199\u9053<\/a><br \/>\n<\/span><br \/>\n<span class=\"mobileansicht\">\u7535\u5b50\u90ae\u4ef6 <a href=\"mailto:meyer@konferenztechnik.de\" onclick=\"ga('send', 'event', 'Email-Klick', 'Kontakt Meyer');\">\u5199\u9053<\/a><br \/>\n<\/span><\/p>\n<\/div>\n<div class=\"box1-4\">\n<div class=\"box-head\">\u5357\u65b9<\/div>\n<p><img loading=\"lazy\" decoding=\"async\" width=\"800\" height=\"533\" src=\"https:\/\/konferenztechnik.de\/wp-content\/uploads\/2013\/09\/sebastian_gegusch_pcs-gmbh.jpg\" alt=\"Sebastian Gegusch PCS-GmbH\" class=\"alignleft size-full wp-image-3153\" title=\"\" srcset=\"https:\/\/konferenztechnik.de\/wp-content\/uploads\/2013\/09\/sebastian_gegusch_pcs-gmbh.jpg 800w, https:\/\/konferenztechnik.de\/wp-content\/uploads\/2013\/09\/sebastian_gegusch_pcs-gmbh-300x200.jpg 300w, https:\/\/konferenztechnik.de\/wp-content\/uploads\/2013\/09\/sebastian_gegusch_pcs-gmbh-768x512.jpg 768w\" sizes=\"(max-width: 800px) 100vw, 800px\" \/><br \/>\n\u585e\u5df4\u65af\u8482\u5b89-\u683c\u53e4\u65bd<br \/>\n\u9879\u76ee\u7ba1\u7406\u548c\u65f6\u95f4\u5b89\u6392<br \/>\n\u7535\u8bdd +49 89 248830021<br \/>\n<span class=\"volleansicht\">\u7535\u5b50\u90ae\u4ef6 <a href=\"mailto:gegusch@konferenztechnik.de\" onclick=\"ga('send', 'event', 'Email-Klick', 'Kontakt Gegusch');\">\u5199\u9053<\/a><br \/>\n<\/span><br \/>\n<span class=\"mobileansicht\">\u7535\u5b50\u90ae\u4ef6 <a href=\"mailto:gegusch@konferenztechnik.de\" onclick=\"ga('send', 'event', 'Email-Klick', 'Kontakt Gegusch');\">\u5199\u9053<\/a><br \/>\n<\/span><\/p>\n<\/div>\n<div class=\"box1-4-empty\"><\/div>\n<\/div>","protected":false},"excerpt":{"rendered":"<p>AV-Technik: Mikrofone, Beschallungstechnik, Beamer Mikrofonierung, Beschallungstechnik, Rednerpulte, Telefonhybriden, Presseverteiler, steno-s Protokollierungssoftware, Aufzeichnungsger\u00e4te, Signalgeber, Beamer, Leinw\u00e4nde und vieles mehr&#8230; Unser Audio- und Videoequipment ist f\u00fcr Tagungen und Kongresse jeder Gr\u00f6\u00dfenordnung ausgelegt. [callout add_button=&#8220;no&#8220; button_text=&#8220;Learn More&#8220; button_url=&#8220;#&#8220; button_color=&#8220;#a62055&#8243;] Mieten Sie bei PCS zu tagesaktuellen Preisen aus unserem umfangreichen Vermietpark. Unser kompetentes Team l\u00e4sst Ihnen umgehend ein attraktives [&hellip;]<\/p>","protected":false},"author":1,"featured_media":45482,"parent":3618,"menu_order":157,"comment_status":"closed","ping_status":"open","template":"","meta":{"_acf_changed":false,"footnotes":""},"class_list":["post-1813","page","type-page","status-publish","has-post-thumbnail","hentry"],"acf":[],"_links":{"self":[{"href":"https:\/\/konferenztechnik.de\/zh\/wp-json\/wp\/v2\/pages\/1813","targetHints":{"allow":["GET"]}}],"collection":[{"href":"https:\/\/konferenztechnik.de\/zh\/wp-json\/wp\/v2\/pages"}],"about":[{"href":"https:\/\/konferenztechnik.de\/zh\/wp-json\/wp\/v2\/types\/page"}],"author":[{"embeddable":true,"href":"https:\/\/konferenztechnik.de\/zh\/wp-json\/wp\/v2\/users\/1"}],"replies":[{"embeddable":true,"href":"https:\/\/konferenztechnik.de\/zh\/wp-json\/wp\/v2\/comments?post=1813"}],"version-history":[{"count":0,"href":"https:\/\/konferenztechnik.de\/zh\/wp-json\/wp\/v2\/pages\/1813\/revisions"}],"up":[{"embeddable":true,"href":"https:\/\/konferenztechnik.de\/zh\/wp-json\/wp\/v2\/pages\/3618"}],"wp:featuredmedia":[{"embeddable":true,"href":"https:\/\/konferenztechnik.de\/zh\/wp-json\/wp\/v2\/media\/45482"}],"wp:attachment":[{"href":"https:\/\/konferenztechnik.de\/zh\/wp-json\/wp\/v2\/media?parent=1813"}],"curies":[{"name":"wp","href":"https:\/\/api.w.org\/{rel}","templated":true}]}}