{"id":1862,"date":"2013-09-06T10:18:15","date_gmt":"2013-09-06T08:18:15","guid":{"rendered":"https:\/\/konferenztechnik.de\/?page_id=1862"},"modified":"2013-09-06T10:18:15","modified_gmt":"2013-09-06T08:18:15","slug":"%e6%8b%9c%e4%ba%9a%e5%8a%a8%e5%8a%9b%e5%af%bc%e5%90%91%e7%b3%bb%e7%bb%9f","status":"publish","type":"page","link":"https:\/\/konferenztechnik.de\/zh\/%e5%88%86%e5%8f%91%e4%bc%9a%e8%ae%ae%e5%92%8c-av-%e5%aa%92%e4%bd%93%e6%8a%80%e6%9c%af\/%e6%8b%9c%e4%ba%9a%e5%8a%a8%e5%8a%9b%e5%af%bc%e5%90%91%e7%b3%bb%e7%bb%9f\/","title":{"rendered":"\u62dc\u4e9a\u52a8\u529b\u5bfc\u5411\u7cfb\u7edf"},"content":{"rendered":"<h1>\u6765\u81ea\u62dc\u4e9a\u52a8\u529b\u7684\u5bfc\u89c8\u7cfb\u7edf\u548c\u5bfc\u6e38\u7cfb\u7edf<\/h1>\n<p>\u6709\u6548\u6c9f\u901a\u5728\u5f53\u4eca\u4e16\u754c\u53d8\u5f97\u8d8a\u6765\u8d8a\u91cd\u8981\u3002\u53ef\u9760\u7684\u6280\u672f\u662f\u653f\u6cbb\u3001\u5de5\u4e1a\u548c\u516c\u5171\u673a\u6784\u6240\u6709\u97f3\u9891\u5e94\u7528\u7684\u57fa\u7840\u3002\u62dc\u4e9a\u52a8\u529b\u7684 Synexis \u65e0\u7ebf\u53e3\u8bd1\u548c\u5f15\u5bfc\u7cfb\u7edf\u4e3a\u60a8\u63d0\u4f9b\u4e86\u4e00\u4e2a\u591a\u529f\u80fd\u3001\u9ad8\u6027\u4ef7\u6bd4\u7684\u89e3\u51b3\u65b9\u6848\uff0c\u6ee1\u8db3\u6700\u82db\u523b\u7684\u8981\u6c42\u3002\u65e0\u8bba\u662f\u5728\u591a\u8bed\u8a00\u4f1a\u8bae\u4e0a\u8fdb\u884c\u53e3\u8bd1\uff0c\u8fd8\u662f\u5728\u5de5\u5382\u8f66\u95f4\u3001\u535a\u7269\u9986\u6216\u6237\u5916\u8fdb\u884c\u5bfc\u6e38\uff0c\u6700\u591a\u53ef\u540c\u65f6\u4f20\u8f93 18 \u8def\u97f3\u9891\u4fe1\u53f7\u3002Synexis \u53ef\u4ee5\u8ba9\u6bcf\u4e2a\u4eba\u5728\u4efb\u4f55\u5730\u65b9\u90fd\u80fd\u542c\u61c2\u6e05\u6670\u7684\u6f14\u793a\u3002<\/p>\n<h2>\u5e94\u7528\u5b9e\u4f8b<\/h2>\n<ul>\n<li>\u5373\u4f7f\u5728\u9ad8\u566a\u97f3\u73af\u5883\u4e0b\u4e5f\u80fd\u8fdb\u884c\u8fd0\u884c\u7ba1\u7406<\/li>\n<li>\u673a\u5668\u548c\u4ea7\u54c1\u5c55\u793a<\/li>\n<li>\u5b89\u5168\u57f9\u8bad\uff08\u6c7d\u8f66\u3001\u81ea\u884c\u8f66\u3001\u76f4\u6392\u8f6e\u7b49\uff09<\/li>\n<li>\u535a\u7269\u9986\u3001\u57ce\u5821\u3001\u753b\u5eca\u3001\u5c55\u89c8\u548c\u4ea4\u6613\u4f1a\u5bfc\u89c8<\/li>\n<li>\u540c\u58f0\u4f20\u8bd1\u57f9\u8bad\u8bfe\u7a0b\u3001\u5927\u4f1a\u548c\u4f1a\u8bae\uff0c\u4f8b\u5982\u4e0e SIS \u540c\u58f0\u4f20\u8bd1\u7cfb\u7edf\u7ed3\u5408\u4f7f\u7528<\/li>\n<\/ul>\n<p>[spacer size=\"20\u2033]<\/p>\n<p>[tabs style=\"1\u2033]<br \/>\n[tab title=\"\u6587\u7ae0\"]<\/p>\n<h2>\u65e0\u7ebf\u7535\u8896\u73cd\u63a5\u6536\u5668 \u2013 Synexis RP8<\/h2>\n<p>[column size=\"2-5\u2033 last=\"0\u2033]<\/p>\n<p><a href=\"https:\/\/konferenztechnik.de\/wp-content\/uploads\/2013\/09\/Empfaenger_Beyerdynamic_Synexis_rp8.jpg\"><img fetchpriority=\"high\" decoding=\"async\" width=\"530\" height=\"491\" src=\"https:\/\/konferenztechnik.de\/wp-content\/uploads\/2013\/09\/Empfaenger_Beyerdynamic_Synexis_rp8.jpg\" alt=\"\u63a5\u6536\u5668 Beyerdynamic Synexis RP8\" class=\"alignnone size-full wp-image-1874\" title=\"\" srcset=\"https:\/\/konferenztechnik.de\/wp-content\/uploads\/2013\/09\/Empfaenger_Beyerdynamic_Synexis_rp8.jpg 530w, https:\/\/konferenztechnik.de\/wp-content\/uploads\/2013\/09\/Empfaenger_Beyerdynamic_Synexis_rp8-300x278.jpg 300w\" sizes=\"(max-width: 530px) 100vw, 530px\" \/><\/a><\/p>\n<p>[\/column]<br \/>\n[column size=\"3-5\u2033 last=\"1\u2033]<\/p>\n<p>RP8 \u8896\u73cd\u63a5\u6536\u5668\u53ef\u7528\u4f5c\u5bfc\u6e38\u7cfb\u7edf\uff0c\u6216\u7528\u4e8e\u591a\u8bed\u8a00\u540c\u58f0\u4f20\u8bd1\u4f1a\u8bae\u3002\u8033\u673a\u6216\u52a9\u542c\u5668\u611f\u5e94\u5708\u53ef\u4e0e\u5fae\u578b\u63d2\u5b54\u8fde\u63a5\uff0c\u8fd9\u610f\u5473\u7740\u8be5\u8bbe\u5907\u8fd8\u53ef\u7528\u4e8e\u652f\u6301\u65e0\u969c\u788d\u73af\u5883\u3002<\/p>\n<p>[\/column]<br \/>\n[\/tab]<br \/>\n[tab title=\"\u6280\u672f\u7ec6\u8282\"]<\/p>\n<h2>\u65e0\u7ebf\u7535\u8896\u73cd\u63a5\u6536\u5668 \u2013 Synexis RP8<\/h2>\n<p>OLED \u663e\u793a\u5c4f\u53ef\u663e\u793a\u9891\u9053\u3001\u7535\u6c60\u72b6\u6001\u548c\u9891\u7387\u3002\u63a5\u6536\u5668\u53ef\u901a\u8fc7\u53ef\u62c6\u5378\u7684\u76ae\u5e26\u6263\u6216\u9888\u5e26\u4f69\u6234\u3002RP8 \u7531\u4e24\u8282\u954d\u6c22\u5145\u7535\u7535\u6c60\u6216\u6807\u51c6 1.5 V AA \u7535\u6c60\u4f9b\u7535\u3002\u5145\u7535\u7535\u6c60\u5145\u7535\u65f6\u65e0\u9700\u4ece\u8bbe\u5907\u4e0a\u53d6\u4e0b\uff0c\u5e76\u901a\u8fc7\u667a\u80fd\u5145\u7535\u6280\u672f\u9632\u6b62\u8fc7\u5ea6\u5145\u7535\u3002\u5145\u7535\u7535\u5b50\u88c5\u7f6e\u8fd8\u80fd\u8bc6\u522b\u63d2\u5165\u7684\u662f\u5145\u7535\u7535\u6c60\u8fd8\u662f\u7535\u6c60\uff0c\u4ece\u800c\u907f\u514d\u9519\u8bef\u64cd\u4f5c\u3002<\/p>\n<ul>\n<li>18 \u4e2a\u53ef\u8c03\u9891\u7387\uff0c\u5e26\u9891\u9053\u9009\u62e9\u5668<\/li>\n<li>LED \u6307\u793a\u706f\u7528\u4e8e\u663e\u793a\u5de5\u4f5c\u6307\u793a\u706f\u548c\u5145\u7535\u72b6\u6001<\/li>\n<li>OLED \u663e\u793a\u5c4f\u53ef\u663e\u793a\u9891\u9053\u3001\u7535\u6c60\u72b6\u6001\u3001\u9891\u7387\u548c\u9891\u9053\u9009\u62e9\u9501\u5b9a\u529f\u80fd<\/li>\n<li>\u7528\u4e8e\u8033\u673a\u6216\u52a9\u542c\u5668\uff08\u5982\u611f\u5e94\u5708\uff09\u7684\u63d2\u5b54\u63a5\u53e3\uff083.5 \u6beb\u7c73\uff09<\/li>\n<li>\u4f7f\u7528\u4e24\u8282 AA \u954d\u6c22\u5145\u7535\u7535\u6c60\u6216 1.5 V AA \u7535\u6c60\u8fd0\u884c<\/li>\n<li>\u5e26\u81ea\u52a8\u5173\u673a\u529f\u80fd\u7684\u667a\u80fd\u5145\u7535\u6280\u672f<\/li>\n<li>\u53ef\u901a\u8fc7\u9888\u7ef3\u6216\u76ae\u5e26\u6263\u4f69\u6234<\/li>\n<\/ul>\n<p>[\/tab]<br \/>\n[\/tabs]<\/p>\n<p>[spacer size=\"20\u2033]<\/p>\n<p>[tabs style=\"1\u2033]<br \/>\n[tab title=\"\u6587\u7ae0\"]<\/p>\n<h2>\u624b\u6301\u5f0f\u53d1\u5c04\u673a \u2013 Synexis TH8<\/h2>\n<p>[column size=\"2-5\u2033 last=\"0\u2033]<\/p>\n<p><a href=\"https:\/\/konferenztechnik.de\/wp-content\/uploads\/2013\/09\/Handsender_Beyerdynamic_Synexis_th8.jpg\"><img decoding=\"async\" width=\"600\" height=\"233\" src=\"https:\/\/konferenztechnik.de\/wp-content\/uploads\/2013\/09\/Handsender_Beyerdynamic_Synexis_th8.jpg\" alt=\"\u62dc\u4e9a\u52a8\u529b Synexis TH8 \u624b\u6301\u53d1\u5c04\u673a\" class=\"alignnone size-full wp-image-1880\" title=\"\" srcset=\"https:\/\/konferenztechnik.de\/wp-content\/uploads\/2013\/09\/Handsender_Beyerdynamic_Synexis_th8.jpg 600w, https:\/\/konferenztechnik.de\/wp-content\/uploads\/2013\/09\/Handsender_Beyerdynamic_Synexis_th8-300x117.jpg 300w\" sizes=\"(max-width: 600px) 100vw, 600px\" \/><\/a><\/p>\n<p>[\/column]<br \/>\n[column size=\"3-5\u2033 last=\"1\u2033]<\/p>\n<p>TH8 \u96c6\u9ea6\u514b\u98ce\u548c\u65e0\u7ebf\u7535\u53d1\u5c04\u5668\u4e8e\u4e00\u4f53\u3002\u4e0e RP8 \u65e0\u7ebf\u7535\u63a5\u6536\u5668\u914d\u5408\u4f7f\u7528\uff0c\u53ef\u7528\u4f5c\u5bfc\u6e38\u7cfb\u7edf\u3001\u5c0f\u578b\u4f1a\u8bae\u7684\u8033\u8bed\u4f20\u8bd1\u7cfb\u7edf\u6216\u6709\u542c\u529b\u969c\u788d\u4e0e\u4f1a\u8005\u53c2\u52a0\u7684\u4f1a\u8bae\u7684\u542c\u529b\u6269\u589e\u7cfb\u7edf\u3002<\/p>\n<p>[\/column]<br \/>\n[\/tab]<br \/>\n[tab title=\"\u6280\u672f\u7ec6\u8282\"]<\/p>\n<h2>\u624b\u6301\u5f0f\u53d1\u5c04\u673a \u2013 Synexis TH8<\/h2>\n<p>\u5f53\u76ee\u5149\u63a5\u89e6\u65f6\uff0c\u53d1\u5c04\u5668\u7684\u4f20\u8f93\u8ddd\u79bb\u53ef\u8fbe 100 \u7c73\u3002\u5fc3\u5f62\u7279\u6027\u53ef\u6709\u6548\u963b\u9694\u80cc\u666f\u566a\u58f0\u3002OLED \u663e\u793a\u5c4f\u53ef\u663e\u793a\u9891\u9053\u3001\u7535\u6c60\u72b6\u6001\u548c\u9891\u7387\u3002\u9ea6\u514b\u98ce\u7531\u4e24\u8282 AA NiMH \u53ef\u5145\u7535\u7535\u6c60\u6216\u4f20\u7edf\u7684 1.5V AA \u7535\u6c60\u4f9b\u7535\u3002\u53d1\u5c04\u5668\u53ef\u901a\u8fc7\u9009\u914d\u7684\u9888\u5e26\u4f69\u6234\u5728\u8116\u5b50\u4e0a\u3002<\/p>\n<ul>\n<li>18 \u9891\u7387<\/li>\n<li>\u5177\u6709\u4f4e\u53cd\u9988\u5fc3\u5f62\u7279\u6027\u7684\u566a\u58f0\u8865\u507f\u9ea6\u514b\u98ce<\/li>\n<li>OLED \u663e\u793a\u5c4f\u53ef\u663e\u793a\u9891\u9053\u3001\u7535\u6c60\u72b6\u6001\u548c\u9891\u7387<\/li>\n<li>\u7528\u4e8e\u9759\u97f3\u529f\u80fd\uff08\u9759\u97f3\uff09\u7684\u53ef\u7f16\u7a0b\u64cd\u4f5c\u6309\u94ae<\/li>\n<li>\u901a\u8fc7\u4e24\u7ea7\u5f00\u5173\uff08\u9ad8\/\u4f4e\uff09\u8c03\u8282\u7075\u654f\u5ea6<\/li>\n<li>\u96c6\u6210\u5929\u7ebf<\/li>\n<li>\u4f7f\u7528\u4e24\u8282 AA \u954d\u6c22\u5145\u7535\u7535\u6c60\u6216 1.5 V AA \u7535\u6c60\u8fd0\u884c<\/li>\n<\/ul>\n<p>[\/tab]<br \/>\n[\/tabs]<\/p>\n<p>[spacer size=\"20\u2033]<\/p>\n<p>[tabs style=\"1\u2033]<br \/>\n[tab title=\"\u6587\u7ae0\"]<\/p>\n<h2>\u2013 Synexis TP8 \u8170\u5305\u53d1\u5c04\u5668<\/h2>\n<p>[column size=\"2-5\u2033 last=\"0\u2033]<\/p>\n<p><a href=\"https:\/\/konferenztechnik.de\/wp-content\/uploads\/2013\/09\/Taschensender_Beyerdynamic_Synexis_tp8.jpg\"><img decoding=\"async\" width=\"245\" height=\"423\" src=\"https:\/\/konferenztechnik.de\/wp-content\/uploads\/2013\/09\/Taschensender_Beyerdynamic_Synexis_tp8.jpg\" alt=\"\u62dc\u4e9a\u52a8\u529b Synexis TP8 \u8170\u5305\u53d1\u5c04\u673a\" class=\"alignnone size-full wp-image-1890\" title=\"\" srcset=\"https:\/\/konferenztechnik.de\/wp-content\/uploads\/2013\/09\/Taschensender_Beyerdynamic_Synexis_tp8.jpg 245w, https:\/\/konferenztechnik.de\/wp-content\/uploads\/2013\/09\/Taschensender_Beyerdynamic_Synexis_tp8-174x300.jpg 174w\" sizes=\"(max-width: 245px) 100vw, 245px\" \/><\/a><\/p>\n<p>[\/column]<br \/>\n[column size=\"3-5\u2033 last=\"1\u2033]<\/p>\n<p>Synexis TP8 \u8170\u5305\u5f0f\u53d1\u5c04\u5668\u4e0e Synexis RP8 \u8170\u5305\u5f0f\u63a5\u6536\u5668\u914d\u5408\u4f7f\u7528\uff0c\u53ef\u7528\u4e8e\u5bfc\u6e38\u3001\u4f1a\u8bae\u6216\u542c\u529b\u6269\u97f3\u3002\u5939\u5f0f\u6216\u9888\u5e26\u5f0f\u9ea6\u514b\u98ce\u53ef\u8fde\u63a5\u5230 4 \u9488\u5fae\u578b XLR \u63a5\u53e3\u3002<\/p>\n<p>[\/column]<br \/>\n[\/tab]<br \/>\n[tab title=\"\u6280\u672f\u7ec6\u8282\"]<\/p>\n<h2>\u2013 Synexis TP8 \u8170\u5305\u53d1\u5c04\u5668 <\/h2>\n<p>\u9ea6\u514b\u98ce\u7684\u7075\u654f\u5ea6\u53ef\u901a\u8fc7\u4e00\u4e2a 3 \u4f4d\u5f00\u5173\u8fdb\u884c\u8c03\u8282\uff0c\u4ee5\u4fbf\u8fdb\u884c\u8fd1\u8ddd\u79bb\u6216\u8fdc\u8ddd\u79bb\u901a\u8bdd\u3002\u8fd8\u53ef\u5c06\u5916\u90e8\u97f3\u6e90\u8fde\u63a5\u5230\u8f85\u52a9\u8f93\u5165\u63a5\u53e3\uff0c\u4ee5\u5f55\u5236\u97f3\u4e50\u6216\u8bed\u97f3\u5f55\u97f3\u3002\u9891\u9053\u3001\u7535\u6c60\u72b6\u6001\u548c\u9891\u7387\u53ef\u5728 OLED \u663e\u793a\u5c4f\u4e0a\u8bfb\u53d6\u3002\u53d1\u5c04\u5668\u7531\u4e24\u8282\u954d\u6c22\u5145\u7535\u7535\u6c60\u6216\u6807\u51c6 1.5 V AA \u7535\u6c60\u4f9b\u7535\u3002<\/p>\n<ul>\n<li>18 \u9891\u7387<\/li>\n<li>OLED \u663e\u793a\u5c4f\u53ef\u663e\u793a\u9891\u9053\u3001\u7535\u6c60\u72b6\u6001\u548c\u9891\u7387<\/li>\n<li>\u9759\u97f3\u529f\u80fd \u9ea6\u514b\u98ce\uff08\u9759\u97f3\u529f\u80fd\uff09<\/li>\n<li>Aux-in \u8fde\u63a5\uff0c\u7528\u4e8e\u8fde\u63a5 MP3 \u64ad\u653e\u5668\u7b49\u97f3\u9891\u4fe1\u53f7\u6e90<\/li>\n<li>\u9ea6\u514b\u98ce\u8fde\u63a5\uff0c4 \u9488\u5fae\u578b XLR\uff0c\u7075\u654f\u5ea6\u53ef\u8c03<\/li>\n<li>\u4f7f\u7528\u4e24\u8282 AA \u954d\u6c22\u5145\u7535\u7535\u6c60\u6216 1.5 V AA \u7535\u6c60\u8fd0\u884c<\/li>\n<li>\u5e26\u81ea\u52a8\u5173\u673a\u529f\u80fd\u7684\u667a\u80fd\u5145\u7535\u6280\u672f<\/li>\n<li>\u53ef\u62c6\u5378\u76ae\u5e26\u6263\uff0c\u7528\u4e8e\u56fa\u5b9a\u5728\u8863\u670d\u4e0a<\/li>\n<li>\u53ef\u901a\u8fc7\u6302\u7ef3\u4f69\u6234\u5728\u8116\u5b50\u4e0a<\/li>\n<\/ul>\n<p>[\/tab]<br \/>\n[\/tabs]<\/p>\n<p>[spacer size=\"20\u2033]<\/p>\n<p>[tabs style=\"1\u2033]<br \/>\n[tab title=\"\u6587\u7ae0\"]<\/p>\n<h2> \u5145\u7535\u548c\u8fd0\u8f93\u7bb1 \u2013 Synexis C20<\/h2>\n<p>[column size=\"2-5\u2033 last=\"0\u2033]<\/p>\n<p><a href=\"https:\/\/konferenztechnik.de\/wp-content\/uploads\/2013\/09\/Ladekoffer_Beyerdynamic_Synexis_c20.jpg\"><img loading=\"lazy\" decoding=\"async\" width=\"600\" height=\"506\" src=\"https:\/\/konferenztechnik.de\/wp-content\/uploads\/2013\/09\/Ladekoffer_Beyerdynamic_Synexis_c20.jpg\" alt=\"\u62dc\u4e9a\u52a8\u529b Synexis C20 \u5145\u7535\u76d2\" class=\"alignnone size-full wp-image-1893\" title=\"\" srcset=\"https:\/\/konferenztechnik.de\/wp-content\/uploads\/2013\/09\/Ladekoffer_Beyerdynamic_Synexis_c20.jpg 600w, https:\/\/konferenztechnik.de\/wp-content\/uploads\/2013\/09\/Ladekoffer_Beyerdynamic_Synexis_c20-300x253.jpg 300w\" sizes=\"(max-width: 600px) 100vw, 600px\" \/><\/a><\/p>\n<p>[\/column]<br \/>\n[column size=\"3-5\u2033 last=\"1\u2033]<\/p>\n<p>Synexis C8 \u5145\u7535\u5668\u6700\u591a\u53ef\u4e3a 8 \u4e2a Synexis \u8170\u5305\u53d1\u5c04\u673a\u6216 \u8170\u5305\u63a5\u6536\u673a\u4ee5\u53ca 1 \u4e2a\u624b\u6301\u53d1\u5c04\u673a\u5145\u7535\u3002<\/p>\n<p>[\/column]<br \/>\n[\/tab]<br \/>\n[tab title=\"\u6280\u672f\u7ec6\u8282\"]<\/p>\n<p>Synexis C20 \u5145\u7535\u5668\u6700\u591a\u53ef\u4e3a 20 \u4e2a \u8170\u5305\u53d1\u5c04\u673a\u6216 \u8170\u5305\u63a5\u6536\u673a\u548c\u4e00\u4e2a\u624b\u6301\u53d1\u5c04\u673a\u5145\u7535\u3002\u5145\u7535\u5668\u5185\u7f6e\u5728\u5e26\u624b\u67c4\u7684\u624b\u63a8\u8f66\u4e2d\uff0c\u4fbf\u4e8e\u8fd0\u8f93\u3002<\/p>\n<p>\u7bb1\u5b50\u8fd8\u53ef\u4ee5\u4f5c\u4e3a\u6574\u4e2a Synexis \u7cfb\u7edf\u7684\u50a8\u85cf\u5ba4\u3002\u7bb1\u76d6\u4e0a\u6709\u4e00\u4e2a\u9694\u5c42\uff0c\u53ef\u4ee5\u5b58\u653e\u8033\u673a\u3001\u9ea6\u514b\u98ce\u6216\u5176\u4ed6\u914d\u4ef6\u3002<\/p>\n<ul>\n<li>\u5145\u7535\u5668\u548c\u8fd0\u8f93\u7bb1\u5408\u4e8c\u4e3a\u4e00<\/li>\n<li>\u6eda\u52a8\u529f\u80fd\u548c\u63d0\u624b<\/li>\n<li>\u4e3a\u8896\u73cd\u63a5\u6536\u5668\/\u53d1\u5c04\u5668\u63d0\u4f9b 20 \u4e2a\u5145\u7535\u63d2\u69fd<\/li>\n<li>\u4e00\u4e2a\u624b\u6301\u53d1\u5c04\u673a\u5145\u7535\u63d2\u69fd<\/li>\n<li>\u914d\u4ef6\u9694\u5c42<\/li>\n<\/ul>\n<p>[\/tab]<br \/>\n[\/tabs]<\/p>\n<p>[spacer size=\"20\u2033]<\/p>\n<p>[tabs style=\"1\u2033]<br \/>\n[tab title=\"\u6587\u7ae0\"]<\/p>\n<h2>\u5145\u7535\u5668 \u2013 Synexis C8<\/h2>\n<p>[column size=\"2-5\u2033 last=\"0\u2033]<\/p>\n<p><a href=\"https:\/\/konferenztechnik.de\/wp-content\/uploads\/2013\/09\/Ladegeraet_Beyerdynamic_Synexis_c8.jpg\"><img loading=\"lazy\" decoding=\"async\" width=\"600\" height=\"233\" src=\"https:\/\/konferenztechnik.de\/wp-content\/uploads\/2013\/09\/Ladegeraet_Beyerdynamic_Synexis_c8.jpg\" alt=\"Beyerdynamic Synexis C8 \u5145\u7535\u5668\" class=\"alignnone size-full wp-image-1891\" title=\"\" srcset=\"https:\/\/konferenztechnik.de\/wp-content\/uploads\/2013\/09\/Ladegeraet_Beyerdynamic_Synexis_c8.jpg 600w, https:\/\/konferenztechnik.de\/wp-content\/uploads\/2013\/09\/Ladegeraet_Beyerdynamic_Synexis_c8-300x117.jpg 300w\" sizes=\"(max-width: 600px) 100vw, 600px\" \/><\/a><\/p>\n<p>[\/column]<br \/>\n[column size=\"3-5\u2033 last=\"1\u2033]<\/p>\n<p>Synexis C8 \u5145\u7535\u5668\u6700\u591a\u53ef\u4e3a 8 \u4e2a Synexis \u8170\u5305\u53d1\u5c04\u673a\u6216 \u8170\u5305\u63a5\u6536\u673a\u4ee5\u53ca 1 \u4e2a\u624b\u6301\u53d1\u5c04\u673a\u5145\u7535\u3002<\/p>\n<p>[\/column]<br \/>\n[\/tab]<br \/>\n[tab title=\"\u6280\u672f\u7ec6\u8282\"]<\/p>\n<h2>\u5145\u7535\u5668 \u2013 Synexis C8<\/h2>\n<ul>\n<li>\u4e3a\u8896\u73cd\u63a5\u6536\u5668\/\u53d1\u5c04\u5668\u63d0\u4f9b\u516b\u4e2a\u5145\u7535\u63d2\u69fd<\/li>\n<li>\u4e00\u4e2a\u624b\u6301\u53d1\u5c04\u673a\u5145\u7535\u63d2\u69fd<\/li>\n<li>\u4e3b\u7535\u6e90\u8fde\u63a5\uff0c\u53ef\u7ea7\u8054<\/li>\n<li>\u7528\u4e8e\u64cd\u4f5c\u6307\u793a\u7684 LED<\/li>\n<li>\u575a\u56fa\u7684\u91d1\u5c5e\u5916\u58f3\uff0c19\"\uff0c3 U<\/li>\n<\/ul>\n<p>\u8be5\u5145\u7535\u5668\u8fd8\u6709 C10 \u7248\u672c\uff0c\u914d\u6709\u53ef\u5bb9\u7eb3 10 \u4e2a \u8170\u5305\u63a5\u6536\u673a\/\u53d1\u5c04\u673a\u7684\u5145\u7535\u63d2\u69fd\uff0c\u4f46\u6ca1\u6709\u624b\u6301\u53d1\u5c04\u673a\u5145\u7535\u63d2\u69fd\u3002<\/p>\n<p>[\/tab]<br \/>\n[\/tabs]<\/p>\n<p>[spacer size=\"20\u2033]<\/p>\n<p>[tabs style=\"1\u2033]<br \/>\n[tab title=\"\u6587\u7ae0\"]<\/p>\n<h2>\u5355\u8033\u673a \u2013 DT 1S<\/h2>\n<p>[column size=\"2-5\u2033 last=\"0\u2033]<\/p>\n<p><a href=\"https:\/\/konferenztechnik.de\/wp-content\/uploads\/2013\/09\/Einohrhoerer_Beyerdynamic_dt1s.jpg\"><img loading=\"lazy\" decoding=\"async\" width=\"298\" height=\"449\" src=\"https:\/\/konferenztechnik.de\/wp-content\/uploads\/2013\/09\/Einohrhoerer_Beyerdynamic_dt1s.jpg\" alt=\"\u62dc\u4e9a\u52a8\u529b DT1S \u5355\u8033\u673a\" class=\"alignnone size-full wp-image-1892\" title=\"\" srcset=\"https:\/\/konferenztechnik.de\/wp-content\/uploads\/2013\/09\/Einohrhoerer_Beyerdynamic_dt1s.jpg 298w, https:\/\/konferenztechnik.de\/wp-content\/uploads\/2013\/09\/Einohrhoerer_Beyerdynamic_dt1s-199x300.jpg 199w\" sizes=\"(max-width: 298px) 100vw, 298px\" \/><\/a><\/p>\n<p>[\/column]<br \/>\n[column size=\"3-5\u2033 last=\"1\u2033]<\/p>\n<p>\u8033\u673a\u53ef\u7528\u4e8e\u4e2a\u4eba\u5bfc\u822a\u7cfb\u7edf\u6216\u6c38\u4e45\u5b89\u88c5\u7684\u4f1a\u8bae\u7cfb\u7edf\u3002<\/p>\n<p>[\/column]<br \/>\n[\/tab]<br \/>\n[tab title=\"\u6280\u672f\u7ec6\u8282\"]<\/p>\n<h2>\u5355\u8033\u673a \u2013 DT 1S<\/h2>\n<p>\u8fd9\u6b3e\u5355\u8033\u5f0f\u8033\u673a\u6709 0.8 \u7c73\u6216 1.6 \u7c73\u957f\u7684\u7ebf\u7f06\u548c\u5355\u58f0\u9053\u63d2\u5b54\u53ef\u4f9b\u9009\u62e9\u3002\u8f7b\u5de7\u7684\u8bbe\u8ba1\u786e\u4fdd\u4e86\u4f69\u6234\u7684\u8212\u9002\u6027\u3002\u8033\u673a\u8fd8\u6613\u4e8e\u6e05\u6d01\u3002<\/p>\n<ul>\n<li>\u575a\u56fa\u7684\u7ed3\u6784<\/li>\n<li>\u6613\u4e8e\u6e05\u6d01<\/li>\n<\/ul>\n<p>[\/tab]<br \/>\n[\/tabs]<\/p>\n<p>[spacer size=\"20\u2033]<\/p>\n<p>[tabs style=\"1\u2033]<br \/>\n[tab title=\"\u6587\u7ae0\"]<\/p>\n<h2>\u9888\u5e26\u5f0f\u8033\u673a \u2013 DT3<\/h2>\n<p>[column size=\"2-5\u2033 last=\"0\u2033]<\/p>\n<p><a href=\"https:\/\/konferenztechnik.de\/wp-content\/uploads\/2013\/09\/Nackenbuegelkopfhoerer_Beyerdynamic_DT3.jpg\"><img loading=\"lazy\" decoding=\"async\" width=\"332\" height=\"230\" src=\"https:\/\/konferenztechnik.de\/wp-content\/uploads\/2013\/09\/Nackenbuegelkopfhoerer_Beyerdynamic_DT3.jpg\" alt=\"\u9888\u5e26\u5f0f\u8033\u673a Beyerdynamic DT3\" class=\"alignnone size-full wp-image-1894\" title=\"\" srcset=\"https:\/\/konferenztechnik.de\/wp-content\/uploads\/2013\/09\/Nackenbuegelkopfhoerer_Beyerdynamic_DT3.jpg 332w, https:\/\/konferenztechnik.de\/wp-content\/uploads\/2013\/09\/Nackenbuegelkopfhoerer_Beyerdynamic_DT3-300x208.jpg 300w\" sizes=\"(max-width: 332px) 100vw, 332px\" \/><\/a><\/p>\n<p>[\/column]<br \/>\n[column size=\"3-5\u2033 last=\"1\u2033]<\/p>\n<p>\u7acb\u4f53\u58f0\u9888\u5e26\u5f0f\u8033\u673a\uff0c\u53ef\u4e0e\u5bfc\u5f15\u7cfb\u7edf\u6216\u4f1a\u8bae\u548c\u53e3\u8bd1\u7cfb\u7edf\u914d\u5408\u4f7f\u7528\u3002<\/p>\n<p>[\/column]<br \/>\n[\/tab]<br \/>\n[tab title=\"\u6280\u672f\u7ec6\u8282\"]<\/p>\n<h2>\u9888\u5e26\u5f0f\u8033\u673a \u2013 DT3<\/h2>\n<p>\u9888\u5e26\u8bbe\u8ba1\u4f7f\u4f69\u6234\u975e\u5e38\u8212\u9002\u3002\u8033\u673a\u575a\u56fa\u8010\u7528\uff0c\u4f1a\u540e\u6613\u4e8e\u6e05\u6d01\u3002<\/p>\n<ul>\n<li>\u575a\u56fa\u7684\u7ed3\u6784<\/li>\n<li>\u6613\u4e8e\u6e05\u6d01<\/li>\n<li>\u4eba\u4f53\u5de5\u5b66\u5f62\u72b6<\/li>\n<\/ul>\n<p>[\/tab]<br \/>\n[\/tabs]<\/p>\n<p>[spacer size=\"20\u2033]<\/p>\n<p>[tabs style=\"1\u2033]<br \/>\n[tab title=\"\u6587\u7ae0\"]<\/p>\n<h2>\u8bf1\u5bfc\u73af \u2013 Synexis IL100<\/h2>\n<p>[column size=\"2-5\u2033 last=\"0\u2033]<\/p>\n<p><a href=\"https:\/\/konferenztechnik.de\/wp-content\/uploads\/2013\/09\/Induktionsschleife_Beyerdynamic_Synexis_il80.jpg\"><img loading=\"lazy\" decoding=\"async\" width=\"207\" height=\"380\" src=\"https:\/\/konferenztechnik.de\/wp-content\/uploads\/2013\/09\/Induktionsschleife_Beyerdynamic_Synexis_il80.jpg\" alt=\"\u611f\u5e94\u5708 Beyerdynamic Synexis IL80\" class=\"alignnone size-full wp-image-1895\" title=\"\" srcset=\"https:\/\/konferenztechnik.de\/wp-content\/uploads\/2013\/09\/Induktionsschleife_Beyerdynamic_Synexis_il80.jpg 207w, https:\/\/konferenztechnik.de\/wp-content\/uploads\/2013\/09\/Induktionsschleife_Beyerdynamic_Synexis_il80-163x300.jpg 163w\" sizes=\"(max-width: 207px) 100vw, 207px\" \/><\/a><\/p>\n<p>[\/column]<br \/>\n[column size=\"3-5\u2033 last=\"1\u2033]<\/p>\n<p>\u611f\u5e94\u5708\u4e13\u4e3a\u914d\u5408 Synexis \u8896\u73cd\u5f0f\u63a5\u6536\u5668\u4f7f\u7528\u800c\u8bbe\u8ba1\u3002\u5b83\u4e0e\u63a5\u6536\u5668\u8fde\u63a5\uff0c\u800c\u4e0d\u662f\u4e0e\u8033\u673a\u8fde\u63a5\uff0c\u4f7f\u4fe1\u53f7\u80fd\u591f\u76f4\u63a5\u4f20\u8f93\u5230\u6807\u51c6\u52a9\u542c\u5668\u4e0a\uff0c\u4ece\u800c\u5b9e\u73b0\u65e0\u969c\u788d\u58f0\u97f3\u4f20\u8f93\u3002<\/p>\n<p>[\/column]<br \/>\n[\/tab]<br \/>\n[\/tabs]<\/p>\n<p>[spacer size=\"20\u2033]<\/p>\n<p>[tabs style=\"1\u2033]<br \/>\n[tab title=\"\u6587\u7ae0\"]<\/p>\n<h2> \u5173\u4e8e\u505c\u4ea7\u7684 TTS300 \u5bfc\u5411\u7cfb\u7edf\u7684\u4fe1\u606f<\/h2>\n<p>[column size=\"2-5\u2033 last=\"0\u2033]<\/p>\n<p><a href=\"https:\/\/konferenztechnik.de\/wp-content\/uploads\/2013\/09\/Funkempfaenger_FE316_ohne_KPF_gross.jpg\"><img loading=\"lazy\" decoding=\"async\" width=\"800\" height=\"404\" src=\"https:\/\/konferenztechnik.de\/wp-content\/uploads\/2013\/09\/Funkempfaenger_FE316_ohne_KPF_gross.jpg\" alt=\"\u62dc\u4e9a\u52a8\u529b FE316 \u65e0\u7ebf\u63a5\u6536\u5668\" class=\"alignnone size-full wp-image-1896\" title=\"\" srcset=\"https:\/\/konferenztechnik.de\/wp-content\/uploads\/2013\/09\/Funkempfaenger_FE316_ohne_KPF_gross.jpg 800w, https:\/\/konferenztechnik.de\/wp-content\/uploads\/2013\/09\/Funkempfaenger_FE316_ohne_KPF_gross-300x152.jpg 300w, https:\/\/konferenztechnik.de\/wp-content\/uploads\/2013\/09\/Funkempfaenger_FE316_ohne_KPF_gross-768x388.jpg 768w\" sizes=\"(max-width: 800px) 100vw, 800px\" \/><\/a><\/p>\n<p>[\/column]<br \/>\n[column size=\"3-5\u2033 last=\"1\u2033]<\/p>\n<h2> \u5173\u4e8e\u505c\u4ea7\u7684 TTS300 \u5bfc\u5411\u7cfb\u7edf\u7684\u4fe1\u606f<\/h2>\n<p>\u4e0a\u8ff0\u65b0\u7684 Synexis \u7cfb\u7edf\u53d6\u4ee3\u4e86\u7ecf\u8fc7\u9a8c\u8bc1\u7684\u62dc\u4e9a\u52a8\u529b TTS 300 \u5bfc\u5411\u7cfb\u7edf\uff0c\u62dc\u4e9a\u52a8\u529b\u5df2\u4e0d\u518d\u63d0\u4f9b\u8be5\u7cfb\u7edf\u3002\u4e0d\u8fc7\uff0cPCS \u4ecd\u5c06\u7ee7\u7eed\u4e3a\u8be5\u7cfb\u7edf\u63d0\u4f9b\u5b8c\u6574\u7684\u670d\u52a1\u3002\u8fd9\u5305\u62ec\u7ef4\u62a4\u548c\u4fee\u7406\u5de5\u4f5c\uff0c\u6216\u8ba2\u8d2d\u5907\u4ef6\u548c\u66ff\u6362\u8bbe\u5907\uff08\u552e\u5b8c\u4e3a\u6b62\uff09\u3002<\/p>\n<p>[\/column]<br \/>\n[\/tab]<br \/>\n[tab title=\"\u6280\u672f\u7ec6\u8282\"]<\/p>\n<h2> \u5173\u4e8e\u505c\u4ea7\u7684 TTS300 \u5bfc\u5411\u7cfb\u7edf\u7684\u4fe1\u606f<\/h2>\n<p>TTS 300 \u7cfb\u7edf\u5305\u62ec\u4ee5\u4e0b\u7ec4\u4ef6\uff1a<\/p>\n<ul>\n<li>\u63a5\u6536\u5668 FE316<\/li>\n<li>\u53d1\u5c04\u673a\u9ea6\u514b\u98ce SEM316<\/li>\n<li>TS316 \u8896\u73cd\u53d1\u5c04\u673a<\/li>\n<li>\u56fa\u5b9a\u5f0f\u53d1\u5c04\u673a CT316<\/li>\n<li>\u5145\u7535\u5668 LG30<\/li>\n<\/ul>\n<p>\u6709\u5173\u7ef4\u62a4\u548c\u7ef4\u4fee\u5de5\u4f5c\u7684\u95ee\u9898\uff0c\u6216\u8ba2\u8d2d TTS-300 \u7cfb\u7edf\u7684\u5907\u4ef6\u548c\u66ff\u6362\u88c5\u7f6e\uff08\u552e\u5b8c\u4e3a\u6b62\uff09\uff0c\u8bf7\u8054\u7cfb\u6211\u4eec\u7684\u670d\u52a1\u90e8\u95e8\u3002<\/p>\n<p>[\/tab]<br \/>\n[\/tabs]<\/p>\n<p>[spacer size=\"20\u2033]<\/p>","protected":false},"excerpt":{"rendered":"<p>F\u00fchrungsanlagen und Tourguide Systeme der Firma Beyerdynamic In heutiger Zeit wird effektives Kommunizieren immer wichtiger. Eine zuverl\u00e4ssige Technik bildet dabei die Basis f\u00fcr alle Audioanwendungen in Politik, Industrie und \u00f6ffentlichen Einrichtungen. Mit dem drahtlosen Dolmetscher- und F\u00fchrungssystem Synexis von Beyerdynamic steht Ihnen selbst f\u00fcr h\u00f6chste Anspr\u00fcche eine vielseitig einsetzbare und kosteng\u00fcnstige L\u00f6sung zur Verf\u00fcgung. Bis [&hellip;]<\/p>","protected":false},"author":1,"featured_media":45482,"parent":3614,"menu_order":154,"comment_status":"closed","ping_status":"open","template":"page-right-sidebar.php","meta":{"_acf_changed":false,"footnotes":""},"class_list":["post-1862","page","type-page","status-publish","has-post-thumbnail","hentry"],"acf":[],"_links":{"self":[{"href":"https:\/\/konferenztechnik.de\/zh\/wp-json\/wp\/v2\/pages\/1862","targetHints":{"allow":["GET"]}}],"collection":[{"href":"https:\/\/konferenztechnik.de\/zh\/wp-json\/wp\/v2\/pages"}],"about":[{"href":"https:\/\/konferenztechnik.de\/zh\/wp-json\/wp\/v2\/types\/page"}],"author":[{"embeddable":true,"href":"https:\/\/konferenztechnik.de\/zh\/wp-json\/wp\/v2\/users\/1"}],"replies":[{"embeddable":true,"href":"https:\/\/konferenztechnik.de\/zh\/wp-json\/wp\/v2\/comments?post=1862"}],"version-history":[{"count":0,"href":"https:\/\/konferenztechnik.de\/zh\/wp-json\/wp\/v2\/pages\/1862\/revisions"}],"up":[{"embeddable":true,"href":"https:\/\/konferenztechnik.de\/zh\/wp-json\/wp\/v2\/pages\/3614"}],"wp:featuredmedia":[{"embeddable":true,"href":"https:\/\/konferenztechnik.de\/zh\/wp-json\/wp\/v2\/media\/45482"}],"wp:attachment":[{"href":"https:\/\/konferenztechnik.de\/zh\/wp-json\/wp\/v2\/media?parent=1862"}],"curies":[{"name":"wp","href":"https:\/\/api.w.org\/{rel}","templated":true}]}}