{"id":20181,"date":"2022-11-16T10:08:18","date_gmt":"2022-11-16T09:08:18","guid":{"rendered":"https:\/\/www.konferenztechnik.de\/?page_id=20181"},"modified":"2023-08-28T15:41:32","modified_gmt":"2023-08-28T13:41:32","slug":"%e5%8a%9e%e5%85%ac%e5%ae%a4%e6%9c%8d%e5%8a%a1%e4%ba%ba%e5%91%98","status":"publish","type":"page","link":"https:\/\/konferenztechnik.de\/zh\/%e8%81%8c%e4%b8%9a%e7%94%9f%e6%b6%af\/%e5%8a%9e%e5%85%ac%e5%ae%a4%e6%9c%8d%e5%8a%a1%e4%ba%ba%e5%91%98\/","title":{"rendered":"\u62db\u8058\u529e\u516c\u5ba4\u670d\u52a1\u4eba\u5458\uff08\u7537\u5973\u4e0d\u9650"},"content":{"rendered":"<div class=\"center-box-medium\">\n<h1><strong>\u62db\u8058\u529e\u516c\u5ba4\u670d\u52a1\u4eba\u5458\uff08\u7537\u5973\u4e0d\u9650\uff09\uff08\u67cf\u6797\uff09<\/strong><\/h1>\n<p>\u6211\u4eec\u6b63\u5728\u62db\u8058\u4e00\u540d\u529e\u516c\u5ba4\u670d\u52a1\u4eba\u5458\uff08d\/w\/m\uff09\uff0c\u8d1f\u8d23\u5728\u4f1a\u8bae\u524d\u540e\u7ec4\u7ec7\u6211\u4eec\u7684\u529e\u516c\u5ba4\u548c\u53e3\u8bd1\u5de5\u4f5c\u5ba4\u3002\u6211\u4eec\u6b63\u5728\u5bfb\u627e\u6bcf\u5468 3 \u5929\u3001\u6bcf\u5929 2 \u4e2a \u2013 \u7684\u804c\u4f4d\uff0c\u5de5\u4f5c\u65f6\u95f4\u7075\u6d3b\u3002<\/p>\n<p>[spacer size=\"20\u2033]<\/p>\n<h2><strong>\u4efb\u52a1\u7cbe\u9009<\/strong><\/h2>\n<ul>\n<li>\u4f1a\u8bae\u5ba4\u7684\u51c6\u5907\u548c\u540e\u7eed\u5de5\u4f5c<\/li>\n<li>\u5e2e\u52a9\u51c6\u5907\u81ea\u52a9\u9910\u548c\u9910\u996e<\/li>\n<li>\u586b\u5145\u6d88\u8017\u54c1<\/li>\n<li>\u5bf9\u53a8\u623f\u3001\u5395\u6240\u548c\u516c\u5171\u533a\u57df\u7b49\u4e2a\u522b\u4eba\u6d41\u91cf\u5927\u7684\u533a\u57df\u8fdb\u884c\u989d\u5916\u6e05\u6d01\uff08\u57fa\u672c\u6e05\u6d01\u5de5\u4f5c\u7531\u6e05\u6d01\u670d\u52a1\u516c\u53f8\u6bcf\u5468\u8fdb\u884c\u4e00\u6b21\uff09\u3002<\/li>\n<\/ul>\n<p>[spacer size=\"20\u2033]<\/p>\n<h2><strong>\u60a8\u7684\u4e2a\u4eba\u8d44\u6599<\/strong><\/h2>\n<ul>\n<li>\u53cb\u597d\u548c\u4e50\u4e8e\u52a9\u4eba\u7684\u5de5\u4f5c\u65b9\u5f0f<\/li>\n<li>\u4f60\u6709\u826f\u597d\u7684\u7ec4\u7ec7\u80fd\u529b\uff0c\u5bf9\u624b\u5934\u7684\u5de5\u4f5c\u6709\u654f\u9510\u7684\u6d1e\u5bdf\u529b<\/li>\n<li>\u5fb7\u8bed\u6280\u80fd<\/li>\n<\/ul>\n<p>[spacer size=\"20\u2033]<\/p>\n<h2><strong>\u6211\u4eec\u63d0\u4f9b\u7684\u670d\u52a1<\/strong><\/h2>\n<ul>\n<li>\u957f\u671f\u804c\u4f4d\uff0c\u85aa\u916c\u5408\u7406\uff0c510 \u6b27\u5143<\/li>\n<li>\u4f18\u79c0\u800c\u53cb\u597d\u7684\u56e2\u961f<\/li>\n<li>\u6241\u5e73\u7684\u7b49\u7ea7\u5236\u5ea6\u548c\u7b80\u77ed\u7684\u51b3\u7b56\u8fc7\u7a0b<\/li>\n<li>\u4f4d\u4e8e\u5e02\u4e2d\u5fc3\u7684\u73b0\u4ee3\u5316\u5de5\u4f5c\u573a\u6240<\/li>\n<li>\u81ea\u7531\u5b89\u6392\u5de5\u4f5c\u65f6\u95f4<\/li>\n<\/ul>\n<p>[spacer size=\"20\u2033]<\/p>\n<h2>\u7acb\u5373\u7533\u8bf7<\/h2>\n<p>\u6211\u4eec\u671f\u5f85\u6536\u5230\u60a8\u7684\u7533\u8bf7\uff01\u8bf7\u53d1\u9001\u7535\u5b50\u90ae\u4ef6\u81f3<\/p>\n<p>\u53e4\u7eb3\u5c14-\u8d6b\u5c14\u6885\u7459<br \/>\n<a href=\"mailto:hermenau@konferenztechnik.de\">hermenau@konferenztechnik.de<\/a><\/p>\n<p>\u6211\u4eec\u4e0d\u8981\u6c42\u5177\u4f53\u7684\u6c42\u804c\u4fe1\uff0c\u7b80\u5386\u548c\u63a8\u8350\u4fe1\u4e5f\u662f\u53ef\u9009\u9879\u3002<\/p>\n<p>\u5982\u679c\u60a8\u6709\u4efb\u4f55\u5176\u4ed6\u95ee\u9898\uff0c\u8bf7\u901a\u8fc7\u4ee5\u4e0b\u65b9\u5f0f\u8054\u7cfb Gunnar Hermenau\uff1a <a href=\"tel:+4930695969014\">030 6959690 14<\/a> \u6216\u53d1\u9001\u7535\u5b50\u90ae\u4ef6\u3002<\/p>\n<\/div>","protected":false},"excerpt":{"rendered":"<p>B\u00fcro Servicekraft (m\/w\/d) gesucht (Berlin) Wir suchen eine B\u00fcro Servicekraft (d\/w\/m) f\u00fcr die Organisation unseres B\u00fcros und unserer Dolmetschstudios vor und nach Meetings und Konferenzen. Wir gehen von einer Besch\u00e4ftigung von 2 &#8211; 3 Tagen die Woche mit flexiblen Arbeitszeiten aus. [spacer size=&#8220;20&#8243;] Eine Auswahl an Aufgaben Vor- und Nachbereitung von Meeting- und Konferenzr\u00e4umen Hilfe [&hellip;]<\/p>","protected":false},"author":1,"featured_media":45482,"parent":5827,"menu_order":0,"comment_status":"closed","ping_status":"closed","template":"","meta":{"_acf_changed":false,"footnotes":""},"class_list":["post-20181","page","type-page","status-publish","has-post-thumbnail","hentry"],"acf":[],"_links":{"self":[{"href":"https:\/\/konferenztechnik.de\/zh\/wp-json\/wp\/v2\/pages\/20181","targetHints":{"allow":["GET"]}}],"collection":[{"href":"https:\/\/konferenztechnik.de\/zh\/wp-json\/wp\/v2\/pages"}],"about":[{"href":"https:\/\/konferenztechnik.de\/zh\/wp-json\/wp\/v2\/types\/page"}],"author":[{"embeddable":true,"href":"https:\/\/konferenztechnik.de\/zh\/wp-json\/wp\/v2\/users\/1"}],"replies":[{"embeddable":true,"href":"https:\/\/konferenztechnik.de\/zh\/wp-json\/wp\/v2\/comments?post=20181"}],"version-history":[{"count":0,"href":"https:\/\/konferenztechnik.de\/zh\/wp-json\/wp\/v2\/pages\/20181\/revisions"}],"up":[{"embeddable":true,"href":"https:\/\/konferenztechnik.de\/zh\/wp-json\/wp\/v2\/pages\/5827"}],"wp:featuredmedia":[{"embeddable":true,"href":"https:\/\/konferenztechnik.de\/zh\/wp-json\/wp\/v2\/media\/45482"}],"wp:attachment":[{"href":"https:\/\/konferenztechnik.de\/zh\/wp-json\/wp\/v2\/media?parent=20181"}],"curies":[{"name":"wp","href":"https:\/\/api.w.org\/{rel}","templated":true}]}}