{"id":20291,"date":"2023-01-25T13:28:48","date_gmt":"2023-01-25T12:28:48","guid":{"rendered":"https:\/\/www.konferenztechnik.de\/?page_id=20291"},"modified":"2023-11-22T17:13:28","modified_gmt":"2023-11-22T16:13:28","slug":"%e5%8f%8d%e9%a6%88","status":"publish","type":"page","link":"https:\/\/konferenztechnik.de\/zh\/%e5%8f%8d%e9%a6%88\/","title":{"rendered":"\u53cd\u9988\u610f\u89c1"},"content":{"rendered":"<div data-elementor-type=\"wp-page\" data-elementor-id=\"20291\" class=\"elementor elementor-20291\" data-elementor-post-type=\"page\">\n\t\t\t\t<div data-particle_enable=\"false\" data-particle-mobile-disabled=\"false\" class=\"elementor-element elementor-element-922a8a4 e-flex e-con-boxed e-con e-parent\" data-id=\"922a8a4\" data-element_type=\"container\">\n\t\t\t\t\t<div class=\"e-con-inner\">\n\t\t\t\t<div class=\"elementor-element elementor-element-66d783f elementor-widget elementor-widget-heading\" data-id=\"66d783f\" data-element_type=\"widget\" data-settings=\"{&quot;_animation&quot;:&quot;none&quot;}\" data-widget_type=\"heading.default\">\n\t\t\t\t<div class=\"elementor-widget-container\">\n\t\t\t\t\t<h2 class=\"elementor-heading-title elementor-size-default\">\u53cd\u9988\u3001\u63d0\u793a\u548c\u6295\u8bc9<\/h2>\t\t\t\t<\/div>\n\t\t\t\t<\/div>\n\t\t\t\t<div class=\"elementor-element elementor-element-e3e1972 elementor-widget__width-inherit elementor-widget elementor-widget-text-editor\" data-id=\"e3e1972\" data-element_type=\"widget\" data-widget_type=\"text-editor.default\">\n\t\t\t\t<div class=\"elementor-widget-container\">\n\t\t\t\t\t\t\t\t\t<p>\u6211\u4eec\u671f\u5f85\u60a8\u7684\u53cd\u9988\u3002\u8fd9\u6709\u52a9\u4e8e\u6211\u4eec\u8ba4\u8bc6\u5230\u6211\u4eec\u5728\u54ea\u4e9b\u65b9\u9762\u505a\u5f97\u597d\uff0c\u5728\u54ea\u4e9b\u65b9\u9762\u53ef\u4ee5\u6539\u8fdb\u3002\u60a8\u53ef\u4ee5\u76f4\u63a5\u5411 PCS \u7684\u9879\u76ee\u7ecf\u7406\u63d0\u51fa\u53cd\u9988\u610f\u89c1\uff0c\u4ed6\u4eec\u4f1a\u5f88\u4e50\u610f\u89e3\u51b3\u60a8\u6240\u5173\u5fc3\u7684\u95ee\u9898\u6216\u63a5\u53d7\u60a8\u7684\u8868\u626c\u548c\u6279\u8bc4\u3002<\/p><p>\u00a0<\/p><p>\u5982\u679c\u60a8\u5e0c\u671b\u5c06\u60a8\u7684\u4fe1\u606f\u59d4\u6258\u7ed9\u4e00\u4f4d\u4e2d\u7acb\u4eba\u58eb\uff0c\u8bf7\u901a\u8fc7\u7535\u5b50\u90ae\u4ef6\u3001\u7535\u8bdd\u6216\u90ae\u4ef6\u8054\u7cfb\u6211\u4eec\u7684 Thorsten Gei\u00dfler\u3002\u60a8\u4e5f\u53ef\u4ee5\u5411\u4ed6\u53d1\u9001\u4fdd\u5bc6\u6216\u533f\u540d\u7684\u5408\u89c4\u4fe1\u606f\u3002<\/p><p>\u00a0<span style=\"font-family: var( --e-global-typography-text-font-family ), Barlowlocal, Sans-Serif; font-size: var( --e-global-typography-text-font-size ); font-weight: var( --e-global-typography-text-font-weight ); text-align: var(--text-align);\">\u00a0<\/span><\/p><p>Thorsten Gei\u00dfler<br \/>\u7535\u8bdd\u00a0<a href=\"tel:+4921173779816\">+49 211 737798 16<\/a><br \/>\u5730\u5740\uff1aPCS GmbH, Reisholzer Werftstra\u00dfe 42, 40589 D\u00fcsseldorf<\/p>\t\t\t\t\t\t\t\t<\/div>\n\t\t\t\t<\/div>\n\t\t\t\t\t<\/div>\n\t\t\t\t<\/div>\n\t\t<div data-particle_enable=\"false\" data-particle-mobile-disabled=\"false\" class=\"elementor-element elementor-element-c877639 e-flex e-con-boxed e-con e-parent\" data-id=\"c877639\" data-element_type=\"container\">\n\t\t\t\t\t<div class=\"e-con-inner\">\n\t\t\t\t<div class=\"elementor-element elementor-element-b3cb87d elementor-widget elementor-widget-heading\" data-id=\"b3cb87d\" data-element_type=\"widget\" data-settings=\"{&quot;_animation&quot;:&quot;none&quot;}\" data-widget_type=\"heading.default\">\n\t\t\t\t<div class=\"elementor-widget-container\">\n\t\t\t\t\t<h2 class=\"elementor-heading-title elementor-size-default\">\u5408\u89c4\u4fe1\u606f\u8054\u7cfb\u8868<\/h2>\t\t\t\t<\/div>\n\t\t\t\t<\/div>\n\t\t\t\t<div class=\"elementor-element elementor-element-26c94b1 elementor-widget__width-inherit elementor-widget elementor-widget-text-editor\" data-id=\"26c94b1\" data-element_type=\"widget\" data-widget_type=\"text-editor.default\">\n\t\t\t\t<div class=\"elementor-widget-container\">\n\t\t\t\t\t\t\t\t\t<p>\u5982\u679c\u60a8\u5e0c\u671b\u533f\u540d\u8054\u7cfb\u6211\u4eec\uff0c\u8bf7\u5c06 \"\u7535\u5b50\u90ae\u4ef6\u5730\u5740 \"\u548c \"\u59d3\u540d \"\u7559\u7a7a\u3002<\/p>\t\t\t\t\t\t\t\t<\/div>\n\t\t\t\t<\/div>\n\t\t\t\t<div class=\"elementor-element elementor-element-845b81d elementor-widget__width-initial elementor-button-align-stretch elementor-widget elementor-widget-form\" data-id=\"845b81d\" data-element_type=\"widget\" data-settings=\"{&quot;step_next_label&quot;:&quot;N\\u00e4chster&quot;,&quot;step_previous_label&quot;:&quot;Voriger&quot;,&quot;button_width&quot;:&quot;100&quot;,&quot;step_type&quot;:&quot;number_text&quot;,&quot;step_icon_shape&quot;:&quot;circle&quot;}\" data-widget_type=\"form.default\">\n\t\t\t\t<div class=\"elementor-widget-container\">\n\t\t\t\t\t\t\t<form class=\"elementor-form\" method=\"post\" name=\"Bitte um R\u00fcckruf\" aria-label=\"\u8bf7\u7ed9\u6211\u56de\u7535\u8bdd\" action=\"\">\n\t\t\t<input type=\"hidden\" name=\"post_id\" value=\"20291\"\/>\n\t\t\t<input type=\"hidden\" name=\"form_id\" value=\"845b81d\"\/>\n\t\t\t<input type=\"hidden\" name=\"referer_title\" value=\"\" \/>\n\n\t\t\t\n\t\t\t<div class=\"elementor-form-fields-wrapper elementor-labels-above\">\n\t\t\t\t\t\t\t\t<div class=\"elementor-field-type-email elementor-field-group elementor-column elementor-field-group-user_email elementor-col-100\">\n\t\t\t\t\t\t\t\t\t\t\t\t<label for=\"form-field-user_email\" class=\"elementor-field-label\">\n\t\t\t\t\t\t\t\t\u7535\u5b50\u90ae\u4ef6\u5730\u5740\uff08\u53ef\u9009\uff09\t\t\t\t\t\t\t<\/label>\n\t\t\t\t\t\t\t\t\t\t\t\t\t\t<input size=\"1\" type=\"email\" name=\"form_fields[user_email]\" id=\"form-field-user_email\" class=\"elementor-field elementor-size-sm  elementor-field-textual\">\n\t\t\t\t\t\t\t\t\t\t\t<\/div>\n\t\t\t\t\t\t\t\t<div class=\"elementor-field-type-text\">\n\t\t\t\t\t<input size=\"1\" type=\"text\" name=\"form_fields[field_ca93b28]\" id=\"form-field-field_ca93b28\" class=\"elementor-field elementor-size-sm\" style=\"display:none !important;\">\t\t\t\t<\/div>\n\t\t\t\t\t\t\t\t<div class=\"elementor-field-type-text elementor-field-group elementor-column elementor-field-group-email elementor-col-100\">\n\t\t\t\t\t\t\t\t\t\t\t\t<label for=\"form-field-email\" class=\"elementor-field-label\">\n\t\t\t\t\t\t\t\t\u59d3\u540d\uff08\u53ef\u9009\uff09\t\t\t\t\t\t\t<\/label>\n\t\t\t\t\t\t\t\t\t\t\t\t\t\t<input size=\"1\" type=\"text\" name=\"form_fields[email]\" id=\"form-field-email\" class=\"elementor-field elementor-size-sm  elementor-field-textual\">\n\t\t\t\t\t\t\t\t\t\t\t<\/div>\n\t\t\t\t\t\t\t\t<div class=\"elementor-field-type-textarea elementor-field-group elementor-column elementor-field-group-message elementor-col-100 elementor-field-required\">\n\t\t\t\t\t\t\t\t\t\t\t\t<label for=\"form-field-message\" class=\"elementor-field-label\">\n\t\t\t\t\t\t\t\t\u7559\u8a00 *\t\t\t\t\t\t\t<\/label>\n\t\t\t\t\t\t<textarea class=\"elementor-field-textual elementor-field  elementor-size-sm\" name=\"form_fields[message]\" id=\"form-field-message\" rows=\"4\" required=\"required\"><\/textarea>\t\t\t\t<\/div>\n\t\t\t\t\t\t\t\t<div class=\"elementor-field-type-text\">\n\t\t\t\t\t<input size=\"1\" type=\"text\" name=\"form_fields[field_871fdfb]\" id=\"form-field-field_871fdfb\" class=\"elementor-field elementor-size-sm\" style=\"display:none !important;\">\t\t\t\t<\/div>\n\t\t\t\t\t\t\t\t<div class=\"elementor-field-type-acceptance elementor-field-group elementor-column elementor-field-group-field_a3fe0aa elementor-col-100 elementor-field-required\">\n\t\t\t\t\t\t\t<div class=\"elementor-field-subgroup\">\n\t\t\t<span class=\"elementor-field-option\">\n\t\t\t\t<input type=\"checkbox\" name=\"form_fields[field_a3fe0aa]\" id=\"form-field-field_a3fe0aa\" class=\"elementor-field elementor-size-sm  elementor-acceptance-field\" required=\"required\">\n\t\t\t\t<label for=\"form-field-field_a3fe0aa\">\u6211\u5728\u6b64\u540c\u610f\u5bf9\u6240\u8f93\u5165\u7684\u6570\u636e\u8fdb\u884c\u5904\u7406\uff0c\u5e76\u540c\u610f <a href=\"https:\/\/konferenztechnik.de\/zh\/%e6%95%b0%e6%8d%ae%e4%bf%9d%e6%8a%a4%e5%a3%b0%e6%98%8e\/\" target=\"_blank\">\u9690\u79c1\u653f\u7b56<\/a> \u540c\u610f\u3002*<br><br>\n* \u5fc5\u586b\u5b57\u6bb5<\/label>\t\t\t<\/span>\n\t\t<\/div>\n\t\t\t\t\t\t<\/div>\n\t\t\t\t\t\t\t\t<div class=\"elementor-field-group elementor-column elementor-field-type-submit elementor-col-100 e-form__buttons\">\n\t\t\t\t\t<button class=\"elementor-button elementor-size-sm elementor-animation-shrink\" type=\"submit\">\n\t\t\t\t\t\t<span class=\"elementor-button-content-wrapper\">\n\t\t\t\t\t\t\t\t\t\t\t\t\t\t\t\t\t\t\t\t\t\t<span class=\"elementor-button-text\">\u53d1\u9001<\/span>\n\t\t\t\t\t\t\t\t\t\t\t\t\t<\/span>\n\t\t\t\t\t<\/button>\n\t\t\t\t<\/div>\n\t\t\t<\/div>\n\t\t<input type=\"hidden\" name=\"trp-form-language\" value=\"zh\"\/><\/form>\n\t\t\t\t\t\t<\/div>\n\t\t\t\t<\/div>\n\t\t\t\t\t<\/div>\n\t\t\t\t<\/div>\n\t\t\t\t<\/div>","protected":false},"excerpt":{"rendered":"<p>Feedback, Hinweise und Beschwerden Wir freuen uns \u00fcber Ihr Feedback. Es hilft uns sehr zu erkennen, was wir gut machen und wo wir uns noch verbessern k\u00f6nnen. Geben Sie doch direkt Ihren Projektbetreuer*innen bei PCS ein Feedback, diese k\u00fcmmern sich dann gerne um Ihr Anliegen oder freuen sich \u00fcber Ihr Lob und Ihre Kritik. \u00a0 [&hellip;]<\/p>","protected":false},"author":1,"featured_media":45482,"parent":0,"menu_order":0,"comment_status":"closed","ping_status":"closed","template":"","meta":{"_acf_changed":false,"footnotes":""},"class_list":["post-20291","page","type-page","status-publish","has-post-thumbnail","hentry"],"acf":[],"_links":{"self":[{"href":"https:\/\/konferenztechnik.de\/zh\/wp-json\/wp\/v2\/pages\/20291","targetHints":{"allow":["GET"]}}],"collection":[{"href":"https:\/\/konferenztechnik.de\/zh\/wp-json\/wp\/v2\/pages"}],"about":[{"href":"https:\/\/konferenztechnik.de\/zh\/wp-json\/wp\/v2\/types\/page"}],"author":[{"embeddable":true,"href":"https:\/\/konferenztechnik.de\/zh\/wp-json\/wp\/v2\/users\/1"}],"replies":[{"embeddable":true,"href":"https:\/\/konferenztechnik.de\/zh\/wp-json\/wp\/v2\/comments?post=20291"}],"version-history":[{"count":0,"href":"https:\/\/konferenztechnik.de\/zh\/wp-json\/wp\/v2\/pages\/20291\/revisions"}],"wp:featuredmedia":[{"embeddable":true,"href":"https:\/\/konferenztechnik.de\/zh\/wp-json\/wp\/v2\/media\/45482"}],"wp:attachment":[{"href":"https:\/\/konferenztechnik.de\/zh\/wp-json\/wp\/v2\/media?parent=20291"}],"curies":[{"name":"wp","href":"https:\/\/api.w.org\/{rel}","templated":true}]}}