{"id":2103,"date":"2013-09-19T13:22:58","date_gmt":"2013-09-19T11:22:58","guid":{"rendered":"https:\/\/konferenztechnik.de\/?page_id=2103"},"modified":"2013-09-19T13:22:58","modified_gmt":"2013-09-19T11:22:58","slug":"%e5%8d%b0%e8%ae%b0","status":"publish","type":"page","link":"https:\/\/konferenztechnik.de\/zh\/%e8%81%94%e7%b3%bb\/%e5%8d%b0%e8%ae%b0\/","title":{"rendered":"\u7248\u672c\u8bf4\u660e"},"content":{"rendered":"<h1>\u7248\u672c\u8bf4\u660e<\/h1>\n<p>\u8fd9\u662f PCS Vertriebs- und Service GmbH \u548c PCS Professional Conference Systems GmbH \u8054\u5408\u63a8\u51fa\u7684\u4ea7\u54c1\u3002<br \/>\n\u8be6\u60c5\u8bf7\u53c2\u8003\u4ee5\u4e0b\u4fe1\u606f\u3002<\/p>\n<p>[column size=\"1-2\u2033 last=\"0\u2033]<br \/>\n<b>PCS \u4e13\u4e1a\u4f1a\u8bae\u7cfb\u7edf\u6709\u9650\u516c\u53f8<\/b><\/p>\n<p><b>\u4e1a\u4e3b<\/b><br \/>\n\u5fb7\u514b-\u8bfa\u4f0a\u66fc<br \/>\n\u7ea6\u5c14\u683c-\u4f69\u65bd\u5361<\/p>\n<p><b>\u5e38\u52a1\u8463\u4e8b<\/b><br \/>\n\u5fb7\u514b-\u8bfa\u4f0a\u66fc<br \/>\n\u7ea6\u5c14\u683c-\u4f69\u65bd\u5361<br \/>\n\u53e4\u7eb3\u5c14-\u8d6b\u5c14\u6885\u7459<br \/>\nThorsten Gei\u00dfler<\/p>\n<p><b>\u5730\u5740<\/b><br \/>\nReisholzer Werftstra\u00dfe 42<br \/>\n40589 \u675c\u585e\u5c14\u591a\u592b<br \/>\n\u7535\u8bdd\uff1a+49 211 737798-0<br \/>\n\u4f20\u771f\uff1a+49 211 737798-19<\/p>\n<p>\u6839\u636e\u300a\u7535\u5b50\u5546\u52a1\u6cd5\u5f8b\u6846\u67b6\u6cd5\u300b\uff08EGG\uff09\u548c\u300a\u7535\u4fe1\u670d\u52a1\u6cd5\u300b\uff08TDG\uff09\u7b2c 6 \u6761\u89c4\u5b9a\u63d0\u4f9b\u7684\u8865\u5145\u4fe1\u606f\uff1a<\/p>\n<p><b>\u4e92\u8054\u7f51<\/b><br \/>\n<a href=\"https:\/\/konferenztechnik.de\/zh\">www.konferenztechnik.de<\/a><\/p>\n<p><b>\u7535\u5b50\u90ae\u4ef6<\/b><br \/>\n<a href=\"mailto:info@konferenztechnik.de\">info@konferenztechnik.de<\/a><\/p>\n<p><b>\u57fa\u91d1\u4f1a<\/b><br \/>\n1995 \u5e74 9 \u6708 28 \u65e5\u516c\u8bc1<\/p>\n<p><b>\u6cd5\u5f8b\u5f62\u5f0f<\/b><br \/>\nLtd.<\/p>\n<p><b>\u5546\u4e1a\u767b\u8bb0<\/b><br \/>\nHRB 32720<br \/>\n\u675c\u585e\u5c14\u591a\u592b\u5730\u65b9\u6cd5\u9662<br \/>\n1995 \u5e74 11 \u6708 14 \u65e5\u5165\u5883<\/p>\n<p><b>\u6839\u636e\u9500\u552e\u7a0e\u6cd5\u7b2c 27a \u6761\u89c4\u5b9a\u7684\u9500\u552e\u7a0e\u8bc6\u522b\u53f7<\/b><br \/>\nDE 176 161 352<\/p>\n<p><b>\u96c7\u4e3b\u8d23\u4efb\u4fdd\u9669\u534f\u4f1a<\/b><br \/>\nVBG<br \/>\n\u884c\u653f\u96c7\u4e3b\u8d23\u4efb\u4fdd\u9669\u534f\u4f1a<br \/>\n\u4f1a\u5458\u7f16\u53f7 97\/0048\/8929<br \/>\n[\/column]<\/p>\n<p>[column size=\"1-2\u2033 last=\"1\u2033]<br \/>\n<b>PCS Vertriebs- und Service GmbH<\/b><\/p>\n<p><b>\u4e1a\u4e3b<\/b><br \/>\n\u5fb7\u514b-\u8bfa\u4f0a\u66fc<br \/>\n\u7ea6\u5c14\u683c-\u4f69\u65bd\u5361<\/p>\n<p><b>\u5e38\u52a1\u8463\u4e8b<\/b><br \/>\n\u5fb7\u514b-\u8bfa\u4f0a\u66fc<br \/>\n\u7ea6\u5c14\u683c-\u4f69\u65bd\u5361<br \/>\n\u53e4\u7eb3\u5c14-\u8d6b\u5c14\u6885\u7459<br \/>\nThorsten Gei\u00dfler<\/p>\n<p><b>\u5730\u5740<\/b><br \/>\nReisholzer Werftstra\u00dfe 42<br \/>\n40589 \u675c\u585e\u5c14\u591a\u592b<br \/>\n\u7535\u8bdd\uff1a+49 211 737798-20<br \/>\n\u4f20\u771f\uff1a+49 211 737798-29<\/p>\n<p>\u6839\u636e\u300a\u7535\u5b50\u5546\u52a1\u6cd5\u5f8b\u6846\u67b6\u6cd5\u300b\uff08EGG\uff09\u548c\u300a\u7535\u4fe1\u670d\u52a1\u6cd5\u300b\uff08TDG\uff09\u7b2c 6 \u6761\u89c4\u5b9a\u63d0\u4f9b\u7684\u8865\u5145\u4fe1\u606f\uff1a<\/p>\n<p><b>\u4e92\u8054\u7f51<\/b><br \/>\n<a href=\"https:\/\/konferenztechnik.de\/zh\">www.konferenztechnik.de<\/a><\/p>\n<p><b>\u7535\u5b50\u90ae\u4ef6<\/b><br \/>\n<a href=\"mailto:vertrieb@konferenztechnik.de\">vertrieb@konferenztechnik.de<\/a><\/p>\n<p><b>\u57fa\u91d1\u4f1a<\/b><br \/>\n\u516c\u8bc1 22.12.2006<\/p>\n<p><b>\u6cd5\u5f8b\u5f62\u5f0f<\/b><br \/>\nLtd.<\/p>\n<p><b>\u5546\u4e1a\u767b\u8bb0<\/b><br \/>\nHRB 56501<br \/>\n\u675c\u585e\u5c14\u591a\u592b\u5730\u65b9\u6cd5\u9662<br \/>\n2007 \u5e74 6 \u6708 18 \u65e5\u767b\u5f55<\/p>\n<p><b>\u6839\u636e\u9500\u552e\u7a0e\u6cd5\u7b2c 27a \u6761\u89c4\u5b9a\u7684\u9500\u552e\u7a0e\u8bc6\u522b\u53f7<\/b><br \/>\nDE 814 889 174<\/p>\n<p><b>\u96c7\u4e3b\u8d23\u4efb\u4fdd\u9669\u534f\u4f1a<\/b><br \/>\nBGHW<br \/>\n\u96c7\u4e3b\u8d23\u4efb\u4fdd\u9669 \u8d38\u6613\u548c\u5546\u54c1\u6d41\u901a\u534f\u4f1a<br \/>\nM 9\/984 7264<\/p>\n<p>[\/column]<\/p>\n<h2>\u8d23\u4efb\u7f16\u8f91<\/h2>\n<p>  \u7ea6\u5c14\u683c-\u4f69\u65bd\u5361<br \/>\n  <a href=\"mailto:impressum@konferenztechnik.de\">impressum@konferenztechnik.de<\/a><\/p>\n<h2>\u4f7f\u7528\u6743\uff1a<\/h2>\n<p>\u7248\u6743 \u00a9 1995-2018<br \/>\n  PCS \u4e13\u4e1a\u4f1a\u8bae\u7cfb\u7edf\u6709\u9650\u516c\u53f8<br \/>\n\u548c PCS Vertriebs- und Service GmbH<br \/>\n  Reisholzer Werftstra\u00dfe 42<br \/>\n  \u5fb7\u56fd\u675c\u585e\u5c14\u591a\u592b 40589<\/p>\n<p>\u4fdd\u7559\u6240\u6709\u6743\u5229\u3002<\/p>\n<p>PCS Professional Conference Systems GmbH \u62e5\u6709\u672c\u7f51\u7ad9\u7684\u6240\u6709\u7248\u6743\u3002 <\/p>\n<p>\u56fe\u7247\u7248\u6743\u5f52 PCS Professional Conference Systems GmbH\u3001PCS Vertriebs- und Service GmbH \u548c\u76f8\u5173\u5236\u9020\u5546\u6240\u6709\u3002<\/p>\n<p>\u672a\u7ecf \u2013 \u4e8b\u5148\u4e66\u9762\u6388\u6743\uff0c\u4e25\u7981\u62f7\u8d1d\u3001\u6253\u5370\u3001\u590d\u5236\u6216\u5206\u53d1\u8fd9\u4e9b\u7f51\u9875\u53ca\u5176\u4e2d\u5305\u542b\u7684\u6587\u4ef6\u548c\u56fe\u50cf\uff0c\u5373\u4f7f\u662f\u5176\u4e2d\u7684\u4e00\u90e8\u5206\u3002\u5728\u6b64\u63d0\u4f9b\u7684\u7f51\u9875\u548c\u6587\u4ef6\u4ec5\u4f9b\u53c2\u8003\uff0c\u4e0d\u5f97\u7528\u4e8e\u5546\u4e1a\u7528\u9014\u3002<\/p>\n<p>\u6211\u4eec\u5728\u7f51\u7ad9\u4e0a\u53d1\u5e03\u6240\u6709\u5185\u5bb9\u3001\u56fe\u7247\u548c\u56fe\u7247\u7248\u6743\u4e4b\u524d\u90fd\u4f1a\u4ed4\u7ec6\u68c0\u67e5\u3002\u5982\u679c\u6211\u4eec\u8fd8\u662f\u51fa\u73b0\u4e86\u9519\u8bef\uff0c\u8bf7\u8054\u7cfb\u6211\u4eec\uff0c\u4ee5\u4fbf\u6211\u4eec\u5feb\u901f\u3001\u8f7b\u677e\u5730\u89e3\u51b3\u95ee\u9898\u3002 <a href=\"mailto:impressum@konferenztechnik.de\">impressum@konferenztechnik.de<\/a>.\u975e\u5e38\u611f\u8c22\uff01\n<\/p>\n<p><h2>\u514d\u8d23\u58f0\u660e<\/h2>\n<\/p>\n<p>\u5c3d\u7ba1\u5bf9\u5185\u5bb9\u8fdb\u884c\u4e86\u4ed4\u7ec6\u68c0\u67e5\uff0c\u4f46\u6211\u4eec\u5bf9\u5916\u90e8\u53c2\u8003\u8d44\u6599\/\u94fe\u63a5\u7684\u5185\u5bb9\u4e0d\u627f\u62c5\u4efb\u4f55\u8d23\u4efb\u3002\u94fe\u63a5\u7f51\u9875\u7684\u5185\u5bb9\u5b8c\u5168\u7531\u5176\u8fd0\u8425\u5546\u8d1f\u8d23\u3002\n<\/p>\n<p>PCS Professional Conference Systems GmbH \u52aa\u529b\u786e\u4fdd\u5176\u7f51\u7ad9\u5185\u5bb9\u59cb\u7ec8\u662f\u6700\u65b0\u3001\u6b63\u786e\u548c\u5b8c\u6574\u7684\u3002\u5c3d\u7ba1\u5982\u6b64\uff0c\u4e5f\u4e0d\u80fd\u5b8c\u5168\u6392\u9664\u9519\u8bef\u7684\u53ef\u80fd\u6027\u3002PCS \u4e13\u4e1a\u4f1a\u8bae\u7cfb\u7edf\u6709\u9650\u516c\u53f8\u5bf9\u5176\u7f51\u7ad9\u4e0a\u6240\u63d0\u4f9b\u4fe1\u606f\u7684\u65f6\u4e8b\u6027\u3001\u51c6\u786e\u6027\u6216\u5b8c\u6574\u6027\u4e0d\u627f\u62c5\u4efb\u4f55\u8d23\u4efb\uff0c\u9664\u975e\u8fd9\u4e9b\u9519\u8bef\u662f\u6545\u610f\u6216\u56e0\u91cd\u5927\u8fc7\u5931\u9020\u6210\u7684\u3002\u8fd9\u662f\u6307\u7531\u4e8e\u4f7f\u7528\u672c\u7f51\u7ad9\u800c\u5bf9\u7b2c\u4e09\u65b9\u9020\u6210\u7684\u4efb\u4f55\u7269\u8d28\u6216\u975e\u7269\u8d28\u635f\u5bb3\u3002<\/p>\n<h2>\u6570\u636e\u4fdd\u62a4<\/h2>\n<p>\u60a8\u53ef\u4ee5\u901a\u8fc7\u4ee5\u4e0b\u94fe\u63a5\u67e5\u770b\u6211\u4eec\u7684\u9690\u79c1\u653f\u7b56\uff1a<br \/>\n<a href=\"https:\/\/konferenztechnik.de\/zh\/%e6%95%b0%e6%8d%ae%e4%bf%9d%e6%8a%a4%e5%a3%b0%e6%98%8e\/\">\u7f51\u7ad9 www.konferenztechnik.de \u7684\u9690\u79c1\u653f\u7b56<\/a><br \/>\n[spacer size=\"40\u2033]<\/p>","protected":false},"excerpt":{"rendered":"<p>Impressum Dies ist der gemeinsame Auftritt der PCS Vertriebs- und Service GmbH und der PCS Professional Conference Systems GmbH. Einzelheiten entnehmen Sie bitte den Informationen unten. [column size=&#8220;1-2&#8243; last=&#8220;0&#8243;] PCS Professional Conference Systems GmbH Inhaber Dirk Neumann J\u00f6rg Peschka Gesch\u00e4ftsf\u00fchrer Dirk Neumann J\u00f6rg Peschka Gunnar Hermenau Thorsten Gei\u00dfler Adresse Reisholzer Werftstra\u00dfe 42 40589 D\u00fcsseldorf Tel.:+49 [&hellip;]<\/p>","protected":false},"author":1,"featured_media":45482,"parent":791,"menu_order":145,"comment_status":"closed","ping_status":"open","template":"","meta":{"_acf_changed":false,"footnotes":""},"class_list":["post-2103","page","type-page","status-publish","has-post-thumbnail","hentry"],"acf":[],"_links":{"self":[{"href":"https:\/\/konferenztechnik.de\/zh\/wp-json\/wp\/v2\/pages\/2103","targetHints":{"allow":["GET"]}}],"collection":[{"href":"https:\/\/konferenztechnik.de\/zh\/wp-json\/wp\/v2\/pages"}],"about":[{"href":"https:\/\/konferenztechnik.de\/zh\/wp-json\/wp\/v2\/types\/page"}],"author":[{"embeddable":true,"href":"https:\/\/konferenztechnik.de\/zh\/wp-json\/wp\/v2\/users\/1"}],"replies":[{"embeddable":true,"href":"https:\/\/konferenztechnik.de\/zh\/wp-json\/wp\/v2\/comments?post=2103"}],"version-history":[{"count":0,"href":"https:\/\/konferenztechnik.de\/zh\/wp-json\/wp\/v2\/pages\/2103\/revisions"}],"up":[{"embeddable":true,"href":"https:\/\/konferenztechnik.de\/zh\/wp-json\/wp\/v2\/pages\/791"}],"wp:featuredmedia":[{"embeddable":true,"href":"https:\/\/konferenztechnik.de\/zh\/wp-json\/wp\/v2\/media\/45482"}],"wp:attachment":[{"href":"https:\/\/konferenztechnik.de\/zh\/wp-json\/wp\/v2\/media?parent=2103"}],"curies":[{"name":"wp","href":"https:\/\/api.w.org\/{rel}","templated":true}]}}