{"id":2266,"date":"2013-09-20T13:40:58","date_gmt":"2013-09-20T11:40:58","guid":{"rendered":"https:\/\/konferenztechnik.de\/?page_id=2266"},"modified":"2023-07-05T14:14:58","modified_gmt":"2023-07-05T12:14:58","slug":"%e9%9f%b3%e5%93%8d%e7%b3%bb%e7%bb%9f","status":"publish","type":"page","link":"https:\/\/konferenztechnik.de\/zh\/%e5%88%86%e5%8f%91%e4%bc%9a%e8%ae%ae%e5%92%8c-av-%e5%aa%92%e4%bd%93%e6%8a%80%e6%9c%af\/%e9%9f%b3%e9%a2%91%e6%8a%80%e6%9c%af%ef%bc%9a%e9%ba%a6%e5%85%8b%e9%a3%8e%e3%80%81%e6%89%a9%e9%9f%b3%e3%80%81%e6%8e%a7%e5%88%b6%e5%ae%a4%e5%92%8c%e5%9b%9e%e6%94%be\/%e9%9f%b3%e5%93%8d%e7%b3%bb%e7%bb%9f\/","title":{"rendered":"\u97f3\u54cd\u7cfb\u7edf"},"content":{"rendered":"<h1>\u626c\u58f0\u5668<\/h1>\n<p>\u4f1a\u8bae\u5ba4\/\u5927\u5385\u4e2d\u626c\u58f0\u5668\u7684\u4e13\u4e1a\u89c4\u5212\u5b9a\u4f4d\u5bf9\u4e8e\u5b9e\u73b0\u6700\u4f73\u8bed\u97f3\u6e05\u6670\u5ea6\u81f3\u5173\u91cd\u8981\u3002\u5efa\u7b51\u5e08\u548c\u89c6\u542c\u89c4\u5212\u5e08\u5e94\u5c3d\u65e9\u4ea4\u6362\u5fc5\u8981\u7684\u53c2\u6570\uff0c\u5e76\u643a\u624b\u5408\u4f5c\u3002<\/p>\n<h4>Kling &amp; Freitag \u626c\u58f0\u5668 CA 106<\/h4>\n<p><a href=\"https:\/\/konferenztechnik.de\/wp-content\/uploads\/2013\/09\/Kling_Freitag_Lautsprecher_CA_gross.jpg\"><img fetchpriority=\"high\" decoding=\"async\" width=\"400\" height=\"256\" class=\"alignleft size-full wp-image-2378\" src=\"https:\/\/konferenztechnik.de\/wp-content\/uploads\/2013\/09\/Kling_Freitag_Lautsprecher_CA_gross.jpg\" alt=\"Kling &amp; Freitag \u626c\u58f0\u5668 CA 106 \" title=\"\" srcset=\"https:\/\/konferenztechnik.de\/wp-content\/uploads\/2013\/09\/Kling_Freitag_Lautsprecher_CA_gross.jpg 400w, https:\/\/konferenztechnik.de\/wp-content\/uploads\/2013\/09\/Kling_Freitag_Lautsprecher_CA_gross-300x192.jpg 300w\" sizes=\"(max-width: 400px) 100vw, 400px\" \/><\/a><\/p>\n<p>\u8fd9\u79cd\u8d85\u7d27\u51d1\u3001\u9ad8\u6027\u80fd\u7684\u7cfb\u7edf\u9002\u7528\u4e8e\u4e2d\u77ed\u8046\u542c\u8ddd\u79bb\uff0c\u53ef\u666e\u904d\u4f7f\u7528\uff0c\u88ab\u89c6\u4e3a\u884c\u4e1a\u6807\u51c6\u3002\u9664\u4e86\u4e0e\u4f20\u7edf\u653e\u5927\u5668\u914d\u5408\u4f7f\u7528\u5916\uff0c\u8fd8\u53ef\u901a\u8fc7\u6570\u5b57\u7cfb\u7edf\u63a7\u5236\u5668\u8fdb\u884c\u64cd\u4f5c\u3002\u6b64\u5916\uff0c\u8fd8\u63d0\u4f9b\u5168\u5929\u5019\u7248\u672c\u3002<\/p>\n<h4>\u68ee\u6d77\u585e\u5c14 LSP 500 Pro \u65e0\u7ebf\u97f3\u9891\u7cfb\u7edf<\/h4>\n<ul>\n<li>\u901a\u8fc7\u5e94\u7528\u7a0b\u5e8f\u8fdb\u884c\u63a7\u5236<\/li>\n<li>\u8282\u7701\u65f6\u95f4\u548c\u91d1\u94b1<\/li>\n<li>\u65e0\u9700\u7535\u7f06\uff01\u7ec4\u88c5\u901f\u5ea6\u6781\u5feb<\/li>\n<li>\u5b89\u88c5\u65f6\u95f4\u6700\u591a\u53ef\u51cf\u5c11 70 %<\/li>\n<li>\u53ef\u8282\u7701\u9ad8\u8fbe 70 % \u7684\u914d\u4ef6\uff08\u653e\u5927\u5668\u3001\u8c03\u97f3\u53f0\u3001\u7535\u7f06\uff09\u8d39\u7528<\/li>\n<li>\u591a\u8fbe 40 % \u964d\u4f4e\u8fd0\u8f93\u6210\u672c<\/li>\n<\/ul>\n<p>\u66f4\u591a\u4fe1\u606f<\/p>\n<ul>\n<li>\u5c3a\u5bf8\uff08\u5bbd x \u9ad8 x \u6df1\uff09\uff1a290 x 550 x 320 \u6beb\u7c73\uff0811.42 \u82f1\u5bf8 x 21.65 \u82f1\u5bf8 x 12.60 \u82f1\u5bf8\uff09<\/li>\n<li>\u58f0\u5b66\u8bbe\u8ba1\uff1a\u53cc\u5411\u7cfb\u7edf\uff0c\u5c01\u95ed\u5f0f<\/li>\n<li>\u9891\u7387\u8303\u56f4\uff1a65 \u8d6b\u5179\u81f3 18 \u5343\u8d6b\u5179\uff08-10 \u5206\u8d1d\uff09<\/li>\n<li>\u8f93\u51fa\u529f\u7387\uff1a55 W \u8fde\u7eed\u529f\u7387\uff0c120 W \u5cf0\u503c\u529f\u7387<\/li>\n<li>\u5747\u8861\u5668\uff1a\u534a\u53c2\u6570\uff0c3 \u6ce2\u6bb5<\/li>\n<li>\u9ea6\u514b\u98ce\u8f93\u5165\uff1aXLR-3F\/\u00bc\"\uff086.3 \u6beb\u7c73\uff09\uff0c\u7ec4\u5408\u63d2\u53e3\uff0c\u53ef\u5207\u6362\u5e7b\u8c61\u7535\u6e90 48 V<\/li>\n<li>\u8f85\u52a9\u8f93\u5165\uff1aRCA \u7acb\u4f53\u58f0\u63d2\u5ea7<\/li>\n<li>\u7ebf\u6027\u8f93\u51faRCA \u7acb\u4f53\u58f0\u63d2\u5b54<\/li>\n<li>\u94fe\u63a5\u8f93\u5165\uff1aXLR-3F<\/li>\n<li>LINK OUT \u8f93\u51fa\uff1aXLR-3M<\/li>\n<li>USB \u7aef\u53e3\uff1aUSB 2.0<\/li>\n<li>USB \u6587\u4ef6\u683c\u5f0f\uff1a\u64ad\u653e\uff1aMP3\u3001WAV\u3001AAC\u3001FLAC \u5f55\u97f3\uff1aWAV<\/li>\n<li>\u84dd\u7259\u63a5\u53e3\uff1a\u5e26 aptX\u00ae \u7684 A2DP<\/li>\n<li>\u65e0\u7ebf\u5c40\u57df\u7f51\u63a5\u53e3\uff1aIEEE 802.11b\/g<\/li>\n<li>\u52a0\u5bc6\uff1aWPA2<\/li>\n<li>\u4e3b\u7535\u538b\/\u4e3b\u9891\u7387\uff1a100\u2013240 V ~\uff0c50\u201360 Hz<\/li>\n<li>\u7535\u6c60\uff1a2 x Sennheiser LBA 500\uff0c\u9502\u79bb\u5b50\u7535\u6c60 14.4 V\/4.4 Ah<\/li>\n<li>\u65f6\u95f4\uff1a\u7ea6 6 \u5c0f\u65f6\uff08\u8bed\u8a00\uff09<\/li>\n<li>\u5145\u7535\u65f6\u95f4\uff1a\u4e24\u5757\u7535\u6c60\u7ea6 5 \u5c0f\u65f6<\/li>\n<\/ul>\n<p>\u66f4\u591a\u4fe1\u606f<\/p>\n<h4>JBL \u626c\u58f0\u5668\u7ebf\u9635\u5217 VRX \u7cfb\u7edf<\/h4>\n<p><a href=\"https:\/\/konferenztechnik.de\/wp-content\/uploads\/2013\/09\/JBL_Lautsprecher_Line-Array_VRX-Systeme_gross.jpg\"><img decoding=\"async\" width=\"300\" height=\"300\" class=\"alignleft size-full wp-image-2377\" src=\"https:\/\/konferenztechnik.de\/wp-content\/uploads\/2013\/09\/JBL_Lautsprecher_Line-Array_VRX-Systeme_gross.jpg\" alt=\"JBL \u626c\u58f0\u5668\u7ebf\u9635\u5217 VRX \u7cfb\u7edf\" title=\"\" srcset=\"https:\/\/konferenztechnik.de\/wp-content\/uploads\/2013\/09\/JBL_Lautsprecher_Line-Array_VRX-Systeme_gross.jpg 300w, https:\/\/konferenztechnik.de\/wp-content\/uploads\/2013\/09\/JBL_Lautsprecher_Line-Array_VRX-Systeme_gross-150x150.jpg 150w\" sizes=\"(max-width: 300px) 100vw, 300px\" \/><\/a><\/p>\n<p>\u5982\u679c\u60a8\u4e0d\u80fd\u6216\u4e0d\u60f3\u5728\u623f\u95f4\u5185\u5b89\u88c5\u591a\u4e2a\u626c\u58f0\u5668\uff0c\u90a3\u4e48\u7ebf\u9635\u5217\u975e\u5e38\u9002\u5408\u5728\u5927\u623f\u95f4\u5185\u8fdb\u884c\u6269\u58f0\u3002JBL \u4e3a\u6b64\u63d0\u4f9b\u4e86\u4e00\u79cd\u6027\u80fd\u826f\u597d\u4e14\u6613\u4e8e\u5b89\u88c5\u7684\u626c\u58f0\u5668\u7cfb\u7edf\u3002<\/p>\n<h4>\u5929\u6717 DI \u7cfb\u5217<\/h4>\n<p><a href=\"https:\/\/konferenztechnik.de\/wp-content\/uploads\/2013\/09\/Tannoy_Di8-3q-top_gross.jpg\"><img decoding=\"async\" width=\"400\" height=\"600\" class=\"alignleft size-full wp-image-2376\" src=\"https:\/\/konferenztechnik.de\/wp-content\/uploads\/2013\/09\/Tannoy_Di8-3q-top_gross.jpg\" alt=\"\u5929\u6717 DI \u7cfb\u5217\" title=\"\" srcset=\"https:\/\/konferenztechnik.de\/wp-content\/uploads\/2013\/09\/Tannoy_Di8-3q-top_gross.jpg 400w, https:\/\/konferenztechnik.de\/wp-content\/uploads\/2013\/09\/Tannoy_Di8-3q-top_gross-200x300.jpg 200w\" sizes=\"(max-width: 400px) 100vw, 400px\" \/><\/a><\/p>\n<p>\u82f1\u56fd\u626c\u58f0\u5668\u5236\u9020\u5546 Tannoy \u7684 Di \u7cfb\u5217\u4e13\u4e3a\u5e7f\u6cdb\u7684\u5b89\u88c5\u5e94\u7528\u800c\u8bbe\u8ba1\u3002\u7531\u4e8e\u97f3\u8d28\u51fa\u8272\uff0c\u8be5\u626c\u58f0\u5668\u9002\u7528\u4e8e\u6574\u4e2a\u6269\u58f0\u7cfb\u7edf\uff0c\u53ef\u7528\u4f5c\u4e3b\u6269\u58f0\u6216\u80cc\u666f\u6269\u58f0\u3001\u8bed\u97f3\u6269\u58f0\u6216\u97f3\u4e50\u6269\u58f0\u3002\u626c\u58f0\u5668\u7ed3\u6784\u575a\u56fa\uff0c\u91cd\u91cf\u8f7b\uff0c\u6613\u4e8e\u5b89\u88c5\u3002\u9664\u6b64\u4ea7\u54c1\u7cfb\u5217\u5916\uff0cTannoy \u8fd8\u4e3a\u51e0\u4e4e\u6240\u6709\u53ef\u80fd\u7684\u5e94\u7528\u63d0\u4f9b\u626c\u58f0\u5668\u3002\u9664\u4e86\u7ecf\u5178\u7684\u8868\u9762\u5b89\u88c5\u5f0f\u626c\u58f0\u5668\u5916\uff0c\u8fd8\u6709\u5438\u9876\u5f0f\u626c\u58f0\u5668\u3001\u5165\u5899\u5f0f\u626c\u58f0\u5668\u7b49\u3002\u8fd9\u4e9b\u626c\u58f0\u5668\u8fd8\u53ef\u4e0e\u73b0\u6709\u7684 100V \u97f3\u54cd\u7cfb\u7edf\u8fde\u63a5\u3002<\/p>\n<h4>QSC \u626c\u58f0\u5668 HPRiGroup<\/h4>\n<p><a href=\"https:\/\/konferenztechnik.de\/wp-content\/uploads\/2013\/09\/Lautsprecher_QSC_HPRiGroup_gross.jpg\"><img loading=\"lazy\" decoding=\"async\" width=\"450\" height=\"285\" class=\"alignleft size-full wp-image-2379\" src=\"https:\/\/konferenztechnik.de\/wp-content\/uploads\/2013\/09\/Lautsprecher_QSC_HPRiGroup_gross.jpg\" alt=\"QSC \u626c\u58f0\u5668 HPRiGroup \" title=\"\" srcset=\"https:\/\/konferenztechnik.de\/wp-content\/uploads\/2013\/09\/Lautsprecher_QSC_HPRiGroup_gross.jpg 450w, https:\/\/konferenztechnik.de\/wp-content\/uploads\/2013\/09\/Lautsprecher_QSC_HPRiGroup_gross-300x190.jpg 300w\" sizes=\"(max-width: 450px) 100vw, 450px\" \/><\/a><\/p>\n<p>HPR \u7cfb\u5217\u4e3a\u7528\u6237\u63d0\u4f9b\u4e86 QSC \u529f\u7387\u653e\u5927\u5668\u7684\u5f3a\u5927\u529f\u80fd\u3001\u6280\u672f\u548c\u4f20\u5947\u822c\u7684\u53ef\u9760\u6027\uff0c\u4ee5\u53ca\u6709\u6e90\u626c\u58f0\u5668\u7cfb\u7edf\u7279\u6709\u7684\u64cd\u4f5c\u7b80\u4fbf\u6027\u3002\u65e0\u8bba\u60a8\u53ea\u60f3\u653e\u5927\u4eba\u58f0\u3001\u64ad\u653e\u97f3\u4e50\u6216\u4f20\u8f93\u5176\u4ed6\u58f0\u5b66\u4fe1\u53f7\u3002<\/p>\n<h2>QSC \u626c\u58f0\u5668 HPRiGroup<\/h2>\n<ul>\n<li>\u91c7\u7528 QSC \u529f\u653e\u6280\u672f\u7684\u6709\u6e90\u626c\u58f0\u5668\u7cfb\u7edf<\/li>\n<li>\u9ad8\u8fde\u7eed\u529f\u653e\u529f\u7387\uff1a\u4f4e\u97f3\u70ae 700 \u74e6\uff0c\u5168\u9891\u626c\u58f0\u5668\u9ad8\u8fbe 600 \u74e6<\/li>\n<li>\u575a\u56fa\u7684\u5916\u58f3\u7531 13 \u5c42\u6866\u6728\u80f6\u5408\u677f\u5236\u6210<\/li>\n<li>\u575a\u56fa\u8010\u7528\u7684\u524d\u683c\u6805<\/li>\n<li>\u96c6\u6210 35 \u6beb\u7c73\u652f\u67b6\uff08\u4f4e\u97f3\u70ae\u548c 2 \u8def\u578b\u53f7\uff09<\/li>\n<li>HPR122i\u3001HPR152i \u548c HPR153i \u578b\u53f7\u4e0a\u7684 M10 \u98de\u884c\u70b9<\/li>\n<\/ul>\n<h1>\u7ebf\u8def\u626c\u58f0\u5668<\/h1>\n<p>\u5728\u5bf9\u58f0\u5b66\u8981\u6c42\u8f83\u9ad8\u7684\u623f\u95f4\u4e2d\uff0c\u7ebf\u9635\u5217\u626c\u58f0\u5668\u80fd\u4ea7\u751f\u7a84\u8f90\u5c04\u58f0\u573a\uff0c\u56e0\u6b64\u80fd\u83b7\u5f97\u6781\u4f73\u7684\u6548\u679c\u3002<br \/>\n\u8fd9\u4e9b\u626c\u58f0\u5668\u57fa\u672c\u4e0a\u53ef\u5206\u4e3a\u65e0\u6e90\u7cfb\u7edf\u548c\u6709\u6e90\u7cfb\u7edf\u3002\u65e0\u6e90\u7cfb\u7edf\u9700\u8981\u5355\u72ec\u7684\u653e\u5927\u5668\u548c\u4fe1\u53f7\u5904\u7406\u7cfb\u7edf\u3002\u76f8\u6bd4\u4e4b\u4e0b\uff0c\u6709\u6e90\u7cfb\u7edf\u5df2\u7ecf\u6709\u4e00\u4e2a\u4f7f\u7528\u6570\u5b57\u4fe1\u53f7\u5904\u7406\u5668\uff08DSP\uff09\u7684\u96c6\u6210\u653e\u5927\u5668\u548c\u4fe1\u53f7\u5904\u7406\u7cfb\u7edf\u3002\u8bb8\u591a\u6709\u6e90\u7cfb\u7edf\u53ef\u4ee5\u901a\u8fc7\u6570\u5b57\u65b9\u5f0f\u63a7\u5236\u5782\u76f4\u6563\u5c04\u89d2\uff0c\u4ece\u800c\u7cbe\u786e\u5730\u7167\u4eae\u4e00\u4e2a\u6216\u591a\u4e2a\u8046\u542c\u533a \u2013\uff0c\u4f8b\u5982\u5267\u9662\u3001\u89c2\u4f17\u5e2d\u548c\u5c42\u3002\u5728\u8fd9\u79cd\u60c5\u51b5\u4e0b\uff0c\u6211\u4eec\u6240\u8bf4\u7684\u662f\u5149\u675f\u8f6c\u5411\uff0c\u5373\u4f7f\u7528 PC \u8f6f\u4ef6\u8bbe\u7f6e\u8272\u6563\u6bd4\u3002<\/p>\n<ul>\n<li>\u9ad8\u5f25\u6563\u89d2\uff0c\u5e26\u6765\u5747\u5300\u58f0\u573a<\/li>\n<li>\u4e0e\u9ea6\u514b\u98ce\u7ed3\u5408\u4f7f\u7528\u6548\u679c\u6700\u4f73\uff0c\u5bf9\u53cd\u9988\u4e0d\u654f\u611f<\/li>\n<li>\u53ef\u4e0e\u77f3\u818f\u677f\u3001\u6728\u6750\u6216\u5176\u4ed6\u8868\u9762\u9690\u5f62\u7ed3\u5408<\/li>\n<li>\u58f0\u538b\u7ea7\u6700\u9ad8\u53ef\u8fbe 100 \u5206\u8d1d<\/li>\n<li>\u5b89\u88c5\u6df1\u5ea6\u5c0f\uff0c\u6700\u5927 40 \u6beb\u7c73<\/li>\n<li>\u63d0\u4f9b 100 V \u7248\u672c<\/li>\n<\/ul>\n<h4>RCF L2406-T<\/h4>\n<p><a href=\"https:\/\/konferenztechnik.de\/wp-content\/uploads\/2013\/09\/Zeilenlautsprecher_RCF_L2406T.jpg\"><img loading=\"lazy\" decoding=\"async\" width=\"388\" height=\"650\" class=\"alignleft size-full wp-image-2387\" src=\"https:\/\/konferenztechnik.de\/wp-content\/uploads\/2013\/09\/Zeilenlautsprecher_RCF_L2406T.jpg\" alt=\"RCF L2406-T \" title=\"\" srcset=\"https:\/\/konferenztechnik.de\/wp-content\/uploads\/2013\/09\/Zeilenlautsprecher_RCF_L2406T.jpg 388w, https:\/\/konferenztechnik.de\/wp-content\/uploads\/2013\/09\/Zeilenlautsprecher_RCF_L2406T-179x300.jpg 179w\" sizes=\"(max-width: 388px) 100vw, 388px\" \/><\/a><\/p>\n<p>RCF \u7684 L2406-T \u662f\u4e00\u6b3e\u65e0\u6e90\u7ebf\u58f0\u6e90\u626c\u58f0\u5668\u3002\u8be5\u626c\u58f0\u5668\u5177\u6709\u4ee5\u4e0b\u7279\u70b9\uff1a<\/p>\n<ul>\n<li>6 x 5 \u82f1\u5bf8\u4f4e\u9891\uff0c4 x 1 \u82f1\u5bf8\u9ad8\u9891<\/li>\n<li>200 \u74e6\u8d1f\u8f7d\u80fd\u529b<\/li>\n<li>\u6c34\u5e73\u5206\u6563 150\u00b0\uff0c\u5782\u76f4\u5206\u6563 30<\/li>\n<li>\u9891\u7387\u8303\u56f4 110 \u8d6b\u5179 \u2013 20 \u8d6b\u5179<\/li>\n<li>\u9632\u6eda\u73e0\u5916\u58f3<\/li>\n<\/ul>\n<h4>Tannoy QFlex \u7cfb\u5217<\/h4>\n<p><a href=\"https:\/\/konferenztechnik.de\/wp-content\/uploads\/2013\/09\/Tannoy-QFlex24.jpg\"><img loading=\"lazy\" decoding=\"async\" width=\"600\" height=\"600\" class=\"alignleft size-full wp-image-2388\" src=\"https:\/\/konferenztechnik.de\/wp-content\/uploads\/2013\/09\/Tannoy-QFlex24.jpg\" alt=\"Tannoy QFlex \u7cfb\u5217 \" title=\"\" srcset=\"https:\/\/konferenztechnik.de\/wp-content\/uploads\/2013\/09\/Tannoy-QFlex24.jpg 600w, https:\/\/konferenztechnik.de\/wp-content\/uploads\/2013\/09\/Tannoy-QFlex24-300x300.jpg 300w, https:\/\/konferenztechnik.de\/wp-content\/uploads\/2013\/09\/Tannoy-QFlex24-150x150.jpg 150w\" sizes=\"(max-width: 600px) 100vw, 600px\" \/><\/a><\/p>\n<p>\u6709\u6e90\u6570\u5b57\u53ef\u63a7\u7ebf\u9635\u5217\u626c\u58f0\u5668\u7684\u4e00\u4e2a\u4f8b\u5b50\u662f Tannoy \u7684 QFlex \u7cfb\u5217\uff0c\u8fd9\u91cc\u662f QFlex 24\u3002<\/p>\n<ul>\n<li>8 x 4\" \u4f4e\u9891\uff0c8 x 3\" \u4f4e\u9891\uff0c8 x 1\" \u9ad8\u9891<\/li>\n<li>\u96c6\u6210 DSP \u548c\u6570\u5b57\u653e\u5927\u5668<\/li>\n<li>120\u00b0 \u6c34\u5e73\u8272\u6563\uff0c\u53ef\u5728 10\u00b0 \u81f3 100\u00b0 \u5782\u76f4\u8272\u6563\u4e4b\u95f4\u8fdb\u884c\u8c03\u8282<\/li>\n<li>\u9891\u7387\u8303\u56f4 110 Hz \u2013 20 kHz<\/li>\n<li>\u5e94\u7528\u8ddd\u79bb\u53ef\u8fbe 40 \u7c73<\/li>\n<li>27 \u5343\u514b\u91cd\u91cf<\/li>\n<\/ul>\n<p>\u9664\u8fd9\u4e9b\u626c\u58f0\u5668\u5916\uff0c\u6211\u4eec\u8fd8\u9500\u552e Duran Audio\u3001Pan Acoustics\u3001Clearvoice System \u7b49\u516c\u53f8\u7684\u7ebf\u9635\u5217\u626c\u58f0\u5668\u3002 \u4f7f\u7528\u7ebf\u9635\u5217\u626c\u58f0\u5668\u65f6\uff0c\u7cbe\u786e\u7684\u89c4\u5212\u81f3\u5173\u91cd\u8981\u3002\u6211\u4eec\u5f88\u4e50\u610f\u4e3a\u60a8\u63d0\u4f9b\u5efa\u8bae\uff01<\/p>\n<h1>\u5e73\u677f\u626c\u58f0\u5668<\/h1>\n<p>\u57fa\u4e8e DML\uff08\u5206\u5e03\u5f0f\u626c\u58f0\u5668\uff09\u539f\u7406\u7684\u5e73\u677f\u819c\u626c\u58f0\u5668\u9002\u7528\u4e8e\u9690\u5f62\u5b89\u88c5\u5728\u5929\u82b1\u677f\u3001\u5899\u58c1\u6216\u5bb6\u5177\u4e2d\u3002\u8fd9\u79cd\u77e9\u5f62\u9762\u677f\u914d\u6709\u4e24\u4e2a\u6216\u591a\u4e2a\u6fc0\u52b1\u5668\uff0c\u53ef\u4ee5\u9690\u853d\u5730\u8d34\u5728\u77f3\u818f\u677f\u8868\u9762\uff0c\u6216\u5728\u5bb6\u5177\u7ed3\u6784\u4e2d\u7528\u4e8e\u6700\u5927 2.5 \u6beb\u7c73\u7684\u6728\u8d28\u5c42\u540e\u9762\u3002<\/p>\n<p><a href=\"https:\/\/konferenztechnik.de\/wp-content\/uploads\/2013\/09\/amina-wallsound.jpg\"><img loading=\"lazy\" decoding=\"async\" width=\"260\" height=\"150\" class=\"alignleft size-full wp-image-2389\" src=\"https:\/\/konferenztechnik.de\/wp-content\/uploads\/2013\/09\/amina-wallsound.jpg\" alt=\"\u963f\u7c73\u5a1c-\u6c83\u5c14\u677e\" title=\"\"><\/a><\/p>\n<p>\u5e73\u677f\u5f0f\u626c\u58f0\u5668\u53ef\u4ea7\u751f\u51e0\u4e4e\u4e0d\u5c40\u90e8\u7684\u58f0\u573a\uff0c\u5747\u5300\u5730\u5206\u5e03\u5728\u6574\u4e2a\u623f\u95f4\u5185\uff0c\u7279\u522b\u9002\u7528\u4e8e\u80cc\u666f\u6269\u58f0\uff0c\u4e5f\u9002\u7528\u4e8e\u9ad8\u8d28\u91cf\u7684\u5929\u82b1\u677f\u6269\u58f0\u3002\u4e0e\u9ea6\u514b\u98ce\u7cfb\u7edf\u76f8\u7ed3\u5408\uff0c\u5e73\u677f\u626c\u58f0\u5668\u6bd4\u4f20\u7edf\u7684\u9525\u5f62\u626c\u58f0\u5668\u66f4\u4e0d\u6613\u4ea7\u751f\u53cd\u9988\u3002<\/p>\n<ul>\n<li>\u9ad8\u5f25\u6563\u89d2\uff0c\u5e26\u6765\u5747\u5300\u58f0\u573a<\/li>\n<li>\u4e0e\u9ea6\u514b\u98ce\u7ed3\u5408\u4f7f\u7528\u6548\u679c\u6700\u4f73\uff0c\u5bf9\u53cd\u9988\u4e0d\u654f\u611f<\/li>\n<li>\u53ef\u4e0e\u77f3\u818f\u677f\u3001\u6728\u6750\u6216\u5176\u4ed6\u8868\u9762\u9690\u5f62\u7ed3\u5408<\/li>\n<li>\u58f0\u538b\u7ea7\u6700\u9ad8\u53ef\u8fbe 100 \u5206\u8d1d<\/li>\n<li>\u5b89\u88c5\u6df1\u5ea6\u5c0f\uff0c\u6700\u5927 40 \u6beb\u7c73<\/li>\n<li>\u63d0\u4f9b 100 V \u7248\u672c<\/li>\n<\/ul>\n<p><a href=\"https:\/\/konferenztechnik.de\/wp-content\/uploads\/2013\/09\/amina_flaechenmembran.jpg\"><img loading=\"lazy\" decoding=\"async\" width=\"139\" height=\"210\" class=\"alignright size-full wp-image-2390\" src=\"https:\/\/konferenztechnik.de\/wp-content\/uploads\/2013\/09\/amina_flaechenmembran.jpg\" alt=\"\u963f\u7c73\u5a1c\u8868\u9762\u819c\" title=\"\"><\/a><\/p>\n<p>PCS \u9500\u552e Sonus\u3001ML Audio \u548c Amina \u5236\u9020\u7684\u5e73\u677f\u626c\u58f0\u5668\u3002\u4f7f\u7528\u5e73\u677f\u626c\u58f0\u5668\u65f6\uff0c\u7cbe\u786e\u7684\u89c4\u5212\u81f3\u5173\u91cd\u8981\u3002\u6211\u4eec\u5f88\u4e50\u610f\u4e3a\u60a8\u63d0\u4f9b\u5efa\u8bae\uff01<\/p>\n<h1>\u653e\u5927\u5668<\/h1>\n<h4>\u5e26 DSP 2000 \u7cfb\u5217\u7684 Crown AMP<\/h4>\n<p><a href=\"https:\/\/konferenztechnik.de\/wp-content\/uploads\/2013\/09\/Verstaerker_Crown_XTiSeries_gross.jpg\"><img loading=\"lazy\" decoding=\"async\" width=\"360\" height=\"218\" class=\"alignleft size-full wp-image-2398\" src=\"https:\/\/konferenztechnik.de\/wp-content\/uploads\/2013\/09\/Verstaerker_Crown_XTiSeries_gross.jpg\" alt=\"\u5e26 DSP 2000 \u7cfb\u5217\u7684 Crown AMP\" title=\"\" srcset=\"https:\/\/konferenztechnik.de\/wp-content\/uploads\/2013\/09\/Verstaerker_Crown_XTiSeries_gross.jpg 360w, https:\/\/konferenztechnik.de\/wp-content\/uploads\/2013\/09\/Verstaerker_Crown_XTiSeries_gross-300x182.jpg 300w\" sizes=\"(max-width: 360px) 100vw, 360px\" \/><\/a><\/p>\n<p>XTi \u529f\u653e\u7cfb\u5217\u5305\u62ec XTi 1000\u3001XTi 2000\u3001XTi 4000 \u548c XTi 6000 \u578b\u53f7\uff0c\u6240\u6709\u8fd9\u4e9b\u578b\u53f7\u90fd\u975e\u5e38\u575a\u56fa\u8010\u7528\uff0c\u800c\u4e14\u975e\u5e38\u8f7b\u5de7\u3002\u529f\u7387\u653e\u5927\u5668\u5c06\u7075\u6d3b\u7684 DSP \u63a7\u5236\u5668\u548c\u653e\u5927\u5668\u529f\u80fd\u96c6\u4e8e\u4e00\u8eab\u3002\u5b83\u4eec\u7684\u8f93\u51fa\u529f\u7387\u4ece 2x 500 \u74e6\u5230 2x 2100 \u74e6\uff084 \u6b27\u59c6\uff09\u4e0d\u7b49\u3002<\/p>","protected":false},"excerpt":{"rendered":"<p>Lautsprecher Eine professionell geplante Positionierung der Lautsprecher in einem Konferenzraum\/-Saal ist ma\u00dfgeblich f\u00fcr eine optimale Sprachverst\u00e4ndlichkeit. Architekten und AV-Planer sollten hier fr\u00fch und Hand in Hand die erforderlichen Parameter austauschen. Kling &amp; Freitag Lautsprecher CA 106 Dieses ultrakompakte Hochleistungs-System, f\u00fcr kurze und mittlere H\u00f6rabst\u00e4nde, ist universell einsetzbar und gilt in der Branche als Industriestandard. Neben [&hellip;]<\/p>","protected":false},"author":1,"featured_media":45482,"parent":1289,"menu_order":142,"comment_status":"closed","ping_status":"open","template":"","meta":{"_acf_changed":false,"footnotes":""},"class_list":["post-2266","page","type-page","status-publish","has-post-thumbnail","hentry"],"acf":[],"_links":{"self":[{"href":"https:\/\/konferenztechnik.de\/zh\/wp-json\/wp\/v2\/pages\/2266","targetHints":{"allow":["GET"]}}],"collection":[{"href":"https:\/\/konferenztechnik.de\/zh\/wp-json\/wp\/v2\/pages"}],"about":[{"href":"https:\/\/konferenztechnik.de\/zh\/wp-json\/wp\/v2\/types\/page"}],"author":[{"embeddable":true,"href":"https:\/\/konferenztechnik.de\/zh\/wp-json\/wp\/v2\/users\/1"}],"replies":[{"embeddable":true,"href":"https:\/\/konferenztechnik.de\/zh\/wp-json\/wp\/v2\/comments?post=2266"}],"version-history":[{"count":0,"href":"https:\/\/konferenztechnik.de\/zh\/wp-json\/wp\/v2\/pages\/2266\/revisions"}],"up":[{"embeddable":true,"href":"https:\/\/konferenztechnik.de\/zh\/wp-json\/wp\/v2\/pages\/1289"}],"wp:featuredmedia":[{"embeddable":true,"href":"https:\/\/konferenztechnik.de\/zh\/wp-json\/wp\/v2\/media\/45482"}],"wp:attachment":[{"href":"https:\/\/konferenztechnik.de\/zh\/wp-json\/wp\/v2\/media?parent=2266"}],"curies":[{"name":"wp","href":"https:\/\/api.w.org\/{rel}","templated":true}]}}