{"id":2278,"date":"2013-09-20T14:10:18","date_gmt":"2013-09-20T12:10:18","guid":{"rendered":"https:\/\/konferenztechnik.de\/?page_id=2278"},"modified":"2023-07-05T14:29:38","modified_gmt":"2023-07-05T12:29:38","slug":"%e5%8a%a8%e5%8a%9b%e5%92%8c%e5%bd%b1%e5%93%8d","status":"publish","type":"page","link":"https:\/\/konferenztechnik.de\/zh\/%e5%88%86%e5%8f%91%e4%bc%9a%e8%ae%ae%e5%92%8c-av-%e5%aa%92%e4%bd%93%e6%8a%80%e6%9c%af\/%e9%9f%b3%e9%a2%91%e6%8a%80%e6%9c%af%ef%bc%9a%e9%ba%a6%e5%85%8b%e9%a3%8e%e3%80%81%e6%89%a9%e9%9f%b3%e3%80%81%e6%8e%a7%e5%88%b6%e5%ae%a4%e5%92%8c%e5%9b%9e%e6%94%be\/%e5%8a%a8%e5%8a%9b%e5%92%8c%e5%bd%b1%e5%93%8d\/","title":{"rendered":"\u52a8\u6001\u548c\u6548\u679c"},"content":{"rendered":"<h1>\u52a8\u6001\u548c\u6548\u679c<\/h1>\n<h2>Nexia<\/h2>\n<p><a href=\"https:\/\/konferenztechnik.de\/wp-content\/uploads\/2013\/09\/Biamp_Nexia_CS_gross.jpg\"><img fetchpriority=\"high\" decoding=\"async\" width=\"603\" height=\"217\" class=\"alignleft size-full wp-image-2408\" src=\"https:\/\/konferenztechnik.de\/wp-content\/uploads\/2013\/09\/Biamp_Nexia_CS_gross.jpg\" alt=\"Nexia\" title=\"\" srcset=\"https:\/\/konferenztechnik.de\/wp-content\/uploads\/2013\/09\/Biamp_Nexia_CS_gross.jpg 603w, https:\/\/konferenztechnik.de\/wp-content\/uploads\/2013\/09\/Biamp_Nexia_CS_gross-300x108.jpg 300w\" sizes=\"(max-width: 603px) 100vw, 603px\" \/><\/a><\/p>\n<p>Nexia \u662f\u4e00\u79cd\u7ecf\u6d4e\u9ad8\u6548\u7684\u6570\u5b57\u97f3\u9891\u7cfb\u7edf\uff0c\u53ef\u901a\u8fc7\u56fe\u5f62\u7528\u6237\u754c\u9762\u81ea\u7531\u7f16\u7a0b\u3002Nexia \u7cfb\u5217\u6709\u591a\u79cd\u8f93\u5165\/\u8f93\u51fa\u914d\u7f6e\uff0c\u53ef\u8f7b\u677e\u4e3a\u4efb\u4f55\u5e94\u7528\u627e\u5230\u5408\u9002\u7684\u8bbe\u5907\u3002\u901a\u8fc7\u5185\u90e8 NexLink \u603b\u7ebf\uff0c\u6700\u591a\u53ef\u5c06\u56db\u5957 Nexia \u7cfb\u7edf\u5728\u97f3\u9891\u7aef\u8fde\u63a5\u5728\u4e00\u8d77\u3002\u56e0\u6b64\uff0cNexia \u53ef\u7528\u4e8e\u4f1a\u8bae\u4e2d\u5fc3\u3001\u591a\u529f\u80fd\u5385\u3001\u57f9\u8bad\u5ba4\u3001\u9910\u5385\u6216\u4efb\u4f55\u9700\u8981\u53ef\u81ea\u7531\u7f16\u7a0b\u97f3\u9891\u7cfb\u7edf\u7684\u5730\u65b9\u3002<\/p>\n<h2>Nexia<\/h2>\n<p>\u53ef\u63d0\u4f9b\u4ee5\u4e0b Nexia \u7c7b\u578b\uff1a<\/p>\n<ul>\n<li>Nexia CS\uff1a\u9002\u7528\u4e8e\u9ea6\u514b\u98ce\u5bc6\u96c6\u578b\u5e94\u7528\uff0c\u5982\u4f1a\u8bae\u5ba4<\/li>\n<li>Nexia PM\uff1a\u7279\u522b\u9002\u7528\u4e8e\u540c\u65f6\u4f7f\u7528\u9ea6\u514b\u98ce\u548c\u64ad\u653e\u8bbe\u5907\u7684 AV \u5e94\u7528\u573a\u5408<\/li>\n<li>Nexia SP\uff1a\u9002\u7528\u4e8e\u9700\u8981\u5c06\u7ebf\u8def\u4fe1\u53f7\u5206\u914d\u5230\u5927\u91cf\u8f93\u51fa\u7684\u5e94\u7528\u573a\u5408<\/li>\n<li>Nexia TC\uff1a\u5e7f\u6cdb\u7535\u8bdd\u4f1a\u8bae\u5e94\u7528\u7684\u7406\u60f3\u9009\u62e9<\/li>\n<li>Nexia VC\uff1a\u975e\u5e38\u9002\u5408\u5404\u79cd\u89c6\u9891\u4f1a\u8bae\u5e94\u7528<\/li>\n<\/ul>\n<h2>Sabine FBX-2400<\/h2>\n<p><a href=\"https:\/\/konferenztechnik.de\/wp-content\/uploads\/2013\/09\/Sabine_FBX1200-2400_gross.jpg\"><img decoding=\"async\" width=\"800\" height=\"75\" class=\"alignleft size-full wp-image-2407\" src=\"https:\/\/konferenztechnik.de\/wp-content\/uploads\/2013\/09\/Sabine_FBX1200-2400_gross.jpg\" alt=\"Sabine FBX-2400\" title=\"\" srcset=\"https:\/\/konferenztechnik.de\/wp-content\/uploads\/2013\/09\/Sabine_FBX1200-2400_gross.jpg 800w, https:\/\/konferenztechnik.de\/wp-content\/uploads\/2013\/09\/Sabine_FBX1200-2400_gross-300x28.jpg 300w, https:\/\/konferenztechnik.de\/wp-content\/uploads\/2013\/09\/Sabine_FBX1200-2400_gross-768x72.jpg 768w\" sizes=\"(max-width: 800px) 100vw, 800px\" \/><\/a><\/p>\n<p>\u968f\u7740 <em>\u8428\u5bbe\u53cd\u9988--\u706d\u866b\u8005<\/em> \u53ef\u4ee5\u81ea\u52a8\u3001\u53ef\u9760\u5730\u6291\u5236\u53cd\u9988\u3002\u5176\u80cc\u540e\u7684\u6280\u672f\u73b0\u5df2\u53d1\u5c55\u5230\u7b2c\u4e94\u4ee3\uff0c\u5e76\u4e0e\u65b0\u7684 <em>SMARTFilter \u6280\u672f<\/em>.<\/p>\n<h2>Sabine FBX-2400<\/h2>\n<ul>\n<li>\u6bcf\u4e2a\u901a\u9053\u591a\u8fbe 12 \u4e2a\u81ea\u52a8\u53cd\u9988\u6ee4\u6ce2\u5668<\/li>\n<li>2 \u4e2a\u901a\u9053<\/li>\n<li>\u901a\u8fc7 XLR \u8fdb\u884c\u97f3\u9891\u8f93\u5165\/\u8f93\u51fa<\/li>\n<li>\u53ef\u6839\u636e\u5e94\u7528\u5207\u6362 1\/10 \u548c 1\/5 \u500d\u9891\u7a0b<\/li>\n<li>\u56fa\u5b9a\u548c\u52a8\u6001\u6ee4\u6ce2\u5668<\/li>\n<li>SMART \u8fc7\u6ee4\u5668\u6280\u672f<\/li>\n<\/ul>","protected":false},"excerpt":{"rendered":"<p>Dynamics und Effekte Nexia Nexia ist ein kosteneffektives digitales Audiosystem, das \u00fcber eine grafische Oberfl\u00e4che frei programmiert werden kann. Die Nexia-Serie ist in verschiedenen I\/O-Konfigurationen erh\u00e4ltlich, so l\u00e4sst sich f\u00fcr jede Anwendung schnell das passende Ger\u00e4t finden. Bis zu vier Nexia Systeme k\u00f6nnen \u00fcber den internen NexLink Bus miteinander audioseitig gekoppelt werden. Nexia kommt so [&hellip;]<\/p>","protected":false},"author":1,"featured_media":45482,"parent":1289,"menu_order":139,"comment_status":"closed","ping_status":"open","template":"","meta":{"_acf_changed":false,"footnotes":""},"class_list":["post-2278","page","type-page","status-publish","has-post-thumbnail","hentry"],"acf":[],"_links":{"self":[{"href":"https:\/\/konferenztechnik.de\/zh\/wp-json\/wp\/v2\/pages\/2278","targetHints":{"allow":["GET"]}}],"collection":[{"href":"https:\/\/konferenztechnik.de\/zh\/wp-json\/wp\/v2\/pages"}],"about":[{"href":"https:\/\/konferenztechnik.de\/zh\/wp-json\/wp\/v2\/types\/page"}],"author":[{"embeddable":true,"href":"https:\/\/konferenztechnik.de\/zh\/wp-json\/wp\/v2\/users\/1"}],"replies":[{"embeddable":true,"href":"https:\/\/konferenztechnik.de\/zh\/wp-json\/wp\/v2\/comments?post=2278"}],"version-history":[{"count":0,"href":"https:\/\/konferenztechnik.de\/zh\/wp-json\/wp\/v2\/pages\/2278\/revisions"}],"up":[{"embeddable":true,"href":"https:\/\/konferenztechnik.de\/zh\/wp-json\/wp\/v2\/pages\/1289"}],"wp:featuredmedia":[{"embeddable":true,"href":"https:\/\/konferenztechnik.de\/zh\/wp-json\/wp\/v2\/media\/45482"}],"wp:attachment":[{"href":"https:\/\/konferenztechnik.de\/zh\/wp-json\/wp\/v2\/media?parent=2278"}],"curies":[{"name":"wp","href":"https:\/\/api.w.org\/{rel}","templated":true}]}}