{"id":24845,"date":"2023-04-18T10:22:58","date_gmt":"2023-04-18T08:22:58","guid":{"rendered":"http:\/\/dev.konferenztechnik.de\/?page_id=24845"},"modified":"2025-12-20T19:21:26","modified_gmt":"2025-12-20T18:21:26","slug":"%e5%8d%8f%e4%bc%9a%e5%92%8c%e4%bf%b1%e4%b9%90%e9%83%a8","status":"publish","type":"page","link":"https:\/\/konferenztechnik.de\/zh\/%e5%8d%8f%e4%bc%9a%e5%92%8c%e4%bf%b1%e4%b9%90%e9%83%a8\/","title":{"rendered":"\u534f\u4f1a\u548c\u4ff1\u4e50\u90e8"},"content":{"rendered":"<div data-elementor-type=\"wp-page\" data-elementor-id=\"24845\" class=\"elementor elementor-24845\" data-elementor-post-type=\"page\">\n\t\t\t\t<div data-particle_enable=\"false\" data-particle-mobile-disabled=\"false\" class=\"elementor-element elementor-element-d8aba58 e-flex e-con-boxed e-con e-parent\" data-id=\"d8aba58\" data-element_type=\"container\">\n\t\t\t\t\t<div class=\"e-con-inner\">\n\t\t\t\t<div class=\"elementor-element elementor-element-366d4e5 elementor-widget__width-inherit elementor-widget elementor-widget-heading\" data-id=\"366d4e5\" data-element_type=\"widget\" data-widget_type=\"heading.default\">\n\t\t\t\t<div class=\"elementor-widget-container\">\n\t\t\t\t\t<h1 class=\"elementor-heading-title elementor-size-default\">\u534f\u4f1a\u548c\u8054\u5408\u4f1a<\/h1>\t\t\t\t<\/div>\n\t\t\t\t<\/div>\n\t\t\t\t<div class=\"elementor-element elementor-element-e4b6b7a elementor-widget elementor-widget-image\" data-id=\"e4b6b7a\" data-element_type=\"widget\" data-widget_type=\"image.default\">\n\t\t\t\t<div class=\"elementor-widget-container\">\n\t\t\t\t\t\t\t\t\t\t\t\t\t\t\t<img fetchpriority=\"high\" decoding=\"async\" width=\"1300\" height=\"486\" src=\"https:\/\/konferenztechnik.de\/wp-content\/uploads\/2023\/04\/verbaende-vereine-installation.jpg\" class=\"attachment-full size-full wp-image-24846\" alt=\"\u5728\u4e00\u8f6e\u53c2\u4e0e\u8005\u4e2d\uff0c\u4e00\u4e9b\u4eba\u4e3e\u8d77\u4e86\u624b\uff0c\u56e0\u4e3a\u53ef\u80fd\u6b63\u5728\u8fdb\u884c\u6295\u7968 - \u4ee5\u4e0b\u662f\u6211\u4eec &quot; \u534f\u4f1a\u548c\u4ff1\u4e50\u90e8\u7684\u4ee3\u8868&quot; \u90e8\u5206\" srcset=\"https:\/\/konferenztechnik.de\/wp-content\/uploads\/2023\/04\/verbaende-vereine-installation.jpg 1300w, https:\/\/konferenztechnik.de\/wp-content\/uploads\/2023\/04\/verbaende-vereine-installation-300x112.jpg 300w, https:\/\/konferenztechnik.de\/wp-content\/uploads\/2023\/04\/verbaende-vereine-installation-1024x383.jpg 1024w, https:\/\/konferenztechnik.de\/wp-content\/uploads\/2023\/04\/verbaende-vereine-installation-768x287.jpg 768w, https:\/\/konferenztechnik.de\/wp-content\/uploads\/2023\/04\/verbaende-vereine-installation-18x7.jpg 18w\" sizes=\"(max-width: 1300px) 100vw, 1300px\" title=\"\">\t\t\t\t\t\t\t\t\t\t\t\t\t\t\t<\/div>\n\t\t\t\t<\/div>\n\t\t\t\t\t<\/div>\n\t\t\t\t<\/div>\n\t\t<div data-particle_enable=\"false\" data-particle-mobile-disabled=\"false\" class=\"elementor-element elementor-element-9deafd4 e-flex e-con-boxed e-con e-parent\" data-id=\"9deafd4\" data-element_type=\"container\">\n\t\t\t\t\t<div class=\"e-con-inner\">\n\t\t\t\t<div class=\"elementor-element elementor-element-66ea8b4 elementor-widget elementor-widget-heading\" data-id=\"66ea8b4\" data-element_type=\"widget\" data-settings=\"{&quot;_animation&quot;:&quot;none&quot;}\" data-widget_type=\"heading.default\">\n\t\t\t\t<div class=\"elementor-widget-container\">\n\t\t\t\t\t<h2 class=\"elementor-heading-title elementor-size-default\">\u4e3a\u5fb7\u56fd\u7684\u534f\u4f1a\u548c\u8054\u5408\u4f1a\u63d0\u4f9b\u6d3b\u52a8\u4e0e\u5a92\u4f53\u6280\u672f <\/h2>\t\t\t\t<\/div>\n\t\t\t\t<\/div>\n\t\t\t\t<div class=\"elementor-element elementor-element-d16fcf6 elementor-widget__width-inherit elementor-widget elementor-widget-text-editor\" data-id=\"d16fcf6\" data-element_type=\"widget\" data-widget_type=\"text-editor.default\">\n\t\t\t\t<div class=\"elementor-widget-container\">\n\t\t\t\t\t\t\t\t\t<p>\u5fb7\u56fd\u62e5\u6709\u8d85\u8fc7 60 \u4e07\u4e2a\u534f\u4f1a\u548c\u8054\u5408\u4f1a\uff0c\u534f\u4f1a\u4f53\u7cfb\u5bf9\u5fb7\u56fd\u7684\u793e\u4f1a\u751f\u6d3b\u6709\u7740\u6df1\u8fdc\u7684\u5f71\u54cd\u3002\u8fd9\u4e9b\u7ec4\u7ec7\u4e3a\u6587\u5316\u3001\u6559\u80b2\u3001\u4f53\u80b2\u548c\u793e\u4f1a\u6d3b\u52a8\u505a\u51fa\u4e86\u91cd\u8981\u8d21\u732e\u3002\u6211\u4eec\u975e\u5e38\u91cd\u89c6\u8fd9\u79cd\u4f53\u7cfb\uff0c\u5e76\u5728\u4e0e\u534f\u4f1a\u3001\u8054\u5408\u4f1a\u548c\u673a\u6784\u5408\u4f5c\u65b9\u9762\u62e5\u6709\u4e30\u5bcc\u7684\u7ecf\u9a8c\u3002.<\/p><p>\u00a0<\/p><p>\u5728\u6d3b\u52a8\u4e0e\u5a92\u4f53\u6280\u672f\u9879\u76ee\u65b9\u9762\uff0c\u6211\u4eec\u4e3a\u4f1a\u5458\u5927\u4f1a\u3001\u4f1a\u8bae\u3001\u7814\u8ba8\u4f1a\u548c\u516c\u5171\u6d3b\u52a8\u63d0\u4f9b\u652f\u6301\uff0c\u5305\u62ec\u4e13\u4e1a\u97f3\u9891\u548c\u89c6\u9891\u6280\u672f\u3001\u6f14\u793a\u7cfb\u7edf\u4ee5\u53ca\u6df7\u5408\u548c\u6570\u5b57\u6d3b\u52a8\u5f62\u5f0f\u3002.<\/p><p>\u00a0<\/p><p>\u4e0e\u534f\u4f1a\u548c\u8054\u5408\u4f1a\u7684\u5408\u4f5c\u4f7f\u6211\u4eec\u80fd\u591f\u4e86\u89e3\u4e0d\u540c\u7684\u7ec4\u7ec7\u5f62\u5f0f\u3001\u51b3\u7b56\u7ed3\u6784\u548c\u76ee\u6807\u7fa4\u4f53\u3002\u591a\u6837\u6027\u3001\u53c2\u4e0e\u6027\u548c\u900f\u660e\u7684\u6c9f\u901a\u662f\u6211\u4eec\u7684\u6838\u5fc3\u8981\u6c42\uff0c\u6211\u4eec\u901a\u8fc7\u53ef\u9760\u3001\u5b89\u5168\u7684\u6280\u672f\u6765\u652f\u6301\u8fd9\u4e9b\u8981\u6c42\u3002.<\/p><p>\u00a0<\/p><p>\u4f5c\u4e3a\u6280\u672f\u670d\u52a1\u63d0\u4f9b\u5546\uff0c\u6211\u4eec\u4f53\u9a8c\u5230\u4e86\u5408\u4f5c\u4f19\u4f34\u5f0f\u7684\u534f\u4f5c\u548c\u9ad8\u5ea6\u7684\u8d5e\u8d4f\u3002\u8fd9\u4e9b\u9879\u76ee\u4ee5\u76ee\u6807\u660e\u786e\u3001\u793e\u4f1a\u76f8\u5173\u6027\u5f3a\u4ee5\u53ca\u5bf9\u53ef\u9760\u3001\u6613\u61c2\u4e14\u53ef\u6301\u7eed\u7684\u5a92\u4f53\u6280\u672f\u89e3\u51b3\u65b9\u6848\u7684\u8981\u6c42\u4e3a\u7279\u8272\u3002.<\/p>\t\t\t\t\t\t\t\t<\/div>\n\t\t\t\t<\/div>\n\t\t\t\t\t<\/div>\n\t\t\t\t<\/div>\n\t\t<div data-particle_enable=\"false\" data-particle-mobile-disabled=\"false\" class=\"elementor-element elementor-element-455c20b e-flex e-con-boxed e-con e-parent\" data-id=\"455c20b\" data-element_type=\"container\" data-settings=\"{&quot;animation&quot;:&quot;none&quot;}\">\n\t\t\t\t\t<div class=\"e-con-inner\">\n\t\t\t\t<div class=\"elementor-element elementor-element-7734196 elementor-widget elementor-widget-heading\" data-id=\"7734196\" data-element_type=\"widget\" data-settings=\"{&quot;_animation&quot;:&quot;none&quot;}\" data-widget_type=\"heading.default\">\n\t\t\t\t<div class=\"elementor-widget-container\">\n\t\t\t\t\t<h2 class=\"elementor-heading-title elementor-size-default\">\u5e38\u89c1\u95ee\u9898<\/h2>\t\t\t\t<\/div>\n\t\t\t\t<\/div>\n\t\t\t\t<div class=\"elementor-element elementor-element-d1cf50a elementor-widget__width-inherit smart-post-list-4-col elementor-widget elementor-widget-eael-post-list\" data-id=\"d1cf50a\" data-element_type=\"widget\" data-settings=\"{&quot;_animation&quot;:&quot;none&quot;}\" data-widget_type=\"eael-post-list.default\">\n\t\t\t\t<div class=\"elementor-widget-container\">\n\t\t\t\t\t<div class=\"eael-post-list-container advanced layout-advanced\"><div class=\"eael-post-list-wrap\"><div class=\"eael-post-list-posts-wrap eael-post-appender eael-post-appender-d1cf50a\"><div class=\"eael-post-list-post\"><div class=\"eael-post-list-post-inner\"><div class=\"eael-post-list-thumbnail\"><a href=\"https:\/\/konferenztechnik.de\/zh\/%e4%b8%aa%e4%ba%ba%e5%af%bc%e5%bc%95%e7%b3%bb%e7%bb%9f%e7%a7%9f%e8%b4%ad%e5%ae%89%e8%a3%85\/\">\n                <img decoding=\"async\" src=\"https:\/\/konferenztechnik.de\/wp-content\/uploads\/2023\/07\/personenfuehrungsanlage-mieten-kaufen-jpg.webp\" alt=\"\u53c2\u89c2\u8fc7\u7a0b\u4e2d\uff0c\u7537\u5b50\u5bf9\u7740\u9ea6\u514b\u98ce\u8bb2\u8bdd\uff0c\u89c2\u4f17\u901a\u8fc7\u5bfc\u6e38\u7cfb\u7edf\u8046\u542c\u3002\u4ece PCS \u79df\u7528\u3001\u8d2d\u4e70\u6216\u79df\u8d41\u5bfc\u6e38\u7cfb\u7edf\u3002\" title=\"\">\n            <\/a><\/div><div class=\"eael-post-list-content\"><h3 class=\"eael-post-list-title\"><a href=\"https:\/\/konferenztechnik.de\/zh\/%e4%b8%aa%e4%ba%ba%e5%af%bc%e5%bc%95%e7%b3%bb%e7%bb%9f%e7%a7%9f%e8%b4%ad%e5%ae%89%e8%a3%85\/\" >\u4e58\u5ba2\u5f15\u5bfc\u7cfb\u7edf<\/a><\/h3><p>\u5bfc\u6e38\u7cfb\u7edf\u3001\u5bfc\u6e38\u7cfb\u7edf\u3001\u8033\u8bed\u7cfb\u7edf\u6216 PFA\u3001\u8033\u673a\u3001\u9ea6\u514b\u98ce\u3001\u5145\u7535\u88c5\u7f6e\u3001\u8fd0\u8f93\u7bb1\u3001\u914d\u4ef6<\/p><a href=\"https:\/\/konferenztechnik.de\/zh\/%e4%b8%aa%e4%ba%ba%e5%af%bc%e5%bc%95%e7%b3%bb%e7%bb%9f%e7%a7%9f%e8%b4%ad%e5%ae%89%e8%a3%85\/\" class=\"eael-post-elements-readmore-btn\" >\u203a \u66f4\u591a<\/a><div class=\"boxed-meta\"><\/div><\/div><\/div><\/div><div class=\"eael-post-list-post\"><div class=\"eael-post-list-post-inner\"><div class=\"eael-post-list-thumbnail\"><a href=\"https:\/\/konferenztechnik.de\/zh\/%e5%8d%87%e7%ba%a7%e4%bc%9a%e8%ae%ae%e5%ae%a4%ef%bc%8c%e4%b8%ba%e8%a7%86%e9%a2%91%e4%bc%9a%e8%ae%ae%e5%88%9b%e9%80%a0%e7%90%86%e6%83%b3%e6%9d%a1%e4%bb%b6\/\">\n                <img decoding=\"async\" src=\"https:\/\/konferenztechnik.de\/wp-content\/uploads\/2023\/03\/konferenzraum-upgrades.jpg\" alt=\"\" title=\"\">\n            <\/a><\/div><div class=\"eael-post-list-content\"><h3 class=\"eael-post-list-title\"><a href=\"https:\/\/konferenztechnik.de\/zh\/%e5%8d%87%e7%ba%a7%e4%bc%9a%e8%ae%ae%e5%ae%a4%ef%bc%8c%e4%b8%ba%e8%a7%86%e9%a2%91%e4%bc%9a%e8%ae%ae%e5%88%9b%e9%80%a0%e7%90%86%e6%83%b3%e6%9d%a1%e4%bb%b6\/\" >\u4f1a\u8bae\u5ba4\u5347\u7ea7\uff1a\u6df7\u5408\u4f1a\u8bae\u5ba4<\/a><\/h3><p>\u89c6\u9891\u77f3\u7891\u3001\u7acb\u65b9\u4f53\uff1a\u89c6\u9891\u53c2\u4e0e\u8005\u662f\u7a7a\u95f4\u4e2d\u7684\u5b9e\u7269\u3002\u8fd9...<\/p><a href=\"https:\/\/konferenztechnik.de\/zh\/%e5%8d%87%e7%ba%a7%e4%bc%9a%e8%ae%ae%e5%ae%a4%ef%bc%8c%e4%b8%ba%e8%a7%86%e9%a2%91%e4%bc%9a%e8%ae%ae%e5%88%9b%e9%80%a0%e7%90%86%e6%83%b3%e6%9d%a1%e4%bb%b6\/\" class=\"eael-post-elements-readmore-btn\" >\u203a \u66f4\u591a<\/a><div class=\"boxed-meta\"><\/div><\/div><\/div><\/div><div class=\"eael-post-list-post\"><div class=\"eael-post-list-post-inner\"><div class=\"eael-post-list-thumbnail\"><a href=\"https:\/\/konferenztechnik.de\/zh\/pcs-%e4%bc%9a%e8%ae%ae%e5%ae%a4%e6%8d%86%e7%bb%91%e5%bc%8f%e7%8e%b0%e4%bb%a3%e6%b7%b7%e5%90%88%e4%bc%9a%e8%ae%ae%e5%ae%a4%ef%bc%8c%e6%9d%a1%e4%bb%b6%e4%bc%98%e8%b6%8a\/\">\n                <img decoding=\"async\" src=\"https:\/\/konferenztechnik.de\/wp-content\/uploads\/2023\/03\/konferenzraum-bundles.jpg\" alt=\"\" title=\"\">\n            <\/a><\/div><div class=\"eael-post-list-content\"><h3 class=\"eael-post-list-title\"><a href=\"https:\/\/konferenztechnik.de\/zh\/pcs-%e4%bc%9a%e8%ae%ae%e5%ae%a4%e6%8d%86%e7%bb%91%e5%bc%8f%e7%8e%b0%e4%bb%a3%e6%b7%b7%e5%90%88%e4%bc%9a%e8%ae%ae%e5%ae%a4%ef%bc%8c%e6%9d%a1%e4%bb%b6%e4%bc%98%e8%b6%8a\/\" >\u4f1a\u8bae\u5ba4\u6346\u7ed1\u5305<\/a><\/h3><p>\u4e92\u52a8\u3001\u6df7\u5408\u65e0\u7ebf\u548c\u7075\u6d3b\u7684\u4f1a\u8bae\u5ba4\uff0c5,000 \u6b27\u5143\u8d77<\/p><a href=\"https:\/\/konferenztechnik.de\/zh\/pcs-%e4%bc%9a%e8%ae%ae%e5%ae%a4%e6%8d%86%e7%bb%91%e5%bc%8f%e7%8e%b0%e4%bb%a3%e6%b7%b7%e5%90%88%e4%bc%9a%e8%ae%ae%e5%ae%a4%ef%bc%8c%e6%9d%a1%e4%bb%b6%e4%bc%98%e8%b6%8a\/\" class=\"eael-post-elements-readmore-btn\" >\u203a \u66f4\u591a<\/a><div class=\"boxed-meta\"><\/div><\/div><\/div><\/div><div class=\"eael-post-list-post\"><div class=\"eael-post-list-post-inner\"><div class=\"eael-post-list-thumbnail\"><a href=\"https:\/\/konferenztechnik.de\/zh\/%e4%ba%a4%e4%ba%92%e5%bc%8f%e6%98%be%e7%a4%ba%e5%99%a8-%e7%99%bd%e6%9d%bf-%e6%8c%82%e5%9b%be\/\">\n                <img decoding=\"async\" src=\"https:\/\/konferenztechnik.de\/wp-content\/uploads\/2023\/04\/i3-displays-whiteboards-flipcharts-jpg.webp\" alt=\"2 \u4e2a I3 \u54c1\u724c\u663e\u793a\u5c4f\uff0c\u5b89\u88c5\u5728\u6d3b\u52a8\u4e09\u811a\u67b6\u4e0a\" title=\"\">\n            <\/a><\/div><div class=\"eael-post-list-content\"><h3 class=\"eael-post-list-title\"><a href=\"https:\/\/konferenztechnik.de\/zh\/%e4%ba%a4%e4%ba%92%e5%bc%8f%e6%98%be%e7%a4%ba%e5%99%a8-%e7%99%bd%e6%9d%bf-%e6%8c%82%e5%9b%be\/\" >\u4ea4\u4e92\u5f0f\u663e\u793a\u5668\u3001\u767d\u677f\u3001\u6302\u56fe<\/a><\/h3><p>\u5728\u89e6\u6478\u663e\u793a\u5668\u3001\u7535\u5b50\u767d\u677f\u548c\u6570\u5b57\u6302\u56fe\u65b9\u9762\uff0c\u6211\u4eec\u7684\u9996\u9009\u901a\u5e38\u662f i3-Technologies\u3002<\/p><a href=\"https:\/\/konferenztechnik.de\/zh\/%e4%ba%a4%e4%ba%92%e5%bc%8f%e6%98%be%e7%a4%ba%e5%99%a8-%e7%99%bd%e6%9d%bf-%e6%8c%82%e5%9b%be\/\" class=\"eael-post-elements-readmore-btn\" >\u203a \u66f4\u591a<\/a><div class=\"boxed-meta\"><\/div><\/div><\/div><\/div><div class=\"eael-post-list-post\"><div class=\"eael-post-list-post-inner\"><div class=\"eael-post-list-thumbnail\"><a href=\"https:\/\/konferenztechnik.de\/zh\/%e7%94%a8%e4%ba%8e%e8%a7%86%e9%a2%91%e4%bc%9a%e8%ae%ae%e7%9a%84%e6%b7%b7%e5%90%88%e4%bc%9a%e8%ae%ae%e5%ae%a4-2\/\">\n                <img decoding=\"async\" src=\"https:\/\/konferenztechnik.de\/wp-content\/uploads\/2023\/03\/hybride-besprechungsraeume.jpg\" alt=\"\" title=\"\">\n            <\/a><\/div><div class=\"eael-post-list-content\"><h3 class=\"eael-post-list-title\"><a href=\"https:\/\/konferenztechnik.de\/zh\/%e7%94%a8%e4%ba%8e%e8%a7%86%e9%a2%91%e4%bc%9a%e8%ae%ae%e7%9a%84%e6%b7%b7%e5%90%88%e4%bc%9a%e8%ae%ae%e5%ae%a4-2\/\" >\u7528\u4e8e\u89c6\u9891\u4f1a\u8bae\u7684\u6df7\u5408\u4f1a\u8bae\u5ba4<\/a><\/h3><p>\u4e3a\u623f\u95f4\u548c\u4e0e\u4e4b\u76f8\u8fde\u7684\u53c2\u4e0e\u8005\u63d0\u4f9b\u6700\u4f73\u6761\u4ef6\uff0c\u5e76\u548c\u8c10\u5730\u4f7f\u7528......<\/p><a href=\"https:\/\/konferenztechnik.de\/zh\/%e7%94%a8%e4%ba%8e%e8%a7%86%e9%a2%91%e4%bc%9a%e8%ae%ae%e7%9a%84%e6%b7%b7%e5%90%88%e4%bc%9a%e8%ae%ae%e5%ae%a4-2\/\" class=\"eael-post-elements-readmore-btn\" >\u203a \u66f4\u591a<\/a><div class=\"boxed-meta\"><\/div><\/div><\/div><\/div><div class=\"eael-post-list-post\"><div class=\"eael-post-list-post-inner\"><div class=\"eael-post-list-thumbnail\"><a href=\"https:\/\/konferenztechnik.de\/zh\/%e8%ae%a8%e8%ae%ba%e7%b3%bb%e7%bb%9f-%e9%ba%a6%e5%85%8b%e9%a3%8e%e5%8d%95%e5%85%83-%e7%a7%9f%e8%b5%81-%e8%b4%ad%e4%b9%b0-%e5%ae%89%e8%a3%85-%e7%a7%9f%e8%b5%81\/\">\n                <img decoding=\"async\" src=\"https:\/\/konferenztechnik.de\/wp-content\/uploads\/2023\/06\/diskussionsanlage-sprechstellen-tischmikrofone.jpg\" alt=\"\u53f0\u5f0f\u9ea6\u514b\u98ce\u88c5\u7f6e\u5206\u5e03\u5728\u4f1a\u8bae\u684c\u5468\u56f4\uff0c\u914d\u6709\u9e45\u9888\u9ea6\u514b\u98ce\" title=\"\">\n            <\/a><\/div><div class=\"eael-post-list-content\"><h3 class=\"eael-post-list-title\"><a href=\"https:\/\/konferenztechnik.de\/zh\/%e8%ae%a8%e8%ae%ba%e7%b3%bb%e7%bb%9f-%e9%ba%a6%e5%85%8b%e9%a3%8e%e5%8d%95%e5%85%83-%e7%a7%9f%e8%b5%81-%e8%b4%ad%e4%b9%b0-%e5%ae%89%e8%a3%85-%e7%a7%9f%e8%b5%81\/\" >\u51fa\u79df\u3001\u8d2d\u4e70\u3001\u5b89\u88c5\u3001\u79df\u8d41 \u2013 \u5bf9\u8bb2\u7cfb\u7edf\u3001\u5bf9\u8bb2\u7ad9<\/a><\/h3><p>\u51fa\u79df\u3001\u8d2d\u4e70\u3001\u5b89\u88c5\u3001\u79df\u8d41 \u2013 \u5bf9\u8bb2\u7cfb\u7edf\u3001\u5bf9\u8bb2\u7ad9<\/p><a href=\"https:\/\/konferenztechnik.de\/zh\/%e8%ae%a8%e8%ae%ba%e7%b3%bb%e7%bb%9f-%e9%ba%a6%e5%85%8b%e9%a3%8e%e5%8d%95%e5%85%83-%e7%a7%9f%e8%b5%81-%e8%b4%ad%e4%b9%b0-%e5%ae%89%e8%a3%85-%e7%a7%9f%e8%b5%81\/\" class=\"eael-post-elements-readmore-btn\" >\u203a \u66f4\u591a<\/a><div class=\"boxed-meta\"><\/div><\/div><\/div><\/div><div class=\"eael-post-list-post\"><div class=\"eael-post-list-post-inner\"><div class=\"eael-post-list-thumbnail\"><a href=\"https:\/\/konferenztechnik.de\/zh\/%e6%8a%95%e7%a5%a8%e6%b4%bb%e5%8a%a8\/\">\n                <img decoding=\"async\" src=\"https:\/\/konferenztechnik.de\/wp-content\/uploads\/2023\/04\/abstimmen-events.jpg\" alt=\"\u9009\u7968\u7b26\u53f7\" title=\"\">\n            <\/a><\/div><div class=\"eael-post-list-content\"><h3 class=\"eael-post-list-title\"><a href=\"https:\/\/konferenztechnik.de\/zh\/%e6%8a%95%e7%a5%a8%e6%b4%bb%e5%8a%a8\/\" >\u6295\u7968, \u8868\u51b3<\/a><\/h3><p>\u6295\u7968\u673a\u3001\u5728\u7ebf\u6295\u7968\u3001\u6570\u5b57\u9009\u4e3e\uff1a\u5531\u540d\u6295\u7968\u3001\u4e0d\u5531\u540d\u6295\u7968\u3001\u4e0d\u8bb0\u540d\u6295\u7968......<\/p><a href=\"https:\/\/konferenztechnik.de\/zh\/%e6%8a%95%e7%a5%a8%e6%b4%bb%e5%8a%a8\/\" class=\"eael-post-elements-readmore-btn\" >\u203a \u66f4\u591a<\/a><div class=\"boxed-meta\"><\/div><\/div><\/div><\/div><\/div><\/div>\n\t\t<\/div>\t\t\t\t<\/div>\n\t\t\t\t<\/div>\n\t\t\t\t\t<\/div>\n\t\t\t\t<\/div>\n\t\t<div data-particle_enable=\"false\" data-particle-mobile-disabled=\"false\" class=\"elementor-element elementor-element-eaddbcf e-flex e-con-boxed e-con e-parent\" data-id=\"eaddbcf\" data-element_type=\"container\">\n\t\t\t\t\t<div class=\"e-con-inner\">\n\t\t\t\t<div class=\"elementor-element elementor-element-7fa8348 elementor-widget__width-inherit elementor-widget elementor-widget-heading\" data-id=\"7fa8348\" data-element_type=\"widget\" data-widget_type=\"heading.default\">\n\t\t\t\t<div class=\"elementor-widget-container\">\n\t\t\t\t\t<h2 class=\"elementor-heading-title elementor-size-default\">\u53c2\u8003\u8d44\u6599\uff1a\u534f\u4f1a\u548c\u4ff1\u4e50\u90e8<\/h2>\t\t\t\t<\/div>\n\t\t\t\t<\/div>\n\t\t\t\t<div class=\"elementor-element elementor-element-28236df elementor-widget__width-inherit elementor-widget elementor-widget-text-editor\" data-id=\"28236df\" data-element_type=\"widget\" data-widget_type=\"text-editor.default\">\n\t\t\t\t<div class=\"elementor-widget-container\">\n\t\t\t\t\t\t\t\t\t<ul><li>\u6155\u5c3c\u9ed1\u5730\u533a\u548c\u533a\u57df\u533b\u7597\u534f\u4f1a<\/li><li>\u5df4\u4f10\u5229\u4e9a\u9a91\u9a7e\u534f\u4f1a e.V.<\/li><li>\u5fb7\u56fd\u5efa\u7b51\u5e08\u534f\u4f1a\uff0c\u8428\u514b\u68ee-\u5b89\u54c8\u5c14\u7279\u5730\u533a\u534f\u4f1a<\/li><li>\u5fb7\u56fd\u5de5\u4e1a\u8054\u5408\u4f1a<\/li><li>\u5fb7\u56fd\u70c8\u9152\u5de5\u4e1a\u548c\u8fdb\u53e3\u5546\u8054\u90a6\u534f\u4f1a\uff08BSI\uff09<\/li><li>\u5fb7\u56fd\u94f6\u884c\u534f\u4f1a<\/li><li>\u5fb7\u56fd\u6838\u533b\u5b66\u4e13\u4e1a\u534f\u4f1a<\/li><li>\u5fb7\u56fd\u516c\u5171\u90e8\u95e8\u94f6\u884c\u534f\u4f1a V\u00d6B<\/li><li>Bundesverband Industrie Kommunikation e.V.<\/li><li>\u5fb7\u56fd\u51fa\u7248\u5546\u548c\u4e66\u5546\u534f\u4f1a<\/li><li>\u8054\u90a6\u53e3\u8bd1\u5458\u548c\u7b14\u8bd1\u5458\u534f\u4f1a (BD\u00dc)<\/li><li>\u7f57\u6ed5\u5821-\u65af\u56fe\u52a0\u7279\u6559\u533a\u660e\u7231\u534f\u4f1a e.V.<\/li><li>\u5fb7\u56fd\u50a8\u84c4\u94f6\u884c\u548c Giro \u534f\u4f1a e.V.<\/li><li>\u5fb7\u56fd\u5df4\u4f10\u5229\u4e9a\u987a\u52bf\u7597\u6cd5\u533b\u751f\u4e2d\u592e\u534f\u4f1a e.V.<\/li><li>DFB \u2013 \u5fb7\u56fd\u8db3\u7403\u534f\u4f1a e.V.<\/li><li>\u975e\u8425\u5229\u7ec4\u7ec7\u8fea\u7279\u5c14-\u65bd\u74e6\u8328\u57fa\u91d1\u4f1a<\/li><li>EUREGIO \u5fb7\u56fd-\u8377\u5170\u7279\u6b8a\u76ee\u7684\u534f\u4f1a<\/li><li>Fachverband Biogas e.V.<\/li><li>\u5f17\u91cc\u8328-\u8482\u68ee\u57fa\u91d1\u4f1a \u2013 \u5f17\u91cc\u8328-\u8482\u68ee\u57fa\u91d1\u4f1a \u2013 \u79d1\u9686\u4e4b\u5bb6<\/li><li>\u675c\u585e\u5c14\u591a\u592b\u683c\u5c14\u8fbe-\u6c49\u9ad8\u57fa\u91d1\u4f1a<\/li><li>\u5fb7\u56fd\u4fdd\u9669\u534f\u4f1a<\/li><li>\u5df4\u767b\u4e00\u7b26\u817e\u5821\u5dde\u6cd5\u5b9a\u533b\u7597\u4fdd\u9669\u533b\u751f\u534f\u4f1a<\/li><li>\u675c\u585e\u5c14\u591a\u592b\u5317\u5a01\u5dde\u827a\u672f\u57fa\u91d1\u4f1a<\/li><li>\u7537\u5973\u540c\u6027\u604b\u8054\u5408\u4f1a LSVD\u00a0<\/li><li>\u62c9\u6587\u65af\u5e03\u5415\u514b\u7eaa\u5ff5\u9986\u548c\u7eaa\u5ff5\u4e2d\u5fc3<\/li><li>\u81ea\u7136\u5730\u6709\u673a\u519c\u4e1a\u534f\u4f1a<\/li><li>Parit\u00e4tischer Wohlfahrtsverband LV Berlin e.V.\u00a0<\/li><li>Stifterverband f\u00fcr die Deutsche Wissenschaft e.V.<\/li><li>UNITI \u8054\u90a6\u4e2d\u578b\u77f3\u6cb9\u516c\u53f8\u534f\u4f1a<\/li><li>VDMA e.V. \u7cbe\u5bc6\u5de5\u5177\u534f\u4f1a<\/li><li>\u5fb7\u56fd\u4e3b\u6559\u533a\u534f\u4f1a\uff0c\u5fb7\u56fd\u4e3b\u6559\u4f1a\u8bae\u79d8\u4e66\u5904<\/li><li>\u4f1a\u8bae\u53e3\u8bd1\u5458\u534f\u4f1a VKD<\/li><li>\u5fb7\u56fd\u68ee\u6797\u82d7\u5703\u534f\u4f1a e.V.<\/li><li>\u5fb7\u56fd\u80be\u810f\u4e2d\u5fc3\u534f\u4f1a (DN) e.V.<\/li><li>\u5fb7\u56fd\u6c34\u6ce5\u5382\u534f\u4f1a<\/li><\/ul>\t\t\t\t\t\t\t\t<\/div>\n\t\t\t\t<\/div>\n\t\t\t\t<div class=\"elementor-element elementor-element-b6366d1 elementor-icon-list--layout-traditional elementor-list-item-link-full_width elementor-widget elementor-widget-icon-list\" data-id=\"b6366d1\" data-element_type=\"widget\" data-widget_type=\"icon-list.default\">\n\t\t\t\t<div class=\"elementor-widget-container\">\n\t\t\t\t\t\t\t<ul class=\"elementor-icon-list-items\">\n\t\t\t\t\t\t\t<li class=\"elementor-icon-list-item\">\n\t\t\t\t\t\t\t\t\t\t\t<a href=\"\/zh\/%e5%bc%95%e7%94%a8\/\">\n\n\t\t\t\t\t\t\t\t\t\t\t\t<span class=\"elementor-icon-list-icon\">\n\t\t\t\t\t\t\t<svg aria-hidden=\"true\" class=\"e-font-icon-svg e-fas-chevron-right\" viewbox=\"0 0 320 512\" xmlns=\"http:\/\/www.w3.org\/2000\/svg\"><path d=\"M285.476 272.971L91.132 467.314c-9.373 9.373-24.569 9.373-33.941 0l-22.667-22.667c-9.357-9.357-9.375-24.522-.04-33.901L188.505 256 34.484 101.255c-9.335-9.379-9.317-24.544.04-33.901l22.667-22.667c9.373-9.373 24.569-9.373 33.941 0L285.475 239.03c9.373 9.372 9.373 24.568.001 33.941z\"><\/path><\/svg>\t\t\t\t\t\t<\/span>\n\t\t\t\t\t\t\t\t\t\t<span class=\"elementor-icon-list-text\">\u66f4\u591a\u53c2\u8003\u8d44\u6599<\/span>\n\t\t\t\t\t\t\t\t\t\t\t<\/a>\n\t\t\t\t\t\t\t\t\t<\/li>\n\t\t\t\t\t\t<\/ul>\n\t\t\t\t\t\t<\/div>\n\t\t\t\t<\/div>\n\t\t\t\t\t<\/div>\n\t\t\t\t<\/div>\n\t\t<div data-particle_enable=\"false\" data-particle-mobile-disabled=\"false\" class=\"elementor-element elementor-element-567038e e-flex e-con-boxed e-con e-parent\" data-id=\"567038e\" data-element_type=\"container\">\n\t\t\t\t\t<div class=\"e-con-inner\">\n\t\t\t\t<div class=\"elementor-element elementor-element-9635f09 elementor-widget elementor-widget-shortcode\" data-id=\"9635f09\" data-element_type=\"widget\" data-widget_type=\"shortcode.default\">\n\t\t\t\t<div class=\"elementor-widget-container\">\n\t\t\t\t\t\t\t<div class=\"elementor-shortcode\"><\/div>\n\t\t\t\t\t\t<\/div>\n\t\t\t\t<\/div>\n\t\t\t\t\t<\/div>\n\t\t\t\t<\/div>\n\t\t<div data-particle_enable=\"false\" data-particle-mobile-disabled=\"false\" class=\"elementor-element elementor-element-14d115f e-flex e-con-boxed e-con e-parent\" data-id=\"14d115f\" data-element_type=\"container\">\n\t\t\t\t\t<div class=\"e-con-inner\">\n\t\t\t\t<div class=\"elementor-element elementor-element-0f53c4b elementor-widget elementor-widget-shortcode\" data-id=\"0f53c4b\" data-element_type=\"widget\" data-widget_type=\"shortcode.default\">\n\t\t\t\t<div class=\"elementor-widget-container\">\n\t\t\t\t\t\t\t<div class=\"elementor-shortcode\"><\/div>\n\t\t\t\t\t\t<\/div>\n\t\t\t\t<\/div>\n\t\t\t\t\t<\/div>\n\t\t\t\t<\/div>\n\t\t\t\t<\/div>","protected":false},"excerpt":{"rendered":"<p>Vereine und Verb\u00e4nde Veranstaltungs- und Medientechnik f\u00fcr Vereine und Verb\u00e4nde in Deutschland Mit \u00fcber 600.000 Vereinen und Verb\u00e4nden pr\u00e4gt das Vereinswesen ma\u00dfgeblich das gesellschaftliche Leben in Deutschland. Diese Organisationen leisten einen wichtigen Beitrag zu Kultur, Bildung, Sport und sozialem Engagement. Wir sch\u00e4tzen diese Struktur und verf\u00fcgen \u00fcber umfangreiche Erfahrung in der Zusammenarbeit mit Vereinen, Verb\u00e4nden [&hellip;]<\/p>","protected":false},"author":2,"featured_media":45482,"parent":0,"menu_order":0,"comment_status":"closed","ping_status":"closed","template":"","meta":{"_acf_changed":false,"footnotes":""},"class_list":["post-24845","page","type-page","status-publish","has-post-thumbnail","hentry"],"acf":[],"_links":{"self":[{"href":"https:\/\/konferenztechnik.de\/zh\/wp-json\/wp\/v2\/pages\/24845","targetHints":{"allow":["GET"]}}],"collection":[{"href":"https:\/\/konferenztechnik.de\/zh\/wp-json\/wp\/v2\/pages"}],"about":[{"href":"https:\/\/konferenztechnik.de\/zh\/wp-json\/wp\/v2\/types\/page"}],"author":[{"embeddable":true,"href":"https:\/\/konferenztechnik.de\/zh\/wp-json\/wp\/v2\/users\/2"}],"replies":[{"embeddable":true,"href":"https:\/\/konferenztechnik.de\/zh\/wp-json\/wp\/v2\/comments?post=24845"}],"version-history":[{"count":0,"href":"https:\/\/konferenztechnik.de\/zh\/wp-json\/wp\/v2\/pages\/24845\/revisions"}],"wp:featuredmedia":[{"embeddable":true,"href":"https:\/\/konferenztechnik.de\/zh\/wp-json\/wp\/v2\/media\/45482"}],"wp:attachment":[{"href":"https:\/\/konferenztechnik.de\/zh\/wp-json\/wp\/v2\/media?parent=24845"}],"curies":[{"name":"wp","href":"https:\/\/api.w.org\/{rel}","templated":true}]}}