{"id":2516,"date":"2013-09-23T13:27:25","date_gmt":"2013-09-23T11:27:25","guid":{"rendered":"https:\/\/konferenztechnik.de\/?page_id=2516"},"modified":"2023-07-05T15:05:51","modified_gmt":"2023-07-05T13:05:51","slug":"%e4%bc%90%e6%9c%a8","status":"publish","type":"page","link":"https:\/\/konferenztechnik.de\/zh\/%e5%88%86%e5%8f%91%e4%bc%9a%e8%ae%ae%e5%92%8c-av-%e5%aa%92%e4%bd%93%e6%8a%80%e6%9c%af\/%e4%bc%90%e6%9c%a8\/","title":{"rendered":"\u8bb0\u5f55"},"content":{"rendered":"<h1>\u8bb0\u5f55<\/h1>\n<p>\u5e02\u573a\u4e0a\u6709\u5404\u79cd\u7528\u4e8e\u4f20\u7edf\u4f1a\u8bae\u5f55\u97f3\u7684\u8bbe\u5907\u3002\u867d\u7136\u78c1\u5e26\u5f55\u97f3\u673a\u548c\u542c\u5199\u673a\u7b49\u8fc7\u65f6\u7684\u8bbe\u5907\u5df2\u7ecf\u8fc7\u65f6\uff0c\u4f46 MD \u5f55\u97f3\u673a\u548c CD \u5f55\u97f3\u673a\u5df2\u7ecf\u52a0\u5165\u4e86\u4f17\u6240\u5468\u77e5\u7684\u78c1\u5e26\u5f55\u97f3\u673a\u548c DAT \u5f55\u97f3\u673a\u7684\u884c\u5217\u3002\u786c\u76d8\u5f55\u97f3\u4e5f\u8d8a\u6765\u8d8a\u7ecf\u6d4e\u5b9e\u60e0\u3002\u4e0d\u8fc7\uff0c\u9664\u4e86\u8fd9\u4e9b\u786c\u4ef6\u4e4b\u5916\uff0c\u73b0\u5728\u7684\u8d8b\u52bf\u662f\u9010\u6e10\u8f6c\u5411\u8f6f\u4ef6\u5f55\u97f3\u3002\u5728\u8fd9\u91cc\uff0c\u60a8\u9700\u8981\u4e00\u53f0\u4e2a\u4eba\u7535\u8111\u6216\u7b14\u8bb0\u672c\u7535\u8111\u3001\u4e00\u4e2a\u9ea6\u514b\u98ce\u6216 USB \u9ea6\u514b\u98ce\u4ee5\u53ca\u76f8\u5e94\u7684 \u2013 \u8f6f\u4ef6\uff0c\u5c31\u53ef\u4ee5\u5f00\u59cb\u5f55\u97f3\u4e86\u3002<\/p>\n<h2>\u9a6c\u5170\u58eb MP3 \u5f55\u97f3\u673a<\/h2>\n<p><a href=\"https:\/\/konferenztechnik.de\/wp-content\/uploads\/2013\/09\/marrantz_mp3-recorder_gross.jpg\"><img decoding=\"async\" width=\"400\" height=\"105\" class=\"alignleft size-full wp-image-2912\" src=\"https:\/\/konferenztechnik.de\/wp-content\/uploads\/2013\/09\/marrantz_mp3-recorder_gross.jpg\" alt=\"\u9a6c\u5170\u58eb MP3 \u5f55\u97f3\u673a\" title=\"\" srcset=\"https:\/\/konferenztechnik.de\/wp-content\/uploads\/2013\/09\/marrantz_mp3-recorder_gross.jpg 400w, https:\/\/konferenztechnik.de\/wp-content\/uploads\/2013\/09\/marrantz_mp3-recorder_gross-300x79.jpg 300w\" sizes=\"(max-width: 400px) 100vw, 400px\" \/><\/a><\/p>\n<p>MP3 \u5f55\u97f3\u673a\u53ef\u80fd\u662f\u73b0\u4ee3\u6700\u6d41\u884c\u7684\u5f55\u97f3\u8bbe\u5907\u4e4b\u4e00\u3002\u97f3\u9891\u8bb0\u5f55\u5728\u6807\u51c6\u5b58\u50a8\u4ecb\u8d28\u4e0a\uff0c\u4f8b\u5982 CompactFlash \u5361\u3002\u66f4\u4e13\u4e1a\u7684\u8bbe\u5907\u53ef\u901a\u8fc7 PC \u4f7f\u7528\u4e32\u884c\u63a5\u53e3\uff08RS-232C\uff09\u6216\u4ee5\u592a\u7f51\u63a5\u53e3\uff08LAN\/RJ-45\uff09\u8fdb\u884c\u63a7\u5236\u548c\u8bfb\u53d6\uff0c\u73b0\u5728\u901a\u5e38\u8fd8\u53ef\u4f7f\u7528 USB \u8fde\u63a5\u8fdb\u884c\u6570\u636e\u4f20\u8f93\u3002<\/p>\n<h2>DAT \u5f55\u97f3\u673a<\/h2>\n<p><a href=\"https:\/\/konferenztechnik.de\/wp-content\/uploads\/2013\/09\/Sony_DAT-Recorder_gross.jpg\"><img fetchpriority=\"high\" decoding=\"async\" width=\"490\" height=\"151\" class=\"alignleft size-full wp-image-2911\" src=\"https:\/\/konferenztechnik.de\/wp-content\/uploads\/2013\/09\/Sony_DAT-Recorder_gross.jpg\" alt=\"DAT \u5f55\u97f3\u673a\" title=\"\" srcset=\"https:\/\/konferenztechnik.de\/wp-content\/uploads\/2013\/09\/Sony_DAT-Recorder_gross.jpg 490w, https:\/\/konferenztechnik.de\/wp-content\/uploads\/2013\/09\/Sony_DAT-Recorder_gross-300x92.jpg 300w\" sizes=\"(max-width: 490px) 100vw, 490px\" \/><\/a><\/p>\n<p>\u4e0a\u4e16\u7eaa 90 \u5e74\u4ee3\uff0cDAT \u683c\u5f0f\u5728\u6d88\u8d39\u9886\u57df\u7684\u53d1\u5c55\u4e3e\u6b65\u7ef4\u8270\uff0c\u4f46\u65f6\u81f3\u4eca\u65e5\uff0c\u8fd9\u9879\u6280\u672f\u4ecd\u662f\u5f55\u97f3\u5ba4\u548c\u4e13\u4e1a\u9886\u57df\u7684\u7ecf\u5178\u5a92\u4f53\uff0c\u56e0\u4e3a\u5b83\u5177\u6709\u64ad\u653e\u65f6\u95f4\u957f\uff08\u957f\u8fbe\u4e09\u5c0f\u65f6\uff09\u3001\u65e0\u635f\u8017\u3001\u65e0\u538b\u7f29\u548c\u9ad8\u8d28\u91cf\u5f55\u97f3\u7b49\u4f18\u70b9\u3002<\/p>\n<h1>\u534f\u8bae\u548c\u8bb0\u5f55\u8f6f\u4ef6 \u2013 stenos-s<\/h1>\n<h2>\u901f\u8bb0-s 4<\/h2>\n<p><a href=\"https:\/\/konferenztechnik.de\/wp-content\/uploads\/2013\/09\/beyerdynamic_stenos-s4_court_klein.jpg\"><img decoding=\"async\" width=\"130\" height=\"130\" class=\"alignleft size-full wp-image-2917\" src=\"https:\/\/konferenztechnik.de\/wp-content\/uploads\/2013\/09\/beyerdynamic_stenos-s4_court_klein.jpg\" alt=\"\u62dc\u4e9a\u52a8\u529b stenos-s4 \u8bb0\u5f55\u8f6f\u4ef6\" title=\"\"><\/a><\/p>\n<p>steno-s \u5f55\u97f3\u8f6f\u4ef6\u662f\u7528\u4e8e\u4f1a\u8bae\u6216\u6cd5\u5ead\u5f55\u97f3\u7684\u5f3a\u5927\u5de5\u5177\u3002\u4f7f\u7528 steno-s\uff0c\u53ef\u4ee5\u5229\u7528\u6807\u8bb0\u3001\u6574\u5408\u5a92\u4f53\u6587\u4ef6\uff08\u5982 Word\u3001Excel\u3001PowerPoint\uff09\u548c\u6ce8\u91ca\u7b49\u5404\u79cd\u529f\u80fd\u5bf9\u5f55\u97f3\u6750\u6599\u8fdb\u884c\u4f18\u5316\u7ba1\u7406\u548c\u5b58\u6863\u3002<\/p>\n<p>\u4f7f\u7528 steno-s\uff0c\u60a8\u8fd8\u53ef\u4ee5\u5728\u4f1a\u540e\u6709\u9009\u62e9\u6027\u5730\u8f7b\u677e\u8bbf\u95ee\u4e2a\u522b\u5185\u5bb9\u3002\u51b3\u5b9a\u3001\u8bc4\u8bba\u6216\u95ee\u9898\u90fd\u4f1a\u5728\u5f55\u97f3\u4e2d\u7528\u6807\u8bb0\u6807\u51fa\uff0c\u56e0\u6b64\u53ef\u4ee5\u5f88\u65b9\u4fbf\u5730\u518d\u6b21\u8046\u542c\uff0c\u4ee5\u521b\u5efa\u4f1a\u8bae\u8bb0\u5f55\u3002\u8981\u5b9e\u73b0\u65e0\u7eb8\u5316\u5b58\u6863\uff0c\u53ea\u9700\u5c06\u5f55\u97f3\u523b\u5f55\u5230 CD \u4e0a\u6216\u5728\u7f51\u7edc\u4e0a\u63d0\u4f9b\u6570\u636e\u5373\u53ef\u3002<\/p>\n<h2>\u901f\u8bb0-s 4<\/h2>\n<p>\u901f\u5370\u673a\u7684\u4e00\u4e9b\u7279\u70b9 4\uff1a<\/p>\n<ul>\n<li>\u6570\u5c0f\u65f6\/\u6570\u5929\u7684\u957f\u671f\u8bb0\u5f55<\/li>\n<li>\u591a\u901a\u9053\u540c\u65f6\u5f55\u5236<\/li>\n<li>\u5d4c\u5165\u4efb\u4f55\u6587\u4ef6\uff08\u5982 Excel \u6216 PowerPoint\uff09<\/li>\n<li>\u6574\u5408\u7535\u5b50\u653f\u52a1\u5e94\u7528\u7a0b\u5e8f\uff08\u5982 ALLRIS\uff09<\/li>\n<li>\u5728\u4e0d\u6539\u53d8\u97f3\u8c03\u7684\u60c5\u51b5\u4e0b\u6539\u53d8\u64ad\u653e\u901f\u5ea6<\/li>\n<li>\u5728\u5f55\u97f3\u8fc7\u7a0b\u4e2d\u91cd\u653e\u4f1a\u8bae\u5185\u5bb9<\/li>\n<li>\u901a\u8fc7\u53ef\u9009\u7684 USB \u811a\u63a7\u5f00\u5173\u8fdb\u884c\u64ad\u653e\u63a7\u5236\uff0c\u975e\u5e38\u65b9\u4fbf<\/li>\n<li>\u7528\u4e8e\u56de\u653e\u4f1a\u8bae\u5f55\u97f3\u7684\u514d\u8d39\u901f\u8bb0\u64ad\u653e\u5668\u6a21\u5f0f<\/li>\n<\/ul>\n<p>\u8bf7\u6ce8\u610f\uff1asteno-s 4 \u4ec5\u4e0e Windows 7 \u53ca\u66f4\u9ad8\u7248\u672c\u517c\u5bb9\u3002\u5982\u679c\u60a8\u9700\u8981\u66f4\u65e9\u7684 Windows \u7248\u672c\u7684 steno-s\uff0c\u8bf7\u8054\u7cfb\u6211\u4eec\u3002<\/p>\n<p>\u6b64\u5916\uff0c\u8fd8\u63d0\u4f9b\u5404\u79cd\u64cd\u4f5c\u8bbe\u5907\uff0c\u5982\u811a\u8e0f\u63a7\u5236\u88c5\u7f6e\u3001\u8033\u673a\u548c USB \u9ea6\u514b\u98ce\uff0c\u4ee5\u914d\u5408\u8f6f\u4ef6\u4f7f\u7528\uff1a<\/p>\n<h2>Steno-S STA-22 \u4e0b\u5df4\u8033\u673a<\/h2>\n<p><a href=\"https:\/\/konferenztechnik.de\/wp-content\/uploads\/2013\/09\/Steno-S_Kinnbuegelkopfhoerer_STA-22_gross.jpg\"><img loading=\"lazy\" decoding=\"async\" width=\"353\" height=\"600\" class=\"alignleft size-full wp-image-2916\" src=\"https:\/\/konferenztechnik.de\/wp-content\/uploads\/2013\/09\/Steno-S_Kinnbuegelkopfhoerer_STA-22_gross.jpg\" alt=\"Steno-S STA-22 \u4e0b\u5df4\u8033\u673a \" title=\"\" srcset=\"https:\/\/konferenztechnik.de\/wp-content\/uploads\/2013\/09\/Steno-S_Kinnbuegelkopfhoerer_STA-22_gross.jpg 353w, https:\/\/konferenztechnik.de\/wp-content\/uploads\/2013\/09\/Steno-S_Kinnbuegelkopfhoerer_STA-22_gross-177x300.jpg 177w\" sizes=\"(max-width: 353px) 100vw, 353px\" \/><\/a><\/p>\n<p>STA 22\uff1a\u5e26 3.5 \u6beb\u7c73\u63d2\u5b54\u7684\u4e0b\u5df4\u5e26\u5f0f\u8033\u673a<\/p>\n<p>\u7279\u70b9<\/p>\n<ul>\n<li>2.5 \u7c73\u7535\u7f06\uff0c\u5e26\u96c6\u6210\u97f3\u91cf\u63a7\u5236<\/li>\n<li>3.5 \u6beb\u7c73\u63d2\u5b54\u63d2\u5934<\/li>\n<li>\u7acb\u4f53\u58f0\u8fde\u63a5\uff0c21 \u6b27\u59c6\uff0c20-20,000 \u8d6b\u5179<\/li>\n<li>\u53ef\u76f4\u63a5\u8fde\u63a5\u7535\u8111<\/li>\n<\/ul>\n<h2>\u811a\u8e0f\u5f00\u5173 Steno-S STA-44<\/h2>\n<p><a href=\"https:\/\/konferenztechnik.de\/wp-content\/uploads\/2013\/09\/Steno-S_Fussschalter_STA-44_klein.jpg\"><img loading=\"lazy\" decoding=\"async\" width=\"180\" height=\"115\" class=\"alignleft size-full wp-image-2919\" src=\"https:\/\/konferenztechnik.de\/wp-content\/uploads\/2013\/09\/Steno-S_Fussschalter_STA-44_klein.jpg\" alt=\"\u811a\u8e0f\u5f00\u5173 Steno-S STA-44\" title=\"\"><\/a><\/p>\n<p>\u4f7f\u7528 STA-44 \u811a\u63a7\u5f00\u5173\uff0c\u60a8\u65e0\u9700\u4f7f\u7528\u9f20\u6807\u6216\u952e\u76d8\u5373\u53ef\u63a7\u5236 steno-s \u548c\u514d\u8d39\u7684 Steno-S \u64ad\u653e\u5668\u3002\u811a\u8e0f\u5f00\u5173\u53ef\u901a\u8fc7 RS232 \u6216 USB \u63a5\u53e3\u8fde\u63a5\u5230\u7535\u8111\u3002\u5b83\u901a\u8fc7 3 \u4e2a\u6309\u94ae\u8fdb\u884c\u64cd\u4f5c\uff0c\u8fd9\u4e9b\u6309\u94ae\u53ef\u5728 Steno-S \u8f6f\u4ef6\u7684\u8bbe\u7f6e\u9009\u9879\u4e2d\u8fdb\u884c\u81ea\u5b9a\u4e49\u3002<\/p>\n<h2>MPC 70 USB \u8fb9\u754c\u9ea6\u514b\u98ce<\/h2>\n<p><a href=\"https:\/\/konferenztechnik.de\/wp-content\/uploads\/2013\/09\/Steno-S_Grenzflaechenmikrofon_MPC-70_USB_klein.jpg\"><img loading=\"lazy\" decoding=\"async\" width=\"155\" height=\"116\" class=\"alignleft size-full wp-image-2325\" src=\"https:\/\/konferenztechnik.de\/wp-content\/uploads\/2013\/09\/Steno-S_Grenzflaechenmikrofon_MPC-70_USB_klein.jpg\" alt=\"\u62dc\u4e9a\u52a8\u529b\u8fb9\u754c\u9ea6\u514b\u98ce MPC 70 USB\" title=\"\"><\/a><\/p>\n<p>MPC 70 USB \u662f\u4e00\u6b3e\u5e26\u6709\u6807\u51c6 USB \u63a5\u53e3\u7684\u8fb9\u754c\u9ea6\u514b\u98ce\u3002\u8be5\u9ea6\u514b\u98ce\u53ef\u7528\u4e8e\u901f\u8bb0\u7b49\u8f6f\u4ef6\u5e94\u7528\uff0c\u4e5f\u53ef\u96c6\u6210\u5230\u89c6\u9891\u4f1a\u8bae\u7cfb\u7edf\u4e2d\uff0c\u4e3a\u5f55\u97f3\u548c\u8bed\u97f3\u8d28\u91cf\u63d0\u4f9b\u65b0\u7684\u53ef\u80fd\u6027\u3002<\/p>\n<h2>MPC 70 USB \u8fb9\u754c\u9ea6\u514b\u98ce<\/h2>\n<p>\u96c6\u6210\u7684\u8584\u819c\u5f00\u5173\u53ef\u7528\u4e8e\u5728\u5f00\/\u5173\u3001\u6309\u4e0b\u901a\u8bdd\u6216\u6309\u4e0b\u9759\u97f3\u4e09\u79cd\u64cd\u4f5c\u6a21\u5f0f\u4e4b\u95f4\u5207\u6362\uff0c\u5177\u4f53\u53d6\u51b3\u4e8e\u5e94\u7528\u60c5\u51b5\u3002\u9ea6\u514b\u98ce\u542f\u52a8\u65f6\uff0cLED \u6307\u793a\u706f\u4f1a\u4eae\u8d77\u7ea2\u706f\u3002\u9ea6\u514b\u98ce\u7684\u7075\u654f\u5ea6\u53ef\u5206\u4e24\u7ea7\u9884\u9009\u3002\u6b64\u5916\uff0c\u8fd8\u53ef\u5f00\u542f\u4f4e\u97f3\u6291\u5236\u529f\u80fd\uff0c\u4ee5\u6d88\u9664\u7ed3\u6784\u566a\u97f3\u3002\u7535\u7f06\u53ef\u62c6\u5378\uff0c\u957f\u5ea6\u4e3a\u4e09\u7c73\uff0c\u8fd9\u610f\u5473\u7740 MPC 70 \u53ef\u4ee5\u65b9\u4fbf\u5730\u653e\u7f6e\u5728\u4f1a\u8bae\u684c\u4e0a\u3002<\/p>","protected":false},"excerpt":{"rendered":"<p>Protokollierung F\u00fcr eine herk\u00f6mmliche tontechnische Aufzeichnung von Konferenzen sind verschiedene Ger\u00e4te auf dem Markt. W\u00e4hrend veraltete Ger\u00e4te wie Tonbandmaschinen und Diktierger\u00e4te aus der Mode gekommen sind, kamen in der Zwischenzeit zu den altbekannten Kassettenrecordern und DAT-Recordern auch MD-Recorder und CD-Recorder. Auch ein Harddisc-Recording wird immer erschwinglicher. Ganz abgesehen von dieser Hardware geht der Trend aber [&hellip;]<\/p>","protected":false},"author":1,"featured_media":45482,"parent":3614,"menu_order":135,"comment_status":"closed","ping_status":"open","template":"","meta":{"_acf_changed":false,"footnotes":""},"class_list":["post-2516","page","type-page","status-publish","has-post-thumbnail","hentry"],"acf":[],"_links":{"self":[{"href":"https:\/\/konferenztechnik.de\/zh\/wp-json\/wp\/v2\/pages\/2516","targetHints":{"allow":["GET"]}}],"collection":[{"href":"https:\/\/konferenztechnik.de\/zh\/wp-json\/wp\/v2\/pages"}],"about":[{"href":"https:\/\/konferenztechnik.de\/zh\/wp-json\/wp\/v2\/types\/page"}],"author":[{"embeddable":true,"href":"https:\/\/konferenztechnik.de\/zh\/wp-json\/wp\/v2\/users\/1"}],"replies":[{"embeddable":true,"href":"https:\/\/konferenztechnik.de\/zh\/wp-json\/wp\/v2\/comments?post=2516"}],"version-history":[{"count":0,"href":"https:\/\/konferenztechnik.de\/zh\/wp-json\/wp\/v2\/pages\/2516\/revisions"}],"up":[{"embeddable":true,"href":"https:\/\/konferenztechnik.de\/zh\/wp-json\/wp\/v2\/pages\/3614"}],"wp:featuredmedia":[{"embeddable":true,"href":"https:\/\/konferenztechnik.de\/zh\/wp-json\/wp\/v2\/media\/45482"}],"wp:attachment":[{"href":"https:\/\/konferenztechnik.de\/zh\/wp-json\/wp\/v2\/media?parent=2516"}],"curies":[{"name":"wp","href":"https:\/\/api.w.org\/{rel}","templated":true}]}}