{"id":3614,"date":"2013-10-24T14:38:24","date_gmt":"2013-10-24T12:38:24","guid":{"rendered":"https:\/\/konferenztechnik.de\/?page_id=3614"},"modified":"2023-09-01T13:24:14","modified_gmt":"2023-09-01T11:24:14","slug":"%e5%88%86%e5%8f%91%e4%bc%9a%e8%ae%ae%e5%92%8c-av-%e5%aa%92%e4%bd%93%e6%8a%80%e6%9c%af","status":"publish","type":"page","link":"https:\/\/konferenztechnik.de\/zh\/%e5%88%86%e5%8f%91%e4%bc%9a%e8%ae%ae%e5%92%8c-av-%e5%aa%92%e4%bd%93%e6%8a%80%e6%9c%af\/","title":{"rendered":"\u5206\u53d1\u4f1a\u8bae\u548c AV \u5a92\u4f53\u6280\u672f"},"content":{"rendered":"<h1>\u5206\u53d1\u4f1a\u8bae\u548c AV \u5a92\u4f53\u6280\u672f<\/h1>\n<p>[rev_slider\u9500\u552e]<\/p>\n<p>[spacer size=\"30\u2033]<\/p>\n<p>\u60a8\u662f\u5426\u6b63\u5728\u5bfb\u627e\u4f1a\u8bae\u548c\u5a92\u4f53\u7cfb\u7edf\uff0c\u6216\u8005\u60a8\u662f\u5426\u9700\u8981\u97f3\u9891\u6216\u89c6\u9891\u6280\u672f\uff1f\u6211\u4eec\u662f\u8fd9\u4e9b\u9886\u57df\u77e5\u540d\u4e13\u4e1a\u5236\u9020\u5546\u7684\u9500\u552e\u5408\u4f5c\u4f19\u4f34\u3002\u60a8\u53ef\u4ee5\u4ece\u6211\u4eec\u8fd9\u91cc\u8d2d\u4e70\u5c0f\u578b\u548c\u5927\u578b\u89c6\u542c\u6280\u672f\u7cfb\u7edf\uff0c\u4ee5\u53ca\u5355\u4e2a\u7ec4\u4ef6\u3001\u5907\u4ef6\u548c\u914d\u4ef6\u3002<\/p>\n<p>PCS \u4ee5\u6bcf\u65e5\u4ef7\u683c\u9500\u552e\u5546\u4e1a\u7528\u9014\u7684\u4e13\u4e1a\u6280\u672f\uff0c\u5305\u62ec\u54a8\u8be2\u548c\u552e\u540e\u670d\u52a1\u3002<\/p>\n<p>[column size=\"1-3\u2033 last=\"1\u2033]<br \/>\n[\/column]<\/p>\n<p>[spacer size=\"10\u2033]<\/p>\n<p>[column size=\"1-2\u2033 last=\"0\u2033]<br \/>\n<a href=\"\/zh\/%e5%88%86%e5%8f%91%e4%bc%9a%e8%ae%ae%e5%92%8c-av-%e5%aa%92%e4%bd%93%e6%8a%80%e6%9c%af\/vanerum-i3\/\"><img fetchpriority=\"high\" decoding=\"async\" width=\"288\" height=\"198\" class=\"alignleft size-full wp-image-3748\" src=\"https:\/\/konferenztechnik.de\/wp-content\/uploads\/2013\/11\/01-i3.jpg\" alt=\"Vanerum i3 \u4ea4\u4e92\u5f0f\u767d\u677f\" title=\"\"><\/a><br \/>\n<a href=\"\/zh\/%e5%88%86%e5%8f%91%e4%bc%9a%e8%ae%ae%e5%92%8c-av-%e5%aa%92%e4%bd%93%e6%8a%80%e6%9c%af\/vanerum-i3\/\"> \u667a\u80fd\u5b66\u4e60\u3001\u6f14\u793a\u3001\u534f\u4f5c<\/a><br \/>\n\u4ea4\u4e92\u5f0f\u767d\u677f\u3001\u4ea4\u4e92\u5f0f\u663e\u793a\u5668\u548c\u6295\u5f71\u4eea\u3002<\/p>\n<p>[\/column]<\/p>\n<p>[column size=\"1-2\u2033 last=\"0\u2033]<br \/>\n<a href=\"\/zh\/%e5%88%86%e5%8f%91%e4%bc%9a%e8%ae%ae%e5%92%8c-av-%e5%aa%92%e4%bd%93%e6%8a%80%e6%9c%af\/%e5%b7%b4%e5%8f%af%e7%82%b9%e5%87%bb%e5%85%b1%e4%ba%ab\/\"><img decoding=\"async\" width=\"288\" height=\"198\" class=\"alignnone size-full wp-image-3851\" src=\"https:\/\/konferenztechnik.de\/wp-content\/uploads\/2013\/11\/barco_clickshare_bei-pcs.jpg\" alt=\"barco_clickshare_by-pcs\" title=\"\"><\/a><br \/>\n<a href=\"\/zh\/%e5%88%86%e5%8f%91%e4%bc%9a%e8%ae%ae%e5%92%8c-av-%e5%aa%92%e4%bd%93%e6%8a%80%e6%9c%af\/%e5%b7%b4%e5%8f%af%e7%82%b9%e5%87%bb%e5%85%b1%e4%ba%ab\/\"> \u65e0\u7ebf\u6f14\u793a\uff1a\u5df4\u53ef\u70b9\u51fb\u5206\u4eab<\/a><br \/>\n\u53ea\u9700\u70b9\u51fb\u4e00\u4e0b\uff0c\u60a8\u5c31\u53ef\u4ee5\u5728\u5c4f\u5e55\u4e0a\u770b\u5230\u3002\u5df4\u53ef ClickShare \u8d1f\u8d23\u6240\u6709\u6280\u672f\u3002<br \/>\n[\/column]<\/p>\n<p>[column size=\"1-3\u2033 last=\"1\u2033]<br \/>\n<a href=\"\/zh\/%e5%88%86%e5%8f%91%e4%bc%9a%e8%ae%ae%e5%92%8c-av-%e5%aa%92%e4%bd%93%e6%8a%80%e6%9c%af\/%e5%aa%92%e4%bd%93%e6%8e%a7%e5%88%b6\/\"><img decoding=\"async\" width=\"288\" height=\"198\" class=\"alignleft size-full wp-image-3750\" src=\"https:\/\/konferenztechnik.de\/wp-content\/uploads\/2013\/11\/03-mediensteuerungen.jpg\" alt=\"PCS \u7684\u5a92\u4f53\u63a7\u5236 - \u5feb\u601d\u806a\u3001AMX\u3001RTI\" title=\"\"><\/a><br \/>\n<a href=\"\/zh\/%e5%88%86%e5%8f%91%e4%bc%9a%e8%ae%ae%e5%92%8c-av-%e5%aa%92%e4%bd%93%e6%8a%80%e6%9c%af\/%e5%aa%92%e4%bd%93%e6%8e%a7%e5%88%b6\/\"> \u5a92\u4f53\u63a7\u5236<\/a><br \/>\n\u623f\u95f4\u548c\u697c\u5b87\u63a7\u5236\uff1a\u63a7\u5236\u89c6\u9891\u3001\u97f3\u9891\u3001\u7167\u660e\u548c\u697c\u5b87\u6280\u672f\u3002<br \/>\n[\/column]<\/p>\n<p>[column size=\"1-2\u2033 last=\"0\u2033]<br \/>\n<a href=\"\/zh\/%e5%88%86%e5%8f%91%e4%bc%9a%e8%ae%ae%e5%92%8c-av-%e5%aa%92%e4%bd%93%e6%8a%80%e6%9c%af\/%e8%ae%a8%e8%ae%ba%e8%ae%be%e6%96%bd\/\"><img loading=\"lazy\" decoding=\"async\" class=\"alignnone size-full wp-image-1287\" src=\"https:\/\/konferenztechnik.de\/wp-content\/uploads\/2013\/06\/quinta.jpg\" alt=\"\u91d1\u5854\" width=\"288\" height=\"198\" title=\"\"><\/a><br \/>\n<a href=\"\/zh\/%e5%88%86%e5%8f%91%e4%bc%9a%e8%ae%ae%e5%92%8c-av-%e5%aa%92%e4%bd%93%e6%8a%80%e6%9c%af\/%e8%ae%a8%e8%ae%ba%e8%ae%be%e6%96%bd\/\"> \u8ba8\u8bba\u8bbe\u65bd<\/a><br \/>\n\u8d2d\u4e70\u4e13\u4e1a\u7cfb\u7edf\uff1a\u6709\u7ebf\u3001\u65e0\u7ebf\u548c\u51fa\u8272\u7684\u97f3\u9891\u8d28\u91cf<br \/>\n[\/column]<\/p>\n<p>[column size=\"1-2\u2033 last=\"0\u2033]<br \/>\n<a href=\"\/zh\/%e5%88%86%e5%8f%91%e4%bc%9a%e8%ae%ae%e5%92%8c-av-%e5%aa%92%e4%bd%93%e6%8a%80%e6%9c%af\/%e5%af%bc%e5%90%91%e7%b3%bb%e7%bb%9f-2\/\"><img loading=\"lazy\" decoding=\"async\" class=\"alignnone size-full wp-image-3357\" src=\"https:\/\/konferenztechnik.de\/wp-content\/uploads\/2013\/06\/sennheiser.jpg\" alt=\"\u68ee\u6d77\u585e\u5c14\" width=\"288\" height=\"198\" title=\"\"><\/a><br \/>\n<a href=\"\/zh\/%e5%88%86%e5%8f%91%e4%bc%9a%e8%ae%ae%e5%92%8c-av-%e5%aa%92%e4%bd%93%e6%8a%80%e6%9c%af\/%e5%af%bc%e5%90%91%e7%b3%bb%e7%bb%9f-2\/\"> \u5bfc\u5f15\u7cfb\u7edf<\/a><br \/>\n\u575a\u56fa\u8010\u7528\uff0c\u97f3\u8d28\u5353\u8d8a\uff0c\u65b0\u578b\u9502\u79bb\u5b50\u7535\u6c60\u7eed\u822a\u65f6\u95f4\u957f\u3002<br \/>\n[\/column]<\/p>\n<p>[column size=\"1-3\u2033 last=\"1\u2033]<br \/>\n<a href=\"\/zh\/%e5%88%86%e5%8f%91%e4%bc%9a%e8%ae%ae%e5%92%8c-av-%e5%aa%92%e4%bd%93%e6%8a%80%e6%9c%af\/%e5%8f%a3%e8%af%91%e7%b3%bb%e7%bb%9f\/\"><img loading=\"lazy\" decoding=\"async\" class=\"alignnone size-full wp-image-1287\" src=\"https:\/\/konferenztechnik.de\/wp-content\/uploads\/2013\/06\/dolmetscherkabine.jpg\" alt=\"\u53e3\u8bd1\u4ead\" width=\"288\" height=\"198\" title=\"\"><\/a><br \/>\n<a href=\"\/zh\/%e5%88%86%e5%8f%91%e4%bc%9a%e8%ae%ae%e5%92%8c-av-%e5%aa%92%e4%bd%93%e6%8a%80%e6%9c%af\/%e5%8f%a3%e8%af%91%e7%b3%bb%e7%bb%9f\/\"> \u53e3\u8bd1\u7cfb\u7edf<\/a><br \/>\n\u53d1\u8a00\u548c\u53e3\u8bd1\u53a2\u3001\u53e3\u8bd1\u684c\u3001\u7ea2\u5916\u4f20\u8bd1\u6280\u672f\u3001\u65e0\u7ebf\u7535\u4f20\u8bd1\u6280\u672f\u3002<\/p>\n<p>[\/column]<\/p>\n<p>[column size=\"1-2\u2033 last=\"0\u2033]<br \/>\n<a href=\"\/zh\/%e5%88%86%e5%8f%91%e4%bc%9a%e8%ae%ae%e5%92%8c-av-%e5%aa%92%e4%bd%93%e6%8a%80%e6%9c%af\/%e6%98%be%e7%a4%ba%e5%99%a8%e5%92%8c%e6%8a%95%e5%bd%b1%e4%bb%aa%e6%94%af%e6%9e%b6-2\/\"><img loading=\"lazy\" decoding=\"async\" class=\"alignleft size-full wp-image-3751\" src=\"https:\/\/konferenztechnik.de\/wp-content\/uploads\/2013\/11\/07-projektorenhalterungen.jpg\" alt=\"\u6295\u5f71\u4eea\u548c\u6295\u5c04\u5668\u652f\u67b6\" width=\"288\" height=\"198\" title=\"\"><\/a><br \/>\n<a href=\"\/zh\/%e5%88%86%e5%8f%91%e4%bc%9a%e8%ae%ae%e5%92%8c-av-%e5%aa%92%e4%bd%93%e6%8a%80%e6%9c%af\/%e6%98%be%e7%a4%ba%e5%99%a8%e5%92%8c%e6%8a%95%e5%bd%b1%e4%bb%aa%e6%94%af%e6%9e%b6-2\/\"> \u663e\u793a\u5668\u548c\u6295\u5f71\u4eea\u652f\u67b6<\/a><\/p>\n<p>\u5929\u82b1\u677f\u652f\u67b6\u3001\u5c4f\u5e55\u652f\u67b6\u3001\u6295\u5f71\u673a\u548c\u5c4f\u5e55\u5b89\u88c5\u7cfb\u7edf\u3001\u6295\u5f71\u673a\u7d22\u5177\u3001\u9694\u97f3\u6750\u6599\u548c\u5916\u58f3<br \/>\n[\/column]<\/p>\n<p>[column size=\"1-2\u2033 last=\"0\u2033]<br \/>\n<a href=\"\/zh\/%e5%88%86%e5%8f%91%e4%bc%9a%e8%ae%ae%e5%92%8c-av-%e5%aa%92%e4%bd%93%e6%8a%80%e6%9c%af\/%e9%9f%b3%e8%a7%86%e9%a2%91%e6%8a%80%e6%9c%af\/\"><img loading=\"lazy\" decoding=\"async\" class=\"alignleft size-full wp-image-3752\" src=\"https:\/\/konferenztechnik.de\/wp-content\/uploads\/2013\/11\/08-funklautsprecher.jpg\" alt=\"\u68ee\u6d77\u585e\u5c14 LSP 500 PRO \u65e0\u7ebf\u626c\u58f0\u5668\" width=\"288\" height=\"198\" title=\"\"><\/a><br \/>\n<a href=\"\/zh\/%e5%88%86%e5%8f%91%e4%bc%9a%e8%ae%ae%e5%92%8c-av-%e5%aa%92%e4%bd%93%e6%8a%80%e6%9c%af\/%e9%9f%b3%e8%a7%86%e9%a2%91%e6%8a%80%e6%9c%af\/\"> \u97f3\u9891\u6280\u672f\u3001\u89c6\u9891\u6280\u672f<\/a><br \/>\n\u97f3\u54cd\u7cfb\u7edf\u3001\u9ea6\u514b\u98ce\u3001\u6df7\u97f3\u53f0\u3001\u89c6\u9891\u6295\u5f71\u4eea\u3001\u663e\u793a\u5668\u3001\u5c4f\u5e55\u3001\u5c55\u793a\u53f0\u3001\u6295\u5f71\u5c4f\u5e55\u3001\u6570\u5b57\u6807\u724c\u3002<br \/>\n[\/column]<\/p>\n<p>[column size=\"1-3\u2033 last=\"1\u2033]<br \/>\n<a href=\"\/zh\/%e5%88%86%e5%8f%91%e4%bc%9a%e8%ae%ae%e5%92%8c-av-%e5%aa%92%e4%bd%93%e6%8a%80%e6%9c%af\/viprinet\/\"><img loading=\"lazy\" decoding=\"async\" class=\"alignleft size-full wp-image-3753\" src=\"https:\/\/konferenztechnik.de\/wp-content\/uploads\/2013\/11\/09-viprinetb.jpg\" alt=\"Viprinet \u591a\u901a\u9053 VPN \u8def\u7531\u5668 300\" width=\"288\" height=\"198\" title=\"\"><\/a><br \/>\n<a href=\"\/zh\/%e5%88%86%e5%8f%91%e4%bc%9a%e8%ae%ae%e5%92%8c-av-%e5%aa%92%e4%bd%93%e6%8a%80%e6%9c%af\/viprinet\/\"> \u89c6\u9891\u4f1a\u8bae\u7cfb\u7edf\u3001\u89c6\u9891\u8fdc\u7a0b\u53e3\u8bd1<\/a><br \/>\n\u65b0\u4ea7\u54c1\uff1aViprinet \u591a\u901a\u9053 VPN \u8def\u7531\u5668 300\uff1a\u4e0e\u4e92\u8054\u7f51\u548c\/\u6216\u4f01\u4e1a VPN \u7684\u5bbd\u5e26\u548c\u6545\u969c\u5b89\u5168\u8fde\u63a5<br \/>\n[\/column]<\/p>\n<p>[spacer size=\"10\u2033]<\/p>\n<p>\u6211\u4eec\u63d0\u4f9b\u72ec\u7acb\u4e8e\u5236\u9020\u5546\u7684\u5efa\u8bae\uff0c\u5e76\u5f88\u4e50\u610f\u6839\u636e\u60a8\u7684\u9700\u6c42\u91cf\u8eab\u5b9a\u5236\u4e00\u5957\u7cfb\u7edf\u3002<\/p>\n<div class=\"boxcontainer\">\n<div class=\"box1-2\">\n<h1>\u8054\u7cfb\u4eba<\/h1>\n<\/div>\n<div class=\"box1-2-order\">\n<h1>\u66f4\u591a\u94fe\u63a5<\/h1>\n<\/div>\n<div class=\"box1-4\">\n<div class=\"box-head\">\u7cfb\u7edf\u96c6\u6210<\/div>\n<p><img loading=\"lazy\" decoding=\"async\" width=\"800\" height=\"533\" src=\"https:\/\/konferenztechnik.de\/wp-content\/uploads\/2013\/08\/pcs-gmbh-andreas-bagattini.jpg\" alt=\"PCS GmbH Andreas Bagattini\" class=\"alignleft size-full wp-image-6340\" title=\"\" srcset=\"https:\/\/konferenztechnik.de\/wp-content\/uploads\/2013\/08\/pcs-gmbh-andreas-bagattini.jpg 800w, https:\/\/konferenztechnik.de\/wp-content\/uploads\/2013\/08\/pcs-gmbh-andreas-bagattini-300x200.jpg 300w, https:\/\/konferenztechnik.de\/wp-content\/uploads\/2013\/08\/pcs-gmbh-andreas-bagattini-768x512.jpg 768w\" sizes=\"(max-width: 800px) 100vw, 800px\" \/><br \/>\n\u5b89\u5fb7\u70c8\u4e9a\u65af-\u5df4\u52a0\u8482\u5c3c<br \/>\n\u9879\u76ee\u7ba1\u7406<br \/>\n\u7535\u8bdd +49 211 737798 21<br \/>\n\u7535\u5b50\u90ae\u4ef6 <a href=\"mailto:vertrieb@konferenztechnik.de\">\u5199\u9053<\/a><br \/>\n\u4e8c\u7ef4\u7801 <a href=\"https:\/\/konferenztechnik.de\/wp-content\/uploads\/2013\/08\/qrcode-andreas-bagattini.jpeg\">&#x9B; \u663e\u793a<\/a><\/div>\n<div class=\"box1-4\">\n<div class=\"box-head\">\u54a8\u8be2\u548c\u9500\u552e<\/div>\n<p><img loading=\"lazy\" decoding=\"async\" width=\"800\" height=\"533\" src=\"https:\/\/konferenztechnik.de\/wp-content\/uploads\/2013\/09\/jens_timmermann_pcs-gmbh.jpg\" alt=\"JENS_TIMMERMANN_PCS-GMBH\" class=\"alignleft size-full wp-image-2307\" title=\"\" srcset=\"https:\/\/konferenztechnik.de\/wp-content\/uploads\/2013\/09\/jens_timmermann_pcs-gmbh.jpg 800w, https:\/\/konferenztechnik.de\/wp-content\/uploads\/2013\/09\/jens_timmermann_pcs-gmbh-300x200.jpg 300w, https:\/\/konferenztechnik.de\/wp-content\/uploads\/2013\/09\/jens_timmermann_pcs-gmbh-768x512.jpg 768w\" sizes=\"(max-width: 800px) 100vw, 800px\" \/><br \/>\n\u5ef6\u65af-\u8482\u9ed8\u66fc<br \/>\n\u9879\u76ee\u987e\u95ee<br \/>\n\u7535\u8bdd +49 211 737798 20<br \/>\n\u7535\u5b50\u90ae\u4ef6 <a href=\"mailto:timmermann@konferenztechnik.de\">\u5199\u9053<\/a><br \/>\n\u4e8c\u7ef4\u7801 <a href=\"https:\/\/konferenztechnik.de\/wp-content\/uploads\/2013\/09\/jens_timmermann_qrcode.png\">&#x9B; \u663e\u793a<\/a><\/div>\n<div class=\"box2-4-2\" style=\"order:1;\" >\n<div class=\"weiterlinks\">\n<ul>\n[list icon=\"moon-arrow-right-2\u2033 color=\"#a62055\u2033]<a title=\"\u6309\u4ea7\u54c1\u7c7b\u522b\u5206\u5e03\" href=\"\/zh\/%e4%ba%a7%e5%93%81%e7%bb%84\/\">\u6309\u4ea7\u54c1\u7c7b\u522b\u5206\u5e03<\/a>[\/list]<br \/>\n[list icon=\"moon-arrow-right-2\u2033 color=\"#a62055\u2033]<a title=\"\u6309\u5236\u9020\u5546\u5206\u5e03\" href=\"\/zh\/%e7%94%9f%e4%ba%a7%e5%95%86\/\">\u6309\u5236\u9020\u5546\u5206\u5e03<\/a>[\/list]<br \/>\n[list icon=\"moon-arrow-right-2\u2033 color=\"#a62055\u2033]<a title=\"\u5b9a\u5236\u4ea7\u54c1\u3001\u7ef4\u62a4\u548c\u4fee\u7406\" href=\"\/zh\/%e6%9c%8d%e5%8a%a1-2\/%e4%bf%9d%e5%85%bb%e5%92%8c%e7%bb%b4%e4%bf%ae\/\">\u5b9a\u5236\u4ea7\u54c1\u3001\u7ef4\u62a4\u548c\u4fee\u7406<\/a>[\/list]<br \/>\n[list icon=\"moon-arrow-right-2\u2033 color=\"#a62055\u2033]<a title=\"PCS \u7684 10 \u4e2a\u5145\u5206\u7406\u7531\" href=\"\/zh\/%e5%85%b3%e4%ba%8e%e6%88%91%e4%bb%ac\/%e4%bd%bf%e7%94%a8-pc-%e7%9a%84-10-%e4%b8%aa%e5%85%85%e5%88%86%e7%90%86%e7%94%b1\/\">PCS \u7684 10 \u4e2a\u5145\u5206\u7406\u7531<\/a>[\/list]<br \/>\n[list icon=\"moon-arrow-right-2\u2033 color=\"#a62055\u2033]<a title=\"\u53c2\u8003\u8d44\u6599\" href=\"\/zh\/%e5%85%b3%e4%ba%8e%e6%88%91%e4%bb%ac\/%e5%ae%89%e8%a3%85%e5%8f%82%e8%80%83%e6%b8%85%e5%8d%95\/\">\u53c2\u8003\u6587\u732e \u5b89\u88c5\u548c\u96c6\u6210<\/a>[\/list]<br \/>\n[list icon=\"moon-arrow-right-2\u2033 color=\"#a62055\u2033]<a title=\"PCS\uff1a\u6240\u6709\u670d\u52a1\u4e00\u89c8\" href=\"\/zh\/%e6%9c%8d%e5%8a%a1-2\/\">PCS\uff1a\u6240\u6709\u670d\u52a1\u4e00\u89c8<\/a>[\/list]<\/ul>\n<\/div>\n<\/div>\n<\/div>\n<\/div>","protected":false},"excerpt":{"rendered":"<p>Vertrieb von Konferenz- und AV-Medientechnik [rev_slider vertrieb] [spacer size=&#8220;30&#8243;] Sie suchen Konferenz- und Mediensysteme oder ben\u00f6tigen Audio- oder Videotechnik? Wir sind Vertriebspartner der namhaften professionellen Hersteller in diesen Bereichen. Kleine und gro\u00dfe Systeme der AV-Technik k\u00f6nnen Sie bei uns genauso beziehen, wie einzelne Komponenten, Ersatzteile und Zubeh\u00f6r. PCS vertreibt f\u00fcr die gewerbliche Nutzung professionelle Technik [&hellip;]<\/p>","protected":false},"author":1,"featured_media":45482,"parent":0,"menu_order":113,"comment_status":"closed","ping_status":"open","template":"","meta":{"_acf_changed":false,"footnotes":""},"class_list":["post-3614","page","type-page","status-publish","has-post-thumbnail","hentry"],"acf":[],"_links":{"self":[{"href":"https:\/\/konferenztechnik.de\/zh\/wp-json\/wp\/v2\/pages\/3614","targetHints":{"allow":["GET"]}}],"collection":[{"href":"https:\/\/konferenztechnik.de\/zh\/wp-json\/wp\/v2\/pages"}],"about":[{"href":"https:\/\/konferenztechnik.de\/zh\/wp-json\/wp\/v2\/types\/page"}],"author":[{"embeddable":true,"href":"https:\/\/konferenztechnik.de\/zh\/wp-json\/wp\/v2\/users\/1"}],"replies":[{"embeddable":true,"href":"https:\/\/konferenztechnik.de\/zh\/wp-json\/wp\/v2\/comments?post=3614"}],"version-history":[{"count":0,"href":"https:\/\/konferenztechnik.de\/zh\/wp-json\/wp\/v2\/pages\/3614\/revisions"}],"wp:featuredmedia":[{"embeddable":true,"href":"https:\/\/konferenztechnik.de\/zh\/wp-json\/wp\/v2\/media\/45482"}],"wp:attachment":[{"href":"https:\/\/konferenztechnik.de\/zh\/wp-json\/wp\/v2\/media?parent=3614"}],"curies":[{"name":"wp","href":"https:\/\/api.w.org\/{rel}","templated":true}]}}