{"id":40071,"date":"2023-08-17T13:51:54","date_gmt":"2023-08-17T11:51:54","guid":{"rendered":"https:\/\/konferenztechnik.de\/?page_id=40071"},"modified":"2023-10-11T10:57:18","modified_gmt":"2023-10-11T08:57:18","slug":"%e6%b5%8b%e9%87%8f%e4%bc%9a%e8%ae%ae%e4%b8%ad%e5%bf%83%e7%9a%84%e9%85%92%e5%ba%97","status":"publish","type":"page","link":"https:\/\/konferenztechnik.de\/zh\/%e6%b5%8b%e9%87%8f%e4%bc%9a%e8%ae%ae%e4%b8%ad%e5%bf%83%e7%9a%84%e9%85%92%e5%ba%97\/","title":{"rendered":"\u9152\u5e97\u3001\u5c55\u4f1a\u3001\u4f1a\u8bae\u4e2d\u5fc3"},"content":{"rendered":"<div data-elementor-type=\"wp-page\" data-elementor-id=\"40071\" class=\"elementor elementor-40071\" data-elementor-post-type=\"page\">\n\t\t\t\t<div data-particle_enable=\"false\" data-particle-mobile-disabled=\"false\" class=\"elementor-element elementor-element-d8aba58 e-flex e-con-boxed e-con e-parent\" data-id=\"d8aba58\" data-element_type=\"container\">\n\t\t\t\t\t<div class=\"e-con-inner\">\n\t\t\t\t<div class=\"elementor-element elementor-element-366d4e5 elementor-widget__width-inherit elementor-widget elementor-widget-heading\" data-id=\"366d4e5\" data-element_type=\"widget\" data-widget_type=\"heading.default\">\n\t\t\t\t<div class=\"elementor-widget-container\">\n\t\t\t\t\t<h1 class=\"elementor-heading-title elementor-size-default\">\u9152\u5e97\u3001\u5c55\u4f1a\u3001\u4f1a\u8bae\u4e2d\u5fc3<\/h1>\t\t\t\t<\/div>\n\t\t\t\t<\/div>\n\t\t\t\t<div class=\"elementor-element elementor-element-e4b6b7a elementor-widget elementor-widget-image\" data-id=\"e4b6b7a\" data-element_type=\"widget\" data-widget_type=\"image.default\">\n\t\t\t\t<div class=\"elementor-widget-container\">\n\t\t\t\t\t\t\t\t\t\t\t\t\t\t\t<img fetchpriority=\"high\" decoding=\"async\" width=\"2560\" height=\"1049\" src=\"https:\/\/konferenztechnik.de\/wp-content\/uploads\/2023\/08\/Konferenztechnik-fuer-Hotels_Tagungsstaetten_Messen-PCS-scaled-e1692273089536.webp\" class=\"attachment-full size-full wp-image-40093\" alt=\"\u5728\u5149\u7167\u5145\u8db3\u7684\u623f\u95f4\u3001\u535a\u7269\u9986\u4e3e\u529e\u6d3b\u52a8\u6216\u4f1a\u8bae\" srcset=\"https:\/\/konferenztechnik.de\/wp-content\/uploads\/2023\/08\/Konferenztechnik-fuer-Hotels_Tagungsstaetten_Messen-PCS-scaled-e1692273089536.webp 2560w, https:\/\/konferenztechnik.de\/wp-content\/uploads\/2023\/08\/Konferenztechnik-fuer-Hotels_Tagungsstaetten_Messen-PCS-scaled-e1692273089536-300x123.webp 300w, https:\/\/konferenztechnik.de\/wp-content\/uploads\/2023\/08\/Konferenztechnik-fuer-Hotels_Tagungsstaetten_Messen-PCS-scaled-e1692273089536-1024x420.webp 1024w, https:\/\/konferenztechnik.de\/wp-content\/uploads\/2023\/08\/Konferenztechnik-fuer-Hotels_Tagungsstaetten_Messen-PCS-scaled-e1692273089536-768x315.webp 768w, https:\/\/konferenztechnik.de\/wp-content\/uploads\/2023\/08\/Konferenztechnik-fuer-Hotels_Tagungsstaetten_Messen-PCS-scaled-e1692273089536-1536x629.webp 1536w, https:\/\/konferenztechnik.de\/wp-content\/uploads\/2023\/08\/Konferenztechnik-fuer-Hotels_Tagungsstaetten_Messen-PCS-scaled-e1692273089536-2048x839.webp 2048w, https:\/\/konferenztechnik.de\/wp-content\/uploads\/2023\/08\/Konferenztechnik-fuer-Hotels_Tagungsstaetten_Messen-PCS-scaled-e1692273089536-18x7.webp 18w\" sizes=\"(max-width: 2560px) 100vw, 2560px\" title=\"\">\t\t\t\t\t\t\t\t\t\t\t\t\t\t\t<\/div>\n\t\t\t\t<\/div>\n\t\t<div data-particle_enable=\"false\" data-particle-mobile-disabled=\"false\" class=\"elementor-element elementor-element-b15d0ca e-flex e-con-boxed e-con e-child\" data-id=\"b15d0ca\" data-element_type=\"container\">\n\t\t\t\t\t<div class=\"e-con-inner\">\n\t\t\t\t<div class=\"elementor-element elementor-element-2ebf418 elementor-widget elementor-widget-button\" data-id=\"2ebf418\" data-element_type=\"widget\" data-widget_type=\"button.default\">\n\t\t\t\t<div class=\"elementor-widget-container\">\n\t\t\t\t\t\t\t\t\t<div class=\"elementor-button-wrapper\">\n\t\t\t\t\t<a class=\"elementor-button elementor-button-link elementor-size-lg\" href=\"#serviceteam\">\n\t\t\t\t\t\t<span class=\"elementor-button-content-wrapper\">\n\t\t\t\t\t\t<span class=\"elementor-button-icon\">\n\t\t\t\t<svg aria-hidden=\"true\" class=\"e-font-icon-svg e-far-arrow-alt-circle-down\" viewbox=\"0 0 512 512\" xmlns=\"http:\/\/www.w3.org\/2000\/svg\"><path d=\"M256 8C119 8 8 119 8 256s111 248 248 248 248-111 248-248S393 8 256 8zm0 448c-110.5 0-200-89.5-200-200S145.5 56 256 56s200 89.5 200 200-89.5 200-200 200zm-32-316v116h-67c-10.7 0-16 12.9-8.5 20.5l99 99c4.7 4.7 12.3 4.7 17 0l99-99c7.6-7.6 2.2-20.5-8.5-20.5h-67V140c0-6.6-5.4-12-12-12h-40c-6.6 0-12 5.4-12 12z\"><\/path><\/svg>\t\t\t<\/span>\n\t\t\t\t\t\t\t\t\t<span class=\"elementor-button-text\">\u7acb\u5373\u67e5\u8be2<\/span>\n\t\t\t\t\t<\/span>\n\t\t\t\t\t<\/a>\n\t\t\t\t<\/div>\n\t\t\t\t\t\t\t\t<\/div>\n\t\t\t\t<\/div>\n\t\t\t\t\t<\/div>\n\t\t\t\t<\/div>\n\t\t\t\t\t<\/div>\n\t\t\t\t<\/div>\n\t\t<div data-particle_enable=\"false\" data-particle-mobile-disabled=\"false\" class=\"elementor-element elementor-element-9deafd4 e-flex e-con-boxed e-con e-parent\" data-id=\"9deafd4\" data-element_type=\"container\">\n\t\t\t\t\t<div class=\"e-con-inner\">\n\t\t\t\t<div class=\"elementor-element elementor-element-66ea8b4 elementor-widget elementor-widget-heading\" data-id=\"66ea8b4\" data-element_type=\"widget\" data-settings=\"{&quot;_animation&quot;:&quot;none&quot;}\" data-widget_type=\"heading.default\">\n\t\t\t\t<div class=\"elementor-widget-container\">\n\t\t\t\t\t<h2 class=\"elementor-heading-title elementor-size-default\">\u60a8\u62e5\u6709\u573a\u5730\uff0c\u6211\u4eec\u8d1f\u8d23\u89c4\u5212\u3001\u6280\u672f\u548c\u652f\u6301<\/h2>\t\t\t\t<\/div>\n\t\t\t\t<\/div>\n\t\t\t\t<div class=\"elementor-element elementor-element-d16fcf6 elementor-widget__width-inherit elementor-widget elementor-widget-text-editor\" data-id=\"d16fcf6\" data-element_type=\"widget\" data-widget_type=\"text-editor.default\">\n\t\t\t\t<div class=\"elementor-widget-container\">\n\t\t\t\t\t\t\t\t\t<p>\u4f5c\u4e3a\u4f1a\u8bae\u4e2d\u5fc3\uff0c\u60a8\u5e0c\u671b\u4e3a\u5ba2\u6237\u53ca\u5176\u5ba2\u4eba\u63d0\u4f9b\u4e00\u4e2a\u4e13\u4e1a\u7684\u4f1a\u8bae\u3001\u4ea4\u6613\u4f1a\u548c\u5927\u4f1a\u5e73\u53f0\u3002\u60a8\u9700\u8981\u8425\u9020\u4e00\u79cd\u6109\u60a6\u7684\u6c1b\u56f4\uff0c\u8ba9\u4e0e\u4f1a\u8005\u611f\u5230\u8212\u9002\u548c\u5b89\u5168\u3002\u6f14\u8bb2\u548c\u8bb2\u5ea7\u5e94\u501f\u52a9\u73b0\u4ee3\u4f1a\u8bae\u6280\u672f\u987a\u5229\u8fdb\u884c\u3002<\/p><p>\u00a0<\/p><p>\u6b64\u5916\uff0c\u4f1a\u573a\u5e94\u4ea4\u901a\u4fbf\u5229\uff0c\u5e76\u4e0e\u94c1\u8def\u3001\u516c\u5171\u4ea4\u901a\u548c\u5176\u4ed6\u4ea4\u901a\u5de5\u5177\u6709\u826f\u597d\u7684\u8fde\u63a5\uff0c\u65e0\u969c\u788d\u548c\u53ef\u6301\u7eed\u53d1\u5c55\u65e5\u76ca\u6210\u4e3a\u5173\u6ce8\u7684\u7126\u70b9\u3002<\/p><p>\u00a0<\/p><p>\u597d\u7684\u6d3b\u52a8\u573a\u6240\u5e94\u7ed9\u89c2\u4f17\u7559\u4e0b\u6df1\u523b\u5370\u8c61\u3002\u4e0e\u4f1a\u8005\u5e94\u8be5\u5bf9\u6d3b\u52a8\u5145\u6ee1\u671f\u5f85\uff0c\u5e76\u80fd\u96c6\u4e2d\u7cbe\u529b\u5b66\u4e60\u548c\u53d1\u5c55\u65b0\u7406\u5ff5\uff0c\u7ed3\u4ea4\u65b0\u670b\u53cb\u3002<\/p>\t\t\t\t\t\t\t\t<\/div>\n\t\t\t\t<\/div>\n\t\t\t\t\t<\/div>\n\t\t\t\t<\/div>\n\t\t<div data-particle_enable=\"false\" data-particle-mobile-disabled=\"false\" class=\"elementor-element elementor-element-455c20b e-flex e-con-boxed e-con e-parent\" data-id=\"455c20b\" data-element_type=\"container\" data-settings=\"{&quot;animation&quot;:&quot;none&quot;}\">\n\t\t\t\t\t<div class=\"e-con-inner\">\n\t\t\t\t<div class=\"elementor-element elementor-element-7734196 elementor-widget elementor-widget-heading\" data-id=\"7734196\" data-element_type=\"widget\" data-settings=\"{&quot;_animation&quot;:&quot;none&quot;}\" data-widget_type=\"heading.default\">\n\t\t\t\t<div class=\"elementor-widget-container\">\n\t\t\t\t\t<h2 class=\"elementor-heading-title elementor-size-default\">\u5e38\u89c1\u95ee\u9898<\/h2>\t\t\t\t<\/div>\n\t\t\t\t<\/div>\n\t\t\t\t<div class=\"elementor-element elementor-element-1e5ddfb elementor-widget__width-inherit elementor-widget elementor-widget-eael-post-list\" data-id=\"1e5ddfb\" data-element_type=\"widget\" data-settings=\"{&quot;_animation&quot;:&quot;none&quot;}\" data-widget_type=\"eael-post-list.default\">\n\t\t\t\t<div class=\"elementor-widget-container\">\n\t\t\t\t\t<div class=\"eael-post-list-container advanced layout-advanced\"><div class=\"eael-post-list-wrap\"><div class=\"eael-post-list-posts-wrap eael-post-appender eael-post-appender-1e5ddfb\"><div class=\"eael-post-list-post\"><div class=\"eael-post-list-post-inner\"><div class=\"eael-post-list-thumbnail\"><a href=\"https:\/\/konferenztechnik.de\/zh\/%e5%88%86%e6%b5%81\/\">\n                <img decoding=\"async\" src=\"https:\/\/konferenztechnik.de\/wp-content\/uploads\/2023\/04\/streaming-hosting-events-jpg.webp\" alt=\"\u5728\u4f1a\u8bae\u5385\u5185\u4e0e\u6d3b\u52a8\u6280\u672f\u4eba\u5458\u4e00\u8d77\u8fdb\u884c\u58f0\u97f3\u6307\u5bfc\u548c\u89c6\u9891\u6307\u5bfc\uff0c\u524d\u9762\u591a\u6b21\u51fa\u73b0 &quot;Live - Live - Live&quot; \u5b57\u6837\" title=\"\">\n            <\/a><\/div><div class=\"eael-post-list-content\"><h3 class=\"eael-post-list-title\"><a href=\"https:\/\/konferenztechnik.de\/zh\/%e5%88%86%e6%b5%81\/\" >\u6d41\u5a92\u4f53\u548c\u6258\u7ba1<\/a><\/h3><p>\u5728\u670d\u52a1\u5668\u548c\u89c6\u9891\u5e73\u53f0\u4e0a\u4f20\u8f93\u76f4\u64ad\u548c\u89c6\u9891\u5185\u5bb9\uff0c\u5e76\u8fdb\u884c\u5b58\u6863\u548c\u63d0\u4f9b<\/p><a href=\"https:\/\/konferenztechnik.de\/zh\/%e5%88%86%e6%b5%81\/\" class=\"eael-post-elements-readmore-btn\" >\u203a \u66f4\u591a<\/a><div class=\"boxed-meta\"><\/div><\/div><\/div><\/div><div class=\"eael-post-list-post\"><div class=\"eael-post-list-post-inner\"><div class=\"eael-post-list-thumbnail\"><a href=\"https:\/\/konferenztechnik.de\/zh\/%e6%b4%bb%e5%8a%a8%e7%99%bb%e9%99%86%e9%a1%b5%e9%9d%a2-%e8%99%9a%e6%8b%9f%e6%b4%bb%e5%8a%a8%e5%b9%b3%e5%8f%b0\/\">\n                <img decoding=\"async\" src=\"https:\/\/konferenztechnik.de\/wp-content\/uploads\/2023\/03\/landingpage-beitrag.jpg\" alt=\"\" title=\"\">\n            <\/a><\/div><div class=\"eael-post-list-content\"><h3 class=\"eael-post-list-title\"><a href=\"https:\/\/konferenztechnik.de\/zh\/%e6%b4%bb%e5%8a%a8%e7%99%bb%e9%99%86%e9%a1%b5%e9%9d%a2-%e8%99%9a%e6%8b%9f%e6%b4%bb%e5%8a%a8%e5%b9%b3%e5%8f%b0\/\" >\u6d3b\u52a8\u767b\u9646\u9875\u9762\u3001\u865a\u62df\u6d3b\u52a8\u5e73\u53f0<\/a><\/h3><p>\u6d3b\u52a8\u767b\u9646\u9875\u9762\u3001\u865a\u62df\u6d3b\u52a8\u5e73\u53f0 \u57fa\u672c\u5957\u9910\u5305\u62ec\u4ee5\u4e0b\u5185\u5bb9...<\/p><a href=\"https:\/\/konferenztechnik.de\/zh\/%e6%b4%bb%e5%8a%a8%e7%99%bb%e9%99%86%e9%a1%b5%e9%9d%a2-%e8%99%9a%e6%8b%9f%e6%b4%bb%e5%8a%a8%e5%b9%b3%e5%8f%b0\/\" class=\"eael-post-elements-readmore-btn\" >\u203a \u66f4\u591a<\/a><div class=\"boxed-meta\"><\/div><\/div><\/div><\/div><div class=\"eael-post-list-post\"><div class=\"eael-post-list-post-inner\"><div class=\"eael-post-list-thumbnail\"><a href=\"https:\/\/konferenztechnik.de\/zh\/pcs-%e4%bc%9a%e8%ae%ae%e5%ae%a4%e6%8d%86%e7%bb%91%e5%bc%8f%e7%8e%b0%e4%bb%a3%e6%b7%b7%e5%90%88%e4%bc%9a%e8%ae%ae%e5%ae%a4%ef%bc%8c%e6%9d%a1%e4%bb%b6%e4%bc%98%e8%b6%8a\/\">\n                <img decoding=\"async\" src=\"https:\/\/konferenztechnik.de\/wp-content\/uploads\/2023\/03\/konferenzraum-bundles.jpg\" alt=\"\" title=\"\">\n            <\/a><\/div><div class=\"eael-post-list-content\"><h3 class=\"eael-post-list-title\"><a href=\"https:\/\/konferenztechnik.de\/zh\/pcs-%e4%bc%9a%e8%ae%ae%e5%ae%a4%e6%8d%86%e7%bb%91%e5%bc%8f%e7%8e%b0%e4%bb%a3%e6%b7%b7%e5%90%88%e4%bc%9a%e8%ae%ae%e5%ae%a4%ef%bc%8c%e6%9d%a1%e4%bb%b6%e4%bc%98%e8%b6%8a\/\" >\u4f1a\u8bae\u5ba4\u6346\u7ed1\u5305<\/a><\/h3><p>\u4e92\u52a8\u3001\u6df7\u5408\u65e0\u7ebf\u548c\u7075\u6d3b\u7684\u4f1a\u8bae\u5ba4\uff0c5,000 \u6b27\u5143\u8d77<\/p><a href=\"https:\/\/konferenztechnik.de\/zh\/pcs-%e4%bc%9a%e8%ae%ae%e5%ae%a4%e6%8d%86%e7%bb%91%e5%bc%8f%e7%8e%b0%e4%bb%a3%e6%b7%b7%e5%90%88%e4%bc%9a%e8%ae%ae%e5%ae%a4%ef%bc%8c%e6%9d%a1%e4%bb%b6%e4%bc%98%e8%b6%8a\/\" class=\"eael-post-elements-readmore-btn\" >\u203a \u66f4\u591a<\/a><div class=\"boxed-meta\"><\/div><\/div><\/div><\/div><div class=\"eael-post-list-post\"><div class=\"eael-post-list-post-inner\"><div class=\"eael-post-list-thumbnail\"><a href=\"https:\/\/konferenztechnik.de\/zh\/%e6%b7%b7%e5%90%88%e6%b4%bb%e5%8a%a8\/\">\n                <img decoding=\"async\" src=\"https:\/\/konferenztechnik.de\/wp-content\/uploads\/2023\/06\/hybride-events-jpg.webp\" alt=\"\u4e24\u4f4d\u4e3b\u6301\u4eba\u7ad9\u5728\u821e\u53f0\u4e0a\uff0c\u540c\u65f6\u53ef\u4ee5\u901a\u8fc7 PC \u663e\u793a\u5668\u4e0a\u7684\u7b2c\u4e8c\u4e2a\u6570\u5b57\u56fe\u50cf\u622a\u9762\u770b\u5230\u4ed6\u4eec\uff0c\u8fd9\u662f\u6df7\u5408\u6d3b\u52a8\u7684\u8c61\u5f81\" title=\"\">\n            <\/a><\/div><div class=\"eael-post-list-content\"><h3 class=\"eael-post-list-title\"><a href=\"https:\/\/konferenztechnik.de\/zh\/%e6%b7%b7%e5%90%88%e6%b4%bb%e5%8a%a8\/\" >\u6df7\u5408\u6d3b\u52a8<\/a><\/h3><p>\u6211\u4eec\u5c06\u4eba\u3001\u7a7a\u95f4\u548c\u5730\u70b9\u8054\u7cfb\u5728\u4e00\u8d77\u3002\u6570\u5b57\u53c2\u4e0e\u8005\u3001\u9762\u5bf9\u9762\u53c2\u4e0e\u8005\u3001\u6f14\u8bb2\u8005\u548c\u89c2\u4f17......<\/p><a href=\"https:\/\/konferenztechnik.de\/zh\/%e6%b7%b7%e5%90%88%e6%b4%bb%e5%8a%a8\/\" class=\"eael-post-elements-readmore-btn\" >\u203a \u66f4\u591a<\/a><div class=\"boxed-meta\"><\/div><\/div><\/div><\/div><div class=\"eael-post-list-post\"><div class=\"eael-post-list-post-inner\"><div class=\"eael-post-list-thumbnail\"><a href=\"https:\/\/konferenztechnik.de\/zh\/%e5%8f%a3%e8%af%91%e7%b3%bb%e7%bb%9f%e5%92%8c%e5%8f%a3%e8%af%91%e6%8a%80%e6%9c%af%e7%9a%84%e7%a7%9f%e7%94%a8%e3%80%81%e8%b4%ad%e4%b9%b0%e5%92%8c%e5%ae%89%e8%a3%85\/\">\n                <img decoding=\"async\" src=\"https:\/\/konferenztechnik.de\/wp-content\/uploads\/2023\/05\/simultantechnik-dolmetscheranlagen-mieten-kaufen-leasen-jpg.webp\" alt=\"\" title=\"\">\n            <\/a><\/div><div class=\"eael-post-list-content\"><h3 class=\"eael-post-list-title\"><a href=\"https:\/\/konferenztechnik.de\/zh\/%e5%8f%a3%e8%af%91%e7%b3%bb%e7%bb%9f%e5%92%8c%e5%8f%a3%e8%af%91%e6%8a%80%e6%9c%af%e7%9a%84%e7%a7%9f%e7%94%a8%e3%80%81%e8%b4%ad%e4%b9%b0%e5%92%8c%e5%ae%89%e8%a3%85\/\" >\u53e3\u8bd1\u7cfb\u7edf\u548c\u53e3\u8bd1\u6280\u672f<\/a><\/h3><p>\u5e26\u53e3\u8bd1\u53a2\u7684\u65e0\u7ebf\u53e3\u8bd1\u7cfb\u7edf\u548c\u5e26\u53e3\u8bd1\u53a2\u7684\u8ba8\u8bba\u7cfb\u7edf<\/p><a href=\"https:\/\/konferenztechnik.de\/zh\/%e5%8f%a3%e8%af%91%e7%b3%bb%e7%bb%9f%e5%92%8c%e5%8f%a3%e8%af%91%e6%8a%80%e6%9c%af%e7%9a%84%e7%a7%9f%e7%94%a8%e3%80%81%e8%b4%ad%e4%b9%b0%e5%92%8c%e5%ae%89%e8%a3%85\/\" class=\"eael-post-elements-readmore-btn\" >\u203a \u66f4\u591a<\/a><div class=\"boxed-meta\"><\/div><\/div><\/div><\/div><div class=\"eael-post-list-post\"><div class=\"eael-post-list-post-inner\"><div class=\"eael-post-list-thumbnail\"><a href=\"https:\/\/konferenztechnik.de\/zh\/%e5%8f%a3%e8%af%91%e4%b8%ad%e5%bf%83%e5%92%8c%e5%8f%a3%e8%af%91%e5%b7%a5%e4%bd%9c%e5%ae%a4\/\">\n                <img decoding=\"async\" src=\"https:\/\/konferenztechnik.de\/wp-content\/uploads\/2023\/04\/dolmetschhubs.jpg\" alt=\"\u8fdb\u5165\u53e3\u8bd1\u5de5\u4f5c\u5ba4\uff0c\u53e3\u8bd1\u5458\u5728\u5927\u578b\u663e\u793a\u5668\u4e0a\u8ddf\u968f\u53d1\u8a00\u4eba\u8bb2\u8bdd\uff0c\u5e76\u5728\u9694\u97f3\u95f4\u5185\u7ffb\u8bd1\u6210\u5176\u4ed6\u5404\u79cd\u8bed\u8a00\" title=\"\">\n            <\/a><\/div><div class=\"eael-post-list-content\"><h3 class=\"eael-post-list-title\"><a href=\"https:\/\/konferenztechnik.de\/zh\/%e5%8f%a3%e8%af%91%e4%b8%ad%e5%bf%83%e5%92%8c%e5%8f%a3%e8%af%91%e5%b7%a5%e4%bd%9c%e5%ae%a4\/\" >\u53e3\u8bd1\u4e2d\u5fc3\u548c\u53e3\u8bd1\u5de5\u4f5c\u5ba4<\/a><\/h3><p>\u6211\u4eec\u7528\u4e8e\u8fdc\u7a0b\u53e3\u8bd1\u3001\u89c6\u9891\u4f1a\u8bae\u53e3\u8bd1\u3001\u6d41\u5a92\u4f53\u548c\u73b0\u573a\u4f1a\u8bae\u7684\u4e13\u4e1a\u4e2d\u5fc3<\/p><a href=\"https:\/\/konferenztechnik.de\/zh\/%e5%8f%a3%e8%af%91%e4%b8%ad%e5%bf%83%e5%92%8c%e5%8f%a3%e8%af%91%e5%b7%a5%e4%bd%9c%e5%ae%a4\/\" class=\"eael-post-elements-readmore-btn\" >\u203a \u66f4\u591a<\/a><div class=\"boxed-meta\"><\/div><\/div><\/div><\/div><div class=\"eael-post-list-post\"><div class=\"eael-post-list-post-inner\"><div class=\"eael-post-list-thumbnail\"><a href=\"https:\/\/konferenztechnik.de\/zh\/%e8%ae%a8%e8%ae%ba%e7%b3%bb%e7%bb%9f-%e9%ba%a6%e5%85%8b%e9%a3%8e%e5%8d%95%e5%85%83-%e7%a7%9f%e8%b5%81-%e8%b4%ad%e4%b9%b0-%e5%ae%89%e8%a3%85-%e7%a7%9f%e8%b5%81\/\">\n                <img decoding=\"async\" src=\"https:\/\/konferenztechnik.de\/wp-content\/uploads\/2023\/06\/diskussionsanlage-sprechstellen-tischmikrofone.jpg\" alt=\"\u53f0\u5f0f\u9ea6\u514b\u98ce\u88c5\u7f6e\u5206\u5e03\u5728\u4f1a\u8bae\u684c\u5468\u56f4\uff0c\u914d\u6709\u9e45\u9888\u9ea6\u514b\u98ce\" title=\"\">\n            <\/a><\/div><div class=\"eael-post-list-content\"><h3 class=\"eael-post-list-title\"><a href=\"https:\/\/konferenztechnik.de\/zh\/%e8%ae%a8%e8%ae%ba%e7%b3%bb%e7%bb%9f-%e9%ba%a6%e5%85%8b%e9%a3%8e%e5%8d%95%e5%85%83-%e7%a7%9f%e8%b5%81-%e8%b4%ad%e4%b9%b0-%e5%ae%89%e8%a3%85-%e7%a7%9f%e8%b5%81\/\" >\u51fa\u79df\u3001\u8d2d\u4e70\u3001\u5b89\u88c5\u3001\u79df\u8d41 \u2013 \u5bf9\u8bb2\u7cfb\u7edf\u3001\u5bf9\u8bb2\u7ad9<\/a><\/h3><p>\u51fa\u79df\u3001\u8d2d\u4e70\u3001\u5b89\u88c5\u3001\u79df\u8d41 \u2013 \u5bf9\u8bb2\u7cfb\u7edf\u3001\u5bf9\u8bb2\u7ad9<\/p><a href=\"https:\/\/konferenztechnik.de\/zh\/%e8%ae%a8%e8%ae%ba%e7%b3%bb%e7%bb%9f-%e9%ba%a6%e5%85%8b%e9%a3%8e%e5%8d%95%e5%85%83-%e7%a7%9f%e8%b5%81-%e8%b4%ad%e4%b9%b0-%e5%ae%89%e8%a3%85-%e7%a7%9f%e8%b5%81\/\" class=\"eael-post-elements-readmore-btn\" >\u203a \u66f4\u591a<\/a><div class=\"boxed-meta\"><\/div><\/div><\/div><\/div><div class=\"eael-post-list-post\"><div class=\"eael-post-list-post-inner\"><div class=\"eael-post-list-thumbnail\"><a href=\"https:\/\/konferenztechnik.de\/zh\/av-%e9%9f%b3%e9%a2%91%e5%92%8c%e8%a7%86%e9%a2%91%e8%ae%be%e5%a4%87%e7%a7%9f%e9%87%91%e8%b4%ad%e4%b9%b0%e5%ae%89%e8%a3%85%e7%a7%9f%e8%b5%81\/\">\n                <img decoding=\"async\" src=\"https:\/\/konferenztechnik.de\/wp-content\/uploads\/2023\/03\/audio-und-videotechnik-mieten-kaufen-installieren-1024x614.avif\" alt=\"\u97f3\u89c6\u9891\u6280\u672f-\u79df\u8d2d-\u5b89\u88c5\" title=\"\">\n            <\/a><\/div><div class=\"eael-post-list-content\"><h3 class=\"eael-post-list-title\"><a href=\"https:\/\/konferenztechnik.de\/zh\/av-%e9%9f%b3%e9%a2%91%e5%92%8c%e8%a7%86%e9%a2%91%e8%ae%be%e5%a4%87%e7%a7%9f%e9%87%91%e8%b4%ad%e4%b9%b0%e5%ae%89%e8%a3%85%e7%a7%9f%e8%b5%81\/\" >AV\uff1a\u97f3\u9891\u548c\u89c6\u9891\u6280\u672f<\/a><\/h3><p>\u9ea6\u514b\u98ce\u3001\u516c\u5171\u5e7f\u64ad\u6280\u672f\u3001\u6f14\u8bb2\u53f0\u3001\u7535\u8bdd\u6df7\u5408\u8bbe\u5907\u3001\u65b0\u95fb\u5206\u53d1\u5668\u3001\u901f\u8bb0\u8bb0\u5f55\u8f6f\u4ef6...<\/p><a href=\"https:\/\/konferenztechnik.de\/zh\/av-%e9%9f%b3%e9%a2%91%e5%92%8c%e8%a7%86%e9%a2%91%e8%ae%be%e5%a4%87%e7%a7%9f%e9%87%91%e8%b4%ad%e4%b9%b0%e5%ae%89%e8%a3%85%e7%a7%9f%e8%b5%81\/\" class=\"eael-post-elements-readmore-btn\" >\u203a \u66f4\u591a<\/a><div class=\"boxed-meta\"><\/div><\/div><\/div><\/div><\/div><\/div>\n\t\t<\/div>\t\t\t\t<\/div>\n\t\t\t\t<\/div>\n\t\t\t\t\t<\/div>\n\t\t\t\t<\/div>\n\t\t<div data-particle_enable=\"false\" data-particle-mobile-disabled=\"false\" class=\"elementor-element elementor-element-eaddbcf e-flex e-con-boxed e-con e-parent\" data-id=\"eaddbcf\" data-element_type=\"container\">\n\t\t\t\t\t<div class=\"e-con-inner\">\n\t\t\t\t<div class=\"elementor-element elementor-element-16f26b9 elementor-widget__width-inherit elementor-widget elementor-widget-heading\" data-id=\"16f26b9\" data-element_type=\"widget\" data-widget_type=\"heading.default\">\n\t\t\t\t<div class=\"elementor-widget-container\">\n\t\t\t\t\t<h2 class=\"elementor-heading-title elementor-size-default\">\u53c2\u8003\u8d44\u6599\uff1a\u9152\u5e97\u3001\u4ea4\u6613\u4f1a\u3001\u4f1a\u8bae\u4e2d\u5fc3<\/h2>\t\t\t\t<\/div>\n\t\t\t\t<\/div>\n\t\t\t\t<div class=\"elementor-element elementor-element-b211c26 elementor-widget__width-inherit elementor-widget elementor-widget-text-editor\" data-id=\"b211c26\" data-element_type=\"widget\" data-widget_type=\"text-editor.default\">\n\t\t\t\t<div class=\"elementor-widget-container\">\n\t\t\t\t\t\t\t\t\t<ul><li>\u675c\u585e\u5c14\u591a\u592b\u516c\u5171\u536b\u751f\u5b66\u9662<\/li><li>\u67cf\u6797\u4e1c\u90ca\u9c8d\u5c14\u8c6a\u65af\u9152\u5e97\uff08Ballhaus Ost e.V. Berlin<\/li><li>\u6ce2\u6069\u8d1d\u591a\u82ac\u6545\u5c45<\/li><li>Bochumer Veranstaltungs-GmbH<\/li><li>\u6d77\u767b\u6d77\u59c6\u4f1a\u8bae\u4e0e\u6d3b\u52a8\u6709\u9650\u516c\u53f8<\/li><li>\u57c3\u65af\u7279\u96f7\u5c14-\u67cf\u6797<\/li><li>Festspielhaus and Festspiele Baden-Baden gGmbH<\/li><li>Haus der Technik e.V. Essen<\/li><li>Hotel ESPERANTO Kongress- und Kulturzentrum GmbH &amp; Co.KG Fulda<\/li><li>\u79d1\u9686\u5c55\u89c8\u6709\u9650\u516c\u53f8<\/li><li>\u6ed5\u666e\u6797\u6e56\u7554\u7684\u56fd\u4f1a\u9152\u5e97<\/li><li>\u65af\u56fe\u52a0\u7279\u5c55\u89c8\u4e2d\u5fc3<\/li><li>\u83b1\u6bd4\u9521\u5c55\u89c8\u6709\u9650\u516c\u53f8<\/li><li>\u5965\u4f2f\u8c6a\u68ee Luise-Albertz-Halle \u4f1a\u8bae\u4e0e\u6d3b\u52a8\u4e2d\u5fc3\u6709\u9650\u516c\u53f8<\/li><li>\u67cf\u6797\u7f8e\u5c45\u9152\u5e97 MOA<\/li><li>\u67cf\u6797\u5c55\u89c8\u6709\u9650\u516c\u53f8<\/li><li>\u675c\u585e\u5c14\u591a\u592b\u5c55\u89c8\u4e2d\u5fc3<\/li><li>\u6155\u5c3c\u9ed1\u5c55\u89c8\u516c\u53f8<\/li><li>Messe- und Veranstaltungs GmbH Kleist Forum Frankfurt\/Oder<\/li><li>\u67cf\u6797 M\u00f6venpick \u9152\u5e97<\/li><li>\u675c\u585e\u5c14\u591a\u592b\u827a\u672f\u5bab\u535a\u7269\u9986<\/li><li>\u6cd5\u5170\u514b\u798f\u5267\u9662<br \/>Tanzhaus NRW e.V. D\u00fcsseldorf<\/li><li>Velberter Kulturloewen \u2013 Kultur- und Veranstaltungsbetrieb Velbert<\/li><li>\u5965\u6258\u5e03\u4f26\u6c83\u5c14\u592b-\u6cd5\u62c9\u5229\u4e4b\u5bb6<\/li><\/ul>\t\t\t\t\t\t\t\t<\/div>\n\t\t\t\t<\/div>\n\t\t\t\t<div class=\"elementor-element elementor-element-f277dec elementor-icon-list--layout-traditional elementor-list-item-link-full_width elementor-widget elementor-widget-icon-list\" data-id=\"f277dec\" data-element_type=\"widget\" data-widget_type=\"icon-list.default\">\n\t\t\t\t<div class=\"elementor-widget-container\">\n\t\t\t\t\t\t\t<ul class=\"elementor-icon-list-items\">\n\t\t\t\t\t\t\t<li class=\"elementor-icon-list-item\">\n\t\t\t\t\t\t\t\t\t\t\t<a href=\"\/zh\/%e5%bc%95%e7%94%a8\/\">\n\n\t\t\t\t\t\t\t\t\t\t\t\t<span class=\"elementor-icon-list-icon\">\n\t\t\t\t\t\t\t<svg aria-hidden=\"true\" class=\"e-font-icon-svg e-fas-chevron-right\" viewbox=\"0 0 320 512\" xmlns=\"http:\/\/www.w3.org\/2000\/svg\"><path d=\"M285.476 272.971L91.132 467.314c-9.373 9.373-24.569 9.373-33.941 0l-22.667-22.667c-9.357-9.357-9.375-24.522-.04-33.901L188.505 256 34.484 101.255c-9.335-9.379-9.317-24.544.04-33.901l22.667-22.667c9.373-9.373 24.569-9.373 33.941 0L285.475 239.03c9.373 9.372 9.373 24.568.001 33.941z\"><\/path><\/svg>\t\t\t\t\t\t<\/span>\n\t\t\t\t\t\t\t\t\t\t<span class=\"elementor-icon-list-text\">\u66f4\u591a\u53c2\u8003\u8d44\u6599<\/span>\n\t\t\t\t\t\t\t\t\t\t\t<\/a>\n\t\t\t\t\t\t\t\t\t<\/li>\n\t\t\t\t\t\t<\/ul>\n\t\t\t\t\t\t<\/div>\n\t\t\t\t<\/div>\n\t\t\t\t\t<\/div>\n\t\t\t\t<\/div>\n\t\t<div data-particle_enable=\"false\" data-particle-mobile-disabled=\"false\" class=\"elementor-element elementor-element-e62a659 e-flex e-con-boxed e-con e-parent\" data-id=\"e62a659\" data-element_type=\"container\">\n\t\t\t\t\t<div class=\"e-con-inner\">\n\t\t\t\t<div class=\"elementor-element elementor-element-53f5abf elementor-widget elementor-widget-shortcode\" data-id=\"53f5abf\" data-element_type=\"widget\" data-widget_type=\"shortcode.default\">\n\t\t\t\t<div class=\"elementor-widget-container\">\n\t\t\t\t\t\t\t<div class=\"elementor-shortcode\"><\/div>\n\t\t\t\t\t\t<\/div>\n\t\t\t\t<\/div>\n\t\t\t\t\t<\/div>\n\t\t\t\t<\/div>\n\t\t<div data-particle_enable=\"false\" data-particle-mobile-disabled=\"false\" class=\"elementor-element elementor-element-14d115f e-flex e-con-boxed e-con e-parent\" data-id=\"14d115f\" data-element_type=\"container\">\n\t\t\t\t\t<div class=\"e-con-inner\">\n\t\t\t\t<div class=\"elementor-element elementor-element-0f53c4b elementor-widget elementor-widget-shortcode\" data-id=\"0f53c4b\" data-element_type=\"widget\" data-widget_type=\"shortcode.default\">\n\t\t\t\t<div class=\"elementor-widget-container\">\n\t\t\t\t\t\t\t<div class=\"elementor-shortcode\"><\/div>\n\t\t\t\t\t\t<\/div>\n\t\t\t\t<\/div>\n\t\t\t\t\t<\/div>\n\t\t\t\t<\/div>\n\t\t\t\t<\/div>","protected":false},"excerpt":{"rendered":"<p>Hotels, Messen, Tagungsst\u00e4tten Jetzt anfragen Sie haben die R\u00e4umlichkeiten, wir k\u00fcmmern uns um Planung, Technik und Betreuung Als Tagungsst\u00e4tte m\u00f6chten Sie Ihren Kunden und deren G\u00e4sten eine professionelle Plattform f\u00fcr Tagungen, Messen und Kongresse bieten. Dazu eine angenehme Atmosph\u00e4re vermitteln, den Teilnehmenden ein Gef\u00fchl von Komfort und Sicherheit geben. Pr\u00e4sentationen und Vortr\u00e4ge sollen mit moderner [&hellip;]<\/p>","protected":false},"author":1,"featured_media":40093,"parent":0,"menu_order":0,"comment_status":"closed","ping_status":"closed","template":"","meta":{"_acf_changed":false,"footnotes":""},"class_list":["post-40071","page","type-page","status-publish","has-post-thumbnail","hentry"],"acf":[],"_links":{"self":[{"href":"https:\/\/konferenztechnik.de\/zh\/wp-json\/wp\/v2\/pages\/40071","targetHints":{"allow":["GET"]}}],"collection":[{"href":"https:\/\/konferenztechnik.de\/zh\/wp-json\/wp\/v2\/pages"}],"about":[{"href":"https:\/\/konferenztechnik.de\/zh\/wp-json\/wp\/v2\/types\/page"}],"author":[{"embeddable":true,"href":"https:\/\/konferenztechnik.de\/zh\/wp-json\/wp\/v2\/users\/1"}],"replies":[{"embeddable":true,"href":"https:\/\/konferenztechnik.de\/zh\/wp-json\/wp\/v2\/comments?post=40071"}],"version-history":[{"count":0,"href":"https:\/\/konferenztechnik.de\/zh\/wp-json\/wp\/v2\/pages\/40071\/revisions"}],"wp:featuredmedia":[{"embeddable":true,"href":"https:\/\/konferenztechnik.de\/zh\/wp-json\/wp\/v2\/media\/40093"}],"wp:attachment":[{"href":"https:\/\/konferenztechnik.de\/zh\/wp-json\/wp\/v2\/media?parent=40071"}],"curies":[{"name":"wp","href":"https:\/\/api.w.org\/{rel}","templated":true}]}}