{"id":4383,"date":"2014-04-10T15:16:30","date_gmt":"2014-04-10T13:16:30","guid":{"rendered":"https:\/\/konferenztechnik.de\/?page_id=4383"},"modified":"2023-07-05T14:57:01","modified_gmt":"2023-07-05T12:57:01","slug":"%e4%bc%9a%e8%ae%ae%e5%ae%b6%e5%85%b7","status":"publish","type":"page","link":"https:\/\/konferenztechnik.de\/zh\/%e5%88%86%e5%8f%91%e4%bc%9a%e8%ae%ae%e5%92%8c-av-%e5%aa%92%e4%bd%93%e6%8a%80%e6%9c%af\/%e8%a7%86%e9%a2%91%e6%8a%80%e6%9c%af\/%e6%98%be%e7%a4%ba%e5%99%a8%e5%92%8c%e6%8a%95%e5%bd%b1%e4%bb%aa%e6%94%af%e6%9e%b6\/%e4%bc%9a%e8%ae%ae%e5%ae%b6%e5%85%b7\/","title":{"rendered":"\u4f1a\u8bae\u5bb6\u5177"},"content":{"rendered":"<h1>\u4f1a\u8bae\u5bb6\u5177<\/h1>\n<h2>\u7528\u4e8e\u5355\u53f0\u663e\u793a\u5668\u7684 Smart Metals \u2013 \u89c6\u9891\u4f1a\u8bae\u5bb6\u5177<\/h2>\n<p><a href=\"https:\/\/konferenztechnik.de\/wp-content\/uploads\/2014\/04\/smart-metals_video-conferencefurniture_0622850_b-scaled-1.jpg\"><img fetchpriority=\"high\" decoding=\"async\" class=\"alignleft size-medium wp-image-4389\" src=\"https:\/\/konferenztechnik.de\/wp-content\/uploads\/2014\/04\/smart-metals_video-conferencefurniture_0622850_b-188x300.jpg\" alt=\"\u667a\u80fd\u91d1\u5c5e\u89c6\u9891\u4f1a\u8bae\u5bb6\u5177 062.2850\" width=\"188\" height=\"300\" title=\"\"><\/a><\/p>\n<p>\u8fd9\u6b3e\u4f18\u96c5\u65f6\u5c1a\u7684\u89c6\u9891\u4f1a\u8bae\u5bb6\u5177\u4e13\u4e3a\u5c3a\u5bf8\u6700\u5927\u4e3a 55 \u82f1\u5bf8\u7684\u5355\u4e2a\u663e\u793a\u5668\u800c\u8bbe\u8ba1\u3002<\/p>\n<p>\u96c6\u6210\u673a\u67dc\u53ef\u4e3a\u7535\u8111\u3001\u5a92\u4f53\u64ad\u653e\u5668\u6216\u5176\u4ed6\u5916\u90e8\u786c\u4ef6\u63d0\u4f9b\u7a7a\u95f4\u3002\u8be5\u8bbe\u5907\u8fd8\u5305\u62ec\u4e00\u4e2a\u9ad8\u5ea6\u53ef\u8c03\u7684\u6444\u50cf\u673a\u5e73\u53f0\u3002<\/p>\n<h2>Smart Metals \u2013 \u663e\u793a\u5c4f\u89c6\u9891\u4f1a\u8bae\u5bb6\u5177<\/h2>\n<ul>\n<li>\u6700\u5927\u957f\u5ea6\uff1a1820 \u6beb\u7c73\uff08\u56fe\u50cf\u4e2d\u5fc3\uff09<\/li>\n<li>\u91cd\u91cf\uff1a70 \u5343\u514b<\/li>\n<li>\u989c\u8272\uff1a\u6df1\u7070\u8272\u548c\u94dd\u8272<\/li>\n<li>\u6700\u5927\u8d1f\u8f7d\uff1a50 \u5343\u514b<\/li>\n<li>\u5c4f\u5e55\u914d\u7f6e\uff1a\u5355\u663e\u793a\u5c4f\uff0c\u6700\u5927 55 \u82f1\u5bf8<\/li>\n<li>\u5c4f\u5e55\u4f4d\u7f6e\uff1a\u6a2a\u5411<\/li>\n<li>\u82f1\u5bf8\u8303\u56f4\uff1a\u6700\u5927 55 \u82f1\u5bf8<\/li>\n<li>\u9ad8\u5ea6\u8c03\u8282\uff1a \u624b\u52a8<\/li>\n<li>\u652f\u67b6\/\u63a5\u53e3\uff1a\u5305\u62ec<\/li>\n<li>\u7535\u7f06\u7ba1\uff1a25 \u6beb\u7c73\u76f4\u5f84<\/li>\n<li>\u66f4\u591a\u4fe1\u606f\uff1a\u5305\u62ec\u6444\u50cf\u673a\u5e73\u53f0<\/li>\n<\/ul>\n<p><a href=\"https:\/\/konferenztechnik.de\/wp-content\/uploads\/2014\/04\/0622850_SmartMetals_productleafletEN.pdf\" target=\"_blank\" rel=\"noopener\">\u667a\u80fd\u91d1\u5c5e\u4ea7\u54c1\u4fe1\u606f\u8868 062.2850\uff08\u82f1\u6587\uff09<\/a><\/p>\n<h2>Smart Metals \u2013 \u53cc\u663e\u793a\u5668\u89c6\u9891\u4f1a\u8bae\u5bb6\u5177<\/h2>\n<p><a href=\"https:\/\/konferenztechnik.de\/wp-content\/uploads\/2014\/04\/smart-metals_video-conferencefurniture_062285547-scaled-1.jpg\"><img decoding=\"async\" class=\"alignleft size-medium wp-image-4397\" src=\"https:\/\/konferenztechnik.de\/wp-content\/uploads\/2014\/04\/smart-metals_video-conferencefurniture_062285547-231x300.jpg\" alt=\"\u667a\u80fd\u91d1\u5c5e\u89c6\u9891\u4f1a\u8bae\u5bb6\u5177 062.2855-47\" width=\"231\" height=\"300\" title=\"\"><\/a><\/p>\n<p>\u89c6\u9891\u4f1a\u8bae\u5bb6\u5177\u662f\u4e3a\u6700\u5927 47 \u82f1\u5bf8\u7684 Win \u663e\u793a\u5668\u5f00\u53d1\u7684\u3002<\/p>\n<p>\u96c6\u6210\u673a\u67dc\u53ef\u4e3a\u7535\u8111\u3001\u5a92\u4f53\u64ad\u653e\u5668\u6216\u5176\u4ed6\u5916\u90e8\u786c\u4ef6\u63d0\u4f9b\u7a7a\u95f4\u3002\u8be5\u8bbe\u5907\u8fd8\u5305\u62ec\u4e00\u4e2a\u9ad8\u5ea6\u53ef\u8c03\u7684\u6444\u50cf\u673a\u5e73\u53f0\u3002<\/p>\n<h2>Smart Metals \u2013 \u53cc\u663e\u793a\u5668\u89c6\u9891\u4f1a\u8bae\u5bb6\u5177<\/h2>\n<ul>\n<li>\u6700\u5927\u957f\u5ea6\uff1a1820 \u6beb\u7c73\uff08\u56fe\u50cf\u4e2d\u5fc3\uff09<\/li>\n<li>\u91cd\u91cf\uff1a78.00 \u5343\u514b<\/li>\n<li>\u989c\u8272\uff1a\u6df1\u7070\u8272\u548c\u94dd\u8272<\/li>\n<li>\u6700\u5927\u8d1f\u8f7d\uff1a100 \u5343\u514b<\/li>\n<li>\u5c4f\u5e55\u914d\u7f6e\uff1a42 \u81f3 47 \u82f1\u5bf8\u53cc\u663e\u793a\u5c4f<\/li>\n<li>\u5c4f\u5e55\u4f4d\u7f6e\uff1a\u6a2a\u5411<\/li>\n<li>\u82f1\u5bf8\u8303\u56f4\uff1a 42 \u2013 47 \u82f1\u5bf8<\/li>\n<li>\u9ad8\u5ea6\u8c03\u8282\uff1a \u624b\u52a8<\/li>\n<li>\u652f\u67b6\/\u63a5\u53e3\uff1a\u5305\u62ec<\/li>\n<li>\u7535\u7f06\u7ba1\uff1a25 \u6beb\u7c73\u76f4\u5f84<\/li>\n<li>\u66f4\u591a\u4fe1\u606f\uff1a\u5305\u62ec\u76f8\u673a\u5e73\u53f0<\/li>\n<\/ul>\n<p><a href=\"https:\/\/konferenztechnik.de\/wp-content\/uploads\/2014\/04\/062285547_SmartMetals_productleafletEN.pdf\">\u667a\u80fd\u91d1\u5c5e\u4ea7\u54c1\u4fe1\u606f\u8868 062.2855.47\uff08\u82f1\u6587\uff09<\/a><\/p>\n<h2>Smart Metals \u2013 \u79fb\u52a8\u89c6\u9891\u4f1a\u8bae\u652f\u67b6\u624b\u63a8\u8f66<\/h2>\n<p><a href=\"https:\/\/konferenztechnik.de\/wp-content\/uploads\/2014\/04\/smart-metals_video-conference-stand-trolley_int1010-scaled-1.jpg\"><img decoding=\"async\" class=\"alignleft size-medium wp-image-4408\" src=\"https:\/\/konferenztechnik.de\/wp-content\/uploads\/2014\/04\/smart-metals_video-conference-stand-trolley_int1010-167x300.jpg\" alt=\"\u667a\u80fd\u91d1\u5c5e\u89c6\u9891\u4f1a\u8bae\u652f\u67b6\u624b\u63a8\u8f66 INT.1015\" width=\"167\" height=\"300\" title=\"\"><\/a><\/p>\n<p>\u8be5\u652f\u67b6\u4e13\u4e3a\u89c6\u9891\u4f1a\u8bae\u5f00\u53d1\u3002\u5b83\u5e26\u6709\u811a\u8f6e\uff0c\u56e0\u6b64\u53ef\u4ee5\u6839\u636e\u89c6\u9891\u4f1a\u8bae\u7684\u5730\u70b9\u5728\u4e0d\u540c\u7684\u623f\u95f4 \u2013 \u4e2d\u4f7f\u7528\u3002<\/p>\n<p>\u7eb5\u5411\u548c\u6a2a\u5411\u6a21\u5f0f\u5747\u53ef\u4f7f\u7528\u6700\u5927 65 \u82f1\u5bf8\u7684\u663e\u793a\u5668\u3002\u5305\u88c5\u4e2d\u8fd8\u5305\u62ec\u4e00\u4e2a\u76f8\u673a\u652f\u67b6\u3002<\/p>\n<h2>Smart Metals \u2013 \u79fb\u52a8\u89c6\u9891\u4f1a\u8bae\u652f\u67b6\u624b\u63a8\u8f66<\/h2>\n<ul>\n<li>\u6700\u5c0f\u957f\u5ea6\uff1a1250 \u6beb\u7c73<\/li>\n<li>\u6700\u5927\u957f\u5ea6\uff1a1600 \u6beb\u7c73\uff08\u56fe\u50cf\u4e2d\u5fc3\uff09<\/li>\n<li>\u91cd\u91cf\uff1a42.00 \u5343\u514b<\/li>\n<li>\u989c\u8272\uff1a\u6df1\u7070\u8272\u548c\u94dd\u8272<\/li>\n<li>\u6700\u5927\u8d1f\u8f7d\uff1a95 \u5343\u514b<\/li>\n<li>\u5c4f\u5e55\u4f4d\u7f6e\uff1a\u6a2a\u5411\u548c\u7eb5\u5411<\/li>\n<li>\u82f1\u5bf8\u8303\u56f4\uff1a\u6700\u5927 65 \u82f1\u5bf8<\/li>\n<li>\u9ad8\u5ea6\u8c03\u8282\uff1a \u624b\u52a8<\/li>\n<li>\u652f\u67b6\/\u63a5\u53e3\uff1a\u9700\u5355\u72ec\u8d2d\u4e70<\/li>\n<li>\u5b89\u88c5\u7cfb\u7edf\uff1a170 x 140 \u6beb\u7c73<\/li>\n<li>\u7535\u7f06\u7ba1\uff1a15\u300135\u300115 \u6beb\u7c73\u76f4\u5f84<\/li>\n<\/ul>\n<p><a href=\"https:\/\/konferenztechnik.de\/wp-content\/uploads\/2014\/04\/INT1010_SmartMetals_productleafletEN.pdf\">\u667a\u80fd\u91d1\u5c5e\u4ea7\u54c1\u4fe1\u606f\u8868 INT.1015\uff08\u82f1\u6587\uff09<\/a><\/p>\n<h2>\u4ea4\u4e92\u5f0f\u7535\u5b50\u767d\u677f\u8f66 Smart SB680<\/h2>\n<p><a href=\"https:\/\/konferenztechnik.de\/wp-content\/uploads\/2013\/09\/Audipack_WhiteboardCart.jpg\"><img loading=\"lazy\" decoding=\"async\" width=\"473\" height=\"751\" class=\"alignleft size-full wp-image-2759\" src=\"https:\/\/konferenztechnik.de\/wp-content\/uploads\/2013\/09\/Audipack_WhiteboardCart.jpg\" alt=\"\u4ea4\u4e92\u5f0f\u7535\u5b50\u767d\u677f\u8f66 Smart SB680\" title=\"\" srcset=\"https:\/\/konferenztechnik.de\/wp-content\/uploads\/2013\/09\/Audipack_WhiteboardCart.jpg 473w, https:\/\/konferenztechnik.de\/wp-content\/uploads\/2013\/09\/Audipack_WhiteboardCart-189x300.jpg 189w\" sizes=\"(max-width: 473px) 100vw, 473px\" \/><\/a><\/p>\n<p>\u5373\u63d2\u5373\u7528\u7684\u79fb\u52a8\u6f14\u793a\u89e3\u51b3\u65b9\u6848\u3002\u79fb\u52a8\u624b\u63a8\u8f66\u4e0e\u96c6\u6210\u5c4f\u5e55\u548c\u4f5c\u4e3a\u6295\u5f71\u4eea\u652f\u67b6\u7684\u65cb\u8f6c\u81c2\u76f8\u7ed3\u5408\u3002\u4e3a\u8bbe\u5907\u63d0\u4f9b\u5145\u8db3\u7684\u7a7a\u95f4\u3002\u8fd8\u63d0\u4f9b\u7528\u4e8e\u89e6\u6478\u5c4f\u7684\u578b\u53f7\u3002<\/p>\n<h2>\u4ea4\u4e92\u5f0f\u7535\u5b50\u767d\u677f\u8f66 Smart SB680<\/h2>\n<ul>\n<li>\u7075\u6d3b\u7684\u5c4f\u5e55\u5c3a\u5bf8<\/li>\n<li>\u63d0\u4f9b\u5404\u79cd\u957f\u5ea6\u7684\u6295\u5f71\u81c2<\/li>\n<li>\u53ef\u9501\u5b9a\u811a\u8f6e<\/li>\n<\/ul>","protected":false},"excerpt":{"rendered":"<p>Konferenzm\u00f6bel Smart Metals &#8211; Video Conference M\u00f6bel f\u00fcr Single-Displays Dieses elegante und stilvolle Videokonferenz-M\u00f6bel wurde f\u00fcr Single-Displays mit einer Gr\u00f6\u00dfe bis zu 55 Zoll entwickelt. Der integrierte Schrank bietet Platz f\u00fcr Computer, Medienplayer oder andere externe Hardware. Zus\u00e4tlich geh\u00f6rt zur Ausstattung eine h\u00f6henverstellbare Kameraplattform. Smart Metals &#8211; Video Conference M\u00f6bel f\u00fcr Displays Maximale L\u00e4nge: 1820 [&hellip;]<\/p>","protected":false},"author":1,"featured_media":45482,"parent":1221,"menu_order":101,"comment_status":"closed","ping_status":"open","template":"","meta":{"_acf_changed":false,"footnotes":""},"class_list":["post-4383","page","type-page","status-publish","has-post-thumbnail","hentry"],"acf":[],"_links":{"self":[{"href":"https:\/\/konferenztechnik.de\/zh\/wp-json\/wp\/v2\/pages\/4383","targetHints":{"allow":["GET"]}}],"collection":[{"href":"https:\/\/konferenztechnik.de\/zh\/wp-json\/wp\/v2\/pages"}],"about":[{"href":"https:\/\/konferenztechnik.de\/zh\/wp-json\/wp\/v2\/types\/page"}],"author":[{"embeddable":true,"href":"https:\/\/konferenztechnik.de\/zh\/wp-json\/wp\/v2\/users\/1"}],"replies":[{"embeddable":true,"href":"https:\/\/konferenztechnik.de\/zh\/wp-json\/wp\/v2\/comments?post=4383"}],"version-history":[{"count":0,"href":"https:\/\/konferenztechnik.de\/zh\/wp-json\/wp\/v2\/pages\/4383\/revisions"}],"up":[{"embeddable":true,"href":"https:\/\/konferenztechnik.de\/zh\/wp-json\/wp\/v2\/pages\/1221"}],"wp:featuredmedia":[{"embeddable":true,"href":"https:\/\/konferenztechnik.de\/zh\/wp-json\/wp\/v2\/media\/45482"}],"wp:attachment":[{"href":"https:\/\/konferenztechnik.de\/zh\/wp-json\/wp\/v2\/media?parent=4383"}],"curies":[{"name":"wp","href":"https:\/\/api.w.org\/{rel}","templated":true}]}}