{"id":4984,"date":"2015-02-02T14:48:25","date_gmt":"2015-02-02T13:48:25","guid":{"rendered":"https:\/\/konferenztechnik.de\/?page_id=4984"},"modified":"2023-09-01T11:47:24","modified_gmt":"2023-09-01T09:47:24","slug":"pcs-%e7%b2%be%e9%80%89%e7%89%b9%e4%bb%b7-bosch-ccs-1000d","status":"publish","type":"page","link":"https:\/\/konferenztechnik.de\/zh\/pcs-%e7%b2%be%e9%80%89%e7%89%b9%e4%bb%b7-bosch-ccs-1000d\/","title":{"rendered":"PCS Selected: \u8d2d\u4e70\u535a\u4e16 CCS 1000D"},"content":{"rendered":"<p>[column size=\"2-3\u2033 last=\"0\u2033]<\/p>\n<h1>\u8d2d\u4e70\u535a\u4e16 CCS 1000 D \u2013 Introductory offer: \u535a\u4e16 CCS 1000 D \u6570\u5b57\u8ba8\u8bba\u7cfb\u7edf<\/h1>\n<p>[\/column]<br \/>\n[column size=\"1-3\u2033 last=\"1\u2033]<\/p>\n<p>[\/column]<\/p>\n<p><a href=\"https:\/\/konferenztechnik.de\/wp-content\/uploads\/2015\/02\/8.jpg\"><img fetchpriority=\"high\" decoding=\"async\" class=\"alignnone size-full wp-image-5243\" src=\"https:\/\/konferenztechnik.de\/wp-content\/uploads\/2015\/02\/8.jpg\" alt=\"_8\" width=\"941\" height=\"228\" title=\"\" srcset=\"https:\/\/konferenztechnik.de\/wp-content\/uploads\/2015\/02\/8.jpg 941w, https:\/\/konferenztechnik.de\/wp-content\/uploads\/2015\/02\/8-300x73.jpg 300w, https:\/\/konferenztechnik.de\/wp-content\/uploads\/2015\/02\/8-768x186.jpg 768w\" sizes=\"(max-width: 941px) 100vw, 941px\" \/><\/a><br \/>\n<a href=\"https:\/\/konferenztechnik.de\/wp-content\/uploads\/2015\/02\/Bosch-CCS-1000-D-PCSAngebot.jpg\"><img decoding=\"async\" class=\"alignnone size-full wp-image-5346\" src=\"https:\/\/konferenztechnik.de\/wp-content\/uploads\/2015\/02\/Bosch-CCS-1000-D-PCSAngebot.jpg\" alt=\"\u8d2d\u4e70\u535a\u4e16-CCS-1000 D\" width=\"940\" height=\"411\" title=\"\" srcset=\"https:\/\/konferenztechnik.de\/wp-content\/uploads\/2015\/02\/Bosch-CCS-1000-D-PCSAngebot.jpg 940w, https:\/\/konferenztechnik.de\/wp-content\/uploads\/2015\/02\/Bosch-CCS-1000-D-PCSAngebot-300x131.jpg 300w, https:\/\/konferenztechnik.de\/wp-content\/uploads\/2015\/02\/Bosch-CCS-1000-D-PCSAngebot-768x336.jpg 768w\" sizes=\"(max-width: 940px) 100vw, 940px\" \/><\/a><br \/>\n\u535a\u4e16\u5c06\u4e8e 2015 \u5e74 2 \u6708 10 \u65e5\u5728\u963f\u59c6\u65af\u7279\u4e39\u4e3e\u884c\u7684\u6b27\u6d32\u96c6\u6210\u7cfb\u7edf\u5c55\u89c8\u4f1a\u4e0a\u5c55\u793a\u5168\u65b0\u7684\u6570\u5b57\u8ba8\u8bba\u7cfb\u7edf\u3002\u6211\u4eec\u5df2\u7ecf\u5bf9\u8be5\u7cfb\u7edf\u8fdb\u884c\u4e86\u8bd5\u7528\uff0c\u5e76\u611f\u5230\u975e\u5e38\u9ad8\u5174\u3002<\/p>\n<p>\u65b0\u8bbe\u65bd\u4e13\u4e3a\u4e2d\u5c0f\u578b\u4f1a\u8bae\u548c\u6d3b\u52a8\u800c\u8bbe\u8ba1\uff0c\u5728\u5404\u65b9\u9762\u90fd\u5f97\u5230\u4e86\u6211\u4eec\u7684\u9ad8\u5ea6\u8bc4\u4ef7\u3002<\/p>\n<p>\u535a\u4e16\u4e3a\u4e00\u6b3e\u5168\u65b0\u7684\u5168\u9762\u6210\u529f\u7684\u8ba8\u8bba\u7cfb\u7edf\u63d0\u4f9b\u4e86\u65e0\u4e0e\u4f26\u6bd4\u7684\u5165\u95e8\u4ef7\u683c\u3002\u535a\u4e16\u5e0c\u671b\u5728\u56fd\u9645\u5e02\u573a\u4e0a\u8fc5\u901f\u63a8\u5e7f\u8be5\u7cfb\u7edf\u3002\u6211\u4eec\u5bf9\u8be5\u7cfb\u7edf\u6df1\u4fe1\u4e0d\u7591\uff0c\u5e76\u5f88\u4e50\u610f\u5c06\u8fd9\u4e00\u4f18\u52bf\u4f20\u9012\u7ed9\u60a8\u3002<br \/>\n[spacer size=\"20\u2033]<\/p>\n<h1>\u535a\u4e16\/ PCS \u5165\u95e8\u7ea7\u62a5\u4ef7 \u2013 \u535a\u4e16 CCS 1000 D \u6570\u5b57\u8ba8\u8bba\u7cfb\u7edf<\/h1>\n<p>\u6bcf\u5957 6 \u4e2a\u5bf9\u8bb2\u673a\u514d\u8d39\u63d0\u4f9b\u4e24\u4e2a\u5bf9\u8bb2\u673a\u7ad9\uff0c\u4e00\u6b21\u6027\u5165\u95e8\u4f18\u60e0\u4ec5\u5728 2015 \u5e74 2 \u6708 5 \u65e5\u81f3 3 \u6708 5 \u65e5\u671f\u95f4\u6709\u6548\u3002<\/p>\n<p><a href=\"https:\/\/konferenztechnik.de\/wp-content\/uploads\/2015\/02\/Bosch-CCS-1000-D-PCSAngebot2.jpg\"><img decoding=\"async\" class=\"alignnone size-full wp-image-5350\" src=\"https:\/\/konferenztechnik.de\/wp-content\/uploads\/2015\/02\/Bosch-CCS-1000-D-PCSAngebot2.jpg\" alt=\"\u535a\u4e16-CCS-1000 D \u7279\u522b\u4f18\u60e0\" width=\"940\" height=\"411\" title=\"\" srcset=\"https:\/\/konferenztechnik.de\/wp-content\/uploads\/2015\/02\/Bosch-CCS-1000-D-PCSAngebot2.jpg 940w, https:\/\/konferenztechnik.de\/wp-content\/uploads\/2015\/02\/Bosch-CCS-1000-D-PCSAngebot2-300x131.jpg 300w, https:\/\/konferenztechnik.de\/wp-content\/uploads\/2015\/02\/Bosch-CCS-1000-D-PCSAngebot2-768x336.jpg 768w\" sizes=\"(max-width: 940px) 100vw, 940px\" \/><\/a><br \/>\n\u9002\u7528\u4e8e 6 \u4e2a\u9ea6\u514b\u98ce\u5355\u5143\u7684\u57fa\u672c\u5957\u88c5 + \u63a7\u5236\u5355\u5143\u3001\u5ef6\u957f\u7535\u7f06\u548c\u9644\u4ef6\u7684\u7279\u4ef7\u3002\u4ee5\u65e0\u4e0e\u4f26\u6bd4\u7684\u4f18\u60e0\u4ef7\u683c\u8d2d\u4e70\u5168\u65b0\u535a\u4e16\u5bf9\u8bb2\u7cfb\u7edf\u3002<\/p>\n<p>\u60a8\u53ef\u4ee5\u5728\u6211\u4eec\u7684\u5206\u652f\u673a\u6784\u4e86\u89e3\u8be5\u7cfb\u7edf\u30022 \u6708 10 \u65e5\u81f3 2 \u6708 12 \u65e5\uff0c\u535a\u4e16\u5c06\u5728\u963f\u59c6\u65af\u7279\u4e39 ISE \u96c6\u6210\u7cfb\u7edf\u6b27\u6d32\u5c55\u89c8\u4f1a 3-A81 \u5c55\u53f0\u5c55\u793a\u8be5\u7cfb\u7edf\u3002\u6b22\u8fce\u60a8\u5c4a\u65f6\u4e0e\u6211\u4eec\u9884\u7ea6\u3002 <a href=\"mailto:peschka@konferenztechnik.de?subject=Treffen auf der ISE Amsterdam\">\u9884\u7ea6<\/a>.<\/p>\n<p><a href=\"https:\/\/www.iseurope.org\/home.php?navi=148&amp;clean_cat=search&amp;searchstring=bosch\" target=\"_blank\" rel=\"noopener\">\u535a\u4e16\u643a CCS 1000 D \u4eae\u76f8\u963f\u59c6\u65af\u7279\u4e39 ISE \u6b27\u6d32\u96c6\u6210\u7cfb\u7edf\u5c55<\/a><\/p>\n<p>[spacer size=\"10\u2033]<\/p>\n<p><a style=\"line-height: 1.8em;\" title=\"\" href=\"\/zh\/%e5%8d%9a%e4%b8%96-ccs-1000-d\/\">\u65b0\u5f15\u8fdb\u535a\u4e16 CCS 1000 D<\/a><br \/>\n<a style=\"line-height: 1.8em;\" title=\"R\" href=\"\/zh\/%e5%8d%9a%e4%b8%96-ccs-1000-d-%e6%b5%8b%e8%af%95%e7%bb%93%e6%9e%9c\/\">PCS \u6d4b\u8bd5\u7ed3\u679c \u535a\u4e16 CCS 1000 D<\/a><br \/>\n<a style=\"line-height: 1.8em;\" title=\"\" href=\"\/zh\/%e5%8d%9a%e4%b8%96-ccs-1000d-%e5%8a%9f%e8%83%bd\/\">\u6027\u80fd\u53c2\u6570\/\u7279\u70b9 \u535a\u4e16 CCS 1000 D<\/a><br \/>\n<!--\n<b>Highend-Ausstattung zum Einsteigerpreis<\/b>\n[list icon=\"moon-checkmark-3\" color=\"#a62055\"]Exzellenter Klang und h\u00f6here Lautst\u00e4rken ohne R\u00fcckkopplung[\/list]\n[list icon=\"moon-checkmark-3\" color=\"#a62055\"]Kompakt, einfach aufzubauen, einfach zu bedienen[\/list]\n[list icon=\"moon-checkmark-3\" color=\"#a62055\"]Komfortable Aufzeichnung einfach auf den USB-Stick[\/list]\n[list icon=\"moon-checkmark-3\" color=\"#a62055\"]Steuerung der Anlage einach \u00fcber Tablet, Smartphone oder Web-Browser[\/list]\n[list icon=\"moon-checkmark-3\" color=\"#a62055\"]Integrierte, automatische Steuerung von DOM z. B. f\u00fcr Videokonferenzen[\/list]\n[spacer size=\"30\"]\n--><\/p>\n<p>[spacer size=\"20\u2033]<\/p>\n<p><!--\n\n<b>Zusatzangebot \u201eISE-Besuch\u201c \/ die Anlage auf der ISE kennenlernen<\/b>\n\nBesuchen Sie Bosch auf der ISE in Amsterdam. Bringen Sie unser PCS-Angebot als Ausdruck mit und Sie erhalten zus\u00e4tzlich 100 EUR Er\u00f6ffnungsrabatt.\n\nBesuchen Sie Bosch auf dem Stand 3-A81 und legen Sie dort unser Angebot zum Unterzeichnen vor und Sie erhalten im Aktionszeitraum nochmals zus\u00e4tzlich 100 EUR Preisnachlass auf Ihre erste Bestellung.\n\n* G\u00fcltig ab Abnahmemenge 1 Basiskoffer (5 + 1 for free) + 100 EUR ISE-Aktion. Angebot g\u00fcltig f\u00fcr den Gesamtzeitraum 5. Februar bis 31. M\u00e4rz, Abzeichnung Angebot nur auf der ISE m\u00f6glich.\n\nISE Integrated Systems Europe Amsterdam\n10.02.2015 - 12.02.2015\nAusstellung f\u00fcr professionelle AV Systemintegration &amp; elektronische Integration in Gesch\u00e4fts- und Wohngeb\u00e4uden\n\nBesuchen Sie Bosch und nutzen Sie die Chance, die Anlage kennenzulernen; Bosch CCS 1000 D, Stand 3-A81\n--><\/p>\n<p>[spacer size=\"20\u2033]<\/p>\n<h1>\u60a8\u7684\u8054\u7cfb\u4eba<\/h1>\n<p>[spacer size=\"20\u2033]<br \/>\n[column size=\"1-2\u2033 last=\"0\u2033]<br \/>\n[tabs style=\"2\u2033]<br \/>\n[tab title=\"\u67cf\u6797\"]<br \/>\n<img loading=\"lazy\" decoding=\"async\" width=\"800\" height=\"533\" class=\"alignleft size-full wp-image-2301\" src=\"https:\/\/konferenztechnik.de\/wp-content\/uploads\/2013\/09\/gunnar_hermenau_pcs-gmbh.jpg\" alt=\"Gunnar_hermenau_pcs-gmbh\" title=\"\" srcset=\"https:\/\/konferenztechnik.de\/wp-content\/uploads\/2013\/09\/gunnar_hermenau_pcs-gmbh.jpg 800w, https:\/\/konferenztechnik.de\/wp-content\/uploads\/2013\/09\/gunnar_hermenau_pcs-gmbh-300x200.jpg 300w, https:\/\/konferenztechnik.de\/wp-content\/uploads\/2013\/09\/gunnar_hermenau_pcs-gmbh-768x512.jpg 768w\" sizes=\"(max-width: 800px) 100vw, 800px\" \/><br \/>\n\u53e4\u7eb3\u5c14-\u8d6b\u5c14\u6885\u7459<br \/>\n\u67cf\u6797\u5206\u90e8\u7ecf\u7406<br \/>\n\u7535\u8bdd +49 30 6959690 14<br \/>\n\u7535\u5b50\u90ae\u4ef6 <a href=\"mailto:hermenau@konferenztechnik.de\">hermenau@konferenztechnik.de<\/a><br \/>\n\u4e8c\u7ef4\u7801 <a title=\"QR \u7801 \u8d21\u7eb3\u5c14-\u8d6b\u5c14\u6885\u7459\" href=\"https:\/\/konferenztechnik.de\/wp-content\/uploads\/2013\/09\/gunnar_hermenau_qrcode.png\">\u663e\u793a \u203a<\/a><br \/>\n[\/tab]<br \/>\n[\/tabs]<br \/>\n[\/column]<br \/>\n[column size=\"1-2\u2033 last=\"1\u2033]<br \/>\n[tabs style=\"2\u2033]<br \/>\n[tab title=\"\u6d77\u5c14\u5e03\u9686\"]<br \/>\n<img loading=\"lazy\" decoding=\"async\" width=\"800\" height=\"533\" class=\"alignleft size-full wp-image-2289\" src=\"https:\/\/konferenztechnik.de\/wp-content\/uploads\/2013\/09\/carsten_adam_pcs-gmbh.jpg\" alt=\"Carsten_adam_pcs-gmbh\" title=\"\" srcset=\"https:\/\/konferenztechnik.de\/wp-content\/uploads\/2013\/09\/carsten_adam_pcs-gmbh.jpg 800w, https:\/\/konferenztechnik.de\/wp-content\/uploads\/2013\/09\/carsten_adam_pcs-gmbh-300x200.jpg 300w, https:\/\/konferenztechnik.de\/wp-content\/uploads\/2013\/09\/carsten_adam_pcs-gmbh-768x512.jpg 768w\" sizes=\"(max-width: 800px) 100vw, 800px\" \/><br \/>\n\u5361\u65af\u6ed5-\u4e9a\u5f53<br \/>\n\u6d77\u5c14\u5e03\u9686\u548c\u6155\u5c3c\u9ed1\u5206\u90e8\u7ecf\u7406<br \/>\n\u7535\u8bdd +49 7131 278010 11<br \/>\n\u7535\u5b50\u90ae\u4ef6 <a href=\"mailto:adam@konferenztechnik.de\">adam@konferenztechnik.de<\/a><br \/>\n\u4e8c\u7ef4\u7801 <a title=\"QR \u7801 \u5361\u65af\u6ed5-\u4e9a\u5f53\" href=\"https:\/\/konferenztechnik.de\/wp-content\/uploads\/2013\/09\/carsten_adam_qrcode.png\">\u663e\u793a \u203a<\/a><br \/>\n[\/tab]<br \/>\n[\/tabs]<br \/>\n[\/column]<\/p>\n<p>[column size=\"1-2\u2033 last=\"1\u2033]<br \/>\n[tabs style=\"2\u2033]<br \/>\n[tab title=\"\u675c\u585e\u5c14\u591a\u592b\"]<br \/>\n<a href=\"https:\/\/konferenztechnik.de\/wp-content\/uploads\/2013\/09\/dirk_neumann_pcs-gmbh.jpg\"><img loading=\"lazy\" decoding=\"async\" width=\"800\" height=\"533\" class=\"alignleft size-full wp-image-2297\" src=\"https:\/\/konferenztechnik.de\/wp-content\/uploads\/2013\/09\/dirk_neumann_pcs-gmbh.jpg\" alt=\"Dirk Neumann PCS GmbH \u603b\u7ecf\u7406\" title=\"\" srcset=\"https:\/\/konferenztechnik.de\/wp-content\/uploads\/2013\/09\/dirk_neumann_pcs-gmbh.jpg 800w, https:\/\/konferenztechnik.de\/wp-content\/uploads\/2013\/09\/dirk_neumann_pcs-gmbh-300x200.jpg 300w, https:\/\/konferenztechnik.de\/wp-content\/uploads\/2013\/09\/dirk_neumann_pcs-gmbh-768x512.jpg 768w\" sizes=\"(max-width: 800px) 100vw, 800px\" \/><\/a><br \/>\n\u5fb7\u514b-\u8bfa\u4f0a\u66fc<br \/>\n\u5e38\u52a1\u8463\u4e8b<br \/>\n\u7535\u8bdd +49 211 737798 0<br \/>\n\u7535\u5b50\u90ae\u4ef6 <a href=\"mailto:vertrieb@konferenztechnik.de\">vertrieb@konferenztechnik.de<\/a><br \/>\n\u4e8c\u7ef4\u7801 <a title=\"QR \u7801 \u5fb7\u514b-\u8bfa\u4f0a\u66fc\" href=\"https:\/\/konferenztechnik.de\/wp-content\/uploads\/2013\/09\/dirk_neumann_qrcode.png\">\u663e\u793a \u203a<\/a>[\/tab]<br \/>\n[\/tabs]<br \/>\n[\/column]<\/p>\n<p>[spacer size=\"30\u2033]<\/p>\n<div class=\"weiterlinks\">\n<h1>\u66f4\u591a\u94fe\u63a5<\/h1>\n<ul>\n<li>\u203a <a title=\"\u5206\u53d1\" href=\"\/zh\/%e5%88%86%e5%8f%91%e4%bc%9a%e8%ae%ae%e5%92%8c-av-%e5%aa%92%e4%bd%93%e6%8a%80%e6%9c%af\/\">\u4f1a\u8bae\u548c\u5a92\u4f53\u6280\u672f\u7684\u4f20\u64ad<\/a><\/li>\n<li>\u203a <a title=\"\u5b89\u88c5\" href=\"\/zh\/%e5%ae%89%e8%a3%85%e5%92%8c%e6%95%b4%e5%90%88%e4%bc%9a%e8%ae%ae%e6%8a%80%e6%9c%af%e5%92%8c%e5%aa%92%e4%bd%93%e7%b3%bb%e7%bb%9f\/\">\u5b89\u88c5\u548c\u6574\u5408\u4f1a\u8bae\u6280\u672f\u548c\u5a92\u4f53\u7cfb\u7edf<\/a><\/li>\n<li>\u203a <a title=\"\u652f\u6301\u591a\u8bed\u8a00\u6d3b\u52a8\" href=\"\/zh\/%e6%9c%8d%e5%8a%a1-2\/%e6%94%af%e6%8c%81%e5%a4%9a%e8%af%ad%e8%a8%80%e6%b4%bb%e5%8a%a8\/\">\u652f\u6301\u591a\u8bed\u8a00\u6d3b\u52a8<\/a><\/li>\n<\/ul>\n<\/div>","protected":false},"excerpt":{"rendered":"<p>[column size=&#8220;2-3&#8243; last=&#8220;0&#8243;] Bosch CCS 1000 D kaufen \u2013 Einf\u00fchrungsangebot: Digital Discussion System Bosch CCS 1000 D [\/column] [column size=&#8220;1-3&#8243; last=&#8220;1&#8243;] [\/column] Bosch stellt am 10. Februar 2015 auf der Integrated Systems Europe in Amsterdam eine neue digitale Diskussionsanlage vor. Wir konnten die Anlage schon auf Herz und Nieren testen und sind begeistert. Die neue [&hellip;]<\/p>","protected":false},"author":1,"featured_media":45482,"parent":0,"menu_order":34,"comment_status":"closed","ping_status":"open","template":"","meta":{"_acf_changed":false,"footnotes":""},"class_list":["post-4984","page","type-page","status-publish","has-post-thumbnail","hentry"],"acf":[],"_links":{"self":[{"href":"https:\/\/konferenztechnik.de\/zh\/wp-json\/wp\/v2\/pages\/4984","targetHints":{"allow":["GET"]}}],"collection":[{"href":"https:\/\/konferenztechnik.de\/zh\/wp-json\/wp\/v2\/pages"}],"about":[{"href":"https:\/\/konferenztechnik.de\/zh\/wp-json\/wp\/v2\/types\/page"}],"author":[{"embeddable":true,"href":"https:\/\/konferenztechnik.de\/zh\/wp-json\/wp\/v2\/users\/1"}],"replies":[{"embeddable":true,"href":"https:\/\/konferenztechnik.de\/zh\/wp-json\/wp\/v2\/comments?post=4984"}],"version-history":[{"count":0,"href":"https:\/\/konferenztechnik.de\/zh\/wp-json\/wp\/v2\/pages\/4984\/revisions"}],"wp:featuredmedia":[{"embeddable":true,"href":"https:\/\/konferenztechnik.de\/zh\/wp-json\/wp\/v2\/media\/45482"}],"wp:attachment":[{"href":"https:\/\/konferenztechnik.de\/zh\/wp-json\/wp\/v2\/media?parent=4984"}],"curies":[{"name":"wp","href":"https:\/\/api.w.org\/{rel}","templated":true}]}}