{"id":5406,"date":"2015-02-09T13:31:50","date_gmt":"2015-02-09T12:31:50","guid":{"rendered":"https:\/\/konferenztechnik.de\/?page_id=5406"},"modified":"2023-09-01T11:46:48","modified_gmt":"2023-09-01T09:46:48","slug":"%e5%8d%9a%e4%b8%96-ccs-1000-d-%e5%8a%9f%e8%83%bd","status":"publish","type":"page","link":"https:\/\/konferenztechnik.de\/zh\/%e5%8d%9a%e4%b8%96-ccs-1000-d-%e5%8a%9f%e8%83%bd\/","title":{"rendered":"\u535a\u4e16 CCS 1000 D \u529f\u80fd"},"content":{"rendered":"<p>[column size=\"2-3\u2033 last=\"0\u2033]<\/p>\n<h1>\u529f\u80fd\u7279\u70b9\u535a\u4e16 CCS 1000 D \u6570\u5b57\u8ba8\u8bba\u7cfb\u7edf<\/h1>\n<p>[\/column]<br \/>\n[column size=\"1-3\u2033 last=\"1\u2033]<br \/>\n<img decoding=\"async\" class=\"alignright size-full wp-image-3924\" src=\"https:\/\/konferenztechnik.de\/wp-content\/uploads\/2013\/11\/logo-pcs-selected-quality.png\" alt=\"\u5fbd\u6807 PCS \u7cbe\u9009\u54c1\u8d28\" width=\"143\" height=\"88\" title=\"\"><br \/>\n[\/column]<\/p>\n<p><a href=\"https:\/\/konferenztechnik.de\/wp-content\/uploads\/2015\/02\/Bosch-CCS-1000-D-features.jpg\"><img fetchpriority=\"high\" decoding=\"async\" class=\"alignnone size-full wp-image-5365\" src=\"https:\/\/konferenztechnik.de\/wp-content\/uploads\/2015\/02\/Bosch-CCS-1000-D-features.jpg\" alt=\"Bosch-CCS-1000-D-features\" width=\"940\" height=\"411\" title=\"\" srcset=\"https:\/\/konferenztechnik.de\/wp-content\/uploads\/2015\/02\/Bosch-CCS-1000-D-features.jpg 940w, https:\/\/konferenztechnik.de\/wp-content\/uploads\/2015\/02\/Bosch-CCS-1000-D-features-300x131.jpg 300w, https:\/\/konferenztechnik.de\/wp-content\/uploads\/2015\/02\/Bosch-CCS-1000-D-features-768x336.jpg 768w\" sizes=\"(max-width: 940px) 100vw, 940px\" \/><\/a><\/p>\n<p>\u5168\u65b0\u7684 CCS 1000 D \u7b80\u5355\u6613\u7528\uff0c\u65e0\u9700\u653e\u5f03\u6700\u65b0\u7684\u6280\u672f\u521b\u65b0\u3002\u70b9\u51fb\u6b64\u5904\u4e86\u89e3\u7cfb\u7edf\u529f\u80fd\u6982\u89c8\u3002<\/p>\n<h2>\u535a\u4e16 CCS 1000 D \u529f\u80fd<\/h2>\n<p>[spacer size=\"20\u2033]<\/p>\n<div class=\"kasten\">\n<div class=\"kastenlinks\"><span class=\"zahl\">1.<\/span><\/div>\n<div class=\"kastenrechts\">\n<h1>\u7ed3\u6784\u7d27\u51d1\u3001\u6613\u4e8e\u5b89\u88c5\u548c\u64cd\u4f5c<\/h1>\n<p>\u2013 \u5373\u63d2\u5373\u7528<br \/>\n\u2013 \u65e0\u9700\u57f9\u8bad<br \/>\n\u2013 \u5b89\u88c5\u7b80\u5355\u76f4\u63a5<br \/>\n\u2013 \u65e0\u9700\u5927\u91cf\u914d\u7f6e<\/p>\n<\/div>\n<p>[\u6e05\u9664]<\/p>\n<\/div>\n<p>[spacer size=\"20\u2033]<\/p>\n<div class=\"kasten\">\n<div class=\"kastenlinks\"><span class=\"zahl\">2.<\/span><\/div>\n<div class=\"kastenrechts\">\n<h1>\u97f3\u8d28\u826f\u597d\uff0c\u97f3\u91cf\u8f83\u5927\u65f6\u65e0\u53cd\u9988<\/h1>\n<p>\u2013 \u626c\u58f0\u5668\u548c\u9ea6\u514b\u98ce\u540c\u65f6\u6fc0\u6d3b<br \/>\n\u2013 \u5185\u7f6e\u6570\u5b57\u53cd\u9988\u6291\u5236\u5668 (DAFS)<br \/>\n\u2013 \u6240\u6709\u4e0e\u4f1a\u8005\u7684\u8bed\u97f3\u6e05\u6670\u5ea6\u6781\u4f73<\/p>\n<\/div>\n<p>[\u6e05\u9664]<\/p>\n<\/div>\n<p>[spacer size=\"20\u2033]<\/p>\n<div class=\"kasten\">\n<div class=\"kastenlinks\"><span class=\"zahl\">3.<\/span><\/div>\n<div class=\"kastenrechts\">\n<h1>\u65b9\u4fbf\u8bb0\u5f55<\/h1>\n<p>\u2013 \u5185\u7f6e\u5b58\u50a8\u5668\u4e0a\u7684\u6570\u5b57\u5f55\u97f3\uff1a\u957f\u8fbe 8 \u5c0f\u65f6<br \/>\n\u2013 \u4f7f\u7528 128GB U \u76d8\u8fdb\u884c\u6570\u5b57\u5f55\u97f3\uff1a\u957f\u8fbe 4000 \u5c0f\u65f6<\/p>\n<\/div>\n<p>[\u6e05\u9664]<\/p>\n<\/div>\n<p>[spacer size=\"20\u2033]<\/p>\n<div class=\"kasten\">\n<div class=\"kastenlinks\"><span class=\"zahl\">4.<\/span><\/div>\n<div class=\"kastenrechts\">\n<h1>\u7528\u4e8e\u9ad8\u7ea7\u914d\u7f6e\u548c\u63a7\u5236\u7684\u7b80\u5355\u7f51\u7edc\u754c\u9762<\/h1>\n<p>\u2013 \u6280\u672f\u4eba\u5458\u6269\u5c55\u8bbe\u7f6e\u9009\u9879<br \/>\n\u2013 \u4f9b\u4e3b\u5e2d\u4f7f\u7528\u7684\u76f4\u89c2\u9ea6\u514b\u98ce\u63a7\u5236\u88c5\u7f6e<br \/>\n\u2013 \u63a7\u5236\u548c\u8bb0\u5f55\u8ba8\u8bba<\/p>\n<\/div>\n<p>[\u6e05\u9664]<\/p>\n<\/div>\n<p>[spacer size=\"20\u2033]<\/p>\n<div class=\"kasten\">\n<div class=\"kastenlinks\"><span class=\"zahl\">5.<\/span><\/div>\n<div class=\"kastenrechts\">\n<h1>\u81ea\u7136\u652f\u6301\u81ea\u52a8\u6444\u50cf\u673a\u63a7\u5236<\/h1>\n<p>\u2013 \u6807\u51c6\u6700\u591a\u652f\u6301 6 \u53f0\u9ad8\u6e05\u4f1a\u8bae\u534a\u7403\u6444\u50cf\u673a<br \/>\n\u901a\u8fc7\u7f51\u7edc\u6d4f\u89c8\u5668\u8fdb\u884c \u2013 \u914d\u7f6e\uff0c\u65e0\u9700\u989d\u5916\u8f6f\u4ef6<br \/>\n\u2013 \u6709\u6e90\u97f3\u7bb1\u7684\u6e05\u6670\u5448\u73b0<\/p>\n<\/div>\n<p>[\u6e05\u9664]<\/p>\n<\/div>\n<p><span style=\"font-size: 2.0em;\"><br \/>\n+<br \/>\n<\/span><\/p>\n<div class=\"kasten\">\n<div class=\"kastenlinks\"><span class=\"zahl\">6.<\/span><\/div>\n<div class=\"kastenrechts\">\n<p>\u2013 \u72ec\u7279\u7684 \"\u53ef\u4ee5\u8bf4\u8bdd\u201d \u663e\u793a\uff08\u53ef\u4ee5\u8bf4\u8bdd\uff09<br \/>\n\u2013 \"\u8bf7\u6c42\u53d1\u8a00\u201d \u663e\u793a\uff08\u81ea\u52a8\u7b49\u5019\u540d\u5355\uff09<br \/>\n\u2013 \u8282\u80fd\u6a21\u5f0f<br \/>\n\u2013 \u9632\u624b\u673a\u548c\u667a\u80fd\u624b\u673a\u4e71\u6254\u5783\u573e\uff08GSM \u6297\u6270\u5ea6\uff09<\/p>\n<\/div>\n<p>[\u6e05\u9664]<\/p>\n<\/div>\n<p>[spacer size=\"40\u2033]<\/p>\n<p>\u4e0e\u535a\u4e16 CCS 1000 D \u4f1a\u8bae\u7cfb\u7edf\u7684\u94fe\u63a5<\/p>\n<p>&amp;#x9B\uff1b <a style=\"line-height: 1.5em;\" title=\"\" href=\"\/zh\/%e5%8d%9a%e4%b8%96-ccs-1000-d-%e6%b5%8b%e8%af%95%e7%bb%93%e6%9e%9c\/\">PCS \u6d4b\u8bd5\u7ed3\u679c \u535a\u4e16 CCS 1000 D<\/a><br \/>\n&amp;#x9B\uff1b <a style=\"line-height: 1.8em;\" title=\"\" href=\"\/zh\/%e5%8d%9a%e4%b8%96-ccs-1000-d\/\">\u65b0\u5f15\u8fdb\u535a\u4e16 CCS 1000 D<\/a><\/p>\n<p>[spacer size=\"40\u2033]<\/p>\n<div class=\"weiterlinks\">\n<h1>\u66f4\u591a\u94fe\u63a5<\/h1>\n<ul>\n<li>\u203a <a title=\"\u5206\u53d1\" href=\"\/zh\/%e5%88%86%e5%8f%91%e4%bc%9a%e8%ae%ae%e5%92%8c-av-%e5%aa%92%e4%bd%93%e6%8a%80%e6%9c%af\/\">\u4f1a\u8bae\u548c\u5a92\u4f53\u6280\u672f\u7684\u4f20\u64ad<\/a><\/li>\n<li>\u203a <a title=\"\u5b89\u88c5\" href=\"\/zh\/%e5%ae%89%e8%a3%85%e5%92%8c%e6%95%b4%e5%90%88%e4%bc%9a%e8%ae%ae%e6%8a%80%e6%9c%af%e5%92%8c%e5%aa%92%e4%bd%93%e7%b3%bb%e7%bb%9f\/\">\u5b89\u88c5\u548c\u6574\u5408\u4f1a\u8bae\u6280\u672f\u548c\u5a92\u4f53\u7cfb\u7edf<\/a><\/li>\n<li>\u203a <a title=\"\u652f\u6301\u591a\u8bed\u8a00\u6d3b\u52a8\" href=\"\/zh\/%e6%9c%8d%e5%8a%a1-2\/%e6%94%af%e6%8c%81%e5%a4%9a%e8%af%ad%e8%a8%80%e6%b4%bb%e5%8a%a8\/\">\u652f\u6301\u591a\u8bed\u8a00\u6d3b\u52a8<\/a><\/li>\n<\/ul>\n<\/div>","protected":false},"excerpt":{"rendered":"<p>[column size=&#8220;2-3&#8243; last=&#8220;0&#8243;] Features: Digital Discussion System Bosch CCS 1000 D [\/column] [column size=&#8220;1-3&#8243; last=&#8220;1&#8243;] [\/column] Die brandneue CCS 1000 D \u00fcberzeugt durch Einfachheit und Benutzerfreundlichkeit und das, ohne auf neuste technische Innovationen verzichten zu m\u00fcssen. Verschaffen Sie sich hier einen \u00dcberblick \u00fcber die Features der Anlage. Bosch CCS 1000 D Features [spacer size=&#8220;20&#8243;] 1. [&hellip;]<\/p>","protected":false},"author":1,"featured_media":45482,"parent":0,"menu_order":31,"comment_status":"closed","ping_status":"open","template":"","meta":{"_acf_changed":false,"footnotes":""},"class_list":["post-5406","page","type-page","status-publish","has-post-thumbnail","hentry"],"acf":[],"_links":{"self":[{"href":"https:\/\/konferenztechnik.de\/zh\/wp-json\/wp\/v2\/pages\/5406","targetHints":{"allow":["GET"]}}],"collection":[{"href":"https:\/\/konferenztechnik.de\/zh\/wp-json\/wp\/v2\/pages"}],"about":[{"href":"https:\/\/konferenztechnik.de\/zh\/wp-json\/wp\/v2\/types\/page"}],"author":[{"embeddable":true,"href":"https:\/\/konferenztechnik.de\/zh\/wp-json\/wp\/v2\/users\/1"}],"replies":[{"embeddable":true,"href":"https:\/\/konferenztechnik.de\/zh\/wp-json\/wp\/v2\/comments?post=5406"}],"version-history":[{"count":0,"href":"https:\/\/konferenztechnik.de\/zh\/wp-json\/wp\/v2\/pages\/5406\/revisions"}],"wp:featuredmedia":[{"embeddable":true,"href":"https:\/\/konferenztechnik.de\/zh\/wp-json\/wp\/v2\/media\/45482"}],"wp:attachment":[{"href":"https:\/\/konferenztechnik.de\/zh\/wp-json\/wp\/v2\/media?parent=5406"}],"curies":[{"name":"wp","href":"https:\/\/api.w.org\/{rel}","templated":true}]}}