{"id":5760,"date":"2015-06-24T14:06:19","date_gmt":"2015-06-24T13:06:19","guid":{"rendered":"https:\/\/konferenztechnik.de\/?page_id=5760"},"modified":"2023-09-01T13:06:15","modified_gmt":"2023-09-01T11:06:15","slug":"%e5%8f%a3%e8%af%91%e4%ba%ad-2","status":"publish","type":"page","link":"https:\/\/konferenztechnik.de\/zh\/%e5%8f%a3%e8%af%91%e4%ba%ad-2\/","title":{"rendered":"\u53e3\u8bd1\u53a2"},"content":{"rendered":"<h1>\u51fa\u79df\u548c\u51fa\u552e \u2013 \u53e3\u8bd1\u53a2<\/h1>\n<p>[spacer size=\"30\u2033]<br \/>\n[rev_slider\u53e3\u8bd1\u4ead]<br \/>\n[spacer size=\"30\u2033]<br \/>\n[column size=\"1-2\u2033 last=\"0\u2033]<br \/>\n\u5728 PCS\uff0c\u60a8\u53ea\u80fd\u4ece Audipack \u83b7\u5f97\u9ad8\u8d28\u91cf\u3001\u4e13\u4e1a\u5316\u548c\u7ef4\u62a4\u826f\u597d\u7684\u53e3\u8bd1\u53a2\u3002Audipack Silent \u7cfb\u5217\u53e3\u8bd1\u7bb1\u5177\u6709\u6781\u9ad8\u7684\u7075\u6d3b\u6027\u548c\u673a\u52a8\u6027\u3002<\/p>\n<p>\u8f66\u53a2\u7b26\u5408\u6700\u9ad8\u5de5\u4e1a\u6807\u51c6\uff0c\u5176\u9694\u97f3\u6548\u679c\u751a\u81f3\u8d85\u8fc7\u4e86 ISO 4043 \u6807\u51c6\u7684\u9ad8\u8981\u6c42\u3002<\/p>\n<p>\u53e3\u8bd1\u53a2\u91c7\u7528\u6a21\u5757\u5316\u8bbe\u8ba1\uff0c\u53ef\u7531\u6211\u4eec\u7684\u6280\u672f\u4eba\u5458\u8f7b\u677e\u7ec4\u88c5\u548c\u62c6\u5378\u3002<br \/>\n[\/column]<\/p>\n<p>[column size=\"1-2\u2033 last=\"1\u2033]<\/p>\n<p>\u53e3\u8bd1\u53a2\u914d\u6709\u684c\u5b50\u548c\u4e3b\u52a8\u901a\u98ce\u88c5\u7f6e\u3002\u6807\u51c6\u989c\u8272\u4e3a\u6d45\u7070\u8272\u3002\u7531\u4e8e\u53e3\u8bd1\u53a2\u7b26\u5408 ISO 4043 \u6d41\u52a8\u53e3\u8bd1\u53a2\u6807\u51c6\uff0c\u56e0\u6b64\u80fd\u6ee1\u8db3\u8bb8\u591a\u62db\u6807\u8981\u6c42\uff0c\u5c24\u5176\u662f\u6b27\u6d32\u4e00\u7ea7\u7684\u62db\u6807\u8981\u6c42\u3002<\/p>\n<p>\u6211\u4eec\u7684\u8239\u8231\u6807\u51c6\u8bbe\u8ba1\u4e3a\u53cc\u4eba\u95f4\uff0c\u4f46\u4e5f\u53ef\u6839\u636e\u9700\u8981\u6269\u5927\uff0c\u4ee5\u5bb9\u7eb3\u66f4\u591a\u4eba\u3002<br \/>\n[\/column]<br \/>\n[spacer size=\"30\u2033]<br \/>\n[column size=\"1-2\u2033 last=\"0\u2033]<br \/>\n\u4eae\u70b9<\/p>\n<p>[v_icon color=\"#a5186d\" size=\"18px\" target=\"_blank\" name=\"moon-checkmark-3\u2033]\u6613\u4e8e\u7ec4\u88c5\u548c\u62c6\u5378\uff0c\u53ef\u79fb\u52a8\u4f7f\u7528<br \/>\n[v_icon color=\"#a5186d\" size=\"18px\" target=\"_blank\" name=\"moon-checkmark-3\u2033] \u7b26\u5408 ISO 4043 \u6807\u51c6\u3002\u7b26\u5408 ISO 4043 \u6807\u51c6<br \/>\n[v_icon color=\"#a5186d\" size=\"18px\" target=\"_blank\" name=\"mooncheckmark-3\u2033]\u6700\u591a\u53ef\u6269\u5c55\u81f3\u56db\u4eba<br \/>\n[v_icon color=\"#a5186d\" size=\"18px\" target=\"_blank\" name=\"moon-checkmark-3\u2033]\u4e3b\u52a8\u901a\u98ce<br \/>\n[\/column]<\/p>\n<p>[column size=\"1-2\u2033 last=\"1\u2033]<br \/>\n\u89c4\u683c<\/p>\n<p>[v_icon color=\"#a5186d\" size=\"18px\" target=\"_blank\" name=\"moon-circle-small\"] \u984f\u8272\uff1a \u6dfa\u7070\u8272\uff08\u7d04\u76f8\u7576\u65bc\u984f\u8272\u6a19\u6e96\u82727042\uff09\u3002\u989c\u8272\uff1a\u6d45\u7070\u8272\uff08\u4e0e RAL 7042 \u5927\u81f4\u5bf9\u5e94\uff09<br \/>\n[v_icon color=\"#a5186d\" size=\"18px\" target=\"_blank\" name=\"moon-circle-small\"]\u5916\u90e8\u5c3a\u5bf8\uff1a1682 x 1682 x 2041 \u6beb\u7c73<br \/>\n[v_icon color=\"#a5186d\" size=\"18px\" target=\"_blank\" name=\"moon-circle-small\"] \u5185\u90e8\u5c3a\u5bf8\uff1a 1600 x 1600 x 2000 \u6beb\u7c73\u3002\u5185\u90e8\u5c3a\u5bf8\uff1a1600 x 1600 x 2000 \u6beb\u7c73<br \/>\n[v_icon color=\"#a5186d\" size=\"18px\" target=\"_blank\" name=\"moon-circle-small\"] \u91cd\u91cf\u7ea6 210 \u5343\u514b\u3002\u91cd\u91cf\uff1a\u7ea6 210 \u5343\u514b<br \/>\n[\/column]<\/p>\n<p>[spacer size=\"30\u2033]<\/p>\n<p>[\u6e05\u9664]<\/p>\n<h1>\u8054\u7cfb\u4eba<\/h1>\n<p>[spacer size=\"20\u2033]<\/p>\n<p>[column size=\"1-2\u2033 last=\"0\u2033]<br \/>\n[tabs style=\"2\u2033]<br \/>\n[tab title=\"\u51fa\u79df\u548c\u51fa\u552e\"]<br \/>\n<img fetchpriority=\"high\" decoding=\"async\" width=\"800\" height=\"533\" src=\"https:\/\/konferenztechnik.de\/wp-content\/uploads\/2013\/09\/christian_becker_pcs-gmbh.jpg\" alt=\"\u514b\u91cc\u65af\u8482\u5b89-\u8d1d\u514b\u5c14\u7535\u8111\u516c\u53f8\" class=\"alignleft size-full wp-image-2293\" title=\"\" srcset=\"https:\/\/konferenztechnik.de\/wp-content\/uploads\/2013\/09\/christian_becker_pcs-gmbh.jpg 800w, https:\/\/konferenztechnik.de\/wp-content\/uploads\/2013\/09\/christian_becker_pcs-gmbh-300x200.jpg 300w, https:\/\/konferenztechnik.de\/wp-content\/uploads\/2013\/09\/christian_becker_pcs-gmbh-768x512.jpg 768w\" sizes=\"(max-width: 800px) 100vw, 800px\" \/><br \/>\n\u514b\u91cc\u65af\u8482\u5b89-\u8d1d\u514b\u5c14<br \/>\n\u897f\u90e8\u79df\u8d41\u90e8\u7ecf\u7406<br \/>\n\u7535\u8bdd +49 211 737798 17<br \/>\n\u7535\u5b50\u90ae\u4ef6 <a href=\"mailto:becker@konferenztechnik.de\">becker@konferenztechnik.de<\/a><br \/>\n\u4e8c\u7ef4\u7801 <a href=\"https:\/\/konferenztechnik.de\/wp-content\/uploads\/2013\/09\/christian_becker_qrcode.png\" title=\"\u4e8c\u7ef4\u7801 Christian Becker\">&#x9B; \u663e\u793a<\/a><br \/>\n[\/tab]<br \/>\n[\/tabs]<br \/>\n[\/column]<\/p>\n<p>[spacer size=\"30\u2033]<\/p>\n<div class=\"weiterlinks\">\n<h1>\u66f4\u591a\u94fe\u63a5<\/h1>\n<ul>\n<li>\u203a <a title=\"\u53c2\u8003\u8d44\u6599\" href=\"\/zh\/%e5%85%b3%e4%ba%8e%e6%88%91%e4%bb%ac\/%e5%8f%82%e8%80%83%e6%96%87%e7%8c%ae%e5%88%97%e8%a1%a8%e6%b4%bb%e5%8a%a8\/\">\u53c2\u8003\u6587\u732e \u652f\u6301\u548c\u51fa\u79df<\/a><\/li>\n<li>\u203a <a title=\"PCS \u7684 10 \u4e2a\u5145\u5206\u7406\u7531\" href=\"\/zh\/%e5%85%b3%e4%ba%8e%e6%88%91%e4%bb%ac\/%e4%bd%bf%e7%94%a8-pc-%e7%9a%84-10-%e4%b8%aa%e5%85%85%e5%88%86%e7%90%86%e7%94%b1\/\">PCS \u7684 10 \u4e2a\u5145\u5206\u7406\u7531<\/a><\/li>\n<li>\u203a <a title=\"\u652f\u6301\u591a\u8bed\u8a00\u6d3b\u52a8\" href=\"\/zh\/%e6%94%af%e6%8c%81%e5%a4%9a%e8%af%ad%e8%a8%80%e6%b4%bb%e5%8a%a8\/\">\u652f\u6301\u591a\u8bed\u8a00\u6d3b\u52a8<\/a><\/li>\n<\/ul>\n<\/div>","protected":false},"excerpt":{"rendered":"<p>Dolmetscherkabinen &#8211; Vermietung und Verkauf [spacer size=&#8220;30&#8243;] [rev_slider Dolmetscherkabine] [spacer size=&#8220;30&#8243;] [column size=&#8220;1-2&#8243; last=&#8220;0&#8243;] Bei PCS erhalten Sie nur qualitativ hochwertige, pofessionelle und bestens gewartete Dolmetschkabinen der Firma Audipack. Die Kabinen der Audipack Silent Serie zeichnen sich durch \u00e4u\u00dferste Flexibilit\u00e4t und Mobilit\u00e4t aus. Die Kabinen entsprechen h\u00f6chsten industriellen Standards und \u00fcbertreffen mit ihrer akustischen D\u00e4mmung [&hellip;]<\/p>","protected":false},"author":1,"featured_media":45482,"parent":0,"menu_order":40,"comment_status":"closed","ping_status":"open","template":"","meta":{"_acf_changed":false,"footnotes":""},"class_list":["post-5760","page","type-page","status-publish","has-post-thumbnail","hentry"],"acf":[],"_links":{"self":[{"href":"https:\/\/konferenztechnik.de\/zh\/wp-json\/wp\/v2\/pages\/5760","targetHints":{"allow":["GET"]}}],"collection":[{"href":"https:\/\/konferenztechnik.de\/zh\/wp-json\/wp\/v2\/pages"}],"about":[{"href":"https:\/\/konferenztechnik.de\/zh\/wp-json\/wp\/v2\/types\/page"}],"author":[{"embeddable":true,"href":"https:\/\/konferenztechnik.de\/zh\/wp-json\/wp\/v2\/users\/1"}],"replies":[{"embeddable":true,"href":"https:\/\/konferenztechnik.de\/zh\/wp-json\/wp\/v2\/comments?post=5760"}],"version-history":[{"count":0,"href":"https:\/\/konferenztechnik.de\/zh\/wp-json\/wp\/v2\/pages\/5760\/revisions"}],"wp:featuredmedia":[{"embeddable":true,"href":"https:\/\/konferenztechnik.de\/zh\/wp-json\/wp\/v2\/media\/45482"}],"wp:attachment":[{"href":"https:\/\/konferenztechnik.de\/zh\/wp-json\/wp\/v2\/media?parent=5760"}],"curies":[{"name":"wp","href":"https:\/\/api.w.org\/{rel}","templated":true}]}}