{"id":5827,"date":"2015-10-12T11:52:48","date_gmt":"2015-10-12T10:52:48","guid":{"rendered":"https:\/\/konferenztechnik.de\/?page_id=5827"},"modified":"2024-12-04T13:34:56","modified_gmt":"2024-12-04T12:34:56","slug":"%e8%81%8c%e4%b8%9a%e7%94%9f%e6%b6%af","status":"publish","type":"page","link":"https:\/\/konferenztechnik.de\/zh\/%e8%81%8c%e4%b8%9a%e7%94%9f%e6%b6%af\/","title":{"rendered":"\u5de5\u4f5c\u673a\u4f1a"},"content":{"rendered":"<p>[spacer size=\"20\u2033]<br \/>\n[column size=\"3-4\u2033 last=\"0\u2033]<\/p>\n<h1>PCS GmbH \u7684\u5de5\u4f5c\u3001\u7a7a\u7f3a\u804c\u4f4d\u548c\u5b66\u5f92\u673a\u4f1a<\/h1>\n<p>PCS GmbH \u662f\u4e00\u5bb6\u57f9\u8bad\u673a\u6784\u3002\u6211\u4eec\u57f9\u8bad\u6d3b\u52a8\u6280\u672f\u4e13\u5bb6\u3001\u4ed3\u50a8\u7269\u6d41\u4e13\u5bb6\u548c\u6d3b\u52a8\u7ba1\u7406\u52a9\u7406\u3002\u60a8\u611f\u5174\u8da3\u5417\uff1f\u60a8\u53ef\u4ee5\u5728\u8fd9\u91cc\u627e\u5230\u6240\u6709\u7a7a\u7f3a\u804c\u4f4d\u3002<\/p>\n<p>\u6211\u4eec\u4e5f\u4e00\u76f4\u5728\u5bfb\u627e\u5408\u683c\u7684\u5458\u5de5\u3002\u5982\u679c\u76ee\u524d\u6ca1\u6709\u9002\u5408\u60a8\u7684\u804c\u4f4d\u7a7a\u7f3a\uff0c\u4e5f\u6b22\u8fce\u60a8\u4e3b\u52a8\u5411\u6211\u4eec\u63d0\u4ea4\u7533\u8bf7\u3002<\/p>\n<p>\u6155\u5c3c\u9ed1\u548c\u675c\u585e\u5c14\u591a\u592b\u7684\u7533\u8bf7\u8bf7\u5bc4\u7ed9 Thorsten Gei\u00dfler\uff1a<br \/>\n<a href=\"mailto:geissler@konferenztechnik.de\">geissler@konferenztechnik.de<\/a><\/p>\n<p>\u8bf7\u5c06\u67cf\u6797\u7684\u7533\u8bf7\u8868\u5bc4\u7ed9 Gunnar Hermenau\uff1a<br \/>\n<a href=\"mailto:hermenau@konferenztechnik.de\">hermenau@konferenztechnik.de<\/a><\/p>\n<p>\u5982\u679c\u60a8\u5bf9\u6211\u4eec\u7684\u5de5\u4f5c\u548c\u5b66\u5f92\u8ba1\u5212\u6709\u4efb\u4f55\u7591\u95ee\uff0c\u8bf7\u4e0e\u6211\u4eec\u8054\u7cfb<\/p>\n<p>[\/column]<\/p>\n<p>[column size=\"1-4\u2033 last=\"1\u2033]<\/p>\n<p>[\/column]<\/p>\n<h2><b>\u5f53\u524d\u7a7a\u7f3a\u804c\u4f4d<\/b><\/h2>\n<p>[spacer size=\"20\u2033]<br \/>\n[column size=\"1-2\u2033 last=\"0\u2033]<br \/>\n<a href=\"https:\/\/konferenztechnik.de\/jobs\/fachkraft-fuer-veranstaltungstechnik-d-w-m-gesucht\/\"><\/a><\/p>\n<p><a href=\"https:\/\/konferenztechnik.de\/jobs\/fachkraft-fuer-veranstaltungstechnik-d-w-m-gesucht\/\"><\/p>\n<h3><b>\u6d3b\u52a8\u6280\u672f\u4e13\u5bb6\uff08d\/w\/m\uff09\u3001<br \/>\n\u6d3b\u52a8\u5de5\u7a0b\u5e08\u3001AV \u5a92\u4f53\u6280\u672f\u5458<br \/>\n\u675c\u585e\u5c14\u591a\u592b<\/b><\/h3>\n<p><\/a><a href=\"https:\/\/konferenztechnik.de\/jobs\/fachkraft-fuer-veranstaltungstechnik-d-w-m-gesucht\/\"><\/a><\/p>\n<p>\u6211\u4eec\u76ee\u524d\u6b63\u5728\u5bfb\u627e\u6765\u81ea\u4e0d\u540c\u6d3b\u52a8\u6280\u672f\u9886\u57df\u7684\u6280\u672f\u4eba\u5458\uff0c\u4ee5\u652f\u6301\u6211\u4eec\u5728\u675c\u585e\u5c14\u591a\u592b\u4e3e\u529e\u4f1a\u8bae\u548c\u6d3b\u52a8\u7684\u6280\u672f\u5b9e\u73b0\u3002<\/p>\n<p>[button link=\"https:\/\/www.konferenztechnik.de\/jobs\/fachkraft-fuer-veranstaltungstechnik-d-w-m-gesucht\/\" target=\"self\" color=\"#a62055\u2033 text=\"light\"]\u4fe1\u606f\u548c\u7533\u8bf7[\/button]<br \/>\n[\/column]<\/p>\n<p>[column size=\"1-2\u2033 last=\"0\u2033]<br \/>\n<a href=\"https:\/\/konferenztechnik.de\/zh\/%e6%9f%8f%e6%9e%97%e6%8b%9b%e8%81%98%e6%b4%bb%e5%8a%a8%e6%8a%80%e6%9c%af%e4%b8%93%e5%ae%b6-d-f-m\/\"><\/a><\/p>\n<p><a href=\"https:\/\/konferenztechnik.de\/zh\/%e6%9f%8f%e6%9e%97%e6%8b%9b%e8%81%98%e6%b4%bb%e5%8a%a8%e6%8a%80%e6%9c%af%e4%b8%93%e5%ae%b6-d-f-m\/\"><\/p>\n<h3><b>\u6d3b\u52a8\u6280\u672f\u4e13\u5bb6\uff08d\/w\/m\uff09\u3001<br \/>\n\u6d3b\u52a8\u5de5\u7a0b\u5e08\u3001AV \u5a92\u4f53\u6280\u672f\u5458<br \/>\n\u67cf\u6797<\/b><\/h3>\n<p><\/a><a href=\"https:\/\/konferenztechnik.de\/zh\/%e6%9f%8f%e6%9e%97%e6%8b%9b%e8%81%98%e6%b4%bb%e5%8a%a8%e6%8a%80%e6%9c%af%e4%b8%93%e5%ae%b6-d-f-m\/\"><\/a><\/p>\n<p>\u76ee\u524d\uff0c\u6211\u4eec\u6b63\u5728\u5bfb\u627e\u6765\u81ea\u4e0d\u540c\u6d3b\u52a8\u6280\u672f\u9886\u57df\u7684\u6280\u672f\u4eba\u5458\uff0c\u4e3a\u6211\u4eec\u5728\u67cf\u6797\u4e3e\u529e\u7684\u4f1a\u8bae\u548c\u6d3b\u52a8\u63d0\u4f9b\u6280\u672f\u652f\u6301\u3002<\/p>\n<p>[button link=\"https:\/\/www.konferenztechnik.de\/fachkraft-fuer-veranstaltungstechnik-d-w-m-in-berlin-gesucht\/\" target=\"self\" color=\"#a62055\u2033 text=\"light\"]\u4fe1\u606f\u548c\u7533\u8bf7[\/button]<br \/>\n[\/column]<\/p>\n<p>[column size=\"1-3\u2033 last=\"1\u2033]<br \/>\n<a href=\"https:\/\/konferenztechnik.de\/zh\/%e6%85%95%e5%b0%bc%e9%bb%91%e6%8b%9b%e8%81%98%e6%b4%bb%e5%8a%a8%e6%8a%80%e6%9c%af%e4%b8%93%e5%ae%b6-d-f-m\/\"><\/a><\/p>\n<p><a href=\"https:\/\/konferenztechnik.de\/zh\/%e6%85%95%e5%b0%bc%e9%bb%91%e6%8b%9b%e8%81%98%e6%b4%bb%e5%8a%a8%e6%8a%80%e6%9c%af%e4%b8%93%e5%ae%b6-d-f-m\/\"><\/p>\n<h3><b>\u6d3b\u52a8\u6280\u672f\u4e13\u5bb6\uff08d\/w\/m\uff09\u3001<br \/>\n\u6d3b\u52a8\u5de5\u7a0b\u5e08\u3001AV \u5a92\u4f53\u6280\u672f\u5458<br \/>\n\u6155\u5c3c\u9ed1<\/b><\/h3>\n<p><\/a><a href=\"https:\/\/konferenztechnik.de\/zh\/%e6%85%95%e5%b0%bc%e9%bb%91%e6%8b%9b%e8%81%98%e6%b4%bb%e5%8a%a8%e6%8a%80%e6%9c%af%e4%b8%93%e5%ae%b6-d-f-m\/\"><\/a><\/p>\n<p>\u6211\u4eec\u76ee\u524d\u6b63\u5728\u5bfb\u627e\u6765\u81ea\u4e0d\u540c\u6d3b\u52a8\u6280\u672f\u9886\u57df\u7684\u6280\u672f\u4eba\u5458\uff0c\u4ee5\u652f\u6301\u6211\u4eec\u5728\u6155\u5c3c\u9ed1\u4e3e\u529e\u4f1a\u8bae\u548c\u6d3b\u52a8\u7684\u6280\u672f\u5b9e\u73b0\u3002<\/p>\n<p>[button link=\"https:\/\/www.konferenztechnik.de\/fachkraft-fuer-veranstaltungstechnik-d-w-m-in-muenchen-gesucht\/\" target=\"self\" color=\"#a62055\u2033 text=\"light\"]\u4fe1\u606f\u548c\u7533\u8bf7[\/button]<br \/>\n[\/column]<\/p>\n<p>[spacer size=\"50\u2033]<\/p>\n<p>[column size=\"1-2\u2033 last=\"0\u2033]<br \/>\n<a href=\"https:\/\/konferenztechnik.de\/jobs\/buero-servicekraft-m-w-d-gesucht\/\"><\/a><\/p>\n<p><a href=\"https:\/\/konferenztechnik.de\/jobs\/buero-servicekraft-m-w-d-gesucht\/\"><\/p>\n<h3><b>\u62db\u8058\u529e\u516c\u5ba4\u670d\u52a1\u4eba\u5458\uff08\u7537\u5973\u4e0d\u9650<br \/>\n\u67cf\u6797<\/b><\/h3>\n<p><\/a><a href=\"https:\/\/konferenztechnik.de\/jobs\/buero-servicekraft-m-w-d-gesucht\/\"><\/a><\/p>\n<p>\u6211\u4eec\u76ee\u524d\u6b63\u5728\u67cf\u6797\u529e\u4e8b\u5904\u62db\u8058\u4e00\u540d\u529e\u516c\u5ba4\u670d\u52a1\u52a9\u7406\uff08d\/f\/m\uff09\uff0c\u8d1f\u8d23\u5728\u4f1a\u8bae\u524d\u540e\u7ec4\u7ec7\u6211\u4eec\u7684\u529e\u516c\u5ba4\u548c\u53e3\u8bd1\u5de5\u4f5c\u5ba4\u3002<\/p>\n<p>[button link=\"https:\/\/www.konferenztechnik.de\/jobs\/buero-servicekraft-m-w-d-gesucht\/\" target=\"self\" color=\"#a62055\u2033 text=\"light\"]\u4fe1\u606f\u548c\u7533\u8bf7[\/button]<br \/>\n[\/column]<\/p>\n<p>[column size=\"1-2\u2033 last=\"0\u2033]<br \/>\n<a href=\"https:\/\/konferenztechnik.de\/jobs\/technische-hilfskraft-m-w-d-fuer-kommissionierung-und-transport-gesucht\/\"><\/a><\/p>\n<p><a href=\"https:\/\/konferenztechnik.de\/jobs\/technische-hilfskraft-m-w-d-fuer-kommissionierung-und-transport-gesucht\/\"><\/p>\n<h3><b>\u62db\u8058\u8d1f\u8d23\u8ba2\u5355\u5206\u62e3\u548c\u8fd0\u8f93\u7684\u6280\u672f\u52a9\u7406\uff08\u7537\/\u5973\/\u4e01<br \/>\n\u67cf\u6797<\/b><\/h3>\n<p><\/a><a href=\"https:\/\/konferenztechnik.de\/jobs\/technische-hilfskraft-m-w-d-fuer-kommissionierung-und-transport-gesucht\/\"><\/a><\/p>\n<p>\u6211\u4eec\u6b63\u5728\u62db\u8058\u4e00\u540d\u6280\u672f\u52a9\u7406\uff08\u7537\/\u5973\/\u4e01\uff09\uff0c\u8d1f\u8d23\u4ed3\u5e93\u8ba2\u5355\u62e3\u9009\u3001\u8fd0\u8f93\u4ee5\u53ca\u6280\u672f\u8bbe\u5907\u7684\u7ec4\u88c5\u548c\u62c6\u5378\u3002<\/p>\n<p>[button link=\"https:\/\/www.konferenztechnik.de\/jobs\/technische-hilfskraft-m-w-d-fuer-kommissionierung-und-transport-gesucht\/\" target=\"self\" color=\"#a62055\u2033 text=\"light\"]\u4fe1\u606f\u548c\u7533\u8bf7[\/button]<br \/>\n[\/column]<\/p>\n<p>[column size=\"1-3\u2033 last=\"1\u2033]<br \/>\n<a href=\"https:\/\/konferenztechnik.de\/jobs\/technikerin-m-w-d-fuer-den-bereich-kommissionierung-und-transport-gesucht\/\"><\/a><\/p>\n<p><a href=\"https:\/\/konferenztechnik.de\/jobs\/technikerin-m-w-d-fuer-den-bereich-kommissionierung-und-transport-gesucht\/\"><\/p>\n<h3><b>\u62db\u8058\u6280\u672f\u5458\uff08\u7537\/\u5973\/\u4e01\uff09\uff0c\u8d1f\u8d23\u8ba2\u5355\u5206\u62e3\u548c\u8fd0\u8f93\u5de5\u4f5c<br \/>\n\u67cf\u6797<\/b><\/h3>\n<p><\/a><a href=\"https:\/\/konferenztechnik.de\/jobs\/technikerin-m-w-d-fuer-den-bereich-kommissionierung-und-transport-gesucht\/\"><\/a><\/p>\n<p>\u6211\u4eec\u6b63\u5728\u62db\u8058\u4e00\u540d\u6280\u672f\u4eba\u5458\uff0c\u8d1f\u8d23\u4ed3\u5e93\u8ba2\u5355\u62e3\u9009\u3001\u8fd0\u8f93\u4ee5\u53ca\u6280\u672f\u8bbe\u5907\u7684\u7ec4\u88c5\u548c\u62c6\u5378\u3002<\/p>\n<p>[button link=\"https:\/\/www.konferenztechnik.de\/jobs\/technikerin-m-w-d-fuer-den-bereich-kommissionierung-und-transport-gesucht\/\" target=\"self\" color=\"#a62055\u2033 text=\"light\"]\u4fe1\u606f\u548c\u7533\u8bf7[\/button]<br \/>\n[\/column]<\/p>\n<p>[spacer size=\"30\u2033]<\/p>\n<hr>\n<p>[spacer size=\"30\u2033]<\/p>\n<h2><b>PCS konferenztechnik.de 2023 \u5e74 \u2013 \u5b66\u5f92\u8ba1\u5212<\/b><\/h2>\n<p>\u6211\u4eec\u6b63\u5728\u4e3a 2023 \u57f9\u8bad\u5e74\u62db\u52df\u5b66\u5458\uff0c\u671f\u5f85\u60a8\u7684\u7533\u8bf7\uff01<\/p>\n<p>[spacer size=\"20\u2033]<\/p>\n<p>[column size=\"1-2\u2033 last=\"0\u2033]<br \/>\n<a href=\"https:\/\/konferenztechnik.de\/zh\/%e5%9c%a8%e6%9d%9c%e5%a1%9e%e5%b0%94%e5%a4%9a%e5%a4%ab%e6%8e%a5%e5%8f%97%e6%b4%bb%e5%8a%a8%e6%8a%80%e6%9c%af%e4%b8%93%e5%ae%b6-m-f-d-%e5%9f%b9%e8%ae%ad\/\"><\/a><\/p>\n<p><a href=\"https:\/\/konferenztechnik.de\/zh\/%e5%9c%a8%e6%9d%9c%e5%a1%9e%e5%b0%94%e5%a4%9a%e5%a4%ab%e6%8e%a5%e5%8f%97%e6%b4%bb%e5%8a%a8%e6%8a%80%e6%9c%af%e4%b8%93%e5%ae%b6-m-f-d-%e5%9f%b9%e8%ae%ad\/\"><\/p>\n<h3><b>\u6d3b\u52a8\u6280\u672f\u4e13\u5bb6\u5b66\u5f92\uff08\u65e5\/\u6708\/\u5e74\uff09<br \/>\n\u675c\u585e\u5c14\u591a\u592b<\/b><\/h3>\n<p><\/a><a href=\"https:\/\/konferenztechnik.de\/zh\/%e5%9c%a8%e6%9d%9c%e5%a1%9e%e5%b0%94%e5%a4%9a%e5%a4%ab%e6%8e%a5%e5%8f%97%e6%b4%bb%e5%8a%a8%e6%8a%80%e6%9c%af%e4%b8%93%e5%ae%b6-m-f-d-%e5%9f%b9%e8%ae%ad\/\"><\/a><\/p>\n<p>\u5728\u675c\u585e\u5c14\u591a\u592b\u5206\u90e8\u63a5\u53d7\u6d3b\u52a8\u6280\u672f\u4e13\u5bb6\u57f9\u8bad\u3002<\/p>\n<p>[button link=\"https:\/\/www.konferenztechnik.de\/ausbildung-zur-fachkraft-fuer-veranstaltungstechnik-m-w-d-in-duesseldorf\/\" target=\"self\" color=\"#a62055\u2033 text=\"light\"]\u4fe1\u606f\u548c\u7533\u8bf7[\/button]<br \/>\n[\/column]<\/p>\n<p>[column size=\"1-2\u2033 last=\"0\u2033]<br \/>\n<a href=\"https:\/\/konferenztechnik.de\/zh\/2023-%e5%b9%b4%e5%9c%a8%e6%9f%8f%e6%9e%97%e4%b8%be%e5%8a%9e%e6%b4%bb%e5%8a%a8%e6%8a%80%e6%9c%af%e4%b8%93%e5%ae%b6%e5%9f%b9%e8%ae%ad-m-f-d\/\"><\/a><\/p>\n<p><a href=\"https:\/\/konferenztechnik.de\/zh\/2023-%e5%b9%b4%e5%9c%a8%e6%9f%8f%e6%9e%97%e4%b8%be%e5%8a%9e%e6%b4%bb%e5%8a%a8%e6%8a%80%e6%9c%af%e4%b8%93%e5%ae%b6%e5%9f%b9%e8%ae%ad-m-f-d\/\"><\/p>\n<h3><b>\u6d3b\u52a8\u6280\u672f\u4e13\u5bb6\u5b66\u5f92\uff08\u65e5\/\u6708\/\u5e74\uff09<br \/>\n\u67cf\u6797<\/b><\/h3>\n<p><\/a><a href=\"https:\/\/konferenztechnik.de\/zh\/2023-%e5%b9%b4%e5%9c%a8%e6%9f%8f%e6%9e%97%e4%b8%be%e5%8a%9e%e6%b4%bb%e5%8a%a8%e6%8a%80%e6%9c%af%e4%b8%93%e5%ae%b6%e5%9f%b9%e8%ae%ad-m-f-d\/\"><\/a><\/p>\n<p>\u5728\u67cf\u6797\u5206\u90e8\u63a5\u53d7\u6d3b\u52a8\u6280\u672f\u4e13\u5bb6\u57f9\u8bad\u3002<\/p>\n<p>[button link=\"https:\/\/www.konferenztechnik.de\/ausbildung-zur-fachkraft-fuer-veranstaltungstechnik-m-w-d-in-berlin-2023\/\" target=\"self\" color=\"#a62055\u2033 text=\"light\"]\u4fe1\u606f\u548c\u7533\u8bf7[\/button]<br \/>\n[\/column]<\/p>\n<p>[column size=\"1-3\u2033 last=\"1\u2033]<br \/>\n<a href=\"https:\/\/konferenztechnik.de\/jobs\/ausbildungsplatz-fachkraft-lagerlogistik-berlin-2023\/\"><\/a><\/p>\n<p><a href=\"https:\/\/konferenztechnik.de\/jobs\/ausbildungsplatz-fachkraft-lagerlogistik-berlin-2023\/\"><\/p>\n<h3><b>\u4ed3\u50a8\u7269\u6d41\u4e13\u5bb6\u5b66\u5f92\uff08d\/w\/m\uff09<br \/>\n\u67cf\u6797<\/b><\/h3>\n<p><\/a><a href=\"https:\/\/konferenztechnik.de\/jobs\/ausbildungsplatz-fachkraft-lagerlogistik-berlin-2023\/\"><\/a><\/p>\n<p>\u5728\u67cf\u6797\u5206\u516c\u53f8\u63a5\u53d7\u4ed3\u50a8\u7269\u6d41\u4e13\u5bb6\u57f9\u8bad\u3002<\/p>\n<p>[button link=\"https:\/\/www.konferenztechnik.de\/jobs\/ausbildungsplatz-fachkraft-lagerlogistik-berlin-2023\/\" target=\"self\" color=\"#a62055\u2033 text=\"light\"]\u4fe1\u606f\u548c\u7533\u8bf7[\/button]<br \/>\n[\/column]<\/p>\n<p>[spacer size=\"30\u2033]<\/p>\n<hr>\n<p>[spacer size=\"30\u2033]<\/p>\n<h2>PCS \u7684\u5b66\u5f92\u4fe1\u606f<\/h2>\n<p>[column size=\"1-2\u2033 last=\"0\u2033]<\/p>\n<h3><strong>\u6d3b\u52a8\u7ba1\u7406\u52a9\u7406<\/strong><\/h3>\n<p>\u4ed3\u50a8\u7269\u6d41\u4e13\u5bb6\u4ece\u4e8b\u7269\u6d41\u89c4\u5212\u548c\u7ec4\u7ec7\u5de5\u4f5c\u3002\u4ed6\u4eec\u7684\u4efb\u52a1\u5305\u62ec\u63a5\u6536\u3001\u5206\u62e3\u3001\u88c5\u8f7d\u3001\u5806\u653e\u3001\u8fd0\u8f93\u548c\u5305\u88c5\u8d27\u7269\u3002\u57f9\u8bad\u7684\u5176\u4ed6\u5185\u5bb9\u8fd8\u5305\u62ec\u5546\u4e1a\u7ba1\u7406\u548c\u63a7\u5236\u3001\u73af\u5883\u4fdd\u62a4\u6216\u5de5\u4f5c\u7ec4\u7ec7\u3001\u4fe1\u606f\u548c\u901a\u4fe1\u3002\u5b66\u5f92\u671f\u4e3a\u4e09\u5e74\uff0c\u5728\u6211\u4eec\u7684\u516c\u53f8\u548c\u76f8\u5e94\u7684\u804c\u4e1a\u5b66\u6821\u8fdb\u884c\u3002<\/p>\n<h4>\u66f4\u591a\u4fe1\u606f\uff1a<\/h4>\n<p>\u203a <a href=\"https:\/\/www.ihk-berlin.de\/ausbildung\/ausbildungsberufe-von-a-bis-z\/veranstaltungskaufmann-2262380\" target=\"_blank\" rel=\"noopener noreferrer\">\u67cf\u6797 IHK<\/a><br \/>\n\u203a <a href=\"https:\/\/berufenet.arbeitsagentur.de\/berufenet\/faces\/index;BERUFENETJSESSIONID=H4dPyKJvbXrnWotpa2-unjyMlToiDlBPBg0q0Sm5LB_Pd5I_B9D5!358792421?path=null\/suchergebnisse\/kurzbeschreibung&amp;dkz=14448&amp;such=veranstaltungskauffrau\" target=\"_blank\" rel=\"noopener noreferrer\">\u8054\u90a6\u5c31\u4e1a\u5c40<\/a><\/p>\n<p>[\/column]<\/p>\n<p>[column size=\"1-2\u2033 last=\"0\u2033]<\/p>\n<h3><strong>\u4ed3\u5e93\u7269\u6d41\u4e13\u5bb6<\/strong><\/h3>\n<p>\u4ed3\u50a8\u7269\u6d41\u4e13\u5bb6\u4ece\u4e8b\u7269\u6d41\u89c4\u5212\u548c\u7ec4\u7ec7\u5de5\u4f5c\u3002\u4ed6\u4eec\u7684\u4efb\u52a1\u5305\u62ec\u63a5\u6536\u3001\u5206\u62e3\u3001\u88c5\u8f7d\u3001\u5806\u653e\u3001\u8fd0\u8f93\u548c\u5305\u88c5\u8d27\u7269\u3002\u57f9\u8bad\u7684\u5176\u4ed6\u5185\u5bb9\u8fd8\u5305\u62ec\u5546\u4e1a\u7ba1\u7406\u548c\u63a7\u5236\u3001\u73af\u5883\u4fdd\u62a4\u6216\u5de5\u4f5c\u7ec4\u7ec7\u3001\u4fe1\u606f\u548c\u901a\u4fe1\u3002\u5b66\u5f92\u671f\u4e3a\u4e09\u5e74\uff0c\u5728\u6211\u4eec\u7684\u516c\u53f8\u548c\u76f8\u5e94\u7684\u804c\u4e1a\u5b66\u6821\u8fdb\u884c\u3002<\/p>\n<h4>\u66f4\u591a\u4fe1\u606f\uff1a<\/h4>\n<p>\u203a <a href=\"https:\/\/www.ihk-berlin.de\/aus_und_weiterbildung\/Ausbildung\/Ausbildungsberufe_von_A_bis_Z\/Fachkraft_fuer_Veranstaltungstechnik\/2262432\" target=\"_blank\" rel=\"noopener noreferrer\">\u67cf\u6797 IHK<\/a><br \/>\n\u203a <a href=\"https:\/\/berufenet.arbeitsagentur.de\/berufe\/start?dest=profession&amp;prof-id=8525_8523&amp;status=B\" target=\"_blank\" rel=\"noopener noreferrer\">\u8054\u90a6\u5c31\u4e1a\u5c40<\/a><br \/>\n\u203a <a href=\"https:\/\/de.wikipedia.org\/wiki\/Fachkraft_f%C3%BCr_Lagerlogistik\" target=\"_blank\" rel=\"noopener noreferrer\">\u7ef4\u57fa\u767e\u79d1<\/a><\/p>\n<p>[\/column]<\/p>\n<p>[column size=\"1-3\u2033 last=\"1\u2033]<\/p>\n<h3><strong>\u6d3b\u52a8\u6280\u672f\u4e13\u5bb6<\/strong><\/h3>\n<p>\u4f5c\u4e3a\u4e00\u540d\u6d3b\u52a8\u6280\u672f\u4e13\u5bb6\uff0c\u60a8\u5c06\u8d1f\u8d23\u821e\u53f0\u548c\u5e03\u666f\u7ed3\u6784\u4ee5\u53ca\u706f\u5149\u3001\u6295\u5f71\u548c\u97f3\u54cd\u7cfb\u7edf\u7684\u642d\u5efa\u3001\u62c6\u5378\u548c\u64cd\u4f5c\u3002\u5b66\u5f92\u671f\u4e3a\u4e09\u5e74\uff0c\u5728\u516c\u53f8\u548c\u76f8\u5173\u804c\u4e1a\u5b66\u6821\u8fdb\u884c\u3002<\/p>\n<h4>\u66f4\u591a\u4fe1\u606f\uff1a<\/h4>\n<p>\u203a <a href=\"https:\/\/www.ihk-berlin.de\/aus_und_weiterbildung\/Ausbildung\/Ausbildungsberufe_von_A_bis_Z\/Fachkraft_fuer_Veranstaltungstechnik\/2262432\" target=\"_blank\" rel=\"noopener noreferrer\">\u67cf\u6797 IHK<\/a><br \/>\n\u203a <a href=\"https:\/\/berufenet.arbeitsagentur.de\/berufe\/start?dest=profession&amp;prof-id=27448_27449&amp;status=B\" target=\"_blank\" rel=\"noopener noreferrer\">\u8054\u90a6\u5c31\u4e1a\u5c40<\/a><br \/>\n\u203a <a href=\"https:\/\/de.wikipedia.org\/wiki\/Fachkraft_f%C3%BCr_Lagerlogistik\" target=\"_blank\" rel=\"noopener noreferrer\">\u7ef4\u57fa\u767e\u79d1<\/a><\/p>\n<p>[\/column]<\/p>\n<p>[spacer size=\"30\u2033]<\/p>\n<hr>\n<p>[spacer size=\"30\u2033]<\/p>\n<h2>\u6211\u4eec\u662f\u4ee5\u4e0b\u534f\u4f1a\u7684\u6210\u5458\u6216\u652f\u6301\u6210\u5458\uff1a<\/h2>\n<p>[column size=\"1-2\u2033 last=\"0\u2033]<a href=\"https:\/\/www.100pro.org\/\" target=\"_blank\" rel=\"noopener noreferrer\"><br \/>\n<img decoding=\"async\" src=\"https:\/\/konferenztechnik.de\/wp-content\/uploads\/2015\/10\/logo-100proOrg.jpg\" alt=\"\u5fbd\u6807 100 Pro Org\" width=\"150\" height=\"149\" class=\"alignleft size-full wp-image-6492\" title=\"\"><\/a><br \/>\n[\/column]<\/p>\n<p>[column size=\"1-2\u2033 last=\"0\u2033]<br \/>\n<a href=\"https:\/\/www.vplt.org\/\" target=\"_blank\" rel=\"noopener noreferrer\"><br \/>\n<img decoding=\"async\" src=\"https:\/\/konferenztechnik.de\/wp-content\/uploads\/2015\/10\/vplt-logo.jpg\" alt=\"VPLT \u5fbd\u6807\" width=\"216\" height=\"69\" class=\"alignleft size-full wp-image-6493\" title=\"\"><\/a><br \/>\n[\/column]<\/p>\n<p>[column size=\"1-3\u2033 last=\"1\u2033]<a href=\"https:\/\/isdv.net\/\" target=\"_blank\" rel=\"noopener noreferrer\"><br \/>\n<img decoding=\"async\" src=\"https:\/\/konferenztechnik.de\/wp-content\/uploads\/2015\/10\/isdv-logo.png\" alt=\"ISDV \u5fbd\u6807\" width=\"240\" height=\"140\" class=\"alignleft size-full wp-image-6494\" title=\"\"><\/a><br \/>\n[\/column]<\/p>","protected":false},"excerpt":{"rendered":"<p>[spacer size=&#8220;20&#8243;] [column size=&#8220;3-4&#8243; last=&#8220;0&#8243;] Jobs, Stellenangebote und Ausbildungspl\u00e4tze bei der PCS GmbH Die PCS GmbH ist Ausbildungsbetrieb. Wir bilden zur Fachkraft f\u00fcr Veranstaltungstechnik, Fachkraft f\u00fcr Lagerlogistik und zur Veranstaltungskauffrau \/ zum Veranstaltungskaufmann aus. Sind Sie interessiert? Hier finden Sie alle freien Stellen. Au\u00dferdem sind wir immer wieder auf der Suche nach qualifizierten Mitarbeitern. Falls [&hellip;]<\/p>","protected":false},"author":1,"featured_media":45482,"parent":0,"menu_order":50,"comment_status":"closed","ping_status":"closed","template":"","meta":{"_acf_changed":false,"footnotes":""},"class_list":["post-5827","page","type-page","status-publish","has-post-thumbnail","hentry"],"acf":[],"_links":{"self":[{"href":"https:\/\/konferenztechnik.de\/zh\/wp-json\/wp\/v2\/pages\/5827","targetHints":{"allow":["GET"]}}],"collection":[{"href":"https:\/\/konferenztechnik.de\/zh\/wp-json\/wp\/v2\/pages"}],"about":[{"href":"https:\/\/konferenztechnik.de\/zh\/wp-json\/wp\/v2\/types\/page"}],"author":[{"embeddable":true,"href":"https:\/\/konferenztechnik.de\/zh\/wp-json\/wp\/v2\/users\/1"}],"replies":[{"embeddable":true,"href":"https:\/\/konferenztechnik.de\/zh\/wp-json\/wp\/v2\/comments?post=5827"}],"version-history":[{"count":0,"href":"https:\/\/konferenztechnik.de\/zh\/wp-json\/wp\/v2\/pages\/5827\/revisions"}],"wp:featuredmedia":[{"embeddable":true,"href":"https:\/\/konferenztechnik.de\/zh\/wp-json\/wp\/v2\/media\/45482"}],"wp:attachment":[{"href":"https:\/\/konferenztechnik.de\/zh\/wp-json\/wp\/v2\/media?parent=5827"}],"curies":[{"name":"wp","href":"https:\/\/api.w.org\/{rel}","templated":true}]}}