{"id":6001,"date":"2016-02-08T13:24:03","date_gmt":"2016-02-08T12:24:03","guid":{"rendered":"https:\/\/konferenztechnik.de\/?page_id=6001"},"modified":"2023-09-01T13:25:58","modified_gmt":"2023-09-01T11:25:58","slug":"%e9%9b%85%e9%a9%ac%e5%93%88%e6%97%a7%e6%ac%be","status":"publish","type":"page","link":"https:\/\/konferenztechnik.de\/zh\/%e9%9b%85%e9%a9%ac%e5%93%88%e6%97%a7%e6%ac%be\/","title":{"rendered":"\u96c5\u9a6c\u54c8"},"content":{"rendered":"<p>[column size=\"1-2\u2033 last=\"0\u2033]<\/p>\n<h1>\u96c5\u9a6c\u54c8 \u2013 \u4e13\u4e1a\u97f3\u54cd<\/h1>\n<p>[\/column]<br \/>\n[column size=\"1-2\u2033 last=\"1\u2033]<br \/>\n<img decoding=\"async\" src=\"https:\/\/konferenztechnik.de\/wp-content\/uploads\/2016\/02\/Logo-Yamaha-300x81.png\" alt=\"\u96c5\u9a6c\u54c8\u6807\u8bc6\" width=\"150\" class=\"alignright size-medium wp-image-6007\" title=\"\" srcset=\"https:\/\/konferenztechnik.de\/wp-content\/uploads\/2016\/02\/Logo-Yamaha-300x81.png 300w, https:\/\/konferenztechnik.de\/wp-content\/uploads\/2016\/02\/Logo-Yamaha.png 432w\" sizes=\"(max-width: 300px) 100vw, 300px\" \/><br \/>\n[\/column]<br \/>\n[rev_slider\u96c5\u9a6c\u54c8]<br \/>\n[\u6e05\u9664]<br \/>\n[spacer size=\"40\u2033]<br \/>\n[column size=\"2-3\u2033 last=\"0\u2033]<\/p>\n<p>[spacer size=\"20\u2033]<br \/>\nPCS GmbH \u662f\u96c5\u9a6c\u54c8\u7684\u5b98\u65b9\u6388\u6743\u7ecf\u9500\u5546\u3002\u96c5\u9a6c\u54c8\u4e3a\u5404\u79cd\u5e94\u7528\u63d0\u4f9b\u4e13\u4e1a\u97f3\u54cd\u89e3\u51b3\u65b9\u6848\u3002\u65e0\u8bba\u60a8\u662f\u8ba1\u5212\u5728\u9910\u5385\u5b89\u88c5\u97f3\u54cd\u7cfb\u7edf\u3001\u4e3a\u7535\u89c6\u5e7f\u544a\u914d\u97f3\uff0c\u8fd8\u662f\u8ba1\u5212\u5728\u4f53\u80b2\u573a\u4e3e\u529e\u6d3b\u52a8\uff0c\u96c5\u9a6c\u54c8\u90fd\u80fd\u4e3a\u60a8\u63d0\u4f9b\u4e13\u4e1a\u7684\u97f3\u9891\u89e3\u51b3\u65b9\u6848\u3002\u6709\u5173\u96c5\u9a6c\u54c8\u4ea7\u54c1\u7684\u66f4\u591a\u4fe1\u606f\uff0c\u8bf7\u8054\u7cfb\u6211\u4eec\u7684\u9500\u552e\u90e8\u95e8\u3002<\/p>\n<p>\u6211\u4eec\u4e3a\u60a8\u7cbe\u9009\u4e86\u96c5\u9a6c\u54c8\u4ea7\u54c1\u7cfb\u5217\u4e2d\u7684\u51e0\u6b3e\u91cd\u70b9\u4ea7\u54c1\u3002\u5982\u679c\u60a8\u5bf9\u96c5\u9a6c\u54c8\u4e30\u5bcc\u7684\u4ea7\u54c1\u7ec4\u5408\u6709\u4efb\u4f55\u7591\u95ee\uff0c\u6216\u6b63\u5728\u5bfb\u627e\u7279\u5b9a\u4ea7\u54c1\uff0c\u8bf7\u4e0e\u6211\u4eec\u7684\u9500\u552e\u56e2\u961f\u8054\u7cfb\u3002<br \/>\n[\/column]<\/p>\n<p>[spacer size=\"20\u2033]<br \/>\n[\u6e05\u9664]<br \/>\n<img decoding=\"async\" src=\"https:\/\/konferenztechnik.de\/wp-content\/uploads\/2013\/11\/logo-pcs-selected-quality.png\" alt=\"\u5fbd\u6807 PCS \u7cbe\u9009\u54c1\u8d28\" width=\"143\" height=\"88\" class=\"alignleft size-full wp-image-3924\" title=\"\"><\/p>\n<p>[spacer size=\"40\u2033]<\/p>\n<h1>\u5168\u65b9\u4f4d\u6570\u5b57\u8c03\u97f3\u53f0 <i>01v 96i<\/i><\/h1>\n<p>[column size=\"1-2\u2033 last=\"0\u2033]<br \/>\n\u591a\u5e74\u6765\uff0c01v \u5df2\u7262\u56fa\u786e\u7acb\u4e86\u81ea\u5df1\u4f5c\u4e3a\u73b0\u573a\u9886\u57df\u5168\u80fd\u8c03\u97f3\u53f0\u7684\u5730\u4f4d\u300201V96i \u4ece\u6839\u672c\u4e0a\u7ee7\u627f\u4e86\u524d\u4ee3\u4ea7\u54c1\u7684\u6210\u719f\u7406\u5ff5\u3002\u4e0d\u8fc7\uff0c\u5b83\u4e5f\u6709\u8bb8\u591a\u521b\u65b0\u548c\u6539\u8fdb\uff0c\u5982 USB 2.0 \u8fde\u63a5\u3001\u591a\u8f68\u5f55\u97f3\u529f\u80fd\u548c\u66f4\u597d\u7684\u97f3\u8d28\u3002<\/p>\n<p>\u7279\u70b9<\/p>\n<ul>\n<li>40 \u4e2a\u6df7\u97f3\u901a\u9053\uff0832 \u4e2a\u5355\u58f0\u9053 + 4 \u4e2a\u7acb\u4f53\u58f0\uff09<\/li>\n<li>24 \u4e2a\u8f93\u5165\uff088 \u4e2a\u6570\u5b57\u8f93\u5165\uff09<\/li>\n<li>24bit\/96kHz AD\/DA \u8f6c\u6362\u5668<\/li>\n<li>16 \u8f93\u5165\/16 \u8f93\u51fa USB 2.0 \u97f3\u9891\u6d41\uff0c24 \u4f4d\/96 \u5343\u8d6b\u5179<\/li>\n<li>8 \u901a\u9053 ADAT \u8f93\u5165\/\u8f93\u51fa\u63a5\u53e3<\/li>\n<li>8 \u4e2a\u8f85\u52a9\u8def\u5f84<\/li>\n<li>8 \u8f86\u5df4\u58eb<\/li>\n<\/ul>\n<p>[\/column]<br \/>\n[column size=\"1-2\u2033 last=\"1\u2033]<br \/>\n<a href=\"https:\/\/konferenztechnik.de\/wp-content\/uploads\/2016\/02\/Mischpult-Yamaha-01v96i-1-scaled-1.jpg\" rel=\"attachment wp-att-6024\"><img decoding=\"async\" src=\"https:\/\/konferenztechnik.de\/wp-content\/uploads\/2016\/02\/Mischpult-Yamaha-01v96i-1-1024x729.jpg\" alt=\"\u8c03\u97f3\u53f0 Yamaha-01v96i\" class=\"alignleft size-large wp-image-6024\" title=\"\"><\/a><br \/>\n[\/column]<\/p>\n<p>[spacer size=\"40\u2033]<\/p>\n<h1>\u6570\u5b57\u8c03\u97f3\u53f0<i>QL1<\/i><\/h1>\n<p>[column size=\"1-2\u2033 last=\"0\u2033]<br \/>\nQL \u7cfb\u5217\u8c03\u97f3\u53f0\u5177\u6709\u5168\u9762\u7684\u4fe1\u53f7\u5904\u7406\u529f\u80fd\u548c\u4f17\u591a\u8def\u7531\u9009\u62e9\uff0c\u9002\u7528\u4e8e\u4e2d\u5c0f\u578b\u73b0\u573a\u97f3\u4e50\u4f1a\u3001\u88c5\u7f6e\u3001\u5e26\u6709\u591a\u4e2a\u626c\u58f0\u5668\u7684\u4f01\u4e1a\u6d3b\u52a8\u548c\u8bb8\u591a\u5176\u4ed6\u5e94\u7528\uff0c\u65e0\u9700\u989d\u5916\u8bbe\u5907\u3002<\/p>\n<p>\u6765\u81ea\u5176\u4ed6\u6a21\u62df\u6216\u6570\u5b57\u8c03\u97f3\u53f0\u7684\u6df7\u97f3\u5de5\u7a0b\u5e08\u5f88\u5feb\u5c31\u80fd\u638c\u63e1 QL \u8c03\u97f3\u53f0\u3002QL \u8c03\u97f3\u53f0\u7684\u7528\u6237\u754c\u9762\u5f00\u53d1\u878d\u5165\u4e86\u591a\u5e74\u79ef\u7d2f\u7684\u4e13\u4e1a\u77e5\u8bc6\u548c\u4e16\u754c\u5404\u5730\u5ba2\u6237\u7684\u53cd\u9988\u610f\u89c1\u3002<\/p>\n<p>\u7279\u70b9<\/p>\n<ul>\n<li>\u901a\u9053\uff1a32 \u4e2a\u5355\u58f0\u9053\uff0c8 \u4e2a\u7acb\u4f53\u58f0<\/li>\n<li>\u5df4\u58eb\uff1a16 \u79cd\u7ec4\u5408<\/li>\n<li>\u77e9\u9635\u8def\u7531\uff1a8 \u77e9\u9635\uff08\u652f\u6301\u8f93\u5165\u5230\u77e9\u9635\uff09<\/li>\n<li>\u8f93\u5165\u548c\u8f93\u51fa\uff1a16 \u8f93\u5165\uff0c8 \u8f93\u51fa<\/li>\n<li>DANTE \u7cfb\u7edf\u603b\u7ebf<\/li>\n<li>\u63a8\u5b50\u914d\u7f6e\uff1a16 + 2\uff08\u4e3b\u63a8\u5b50\uff09<\/li>\n<li>100 \u6beb\u7c73\u7535\u52a8\u63a8\u5b50<\/li>\n<li>\u91c7\u6837\u9891\u7387\uff1a44.1 \u5343\u8d6b\u5179\u300148 \u5343\u8d6b\u5179<\/li>\n<li>\u53ef\u901a\u8fc7\u9009\u914d\u7684 RK1 \u673a\u67b6\u5b89\u88c5\u5957\u4ef6\u8fdb\u884c\u673a\u67b6\u5b89\u88c5<\/li>\n<\/ul>\n<p>[\/column]<br \/>\n[column size=\"1-2\u2033 last=\"1\u2033]<br \/>\n<a href=\"https:\/\/konferenztechnik.de\/wp-content\/uploads\/2016\/02\/Mischpult-Yamaha-QL1-1.jpg\" rel=\"attachment wp-att-6028\"><img fetchpriority=\"high\" decoding=\"async\" width=\"900\" height=\"900\" src=\"https:\/\/konferenztechnik.de\/wp-content\/uploads\/2016\/02\/Mischpult-Yamaha-QL1-1.jpg\" alt=\"\u8c03\u97f3\u53f0 Yamaha-QL1\" class=\"alignleft size-full wp-image-6028\" title=\"\" srcset=\"https:\/\/konferenztechnik.de\/wp-content\/uploads\/2016\/02\/Mischpult-Yamaha-QL1-1.jpg 900w, https:\/\/konferenztechnik.de\/wp-content\/uploads\/2016\/02\/Mischpult-Yamaha-QL1-1-300x300.jpg 300w, https:\/\/konferenztechnik.de\/wp-content\/uploads\/2016\/02\/Mischpult-Yamaha-QL1-1-150x150.jpg 150w, https:\/\/konferenztechnik.de\/wp-content\/uploads\/2016\/02\/Mischpult-Yamaha-QL1-1-768x768.jpg 768w\" sizes=\"(max-width: 900px) 100vw, 900px\" \/><\/a><br \/>\n[\/column]<\/p>\n<p>[spacer size=\"40\u2033]<\/p>\n<h1>\u8f93\u5165\/\u8f93\u51fa\u673a\u67b6 RIO1608D<i>QL1<\/i><\/h1>\n<p>[column size=\"1-2\u2033 last=\"0\u2033]<br \/>\nRio1608-D \u662f\u4e00\u6b3e\u517c\u5bb9 Dante \u7684\u8f93\u5165\/\u8f93\u51fa\u673a\u67b6\uff0c\u914d\u6709 16 \u4e2a\u6a21\u62df\u8f93\u5165\u548c 8 \u4e2a\u6a21\u62df\u8f93\u51fa\u3002<br \/>\n\u6a21\u62df\u8f93\u51fa\u3002\u4f7f\u7528\u6807\u51c6\u4ee5\u592a\u7f51\u7535\u7f06\uff0c\u8bbe\u5907\u4e4b\u95f4\u7684\u97f3\u9891\u4f20\u8f93\u8ddd\u79bb\u53ef\u8fbe 100 \u7c73\uff0c\u5ef6\u8fdf\u548c\u6296\u52a8\u6781\u4f4e\u3002Rio \u53ef\u7528\u4f5c Dante \u7f51\u7edc\u7684\u591a\u529f\u80fd\u8f93\u5165\/\u8f93\u51fa\u76d2\u3002\u652f\u6301\u7684\u91c7\u6837\u7387\u4e3a 44.1 kHz\u300148 kHz\u300188.2 kHz \u548c 96 kHz\u3002<\/p>\n<p>\u7528\u6807\u51c6\u4ee5\u592a\u7f51\u7535\u7f06\u5c06 Rio \u4e0e\u7535\u8111\u8fde\u63a5\uff0c\u7535\u8111\u4e0a\u6709<br \/>\n\u5982\u679c\u5b89\u88c5\u4e86 Dante \u865a\u62df\u58f0\u5361\uff0c\u5219\u65e0\u9700\u4f7f\u7528\u97f3\u9891\u63a5\u53e3\u5373\u53ef\u76f4\u63a5\u8f93\u5165\/\u8f93\u51fa\u97f3\u9891\u4fe1\u53f7\u3002<\/p>\n<p>\u7279\u70b9<\/p>\n<ul>\n<li>16 \u4e2a\u8f93\u5165\u548c 8 \u4e2a\u8f93\u51fa<\/li>\n<li>\u91c7\u6837\u7387\uff1a44.1 \u5343\u8d6b\u300148 \u5343\u8d6b\u300188.2 \u5343\u8d6b\u548c 96 \u5343\u8d6b<\/li>\n<li>\u7d27\u51d1\u578b\u8bbe\u8ba1\uff1a3 \u4e2a\u9ad8\u5ea6\u5355\u5143<\/li>\n<li>\u901a\u8fc7 DANTE \u4f20\u8f93\u8ddd\u79bb\u8fbe 100 \u7c73<\/li>\n<li>\u6700\u4f4e\u5ef6\u8fdf<\/li>\n<li>\u53ef\u901a\u8fc7\u4ee5\u592a\u7f51\u7528\u4f5c\u97f3\u9891\u63a5\u53e3<\/li>\n<\/ul>\n<p>[\/column]<br \/>\n[column size=\"1-2\u2033 last=\"1\u2033]<br \/>\n<a href=\"https:\/\/konferenztechnik.de\/wp-content\/uploads\/2016\/02\/Yamaha-IO-Rack-RIO-1608-D-1.jpg\" rel=\"attachment wp-att-6031\"><img decoding=\"async\" width=\"1024\" height=\"304\" src=\"https:\/\/konferenztechnik.de\/wp-content\/uploads\/2016\/02\/Yamaha-IO-Rack-RIO-1608-D-1-1024x304.jpg\" alt=\"Yamaha-IO-Rack-RIO-1608-D\" class=\"alignleft size-large wp-image-6031\" title=\"\" srcset=\"https:\/\/konferenztechnik.de\/wp-content\/uploads\/2016\/02\/Yamaha-IO-Rack-RIO-1608-D-1-1024x304.jpg 1024w, https:\/\/konferenztechnik.de\/wp-content\/uploads\/2016\/02\/Yamaha-IO-Rack-RIO-1608-D-1-300x89.jpg 300w, https:\/\/konferenztechnik.de\/wp-content\/uploads\/2016\/02\/Yamaha-IO-Rack-RIO-1608-D-1-768x228.jpg 768w, https:\/\/konferenztechnik.de\/wp-content\/uploads\/2016\/02\/Yamaha-IO-Rack-RIO-1608-D-1-1536x456.jpg 1536w, https:\/\/konferenztechnik.de\/wp-content\/uploads\/2016\/02\/Yamaha-IO-Rack-RIO-1608-D-1.jpg 1921w\" sizes=\"(max-width: 1024px) 100vw, 1024px\" \/><\/a><br \/>\n[\/column]<\/p>\n<p>[spacer size=\"40\u2033]<br \/>\n<img loading=\"lazy\" decoding=\"async\" src=\"https:\/\/konferenztechnik.de\/wp-content\/uploads\/2016\/02\/Dante_Logo_red_whiteBG_300px.png\" alt=\"\u4f46\u4e01\u6807\u5fd7_\u7ea2_\u767dBG_300px\" width=\"300\" height=\"75\" class=\"alignright size-full wp-image-6043\" title=\"\"><\/p>\n<h1>\u5173\u4e8e\u4f46\u4e01\u7684\u4fe1\u606f<\/h1>\n<p>Dante \u662f\u4e00\u79cd\u7528\u4e8e\u4f20\u8f93\u97f3\u9891\u4fe1\u53f7\u7684\u7f51\u7edc\u534f\u8bae\u3002\u5b83\u7531 Audionate \u5f00\u53d1\uff0c\u6b63\u9010\u6e10\u6210\u4e3a\u4e13\u4e1a\u957f\u8ddd\u79bb\u97f3\u9891\u4fe1\u53f7\u4f20\u8f93\u7684\u6807\u51c6\u3002<\/p>\n<p>\u5176\u8bbe\u8ba1\u76ee\u7684\u662f\u901a\u8fc7\u5343\u5146\u4ee5\u592a\u7f51 (GbE) \u7f51\u7edc\u5c06\u591a\u58f0\u9053\u97f3\u9891\u4fe1\u53f7\u4e0e\u5404\u79cd<br \/>\n\u91c7\u6837\u7387\u548c\u6bd4\u7279\u7387\u4ee5\u53ca\u4e92\u8054\u8bbe\u5907\u7684\u63a7\u5236\u4fe1\u53f7\u3002<br \/>\n\u4f46\u4e01\u8fd8\u5177\u6709\u4ee5\u4e0b\u4f18\u52bf<br \/>\n[column size=\"1-2\u2033 last=\"0\u2033]<\/p>\n<ul>\n<li>\u7406\u8bba\u4e0a\uff0c\u5b83\u53ef\u901a\u8fc7 GbE \u7f51\u7edc\u4f20\u8f93\u591a\u8fbe 512 \u4e2a\u8f93\u5165\u548c 512 \u4e2a\u8f93\u51fa\uff0c\u5373\u603b\u5171 1024 \u4e2a\u97f3\u9891\u4fe1\u53f7\u901a\u9053\u3002(Rio3224-D \u63d0\u4f9b 32 \u4e2a\u8f93\u5165\u548c 24 \u4e2a\u8f93\u51fa\uff0c\u5206\u8fa8\u7387\u4e3a 24\/32 \u4f4d\u3002Rio1608-D \u63d0\u4f9b 16 \u8def\u8f93\u5165\u548c 8 \u8def\u8f93\u51fa\uff0c\u5206\u8fa8\u7387\u4e3a 24\/32 \u4f4d\uff09\u3002<\/li>\n<li>\u914d\u5907 Dante \u7684\u8bbe\u5907\u4f1a\u81ea\u52a8\u914d\u7f6e\u5176\u7f51\u7edc\u63a5\u53e3\uff0c\u5e76\u5728\u7f51\u7edc\u4e2d\u627e\u5230\u5f7c\u6b64\u3002\u60a8\u53ef\u4ee5\u4e3a Dante \u8bbe\u5907\u53ca\u5176\u97f3\u9891\u901a\u9053\u5206\u914d\u81ea\u5df1\u719f\u6089\u7684\u540d\u79f0\u3002<\/li>\n<li>Dante \u91c7\u7528\u9ad8\u7cbe\u5ea6\u7f51\u7edc\u540c\u6b65\u6807\u51c6\uff0c\u4ee5\u6781\u4f4e\u7684\u5ef6\u8fdf\u548c\u6296\u52a8\u5b9e\u73b0\u91c7\u6837\u7cbe\u786e\u7684\u56de\u653e\u3002Rio \u6709\u56db\u79cd\u5ef6\u8fdf\u9009\u9879\uff1a0.25 \u6beb\u79d2\u30010.5 \u6beb\u79d2\u30011.0 \u6beb\u79d2\u548c 5.0 \u6beb\u79d2\u3002<\/li>\n<\/ul>\n<p>[\/column]<br \/>\n[column size=\"1-2\u2033 last=\"1\u2033]<\/p>\n<ul>\n<li>Dante \u652f\u6301\u901a\u8fc7\u4e3b\u7535\u8def\u548c\u8f85\u52a9\u7535\u8def\u8fdb\u884c\u5197\u4f59\u8fde\u63a5\uff0c\u4ee5\u5e94\u5bf9\u4e0d\u53ef\u9884\u89c1\u7684\u56f0\u96be<\/li>\n<li>\u901a\u8fc7\u4ee5\u592a\u7f51\u5c06\u914d\u5907 Dante \u7684\u8bbe\u5907\u8fde\u63a5\u5230\u8ba1\u7b97\u673a\uff0c\u60a8\u5c31\u53ef\u4ee5\u76f4\u63a5\u8f93\u5165\u548c\u8f93\u51fa\u97f3\u9891\u4fe1\u53f7\uff0c\u800c\u65e0\u9700\u4efb\u4f55\u97f3\u9891\u63a5\u53e3\u8bbe\u5907\uff08\u63a5\u53e3\uff09\u3002\u5229\u7528\u6240\u6709\u8fd9\u4e9b\u4f18\u52bf\uff0c\u65e0\u8bba\u662f\u8bbe\u7f6e\u914d\u5907 Dante \u7684\u8bbe\u5907\u3001\u4ece\u8c03\u97f3\u53f0\u8fdc\u7a0b\u63a7\u5236\u8f93\u5165\/\u8f93\u51fa\u673a\u67b6\u6216\u529f\u653e\uff0c\u8fd8\u662f\u76f4\u63a5\u4ece\u8ba1\u7b97\u673a\u63a7\u5236\u97f3\u9891\u4fe1\u53f7\uff0c\u60a8\u90fd\u53ef\u4ee5\u7701\u7565\u4efb\u4f55\u590d\u6742\u7684\u81ea\u52a8\u8fde\u63a5\u7a0b\u5e8f\u3002<br \/>\n\u7528\u4e8e\u5728\u5b89\u88c5\u5728\u7f51\u7edc\u8ba1\u7b97\u673a\u4e0a\u7684 DAW\uff08\u5982 Nuendo\uff09\u4e0a\u8bbe\u7f6e\u591a\u8f68\u5f55\u97f3\u3002<\/li>\n<ul>\n[\/column]<br \/>\n[spacer size=\"20\u2033]<br \/>\n\u8bbf\u95ee Audinate \u7f51\u7ad9\u4e86\u89e3\u66f4\u591a\u4fe1\u606f<br \/>\n\u5173\u4e8e\u4f46\u4e01&amp;#x9B\uff1b <a href=\"https:\/\/www.audinate.com\/resources\/faqs\" target=\"_blank\" rel=\"noopener\">www.audinate.com<\/a><\/p>","protected":false},"excerpt":{"rendered":"<p>[column size=&#8220;1-2&#8243; last=&#8220;0&#8243;] Yamaha &#8211; Pro Audio [\/column] [column size=&#8220;1-2&#8243; last=&#8220;1&#8243;] [\/column] [rev_slider yamaha] [clear] [spacer size=&#8220;40&#8243;] [column size=&#8220;2-3&#8243; last=&#8220;0&#8243;] [spacer size=&#8220;20&#8243;] Die PCS GmbH ist offizieller Fachh\u00e4ndler der Firma Yamaha. Yamaha bietet professionlle Audio-L\u00f6sungen f\u00fcr die unterschiedlichsten Anwendungen. Ganz gleich, ob Sie beabsichtigen, eine Tonanlage in Ihrem Restaurant zu installieren, es um die Nachvertonung [&hellip;]<\/p>","protected":false},"author":1,"featured_media":45482,"parent":0,"menu_order":45,"comment_status":"closed","ping_status":"closed","template":"","meta":{"_acf_changed":false,"footnotes":""},"class_list":["post-6001","page","type-page","status-publish","has-post-thumbnail","hentry"],"acf":[],"_links":{"self":[{"href":"https:\/\/konferenztechnik.de\/zh\/wp-json\/wp\/v2\/pages\/6001","targetHints":{"allow":["GET"]}}],"collection":[{"href":"https:\/\/konferenztechnik.de\/zh\/wp-json\/wp\/v2\/pages"}],"about":[{"href":"https:\/\/konferenztechnik.de\/zh\/wp-json\/wp\/v2\/types\/page"}],"author":[{"embeddable":true,"href":"https:\/\/konferenztechnik.de\/zh\/wp-json\/wp\/v2\/users\/1"}],"replies":[{"embeddable":true,"href":"https:\/\/konferenztechnik.de\/zh\/wp-json\/wp\/v2\/comments?post=6001"}],"version-history":[{"count":0,"href":"https:\/\/konferenztechnik.de\/zh\/wp-json\/wp\/v2\/pages\/6001\/revisions"}],"wp:featuredmedia":[{"embeddable":true,"href":"https:\/\/konferenztechnik.de\/zh\/wp-json\/wp\/v2\/media\/45482"}],"wp:attachment":[{"href":"https:\/\/konferenztechnik.de\/zh\/wp-json\/wp\/v2\/media?parent=6001"}],"curies":[{"name":"wp","href":"https:\/\/api.w.org\/{rel}","templated":true}]}}