{"id":6443,"date":"2016-04-07T15:41:05","date_gmt":"2016-04-07T14:41:05","guid":{"rendered":"https:\/\/konferenztechnik.de\/?page_id=6443"},"modified":"2023-09-01T12:08:03","modified_gmt":"2023-09-01T10:08:03","slug":"%e5%a4%8f%e5%ad%a3%e7%94%b5%e7%bc%86","status":"publish","type":"page","link":"https:\/\/konferenztechnik.de\/zh\/%e7%94%9f%e4%ba%a7%e5%95%86\/%e5%a4%8f%e5%ad%a3%e7%94%b5%e7%bc%86\/","title":{"rendered":"\u590f\u5b63\u7535\u7f06"},"content":{"rendered":"<p>[column size=\"1-2\u2033 last=\"0\u2033]<\/p>\n<h1>\u590f\u5b63\u7535\u7f06<\/h1>\n<p>[\/column]<br \/>\n[column size=\"1-2\u2033 last=\"1\u2033]<img decoding=\"async\" width=\"407\" height=\"74\" src=\"https:\/\/konferenztechnik.de\/wp-content\/uploads\/2016\/04\/logo-sommercable.jpg\" alt=\"\u5fbd\u6807 Sommercable\" class=\"alignright size-full wp-image-6445\" title=\"\" srcset=\"https:\/\/konferenztechnik.de\/wp-content\/uploads\/2016\/04\/logo-sommercable.jpg 407w, https:\/\/konferenztechnik.de\/wp-content\/uploads\/2016\/04\/logo-sommercable-300x55.jpg 300w\" sizes=\"(max-width: 407px) 100vw, 407px\" \/>[\/column]<\/p>\n<p>Sommercable \u4e13\u6ce8\u4e8e\u4e13\u4e1a\u7535\u7f06\u548c\u8fde\u63a5\u6280\u672f\uff0c\u5c24\u5176\u662f\u97f3\u9891\u3001\u89c6\u9891\u3001\u5e7f\u64ad\u3001\u6f14\u64ad\u5ba4\u548c\u5a92\u4f53\u6280\u672f\u9886\u57df\u3002<\/p>\n<p><img fetchpriority=\"high\" decoding=\"async\" width=\"933\" height=\"425\" src=\"https:\/\/konferenztechnik.de\/wp-content\/uploads\/2016\/04\/sommercable-pcs.jpg\" alt=\"\u5728 PCS \u7684 Sommercable\" class=\"alignleft size-full wp-image-6450\" title=\"\" srcset=\"https:\/\/konferenztechnik.de\/wp-content\/uploads\/2016\/04\/sommercable-pcs.jpg 933w, https:\/\/konferenztechnik.de\/wp-content\/uploads\/2016\/04\/sommercable-pcs-300x137.jpg 300w, https:\/\/konferenztechnik.de\/wp-content\/uploads\/2016\/04\/sommercable-pcs-768x350.jpg 768w\" sizes=\"(max-width: 933px) 100vw, 933px\" \/><\/p>\n<p>\u7d22\u9ed8\u5c14\u7535\u7f06\u516c\u53f8\u4e0d\u4ec5\u4e3a\u6bcf\u79cd\u5e94\u7528\u63d0\u4f9b\u5b8c\u7f8e\u7684\u7535\u7f06\uff0c\u800c\u4e14\u8fd8\u63d0\u4f9b\u5b8c\u5584\u7684\u670d\u52a1\u3001\u5feb\u901f\u7684\u4ea4\u8d27\u65f6\u95f4\u4ee5\u53ca\u9488\u5bf9\u4e2a\u522b\u8be2\u95ee\u7684\u89e3\u51b3\u65b9\u6848\u3002\u6211\u4eec\u8fd8\u4ece\u7d22\u9ed8\u7535\u7f06\u516c\u53f8\u91c7\u8d2d\u6709\u6e90\u5143\u4ef6\u3001\u8fde\u63a5\u9762\u677f\u3001\u9002\u914d\u5668\u548c\u8bb8\u591a\u7528\u4e8e\u56fa\u5b9a\u5b89\u88c5\u7684\u95ee\u9898\u89e3\u51b3\u65b9\u6848\u3002<\/p>\n<p>[column size=\"1-2\u2033 last=\"0\u2033]<\/p>\n<h2>\u7535\u7f06<\/h2>\n<p>\u6309\u7c73\u8ba1\u7b97\u7684\u97f3\u9891<br \/>\n\u6309\u7c73\u8ba1\u7b97\u7684\u4eea\u5668<br \/>\n\u6309\u7c73\u8ba1\u7b97\u7684\u626c\u58f0\u5668<br \/>\n\u6309\u7c73\u8ba1\u7b97\u7684\u89c6\u9891<br \/>\n\u6309\u7c73\u8ba1\u7b97\u7684\u5149\u7ea4\/\u5c40\u57df\u7f51\/CAT<br \/>\n\u8ba1\u91cf\u5668\u7535\u6e90\/\u63a7\u5236<br \/>\n\u6309\u7c73\u8ba1\u7b97\u7684\u6df7\u5408\u52a8\u529b\/\u7ec4\u5408\u52a8\u529b<br \/>\n\u97f3\u9891\/\u626c\u58f0\u5668\u7535\u7f06<br \/>\nBNC\/ \u89c6\u9891\u7535\u7f06<br \/>\n\u8ba1\u7b97\u673a\/\u5a92\u4f53\u7535\u7f06<br \/>\n\u97f3\u54cd\u4e0e\u5bb6\u5c45<br \/>\n\u4eea\u5668\u7535\u7f06<br \/>\n\u8d1f\u8f7d\/\u7535\u6e90\u7535\u7f06<br \/>\n\u591a\u6e20\u9053\/\u591a\u6838\u5fc3<br \/>\n\u9ea6\u514b\u98ce\u7535\u7f06<br \/>\n\u8df3\u7ebf\/\u9002\u914d\u5668\u7535\u7f06<br \/>\n\u5de5\u4f5c\u5ba4\u7ec7\u5e03\u673a<br \/>\n\u5176\u4ed6<br \/>\n[\/column]<\/p>\n<p>[column size=\"1-2\u2033 last=\"0\u2033]<\/p>\n<h2>\u63d2\u5934\u8fde\u63a5\u5668<\/h2>\n<p>\u9002\u914d\u5668<br \/>\nBNC\/ \u540c\u8f74<br \/>\nCinch (RCA)<br \/>\n\u9ad8\u4fdd\u771f<br \/>\n\u6770\u514b\/\u6770\u514b<br \/>\n\u8d1f\u8f7d\/\u529f\u7387<br \/>\n\u591a\u901a\u9053\/\u591a\u82af<br \/>\nRJ45\/CAT\/FIBER<br \/>\n\u53d1\u8a00\u4eba<br \/>\nXLR<br \/>\n\u5176\u4ed6<br \/>\n\u914d\u4ef6<br \/>\n[\/column]<\/p>\n<p>[column size=\"1-3\u2033 last=\"1\u2033]<\/p>\n<h2>\u914d\u9001\u7cfb\u7edf<\/h2>\n<p>19 \u82f1\u5bf8\u8fde\u63a5\u9762\u677f<br \/>\n\u56fa\u5b9a\u5b89\u88c5<br \/>\n\u8d1f\u8f7d\/\u529f\u7387<br \/>\n\u591a\u5a92\u4f53\/\u5149\u7ea4\/\u6df7\u5408<br \/>\n\u53d1\u8a00\u4eba<br \/>\n\u821e\u53f0\u7bb1<br \/>\nStageereels<br \/>\n\u821e\u53f0\u591a\u6838<br \/>\nSYSBOXX \u673a\u67dc\u7cfb\u7edf<br \/>\nSYSBOARD \u5899\u58c1\u504f\u7f6e\u7bb1<br \/>\nSYSDESK \u53f0\u5f0f\u6c34\u7bb1<br \/>\nSYSFLOOR \u5730\u677f\u6c34\u7bb1\u6846\u67b6<br \/>\nSYSPANEL 1U \u5b89\u88c5\u7cfb\u7edf<br \/>\nSYSWALL \u5899\u58c1\u6a21\u5757\u7cfb\u7edf<br \/>\n\u914d\u4ef6<br \/>\n[\/column]<\/p>\n<p>[button link=\"https:\/\/konferenztechnik.de\/hersteller\/\" target=\"self\" icon=\"moon-arrow-left-9\u2033 color=\"#a62055\u2033 text=\"light\"]\u8fd4\u56de[\/button]<\/p>","protected":false},"excerpt":{"rendered":"<p>[column size=&#8220;1-2&#8243; last=&#8220;0&#8243;] Sommer Cable [\/column] [column size=&#8220;1-2&#8243; last=&#8220;1&#8243;][\/column] Sommercable ist der Spezialist f\u00fcr professionelle Kabel- und Anschlusstechnik, insbesondere in Sachen Audio, Video, Broadcast, Studio- und Medientechnik. Sommercable bietet nicht nur f\u00fcr jeden Anwendungsfall das perfekte Kabel, sondern auch perfekten Service, schnelle Lieferzeiten und L\u00f6sungen f\u00fcr individuelle Anfragen. Wir beziehen bei Sommercable au\u00dferdem aktive Komponenten, [&hellip;]<\/p>","protected":false},"author":1,"featured_media":45482,"parent":6152,"menu_order":41,"comment_status":"closed","ping_status":"closed","template":"","meta":{"_acf_changed":false,"footnotes":""},"class_list":["post-6443","page","type-page","status-publish","has-post-thumbnail","hentry"],"acf":[],"_links":{"self":[{"href":"https:\/\/konferenztechnik.de\/zh\/wp-json\/wp\/v2\/pages\/6443","targetHints":{"allow":["GET"]}}],"collection":[{"href":"https:\/\/konferenztechnik.de\/zh\/wp-json\/wp\/v2\/pages"}],"about":[{"href":"https:\/\/konferenztechnik.de\/zh\/wp-json\/wp\/v2\/types\/page"}],"author":[{"embeddable":true,"href":"https:\/\/konferenztechnik.de\/zh\/wp-json\/wp\/v2\/users\/1"}],"replies":[{"embeddable":true,"href":"https:\/\/konferenztechnik.de\/zh\/wp-json\/wp\/v2\/comments?post=6443"}],"version-history":[{"count":0,"href":"https:\/\/konferenztechnik.de\/zh\/wp-json\/wp\/v2\/pages\/6443\/revisions"}],"up":[{"embeddable":true,"href":"https:\/\/konferenztechnik.de\/zh\/wp-json\/wp\/v2\/pages\/6152"}],"wp:featuredmedia":[{"embeddable":true,"href":"https:\/\/konferenztechnik.de\/zh\/wp-json\/wp\/v2\/media\/45482"}],"wp:attachment":[{"href":"https:\/\/konferenztechnik.de\/zh\/wp-json\/wp\/v2\/media?parent=6443"}],"curies":[{"name":"wp","href":"https:\/\/api.w.org\/{rel}","templated":true}]}}