{"id":7597,"date":"2016-08-25T09:05:19","date_gmt":"2016-08-25T07:05:19","guid":{"rendered":"https:\/\/konferenztechnik.de\/?page_id=7597"},"modified":"2023-09-01T12:12:21","modified_gmt":"2023-09-01T10:12:21","slug":"rti-2","status":"publish","type":"page","link":"https:\/\/konferenztechnik.de\/zh\/rti-2\/","title":{"rendered":"RTI"},"content":{"rendered":"<p>[column size=\"1-2\u2033 last=\"0\u2033]<\/p>\n<h1>RTI<\/h1>\n<p>[\/column]<\/p>\n<p>[column size=\"1-2\u2033 last=\"1\u2033]<br \/>\n[\/column]<\/p>\n<p>[column size=\"1-2\u2033 last=\"0\u2033]<br \/>\nRTI \u662f\u667a\u80fd\u63a7\u5236\u7cfb\u7edf\u7684\u9886\u5148\u5236\u9020\u5546\uff0c\u4e3a\u4e13\u4e1a\u5b89\u88c5\u7684\u7535\u5b50\u7cfb\u7edf\u63d0\u4f9b\u521b\u65b0\u3001\u5148\u8fdb\u548c\u7528\u6237\u53cb\u597d\u7684\u8bbe\u5907\u3002\u6709\u4e86 RTI \u7684\u89e3\u51b3\u65b9\u6848\uff0c\u5a92\u4f53\u6280\u672f\u3001\u5a31\u4e50\u7535\u5b50\u8bbe\u5907\u548c\u697c\u5b87\u6280\u672f\u90fd\u53ef\u4ee5\u901a\u8fc7\u81ea\u5df1\u7684\u667a\u80fd\u624b\u673a\u3001\u5e73\u677f\u7535\u8111\u4ee5\u53ca RTI \u672c\u8eab\u7684\u5404\u79cd\u6210\u529f\u8bbe\u5907\u8fdb\u884c\u4fbf\u6377\u3001\u8f7b\u677e\u7684 \u2013 \u63a7\u5236\u3002<\/p>\n<p>RTI \u662f\u8bbe\u5907\u63a7\u5236\u9886\u57df\u7684\u771f\u6b63\u5927\u5e08\uff0c\u4e5f\u662f\u7cfb\u7edf\u81ea\u52a8\u5316\u9886\u57df\u7684\u5148\u9a71\u3002\u5bf9\u4e8e\u7528\u6237\u6765\u8bf4\uff0c\u6ca1\u6709\u4ec0\u4e48\u8bbe\u5907\u6216\u60c5\u51b5\u662f\u4e0d\u80fd\u4fbf\u6377\u3001\u521b\u65b0\u5730\u63a7\u5236\u7684\u3002<\/p>\n<p>[\/column]<\/p>\n<p>[column size=\"1-2\u2033 last=\"1\u2033]<br \/>\n<img decoding=\"async\" src=\"https:\/\/konferenztechnik.de\/wp-content\/uploads\/2016\/08\/rti-smarthome.jpg\" alt=\"\" title=\"\"><br \/>\n[\/column]<\/p>\n<div class=\"boxcontainer\">\n<div class=\"box1-2\">\n<span class=\"ueberschrift-unterkante\"><\/p>\n<h2>RTI \u2013 \u53d7\u5230\u63a7\u5236<\/h2>\n<p><\/span><\/div>\n<div class=\"box1-2\">\n<img decoding=\"async\" src=\"https:\/\/konferenztechnik.de\/wp-content\/uploads\/2016\/04\/logo-rti.jpg\" alt=\"RTI - PCS \u5408\u4f5c\u4f19\u4f34\" width=\"140\" height=\"140\" class=\"alignright size-thumbnail wp-image-5632\" title=\"\"><\/div>\n<\/div>\n<div class=\"boxcontainer\">\n<div class=\"box1\">\n<img decoding=\"async\" src=\"https:\/\/konferenztechnik.de\/wp-content\/uploads\/2016\/08\/rti-interfaces.jpg\" alt=\"\" title=\"\"><\/p>\n<h2>VRTI \u63a5\u53e3<\/h2>\n<p>\u65e0\u7ebf\u8f93\u5165\u8bbe\u5907<br \/>\n\u6709\u7ebf\u8f93\u5165\u8bbe\u5907<\/p>\n<\/div>\n<div class=\"box1\">\n<p><img decoding=\"async\" src=\"https:\/\/konferenztechnik.de\/wp-content\/uploads\/2016\/08\/rti-byod.jpg\" alt=\"\" title=\"\"><\/p>\n<h2>\u667a\u80fd\u63a5\u53e3<\/h2>\n<p>\u901a\u8fc7\u4ee5\u4e0b\u65b9\u5f0f\u8fdb\u884c\u63a7\u5236<br \/>\n\u4e2a\u4eba\u7535\u8111<br \/>\n\u5e73\u677f\u7535\u8111<br \/>\n\u667a\u80fd\u624b\u673a<\/p>\n<\/div>\n<div class=\"box1\">\n<p><img decoding=\"async\" src=\"https:\/\/konferenztechnik.de\/wp-content\/uploads\/2016\/08\/rti-byod.jpg\" alt=\"\" title=\"\"><\/p>\n<h2>\u4fe1\u53f7\u5904\u7406<\/h2>\n<p>\u63a7\u5236<br \/>\n\u7535\u89c6\u548c HiFi \u8bbe\u5907<br \/>\n\u706f\u5149<br \/>\n\u5bb6\u5ead\u5f71\u9662\u6280\u672f<br \/>\n\u97f3\u4e50\u670d\u52a1\u5668<br \/>\n\u5b89\u5168\u6280\u672f<br \/>\n\u6696\u901a\u7a7a\u8c03<br \/>\n\u7b49\u7b49\u3002<\/p>\n<\/div>\n<\/div>\n<p>[callout add_button=\"no\" button_text=\"\u4e86\u89e3\u66f4\u591a\u4fe1\u606f\" button_url=\"#\" button_color=\"#a62055\u2033]<br \/>\n\u76f4\u89c2\u5730\u63a7\u5236\u590d\u6742\u7684\u5e94\u7528\u7a0b\u5e8f\u3002\u53ea\u8981\u4ed4\u7ec6\u89c4\u5212\uff0c\u4f7f\u7528 RTI \u2013 \u662f\u6ca1\u6709\u95ee\u9898\u7684\u3002<br \/>\n[\/callout]<\/p>\n<div class=\"boxcontainer\">\n<div class=\"box1-2\">\n<h1>\u8054\u7cfb\u4eba<\/h1>\n<\/div>\n<div class=\"box1-2-order\">\n<h1>\u66f4\u591a\u94fe\u63a5<\/h1>\n<\/div>\n<div class=\"box1-4\">\n<div class=\"box-head\">\u5206\u9500\u548c\u9500\u552e<\/div>\n<p>[widget id=\"text-133\u2033]<\/p>\n<\/div>\n<div class=\"box2-4-2\" style=\"order:1;\" >\n<div class=\"weiterlinks\">\n<ul>\n[list icon=\"moon-arrow-right-2\u2033 color=\"#a62055\u2033]<a title=\"\u6309\u4ea7\u54c1\u7c7b\u522b\u5206\u5e03\" href=\"\/zh\/%e4%ba%a7%e5%93%81%e7%bb%84\/\">\u6309\u4ea7\u54c1\u7c7b\u522b\u5206\u5e03<\/a>[\/list]<br \/>\n[list icon=\"moon-arrow-right-2\u2033 color=\"#a62055\u2033]<a title=\"\u6309\u5236\u9020\u5546\u5206\u5e03\" href=\"\/zh\/%e7%94%9f%e4%ba%a7%e5%95%86\/\">\u6309\u5236\u9020\u5546\u5206\u5e03<\/a>[\/list]<br \/>\n[list icon=\"moon-arrow-right-2\u2033 color=\"#a62055\u2033]<a title=\"\u5b9a\u5236\u4ea7\u54c1\u3001\u7ef4\u62a4\u548c\u4fee\u7406\" href=\"\/zh\/%e6%9c%8d%e5%8a%a1-2\/%e4%bf%9d%e5%85%bb%e5%92%8c%e7%bb%b4%e4%bf%ae\/\">\u5b9a\u5236\u4ea7\u54c1\u3001\u7ef4\u62a4\u548c\u4fee\u7406<\/a>[\/list]<br \/>\n[list icon=\"moon-arrow-right-2\u2033 color=\"#a62055\u2033]<a title=\"PCS \u7684 10 \u4e2a\u5145\u5206\u7406\u7531\" href=\"\/zh\/%e5%85%b3%e4%ba%8e%e6%88%91%e4%bb%ac\/%e4%bd%bf%e7%94%a8-pc-%e7%9a%84-10-%e4%b8%aa%e5%85%85%e5%88%86%e7%90%86%e7%94%b1\/\">PCS \u7684 10 \u4e2a\u5145\u5206\u7406\u7531<\/a>[\/list]<br \/>\n[list icon=\"moon-arrow-right-2\u2033 color=\"#a62055\u2033]<a title=\"\u53c2\u8003\u8d44\u6599\" href=\"\/zh\/%e5%85%b3%e4%ba%8e%e6%88%91%e4%bb%ac\/%e5%ae%89%e8%a3%85%e5%8f%82%e8%80%83%e6%b8%85%e5%8d%95\/\">\u53c2\u8003\u6587\u732e \u5b89\u88c5\u548c\u96c6\u6210<\/a>[\/list]<br \/>\n[list icon=\"moon-arrow-right-2\u2033 color=\"#a62055\u2033]<a title=\"PCS\uff1a\u6240\u6709\u670d\u52a1\u4e00\u89c8\" href=\"\/zh\/%e6%9c%8d%e5%8a%a1-2\/\">PCS\uff1a\u6240\u6709\u670d\u52a1\u4e00\u89c8<\/a>[\/list]<\/ul>\n<\/div>\n<\/div>\n<\/div>\n<\/div>","protected":false},"excerpt":{"rendered":"<p>[column size=&#8220;1-2&#8243; last=&#8220;0&#8243;] RTI [\/column] [column size=&#8220;1-2&#8243; last=&#8220;1&#8243;] [\/column] [column size=&#8220;1-2&#8243; last=&#8220;0&#8243;] RTI ist ein f\u00fchrender Hersteller f\u00fcr intelligente Steuerungssysteme und bietet innovative, anspruchsvolle und benutzerfreundliche Ger\u00e4te f\u00fcr professionell installierte elektronische Systeme. Mit den L\u00f6sungen von RTI kann Medientechnik, Unterhaltungselektronik und Geb\u00e4udetechnik komfortabel und einfach gesteuert werden \u2013 sowohl mit eigenen Smartphones, Tablets wie auch [&hellip;]<\/p>","protected":false},"author":1,"featured_media":45482,"parent":0,"menu_order":59,"comment_status":"closed","ping_status":"closed","template":"","meta":{"_acf_changed":false,"footnotes":""},"class_list":["post-7597","page","type-page","status-publish","has-post-thumbnail","hentry"],"acf":[],"_links":{"self":[{"href":"https:\/\/konferenztechnik.de\/zh\/wp-json\/wp\/v2\/pages\/7597","targetHints":{"allow":["GET"]}}],"collection":[{"href":"https:\/\/konferenztechnik.de\/zh\/wp-json\/wp\/v2\/pages"}],"about":[{"href":"https:\/\/konferenztechnik.de\/zh\/wp-json\/wp\/v2\/types\/page"}],"author":[{"embeddable":true,"href":"https:\/\/konferenztechnik.de\/zh\/wp-json\/wp\/v2\/users\/1"}],"replies":[{"embeddable":true,"href":"https:\/\/konferenztechnik.de\/zh\/wp-json\/wp\/v2\/comments?post=7597"}],"version-history":[{"count":0,"href":"https:\/\/konferenztechnik.de\/zh\/wp-json\/wp\/v2\/pages\/7597\/revisions"}],"wp:featuredmedia":[{"embeddable":true,"href":"https:\/\/konferenztechnik.de\/zh\/wp-json\/wp\/v2\/media\/45482"}],"wp:attachment":[{"href":"https:\/\/konferenztechnik.de\/zh\/wp-json\/wp\/v2\/media?parent=7597"}],"curies":[{"name":"wp","href":"https:\/\/api.w.org\/{rel}","templated":true}]}}