{"id":9032,"date":"2017-02-14T15:14:06","date_gmt":"2017-02-14T14:14:06","guid":{"rendered":"https:\/\/www.konferenztechnik.de\/?page_id=9032\/"},"modified":"2017-02-14T15:14:06","modified_gmt":"2017-02-14T14:14:06","slug":"%e6%b4%bb%e5%8a%a8%e8%ae%be%e5%a4%87-%e4%bc%9a%e8%ae%ae%e8%ae%be%e5%a4%87%e7%a7%9f%e9%87%91-%e8%b4%ad%e4%b9%b0","status":"publish","type":"page","link":"https:\/\/konferenztechnik.de\/zh\/%e6%b4%bb%e5%8a%a8%e8%ae%be%e5%a4%87-%e4%bc%9a%e8%ae%ae%e8%ae%be%e5%a4%87%e7%a7%9f%e9%87%91-%e8%b4%ad%e4%b9%b0\/","title":{"rendered":"\u5728\u67cf\u6797\u548c\u6155\u5c3c\u9ed1\u79df\u7528\/\u8d2d\u4e70\u6d3b\u52a8\u548c\u4f1a\u8bae\u6280\u672f"},"content":{"rendered":"<h1>\u5728\u67cf\u6797\u548c\u6155\u5c3c\u9ed1\u79df\u7528\u548c\u8d2d\u4e70\u6d3b\u52a8\u4e0e\u4f1a\u8bae\u6280\u672f<\/h1>\n<div class=\"call-action-slider-img\">\n<img fetchpriority=\"high\" decoding=\"async\" width=\"1200\" height=\"610\" src=\"https:\/\/konferenztechnik.de\/wp-content\/uploads\/2016\/10\/dolmetscherkabinen-mieten.jpg\" alt=\"\u79df\u7528 PCS GmbH \u7684\u4f1a\u8bae\u6280\u672f\" class=\"alignleft size-full wp-image-8570\" title=\"\" srcset=\"https:\/\/konferenztechnik.de\/wp-content\/uploads\/2016\/10\/dolmetscherkabinen-mieten.jpg 1200w, https:\/\/konferenztechnik.de\/wp-content\/uploads\/2016\/10\/dolmetscherkabinen-mieten-300x153.jpg 300w, https:\/\/konferenztechnik.de\/wp-content\/uploads\/2016\/10\/dolmetscherkabinen-mieten-1024x521.jpg 1024w, https:\/\/konferenztechnik.de\/wp-content\/uploads\/2016\/10\/dolmetscherkabinen-mieten-768x390.jpg 768w\" sizes=\"(max-width: 1200px) 100vw, 1200px\" \/><br \/>\n<button class=\"btn popmake-9771\">\u8bf7\u6c42\u62a5\u4ef7\u3001<br \/>\u4e00\u5c0f\u65f6\u5185<br \/>\u548c\u4f60\u5728\u4e00\u8d77\uff01&amp;#x9B\uff1b<\/button>\n<\/div>\n<p>\u81ea 1995 \u5e74\u4ee5\u6765\uff0c\u521b\u65b0\u578b\u516c\u53f8 PCS Konferenztechnik\uff08PCS \u4f1a\u8bae\u6280\u672f\u516c\u53f8\uff09\u5728\u67cf\u6797\u3001\u6155\u5c3c\u9ed1\u3001\u675c\u585e\u5c14\u591a\u592b\u548c\u6d77\u5c14\u5e03\u9686\u8bbe\u6709\u56db\u4e2a\u5206\u652f\u673a\u6784\uff0c\u4e3a\u60a8\u63d0\u4f9b\u6700\u9ad8\u8d28\u91cf\u7684\u4f1a\u8bae\u548c\u6d3b\u52a8\u6280\u672f\u3002<\/p>\n<p>\u5982\u679c\u60a8\u60f3\u79df\u7528\u6216\u8d2d\u4e70\u4f1a\u8bae\u6280\u672f\uff0c\u6216\u8fdb\u884c\u4e13\u4e1a\u5b89\u88c5\uff0c\u516c\u53f8\u5c06\u662f\u60a8\u7684\u5408\u4f5c\u4f19\u4f34\u3002\u652f\u6301\u5185\u5bb9\u5305\u62ec\u5b8c\u6574\u7684\u4f1a\u8bae\u7cfb\u7edf\u3001\u6d3b\u52a8\u6280\u672f\u548c AV \u5a92\u4f53\u6280\u672f\u3002\u4e3a\u79df\u7528\u4f1a\u8bae\u6280\u672f\u7684\u5ba2\u6237\u63d0\u4f9b\u4f1a\u8bae\u8bbe\u5907\u548c\u6d3b\u52a8\u6280\u672f\u6240\u6709\u9886\u57df\u7684\u5168\u9762\u670d\u52a1\u3002\u4f4d\u4e8e\u67cf\u6797\u3001\u6155\u5c3c\u9ed1\u3001\u675c\u585e\u5c14\u591a\u592b\u548c\u6d77\u5c14\u5e03\u9686\u7684\u56db\u4e2a\u5206\u90e8\u53ef\u63d0\u4f9b\u5404\u79cd\u5236\u9020\u5546\u548c\u7cfb\u7edf\u3002\u5f53\u7136\uff0c\u4f1a\u8bae\u7cfb\u7edf\u6216\u6d3b\u52a8\u6280\u672f\u7684\u5b89\u88c5\u548c\u96c6\u6210\u4e5f\u4f1a\u6839\u636e\u7ed3\u6784\u6761\u4ef6\u52a0\u4ee5\u8003\u8651\u3002<\/p>\n<p>\u6211\u4eec\u7684\u6280\u672f\u4eba\u5458\u4e50\u4e8e\u5728\u67cf\u6797\u3001\u6155\u5c3c\u9ed1\u3001\u675c\u585e\u5c14\u591a\u592b\u3001\u6d77\u5c14\u5e03\u9686\u548c\u4e16\u754c\u5404\u5730\u5de5\u4f5c\u3002PCS GmbH \u4e50\u4e8e\u627f\u62c5\u6280\u672f\u5206\u9500\u548c\u6d3b\u52a8\u652f\u6301\u5de5\u4f5c\uff0c\u5c24\u5176\u662f\u5728\u67cf\u6797\u3001\u6155\u5c3c\u9ed1\u548c\u5168\u7403\u8303\u56f4\u5185\u3002\u5f53\u7136\uff0c\u7ef4\u62a4\u3001\u4fee\u7406\u548c\u5b9a\u5236\u4ea7\u54c1\u4e5f\u662f\u516c\u53f8\u670d\u52a1\u7684\u4e00\u90e8\u5206\u3002<\/p>\n<h2>\u79df\u7528\u4f1a\u8bae\u6280\u672f\u3001\u79df\u7528\u6d3b\u52a8\u6280\u672f<\/h2>\n<p>\u4e0d\u4ec5\u53ef\u4ee5\u79df\u7528\u4f1a\u8bae\u6280\u672f\uff0c\u8fd8\u53ef\u4ee5\u79df\u7528\u5a92\u4f53\u6280\u672f\u3001\u6d3b\u52a8\u6280\u672f\u548c\u53e3\u8bd1\u6280\u672f\u3002\u6211\u4eec\u7684\u6280\u672f\u4eba\u5458\u53ef\u4ee5\u4e3a\u4f1a\u8bae\u8bbe\u5907\u79df\u8d41\u63d0\u4f9b\u5fc5\u8981\u7684\u652f\u6301\u3002\u4ea7\u54c1\u8303\u56f4\u4ece\u7b80\u5355\u7684\u9ea6\u514b\u98ce\u5230\u53ef\u63d0\u4f9b 32 \u79cd\u8bed\u8a00\u7684\u540c\u58f0\u4f20\u8bd1\u8bbe\u5907\u3002PCS GmbH \u5c06\u6839\u636e\u60a8\u5e0c\u671b\u4e3e\u529e\u7684\u6d3b\u52a8\u4e3a\u60a8\u63d0\u4f9b\u4e13\u4e1a\u5efa\u8bae\uff0c\u786e\u4fdd\u60a8\u7684\u6d3b\u52a8\u53d6\u5f97\u6210\u529f\u3002\u60a8\u53ef\u4ee5\u79df\u7528\u8ba8\u8bba\u7cfb\u7edf\u3001\u53e3\u8bd1\u7cfb\u7edf\u3001\u5f15\u5bfc\u7cfb\u7edf\u3001TED \u7cfb\u7edf\u3001\u97f3\u9891\u548c\u89c6\u9891\u6280\u672f\u4ee5\u53ca\u97f3\u9891\u3001\u89c6\u9891\u548c\u6570\u636e\u6d41\u3002\u60a8\u53ef\u4ee5\u5728\u67cf\u6797\u3001\u6155\u5c3c\u9ed1\u3001\u675c\u585e\u5c14\u591a\u592b\u548c\u6d77\u5c14\u5e03\u9686\u8be6\u7ec6\u4e86\u89e3\u8fd9\u4e9b\u6280\u672f\u3002<\/p>\n<h2><strong>\u7531 PCS GmbH \u5206\u9500\u9ad8\u8d28\u91cf\u7684\u4f1a\u8bae\u548c AV \u5a92\u4f53\u6280\u672f<\/strong><\/h2>\n<p>\u9664\u4e86\u79df\u7528\u4f1a\u8bae\u6280\u672f\u5916\uff0cPCS GmbH \u8fd8\u63d0\u4f9b\u8d2d\u4e70\u77e5\u540d\u4e13\u4e1a\u5236\u9020\u5546\u751f\u4ea7\u7684\u4f1a\u8bae\u548c\u5a92\u4f53\u7cfb\u7edf\u3002\u65e0\u8bba\u9879\u76ee\u5927\u5c0f\uff0c\u6211\u4eec\u90fd\u4e50\u610f\u6839\u636e\u8981\u6c42\u63d0\u4f9b\u76f8\u5e94\u7684\u6280\u672f\u5e76\u8fdb\u884c\u5b89\u88c5\u3002\u6211\u4eec\u5728\u67cf\u6797\u3001\u6155\u5c3c\u9ed1\u3001\u675c\u585e\u5c14\u591a\u592b\u6216\u6d77\u5c14\u5e03\u9686\u4ee5\u53ca\u5168\u7403\u5404\u5730\u5747\u53ef\u63d0\u4f9b\u670d\u52a1\u3002\u6211\u4eec\u8fd8\u4e50\u610f\u4e3a\u65e7\u8bbe\u5907\u63d0\u4f9b\u5907\u4ef6\u548c\u914d\u4ef6\u3002<\/p>\n<h2>\u4f1a\u8bae\u7cfb\u7edf\u3001\u6d3b\u52a8\u6280\u672f\u548c\u76f8\u5173\u8bbe\u5907\u7684\u5b9a\u5236\u4ea7\u54c1\u3001\u7ef4\u62a4\u548c\u4fee\u7406<\/h2>\n<p>\u5728\u8d2d\u4e70\u4f1a\u8bae\u6280\u672f\u540e\uff0c\u6211\u4eec\u8fd8\u5c06\u4e3a\u60a8\u63d0\u4f9b\u8bbe\u5907\u9f50\u5168\u7684\u8f66\u95f4\u548c\u8bad\u7ec3\u6709\u7d20\u7684\u4e13\u5bb6\u3002PCS Professional Conference Systems GmbH \u5f88\u4e50\u610f\u6839\u636e\u60a8\u7684\u8981\u6c42\u5f00\u53d1\u548c\u751f\u4ea7\u5b9a\u5236\u7684\u5b89\u88c5\u548c\u5206\u914d\u89e3\u51b3\u65b9\u6848\u3002\u6bcb\u5eb8\u7f6e\u7591\uff0c\u6211\u4eec\u7684\u6280\u672f\u4eba\u5458\u5c06\u4e3a\u79df\u7528\u7684\u8bbe\u5907\u548c\u89e3\u51b3\u65b9\u6848\u63d0\u4f9b\u5168\u9762\u670d\u52a1\u3002\u6211\u4eec\u5728\u67cf\u6797\u3001\u6155\u5c3c\u9ed1\u3001\u675c\u585e\u5c14\u591a\u592b\u548c\u6d77\u5c14\u5e03\u9686\u7684\u56db\u4e2a\u529e\u516c\u5730\u70b9\u76f4\u63a5\u4e3a\u60a8\u670d\u52a1\u3002<\/p>\n<h2>\u79df\u7528\u4f1a\u8bae\u6280\u672f\uff0c\u5b89\u88c5\u5a92\u4f53\u7cfb\u7edf\u548c\u6d3b\u52a8\u6280\u672f<\/h2>\n<p>PCS GmbH \u7684\u4e1a\u52a1\u8303\u56f4\u5341\u5206\u5e7f\u6cdb\u3002\u5404\u7c7b\u4f1a\u8bae\u5ba4\u3001\u516c\u53f8\u603b\u90e8\u3001\u9648\u5217\u5ba4\u3001\u4f1a\u8bae\u5ba4\u3001\u5c55\u89c8\u9986\u3001\u535a\u7269\u9986\u3001\u6f14\u8bb2\u5385\u3001\u821e\u53f0\u3001\u5267\u9662\u3001\u5b66\u6821\u3001\u9152\u5e97\u548c\u7528\u4e8e\u89c6\u9891\u4f1a\u8bae\u7684\u6f14\u64ad\u5ba4\u90fd\u914d\u5907\u4e86 PCS \u4e13\u4e1a\u4f1a\u8bae\u7cfb\u7edf\u6709\u9650\u516c\u53f8\u63d0\u4f9b\u7684\u9ad8\u54c1\u8d28\u6280\u672f\uff0c\u5982\u4f1a\u8bae\u7cfb\u7edf\u3002\u667a\u80fd\u3001\u8282\u80fd\u7684\u4f1a\u8bae\u7cfb\u7edf\u4ee5\u53ca\u5355\u72ec\u7684\u5b89\u88c5\u90fd\u53ef\u4ee5\u5b9e\u73b0\u3002PCS GmbH \u901a\u5e38\u5728\u5efa\u7b51\u9879\u76ee\u7684\u4f1a\u8bae\u7cfb\u7edf\u89c4\u5212\u9636\u6bb5\u5c31\u5df2\u53c2\u4e0e\u5176\u4e2d\u3002\u5efa\u7b51\u670d\u52a1\u548c\u7cfb\u7edf\u603b\u7ebf\u4e0e\u4f1a\u8bae\u7cfb\u7edf\u76f8\u8fde\u3002<\/p>\n<h2>\u4f5c\u4e3a\u6280\u672f\u670d\u52a1\u63d0\u4f9b\u5546\u4e3a\u5168\u7403\u6d3b\u52a8\u63d0\u4f9b\u652f\u6301<\/h2>\n<p>PCS \u4e13\u4e1a\u4f1a\u8bae\u7cfb\u7edf\u6709\u9650\u516c\u53f8\u65e9\u5728 1995 \u5e74\u5c31\u5f00\u59cb\u63d0\u4f9b\u540c\u58f0\u4f20\u8bd1\u670d\u52a1\u3002\u4ece\u90a3\u65f6\u8d77\uff0cPCS \u5728\u67cf\u6797\u3001\u6155\u5c3c\u9ed1\u3001\u675c\u585e\u5c14\u591a\u592b\u3001\u6d77\u5c14\u5e03\u9686\u4ee5\u53ca\u4e16\u754c\u5404\u5730\u7ec4\u7ec7\u4e86 20,000 \u591a\u573a\u540c\u58f0\u4f20\u8bd1\u6d3b\u52a8\u3002\u4e00\u6d41\u7684\u4f1a\u8bae\u8bbe\u5907\u79df\u8d41\u548c\u8457\u540d\u7684\u53e3\u8bd1\u5458\u4fdd\u8bc1\u4e86\u5ba2\u6237\u7684\u6700\u4f73\u5229\u76ca\u3002<\/p>\n<h2>\u53e3\u8bd1\u5458\u7684\u57f9\u8bad\u548c\u670d\u52a1\u5f97\u5230\u5b8c\u7f8e\u843d\u5b9e<\/h2>\n<p>\u65e0\u8bba\u662f\u4e3a\u6280\u672f\u4eba\u5458\u3001\u7ffb\u8bd1\u4eba\u5458\u3001\u6f14\u8bb2\u8005\u548c\u7ba1\u7406\u4eba\u5458\uff0c\u8fd8\u662f\u4e3a\u5267\u9662\u3001\u9910\u5385\u548c\u9152\u5e97\u5de5\u4f5c\u4eba\u5458\u5f00\u8bbe\u7684\u5404\u7c7b\u4e13\u4e1a\u57f9\u8bad\u8bfe\u7a0b\uff0c\u90fd\u662f\u672a\u6765\u6f14\u51fa\u6210\u529f\u7684\u4fdd\u8bc1\u3002PCS GmbH \u57f9\u8bad\u90e8\u975e\u5e38\u4e50\u610f\u4e3a\u60a8\u63d0\u4f9b\u5168\u9762\u7684\u5efa\u8bae\u548c\u652f\u6301\u3002\u6109\u5feb\u800c\u4e13\u4e1a\u7684\u57f9\u8bad\u6587\u5316\u662f\u6211\u4eec\u7684\u4fdd\u8bc1\u3002<\/p>","protected":false},"excerpt":{"rendered":"<p>Veranstaltungstechnik und Konferenztechnik mieten und kaufen in Berlin und M\u00fcnchen Angebot anfordern,in einer Stundebei Ihnen! &#x9B; Konferenztechnik und Veranstaltungstechnik in h\u00f6chster Qualit\u00e4t bietet Ihnen seit 1995 das innovative Unternehmen PCS Konferenztechnik mit seinen vier Standorten Berlin, M\u00fcnchen, D\u00fcsseldorf und Heilbronn. Das Unternehmen ist Ihr Partner, wenn Sie Konferenztechnik mieten, kaufen oder fachgerecht installieren lassen m\u00f6chten. [&hellip;]<\/p>","protected":false},"author":1,"featured_media":45482,"parent":0,"menu_order":0,"comment_status":"closed","ping_status":"closed","template":"page-right-sidebar.php","meta":{"_acf_changed":false,"footnotes":""},"class_list":["post-9032","page","type-page","status-publish","has-post-thumbnail","hentry"],"acf":[],"_links":{"self":[{"href":"https:\/\/konferenztechnik.de\/zh\/wp-json\/wp\/v2\/pages\/9032","targetHints":{"allow":["GET"]}}],"collection":[{"href":"https:\/\/konferenztechnik.de\/zh\/wp-json\/wp\/v2\/pages"}],"about":[{"href":"https:\/\/konferenztechnik.de\/zh\/wp-json\/wp\/v2\/types\/page"}],"author":[{"embeddable":true,"href":"https:\/\/konferenztechnik.de\/zh\/wp-json\/wp\/v2\/users\/1"}],"replies":[{"embeddable":true,"href":"https:\/\/konferenztechnik.de\/zh\/wp-json\/wp\/v2\/comments?post=9032"}],"version-history":[{"count":0,"href":"https:\/\/konferenztechnik.de\/zh\/wp-json\/wp\/v2\/pages\/9032\/revisions"}],"wp:featuredmedia":[{"embeddable":true,"href":"https:\/\/konferenztechnik.de\/zh\/wp-json\/wp\/v2\/media\/45482"}],"wp:attachment":[{"href":"https:\/\/konferenztechnik.de\/zh\/wp-json\/wp\/v2\/media?parent=9032"}],"curies":[{"name":"wp","href":"https:\/\/api.w.org\/{rel}","templated":true}]}}